{"id":27201,"date":"2026-01-08T08:38:32","date_gmt":"2026-01-08T07:38:32","guid":{"rendered":"https:\/\/www.acps-automotive.com\/?page_id=27201"},"modified":"2026-03-10T11:55:33","modified_gmt":"2026-03-10T10:55:33","slug":"sajto","status":"publish","type":"page","link":"https:\/\/www.acps-automotive.com\/hu\/vallalatok\/sajto\/","title":{"rendered":"Sajt\u00f3"},"content":{"rendered":"<div class=\"vgblk-rw-wrapper limit-wrapper\">\n\n\t<h1><strong>Sajt\u00f3<\/strong><br \/>\nH\u00edrek<\/h1>\n\t<img loading=\"lazy\" decoding=\"async\" src=\"https:\/\/www.acps-automotive.com\/wp-content\/uploads\/_media\/_allgemein\/pfeil-text-einleitung.png\" alt=\"Pfeil Text Einleitung\" width=\"46\" height=\"69\" \/><br \/>\nItt megtal\u00e1lja az ACPS Automotive \u00f6sszes sajt\u00f3k\u00f6zlem\u00e9ny\u00e9t PDF- vagy Zip-f\u00e1jlban (k\u00e9pek \u00e9s Word-f\u00e1jl) let\u00f6lthet\u0151 form\u00e1ban.\n\t<h3><strong>2024.08.01 |<\/strong> \u00daj vez\u00e9rigazgat\u00f3 a piacvezet\u0151 \u00e9s technol\u00f3giai vezet\u0151 ACPS Automotive p\u00f3tkocsi-felszerel\u00e9sek gy\u00e1rt\u00f3j\u00e1n\u00e1l<\/h3>\n<p><strong>V\u00e1ltoz\u00e1s az ACPS Automotive vezet\u00e9s\u00e9ben: Caspar Baumhauer vez\u00e9rigazgat\u00f3 hat \u00e9v ut\u00e1n t\u00e1vozik, hely\u00e9t Michael Weiss veszi \u00e1t.<\/strong><\/p>\n\t<p><a href=\"https:\/\/www.acps-automotive.com\/hu\/vallalatok\/sajto\/uj-vezerigazgato-a-piacvezeto-es-technologiai-vezeto-acps-automotive-potkocsi-felszerelesek-gyartojanal\/\" rel=\"noopener\">sajt\u00f3k\u00f6zlem\u00e9nyhez<\/a><\/p>\n\t<h3><strong>2024.04.08 |<\/strong> Az ACPS Automotive az Oris Automotive Systems (Kunshan) Ltd. alap\u00edt\u00e1s\u00e1val er\u0151s\u00edti glob\u00e1lis jelenl\u00e9t\u00e9t K\u00edn\u00e1ban<\/h3>\n<p><strong>2024. m\u00e1rcius 18-\u00e1n az ACPS Automotive az Oris Automotive Systems (Kunshan) Ltd. alap\u00edt\u00e1s\u00e1val fontos l\u00e9p\u00e9st tett annak \u00e9rdek\u00e9ben, hogy 2025-t\u0151l z\u00f6kken\u0151mentesen indulhasson a termel\u00e9s \u00faj k\u00ednai gy\u00e1r\u00e1ban.<\/strong><\/p>\n\t<p><a href=\"https:\/\/www.acps-automotive.com\/hu\/vallalatok\/sajto\/az-oris-automotive-systems-kunshan-alapitasa-kinaban\/\" rel=\"noopener\">sajt\u00f3k\u00f6zlem\u00e9nyhez<\/a><\/p>\n\t<h3><strong>2023.10.25 | <\/strong>Indul\u00e1s az \u00e9szak-amerikai ut\u00e1ngy\u00e1rtott alkatr\u00e9szpiacon<\/h3>\n<p><strong>Forgathat\u00f3 \u00e9s levehet\u0151 vev\u0151k\u00e9sz\u00fcl\u00e9kek: az ACPS Automotive pr\u00e9mium ORIS technol\u00f3gi\u00e1t hoz az \u00e9szak-amerikai ut\u00e1ngy\u00e1rtott alkatr\u00e9szpiacra.<\/strong><\/p>\n\t<p><a href=\"https:\/\/www.acps-automotive.com\/hu\/vallalatok\/sajto\/indulas-az-eszak-amerikai-utangyartott-alkatreszpiacon\/\" rel=\"noopener\">sajt\u00f3k\u00f6zlem\u00e9nyhez<\/a><\/p>\n\t<h3><strong>2023.04.18 |<\/strong> Az ACPS Automotive \u00c1zsi\u00e1ban is n\u00f6veked\u00e9sre t\u00f6rekszik: \u00faj telephely megnyit\u00e1sa Sanghajban<\/h3>\n<p><strong>Az ACPS Automotive, az eur\u00f3pai szem\u00e9lyg\u00e9pkocsik, SUV-k \u00e9s kisteheraut\u00f3k p\u00f3tkocsik\u00e9sz\u00fcl\u00e9keinek piacvezet\u0151 gy\u00e1rt\u00f3ja \u00e9s glob\u00e1lis szerepl\u0151, \u00c1zsi\u00e1ba is kiterjeszti tev\u00e9kenys\u00e9g\u00e9t, \u00e9s \u00e1prilis 18-\u00e1n \u00fcnnepli sanghaji, Pudong ker\u00fcletben tal\u00e1lhat\u00f3 \u00e9rt\u00e9kes\u00edt\u00e9si \u00e9s fejleszt\u00e9si telephely\u00e9nek hivatalos megnyit\u00e1s\u00e1t.<\/strong><\/p>\n\t<p><a href=\"https:\/\/www.acps-automotive.com\/hu\/vallalatok\/sajto\/uj-telephely-megnyitasa-sanghajban\/\" rel=\"noopener\">sajt\u00f3k\u00f6zlem\u00e9nyhez<\/a><\/p>\n\t<h3><strong>2023.03.07 |<\/strong> Az eur\u00f3pai utak k\u00e9szen \u00e1llnak az XPENG \u00faj elektromos SUV-j\u00e1ra, a G9-re &#8211; ACPS Automotive teljesen elektromos von\u00f3horoggal felszerelve<\/h3>\n<p><strong>Az \u00faj SUV-val a neh\u00e9z terhek vontat\u00e1sa \u00e9s sz\u00e1ll\u00edt\u00e1sa m\u00e1r nem jelent probl\u00e9m\u00e1t.<\/strong><\/p>\n\t<p><a href=\"https:\/\/www.acps-automotive.com\/hu\/vallalatok\/sajto\/elektromos-suv-g9\/\" rel=\"noopener\">sajt\u00f3k\u00f6zlem\u00e9nyhez<\/a><\/p>\n\t<h3><strong>2023.02.14 |<\/strong> Az ACPS Automotive megnyitja k\u00ednai telephely\u00e9t<\/h3>\n<p><strong>Az ACPS Automotive \u00c1zsi\u00e1ba terjeszkedik. Febru\u00e1rban a szem\u00e9lyg\u00e9pkocsik, SUV-k \u00e9s kisteheraut\u00f3k p\u00f3tkocsikhoz val\u00f3 von\u00f3horogjainak piac- \u00e9s technol\u00f3giai vezet\u0151je \u00e9rt\u00e9kes\u00edt\u00e9si \u00e9s fejleszt\u00e9si telephelyet nyitott a k\u00ednai Sanghaj Pudong ker\u00fclet\u00e9ben. Ez egy fontos l\u00e9p\u00e9s a m\u00e1r megl\u00e9v\u0151 \u00fczleti kapcsolatok meger\u0151s\u00edt\u00e9se \u00e9s tov\u00e1bbi b\u0151v\u00edt\u00e9se \u00e9rdek\u00e9ben K\u00edn\u00e1ban. \u201eK\u00edna strat\u00e9giai piac az ACPS Automotive sz\u00e1m\u00e1ra. Sok \u00fcgyfel\u00fcnk itt tal\u00e1lhat\u00f3, ez\u00e9rt fontos, hogy mi is jelen legy\u00fcnk a helysz\u00ednen&#8221; &#8211; nyilatkozta Caspar Baumhauer, az ACPS Automotive vez\u00e9rigazgat\u00f3ja.<\/strong><\/p>\n\t<p><a href=\"https:\/\/www.acps-automotive.com\/hu\/vallalatok\/sajto\/az-acps-automotive-megnyitja-kinai-telephelyet\/\" rel=\"noopener\">sajt\u00f3k\u00f6zlem\u00e9nyhez<\/a><\/p>\n\t<h3><strong>2022.09.22 |<\/strong> A pr\u00e9mium m\u00e1rka XPENG \u00faj G9 SUV-j\u00e1t a k\u00ednai piacra az ACPS Automotive teljesen elektromos, forgathat\u00f3 von\u00f3horoggal szereli fel<\/h3>\n<p><strong>Az \u00faj SUV nagy terhel\u00e9seket is k\u00e9pes felvenni.<\/strong><\/p>\n\t<p><a href=\"https:\/\/www.acps-automotive.com\/hu\/vallalatok\/sajto\/uj-suv-g9\/\" rel=\"noopener\">sajt\u00f3k\u00f6zlem\u00e9nyhez<\/a><\/p>\n\t<h3><strong>2022.09.05 |<\/strong> 30 \u00e9ves a gy\u00e1rt\u00f3\u00fczem Szent Egidien<\/h3>\n<p><strong>A p\u00f3tkocsi-von\u00f3horogok piacvezet\u0151 gy\u00e1rt\u00f3ja j\u00f3t\u00e9konys\u00e1gi c\u00e9llal \u00fcnnepli jubileum\u00e1t.<\/strong><\/p>\n\t<p><a href=\"https:\/\/www.acps-automotive.com\/hu\/vallalatok\/sajto\/30-eves-gyartouzem\/\" rel=\"noopener\">sajt\u00f3k\u00f6zlem\u00e9nyhez<\/a><\/p>\n\t<h3><strong>2022.02.17 |<\/strong> \u00daj term\u00e9k az ACPS Automotive-n\u00e1l<\/h3>\n<p><strong>Az \u00faj, teljesen elektromos, forgathat\u00f3 ORIS E3 rendszer &#8211; most \u00faj BMW 2-es Active Tourer v\u00e1s\u00e1rl\u00e1sakor p\u00f3tkocsi-csatlakoz\u00f3val egy\u00fctt kaphat\u00f3.<\/strong><\/p>\n\t<p><a href=\"https:\/\/www.acps-automotive.com\/hu\/vallalatok\/sajto\/uj-termek-az-acps-automotive-nal\/\" rel=\"noopener\">sajt\u00f3k\u00f6zlem\u00e9nyhez<\/a><\/p>\n\t<h3><strong>2021.09.16 |<\/strong> Az ACPS Automotive bemutatja a Motor Bella 2021 ki\u00e1ll\u00edt\u00e1son<\/h3>\n<p><strong>Von\u00f3horog-rendszerek amerikai aut\u00f3gy\u00e1rt\u00f3k sz\u00e1m\u00e1ra, mivel az aut\u00f3s utaz\u00e1sok, a kempingez\u00e9s, a ker\u00e9kp\u00e1roz\u00e1s \u00e9s a cs\u00f3nak\u00e1z\u00e1s egyre n\u00e9pszer\u0171bbek. Az egyed\u00fcl\u00e1ll\u00f3 von\u00f3horog-technol\u00f3gia z\u00f6kken\u0151mentesen integr\u00e1lhat\u00f3 a j\u00e1rm\u0171vekbe, \u00e9s egyszer\u0171 telep\u00edt\u00e9st biztos\u00edt a gy\u00e1rt\u00f3k sz\u00e1m\u00e1ra, valamint probl\u00e9mamentes haszn\u00e1latot.<\/strong><\/p>\n\t<p><a href=\"https:\/\/www.acps-automotive.com\/hu\/vallalatok\/sajto\/motor-bella-2021\/\" rel=\"noopener\">sajt\u00f3k\u00f6zlem\u00e9nyhez<\/a><\/p>\n\t<h3><strong>2019.07.31 |<\/strong> Az ACPS Automotive \u00faj \u00e9rt\u00e9kes\u00edt\u00e9si \u00e9s fejleszt\u00e9si telephelyet nyit Troyban\/Detroitban<\/h3>\n<p><strong>A von\u00f3szerkezet-specialista \u00fajabb l\u00e9p\u00e9st tesz n\u00f6veked\u00e9si strat\u00e9gi\u00e1j\u00e1nak megval\u00f3s\u00edt\u00e1sa fel\u00e9.<\/strong><\/p>\n\t<p><a href=\"https:\/\/www.acps-automotive.com\/hu\/vallalatok\/sajto\/uj-telephely-troy\/\" rel=\"noopener\">sajt\u00f3k\u00f6zlem\u00e9nyhez<\/a><\/p>\n\t<h3><strong>2019.07.02 |<\/strong> Els\u0151 kapav\u00e1g\u00e1s az ACPS Automotive \u00faj v\u00e1llalati k\u00f6zpontj\u00e1nak \u00e9s fejleszt\u00e9si k\u00f6zpontj\u00e1nak \u00e9p\u00edtkez\u00e9s\u00e9n<\/h3>\n<p><strong>Az ACPS Automotive ma \u00fcnnepelte Dr. Christian Su\u00dfner &#8211; Ludwigsburg megyei hivatal k\u00f6rnyezetv\u00e9delmi \u00e9s \u00e9p\u00edt\u00e9si oszt\u00e1ly\u00e1nak vezet\u0151je -, Volker Godel, Ingersheim polg\u00e1rmestere, J\u00fcrgen Kessing, Bietigheim-Bissingen polg\u00e1rmestere, Thomas S. Bopp, a Stuttgart Region\u00e1lis Sz\u00f6vets\u00e9g eln\u00f6ke, a munkat\u00e1rsak, a t\u00e1mogat\u00f3k, a Brand Real Estate \u00e9p\u00edttet\u0151 \u00e9s a Goldbeck S\u00fcd f\u0151v\u00e1llalkoz\u00f3 t\u00e1rsas\u00e1g.<\/strong><\/p>\n\t<p><a href=\"https:\/\/www.acps-automotive.com\/hu\/vallalatok\/sajto\/a-vallalat-kozpontjanak-alapkoletetele\/\" rel=\"noopener\">sajt\u00f3k\u00f6zlem\u00e9nyhez<\/a><\/p>\n\t<h3><strong>2018.12.03 |<\/strong> \u00daj vezet\u0151i poz\u00edci\u00f3k az ACPS Automotive-n\u00e1l<\/h3>\n<p><strong>Gerhard B\u00f6hm vez\u00e9rigazgat\u00f3 \u00e9s eln\u00f6k teljes m\u00e9rt\u00e9kben \u00e1t\u00e1ll a tan\u00e1csad\u00f3 test\u00fcletbe &#8211; a k\u00f6z\u00e9pv\u00e1llalat operat\u00edv \u00fcgyeit Caspar Baumhauer vezeti.<\/strong><\/p>\n\t<p><a href=\"https:\/\/www.acps-automotive.com\/hu\/vallalatok\/sajto\/uj-vezetoi-funkciok\/\" rel=\"noopener\">sajt\u00f3k\u00f6zlem\u00e9nyhez<\/a><\/p>\n\t<h3><strong>2018.05.02 |<\/strong> Az ACPS Automotive sikeres tulajdonosv\u00e1lt\u00e1s ut\u00e1n \u00faj m\u00e1rkastrat\u00e9gi\u00e1val \u00e9s er\u0151teljesebb nemzetk\u00f6zi orient\u00e1ci\u00f3val<\/h3>\n<p><strong>Az ACPS Automotive (eddig Bosal Automotive Carrier and Protection Systems GmbH) a TowerBrook Capital Partners L.P. (TowerBrook) sikeres befektet\u00e9se ut\u00e1n a j\u00f6v\u0151ben nemzetk\u00f6zi orient\u00e1ci\u00f3j\u00fav\u00e1 v\u00e1lik, \u00e9s er\u0151s\u00edti a v\u00e1llalat jelenl\u00e9t\u00e9t a fontos n\u00f6veked\u00e9si piacokon.<\/strong><\/p>\n\t<p><a href=\"https:\/\/www.acps-automotive.com\/hu\/vallalatok\/sajto\/uj-markastrategia\/\" rel=\"noopener\">sajt\u00f3k\u00f6zlem\u00e9nyhez<\/a><\/p>\n\t<h2><strong>Sajt\u00f3kapcsolat<br \/>\n<\/strong><\/h2>\n<strong>ACPS Automotive GmbH<\/strong><br \/>\nDagmar Hinz | Manager Communication &amp; Marketing<br \/>\nBertha-Benz-Str. 2, 74379 Ingersheim, N\u00e9metorsz\u00e1g\nTel.: +49 (0) 7142 9930-124<br \/>\nE-Mail: <a href=\"ma&#105;&#108;&#x74;&#x6f;&#x3a;&#x64;ag&#109;&#97;&#x72;&#x2e;&#x68;&#x69;nz&#64;&#97;&#99;&#x70;&#x73;&#x2d;&#x61;ut&#111;&#109;&#x6f;&#x74;&#x69;&#x76;e&#46;&#99;&#111;&#x6d;\">&#100;a&#x67;m&#x61;&#114;&#x2e;&#104;&#x69;&#110;z&#x40;a&#x63;&#112;&#x73;&#45;&#x61;&#117;&#x74;&#111;m&#x6f;t&#x69;&#118;&#x65;&#46;&#x63;&#111;m<\/a>\n\n<\/div><!-- .vgblk-rw-wrapper -->","protected":false},"excerpt":{"rendered":"<p>Sajt\u00f3 H\u00edrek Itt megtal\u00e1lja az ACPS Automotive \u00f6sszes sajt\u00f3k\u00f6zlem\u00e9ny\u00e9t PDF- vagy Zip-f\u00e1jlban (k\u00e9pek \u00e9s Word-f\u00e1jl) let\u00f6lthet\u0151 form\u00e1ban. 2024.08.01 | \u00daj vez\u00e9rigazgat\u00f3 a piacvezet\u0151 \u00e9s technol\u00f3giai vezet\u0151 ACPS Automotive p\u00f3tkocsi-felszerel\u00e9sek gy\u00e1rt\u00f3j\u00e1n\u00e1l V\u00e1ltoz\u00e1s az ACPS Automotive vezet\u00e9s\u00e9ben: Caspar Baumhauer vez\u00e9rigazgat\u00f3 hat \u00e9v ut\u00e1n t\u00e1vozik, hely\u00e9t Michael Weiss veszi \u00e1t. sajt\u00f3k\u00f6zlem\u00e9nyhez 2024.04.08 | Az ACPS Automotive az Oris&#8230;<\/p>\n","protected":false},"author":8,"featured_media":0,"parent":28081,"menu_order":7,"comment_status":"closed","ping_status":"closed","template":"","meta":{"inline_featured_image":false,"_price":"","_stock":"","_tribe_ticket_header":"","_tribe_default_ticket_provider":"","_tribe_ticket_capacity":"0","_ticket_start_date":"","_ticket_end_date":"","_tribe_ticket_show_description":"","_tribe_ticket_show_not_going":false,"_tribe_ticket_use_global_stock":"","_tribe_ticket_global_stock_level":"","_global_stock_mode":"","_global_stock_cap":"","_tribe_rsvp_for_event":"","_tribe_ticket_going_count":"","_tribe_ticket_not_going_count":"","_tribe_tickets_list":"[]","_tribe_ticket_has_attendee_info_fields":false,"footnotes":""},"class_list":["post-27201","page","type-page","status-publish","hentry"],"yoast_head":"<!-- This site is optimized with the Yoast SEO plugin v27.2 - https:\/\/yoast.com\/product\/yoast-seo-wordpress\/ -->\n<title>Sajt\u00f3 | ACPS Automotive<\/title>\n<meta name=\"description\" content=\"Itt tal\u00e1lja az ACPS Automotive legfrissebb sajt\u00f3k\u00f6zlem\u00e9nyeit. \u25baRengeteg hasznos inform\u00e1ci\u00f3 az \u00d6n sz\u00e1m\u00e1ra.\" \/>\n<meta name=\"robots\" content=\"index, follow, max-snippet:-1, max-image-preview:large, max-video-preview:-1\" \/>\n<link rel=\"canonical\" href=\"https:\/\/www.acps-automotive.com\/hu\/vallalatok\/sajto\/\" \/>\n<meta property=\"og:locale\" content=\"hu_HU\" \/>\n<meta property=\"og:type\" content=\"article\" \/>\n<meta property=\"og:title\" content=\"Sajt\u00f3 | ACPS Automotive\" \/>\n<meta property=\"og:description\" content=\"Itt tal\u00e1lja az ACPS Automotive legfrissebb sajt\u00f3k\u00f6zlem\u00e9nyeit. \u25baRengeteg hasznos inform\u00e1ci\u00f3 az \u00d6n sz\u00e1m\u00e1ra.\" \/>\n<meta property=\"og:url\" content=\"https:\/\/www.acps-automotive.com\/hu\/vallalatok\/sajto\/\" \/>\n<meta property=\"og:site_name\" content=\"ACPS Automotive GmbH\" \/>\n<meta property=\"article:modified_time\" content=\"2026-03-10T10:55:33+00:00\" \/>\n<meta property=\"og:image\" content=\"https:\/\/www.acps-automotive.com\/wp-content\/uploads\/_media\/_allgemein\/pfeil-text-einleitung.png\" \/>\n<meta name=\"twitter:card\" content=\"summary_large_image\" \/>\n<meta name=\"twitter:site\" content=\"@ACPS_Automotive\" \/>\n<meta name=\"twitter:label1\" content=\"Becs\u00fclt olvas\u00e1si id\u0151\" \/>\n\t<meta name=\"twitter:data1\" content=\"4 perc\" \/>\n<script type=\"application\/ld+json\" class=\"yoast-schema-graph\">{\"@context\":\"https:\/\/schema.org\",\"@graph\":[{\"@type\":\"WebPage\",\"@id\":\"https:\/\/www.acps-automotive.com\/hu\/vallalatok\/sajto\/\",\"url\":\"https:\/\/www.acps-automotive.com\/hu\/vallalatok\/sajto\/\",\"name\":\"Sajt\u00f3 | ACPS Automotive\",\"isPartOf\":{\"@id\":\"https:\/\/www.acps-automotive.com\/hu\/#website\"},\"primaryImageOfPage\":{\"@id\":\"https:\/\/www.acps-automotive.com\/hu\/vallalatok\/sajto\/#primaryimage\"},\"image\":{\"@id\":\"https:\/\/www.acps-automotive.com\/hu\/vallalatok\/sajto\/#primaryimage\"},\"thumbnailUrl\":\"https:\/\/www.acps-automotive.com\/wp-content\/uploads\/_media\/_allgemein\/pfeil-text-einleitung.png\",\"datePublished\":\"2026-01-08T07:38:32+00:00\",\"dateModified\":\"2026-03-10T10:55:33+00:00\",\"description\":\"Itt tal\u00e1lja az ACPS Automotive legfrissebb sajt\u00f3k\u00f6zlem\u00e9nyeit. \u25baRengeteg hasznos inform\u00e1ci\u00f3 az \u00d6n sz\u00e1m\u00e1ra.\",\"breadcrumb\":{\"@id\":\"https:\/\/www.acps-automotive.com\/hu\/vallalatok\/sajto\/#breadcrumb\"},\"inLanguage\":\"hu\",\"potentialAction\":[{\"@type\":\"ReadAction\",\"target\":[\"https:\/\/www.acps-automotive.com\/hu\/vallalatok\/sajto\/\"]}]},{\"@type\":\"ImageObject\",\"inLanguage\":\"hu\",\"@id\":\"https:\/\/www.acps-automotive.com\/hu\/vallalatok\/sajto\/#primaryimage\",\"url\":\"https:\/\/www.acps-automotive.com\/wp-content\/uploads\/_media\/_allgemein\/pfeil-text-einleitung.png\",\"contentUrl\":\"https:\/\/www.acps-automotive.com\/wp-content\/uploads\/_media\/_allgemein\/pfeil-text-einleitung.png\"},{\"@type\":\"BreadcrumbList\",\"@id\":\"https:\/\/www.acps-automotive.com\/hu\/vallalatok\/sajto\/#breadcrumb\",\"itemListElement\":[{\"@type\":\"ListItem\",\"position\":1,\"name\":\"Startseite\",\"item\":\"https:\/\/www.acps-automotive.com\/hu\/\"},{\"@type\":\"ListItem\",\"position\":2,\"name\":\"V\u00e1llalatok\",\"item\":\"https:\/\/www.acps-automotive.com\/hu\/vallalatok\/\"},{\"@type\":\"ListItem\",\"position\":3,\"name\":\"Sajt\u00f3\"}]},{\"@type\":\"WebSite\",\"@id\":\"https:\/\/www.acps-automotive.com\/hu\/#website\",\"url\":\"https:\/\/www.acps-automotive.com\/hu\/\",\"name\":\"ACPS Automotive GmbH\",\"description\":\"Innovative Anh\u00e4ngekupplungen\",\"publisher\":{\"@id\":\"https:\/\/www.acps-automotive.com\/hu\/#organization\"},\"potentialAction\":[{\"@type\":\"SearchAction\",\"target\":{\"@type\":\"EntryPoint\",\"urlTemplate\":\"https:\/\/www.acps-automotive.com\/hu\/?s={search_term_string}\"},\"query-input\":{\"@type\":\"PropertyValueSpecification\",\"valueRequired\":true,\"valueName\":\"search_term_string\"}}],\"inLanguage\":\"hu\"},{\"@type\":\"Organization\",\"@id\":\"https:\/\/www.acps-automotive.com\/hu\/#organization\",\"name\":\"ACPS Automotive GmbH\",\"url\":\"https:\/\/www.acps-automotive.com\/hu\/\",\"logo\":{\"@type\":\"ImageObject\",\"inLanguage\":\"hu\",\"@id\":\"https:\/\/www.acps-automotive.com\/hu\/#\/schema\/logo\/image\/\",\"url\":\"https:\/\/www.acps-automotive.com\/wp-content\/uploads\/_media\/_allgemein\/Logo-Footer-ACPS-Automotive.png\",\"contentUrl\":\"https:\/\/www.acps-automotive.com\/wp-content\/uploads\/_media\/_allgemein\/Logo-Footer-ACPS-Automotive.png\",\"width\":239,\"height\":32,\"caption\":\"ACPS Automotive GmbH\"},\"image\":{\"@id\":\"https:\/\/www.acps-automotive.com\/hu\/#\/schema\/logo\/image\/\"},\"sameAs\":[\"https:\/\/x.com\/ACPS_Automotive\",\"https:\/\/www.linkedin.com\/company\/acps-automotive-gmbh\/\",\"https:\/\/www.instagram.com\/acps_ausbildung\/\",\"https:\/\/www.youtube.com\/channel\/UC2jxrgWwpxpkay2aHWV5SaQ\"]}]}<\/script>\n<!-- \/ Yoast SEO plugin. -->","yoast_head_json":{"title":"Sajt\u00f3 | ACPS Automotive","description":"Itt tal\u00e1lja az ACPS Automotive legfrissebb sajt\u00f3k\u00f6zlem\u00e9nyeit. \u25baRengeteg hasznos inform\u00e1ci\u00f3 az \u00d6n sz\u00e1m\u00e1ra.","robots":{"index":"index","follow":"follow","max-snippet":"max-snippet:-1","max-image-preview":"max-image-preview:large","max-video-preview":"max-video-preview:-1"},"canonical":"https:\/\/www.acps-automotive.com\/hu\/vallalatok\/sajto\/","og_locale":"hu_HU","og_type":"article","og_title":"Sajt\u00f3 | ACPS Automotive","og_description":"Itt tal\u00e1lja az ACPS Automotive legfrissebb sajt\u00f3k\u00f6zlem\u00e9nyeit. \u25baRengeteg hasznos inform\u00e1ci\u00f3 az \u00d6n sz\u00e1m\u00e1ra.","og_url":"https:\/\/www.acps-automotive.com\/hu\/vallalatok\/sajto\/","og_site_name":"ACPS Automotive GmbH","article_modified_time":"2026-03-10T10:55:33+00:00","og_image":[{"url":"https:\/\/www.acps-automotive.com\/wp-content\/uploads\/_media\/_allgemein\/pfeil-text-einleitung.png","type":"","width":"","height":""}],"twitter_card":"summary_large_image","twitter_site":"@ACPS_Automotive","twitter_misc":{"Becs\u00fclt olvas\u00e1si id\u0151":"4 perc"},"schema":{"@context":"https:\/\/schema.org","@graph":[{"@type":"WebPage","@id":"https:\/\/www.acps-automotive.com\/hu\/vallalatok\/sajto\/","url":"https:\/\/www.acps-automotive.com\/hu\/vallalatok\/sajto\/","name":"Sajt\u00f3 | ACPS Automotive","isPartOf":{"@id":"https:\/\/www.acps-automotive.com\/hu\/#website"},"primaryImageOfPage":{"@id":"https:\/\/www.acps-automotive.com\/hu\/vallalatok\/sajto\/#primaryimage"},"image":{"@id":"https:\/\/www.acps-automotive.com\/hu\/vallalatok\/sajto\/#primaryimage"},"thumbnailUrl":"https:\/\/www.acps-automotive.com\/wp-content\/uploads\/_media\/_allgemein\/pfeil-text-einleitung.png","datePublished":"2026-01-08T07:38:32+00:00","dateModified":"2026-03-10T10:55:33+00:00","description":"Itt tal\u00e1lja az ACPS Automotive legfrissebb sajt\u00f3k\u00f6zlem\u00e9nyeit. \u25baRengeteg hasznos inform\u00e1ci\u00f3 az \u00d6n sz\u00e1m\u00e1ra.","breadcrumb":{"@id":"https:\/\/www.acps-automotive.com\/hu\/vallalatok\/sajto\/#breadcrumb"},"inLanguage":"hu","potentialAction":[{"@type":"ReadAction","target":["https:\/\/www.acps-automotive.com\/hu\/vallalatok\/sajto\/"]}]},{"@type":"ImageObject","inLanguage":"hu","@id":"https:\/\/www.acps-automotive.com\/hu\/vallalatok\/sajto\/#primaryimage","url":"https:\/\/www.acps-automotive.com\/wp-content\/uploads\/_media\/_allgemein\/pfeil-text-einleitung.png","contentUrl":"https:\/\/www.acps-automotive.com\/wp-content\/uploads\/_media\/_allgemein\/pfeil-text-einleitung.png"},{"@type":"BreadcrumbList","@id":"https:\/\/www.acps-automotive.com\/hu\/vallalatok\/sajto\/#breadcrumb","itemListElement":[{"@type":"ListItem","position":1,"name":"Startseite","item":"https:\/\/www.acps-automotive.com\/hu\/"},{"@type":"ListItem","position":2,"name":"V\u00e1llalatok","item":"https:\/\/www.acps-automotive.com\/hu\/vallalatok\/"},{"@type":"ListItem","position":3,"name":"Sajt\u00f3"}]},{"@type":"WebSite","@id":"https:\/\/www.acps-automotive.com\/hu\/#website","url":"https:\/\/www.acps-automotive.com\/hu\/","name":"ACPS Automotive GmbH","description":"Innovative Anh\u00e4ngekupplungen","publisher":{"@id":"https:\/\/www.acps-automotive.com\/hu\/#organization"},"potentialAction":[{"@type":"SearchAction","target":{"@type":"EntryPoint","urlTemplate":"https:\/\/www.acps-automotive.com\/hu\/?s={search_term_string}"},"query-input":{"@type":"PropertyValueSpecification","valueRequired":true,"valueName":"search_term_string"}}],"inLanguage":"hu"},{"@type":"Organization","@id":"https:\/\/www.acps-automotive.com\/hu\/#organization","name":"ACPS Automotive GmbH","url":"https:\/\/www.acps-automotive.com\/hu\/","logo":{"@type":"ImageObject","inLanguage":"hu","@id":"https:\/\/www.acps-automotive.com\/hu\/#\/schema\/logo\/image\/","url":"https:\/\/www.acps-automotive.com\/wp-content\/uploads\/_media\/_allgemein\/Logo-Footer-ACPS-Automotive.png","contentUrl":"https:\/\/www.acps-automotive.com\/wp-content\/uploads\/_media\/_allgemein\/Logo-Footer-ACPS-Automotive.png","width":239,"height":32,"caption":"ACPS Automotive GmbH"},"image":{"@id":"https:\/\/www.acps-automotive.com\/hu\/#\/schema\/logo\/image\/"},"sameAs":["https:\/\/x.com\/ACPS_Automotive","https:\/\/www.linkedin.com\/company\/acps-automotive-gmbh\/","https:\/\/www.instagram.com\/acps_ausbildung\/","https:\/\/www.youtube.com\/channel\/UC2jxrgWwpxpkay2aHWV5SaQ"]}]}},"_links":{"self":[{"href":"https:\/\/www.acps-automotive.com\/hu\/wp-json\/wp\/v2\/pages\/27201","targetHints":{"allow":["GET"]}}],"collection":[{"href":"https:\/\/www.acps-automotive.com\/hu\/wp-json\/wp\/v2\/pages"}],"about":[{"href":"https:\/\/www.acps-automotive.com\/hu\/wp-json\/wp\/v2\/types\/page"}],"author":[{"embeddable":true,"href":"https:\/\/www.acps-automotive.com\/hu\/wp-json\/wp\/v2\/users\/8"}],"replies":[{"embeddable":true,"href":"https:\/\/www.acps-automotive.com\/hu\/wp-json\/wp\/v2\/comments?post=27201"}],"version-history":[{"count":10,"href":"https:\/\/www.acps-automotive.com\/hu\/wp-json\/wp\/v2\/pages\/27201\/revisions"}],"predecessor-version":[{"id":29622,"href":"https:\/\/www.acps-automotive.com\/hu\/wp-json\/wp\/v2\/pages\/27201\/revisions\/29622"}],"up":[{"embeddable":true,"href":"https:\/\/www.acps-automotive.com\/hu\/wp-json\/wp\/v2\/pages\/28081"}],"wp:attachment":[{"href":"https:\/\/www.acps-automotive.com\/hu\/wp-json\/wp\/v2\/media?parent=27201"}],"curies":[{"name":"wp","href":"https:\/\/api.w.org\/{rel}","templated":true}]}}