{"id":27122,"date":"2025-12-17T10:10:42","date_gmt":"2025-12-17T09:10:42","guid":{"rendered":"https:\/\/www.acps-automotive.com\/?page_id=27122"},"modified":"2026-03-10T12:03:31","modified_gmt":"2026-03-10T11:03:31","slug":"hallgatok","status":"publish","type":"page","link":"https:\/\/www.acps-automotive.com\/hu\/karrier\/hallgatok\/","title":{"rendered":"Hallgat\u00f3k"},"content":{"rendered":"<div class=\"vgblk-rw-wrapper limit-wrapper\">\n\n\t<h1><strong>Az \u00d6n bel\u00e9p\u00e9se<\/strong><br \/>\nhallgat\u00f3k\u00e9nt<\/h1>\n\t<img loading=\"lazy\" decoding=\"async\" src=\"https:\/\/www.acps-automotive.com\/wp-content\/uploads\/_media\/_allgemein\/pfeil-text-einleitung.png\" alt=\"Pfeil Text Einleitung\" width=\"46\" height=\"69\" \/><br \/>\nV\u00e1llaljon \u00faj kih\u00edv\u00e1sokat, \u00e9s kezdjen el dolgozni Eur\u00f3pa vezet\u0151 p\u00f3tkocsi-felszerel\u00e9sek gy\u00e1rt\u00f3j\u00e1n\u00e1l!\n\t<p><img loading=\"lazy\" decoding=\"async\" src=\"https:\/\/www.acps-automotive.com\/wp-content\/uploads\/_media\/karriere\/studenten\/studenten01.jpg\" alt=\"Studenten\" width=\"650\" height=\"400\" \/><\/p>\n\t<p><img loading=\"lazy\" decoding=\"async\" src=\"https:\/\/www.acps-automotive.com\/wp-content\/uploads\/_media\/karriere\/studenten\/martin-plocher.jpg\" alt=\"Martin Plocher\" width=\"650\" height=\"400\" \/><\/p>\n\t\u201eMindig is gyakorlatias technikai probl\u00e9m\u00e1kat akartam megoldani, \u00e9s pontosan ezt tudom megval\u00f3s\u00edtani az ACPS Automotive-n\u00e1l.&#8221;<br \/>\nMartin Plocher, hallgat\u00f3\n\t<h4><strong>A elm\u00e9letet gyakorlattal kieg\u00e9sz\u00edteni<\/strong><br \/>\nTud\u00e1s \u00e9s elk\u00f6telezetts\u00e9g<\/h4>\n\tHa szakmai gyakorlaton vesz r\u00e9szt n\u00e1lunk, vagy diplomamunk\u00e1j\u00e1t az ACPS Automotive-n\u00e1l \u00edrja, \u00f6r\u00f6mmel fogadjuk jelentkez\u00e9s\u00e9t. N\u00e1lunk megtapasztalhatja, milyen nagy felel\u0151ss\u00e9ggel j\u00e1r egy nemzetk\u00f6zi v\u00e1llalatn\u00e1l dolgozni. \u00cdgy kipr\u00f3b\u00e1lhatja k\u00e9pess\u00e9geit a gyakorlatban \u00e9s b\u0151v\u00edtheti tud\u00e1s\u00e1t.<br \/>\n\u00d6r\u00f6mmel fogadjuk \u00f6n\u00e9letrajz\u00e1t, amelyben megjel\u00f6li a k\u00edv\u00e1nt szakter\u00fcletet &#8211; mi pedig megvizsg\u00e1ljuk azt. Vagy jelentkezhet egy konkr\u00e9t t\u00e9m\u00e1ra.<br \/>\nA jelenleg meghirdetett du\u00e1lis k\u00e9pz\u00e9sek \u00e9s szakdolgozatok megtal\u00e1lhat\u00f3k <a href=\"https:\/\/careers.acps-automotive.com\/?locale=hu_HU\" target=\"_blank\" rel=\"noopener\">\u00e1ll\u00e1saj\u00e1nlataink<\/a> k\u00f6z\u00f6tt.\n\n<\/div><!-- .vgblk-rw-wrapper -->","protected":false},"excerpt":{"rendered":"<p>Az \u00d6n bel\u00e9p\u00e9se hallgat\u00f3k\u00e9nt V\u00e1llaljon \u00faj kih\u00edv\u00e1sokat, \u00e9s kezdjen el dolgozni Eur\u00f3pa vezet\u0151 p\u00f3tkocsi-felszerel\u00e9sek gy\u00e1rt\u00f3j\u00e1n\u00e1l! \u201eMindig is gyakorlatias technikai probl\u00e9m\u00e1kat akartam megoldani, \u00e9s pontosan ezt tudom megval\u00f3s\u00edtani az ACPS Automotive-n\u00e1l.&#8221; Martin Plocher, hallgat\u00f3 A elm\u00e9letet gyakorlattal kieg\u00e9sz\u00edteni Tud\u00e1s \u00e9s elk\u00f6telezetts\u00e9g Ha szakmai gyakorlaton vesz r\u00e9szt n\u00e1lunk, vagy diplomamunk\u00e1j\u00e1t az ACPS Automotive-n\u00e1l \u00edrja, \u00f6r\u00f6mmel fogadjuk jelentkez\u00e9s\u00e9t&#8230;.<\/p>\n","protected":false},"author":8,"featured_media":0,"parent":28085,"menu_order":0,"comment_status":"closed","ping_status":"closed","template":"","meta":{"inline_featured_image":false,"_price":"","_stock":"","_tribe_ticket_header":"","_tribe_default_ticket_provider":"","_tribe_ticket_capacity":"0","_ticket_start_date":"","_ticket_end_date":"","_tribe_ticket_show_description":"","_tribe_ticket_show_not_going":false,"_tribe_ticket_use_global_stock":"","_tribe_ticket_global_stock_level":"","_global_stock_mode":"","_global_stock_cap":"","_tribe_rsvp_for_event":"","_tribe_ticket_going_count":"","_tribe_ticket_not_going_count":"","_tribe_tickets_list":"[]","_tribe_ticket_has_attendee_info_fields":false,"footnotes":""},"class_list":["post-27122","page","type-page","status-publish","hentry"],"yoast_head":"<!-- This site is optimized with the Yoast SEO plugin v27.2 - https:\/\/yoast.com\/product\/yoast-seo-wordpress\/ -->\n<title>Hallgat\u00f3k ACPS Automotive<\/title>\n<meta name=\"description\" content=\"Gyakornoki poz\u00edci\u00f3 vagy diplomamunka a p\u00f3tkocsi-vontat\u00f3k piacvezet\u0151j\u00e9n\u00e9l. \u25baItt j\u00f3 helyen j\u00e1r!\" \/>\n<meta name=\"robots\" content=\"index, follow, max-snippet:-1, max-image-preview:large, max-video-preview:-1\" \/>\n<link rel=\"canonical\" href=\"https:\/\/www.acps-automotive.com\/hu\/karrier\/hallgatok\/\" \/>\n<meta property=\"og:locale\" content=\"hu_HU\" \/>\n<meta property=\"og:type\" content=\"article\" \/>\n<meta property=\"og:title\" content=\"Hallgat\u00f3k ACPS Automotive\" \/>\n<meta property=\"og:description\" content=\"Gyakornoki poz\u00edci\u00f3 vagy diplomamunka a p\u00f3tkocsi-vontat\u00f3k piacvezet\u0151j\u00e9n\u00e9l. \u25baItt j\u00f3 helyen j\u00e1r!\" \/>\n<meta property=\"og:url\" content=\"https:\/\/www.acps-automotive.com\/hu\/karrier\/hallgatok\/\" \/>\n<meta property=\"og:site_name\" content=\"ACPS Automotive GmbH\" \/>\n<meta property=\"article:modified_time\" content=\"2026-03-10T11:03:31+00:00\" \/>\n<meta property=\"og:image\" content=\"https:\/\/www.acps-automotive.com\/wp-content\/uploads\/_media\/_allgemein\/pfeil-text-einleitung.png\" \/>\n<meta name=\"twitter:card\" content=\"summary_large_image\" \/>\n<meta name=\"twitter:site\" content=\"@ACPS_Automotive\" \/>\n<meta name=\"twitter:label1\" content=\"Becs\u00fclt olvas\u00e1si id\u0151\" \/>\n\t<meta name=\"twitter:data1\" content=\"2 perc\" \/>\n<script type=\"application\/ld+json\" class=\"yoast-schema-graph\">{\"@context\":\"https:\/\/schema.org\",\"@graph\":[{\"@type\":\"WebPage\",\"@id\":\"https:\/\/www.acps-automotive.com\/hu\/karrier\/hallgatok\/\",\"url\":\"https:\/\/www.acps-automotive.com\/hu\/karrier\/hallgatok\/\",\"name\":\"Hallgat\u00f3k ACPS Automotive\",\"isPartOf\":{\"@id\":\"https:\/\/www.acps-automotive.com\/hu\/#website\"},\"primaryImageOfPage\":{\"@id\":\"https:\/\/www.acps-automotive.com\/hu\/karrier\/hallgatok\/#primaryimage\"},\"image\":{\"@id\":\"https:\/\/www.acps-automotive.com\/hu\/karrier\/hallgatok\/#primaryimage\"},\"thumbnailUrl\":\"https:\/\/www.acps-automotive.com\/wp-content\/uploads\/_media\/_allgemein\/pfeil-text-einleitung.png\",\"datePublished\":\"2025-12-17T09:10:42+00:00\",\"dateModified\":\"2026-03-10T11:03:31+00:00\",\"description\":\"Gyakornoki poz\u00edci\u00f3 vagy diplomamunka a p\u00f3tkocsi-vontat\u00f3k piacvezet\u0151j\u00e9n\u00e9l. \u25baItt j\u00f3 helyen j\u00e1r!\",\"breadcrumb\":{\"@id\":\"https:\/\/www.acps-automotive.com\/hu\/karrier\/hallgatok\/#breadcrumb\"},\"inLanguage\":\"hu\",\"potentialAction\":[{\"@type\":\"ReadAction\",\"target\":[\"https:\/\/www.acps-automotive.com\/hu\/karrier\/hallgatok\/\"]}]},{\"@type\":\"ImageObject\",\"inLanguage\":\"hu\",\"@id\":\"https:\/\/www.acps-automotive.com\/hu\/karrier\/hallgatok\/#primaryimage\",\"url\":\"https:\/\/www.acps-automotive.com\/wp-content\/uploads\/_media\/_allgemein\/pfeil-text-einleitung.png\",\"contentUrl\":\"https:\/\/www.acps-automotive.com\/wp-content\/uploads\/_media\/_allgemein\/pfeil-text-einleitung.png\"},{\"@type\":\"BreadcrumbList\",\"@id\":\"https:\/\/www.acps-automotive.com\/hu\/karrier\/hallgatok\/#breadcrumb\",\"itemListElement\":[{\"@type\":\"ListItem\",\"position\":1,\"name\":\"Startseite\",\"item\":\"https:\/\/www.acps-automotive.com\/hu\/\"},{\"@type\":\"ListItem\",\"position\":2,\"name\":\"Karrier\",\"item\":\"https:\/\/www.acps-automotive.com\/hu\/karrier\/\"},{\"@type\":\"ListItem\",\"position\":3,\"name\":\"Hallgat\u00f3k\"}]},{\"@type\":\"WebSite\",\"@id\":\"https:\/\/www.acps-automotive.com\/hu\/#website\",\"url\":\"https:\/\/www.acps-automotive.com\/hu\/\",\"name\":\"ACPS Automotive GmbH\",\"description\":\"Innovative Anh\u00e4ngekupplungen\",\"publisher\":{\"@id\":\"https:\/\/www.acps-automotive.com\/hu\/#organization\"},\"potentialAction\":[{\"@type\":\"SearchAction\",\"target\":{\"@type\":\"EntryPoint\",\"urlTemplate\":\"https:\/\/www.acps-automotive.com\/hu\/?s={search_term_string}\"},\"query-input\":{\"@type\":\"PropertyValueSpecification\",\"valueRequired\":true,\"valueName\":\"search_term_string\"}}],\"inLanguage\":\"hu\"},{\"@type\":\"Organization\",\"@id\":\"https:\/\/www.acps-automotive.com\/hu\/#organization\",\"name\":\"ACPS Automotive GmbH\",\"url\":\"https:\/\/www.acps-automotive.com\/hu\/\",\"logo\":{\"@type\":\"ImageObject\",\"inLanguage\":\"hu\",\"@id\":\"https:\/\/www.acps-automotive.com\/hu\/#\/schema\/logo\/image\/\",\"url\":\"https:\/\/www.acps-automotive.com\/wp-content\/uploads\/_media\/_allgemein\/Logo-Footer-ACPS-Automotive.png\",\"contentUrl\":\"https:\/\/www.acps-automotive.com\/wp-content\/uploads\/_media\/_allgemein\/Logo-Footer-ACPS-Automotive.png\",\"width\":239,\"height\":32,\"caption\":\"ACPS Automotive GmbH\"},\"image\":{\"@id\":\"https:\/\/www.acps-automotive.com\/hu\/#\/schema\/logo\/image\/\"},\"sameAs\":[\"https:\/\/x.com\/ACPS_Automotive\",\"https:\/\/www.linkedin.com\/company\/acps-automotive-gmbh\/\",\"https:\/\/www.instagram.com\/acps_ausbildung\/\",\"https:\/\/www.youtube.com\/channel\/UC2jxrgWwpxpkay2aHWV5SaQ\"]}]}<\/script>\n<!-- \/ Yoast SEO plugin. -->","yoast_head_json":{"title":"Hallgat\u00f3k ACPS Automotive","description":"Gyakornoki poz\u00edci\u00f3 vagy diplomamunka a p\u00f3tkocsi-vontat\u00f3k piacvezet\u0151j\u00e9n\u00e9l. \u25baItt j\u00f3 helyen j\u00e1r!","robots":{"index":"index","follow":"follow","max-snippet":"max-snippet:-1","max-image-preview":"max-image-preview:large","max-video-preview":"max-video-preview:-1"},"canonical":"https:\/\/www.acps-automotive.com\/hu\/karrier\/hallgatok\/","og_locale":"hu_HU","og_type":"article","og_title":"Hallgat\u00f3k ACPS Automotive","og_description":"Gyakornoki poz\u00edci\u00f3 vagy diplomamunka a p\u00f3tkocsi-vontat\u00f3k piacvezet\u0151j\u00e9n\u00e9l. \u25baItt j\u00f3 helyen j\u00e1r!","og_url":"https:\/\/www.acps-automotive.com\/hu\/karrier\/hallgatok\/","og_site_name":"ACPS Automotive GmbH","article_modified_time":"2026-03-10T11:03:31+00:00","og_image":[{"url":"https:\/\/www.acps-automotive.com\/wp-content\/uploads\/_media\/_allgemein\/pfeil-text-einleitung.png","type":"","width":"","height":""}],"twitter_card":"summary_large_image","twitter_site":"@ACPS_Automotive","twitter_misc":{"Becs\u00fclt olvas\u00e1si id\u0151":"2 perc"},"schema":{"@context":"https:\/\/schema.org","@graph":[{"@type":"WebPage","@id":"https:\/\/www.acps-automotive.com\/hu\/karrier\/hallgatok\/","url":"https:\/\/www.acps-automotive.com\/hu\/karrier\/hallgatok\/","name":"Hallgat\u00f3k ACPS Automotive","isPartOf":{"@id":"https:\/\/www.acps-automotive.com\/hu\/#website"},"primaryImageOfPage":{"@id":"https:\/\/www.acps-automotive.com\/hu\/karrier\/hallgatok\/#primaryimage"},"image":{"@id":"https:\/\/www.acps-automotive.com\/hu\/karrier\/hallgatok\/#primaryimage"},"thumbnailUrl":"https:\/\/www.acps-automotive.com\/wp-content\/uploads\/_media\/_allgemein\/pfeil-text-einleitung.png","datePublished":"2025-12-17T09:10:42+00:00","dateModified":"2026-03-10T11:03:31+00:00","description":"Gyakornoki poz\u00edci\u00f3 vagy diplomamunka a p\u00f3tkocsi-vontat\u00f3k piacvezet\u0151j\u00e9n\u00e9l. \u25baItt j\u00f3 helyen j\u00e1r!","breadcrumb":{"@id":"https:\/\/www.acps-automotive.com\/hu\/karrier\/hallgatok\/#breadcrumb"},"inLanguage":"hu","potentialAction":[{"@type":"ReadAction","target":["https:\/\/www.acps-automotive.com\/hu\/karrier\/hallgatok\/"]}]},{"@type":"ImageObject","inLanguage":"hu","@id":"https:\/\/www.acps-automotive.com\/hu\/karrier\/hallgatok\/#primaryimage","url":"https:\/\/www.acps-automotive.com\/wp-content\/uploads\/_media\/_allgemein\/pfeil-text-einleitung.png","contentUrl":"https:\/\/www.acps-automotive.com\/wp-content\/uploads\/_media\/_allgemein\/pfeil-text-einleitung.png"},{"@type":"BreadcrumbList","@id":"https:\/\/www.acps-automotive.com\/hu\/karrier\/hallgatok\/#breadcrumb","itemListElement":[{"@type":"ListItem","position":1,"name":"Startseite","item":"https:\/\/www.acps-automotive.com\/hu\/"},{"@type":"ListItem","position":2,"name":"Karrier","item":"https:\/\/www.acps-automotive.com\/hu\/karrier\/"},{"@type":"ListItem","position":3,"name":"Hallgat\u00f3k"}]},{"@type":"WebSite","@id":"https:\/\/www.acps-automotive.com\/hu\/#website","url":"https:\/\/www.acps-automotive.com\/hu\/","name":"ACPS Automotive GmbH","description":"Innovative Anh\u00e4ngekupplungen","publisher":{"@id":"https:\/\/www.acps-automotive.com\/hu\/#organization"},"potentialAction":[{"@type":"SearchAction","target":{"@type":"EntryPoint","urlTemplate":"https:\/\/www.acps-automotive.com\/hu\/?s={search_term_string}"},"query-input":{"@type":"PropertyValueSpecification","valueRequired":true,"valueName":"search_term_string"}}],"inLanguage":"hu"},{"@type":"Organization","@id":"https:\/\/www.acps-automotive.com\/hu\/#organization","name":"ACPS Automotive GmbH","url":"https:\/\/www.acps-automotive.com\/hu\/","logo":{"@type":"ImageObject","inLanguage":"hu","@id":"https:\/\/www.acps-automotive.com\/hu\/#\/schema\/logo\/image\/","url":"https:\/\/www.acps-automotive.com\/wp-content\/uploads\/_media\/_allgemein\/Logo-Footer-ACPS-Automotive.png","contentUrl":"https:\/\/www.acps-automotive.com\/wp-content\/uploads\/_media\/_allgemein\/Logo-Footer-ACPS-Automotive.png","width":239,"height":32,"caption":"ACPS Automotive GmbH"},"image":{"@id":"https:\/\/www.acps-automotive.com\/hu\/#\/schema\/logo\/image\/"},"sameAs":["https:\/\/x.com\/ACPS_Automotive","https:\/\/www.linkedin.com\/company\/acps-automotive-gmbh\/","https:\/\/www.instagram.com\/acps_ausbildung\/","https:\/\/www.youtube.com\/channel\/UC2jxrgWwpxpkay2aHWV5SaQ"]}]}},"_links":{"self":[{"href":"https:\/\/www.acps-automotive.com\/hu\/wp-json\/wp\/v2\/pages\/27122","targetHints":{"allow":["GET"]}}],"collection":[{"href":"https:\/\/www.acps-automotive.com\/hu\/wp-json\/wp\/v2\/pages"}],"about":[{"href":"https:\/\/www.acps-automotive.com\/hu\/wp-json\/wp\/v2\/types\/page"}],"author":[{"embeddable":true,"href":"https:\/\/www.acps-automotive.com\/hu\/wp-json\/wp\/v2\/users\/8"}],"replies":[{"embeddable":true,"href":"https:\/\/www.acps-automotive.com\/hu\/wp-json\/wp\/v2\/comments?post=27122"}],"version-history":[{"count":4,"href":"https:\/\/www.acps-automotive.com\/hu\/wp-json\/wp\/v2\/pages\/27122\/revisions"}],"predecessor-version":[{"id":29626,"href":"https:\/\/www.acps-automotive.com\/hu\/wp-json\/wp\/v2\/pages\/27122\/revisions\/29626"}],"up":[{"embeddable":true,"href":"https:\/\/www.acps-automotive.com\/hu\/wp-json\/wp\/v2\/pages\/28085"}],"wp:attachment":[{"href":"https:\/\/www.acps-automotive.com\/hu\/wp-json\/wp\/v2\/media?parent=27122"}],"curies":[{"name":"wp","href":"https:\/\/api.w.org\/{rel}","templated":true}]}}