{"id":27106,"date":"2025-12-17T10:08:45","date_gmt":"2025-12-17T09:08:45","guid":{"rendered":"https:\/\/www.acps-automotive.com\/?page_id=27106"},"modified":"2026-03-09T16:19:06","modified_gmt":"2026-03-09T15:19:06","slug":"diplomasok","status":"publish","type":"page","link":"https:\/\/www.acps-automotive.com\/hu\/karrier\/diplomasok\/","title":{"rendered":"Diplom\u00e1sok"},"content":{"rendered":"<div class=\"vgblk-rw-wrapper limit-wrapper\">\n\n\t<h1><strong>Az \u00d6n bel\u00e9p\u00e9se<\/strong><br \/>\ndiplom\u00e1sk\u00e9nt<\/h1>\n\t<img loading=\"lazy\" decoding=\"async\" src=\"https:\/\/www.acps-automotive.com\/wp-content\/uploads\/_media\/_allgemein\/pfeil-text-einleitung.png\" alt=\"Pfeil Text Einleitung\" width=\"46\" height=\"69\" \/><br \/>\nA tanulm\u00e1nyok sikeres befejez\u00e9se ut\u00e1n vagy a diploma megszerz\u00e9se el\u0151tt kezdheti meg karrierj\u00e9t az ACPS Automotive-n\u00e1l.\n\t<p><img loading=\"lazy\" decoding=\"async\" src=\"https:\/\/www.acps-automotive.com\/wp-content\/uploads\/_media\/karriere\/absolventen\/absolventen-links.jpg\" alt=\"Absolventen\" width=\"650\" height=\"400\" \/><\/p>\n\t<p><img loading=\"lazy\" decoding=\"async\" src=\"https:\/\/www.acps-automotive.com\/wp-content\/uploads\/_media\/karriere\/absolventen\/vanessa-leifheit.jpg\" alt=\"Vanessa Leifheit\" width=\"1100\" height=\"480\" \/><\/p>\n\t\u201e\u00c9rt\u00e9kelem a sokr\u00e9t\u0171 feladatokat \u00e9s azt, hogy bevihetem a saj\u00e1t \u00f6tleteimet. A mindennapi egy\u00fcttm\u0171k\u00f6d\u00e9s nagyon kollegi\u00e1lis.&#8221;<br \/>\nVanessa Leifheit, Beszerz\u00e9s\n\t<h4><strong>Sikeres karrierkezdet<\/strong><br \/>\n\u00daj perspekt\u00edv\u00e1k<\/h4>\n\t<p>Fejlessze tov\u00e1bb k\u00e9pess\u00e9geit \u00e9s tehets\u00e9g\u00e9t n\u00e1lunk, \u00e9s nyisson meg \u00faj perspekt\u00edv\u00e1kat! K\u00f6zvetlen\u00fcl az egyetemr\u0151l integr\u00e1ljuk \u00d6nt \u201eon-the-job&#8221; m\u00f3don, \u00e9s a kezdetekt\u0151l fogva ig\u00e9nyes feladatokat \u00e9s felel\u0151ss\u00e9get ruh\u00e1zunk \u00d6nre. Olyan diplom\u00e1sokat keres\u00fcnk, akik szeretnek nemzetk\u00f6zi csapatokban dolgozni, \u00e9s ter\u00fcleteken \u00e1t\u00edvel\u0151en gondolkodnak \u00e9s cselekszenek. Ehhez az analitikus \u00e9s struktur\u00e1lt gondolkod\u00e1sm\u00f3d sz\u00e1munkra ugyanolyan fontos, mint a folyamatos tov\u00e1bbk\u00e9pz\u00e9s ir\u00e1nti hajland\u00f3s\u00e1g. Fedezze fel <a href=\"https:\/\/careers.acps-automotive.com\/\" target=\"_blank\" rel=\"noopener\">itt<\/a> az ACPS Automotive \u00e1ll\u00e1saj\u00e1nlatait.<\/p>\n\n<\/div><!-- .vgblk-rw-wrapper -->","protected":false},"excerpt":{"rendered":"<p>Az \u00d6n bel\u00e9p\u00e9se diplom\u00e1sk\u00e9nt A tanulm\u00e1nyok sikeres befejez\u00e9se ut\u00e1n vagy a diploma megszerz\u00e9se el\u0151tt kezdheti meg karrierj\u00e9t az ACPS Automotive-n\u00e1l. \u201e\u00c9rt\u00e9kelem a sokr\u00e9t\u0171 feladatokat \u00e9s azt, hogy bevihetem a saj\u00e1t \u00f6tleteimet. A mindennapi egy\u00fcttm\u0171k\u00f6d\u00e9s nagyon kollegi\u00e1lis.&#8221; Vanessa Leifheit, Beszerz\u00e9s Sikeres karrierkezdet \u00daj perspekt\u00edv\u00e1k Fejlessze tov\u00e1bb k\u00e9pess\u00e9geit \u00e9s tehets\u00e9g\u00e9t n\u00e1lunk, \u00e9s nyisson meg \u00faj perspekt\u00edv\u00e1kat! K\u00f6zvetlen\u00fcl&#8230;<\/p>\n","protected":false},"author":1,"featured_media":0,"parent":28085,"menu_order":0,"comment_status":"closed","ping_status":"closed","template":"","meta":{"inline_featured_image":false,"_price":"","_stock":"","_tribe_ticket_header":"","_tribe_default_ticket_provider":"","_tribe_ticket_capacity":"0","_ticket_start_date":"","_ticket_end_date":"","_tribe_ticket_show_description":"","_tribe_ticket_show_not_going":false,"_tribe_ticket_use_global_stock":"","_tribe_ticket_global_stock_level":"","_global_stock_mode":"","_global_stock_cap":"","_tribe_rsvp_for_event":"","_tribe_ticket_going_count":"","_tribe_ticket_not_going_count":"","_tribe_tickets_list":"[]","_tribe_ticket_has_attendee_info_fields":false,"footnotes":""},"class_list":["post-27106","page","type-page","status-publish","hentry"],"yoast_head":"<!-- This site is optimized with the Yoast SEO plugin v27.2 - https:\/\/yoast.com\/product\/yoast-seo-wordpress\/ -->\n<title>Diplom\u00e1sok | ACPS Automotive<\/title>\n<meta name=\"description\" content=\"Karrierje kezdete a p\u00f3tkocsi-vontat\u00f3k piacvezet\u0151j\u00e9n\u00e9l. \u25baBefejezte tanulm\u00e1nyait? Akkor ir\u00e1ny az ACPS Automotive!\" \/>\n<meta name=\"robots\" content=\"index, follow, max-snippet:-1, max-image-preview:large, max-video-preview:-1\" \/>\n<link rel=\"canonical\" href=\"https:\/\/www.acps-automotive.com\/hu\/karrier\/diplomasok\/\" \/>\n<meta property=\"og:locale\" content=\"hu_HU\" \/>\n<meta property=\"og:type\" content=\"article\" \/>\n<meta property=\"og:title\" content=\"Diplom\u00e1sok | ACPS Automotive\" \/>\n<meta property=\"og:description\" content=\"Karrierje kezdete a p\u00f3tkocsi-vontat\u00f3k piacvezet\u0151j\u00e9n\u00e9l. \u25baBefejezte tanulm\u00e1nyait? Akkor ir\u00e1ny az ACPS Automotive!\" \/>\n<meta property=\"og:url\" content=\"https:\/\/www.acps-automotive.com\/hu\/karrier\/diplomasok\/\" \/>\n<meta property=\"og:site_name\" content=\"ACPS Automotive GmbH\" \/>\n<meta property=\"article:modified_time\" content=\"2026-03-09T15:19:06+00:00\" \/>\n<meta property=\"og:image\" content=\"https:\/\/www.acps-automotive.com\/wp-content\/uploads\/_media\/_allgemein\/pfeil-text-einleitung.png\" \/>\n<meta name=\"twitter:card\" content=\"summary_large_image\" \/>\n<meta name=\"twitter:site\" content=\"@ACPS_Automotive\" \/>\n<meta name=\"twitter:label1\" content=\"Becs\u00fclt olvas\u00e1si id\u0151\" \/>\n\t<meta name=\"twitter:data1\" content=\"2 perc\" \/>\n<script type=\"application\/ld+json\" class=\"yoast-schema-graph\">{\"@context\":\"https:\/\/schema.org\",\"@graph\":[{\"@type\":\"WebPage\",\"@id\":\"https:\/\/www.acps-automotive.com\/hu\/karrier\/diplomasok\/\",\"url\":\"https:\/\/www.acps-automotive.com\/hu\/karrier\/diplomasok\/\",\"name\":\"Diplom\u00e1sok | ACPS Automotive\",\"isPartOf\":{\"@id\":\"https:\/\/www.acps-automotive.com\/hu\/#website\"},\"primaryImageOfPage\":{\"@id\":\"https:\/\/www.acps-automotive.com\/hu\/karrier\/diplomasok\/#primaryimage\"},\"image\":{\"@id\":\"https:\/\/www.acps-automotive.com\/hu\/karrier\/diplomasok\/#primaryimage\"},\"thumbnailUrl\":\"https:\/\/www.acps-automotive.com\/wp-content\/uploads\/_media\/_allgemein\/pfeil-text-einleitung.png\",\"datePublished\":\"2025-12-17T09:08:45+00:00\",\"dateModified\":\"2026-03-09T15:19:06+00:00\",\"description\":\"Karrierje kezdete a p\u00f3tkocsi-vontat\u00f3k piacvezet\u0151j\u00e9n\u00e9l. \u25baBefejezte tanulm\u00e1nyait? Akkor ir\u00e1ny az ACPS Automotive!\",\"breadcrumb\":{\"@id\":\"https:\/\/www.acps-automotive.com\/hu\/karrier\/diplomasok\/#breadcrumb\"},\"inLanguage\":\"hu\",\"potentialAction\":[{\"@type\":\"ReadAction\",\"target\":[\"https:\/\/www.acps-automotive.com\/hu\/karrier\/diplomasok\/\"]}]},{\"@type\":\"ImageObject\",\"inLanguage\":\"hu\",\"@id\":\"https:\/\/www.acps-automotive.com\/hu\/karrier\/diplomasok\/#primaryimage\",\"url\":\"https:\/\/www.acps-automotive.com\/wp-content\/uploads\/_media\/_allgemein\/pfeil-text-einleitung.png\",\"contentUrl\":\"https:\/\/www.acps-automotive.com\/wp-content\/uploads\/_media\/_allgemein\/pfeil-text-einleitung.png\"},{\"@type\":\"BreadcrumbList\",\"@id\":\"https:\/\/www.acps-automotive.com\/hu\/karrier\/diplomasok\/#breadcrumb\",\"itemListElement\":[{\"@type\":\"ListItem\",\"position\":1,\"name\":\"Startseite\",\"item\":\"https:\/\/www.acps-automotive.com\/hu\/\"},{\"@type\":\"ListItem\",\"position\":2,\"name\":\"Karrier\",\"item\":\"https:\/\/www.acps-automotive.com\/hu\/karrier\/\"},{\"@type\":\"ListItem\",\"position\":3,\"name\":\"Diplom\u00e1sok\"}]},{\"@type\":\"WebSite\",\"@id\":\"https:\/\/www.acps-automotive.com\/hu\/#website\",\"url\":\"https:\/\/www.acps-automotive.com\/hu\/\",\"name\":\"ACPS Automotive GmbH\",\"description\":\"Innovative Anh\u00e4ngekupplungen\",\"publisher\":{\"@id\":\"https:\/\/www.acps-automotive.com\/hu\/#organization\"},\"potentialAction\":[{\"@type\":\"SearchAction\",\"target\":{\"@type\":\"EntryPoint\",\"urlTemplate\":\"https:\/\/www.acps-automotive.com\/hu\/?s={search_term_string}\"},\"query-input\":{\"@type\":\"PropertyValueSpecification\",\"valueRequired\":true,\"valueName\":\"search_term_string\"}}],\"inLanguage\":\"hu\"},{\"@type\":\"Organization\",\"@id\":\"https:\/\/www.acps-automotive.com\/hu\/#organization\",\"name\":\"ACPS Automotive GmbH\",\"url\":\"https:\/\/www.acps-automotive.com\/hu\/\",\"logo\":{\"@type\":\"ImageObject\",\"inLanguage\":\"hu\",\"@id\":\"https:\/\/www.acps-automotive.com\/hu\/#\/schema\/logo\/image\/\",\"url\":\"https:\/\/www.acps-automotive.com\/wp-content\/uploads\/_media\/_allgemein\/Logo-Footer-ACPS-Automotive.png\",\"contentUrl\":\"https:\/\/www.acps-automotive.com\/wp-content\/uploads\/_media\/_allgemein\/Logo-Footer-ACPS-Automotive.png\",\"width\":239,\"height\":32,\"caption\":\"ACPS Automotive GmbH\"},\"image\":{\"@id\":\"https:\/\/www.acps-automotive.com\/hu\/#\/schema\/logo\/image\/\"},\"sameAs\":[\"https:\/\/x.com\/ACPS_Automotive\",\"https:\/\/www.linkedin.com\/company\/acps-automotive-gmbh\/\",\"https:\/\/www.instagram.com\/acps_ausbildung\/\",\"https:\/\/www.youtube.com\/channel\/UC2jxrgWwpxpkay2aHWV5SaQ\"]}]}<\/script>\n<!-- \/ Yoast SEO plugin. -->","yoast_head_json":{"title":"Diplom\u00e1sok | ACPS Automotive","description":"Karrierje kezdete a p\u00f3tkocsi-vontat\u00f3k piacvezet\u0151j\u00e9n\u00e9l. \u25baBefejezte tanulm\u00e1nyait? Akkor ir\u00e1ny az ACPS Automotive!","robots":{"index":"index","follow":"follow","max-snippet":"max-snippet:-1","max-image-preview":"max-image-preview:large","max-video-preview":"max-video-preview:-1"},"canonical":"https:\/\/www.acps-automotive.com\/hu\/karrier\/diplomasok\/","og_locale":"hu_HU","og_type":"article","og_title":"Diplom\u00e1sok | ACPS Automotive","og_description":"Karrierje kezdete a p\u00f3tkocsi-vontat\u00f3k piacvezet\u0151j\u00e9n\u00e9l. \u25baBefejezte tanulm\u00e1nyait? Akkor ir\u00e1ny az ACPS Automotive!","og_url":"https:\/\/www.acps-automotive.com\/hu\/karrier\/diplomasok\/","og_site_name":"ACPS Automotive GmbH","article_modified_time":"2026-03-09T15:19:06+00:00","og_image":[{"url":"https:\/\/www.acps-automotive.com\/wp-content\/uploads\/_media\/_allgemein\/pfeil-text-einleitung.png","type":"","width":"","height":""}],"twitter_card":"summary_large_image","twitter_site":"@ACPS_Automotive","twitter_misc":{"Becs\u00fclt olvas\u00e1si id\u0151":"2 perc"},"schema":{"@context":"https:\/\/schema.org","@graph":[{"@type":"WebPage","@id":"https:\/\/www.acps-automotive.com\/hu\/karrier\/diplomasok\/","url":"https:\/\/www.acps-automotive.com\/hu\/karrier\/diplomasok\/","name":"Diplom\u00e1sok | ACPS Automotive","isPartOf":{"@id":"https:\/\/www.acps-automotive.com\/hu\/#website"},"primaryImageOfPage":{"@id":"https:\/\/www.acps-automotive.com\/hu\/karrier\/diplomasok\/#primaryimage"},"image":{"@id":"https:\/\/www.acps-automotive.com\/hu\/karrier\/diplomasok\/#primaryimage"},"thumbnailUrl":"https:\/\/www.acps-automotive.com\/wp-content\/uploads\/_media\/_allgemein\/pfeil-text-einleitung.png","datePublished":"2025-12-17T09:08:45+00:00","dateModified":"2026-03-09T15:19:06+00:00","description":"Karrierje kezdete a p\u00f3tkocsi-vontat\u00f3k piacvezet\u0151j\u00e9n\u00e9l. \u25baBefejezte tanulm\u00e1nyait? Akkor ir\u00e1ny az ACPS Automotive!","breadcrumb":{"@id":"https:\/\/www.acps-automotive.com\/hu\/karrier\/diplomasok\/#breadcrumb"},"inLanguage":"hu","potentialAction":[{"@type":"ReadAction","target":["https:\/\/www.acps-automotive.com\/hu\/karrier\/diplomasok\/"]}]},{"@type":"ImageObject","inLanguage":"hu","@id":"https:\/\/www.acps-automotive.com\/hu\/karrier\/diplomasok\/#primaryimage","url":"https:\/\/www.acps-automotive.com\/wp-content\/uploads\/_media\/_allgemein\/pfeil-text-einleitung.png","contentUrl":"https:\/\/www.acps-automotive.com\/wp-content\/uploads\/_media\/_allgemein\/pfeil-text-einleitung.png"},{"@type":"BreadcrumbList","@id":"https:\/\/www.acps-automotive.com\/hu\/karrier\/diplomasok\/#breadcrumb","itemListElement":[{"@type":"ListItem","position":1,"name":"Startseite","item":"https:\/\/www.acps-automotive.com\/hu\/"},{"@type":"ListItem","position":2,"name":"Karrier","item":"https:\/\/www.acps-automotive.com\/hu\/karrier\/"},{"@type":"ListItem","position":3,"name":"Diplom\u00e1sok"}]},{"@type":"WebSite","@id":"https:\/\/www.acps-automotive.com\/hu\/#website","url":"https:\/\/www.acps-automotive.com\/hu\/","name":"ACPS Automotive GmbH","description":"Innovative Anh\u00e4ngekupplungen","publisher":{"@id":"https:\/\/www.acps-automotive.com\/hu\/#organization"},"potentialAction":[{"@type":"SearchAction","target":{"@type":"EntryPoint","urlTemplate":"https:\/\/www.acps-automotive.com\/hu\/?s={search_term_string}"},"query-input":{"@type":"PropertyValueSpecification","valueRequired":true,"valueName":"search_term_string"}}],"inLanguage":"hu"},{"@type":"Organization","@id":"https:\/\/www.acps-automotive.com\/hu\/#organization","name":"ACPS Automotive GmbH","url":"https:\/\/www.acps-automotive.com\/hu\/","logo":{"@type":"ImageObject","inLanguage":"hu","@id":"https:\/\/www.acps-automotive.com\/hu\/#\/schema\/logo\/image\/","url":"https:\/\/www.acps-automotive.com\/wp-content\/uploads\/_media\/_allgemein\/Logo-Footer-ACPS-Automotive.png","contentUrl":"https:\/\/www.acps-automotive.com\/wp-content\/uploads\/_media\/_allgemein\/Logo-Footer-ACPS-Automotive.png","width":239,"height":32,"caption":"ACPS Automotive GmbH"},"image":{"@id":"https:\/\/www.acps-automotive.com\/hu\/#\/schema\/logo\/image\/"},"sameAs":["https:\/\/x.com\/ACPS_Automotive","https:\/\/www.linkedin.com\/company\/acps-automotive-gmbh\/","https:\/\/www.instagram.com\/acps_ausbildung\/","https:\/\/www.youtube.com\/channel\/UC2jxrgWwpxpkay2aHWV5SaQ"]}]}},"_links":{"self":[{"href":"https:\/\/www.acps-automotive.com\/hu\/wp-json\/wp\/v2\/pages\/27106","targetHints":{"allow":["GET"]}}],"collection":[{"href":"https:\/\/www.acps-automotive.com\/hu\/wp-json\/wp\/v2\/pages"}],"about":[{"href":"https:\/\/www.acps-automotive.com\/hu\/wp-json\/wp\/v2\/types\/page"}],"author":[{"embeddable":true,"href":"https:\/\/www.acps-automotive.com\/hu\/wp-json\/wp\/v2\/users\/1"}],"replies":[{"embeddable":true,"href":"https:\/\/www.acps-automotive.com\/hu\/wp-json\/wp\/v2\/comments?post=27106"}],"version-history":[{"count":7,"href":"https:\/\/www.acps-automotive.com\/hu\/wp-json\/wp\/v2\/pages\/27106\/revisions"}],"predecessor-version":[{"id":27887,"href":"https:\/\/www.acps-automotive.com\/hu\/wp-json\/wp\/v2\/pages\/27106\/revisions\/27887"}],"up":[{"embeddable":true,"href":"https:\/\/www.acps-automotive.com\/hu\/wp-json\/wp\/v2\/pages\/28085"}],"wp:attachment":[{"href":"https:\/\/www.acps-automotive.com\/hu\/wp-json\/wp\/v2\/media?parent=27106"}],"curies":[{"name":"wp","href":"https:\/\/api.w.org\/{rel}","templated":true}]}}