{"id":29721,"date":"2026-04-23T17:40:51","date_gmt":"2026-04-23T15:40:51","guid":{"rendered":"https:\/\/www.acps-automotive.com\/?page_id=29721"},"modified":"2026-04-23T17:40:51","modified_gmt":"2026-04-23T15:40:51","slug":"acps-automotive-pasa-a-formar-parte-independiente-del-grupo-empresarial-meili","status":"publish","type":"page","link":"https:\/\/www.acps-automotive.com\/es\/empresa\/prensa\/acps-automotive-pasa-a-formar-parte-independiente-del-grupo-empresarial-meili\/","title":{"rendered":"ACPS Automotive pasa a formar parte independiente del grupo empresarial Meili"},"content":{"rendered":"<div class=\"vgblk-rw-wrapper limit-wrapper\">\n\n\t<h3><strong>Ingersheim, Alemania,\u00a022\/04\/2026 | Impulsando el crecimiento internacional: ACPS Automotive se convierte en una parte independiente del Grupo Meili\u00a0<\/strong><\/h3>\n<p><strong>ACPS Automotive marca el rumbo hacia el futuro: el l\u00edder del mercado europeo en enganches para autom\u00f3viles, SUV y veh\u00edculos comerciales ligeros pasar\u00e1 a formar parte del Grupo Meili de forma independiente, ganando as\u00ed un socio estrat\u00e9gico con una s\u00f3lida experiencia en ingenier\u00eda y fabricaci\u00f3n en el sector automotriz. <\/strong><\/p>\n<p>Zhejiang Meili Technology Co., Ltd. ha adquirido ACPS Automotive a su anterior propietario, el inversor Towerbrook, quien hab\u00eda adquirido la empresa a Grupo Bosal en 2018 y la ha desarrollado con \u00e9xito desde entonces.<\/p>\n<p>Meili es una empresa que cotiza en bolsa con sede en China y cuenta con m\u00e1s de 30 a\u00f1os de experiencia en el desarrollo y la producci\u00f3n de componentes de suspensi\u00f3n. La empresa ya colabora con \u00e9xito con los principales fabricantes y proveedores de autom\u00f3viles de todo el mundo.<\/p>\n<p>La empresa es reconocida por sus excepcionales capacidades de desarrollo e innovaci\u00f3n, combinadas con capacidades de fabricaci\u00f3n propias y una s\u00f3lida cartera de patentes. Como tal, Meili es el complemento ideal para el posicionamiento impulsado por la innovaci\u00f3n de ACPS Automotive.<\/p>\n<p>ACPS Automotive seguir\u00e1 operando de forma independiente en el mercado y mantendr\u00e1 sus relaciones comerciales existentes como hasta ahora. Al mismo tiempo, su integraci\u00f3n en el grupo permite compartir recursos y aprovechar de manera espec\u00edfica las fortalezas complementarias.<\/p>\n<p>Michael Weiss, director ejecutivo de ACPS Automotive: \u00abEstamos encantados de haber encontrado un inversor a largo plazo en Zhejiang Meili Technology Co., Ltd., una empresa que comparte plenamente nuestro compromiso con la calidad, la innovaci\u00f3n y el desarrollo sostenible, y que apoya nuestra expansi\u00f3n internacional tanto estrat\u00e9gica como operativamente\u00bb.<\/p>\n<p>Alemania y Hungr\u00eda seguir\u00e1n siendo centros clave para la investigaci\u00f3n y el desarrollo, as\u00ed como para las ventas. \u00abCon la adquisici\u00f3n por parte de Meili, ganamos un socio que impulsar\u00e1 nuestro crecimiento internacional de manera espec\u00edfica\u00bb, destaca Michael Weiss. \u00abNos basamos en una s\u00f3lida posici\u00f3n en el mercado y ahora podemos dar el siguiente paso l\u00f3gico para expandir a\u00fan m\u00e1s nuestras operaciones globales\u00bb.<\/p>\n<p>Nuestro acceso al mercado chino se ver\u00e1 a\u00fan m\u00e1s reforzado, un mercado que ACPS Automotive ya est\u00e1 desarrollando activamente con su propio centro de I+D y planta de fabricaci\u00f3n. Meili aporta a este negocio una mayor profundidad industrial, conocimiento del mercado local y potencial de expansi\u00f3n.<\/p>\n<p>Mientras ACPS Automotive contin\u00faa expandiendo su posici\u00f3n en China, Meili se beneficia de la presencia consolidada de ACPS Automotive en el mercado, su cartera de clientes y su experiencia en desarrollo orientado a fabricantes de equipos originales (OE) en Europa y Am\u00e9rica del Norte.<\/p>\n\t<p><a href=\"https:\/\/www.acps-automotive.com\/wp-content\/uploads\/2026\/04\/2026-04-Press-release-ACPS-Automotive-becomes-an-independent-part-of-the-Meili-Group-ES.pdf\" target=\"_blank\" rel=\"noopener\">Download [PDF]<\/a>\u00a0<a href=\"https:\/\/www.acps-automotive.com\/wp-content\/uploads\/2026\/04\/OE-Press-kit-ACPS-Automotive_Takeover-by-Meili-ES.zip\" target=\"_blank\" rel=\"noopener\">Download [Zip]<\/a><\/p>\n\t<p><img loading=\"lazy\" decoding=\"async\" src=\"https:\/\/www.acps-automotive.com\/wp-content\/uploads\/2026\/04\/ACPS-MEILI-Composing-1-scaled.jpg\" width=\"301\" height=\"213\" \/><\/p>\n\t<h3>La empresa<\/h3>\n<p>ACPS Automotive es l\u00edder del mercado de enganches para autom\u00f3viles, SUV y camionetas. Sus m\u00e1s de 140 patentes en todo el mundo son prueba de su liderazgo en tecnolog\u00eda e innovaci\u00f3n, y la empresa desempe\u00f1a un papel significativo en la configuraci\u00f3n del progreso tecnol\u00f3gico en el sector de los enganches. Como desarrollador y fabricante de tecnolog\u00eda de soluciones de transporte, ACPS Automotive establece est\u00e1ndares en su sede central de Ingersheim, Alemania, y en once ubicaciones en todo el mundo. En beneficio de sus clientes: la industria automotriz internacional en el sector de equipos originales y las empresas del mercado de repuestos y reacondicionamiento. Las barras de remolque proporcionan una conexi\u00f3n especialmente segura y c\u00f3moda entre veh\u00edculos y caravanas, portabicicletas y remolques para barcos y caballos, tanto en el sector privado como en el comercial. ACPS Automotive cuenta con alrededor de 2200 empleados. Se fund\u00f3 en 1955 cerca de Stuttgart y es conocida bajo la marca ORIS. En 2024 se generaron ventas anuales de alrededor de 440 millones de euros.<\/p>\n\t<h2><strong>Contacto de<br \/>\nprensa<br \/>\n<\/strong><\/h2>\n<p><strong>ACPS Automotive GmbH<\/strong><\/p>\nSilviya Tzoneva | Marketing Manager<br \/>\nBertha-Benz-Str. 2, 74379 Ingersheim, Alemania\n<p>Correo electr\u00f3nico: <a href=\"&#x6d;&#x61;&#x69;&#x6c;&#x74;&#111;&#58;&#115;&#105;lvi&#x79;&#x61;&#x2e;&#x74;&#x7a;&#x6f;&#110;&#101;&#118;a&#64;a&#x63;&#x70;&#x73;&#x2d;&#x61;&#x75;&#116;&#111;&#109;&#111;tiv&#x65;&#x2e;&#x63;&#x6f;&#x6d;\">&#x73;&#x69;&#108;v&#x69;&#x79;&#x61;&#46;t&#x7a;&#x6f;&#x6e;&#101;v&#x61;&#x40;&#x61;&#99;p&#x73;&#x2d;&#x61;&#117;t&#x6f;&#x6d;&#x6f;&#116;i&#x76;&#x65;&#x2e;&#99;o&#x6d;<\/a><\/p>\n\t<p><a href=\"https:\/\/www.acps-automotive.com\/es\/empresa\/prensa\/\">\u2190 Volver al resumen<\/a><\/p>\n\n<\/div><!-- .vgblk-rw-wrapper -->","protected":false},"excerpt":{"rendered":"<p>Ingersheim, Alemania,\u00a022\/04\/2026 | Impulsando el crecimiento internacional: ACPS Automotive se convierte en una parte independiente del Grupo Meili\u00a0 ACPS Automotive marca el rumbo hacia el futuro: el l\u00edder del mercado europeo en enganches para autom\u00f3viles, SUV y veh\u00edculos comerciales ligeros pasar\u00e1 a formar parte del Grupo Meili de forma independiente, ganando as\u00ed un socio estrat\u00e9gico&#8230;<\/p>\n","protected":false},"author":9,"featured_media":0,"parent":27202,"menu_order":1,"comment_status":"closed","ping_status":"closed","template":"","meta":{"inline_featured_image":false,"_price":"","_stock":"","_tribe_ticket_header":"","_tribe_default_ticket_provider":"","_tribe_ticket_capacity":"0","_ticket_start_date":"","_ticket_end_date":"","_tribe_ticket_show_description":"","_tribe_ticket_show_not_going":false,"_tribe_ticket_use_global_stock":"","_tribe_ticket_global_stock_level":"","_global_stock_mode":"","_global_stock_cap":"","_tribe_rsvp_for_event":"","_tribe_ticket_going_count":"","_tribe_ticket_not_going_count":"","_tribe_tickets_list":"[]","_tribe_ticket_has_attendee_info_fields":false,"footnotes":""},"class_list":["post-29721","page","type-page","status-publish","hentry"],"yoast_head":"<!-- This site is optimized with the Yoast SEO plugin v27.4 - https:\/\/yoast.com\/product\/yoast-seo-wordpress\/ -->\n<title>Prensa | ACPS Automotive<\/title>\n<meta name=\"description\" content=\"Aqu\u00ed encontrar\u00e1 las \u00faltimas noticias de prensa de ACPS Automotive. \u25baNoticias muy informativas para usted.\" \/>\n<meta name=\"robots\" content=\"index, follow, max-snippet:-1, max-image-preview:large, max-video-preview:-1\" \/>\n<link rel=\"canonical\" href=\"https:\/\/www.acps-automotive.com\/es\/empresa\/prensa\/acps-automotive-pasa-a-formar-parte-independiente-del-grupo-empresarial-meili\/\" \/>\n<meta property=\"og:locale\" content=\"es_ES\" \/>\n<meta property=\"og:type\" content=\"article\" \/>\n<meta property=\"og:title\" content=\"Prensa | ACPS Automotive\" \/>\n<meta property=\"og:description\" content=\"Aqu\u00ed encontrar\u00e1 las \u00faltimas noticias de prensa de ACPS Automotive. \u25baNoticias muy informativas para usted.\" \/>\n<meta property=\"og:url\" content=\"https:\/\/www.acps-automotive.com\/es\/empresa\/prensa\/acps-automotive-pasa-a-formar-parte-independiente-del-grupo-empresarial-meili\/\" \/>\n<meta property=\"og:site_name\" content=\"ACPS Automotive GmbH\" \/>\n<meta property=\"og:image\" content=\"https:\/\/www.acps-automotive.com\/wp-content\/uploads\/2026\/04\/ACPS-MEILI-Composing-1-scaled.jpg\" \/>\n<meta name=\"twitter:card\" content=\"summary_large_image\" \/>\n<meta name=\"twitter:site\" content=\"@ACPS_Automotive\" \/>\n<meta name=\"twitter:label1\" content=\"Tiempo de lectura\" \/>\n\t<meta name=\"twitter:data1\" content=\"4 minutos\" \/>\n<script type=\"application\/ld+json\" class=\"yoast-schema-graph\">{\"@context\":\"https:\\\/\\\/schema.org\",\"@graph\":[{\"@type\":\"WebPage\",\"@id\":\"https:\\\/\\\/www.acps-automotive.com\\\/es\\\/empresa\\\/prensa\\\/acps-automotive-pasa-a-formar-parte-independiente-del-grupo-empresarial-meili\\\/\",\"url\":\"https:\\\/\\\/www.acps-automotive.com\\\/es\\\/empresa\\\/prensa\\\/acps-automotive-pasa-a-formar-parte-independiente-del-grupo-empresarial-meili\\\/\",\"name\":\"Prensa | ACPS Automotive\",\"isPartOf\":{\"@id\":\"https:\\\/\\\/www.acps-automotive.com\\\/es\\\/#website\"},\"primaryImageOfPage\":{\"@id\":\"https:\\\/\\\/www.acps-automotive.com\\\/es\\\/empresa\\\/prensa\\\/acps-automotive-pasa-a-formar-parte-independiente-del-grupo-empresarial-meili\\\/#primaryimage\"},\"image\":{\"@id\":\"https:\\\/\\\/www.acps-automotive.com\\\/es\\\/empresa\\\/prensa\\\/acps-automotive-pasa-a-formar-parte-independiente-del-grupo-empresarial-meili\\\/#primaryimage\"},\"thumbnailUrl\":\"https:\\\/\\\/www.acps-automotive.com\\\/wp-content\\\/uploads\\\/2026\\\/04\\\/ACPS-MEILI-Composing-1-scaled.jpg\",\"datePublished\":\"2026-04-23T15:40:51+00:00\",\"description\":\"Aqu\u00ed encontrar\u00e1 las \u00faltimas noticias de prensa de ACPS Automotive. \u25baNoticias muy informativas para usted.\",\"breadcrumb\":{\"@id\":\"https:\\\/\\\/www.acps-automotive.com\\\/es\\\/empresa\\\/prensa\\\/acps-automotive-pasa-a-formar-parte-independiente-del-grupo-empresarial-meili\\\/#breadcrumb\"},\"inLanguage\":\"es\",\"potentialAction\":[{\"@type\":\"ReadAction\",\"target\":[\"https:\\\/\\\/www.acps-automotive.com\\\/es\\\/empresa\\\/prensa\\\/acps-automotive-pasa-a-formar-parte-independiente-del-grupo-empresarial-meili\\\/\"]}]},{\"@type\":\"ImageObject\",\"inLanguage\":\"es\",\"@id\":\"https:\\\/\\\/www.acps-automotive.com\\\/es\\\/empresa\\\/prensa\\\/acps-automotive-pasa-a-formar-parte-independiente-del-grupo-empresarial-meili\\\/#primaryimage\",\"url\":\"https:\\\/\\\/www.acps-automotive.com\\\/wp-content\\\/uploads\\\/2026\\\/04\\\/ACPS-MEILI-Composing-1-scaled.jpg\",\"contentUrl\":\"https:\\\/\\\/www.acps-automotive.com\\\/wp-content\\\/uploads\\\/2026\\\/04\\\/ACPS-MEILI-Composing-1-scaled.jpg\"},{\"@type\":\"BreadcrumbList\",\"@id\":\"https:\\\/\\\/www.acps-automotive.com\\\/es\\\/empresa\\\/prensa\\\/acps-automotive-pasa-a-formar-parte-independiente-del-grupo-empresarial-meili\\\/#breadcrumb\",\"itemListElement\":[{\"@type\":\"ListItem\",\"position\":1,\"name\":\"Startseite\",\"item\":\"https:\\\/\\\/www.acps-automotive.com\\\/es\\\/\"},{\"@type\":\"ListItem\",\"position\":2,\"name\":\"Empresa\",\"item\":\"https:\\\/\\\/www.acps-automotive.com\\\/es\\\/empresa\\\/\"},{\"@type\":\"ListItem\",\"position\":3,\"name\":\"Prensa\",\"item\":\"https:\\\/\\\/www.acps-automotive.com\\\/es\\\/empresa\\\/prensa\\\/\"},{\"@type\":\"ListItem\",\"position\":4,\"name\":\"ACPS Automotive pasa a formar parte independiente del grupo empresarial Meili\"}]},{\"@type\":\"WebSite\",\"@id\":\"https:\\\/\\\/www.acps-automotive.com\\\/es\\\/#website\",\"url\":\"https:\\\/\\\/www.acps-automotive.com\\\/es\\\/\",\"name\":\"ACPS Automotive GmbH\",\"description\":\"Innovative Anh\u00e4ngekupplungen\",\"publisher\":{\"@id\":\"https:\\\/\\\/www.acps-automotive.com\\\/es\\\/#organization\"},\"potentialAction\":[{\"@type\":\"SearchAction\",\"target\":{\"@type\":\"EntryPoint\",\"urlTemplate\":\"https:\\\/\\\/www.acps-automotive.com\\\/es\\\/?s={search_term_string}\"},\"query-input\":{\"@type\":\"PropertyValueSpecification\",\"valueRequired\":true,\"valueName\":\"search_term_string\"}}],\"inLanguage\":\"es\"},{\"@type\":\"Organization\",\"@id\":\"https:\\\/\\\/www.acps-automotive.com\\\/es\\\/#organization\",\"name\":\"ACPS Automotive GmbH\",\"url\":\"https:\\\/\\\/www.acps-automotive.com\\\/es\\\/\",\"logo\":{\"@type\":\"ImageObject\",\"inLanguage\":\"es\",\"@id\":\"https:\\\/\\\/www.acps-automotive.com\\\/es\\\/#\\\/schema\\\/logo\\\/image\\\/\",\"url\":\"https:\\\/\\\/www.acps-automotive.com\\\/wp-content\\\/uploads\\\/_media\\\/_allgemein\\\/Logo-Footer-ACPS-Automotive.png\",\"contentUrl\":\"https:\\\/\\\/www.acps-automotive.com\\\/wp-content\\\/uploads\\\/_media\\\/_allgemein\\\/Logo-Footer-ACPS-Automotive.png\",\"width\":239,\"height\":32,\"caption\":\"ACPS Automotive GmbH\"},\"image\":{\"@id\":\"https:\\\/\\\/www.acps-automotive.com\\\/es\\\/#\\\/schema\\\/logo\\\/image\\\/\"},\"sameAs\":[\"https:\\\/\\\/x.com\\\/ACPS_Automotive\",\"https:\\\/\\\/www.linkedin.com\\\/company\\\/acps-automotive-gmbh\\\/\",\"https:\\\/\\\/www.instagram.com\\\/acps_ausbildung\\\/\",\"https:\\\/\\\/www.youtube.com\\\/channel\\\/UC2jxrgWwpxpkay2aHWV5SaQ\"]}]}<\/script>\n<!-- \/ Yoast SEO plugin. -->","yoast_head_json":{"title":"Prensa | ACPS Automotive","description":"Aqu\u00ed encontrar\u00e1 las \u00faltimas noticias de prensa de ACPS Automotive. \u25baNoticias muy informativas para usted.","robots":{"index":"index","follow":"follow","max-snippet":"max-snippet:-1","max-image-preview":"max-image-preview:large","max-video-preview":"max-video-preview:-1"},"canonical":"https:\/\/www.acps-automotive.com\/es\/empresa\/prensa\/acps-automotive-pasa-a-formar-parte-independiente-del-grupo-empresarial-meili\/","og_locale":"es_ES","og_type":"article","og_title":"Prensa | ACPS Automotive","og_description":"Aqu\u00ed encontrar\u00e1 las \u00faltimas noticias de prensa de ACPS Automotive. \u25baNoticias muy informativas para usted.","og_url":"https:\/\/www.acps-automotive.com\/es\/empresa\/prensa\/acps-automotive-pasa-a-formar-parte-independiente-del-grupo-empresarial-meili\/","og_site_name":"ACPS Automotive GmbH","og_image":[{"url":"https:\/\/www.acps-automotive.com\/wp-content\/uploads\/2026\/04\/ACPS-MEILI-Composing-1-scaled.jpg","type":"","width":"","height":""}],"twitter_card":"summary_large_image","twitter_site":"@ACPS_Automotive","twitter_misc":{"Tiempo de lectura":"4 minutos"},"schema":{"@context":"https:\/\/schema.org","@graph":[{"@type":"WebPage","@id":"https:\/\/www.acps-automotive.com\/es\/empresa\/prensa\/acps-automotive-pasa-a-formar-parte-independiente-del-grupo-empresarial-meili\/","url":"https:\/\/www.acps-automotive.com\/es\/empresa\/prensa\/acps-automotive-pasa-a-formar-parte-independiente-del-grupo-empresarial-meili\/","name":"Prensa | ACPS Automotive","isPartOf":{"@id":"https:\/\/www.acps-automotive.com\/es\/#website"},"primaryImageOfPage":{"@id":"https:\/\/www.acps-automotive.com\/es\/empresa\/prensa\/acps-automotive-pasa-a-formar-parte-independiente-del-grupo-empresarial-meili\/#primaryimage"},"image":{"@id":"https:\/\/www.acps-automotive.com\/es\/empresa\/prensa\/acps-automotive-pasa-a-formar-parte-independiente-del-grupo-empresarial-meili\/#primaryimage"},"thumbnailUrl":"https:\/\/www.acps-automotive.com\/wp-content\/uploads\/2026\/04\/ACPS-MEILI-Composing-1-scaled.jpg","datePublished":"2026-04-23T15:40:51+00:00","description":"Aqu\u00ed encontrar\u00e1 las \u00faltimas noticias de prensa de ACPS Automotive. \u25baNoticias muy informativas para usted.","breadcrumb":{"@id":"https:\/\/www.acps-automotive.com\/es\/empresa\/prensa\/acps-automotive-pasa-a-formar-parte-independiente-del-grupo-empresarial-meili\/#breadcrumb"},"inLanguage":"es","potentialAction":[{"@type":"ReadAction","target":["https:\/\/www.acps-automotive.com\/es\/empresa\/prensa\/acps-automotive-pasa-a-formar-parte-independiente-del-grupo-empresarial-meili\/"]}]},{"@type":"ImageObject","inLanguage":"es","@id":"https:\/\/www.acps-automotive.com\/es\/empresa\/prensa\/acps-automotive-pasa-a-formar-parte-independiente-del-grupo-empresarial-meili\/#primaryimage","url":"https:\/\/www.acps-automotive.com\/wp-content\/uploads\/2026\/04\/ACPS-MEILI-Composing-1-scaled.jpg","contentUrl":"https:\/\/www.acps-automotive.com\/wp-content\/uploads\/2026\/04\/ACPS-MEILI-Composing-1-scaled.jpg"},{"@type":"BreadcrumbList","@id":"https:\/\/www.acps-automotive.com\/es\/empresa\/prensa\/acps-automotive-pasa-a-formar-parte-independiente-del-grupo-empresarial-meili\/#breadcrumb","itemListElement":[{"@type":"ListItem","position":1,"name":"Startseite","item":"https:\/\/www.acps-automotive.com\/es\/"},{"@type":"ListItem","position":2,"name":"Empresa","item":"https:\/\/www.acps-automotive.com\/es\/empresa\/"},{"@type":"ListItem","position":3,"name":"Prensa","item":"https:\/\/www.acps-automotive.com\/es\/empresa\/prensa\/"},{"@type":"ListItem","position":4,"name":"ACPS Automotive pasa a formar parte independiente del grupo empresarial Meili"}]},{"@type":"WebSite","@id":"https:\/\/www.acps-automotive.com\/es\/#website","url":"https:\/\/www.acps-automotive.com\/es\/","name":"ACPS Automotive GmbH","description":"Innovative Anh\u00e4ngekupplungen","publisher":{"@id":"https:\/\/www.acps-automotive.com\/es\/#organization"},"potentialAction":[{"@type":"SearchAction","target":{"@type":"EntryPoint","urlTemplate":"https:\/\/www.acps-automotive.com\/es\/?s={search_term_string}"},"query-input":{"@type":"PropertyValueSpecification","valueRequired":true,"valueName":"search_term_string"}}],"inLanguage":"es"},{"@type":"Organization","@id":"https:\/\/www.acps-automotive.com\/es\/#organization","name":"ACPS Automotive GmbH","url":"https:\/\/www.acps-automotive.com\/es\/","logo":{"@type":"ImageObject","inLanguage":"es","@id":"https:\/\/www.acps-automotive.com\/es\/#\/schema\/logo\/image\/","url":"https:\/\/www.acps-automotive.com\/wp-content\/uploads\/_media\/_allgemein\/Logo-Footer-ACPS-Automotive.png","contentUrl":"https:\/\/www.acps-automotive.com\/wp-content\/uploads\/_media\/_allgemein\/Logo-Footer-ACPS-Automotive.png","width":239,"height":32,"caption":"ACPS Automotive GmbH"},"image":{"@id":"https:\/\/www.acps-automotive.com\/es\/#\/schema\/logo\/image\/"},"sameAs":["https:\/\/x.com\/ACPS_Automotive","https:\/\/www.linkedin.com\/company\/acps-automotive-gmbh\/","https:\/\/www.instagram.com\/acps_ausbildung\/","https:\/\/www.youtube.com\/channel\/UC2jxrgWwpxpkay2aHWV5SaQ"]}]}},"_links":{"self":[{"href":"https:\/\/www.acps-automotive.com\/es\/wp-json\/wp\/v2\/pages\/29721","targetHints":{"allow":["GET"]}}],"collection":[{"href":"https:\/\/www.acps-automotive.com\/es\/wp-json\/wp\/v2\/pages"}],"about":[{"href":"https:\/\/www.acps-automotive.com\/es\/wp-json\/wp\/v2\/types\/page"}],"author":[{"embeddable":true,"href":"https:\/\/www.acps-automotive.com\/es\/wp-json\/wp\/v2\/users\/9"}],"replies":[{"embeddable":true,"href":"https:\/\/www.acps-automotive.com\/es\/wp-json\/wp\/v2\/comments?post=29721"}],"version-history":[{"count":8,"href":"https:\/\/www.acps-automotive.com\/es\/wp-json\/wp\/v2\/pages\/29721\/revisions"}],"predecessor-version":[{"id":29787,"href":"https:\/\/www.acps-automotive.com\/es\/wp-json\/wp\/v2\/pages\/29721\/revisions\/29787"}],"up":[{"embeddable":true,"href":"https:\/\/www.acps-automotive.com\/es\/wp-json\/wp\/v2\/pages\/27202"}],"wp:attachment":[{"href":"https:\/\/www.acps-automotive.com\/es\/wp-json\/wp\/v2\/media?parent=29721"}],"curies":[{"name":"wp","href":"https:\/\/api.w.org\/{rel}","templated":true}]}}