{"id":28799,"date":"2026-03-05T16:54:39","date_gmt":"2026-03-05T15:54:39","guid":{"rendered":"https:\/\/www.acps-automotive.com\/?page_id=28799"},"modified":"2026-03-05T17:04:58","modified_gmt":"2026-03-05T16:04:58","slug":"comienzo-en-el-mercado-posventa-norteamericano","status":"publish","type":"page","link":"https:\/\/www.acps-automotive.com\/es\/empresa\/prensa\/comienzo-en-el-mercado-posventa-norteamericano\/","title":{"rendered":"Comienzo en el mercado posventa norteamericano"},"content":{"rendered":"<div class=\"vgblk-rw-wrapper limit-wrapper\">\n\n\t<h3><strong>25\/10\/2023<\/strong> | Lanzamiento en el mercado posventa norteamericano<\/h3>\n<p><strong>Receptores giratorios y desmontables: ACPS Automotive lleva la tecnolog\u00eda premium ORIS al mercado de repuestos norteamericano.<\/strong><\/p>\n<p><strong>Con su marca premium ORIS, ACPS Automotive es l\u00edder del mercado en el desarrollo, la fabricaci\u00f3n y la distribuci\u00f3n de enganches para remolques para turismos, SUV y furgonetas en Europa. Ahora, ORIS tambi\u00e9n se lanza al mercado norteamericano de recambios con dos innovadoras tecnolog\u00edas de enganches para remolques. La empresa, con sede en Alemania y su filial norteamericana en Troy, M\u00edchigan, ha conseguido como socio a la conocida marca estadounidense TowSmart. El experto en necesidades de transporte se encargar\u00e1 de la distribuci\u00f3n de las innovadoras tecnolog\u00edas ORIS en Norteam\u00e9rica.<\/strong><\/p>\n<p>Desde Troy, ACPS Automotive opera en el mercado norteamericano con el objetivo de generar un mayor crecimiento en EE. UU. con su entrada en el mercado de repuestos: el inventor del primer enganche para remolque desaparecido del mundo (disappearing trailer hitchTM) traslada ahora todo su saber hacer y su experiencia del mercado europeo al norteamericano.<\/p>\n<p>ACPS Automotive ya ha desarrollado y producido enganches para remolques para fabricantes de autom\u00f3viles de todo el mundo. En el mercado posventa norteamericano, la intuitiva tecnolog\u00eda de enganches para remolques ORIS se ofrecer\u00e1 especialmente para veh\u00edculos el\u00e9ctricos y de bajo consumo. Los enganches para remolques ORIS son m\u00f3viles y vers\u00e1tiles. Ofrecen una seguridad y durabilidad sin precedentes en un dise\u00f1o de vanguardia que aumenta el valor de un veh\u00edculo en lugar de reducirlo.<\/p>\n<p>Hasta ahora, solo ACPS Automotive ofrec\u00eda receptores giratorios en el mercado OE de EE. UU. y solo para unos pocos modelos de veh\u00edculos. Ahora, la empresa tambi\u00e9n pondr\u00e1 esta gama a disposici\u00f3n del mercado de repuestos norteamericano gracias a dos nuevas e innovadoras tecnolog\u00edas de enganches para remolques. Ambos sistemas estar\u00e1n disponibles cuando se necesiten, sin afectar al dise\u00f1o del veh\u00edculo.<\/p>\n<p><strong>ORIS DM-III desapareciendo enganche<sup>TM<\/sup><\/strong><\/p>\n<p>El enganche ORIS DM-III disappearing hitch<sup>TM<\/sup> es la soluci\u00f3n ideal para todos aquellos que buscan rapidez y, sobre todo, facilidad de uso y comodidad. El enganche ORIS DM-III disappearing hitch<sup>TM<\/sup> solo es visible cuando se necesita. Con un solo movimiento, el receptor gira a la posici\u00f3n de funcionamiento y se bloquea inmediatamente. Cuando no se necesita el enganche, el receptor desaparece con un solo tir\u00f3n de la palanca y un sencillo movimiento hacia atr\u00e1s, quedando oculto detr\u00e1s del parachoques.<\/p>\n<p><strong>Con el ORIS DM III disappearing hitch<sup>TM<\/sup>, ACPS Automotive ha desarrollado un sistema de reequipamiento que se caracteriza por su manejo r\u00e1pido y c\u00f3modo, su dise\u00f1o robusto y su f\u00e1cil montaje.<\/strong><\/p>\n<strong>Receptor desmontable ORIS AK41<\/strong><br \/>\nPara aquellos que solo utilizan un enganche de remolque de forma ocasional y dan importancia al aspecto de su veh\u00edculo y a una buena relaci\u00f3n calidad-precio, un enganche de remolque fijo o giratorio instalado en su propio coche no supone ning\u00fan valor a\u00f1adido. Aqu\u00ed es donde entra en juego la innovadora tecnolog\u00eda de enganche de remolque desmontable ORIS AK41 de ACPS Automotive.\n<p>El sistema se caracteriza por su construcci\u00f3n robusta con calidad OE. Cuando no se necesita, el receptor se puede retirar f\u00e1cilmente. Gracias al ORIS AK41, los conductores pueden mantener el aspecto de su veh\u00edculo sin cambios. Adem\u00e1s, se benefician de un montaje sencillo y de un bloqueo seguro y totalmente autom\u00e1tico. El mecanismo de bloqueo se utiliza desde hace a\u00f1os en los principales fabricantes de autom\u00f3viles.<\/p>\n<p><strong>El receptor ORIS AK41 es sin duda la soluci\u00f3n ideal para los conductores que dan menos importancia a la rapidez y la comodidad y prestan mucha m\u00e1s atenci\u00f3n al precio.<\/strong><\/p>\n<p>Los receptores ORIS para reequipamiento, dise\u00f1ados para ofrecer flexibilidad y facilidad de uso, ofrecen todas las ventajas de los sistemas giratorios y desmontables que instalan originalmente los fabricantes de autom\u00f3viles. Ya sea para el tiempo libre o para el trabajo diario: ORIS tiene la soluci\u00f3n de enganche para remolque adecuada para cada necesidad.<\/p>\n\u00abTecnolog\u00eda ORIS ofrecida por TowSmart\u00bb<br \/>\nLa distribuci\u00f3n de los productos ORIS para el mercado de repuestos se realiza a trav\u00e9s de la conocida marca estadouni\nDurante la feria SEMA Show, que se celebrar\u00e1 en Las Vegas del 31 de octubre al 3 de noviembre de 2023, Winston presentar\u00e1 la marca ORIS y sus innovadores productos, en particular el DM-III disappearing trailer hitch\u2122, al mercado norteamericano. El lanzamiento oficial al mercado tendr\u00e1 lugar en el primer trimestre de 2024.<br \/>\nEntre los primeros productos para el mercado posventa norteamericano se encuentran el ORIS DM-III disappearing hitch\u2122 para Tesla Model S, Ford Mach-e y Cadillac XT-4, mientras que la tecnolog\u00eda desmontable ORIS AK41 har\u00e1 su debut en Toyota RAV4, Volvo XC60 y Mercedes GLB\/GLA. Le seguir\u00e1n nuevos desarrollos para otros modelos de veh\u00edculos.\nQui\u00e9nes somos<br \/>\nCon m\u00e1s de 65 a\u00f1os de experiencia, m\u00e1s de 2200 empleados y tres f\u00e1bricas, ACPS Automotive es hoy l\u00edder mundial en tecnolog\u00eda y mercado en el sector de los enganches para remolques para turismos, SUV y furgonetas en Europa. M\u00e1s de 140 patentes en todo el mundo dan fe del liderazgo tecnol\u00f3gico y de innovaci\u00f3n de la empresa, que contribuye de manera decisiva al progreso tecnol\u00f3gico en el \u00e1mbito de las soluciones innovadoras para remolques. Como desarrollador y fabricante, ACPS Automotive establece est\u00e1ndares en su sede central en Alemania y en diez ubicaciones en todo el mundo.<br \/>\nLa filial ACPS Automotive Inc., con sede en Troy, M\u00edchigan, desarrolla, produce y distribuye sus innovadores y seguros dispositivos de remolque en Norteam\u00e9rica.<br \/>\nEn beneficio de sus clientes: la industria automovil\u00edstica internacional de equipamiento original y las empresas del mercado posventa del autom\u00f3vil. Los enganches garantizan una conexi\u00f3n especialmente segura y c\u00f3moda entre veh\u00edculos y caravanas, portabicicletas, remolques para barcos y caballos, tanto en el \u00e1mbito privado como en el comercial. ACPS Automotive se fund\u00f3 en 1955 cerca de Stuttgart, Alemania, y es conocida en Europa bajo la marca ORIS. En 2022 se gener\u00f3 una facturaci\u00f3n anual de alrededor de 360 millones de euros.\n\t<p><a href=\"https:\/\/www.acps-automotive.com\/wp-content\/uploads\/_media\/unternehmen\/presse\/2023\/Kick-off-North-American-Aftermarket.pdf\" target=\"_blank\" rel=\"noopener\">Download [PDF]<\/a>\u00a0<a href=\"https:\/\/www.acps-automotive.com\/wp-content\/uploads\/_media\/unternehmen\/presse\/2023\/Kick-off-North-American-Aftermarket.zip\" target=\"_blank\" rel=\"noopener\">Download [Zip]<\/a><\/p>\n\t<p><a href=\"https:\/\/www.acps-automotive.com\/wp-content\/uploads\/_media\/unternehmen\/presse\/2023\/ORIS-DM-III-disappearing-trailer-hitches-scaled.jpg\"><img loading=\"lazy\" decoding=\"async\" src=\"https:\/\/www.acps-automotive.com\/wp-content\/uploads\/_media\/unternehmen\/presse\/2023\/ORIS-DM-III-disappearing-trailer-hitches-300x172.jpg\" alt=\"\" width=\"300\" height=\"172\" \/><\/a><\/p>\n\t<h2><strong>Contacto para la prensa<\/strong><\/h2>\n<strong>ACPS Automotive GmbH<\/strong><br \/>\nDagmar Hinz |\u00a0Directora de Comunicaci\u00f3n y Marketing<br \/>\nBertha-Benz-Str. 2, 74379 Ingersheim, Alemania\nTel: +49 (0) 7142 9930-124<br \/>\nCorreo electr\u00f3nico: <a href=\"mailto:dagmar&#46;hinz&#64;acps-&#97;&#117;&#116;&#111;&#109;&#111;&#116;&#105;&#118;&#101;&#46;&#99;&#111;&#109;\">d&#97;&#103;&#x6d;&#x61;&#x72;&#46;&#104;&#105;&#x6e;&#x7a;&#x40;ac&#112;&#x73;&#x2d;&#x61;ut&#111;&#109;&#x6f;&#x74;&#x69;v&#101;&#46;&#x63;&#x6f;&#x6d;<\/a>\n\t<p><a href=\"https:\/\/www.acps-automotive.com\/es\/empresa\/prensa\/\">\u2190 Volver al resumen<\/a><\/p>\n\n<\/div><!-- .vgblk-rw-wrapper -->","protected":false},"excerpt":{"rendered":"<p>25\/10\/2023 | Lanzamiento en el mercado posventa norteamericano Receptores giratorios y desmontables: ACPS Automotive lleva la tecnolog\u00eda premium ORIS al mercado de repuestos norteamericano. Con su marca premium ORIS, ACPS Automotive es l\u00edder del mercado en el desarrollo, la fabricaci\u00f3n y la distribuci\u00f3n de enganches para remolques para turismos, SUV y furgonetas en Europa. Ahora,&#8230;<\/p>\n","protected":false},"author":1,"featured_media":0,"parent":27202,"menu_order":1,"comment_status":"closed","ping_status":"closed","template":"","meta":{"inline_featured_image":false,"_price":"","_stock":"","_tribe_ticket_header":"","_tribe_default_ticket_provider":"","_tribe_ticket_capacity":"0","_ticket_start_date":"","_ticket_end_date":"","_tribe_ticket_show_description":"","_tribe_ticket_show_not_going":false,"_tribe_ticket_use_global_stock":"","_tribe_ticket_global_stock_level":"","_global_stock_mode":"","_global_stock_cap":"","_tribe_rsvp_for_event":"","_tribe_ticket_going_count":"","_tribe_ticket_not_going_count":"","_tribe_tickets_list":"[]","_tribe_ticket_has_attendee_info_fields":false,"footnotes":""},"class_list":["post-28799","page","type-page","status-publish","hentry"],"yoast_head":"<!-- This site is optimized with the Yoast SEO plugin v27.2 - https:\/\/yoast.com\/product\/yoast-seo-wordpress\/ -->\n<title>Prensa | ACPS Automotive<\/title>\n<meta name=\"description\" content=\"Aqu\u00ed encontrar\u00e1 las \u00faltimas noticias de prensa de ACPS Automotive. \u25baNoticias muy informativas para usted.\" \/>\n<meta name=\"robots\" content=\"index, follow, max-snippet:-1, max-image-preview:large, max-video-preview:-1\" \/>\n<link rel=\"canonical\" href=\"https:\/\/www.acps-automotive.com\/es\/empresa\/prensa\/comienzo-en-el-mercado-posventa-norteamericano\/\" \/>\n<meta property=\"og:locale\" content=\"es_ES\" \/>\n<meta property=\"og:type\" content=\"article\" \/>\n<meta property=\"og:title\" content=\"Prensa | ACPS Automotive\" \/>\n<meta property=\"og:description\" content=\"Aqu\u00ed encontrar\u00e1 las \u00faltimas noticias de prensa de ACPS Automotive. \u25baNoticias muy informativas para usted.\" \/>\n<meta property=\"og:url\" content=\"https:\/\/www.acps-automotive.com\/es\/empresa\/prensa\/comienzo-en-el-mercado-posventa-norteamericano\/\" \/>\n<meta property=\"og:site_name\" content=\"ACPS Automotive GmbH\" \/>\n<meta property=\"article:modified_time\" content=\"2026-03-05T16:04:58+00:00\" \/>\n<meta property=\"og:image\" content=\"https:\/\/www.acps-automotive.com\/wp-content\/uploads\/_media\/unternehmen\/presse\/2023\/ORIS-DM-III-disappearing-trailer-hitches-300x172.jpg\" \/>\n<meta name=\"twitter:card\" content=\"summary_large_image\" \/>\n<meta name=\"twitter:site\" content=\"@ACPS_Automotive\" \/>\n<meta name=\"twitter:label1\" content=\"Tiempo de lectura\" \/>\n\t<meta name=\"twitter:data1\" content=\"5 minutos\" \/>\n<script type=\"application\/ld+json\" class=\"yoast-schema-graph\">{\"@context\":\"https:\/\/schema.org\",\"@graph\":[{\"@type\":\"WebPage\",\"@id\":\"https:\/\/www.acps-automotive.com\/es\/empresa\/prensa\/comienzo-en-el-mercado-posventa-norteamericano\/\",\"url\":\"https:\/\/www.acps-automotive.com\/es\/empresa\/prensa\/comienzo-en-el-mercado-posventa-norteamericano\/\",\"name\":\"Prensa | ACPS Automotive\",\"isPartOf\":{\"@id\":\"https:\/\/www.acps-automotive.com\/es\/#website\"},\"primaryImageOfPage\":{\"@id\":\"https:\/\/www.acps-automotive.com\/es\/empresa\/prensa\/comienzo-en-el-mercado-posventa-norteamericano\/#primaryimage\"},\"image\":{\"@id\":\"https:\/\/www.acps-automotive.com\/es\/empresa\/prensa\/comienzo-en-el-mercado-posventa-norteamericano\/#primaryimage\"},\"thumbnailUrl\":\"https:\/\/www.acps-automotive.com\/wp-content\/uploads\/_media\/unternehmen\/presse\/2023\/ORIS-DM-III-disappearing-trailer-hitches-300x172.jpg\",\"datePublished\":\"2026-03-05T15:54:39+00:00\",\"dateModified\":\"2026-03-05T16:04:58+00:00\",\"description\":\"Aqu\u00ed encontrar\u00e1 las \u00faltimas noticias de prensa de ACPS Automotive. \u25baNoticias muy informativas para usted.\",\"breadcrumb\":{\"@id\":\"https:\/\/www.acps-automotive.com\/es\/empresa\/prensa\/comienzo-en-el-mercado-posventa-norteamericano\/#breadcrumb\"},\"inLanguage\":\"es\",\"potentialAction\":[{\"@type\":\"ReadAction\",\"target\":[\"https:\/\/www.acps-automotive.com\/es\/empresa\/prensa\/comienzo-en-el-mercado-posventa-norteamericano\/\"]}]},{\"@type\":\"ImageObject\",\"inLanguage\":\"es\",\"@id\":\"https:\/\/www.acps-automotive.com\/es\/empresa\/prensa\/comienzo-en-el-mercado-posventa-norteamericano\/#primaryimage\",\"url\":\"https:\/\/www.acps-automotive.com\/wp-content\/uploads\/_media\/unternehmen\/presse\/2023\/ORIS-DM-III-disappearing-trailer-hitches-300x172.jpg\",\"contentUrl\":\"https:\/\/www.acps-automotive.com\/wp-content\/uploads\/_media\/unternehmen\/presse\/2023\/ORIS-DM-III-disappearing-trailer-hitches-300x172.jpg\"},{\"@type\":\"BreadcrumbList\",\"@id\":\"https:\/\/www.acps-automotive.com\/es\/empresa\/prensa\/comienzo-en-el-mercado-posventa-norteamericano\/#breadcrumb\",\"itemListElement\":[{\"@type\":\"ListItem\",\"position\":1,\"name\":\"Startseite\",\"item\":\"https:\/\/www.acps-automotive.com\/es\/\"},{\"@type\":\"ListItem\",\"position\":2,\"name\":\"Empresa\",\"item\":\"https:\/\/www.acps-automotive.com\/es\/empresa\/\"},{\"@type\":\"ListItem\",\"position\":3,\"name\":\"Prensa\",\"item\":\"https:\/\/www.acps-automotive.com\/es\/empresa\/prensa\/\"},{\"@type\":\"ListItem\",\"position\":4,\"name\":\"Comienzo en el mercado posventa norteamericano\"}]},{\"@type\":\"WebSite\",\"@id\":\"https:\/\/www.acps-automotive.com\/es\/#website\",\"url\":\"https:\/\/www.acps-automotive.com\/es\/\",\"name\":\"ACPS Automotive GmbH\",\"description\":\"Innovative Anh\u00e4ngekupplungen\",\"publisher\":{\"@id\":\"https:\/\/www.acps-automotive.com\/es\/#organization\"},\"potentialAction\":[{\"@type\":\"SearchAction\",\"target\":{\"@type\":\"EntryPoint\",\"urlTemplate\":\"https:\/\/www.acps-automotive.com\/es\/?s={search_term_string}\"},\"query-input\":{\"@type\":\"PropertyValueSpecification\",\"valueRequired\":true,\"valueName\":\"search_term_string\"}}],\"inLanguage\":\"es\"},{\"@type\":\"Organization\",\"@id\":\"https:\/\/www.acps-automotive.com\/es\/#organization\",\"name\":\"ACPS Automotive GmbH\",\"url\":\"https:\/\/www.acps-automotive.com\/es\/\",\"logo\":{\"@type\":\"ImageObject\",\"inLanguage\":\"es\",\"@id\":\"https:\/\/www.acps-automotive.com\/es\/#\/schema\/logo\/image\/\",\"url\":\"https:\/\/www.acps-automotive.com\/wp-content\/uploads\/_media\/_allgemein\/Logo-Footer-ACPS-Automotive.png\",\"contentUrl\":\"https:\/\/www.acps-automotive.com\/wp-content\/uploads\/_media\/_allgemein\/Logo-Footer-ACPS-Automotive.png\",\"width\":239,\"height\":32,\"caption\":\"ACPS Automotive GmbH\"},\"image\":{\"@id\":\"https:\/\/www.acps-automotive.com\/es\/#\/schema\/logo\/image\/\"},\"sameAs\":[\"https:\/\/x.com\/ACPS_Automotive\",\"https:\/\/www.linkedin.com\/company\/acps-automotive-gmbh\/\",\"https:\/\/www.instagram.com\/acps_ausbildung\/\",\"https:\/\/www.youtube.com\/channel\/UC2jxrgWwpxpkay2aHWV5SaQ\"]}]}<\/script>\n<!-- \/ Yoast SEO plugin. -->","yoast_head_json":{"title":"Prensa | ACPS Automotive","description":"Aqu\u00ed encontrar\u00e1 las \u00faltimas noticias de prensa de ACPS Automotive. \u25baNoticias muy informativas para usted.","robots":{"index":"index","follow":"follow","max-snippet":"max-snippet:-1","max-image-preview":"max-image-preview:large","max-video-preview":"max-video-preview:-1"},"canonical":"https:\/\/www.acps-automotive.com\/es\/empresa\/prensa\/comienzo-en-el-mercado-posventa-norteamericano\/","og_locale":"es_ES","og_type":"article","og_title":"Prensa | ACPS Automotive","og_description":"Aqu\u00ed encontrar\u00e1 las \u00faltimas noticias de prensa de ACPS Automotive. \u25baNoticias muy informativas para usted.","og_url":"https:\/\/www.acps-automotive.com\/es\/empresa\/prensa\/comienzo-en-el-mercado-posventa-norteamericano\/","og_site_name":"ACPS Automotive GmbH","article_modified_time":"2026-03-05T16:04:58+00:00","og_image":[{"url":"https:\/\/www.acps-automotive.com\/wp-content\/uploads\/_media\/unternehmen\/presse\/2023\/ORIS-DM-III-disappearing-trailer-hitches-300x172.jpg","type":"","width":"","height":""}],"twitter_card":"summary_large_image","twitter_site":"@ACPS_Automotive","twitter_misc":{"Tiempo de lectura":"5 minutos"},"schema":{"@context":"https:\/\/schema.org","@graph":[{"@type":"WebPage","@id":"https:\/\/www.acps-automotive.com\/es\/empresa\/prensa\/comienzo-en-el-mercado-posventa-norteamericano\/","url":"https:\/\/www.acps-automotive.com\/es\/empresa\/prensa\/comienzo-en-el-mercado-posventa-norteamericano\/","name":"Prensa | ACPS Automotive","isPartOf":{"@id":"https:\/\/www.acps-automotive.com\/es\/#website"},"primaryImageOfPage":{"@id":"https:\/\/www.acps-automotive.com\/es\/empresa\/prensa\/comienzo-en-el-mercado-posventa-norteamericano\/#primaryimage"},"image":{"@id":"https:\/\/www.acps-automotive.com\/es\/empresa\/prensa\/comienzo-en-el-mercado-posventa-norteamericano\/#primaryimage"},"thumbnailUrl":"https:\/\/www.acps-automotive.com\/wp-content\/uploads\/_media\/unternehmen\/presse\/2023\/ORIS-DM-III-disappearing-trailer-hitches-300x172.jpg","datePublished":"2026-03-05T15:54:39+00:00","dateModified":"2026-03-05T16:04:58+00:00","description":"Aqu\u00ed encontrar\u00e1 las \u00faltimas noticias de prensa de ACPS Automotive. \u25baNoticias muy informativas para usted.","breadcrumb":{"@id":"https:\/\/www.acps-automotive.com\/es\/empresa\/prensa\/comienzo-en-el-mercado-posventa-norteamericano\/#breadcrumb"},"inLanguage":"es","potentialAction":[{"@type":"ReadAction","target":["https:\/\/www.acps-automotive.com\/es\/empresa\/prensa\/comienzo-en-el-mercado-posventa-norteamericano\/"]}]},{"@type":"ImageObject","inLanguage":"es","@id":"https:\/\/www.acps-automotive.com\/es\/empresa\/prensa\/comienzo-en-el-mercado-posventa-norteamericano\/#primaryimage","url":"https:\/\/www.acps-automotive.com\/wp-content\/uploads\/_media\/unternehmen\/presse\/2023\/ORIS-DM-III-disappearing-trailer-hitches-300x172.jpg","contentUrl":"https:\/\/www.acps-automotive.com\/wp-content\/uploads\/_media\/unternehmen\/presse\/2023\/ORIS-DM-III-disappearing-trailer-hitches-300x172.jpg"},{"@type":"BreadcrumbList","@id":"https:\/\/www.acps-automotive.com\/es\/empresa\/prensa\/comienzo-en-el-mercado-posventa-norteamericano\/#breadcrumb","itemListElement":[{"@type":"ListItem","position":1,"name":"Startseite","item":"https:\/\/www.acps-automotive.com\/es\/"},{"@type":"ListItem","position":2,"name":"Empresa","item":"https:\/\/www.acps-automotive.com\/es\/empresa\/"},{"@type":"ListItem","position":3,"name":"Prensa","item":"https:\/\/www.acps-automotive.com\/es\/empresa\/prensa\/"},{"@type":"ListItem","position":4,"name":"Comienzo en el mercado posventa norteamericano"}]},{"@type":"WebSite","@id":"https:\/\/www.acps-automotive.com\/es\/#website","url":"https:\/\/www.acps-automotive.com\/es\/","name":"ACPS Automotive GmbH","description":"Innovative Anh\u00e4ngekupplungen","publisher":{"@id":"https:\/\/www.acps-automotive.com\/es\/#organization"},"potentialAction":[{"@type":"SearchAction","target":{"@type":"EntryPoint","urlTemplate":"https:\/\/www.acps-automotive.com\/es\/?s={search_term_string}"},"query-input":{"@type":"PropertyValueSpecification","valueRequired":true,"valueName":"search_term_string"}}],"inLanguage":"es"},{"@type":"Organization","@id":"https:\/\/www.acps-automotive.com\/es\/#organization","name":"ACPS Automotive GmbH","url":"https:\/\/www.acps-automotive.com\/es\/","logo":{"@type":"ImageObject","inLanguage":"es","@id":"https:\/\/www.acps-automotive.com\/es\/#\/schema\/logo\/image\/","url":"https:\/\/www.acps-automotive.com\/wp-content\/uploads\/_media\/_allgemein\/Logo-Footer-ACPS-Automotive.png","contentUrl":"https:\/\/www.acps-automotive.com\/wp-content\/uploads\/_media\/_allgemein\/Logo-Footer-ACPS-Automotive.png","width":239,"height":32,"caption":"ACPS Automotive GmbH"},"image":{"@id":"https:\/\/www.acps-automotive.com\/es\/#\/schema\/logo\/image\/"},"sameAs":["https:\/\/x.com\/ACPS_Automotive","https:\/\/www.linkedin.com\/company\/acps-automotive-gmbh\/","https:\/\/www.instagram.com\/acps_ausbildung\/","https:\/\/www.youtube.com\/channel\/UC2jxrgWwpxpkay2aHWV5SaQ"]}]}},"_links":{"self":[{"href":"https:\/\/www.acps-automotive.com\/es\/wp-json\/wp\/v2\/pages\/28799","targetHints":{"allow":["GET"]}}],"collection":[{"href":"https:\/\/www.acps-automotive.com\/es\/wp-json\/wp\/v2\/pages"}],"about":[{"href":"https:\/\/www.acps-automotive.com\/es\/wp-json\/wp\/v2\/types\/page"}],"author":[{"embeddable":true,"href":"https:\/\/www.acps-automotive.com\/es\/wp-json\/wp\/v2\/users\/1"}],"replies":[{"embeddable":true,"href":"https:\/\/www.acps-automotive.com\/es\/wp-json\/wp\/v2\/comments?post=28799"}],"version-history":[{"count":2,"href":"https:\/\/www.acps-automotive.com\/es\/wp-json\/wp\/v2\/pages\/28799\/revisions"}],"predecessor-version":[{"id":28802,"href":"https:\/\/www.acps-automotive.com\/es\/wp-json\/wp\/v2\/pages\/28799\/revisions\/28802"}],"up":[{"embeddable":true,"href":"https:\/\/www.acps-automotive.com\/es\/wp-json\/wp\/v2\/pages\/27202"}],"wp:attachment":[{"href":"https:\/\/www.acps-automotive.com\/es\/wp-json\/wp\/v2\/media?parent=28799"}],"curies":[{"name":"wp","href":"https:\/\/api.w.org\/{rel}","templated":true}]}}