{"id":28792,"date":"2026-03-05T16:42:54","date_gmt":"2026-03-05T15:42:54","guid":{"rendered":"https:\/\/www.acps-automotive.com\/?page_id=28792"},"modified":"2026-03-05T16:51:37","modified_gmt":"2026-03-05T15:51:37","slug":"comienzo-de-las-obras-de-la-nueva-sede-central-de-la-empresa","status":"publish","type":"page","link":"https:\/\/www.acps-automotive.com\/es\/empresa\/prensa\/comienzo-de-las-obras-de-la-nueva-sede-central-de-la-empresa\/","title":{"rendered":"Comienzo de las obras de la nueva sede central de ACPS Automotive con centro de desarrollo"},"content":{"rendered":"<div class=\"vgblk-rw-wrapper limit-wrapper\">\n\n\t<h3><strong>02\/07\/2019<\/strong> | Comienzo de las obras de la nueva sede central de ACPS Automotive con centro de desarrollo<\/h3>\n<p><strong>ACPS Automotive celebr\u00f3 hoy junto con el Dr. Christian Su\u00dfner , concejal de Medio Ambiente y Urbanismo de la Oficina del Distrito de Ludwigsburg; Volker Godel, alcalde del municipio de Ingersheim; J\u00fcrgen Kessing, alcalde de la ciudad de Bietigheim-Bissingen; Thomas S. Bopp, presidente de la Asociaci\u00f3n de la Regi\u00f3n de Stuttgart; empleados, patrocinadores, el promotor Brand Real Estate y el contratista general Goldbeck S\u00fcd.<\/strong><\/p>\n<p>ACPS Automotive tiene previsto crecer considerablemente en los pr\u00f3ximos a\u00f1os y, por lo tanto, necesita espacio adicional, que le ofrece el nuevo edificio de Ingersheim. Adem\u00e1s de las modernas instalaciones, otro argumento a favor fue la atractiva ubicaci\u00f3n, muy cerca de la sede actual de la empresa en Markgr\u00f6ningen, a la que nuestros empleados pueden seguir accediendo f\u00e1cilmente. Una de las principales preocupaciones de ACPS Automotive es ofrecer a sus empleados actuales y futuros un entorno de trabajo que fomente la creatividad y la innovaci\u00f3n. El compromiso de ACPS Automotive con la zona metropolitana de Stuttgart, con su fuerte vinculaci\u00f3n al sector de la automoci\u00f3n, y con las ra\u00edces de la empresa en esta regi\u00f3n tambi\u00e9n fue decisivo para la elecci\u00f3n de la nueva ubicaci\u00f3n en Ingersheim.<\/p>\n<p>\u00abMe complace enormemente que ACPS Automotive invierta en una nueva sede central con centro de desarrollo en el pol\u00edgono industrial de Ingersheim: el proyecto demuestra el atractivo que tiene el distrito de Ludwigsburg para empresas innovadoras y con presencia internacional como ACPS Automotive\u00bb, afirma el presidente del distrito de Ludwigsburg, Dr. Rainer Haas.<\/p>\n<p>\u00abLa implantaci\u00f3n de ACPS Automotive es una decisi\u00f3n importante para Ingersheim y la asociaci\u00f3n Zweckverband Gewerbepark Bietigheimer Weg, y enriquece nuestro pol\u00edgono industrial. Estamos muy agradecidos por la creaci\u00f3n de puestos de trabajo de alta calidad. Esto demuestra la calidad de la ubicaci\u00f3n de Ingersheim y nos anima a seguir desarrollando el pol\u00edgono industrial\u00bb, afirma el alcalde Volker Godel, del municipio de Ingersheim.<\/p>\n<p>El alcalde J\u00fcrgen Kessing felicita a la empresa por su elecci\u00f3n de ubicaci\u00f3n: \u00abEsto demuestra que nuestra decisi\u00f3n de crear un pol\u00edgono industrial conjunto entre Ingersheim y Bietigheim-Bissingen fue acertada. Aseguramos puestos de trabajo y, con ello, el futuro de nuestra poblaci\u00f3n\u00bb.<\/p>\n<p>\u00abCon ACPS Automotive GmbH hemos ganado un inquilino muy comprometido y con visi\u00f3n de futuro, que se implica al 100 % en la realizaci\u00f3n del proyecto y garantiza as\u00ed un uso a largo plazo de esta atractiva ubicaci\u00f3n. Nuestro socio en la realizaci\u00f3n, Goldbeck, nos garantiza una entrega al inquilino dentro del plazo y dentro del presupuesto\u00bb, afirma Michael Brand, socio gerente de Brand Real Estate GmbH. Antecedentes: Goldbeck construye con un sistema de elementos prefabricados que se montan directamente en la obra, lo que permite construir con rapidez y sin depender de las condiciones meteorol\u00f3gicas.<\/p>\nPie de foto:<br \/>\nPrimera palada en el pol\u00edgono industrial de Ingersheim: diez participantes en el proyecto, entre ellos ACPS Automotive, pol\u00edticos locales y la asociaci\u00f3n \u00abGewerbepark Bietigheimer Weg\u00bb, dan oficialmente el pistoletazo de salida a la nueva construcci\u00f3n de la sede central de ACPS Automotive.\n<p><strong>Nueva construcci\u00f3n prevista \/ Pol\u00edgono industrial de Ingersheim<\/strong><\/p>\n<ul>\n<li>Nueva sede central y centro de desarrollo para aproximadamente 200 empleados<br \/>\nCon el nuevo edificio previsto en el pol\u00edgono industrial de Ingersheim (Zweckverband Gewerbepark Bietigheimer Weg), ACPS Automotive apuesta por la regi\u00f3n de Stuttgart, con su fuerte vinculaci\u00f3n al sector automovil\u00edstico. Adem\u00e1s, aqu\u00ed es donde la empresa tiene sus ra\u00edces.<\/li>\n<li>Superficie del terreno de aproximadamente 9750 m\u00b2<\/li>\n<li>Superficie de oficinas de aprox. 4400 m\u00b2<\/li>\n<li>3 plantas<\/li>\n<li>Amplio y nuevo edificio de oficinas que cumple con los requisitos modernos: concepto sin barreras<\/li>\n<li>Condiciones \u00f3ptimas para el desarrollo de tecnolog\u00edas punteras con futuro<\/li>\n<li>Superficie de naves de aprox. 1200 m\u00b2<\/li>\n<li>Plazas de aparcamiento para empleados<\/li>\n<li>Contratista general: Goldbeck S\u00fcd GmbH<\/li>\n<li>Propietario: Brand Real Estate GmbH<\/li>\n<\/ul>\n<strong><br \/>\nLa empresa<\/strong><br \/>\nACPS Automotive es l\u00edder del mercado en dispositivos de remolque para turismos, SUV y furgonetas. La empresa es sin\u00f3nimo de liderazgo tecnol\u00f3gico y aspira a dar forma a los mercados con sus innovaciones. M\u00e1s de 140 patentes dan fe de su marcada cultura de innovaci\u00f3n.<br \/>\nACPS Automotive, como desarrollador y fabricante, establece est\u00e1ndares con la tecnolog\u00eda de sus soluciones de transporte en su sede central de Ingersheim y en diez ubicaciones en todo el mundo. De ello se benefician nuestros clientes: la industria automovil\u00edstica internacional en el sector de los equipos originales y las empresas del mercado de accesorios en el sector de los equipos de recambio.<br \/>\nACPS Automotive cuenta con unos 2000 empleados, fue fundada en 1955 en M\u00f6glingen, cerca de Stuttgart, y es conocida bajo la marca ORIS. Gracias al desarrollo de numerosas innovaciones, nuestra empresa ha marcado el mercado de los dispositivos de remolque y lo ha convertido en lo que es hoy. Ya en los a\u00f1os 70 desarrollamos el primer dispositivo de remolque desmontable del mundo, con muchas ventajas frente a las variantes fijas que exist\u00edan hasta entonces. A principios de la d\u00e9cada de 2000, la empresa cre\u00f3 un nuevo est\u00e1ndar con los primeros dispositivos de remolque giratorios mec\u00e1nicos. En 2010 le sigui\u00f3 otra innovaci\u00f3n: el primer dispositivo de remolque giratorio totalmente el\u00e9ctrico para una comodidad y seguridad m\u00e1ximas.\n\t<p><a href=\"https:\/\/www.acps-automotive.com\/wp-content\/uploads\/_media\/unternehmen\/presse\/PR_Groundbreaking-Ceremony_EN_20190702.pdf\" target=\"_blank\" rel=\"noopener\">Download [PDF]<\/a>\u00a0<a href=\"https:\/\/www.acps-automotive.com\/wp-content\/uploads\/_media\/unternehmen\/presse\/PR_Groundbreaking-Ceremony_EN_20190702.zip\" target=\"_blank\" rel=\"noopener\">Download [Zip]<\/a><\/p>\n\t<p><a href=\"https:\/\/www.acps-automotive.com\/wp-content\/uploads\/_media\/unternehmen\/presse\/2019\/Unternehmenszentrale.png\"><img loading=\"lazy\" decoding=\"async\" src=\"https:\/\/www.acps-automotive.com\/wp-content\/uploads\/_media\/unternehmen\/presse\/2019\/Unternehmenszentrale-300x169.png\" alt=\"\" width=\"300\" height=\"169\" \/><\/a><\/p>\n\t<h2><strong>Contacto para la prensa<\/strong><\/h2>\n<strong>ACPS Automotive GmbH<\/strong><br \/>\nDagmar Hinz |\u00a0Directora de Comunicaci\u00f3n y Marketing<br \/>\nBertha-Benz-Str. 2, 74379 Ingersheim, Alemania\nTel: +49 (0) 7142 9930-124<br \/>\nCorreo electr\u00f3nico: <a href=\"&#x6d;&#97;i&#x6c;&#116;o&#x3a;&#100;a&#x67;&#109;a&#x72;&#46;h&#x69;&#x6e;z&#x40;&#x61;&#99;&#x70;&#x73;&#45;&#x61;&#x75;&#116;o&#x6d;&#111;t&#x69;&#118;e&#x2e;&#99;o&#x6d;\">&#100;&#x61;g&#109;&#x61;&#114;&#x2e;h&#105;&#x6e;z&#x40;&#x61;&#99;&#x70;s&#45;&#x61;u&#x74;&#x6f;&#109;&#x6f;t&#105;&#x76;&#101;&#x2e;c&#111;&#x6d;<\/a>\n\t<p><a href=\"https:\/\/www.acps-automotive.com\/es\/empresa\/prensa\/\">\u2190 Volver al resumen<\/a><\/p>\n\n<\/div><!-- .vgblk-rw-wrapper -->","protected":false},"excerpt":{"rendered":"<p>02\/07\/2019 | Comienzo de las obras de la nueva sede central de ACPS Automotive con centro de desarrollo ACPS Automotive celebr\u00f3 hoy junto con el Dr. Christian Su\u00dfner , concejal de Medio Ambiente y Urbanismo de la Oficina del Distrito de Ludwigsburg; Volker Godel, alcalde del municipio de Ingersheim; J\u00fcrgen Kessing, alcalde de la ciudad&#8230;<\/p>\n","protected":false},"author":1,"featured_media":0,"parent":27202,"menu_order":1,"comment_status":"closed","ping_status":"closed","template":"","meta":{"inline_featured_image":false,"_price":"","_stock":"","_tribe_ticket_header":"","_tribe_default_ticket_provider":"","_tribe_ticket_capacity":"0","_ticket_start_date":"","_ticket_end_date":"","_tribe_ticket_show_description":"","_tribe_ticket_show_not_going":false,"_tribe_ticket_use_global_stock":"","_tribe_ticket_global_stock_level":"","_global_stock_mode":"","_global_stock_cap":"","_tribe_rsvp_for_event":"","_tribe_ticket_going_count":"","_tribe_ticket_not_going_count":"","_tribe_tickets_list":"[]","_tribe_ticket_has_attendee_info_fields":false,"footnotes":""},"class_list":["post-28792","page","type-page","status-publish","hentry"],"yoast_head":"<!-- This site is optimized with the Yoast SEO plugin v27.2 - https:\/\/yoast.com\/product\/yoast-seo-wordpress\/ -->\n<title>Prensa | ACPS Automotive<\/title>\n<meta name=\"description\" content=\"Aqu\u00ed encontrar\u00e1 las \u00faltimas noticias de prensa de ACPS Automotive. \u25baNoticias muy informativas para usted.\" \/>\n<meta name=\"robots\" content=\"index, follow, max-snippet:-1, max-image-preview:large, max-video-preview:-1\" \/>\n<link rel=\"canonical\" href=\"https:\/\/www.acps-automotive.com\/es\/empresa\/prensa\/comienzo-de-las-obras-de-la-nueva-sede-central-de-la-empresa\/\" \/>\n<meta property=\"og:locale\" content=\"es_ES\" \/>\n<meta property=\"og:type\" content=\"article\" \/>\n<meta property=\"og:title\" content=\"Prensa | ACPS Automotive\" \/>\n<meta property=\"og:description\" content=\"Aqu\u00ed encontrar\u00e1 las \u00faltimas noticias de prensa de ACPS Automotive. \u25baNoticias muy informativas para usted.\" \/>\n<meta property=\"og:url\" content=\"https:\/\/www.acps-automotive.com\/es\/empresa\/prensa\/comienzo-de-las-obras-de-la-nueva-sede-central-de-la-empresa\/\" \/>\n<meta property=\"og:site_name\" content=\"ACPS Automotive GmbH\" \/>\n<meta property=\"article:modified_time\" content=\"2026-03-05T15:51:37+00:00\" \/>\n<meta property=\"og:image\" content=\"https:\/\/www.acps-automotive.com\/wp-content\/uploads\/_media\/unternehmen\/presse\/2019\/Unternehmenszentrale-300x169.png\" \/>\n<meta name=\"twitter:card\" content=\"summary_large_image\" \/>\n<meta name=\"twitter:site\" content=\"@ACPS_Automotive\" \/>\n<meta name=\"twitter:label1\" content=\"Tiempo de lectura\" \/>\n\t<meta name=\"twitter:data1\" content=\"4 minutos\" \/>\n<script type=\"application\/ld+json\" class=\"yoast-schema-graph\">{\"@context\":\"https:\/\/schema.org\",\"@graph\":[{\"@type\":\"WebPage\",\"@id\":\"https:\/\/www.acps-automotive.com\/es\/empresa\/prensa\/comienzo-de-las-obras-de-la-nueva-sede-central-de-la-empresa\/\",\"url\":\"https:\/\/www.acps-automotive.com\/es\/empresa\/prensa\/comienzo-de-las-obras-de-la-nueva-sede-central-de-la-empresa\/\",\"name\":\"Prensa | ACPS Automotive\",\"isPartOf\":{\"@id\":\"https:\/\/www.acps-automotive.com\/es\/#website\"},\"primaryImageOfPage\":{\"@id\":\"https:\/\/www.acps-automotive.com\/es\/empresa\/prensa\/comienzo-de-las-obras-de-la-nueva-sede-central-de-la-empresa\/#primaryimage\"},\"image\":{\"@id\":\"https:\/\/www.acps-automotive.com\/es\/empresa\/prensa\/comienzo-de-las-obras-de-la-nueva-sede-central-de-la-empresa\/#primaryimage\"},\"thumbnailUrl\":\"https:\/\/www.acps-automotive.com\/wp-content\/uploads\/_media\/unternehmen\/presse\/2019\/Unternehmenszentrale-300x169.png\",\"datePublished\":\"2026-03-05T15:42:54+00:00\",\"dateModified\":\"2026-03-05T15:51:37+00:00\",\"description\":\"Aqu\u00ed encontrar\u00e1 las \u00faltimas noticias de prensa de ACPS Automotive. \u25baNoticias muy informativas para usted.\",\"breadcrumb\":{\"@id\":\"https:\/\/www.acps-automotive.com\/es\/empresa\/prensa\/comienzo-de-las-obras-de-la-nueva-sede-central-de-la-empresa\/#breadcrumb\"},\"inLanguage\":\"es\",\"potentialAction\":[{\"@type\":\"ReadAction\",\"target\":[\"https:\/\/www.acps-automotive.com\/es\/empresa\/prensa\/comienzo-de-las-obras-de-la-nueva-sede-central-de-la-empresa\/\"]}]},{\"@type\":\"ImageObject\",\"inLanguage\":\"es\",\"@id\":\"https:\/\/www.acps-automotive.com\/es\/empresa\/prensa\/comienzo-de-las-obras-de-la-nueva-sede-central-de-la-empresa\/#primaryimage\",\"url\":\"https:\/\/www.acps-automotive.com\/wp-content\/uploads\/_media\/unternehmen\/presse\/2019\/Unternehmenszentrale-300x169.png\",\"contentUrl\":\"https:\/\/www.acps-automotive.com\/wp-content\/uploads\/_media\/unternehmen\/presse\/2019\/Unternehmenszentrale-300x169.png\"},{\"@type\":\"BreadcrumbList\",\"@id\":\"https:\/\/www.acps-automotive.com\/es\/empresa\/prensa\/comienzo-de-las-obras-de-la-nueva-sede-central-de-la-empresa\/#breadcrumb\",\"itemListElement\":[{\"@type\":\"ListItem\",\"position\":1,\"name\":\"Startseite\",\"item\":\"https:\/\/www.acps-automotive.com\/es\/\"},{\"@type\":\"ListItem\",\"position\":2,\"name\":\"Empresa\",\"item\":\"https:\/\/www.acps-automotive.com\/es\/empresa\/\"},{\"@type\":\"ListItem\",\"position\":3,\"name\":\"Prensa\",\"item\":\"https:\/\/www.acps-automotive.com\/es\/empresa\/prensa\/\"},{\"@type\":\"ListItem\",\"position\":4,\"name\":\"Comienzo de las obras de la nueva sede central de ACPS Automotive con centro de desarrollo\"}]},{\"@type\":\"WebSite\",\"@id\":\"https:\/\/www.acps-automotive.com\/es\/#website\",\"url\":\"https:\/\/www.acps-automotive.com\/es\/\",\"name\":\"ACPS Automotive GmbH\",\"description\":\"Innovative Anh\u00e4ngekupplungen\",\"publisher\":{\"@id\":\"https:\/\/www.acps-automotive.com\/es\/#organization\"},\"potentialAction\":[{\"@type\":\"SearchAction\",\"target\":{\"@type\":\"EntryPoint\",\"urlTemplate\":\"https:\/\/www.acps-automotive.com\/es\/?s={search_term_string}\"},\"query-input\":{\"@type\":\"PropertyValueSpecification\",\"valueRequired\":true,\"valueName\":\"search_term_string\"}}],\"inLanguage\":\"es\"},{\"@type\":\"Organization\",\"@id\":\"https:\/\/www.acps-automotive.com\/es\/#organization\",\"name\":\"ACPS Automotive GmbH\",\"url\":\"https:\/\/www.acps-automotive.com\/es\/\",\"logo\":{\"@type\":\"ImageObject\",\"inLanguage\":\"es\",\"@id\":\"https:\/\/www.acps-automotive.com\/es\/#\/schema\/logo\/image\/\",\"url\":\"https:\/\/www.acps-automotive.com\/wp-content\/uploads\/_media\/_allgemein\/Logo-Footer-ACPS-Automotive.png\",\"contentUrl\":\"https:\/\/www.acps-automotive.com\/wp-content\/uploads\/_media\/_allgemein\/Logo-Footer-ACPS-Automotive.png\",\"width\":239,\"height\":32,\"caption\":\"ACPS Automotive GmbH\"},\"image\":{\"@id\":\"https:\/\/www.acps-automotive.com\/es\/#\/schema\/logo\/image\/\"},\"sameAs\":[\"https:\/\/x.com\/ACPS_Automotive\",\"https:\/\/www.linkedin.com\/company\/acps-automotive-gmbh\/\",\"https:\/\/www.instagram.com\/acps_ausbildung\/\",\"https:\/\/www.youtube.com\/channel\/UC2jxrgWwpxpkay2aHWV5SaQ\"]}]}<\/script>\n<!-- \/ Yoast SEO plugin. -->","yoast_head_json":{"title":"Prensa | ACPS Automotive","description":"Aqu\u00ed encontrar\u00e1 las \u00faltimas noticias de prensa de ACPS Automotive. \u25baNoticias muy informativas para usted.","robots":{"index":"index","follow":"follow","max-snippet":"max-snippet:-1","max-image-preview":"max-image-preview:large","max-video-preview":"max-video-preview:-1"},"canonical":"https:\/\/www.acps-automotive.com\/es\/empresa\/prensa\/comienzo-de-las-obras-de-la-nueva-sede-central-de-la-empresa\/","og_locale":"es_ES","og_type":"article","og_title":"Prensa | ACPS Automotive","og_description":"Aqu\u00ed encontrar\u00e1 las \u00faltimas noticias de prensa de ACPS Automotive. \u25baNoticias muy informativas para usted.","og_url":"https:\/\/www.acps-automotive.com\/es\/empresa\/prensa\/comienzo-de-las-obras-de-la-nueva-sede-central-de-la-empresa\/","og_site_name":"ACPS Automotive GmbH","article_modified_time":"2026-03-05T15:51:37+00:00","og_image":[{"url":"https:\/\/www.acps-automotive.com\/wp-content\/uploads\/_media\/unternehmen\/presse\/2019\/Unternehmenszentrale-300x169.png","type":"","width":"","height":""}],"twitter_card":"summary_large_image","twitter_site":"@ACPS_Automotive","twitter_misc":{"Tiempo de lectura":"4 minutos"},"schema":{"@context":"https:\/\/schema.org","@graph":[{"@type":"WebPage","@id":"https:\/\/www.acps-automotive.com\/es\/empresa\/prensa\/comienzo-de-las-obras-de-la-nueva-sede-central-de-la-empresa\/","url":"https:\/\/www.acps-automotive.com\/es\/empresa\/prensa\/comienzo-de-las-obras-de-la-nueva-sede-central-de-la-empresa\/","name":"Prensa | ACPS Automotive","isPartOf":{"@id":"https:\/\/www.acps-automotive.com\/es\/#website"},"primaryImageOfPage":{"@id":"https:\/\/www.acps-automotive.com\/es\/empresa\/prensa\/comienzo-de-las-obras-de-la-nueva-sede-central-de-la-empresa\/#primaryimage"},"image":{"@id":"https:\/\/www.acps-automotive.com\/es\/empresa\/prensa\/comienzo-de-las-obras-de-la-nueva-sede-central-de-la-empresa\/#primaryimage"},"thumbnailUrl":"https:\/\/www.acps-automotive.com\/wp-content\/uploads\/_media\/unternehmen\/presse\/2019\/Unternehmenszentrale-300x169.png","datePublished":"2026-03-05T15:42:54+00:00","dateModified":"2026-03-05T15:51:37+00:00","description":"Aqu\u00ed encontrar\u00e1 las \u00faltimas noticias de prensa de ACPS Automotive. \u25baNoticias muy informativas para usted.","breadcrumb":{"@id":"https:\/\/www.acps-automotive.com\/es\/empresa\/prensa\/comienzo-de-las-obras-de-la-nueva-sede-central-de-la-empresa\/#breadcrumb"},"inLanguage":"es","potentialAction":[{"@type":"ReadAction","target":["https:\/\/www.acps-automotive.com\/es\/empresa\/prensa\/comienzo-de-las-obras-de-la-nueva-sede-central-de-la-empresa\/"]}]},{"@type":"ImageObject","inLanguage":"es","@id":"https:\/\/www.acps-automotive.com\/es\/empresa\/prensa\/comienzo-de-las-obras-de-la-nueva-sede-central-de-la-empresa\/#primaryimage","url":"https:\/\/www.acps-automotive.com\/wp-content\/uploads\/_media\/unternehmen\/presse\/2019\/Unternehmenszentrale-300x169.png","contentUrl":"https:\/\/www.acps-automotive.com\/wp-content\/uploads\/_media\/unternehmen\/presse\/2019\/Unternehmenszentrale-300x169.png"},{"@type":"BreadcrumbList","@id":"https:\/\/www.acps-automotive.com\/es\/empresa\/prensa\/comienzo-de-las-obras-de-la-nueva-sede-central-de-la-empresa\/#breadcrumb","itemListElement":[{"@type":"ListItem","position":1,"name":"Startseite","item":"https:\/\/www.acps-automotive.com\/es\/"},{"@type":"ListItem","position":2,"name":"Empresa","item":"https:\/\/www.acps-automotive.com\/es\/empresa\/"},{"@type":"ListItem","position":3,"name":"Prensa","item":"https:\/\/www.acps-automotive.com\/es\/empresa\/prensa\/"},{"@type":"ListItem","position":4,"name":"Comienzo de las obras de la nueva sede central de ACPS Automotive con centro de desarrollo"}]},{"@type":"WebSite","@id":"https:\/\/www.acps-automotive.com\/es\/#website","url":"https:\/\/www.acps-automotive.com\/es\/","name":"ACPS Automotive GmbH","description":"Innovative Anh\u00e4ngekupplungen","publisher":{"@id":"https:\/\/www.acps-automotive.com\/es\/#organization"},"potentialAction":[{"@type":"SearchAction","target":{"@type":"EntryPoint","urlTemplate":"https:\/\/www.acps-automotive.com\/es\/?s={search_term_string}"},"query-input":{"@type":"PropertyValueSpecification","valueRequired":true,"valueName":"search_term_string"}}],"inLanguage":"es"},{"@type":"Organization","@id":"https:\/\/www.acps-automotive.com\/es\/#organization","name":"ACPS Automotive GmbH","url":"https:\/\/www.acps-automotive.com\/es\/","logo":{"@type":"ImageObject","inLanguage":"es","@id":"https:\/\/www.acps-automotive.com\/es\/#\/schema\/logo\/image\/","url":"https:\/\/www.acps-automotive.com\/wp-content\/uploads\/_media\/_allgemein\/Logo-Footer-ACPS-Automotive.png","contentUrl":"https:\/\/www.acps-automotive.com\/wp-content\/uploads\/_media\/_allgemein\/Logo-Footer-ACPS-Automotive.png","width":239,"height":32,"caption":"ACPS Automotive GmbH"},"image":{"@id":"https:\/\/www.acps-automotive.com\/es\/#\/schema\/logo\/image\/"},"sameAs":["https:\/\/x.com\/ACPS_Automotive","https:\/\/www.linkedin.com\/company\/acps-automotive-gmbh\/","https:\/\/www.instagram.com\/acps_ausbildung\/","https:\/\/www.youtube.com\/channel\/UC2jxrgWwpxpkay2aHWV5SaQ"]}]}},"_links":{"self":[{"href":"https:\/\/www.acps-automotive.com\/es\/wp-json\/wp\/v2\/pages\/28792","targetHints":{"allow":["GET"]}}],"collection":[{"href":"https:\/\/www.acps-automotive.com\/es\/wp-json\/wp\/v2\/pages"}],"about":[{"href":"https:\/\/www.acps-automotive.com\/es\/wp-json\/wp\/v2\/types\/page"}],"author":[{"embeddable":true,"href":"https:\/\/www.acps-automotive.com\/es\/wp-json\/wp\/v2\/users\/1"}],"replies":[{"embeddable":true,"href":"https:\/\/www.acps-automotive.com\/es\/wp-json\/wp\/v2\/comments?post=28792"}],"version-history":[{"count":5,"href":"https:\/\/www.acps-automotive.com\/es\/wp-json\/wp\/v2\/pages\/28792\/revisions"}],"predecessor-version":[{"id":28798,"href":"https:\/\/www.acps-automotive.com\/es\/wp-json\/wp\/v2\/pages\/28792\/revisions\/28798"}],"up":[{"embeddable":true,"href":"https:\/\/www.acps-automotive.com\/es\/wp-json\/wp\/v2\/pages\/27202"}],"wp:attachment":[{"href":"https:\/\/www.acps-automotive.com\/es\/wp-json\/wp\/v2\/media?parent=28792"}],"curies":[{"name":"wp","href":"https:\/\/api.w.org\/{rel}","templated":true}]}}