{"id":28782,"date":"2026-03-05T16:16:32","date_gmt":"2026-03-05T15:16:32","guid":{"rendered":"https:\/\/www.acps-automotive.com\/?page_id=28782"},"modified":"2026-03-05T16:30:28","modified_gmt":"2026-03-05T15:30:28","slug":"nuevo-suv-g9","status":"publish","type":"page","link":"https:\/\/www.acps-automotive.com\/es\/empresa\/prensa\/nuevo-suv-g9\/","title":{"rendered":"La marca premium XPENG equipa su nuevo SUV G9 para el mercado chino con el enganche de remolque giratorio totalmente el\u00e9ctrico de ACPS Automotive"},"content":{"rendered":"<div class=\"vgblk-rw-wrapper limit-wrapper\">\n\n\t<h3><strong>22\/09\/2022<\/strong> | La marca premium XPENG equipa su nuevo SUV G9 para el mercado chino con el enganche de remolque giratorio totalmente el\u00e9ctrico de ACPS Automotive<\/h3>\n<p><strong>El nuevo SUV tambi\u00e9n admite cargas pesadas.<\/strong><\/p>\n<p>La marca china premium XPENG, en plena expansi\u00f3n, presenta su nuevo SUV insignia. El XPENG G9, posicionado como SUV de lujo, apuesta por la tecnolog\u00eda de remolque de ACPS Automotive.<\/p>\n<p>El nuevo SUV premium de XPENG, el G9, ser\u00e1 el veh\u00edculo el\u00e9ctrico de serie con la tecnolog\u00eda de carga m\u00e1s r\u00e1pida del mundo. Con su enfoque en el lujo y las funciones inteligentes de asistencia e infoentretenimiento, el G9 ofrece una experiencia de conducci\u00f3n sin precedentes. Para lograr la m\u00e1xima libertad y flexibilidad, el G9 conf\u00eda en la tecnolog\u00eda de remolque de ACPS Automotive.<\/p>\n<strong>El enganche para remolque desaparece detr\u00e1s del parachoques<\/strong><br \/>\nPara los conductores que necesitan transportar cargas pesadas, como una embarcaci\u00f3n o bicicletas, el nuevo XPENG G9 est\u00e1 equipado con el innovador enganche para remolque ORIS E3 de ACPS Automotive. Est\u00e1 oculto debajo del parachoques trasero y se despliega f\u00e1cilmente con solo pulsar un bot\u00f3n.\n<p>El ORIS E3 de ACPS Automotive ya se puede pedir en China al comprar el nuevo G9. Puede remolcar 1500 kg y transportar hasta 70 kg. El sistema patentado FIX4BIKE<sup>\u00ae<\/sup>, compuesto por el enganche con pasadores y el portabicicletas ORIS Tracc, es la mejor soluci\u00f3n de transporte trasero disponible actualmente en el mercado. Los portabicicletas se pueden montar de forma m\u00e1s r\u00e1pida y segura que nunca.<\/p>\n<strong>Tecnolog\u00eda de remolque: desarrollada en Alemania<\/strong><br \/>\nACPS Automotive desarrolla dispositivos de remolque y portabicicletas para fabricantes de autom\u00f3viles de todo el mundo. Ahora, la empresa ofrece a fabricantes chinos de equipos originales como XPENG acceso a sus soluciones de remolque desarrolladas en Alemania, dise\u00f1adas espec\u00edficamente para flotas de veh\u00edculos el\u00e9ctricos. Los dispositivos de remolque de ACPS Automotive son flexibles, m\u00f3viles, ofrecen una seguridad sin precedentes y una durabilidad sin mantenimiento en un dise\u00f1o innovador que aumenta el valor del veh\u00edculo.\n<strong>La empresa<\/strong><br \/>\nACPS Automotive es l\u00edder del mercado en dispositivos de remolque para turismos, SUV y furgonetas. Cuenta con m\u00e1s de 140 patentes en todo el mundo que avalan su liderazgo en tecnolog\u00eda e innovaci\u00f3n. De este modo, la empresa ha marcado de forma significativa el progreso tecnol\u00f3gico en el \u00e1mbito de los dispositivos de remolque. ACPS Automotive, como desarrollador y fabricante, establece nuevos est\u00e1ndares con la tecnolog\u00eda de sus soluciones de transporte en su sede central de Ingersheim y en diez ubicaciones en todo el mundo. Esto beneficia a los clientes: la industria automovil\u00edstica internacional en el sector de los equipos originales y las empresas europeas en el mercado de los accesorios para el reequipamiento. Los dispositivos de remolque proporcionan una conexi\u00f3n especialmente segura y c\u00f3moda entre el veh\u00edculo y la caravana, los portabicicletas, los remolques para barcos y caballos, tanto en el \u00e1mbito privado como en el comercial. ACPS Automotive cuenta con unos 1800 empleados, fue fundada en 1955 cerca de Stuttgart y es conocida bajo la marca ORIS. La facturaci\u00f3n en 2021 fue de unos 300 millones de euros.\n\t<p><a href=\"https:\/\/www.acps-automotive.com\/wp-content\/uploads\/_media\/unternehmen\/presse\/Press-Release-Innovation-E3-with-FIX4BIKE.pdf\" target=\"_blank\" rel=\"noopener\">Download [PDF]<\/a>\u00a0<a href=\"https:\/\/www.acps-automotive.com\/wp-content\/uploads\/_media\/unternehmen\/presse\/Press-Release-Innovation-E3-FIX4BIKE.zip\" target=\"_blank\" rel=\"noopener\">Download [Zip]<\/a><\/p>\n\t<p><a href=\"https:\/\/www.acps-automotive.com\/wp-content\/uploads\/_media\/unternehmen\/presse\/2022\/XPENG-G9-SUV-Caravan.jpg\"><img loading=\"lazy\" decoding=\"async\" src=\"https:\/\/www.acps-automotive.com\/wp-content\/uploads\/_media\/unternehmen\/presse\/2022\/XPENG-G9-SUV-Caravan.jpg\" alt=\"\" width=\"300\" height=\"169\" \/><\/a><\/p>\n\t<h2><strong>Contacto para la prensa<\/strong><\/h2>\n<strong>ACPS Automotive GmbH<\/strong><br \/>\nDagmar Hinz |\u00a0Directora de Comunicaci\u00f3n y Marketing<br \/>\nBertha-Benz-Str. 2, 74379 Ingersheim, Alemania\nTel: +49 (0) 7142 9930-124<br \/>\nCorreo electr\u00f3nico: <a href=\"mai&#108;&#116;&#111;&#x3a;&#x64;&#x61;&#x67;&#x6d;&#x61;r&#46;h&#105;&#110;&#122;&#64;&#x61;&#x63;&#x70;&#x73;&#x2d;&#x61;uto&#109;&#111;&#116;&#x69;&#x76;&#x65;&#x2e;&#x63;&#x6f;m\">&#x64;a&#x67;&#109;&#x61;&#114;&#46;&#x68;i&#x6e;&#122;&#x40;&#97;c&#x70;&#115;&#x2d;&#97;u&#x74;o&#x6d;&#111;&#x74;&#105;v&#x65;&#46;&#x63;&#111;&#x6d;<\/a>\n\t<p><a href=\"https:\/\/www.acps-automotive.com\/es\/empresa\/prensa\/\">\u2190 Volver al resumen<\/a><\/p>\n\n<\/div><!-- .vgblk-rw-wrapper -->","protected":false},"excerpt":{"rendered":"<p>22\/09\/2022 | La marca premium XPENG equipa su nuevo SUV G9 para el mercado chino con el enganche de remolque giratorio totalmente el\u00e9ctrico de ACPS Automotive El nuevo SUV tambi\u00e9n admite cargas pesadas. La marca china premium XPENG, en plena expansi\u00f3n, presenta su nuevo SUV insignia. El XPENG G9, posicionado como SUV de lujo, apuesta&#8230;<\/p>\n","protected":false},"author":1,"featured_media":0,"parent":27202,"menu_order":1,"comment_status":"closed","ping_status":"closed","template":"","meta":{"inline_featured_image":false,"_price":"","_stock":"","_tribe_ticket_header":"","_tribe_default_ticket_provider":"","_tribe_ticket_capacity":"0","_ticket_start_date":"","_ticket_end_date":"","_tribe_ticket_show_description":"","_tribe_ticket_show_not_going":false,"_tribe_ticket_use_global_stock":"","_tribe_ticket_global_stock_level":"","_global_stock_mode":"","_global_stock_cap":"","_tribe_rsvp_for_event":"","_tribe_ticket_going_count":"","_tribe_ticket_not_going_count":"","_tribe_tickets_list":"[]","_tribe_ticket_has_attendee_info_fields":false,"footnotes":""},"class_list":["post-28782","page","type-page","status-publish","hentry"],"yoast_head":"<!-- This site is optimized with the Yoast SEO plugin v27.2 - https:\/\/yoast.com\/product\/yoast-seo-wordpress\/ -->\n<title>Prensa | ACPS Automotive<\/title>\n<meta name=\"description\" content=\"Aqu\u00ed encontrar\u00e1 las \u00faltimas noticias de prensa de ACPS Automotive. \u25baNoticias muy informativas para usted.\" \/>\n<meta name=\"robots\" content=\"index, follow, max-snippet:-1, max-image-preview:large, max-video-preview:-1\" \/>\n<link rel=\"canonical\" href=\"https:\/\/www.acps-automotive.com\/es\/empresa\/prensa\/nuevo-suv-g9\/\" \/>\n<meta property=\"og:locale\" content=\"es_ES\" \/>\n<meta property=\"og:type\" content=\"article\" \/>\n<meta property=\"og:title\" content=\"Prensa | ACPS Automotive\" \/>\n<meta property=\"og:description\" content=\"Aqu\u00ed encontrar\u00e1 las \u00faltimas noticias de prensa de ACPS Automotive. \u25baNoticias muy informativas para usted.\" \/>\n<meta property=\"og:url\" content=\"https:\/\/www.acps-automotive.com\/es\/empresa\/prensa\/nuevo-suv-g9\/\" \/>\n<meta property=\"og:site_name\" content=\"ACPS Automotive GmbH\" \/>\n<meta property=\"article:modified_time\" content=\"2026-03-05T15:30:28+00:00\" \/>\n<meta property=\"og:image\" content=\"https:\/\/www.acps-automotive.com\/wp-content\/uploads\/_media\/unternehmen\/presse\/2022\/XPENG-G9-SUV-Caravan.jpg\" \/>\n<meta name=\"twitter:card\" content=\"summary_large_image\" \/>\n<meta name=\"twitter:site\" content=\"@ACPS_Automotive\" \/>\n<meta name=\"twitter:label1\" content=\"Tiempo de lectura\" \/>\n\t<meta name=\"twitter:data1\" content=\"3 minutos\" \/>\n<script type=\"application\/ld+json\" class=\"yoast-schema-graph\">{\"@context\":\"https:\/\/schema.org\",\"@graph\":[{\"@type\":\"WebPage\",\"@id\":\"https:\/\/www.acps-automotive.com\/es\/empresa\/prensa\/nuevo-suv-g9\/\",\"url\":\"https:\/\/www.acps-automotive.com\/es\/empresa\/prensa\/nuevo-suv-g9\/\",\"name\":\"Prensa | ACPS Automotive\",\"isPartOf\":{\"@id\":\"https:\/\/www.acps-automotive.com\/es\/#website\"},\"primaryImageOfPage\":{\"@id\":\"https:\/\/www.acps-automotive.com\/es\/empresa\/prensa\/nuevo-suv-g9\/#primaryimage\"},\"image\":{\"@id\":\"https:\/\/www.acps-automotive.com\/es\/empresa\/prensa\/nuevo-suv-g9\/#primaryimage\"},\"thumbnailUrl\":\"https:\/\/www.acps-automotive.com\/wp-content\/uploads\/_media\/unternehmen\/presse\/2022\/XPENG-G9-SUV-Caravan.jpg\",\"datePublished\":\"2026-03-05T15:16:32+00:00\",\"dateModified\":\"2026-03-05T15:30:28+00:00\",\"description\":\"Aqu\u00ed encontrar\u00e1 las \u00faltimas noticias de prensa de ACPS Automotive. \u25baNoticias muy informativas para usted.\",\"breadcrumb\":{\"@id\":\"https:\/\/www.acps-automotive.com\/es\/empresa\/prensa\/nuevo-suv-g9\/#breadcrumb\"},\"inLanguage\":\"es\",\"potentialAction\":[{\"@type\":\"ReadAction\",\"target\":[\"https:\/\/www.acps-automotive.com\/es\/empresa\/prensa\/nuevo-suv-g9\/\"]}]},{\"@type\":\"ImageObject\",\"inLanguage\":\"es\",\"@id\":\"https:\/\/www.acps-automotive.com\/es\/empresa\/prensa\/nuevo-suv-g9\/#primaryimage\",\"url\":\"https:\/\/www.acps-automotive.com\/wp-content\/uploads\/_media\/unternehmen\/presse\/2022\/XPENG-G9-SUV-Caravan.jpg\",\"contentUrl\":\"https:\/\/www.acps-automotive.com\/wp-content\/uploads\/_media\/unternehmen\/presse\/2022\/XPENG-G9-SUV-Caravan.jpg\"},{\"@type\":\"BreadcrumbList\",\"@id\":\"https:\/\/www.acps-automotive.com\/es\/empresa\/prensa\/nuevo-suv-g9\/#breadcrumb\",\"itemListElement\":[{\"@type\":\"ListItem\",\"position\":1,\"name\":\"Startseite\",\"item\":\"https:\/\/www.acps-automotive.com\/es\/\"},{\"@type\":\"ListItem\",\"position\":2,\"name\":\"Empresa\",\"item\":\"https:\/\/www.acps-automotive.com\/es\/empresa\/\"},{\"@type\":\"ListItem\",\"position\":3,\"name\":\"Prensa\",\"item\":\"https:\/\/www.acps-automotive.com\/es\/empresa\/prensa\/\"},{\"@type\":\"ListItem\",\"position\":4,\"name\":\"La marca premium XPENG equipa su nuevo SUV G9 para el mercado chino con el enganche de remolque giratorio totalmente el\u00e9ctrico de ACPS Automotive\"}]},{\"@type\":\"WebSite\",\"@id\":\"https:\/\/www.acps-automotive.com\/es\/#website\",\"url\":\"https:\/\/www.acps-automotive.com\/es\/\",\"name\":\"ACPS Automotive GmbH\",\"description\":\"Innovative Anh\u00e4ngekupplungen\",\"publisher\":{\"@id\":\"https:\/\/www.acps-automotive.com\/es\/#organization\"},\"potentialAction\":[{\"@type\":\"SearchAction\",\"target\":{\"@type\":\"EntryPoint\",\"urlTemplate\":\"https:\/\/www.acps-automotive.com\/es\/?s={search_term_string}\"},\"query-input\":{\"@type\":\"PropertyValueSpecification\",\"valueRequired\":true,\"valueName\":\"search_term_string\"}}],\"inLanguage\":\"es\"},{\"@type\":\"Organization\",\"@id\":\"https:\/\/www.acps-automotive.com\/es\/#organization\",\"name\":\"ACPS Automotive GmbH\",\"url\":\"https:\/\/www.acps-automotive.com\/es\/\",\"logo\":{\"@type\":\"ImageObject\",\"inLanguage\":\"es\",\"@id\":\"https:\/\/www.acps-automotive.com\/es\/#\/schema\/logo\/image\/\",\"url\":\"https:\/\/www.acps-automotive.com\/wp-content\/uploads\/_media\/_allgemein\/Logo-Footer-ACPS-Automotive.png\",\"contentUrl\":\"https:\/\/www.acps-automotive.com\/wp-content\/uploads\/_media\/_allgemein\/Logo-Footer-ACPS-Automotive.png\",\"width\":239,\"height\":32,\"caption\":\"ACPS Automotive GmbH\"},\"image\":{\"@id\":\"https:\/\/www.acps-automotive.com\/es\/#\/schema\/logo\/image\/\"},\"sameAs\":[\"https:\/\/x.com\/ACPS_Automotive\",\"https:\/\/www.linkedin.com\/company\/acps-automotive-gmbh\/\",\"https:\/\/www.instagram.com\/acps_ausbildung\/\",\"https:\/\/www.youtube.com\/channel\/UC2jxrgWwpxpkay2aHWV5SaQ\"]}]}<\/script>\n<!-- \/ Yoast SEO plugin. -->","yoast_head_json":{"title":"Prensa | ACPS Automotive","description":"Aqu\u00ed encontrar\u00e1 las \u00faltimas noticias de prensa de ACPS Automotive. \u25baNoticias muy informativas para usted.","robots":{"index":"index","follow":"follow","max-snippet":"max-snippet:-1","max-image-preview":"max-image-preview:large","max-video-preview":"max-video-preview:-1"},"canonical":"https:\/\/www.acps-automotive.com\/es\/empresa\/prensa\/nuevo-suv-g9\/","og_locale":"es_ES","og_type":"article","og_title":"Prensa | ACPS Automotive","og_description":"Aqu\u00ed encontrar\u00e1 las \u00faltimas noticias de prensa de ACPS Automotive. \u25baNoticias muy informativas para usted.","og_url":"https:\/\/www.acps-automotive.com\/es\/empresa\/prensa\/nuevo-suv-g9\/","og_site_name":"ACPS Automotive GmbH","article_modified_time":"2026-03-05T15:30:28+00:00","og_image":[{"url":"https:\/\/www.acps-automotive.com\/wp-content\/uploads\/_media\/unternehmen\/presse\/2022\/XPENG-G9-SUV-Caravan.jpg","type":"","width":"","height":""}],"twitter_card":"summary_large_image","twitter_site":"@ACPS_Automotive","twitter_misc":{"Tiempo de lectura":"3 minutos"},"schema":{"@context":"https:\/\/schema.org","@graph":[{"@type":"WebPage","@id":"https:\/\/www.acps-automotive.com\/es\/empresa\/prensa\/nuevo-suv-g9\/","url":"https:\/\/www.acps-automotive.com\/es\/empresa\/prensa\/nuevo-suv-g9\/","name":"Prensa | ACPS Automotive","isPartOf":{"@id":"https:\/\/www.acps-automotive.com\/es\/#website"},"primaryImageOfPage":{"@id":"https:\/\/www.acps-automotive.com\/es\/empresa\/prensa\/nuevo-suv-g9\/#primaryimage"},"image":{"@id":"https:\/\/www.acps-automotive.com\/es\/empresa\/prensa\/nuevo-suv-g9\/#primaryimage"},"thumbnailUrl":"https:\/\/www.acps-automotive.com\/wp-content\/uploads\/_media\/unternehmen\/presse\/2022\/XPENG-G9-SUV-Caravan.jpg","datePublished":"2026-03-05T15:16:32+00:00","dateModified":"2026-03-05T15:30:28+00:00","description":"Aqu\u00ed encontrar\u00e1 las \u00faltimas noticias de prensa de ACPS Automotive. \u25baNoticias muy informativas para usted.","breadcrumb":{"@id":"https:\/\/www.acps-automotive.com\/es\/empresa\/prensa\/nuevo-suv-g9\/#breadcrumb"},"inLanguage":"es","potentialAction":[{"@type":"ReadAction","target":["https:\/\/www.acps-automotive.com\/es\/empresa\/prensa\/nuevo-suv-g9\/"]}]},{"@type":"ImageObject","inLanguage":"es","@id":"https:\/\/www.acps-automotive.com\/es\/empresa\/prensa\/nuevo-suv-g9\/#primaryimage","url":"https:\/\/www.acps-automotive.com\/wp-content\/uploads\/_media\/unternehmen\/presse\/2022\/XPENG-G9-SUV-Caravan.jpg","contentUrl":"https:\/\/www.acps-automotive.com\/wp-content\/uploads\/_media\/unternehmen\/presse\/2022\/XPENG-G9-SUV-Caravan.jpg"},{"@type":"BreadcrumbList","@id":"https:\/\/www.acps-automotive.com\/es\/empresa\/prensa\/nuevo-suv-g9\/#breadcrumb","itemListElement":[{"@type":"ListItem","position":1,"name":"Startseite","item":"https:\/\/www.acps-automotive.com\/es\/"},{"@type":"ListItem","position":2,"name":"Empresa","item":"https:\/\/www.acps-automotive.com\/es\/empresa\/"},{"@type":"ListItem","position":3,"name":"Prensa","item":"https:\/\/www.acps-automotive.com\/es\/empresa\/prensa\/"},{"@type":"ListItem","position":4,"name":"La marca premium XPENG equipa su nuevo SUV G9 para el mercado chino con el enganche de remolque giratorio totalmente el\u00e9ctrico de ACPS Automotive"}]},{"@type":"WebSite","@id":"https:\/\/www.acps-automotive.com\/es\/#website","url":"https:\/\/www.acps-automotive.com\/es\/","name":"ACPS Automotive GmbH","description":"Innovative Anh\u00e4ngekupplungen","publisher":{"@id":"https:\/\/www.acps-automotive.com\/es\/#organization"},"potentialAction":[{"@type":"SearchAction","target":{"@type":"EntryPoint","urlTemplate":"https:\/\/www.acps-automotive.com\/es\/?s={search_term_string}"},"query-input":{"@type":"PropertyValueSpecification","valueRequired":true,"valueName":"search_term_string"}}],"inLanguage":"es"},{"@type":"Organization","@id":"https:\/\/www.acps-automotive.com\/es\/#organization","name":"ACPS Automotive GmbH","url":"https:\/\/www.acps-automotive.com\/es\/","logo":{"@type":"ImageObject","inLanguage":"es","@id":"https:\/\/www.acps-automotive.com\/es\/#\/schema\/logo\/image\/","url":"https:\/\/www.acps-automotive.com\/wp-content\/uploads\/_media\/_allgemein\/Logo-Footer-ACPS-Automotive.png","contentUrl":"https:\/\/www.acps-automotive.com\/wp-content\/uploads\/_media\/_allgemein\/Logo-Footer-ACPS-Automotive.png","width":239,"height":32,"caption":"ACPS Automotive GmbH"},"image":{"@id":"https:\/\/www.acps-automotive.com\/es\/#\/schema\/logo\/image\/"},"sameAs":["https:\/\/x.com\/ACPS_Automotive","https:\/\/www.linkedin.com\/company\/acps-automotive-gmbh\/","https:\/\/www.instagram.com\/acps_ausbildung\/","https:\/\/www.youtube.com\/channel\/UC2jxrgWwpxpkay2aHWV5SaQ"]}]}},"_links":{"self":[{"href":"https:\/\/www.acps-automotive.com\/es\/wp-json\/wp\/v2\/pages\/28782","targetHints":{"allow":["GET"]}}],"collection":[{"href":"https:\/\/www.acps-automotive.com\/es\/wp-json\/wp\/v2\/pages"}],"about":[{"href":"https:\/\/www.acps-automotive.com\/es\/wp-json\/wp\/v2\/types\/page"}],"author":[{"embeddable":true,"href":"https:\/\/www.acps-automotive.com\/es\/wp-json\/wp\/v2\/users\/1"}],"replies":[{"embeddable":true,"href":"https:\/\/www.acps-automotive.com\/es\/wp-json\/wp\/v2\/comments?post=28782"}],"version-history":[{"count":3,"href":"https:\/\/www.acps-automotive.com\/es\/wp-json\/wp\/v2\/pages\/28782\/revisions"}],"predecessor-version":[{"id":28786,"href":"https:\/\/www.acps-automotive.com\/es\/wp-json\/wp\/v2\/pages\/28782\/revisions\/28786"}],"up":[{"embeddable":true,"href":"https:\/\/www.acps-automotive.com\/es\/wp-json\/wp\/v2\/pages\/27202"}],"wp:attachment":[{"href":"https:\/\/www.acps-automotive.com\/es\/wp-json\/wp\/v2\/media?parent=28782"}],"curies":[{"name":"wp","href":"https:\/\/api.w.org\/{rel}","templated":true}]}}