{"id":28771,"date":"2026-03-05T15:37:26","date_gmt":"2026-03-05T14:37:26","guid":{"rendered":"https:\/\/www.acps-automotive.com\/?page_id=28771"},"modified":"2026-03-05T15:37:26","modified_gmt":"2026-03-05T14:37:26","slug":"30-anos-de-fabrica-de-produccion","status":"publish","type":"page","link":"https:\/\/www.acps-automotive.com\/es\/empresa\/prensa\/30-anos-de-fabrica-de-produccion\/","title":{"rendered":"ACPS Automotive: 30 a\u00f1os de la planta de producci\u00f3n en St. Egidien"},"content":{"rendered":"<div class=\"vgblk-rw-wrapper limit-wrapper\">\n\n\t<h3><strong>05\/09\/2022<\/strong> | ACPS Automotive: 30 a\u00f1os de la planta de producci\u00f3n en St. Egidien<\/h3>\n<p><strong>El l\u00edder del mercado de enganches para remolques celebra su aniversario con una buena causa.<\/strong><\/p>\n<p>El 3 de septiembre, ACPS Automotive celebr\u00f3 el 30.\u00ba aniversario de su planta de producci\u00f3n en St. Egidien con unos 700 empleados y familiares. El ambiente no pod\u00eda ser mejor. Las carteras de pedidos est\u00e1n llenas y la planta de producci\u00f3n est\u00e1 creciendo. En 2022, el n\u00famero de empleados aumentar\u00e1 en un 25 %. Este a\u00f1o ya se han cubierto 30 nuevos puestos de trabajo y en 2022 se a\u00f1adir\u00e1n otros 40 a los 320 existentes. La t\u00f3mbola organizada en la fiesta de aniversario recaud\u00f3 1950 \u20ac. ACPS Automotive donar\u00e1 650 \u20ac al cuerpo de bomberos voluntarios de St. Egidien, al cuerpo de bomberos voluntarios de Lichtenstein y a la Cruz Roja Alemana, asociaci\u00f3n regional de Hohenstein-Ernstthal, grupo local de Lichtenstein.<\/p>\n<p>ACPS Automotive registra un crecimiento en su sede de St. Egidien con motivo del 30.\u00ba aniversario de la empresa. \u00abSomos una de las tres sedes de producci\u00f3n m\u00e1s importantes de nuestra empresa y un factor econ\u00f3mico significativo en la regi\u00f3n. Con la evoluci\u00f3n positiva de nuestras ventas en los \u00faltimos a\u00f1os, hemos crecido de forma constante y todav\u00eda existe potencial de crecimiento\u00bb, se congratula Thomas Kunze, director de la planta de ACPS Automotive en esta ubicaci\u00f3n. La planta de producci\u00f3n se beneficia especialmente de la gran demanda de enganches para remolques totalmente el\u00e9ctricos, la soluci\u00f3n m\u00e1s c\u00f3moda e innovadora que existe actualmente en el mercado. Se fabrica en la planta de St. Egidien.<\/p>\n<p>Todo comenz\u00f3 en 1992 con la producci\u00f3n de enganches para remolques, barras de techo y deflectores para descapotables. Hasta la fecha, la planta ha crecido, sobre todo gracias a las innovaciones en el \u00e1mbito de los enganches para remolques, que se fabrican bajo la marca ORIS. La gran demanda de los fabricantes de autom\u00f3viles, que instalan los enganches para remolques directamente en la cadena de montaje, garantiza el \u00e9xito del desarrollo de esta \u00e1rea de negocio. Actualmente, St. Egidien produce exclusivamente enganches para remolques. ACPS Automotive en St. Egidien cuenta con 30 a\u00f1os de experiencia en la fabricaci\u00f3n y una gran capacidad de innovaci\u00f3n.<\/p>\n<p>Debido al gran crecimiento de la plantilla este a\u00f1o, se siguen buscando empleados con las siguientes cualificaciones: soldadores y personas de otros sectores que la empresa forme como soldadores, montadores, log\u00edsticos, electricistas, mec\u00e1nicos, t\u00e9cnicos de PLC, fabricantes de herramientas y mec\u00e1nicos de procesos. Si est\u00e1 interesado, encontrar\u00e1 m\u00e1s informaci\u00f3n en la p\u00e1gina web de la empresa, www.acps-automotive.com, en la secci\u00f3n \u00abCarrera profesional\u00bb.<\/p>\n<p><strong>Pie de foto:<\/strong> Vista a\u00e9rea de la f\u00e1brica ACPS Automotive en St. Egidien, especializada en la producci\u00f3n de innovadores enganches para remolques, que celebr\u00f3 este fin de semana su 30.\u00ba aniversario con sus empleados y sus familias.<\/p>\n<strong>La empresa<\/strong><br \/>\nACPS Automotive es l\u00edder del mercado en dispositivos de remolque para turismos, SUV y furgonetas. Cuenta con m\u00e1s de 140 patentes en todo el mundo que avalan su liderazgo en tecnolog\u00eda e innovaci\u00f3n. De este modo, la empresa ha marcado de forma significativa el progreso tecnol\u00f3gico en el \u00e1mbito de los dispositivos de remolque. ACPS Automotive, como desarrollador y fabricante, establece nuevos est\u00e1ndares con la tecnolog\u00eda de sus soluciones de transporte en su sede central de Ingersheim y en diez ubicaciones en todo el mundo. Esto beneficia a los clientes: la industria automovil\u00edstica internacional en el sector de los equipos originales y las empresas europeas en el mercado de los accesorios para el reequipamiento. Los dispositivos de remolque proporcionan una conexi\u00f3n especialmente segura y c\u00f3moda entre el veh\u00edculo y la caravana, los portabicicletas, los remolques para barcos y caballos, tanto en el \u00e1mbito privado como en el comercial. ACPS Automotive cuenta con unos 1800 empleados, fue fundada en 1955 cerca de Stuttgart y es conocida bajo la marca ORIS. La facturaci\u00f3n en 2021 fue de unos 300 millones de euros.\n\t<p><a href=\"https:\/\/www.acps-automotive.com\/wp-content\/uploads\/_media\/unternehmen\/presse\/Press-Release-30-years-St-Egidien-en.pdf\" target=\"_blank\" rel=\"noopener\">Download [PDF]<\/a>\u00a0<a href=\"https:\/\/www.acps-automotive.com\/wp-content\/uploads\/_media\/unternehmen\/presse\/Press-Release-30-years-St-Egidien-en.zip\" target=\"_blank\" rel=\"noopener\">Download [Zip]<\/a><\/p>\n\t<p><a href=\"https:\/\/www.acps-automotive.com\/wp-content\/uploads\/_media\/unternehmen\/presse\/2022\/St-Egidien.jpg\"><img loading=\"lazy\" decoding=\"async\" src=\"https:\/\/www.acps-automotive.com\/wp-content\/uploads\/_media\/unternehmen\/presse\/2022\/St-Egidien-300x200.jpg\" alt=\"\" width=\"300\" height=\"200\" \/><\/a><\/p>\n\t<h2><strong>Contacto para la prensa<\/strong><\/h2>\n<strong>ACPS Automotive GmbH<\/strong><br \/>\nDagmar Hinz |\u00a0Directora de Comunicaci\u00f3n y Marketing<br \/>\nBertha-Benz-Str. 2, 74379 Ingersheim, Alemania\nTel: +49 (0) 7142 9930-124<br \/>\nCorreo electr\u00f3nico: <a href=\"&#x6d;&#97;&#x69;&#108;t&#x6f;&#58;d&#x61;&#103;&#x6d;&#x61;r&#x2e;&#104;i&#x6e;&#122;&#x40;&#x61;c&#x70;&#115;-&#x61;&#117;t&#x6f;&#109;&#x6f;&#116;i&#x76;&#101;&#46;&#x63;&#111;&#x6d;\">&#x64;&#97;g&#x6d;&#97;r&#x2e;&#x68;&#105;&#x6e;&#x7a;&#64;a&#x63;&#112;s&#x2d;&#x61;&#117;&#x74;&#x6f;&#109;o&#x74;&#105;v&#x65;&#x2e;&#99;&#x6f;&#x6d;<\/a>\n\t<p><a href=\"https:\/\/www.acps-automotive.com\/es\/empresa\/prensa\/\">\u2190 Volver al resumen<\/a><\/p>\n\n<\/div><!-- .vgblk-rw-wrapper -->","protected":false},"excerpt":{"rendered":"<p>05\/09\/2022 | ACPS Automotive: 30 a\u00f1os de la planta de producci\u00f3n en St. Egidien El l\u00edder del mercado de enganches para remolques celebra su aniversario con una buena causa. El 3 de septiembre, ACPS Automotive celebr\u00f3 el 30.\u00ba aniversario de su planta de producci\u00f3n en St. Egidien con unos 700 empleados y familiares. El ambiente&#8230;<\/p>\n","protected":false},"author":1,"featured_media":0,"parent":27202,"menu_order":1,"comment_status":"closed","ping_status":"closed","template":"","meta":{"inline_featured_image":false,"_price":"","_stock":"","_tribe_ticket_header":"","_tribe_default_ticket_provider":"","_tribe_ticket_capacity":"0","_ticket_start_date":"","_ticket_end_date":"","_tribe_ticket_show_description":"","_tribe_ticket_show_not_going":false,"_tribe_ticket_use_global_stock":"","_tribe_ticket_global_stock_level":"","_global_stock_mode":"","_global_stock_cap":"","_tribe_rsvp_for_event":"","_tribe_ticket_going_count":"","_tribe_ticket_not_going_count":"","_tribe_tickets_list":"[]","_tribe_ticket_has_attendee_info_fields":false,"footnotes":""},"class_list":["post-28771","page","type-page","status-publish","hentry"],"yoast_head":"<!-- This site is optimized with the Yoast SEO plugin v27.2 - https:\/\/yoast.com\/product\/yoast-seo-wordpress\/ -->\n<title>Prensa | ACPS Automotive<\/title>\n<meta name=\"description\" content=\"Aqu\u00ed encontrar\u00e1 las \u00faltimas noticias de prensa de ACPS Automotive. \u25baNoticias muy informativas para usted.\" \/>\n<meta name=\"robots\" content=\"index, follow, max-snippet:-1, max-image-preview:large, max-video-preview:-1\" \/>\n<link rel=\"canonical\" href=\"https:\/\/www.acps-automotive.com\/es\/empresa\/prensa\/30-anos-de-fabrica-de-produccion\/\" \/>\n<meta property=\"og:locale\" content=\"es_ES\" \/>\n<meta property=\"og:type\" content=\"article\" \/>\n<meta property=\"og:title\" content=\"Prensa | ACPS Automotive\" \/>\n<meta property=\"og:description\" content=\"Aqu\u00ed encontrar\u00e1 las \u00faltimas noticias de prensa de ACPS Automotive. \u25baNoticias muy informativas para usted.\" \/>\n<meta property=\"og:url\" content=\"https:\/\/www.acps-automotive.com\/es\/empresa\/prensa\/30-anos-de-fabrica-de-produccion\/\" \/>\n<meta property=\"og:site_name\" content=\"ACPS Automotive GmbH\" \/>\n<meta property=\"og:image\" content=\"https:\/\/www.acps-automotive.com\/wp-content\/uploads\/_media\/unternehmen\/presse\/2022\/St-Egidien-300x200.jpg\" \/>\n<meta name=\"twitter:card\" content=\"summary_large_image\" \/>\n<meta name=\"twitter:site\" content=\"@ACPS_Automotive\" \/>\n<meta name=\"twitter:label1\" content=\"Tiempo de lectura\" \/>\n\t<meta name=\"twitter:data1\" content=\"3 minutos\" \/>\n<script type=\"application\/ld+json\" class=\"yoast-schema-graph\">{\"@context\":\"https:\/\/schema.org\",\"@graph\":[{\"@type\":\"WebPage\",\"@id\":\"https:\/\/www.acps-automotive.com\/es\/empresa\/prensa\/30-anos-de-fabrica-de-produccion\/\",\"url\":\"https:\/\/www.acps-automotive.com\/es\/empresa\/prensa\/30-anos-de-fabrica-de-produccion\/\",\"name\":\"Prensa | ACPS Automotive\",\"isPartOf\":{\"@id\":\"https:\/\/www.acps-automotive.com\/es\/#website\"},\"primaryImageOfPage\":{\"@id\":\"https:\/\/www.acps-automotive.com\/es\/empresa\/prensa\/30-anos-de-fabrica-de-produccion\/#primaryimage\"},\"image\":{\"@id\":\"https:\/\/www.acps-automotive.com\/es\/empresa\/prensa\/30-anos-de-fabrica-de-produccion\/#primaryimage\"},\"thumbnailUrl\":\"https:\/\/www.acps-automotive.com\/wp-content\/uploads\/_media\/unternehmen\/presse\/2022\/St-Egidien-300x200.jpg\",\"datePublished\":\"2026-03-05T14:37:26+00:00\",\"description\":\"Aqu\u00ed encontrar\u00e1 las \u00faltimas noticias de prensa de ACPS Automotive. \u25baNoticias muy informativas para usted.\",\"breadcrumb\":{\"@id\":\"https:\/\/www.acps-automotive.com\/es\/empresa\/prensa\/30-anos-de-fabrica-de-produccion\/#breadcrumb\"},\"inLanguage\":\"es\",\"potentialAction\":[{\"@type\":\"ReadAction\",\"target\":[\"https:\/\/www.acps-automotive.com\/es\/empresa\/prensa\/30-anos-de-fabrica-de-produccion\/\"]}]},{\"@type\":\"ImageObject\",\"inLanguage\":\"es\",\"@id\":\"https:\/\/www.acps-automotive.com\/es\/empresa\/prensa\/30-anos-de-fabrica-de-produccion\/#primaryimage\",\"url\":\"https:\/\/www.acps-automotive.com\/wp-content\/uploads\/_media\/unternehmen\/presse\/2022\/St-Egidien-300x200.jpg\",\"contentUrl\":\"https:\/\/www.acps-automotive.com\/wp-content\/uploads\/_media\/unternehmen\/presse\/2022\/St-Egidien-300x200.jpg\"},{\"@type\":\"BreadcrumbList\",\"@id\":\"https:\/\/www.acps-automotive.com\/es\/empresa\/prensa\/30-anos-de-fabrica-de-produccion\/#breadcrumb\",\"itemListElement\":[{\"@type\":\"ListItem\",\"position\":1,\"name\":\"Startseite\",\"item\":\"https:\/\/www.acps-automotive.com\/es\/\"},{\"@type\":\"ListItem\",\"position\":2,\"name\":\"Empresa\",\"item\":\"https:\/\/www.acps-automotive.com\/es\/empresa\/\"},{\"@type\":\"ListItem\",\"position\":3,\"name\":\"Prensa\",\"item\":\"https:\/\/www.acps-automotive.com\/es\/empresa\/prensa\/\"},{\"@type\":\"ListItem\",\"position\":4,\"name\":\"ACPS Automotive: 30 a\u00f1os de la planta de producci\u00f3n en St. Egidien\"}]},{\"@type\":\"WebSite\",\"@id\":\"https:\/\/www.acps-automotive.com\/es\/#website\",\"url\":\"https:\/\/www.acps-automotive.com\/es\/\",\"name\":\"ACPS Automotive GmbH\",\"description\":\"Innovative Anh\u00e4ngekupplungen\",\"publisher\":{\"@id\":\"https:\/\/www.acps-automotive.com\/es\/#organization\"},\"potentialAction\":[{\"@type\":\"SearchAction\",\"target\":{\"@type\":\"EntryPoint\",\"urlTemplate\":\"https:\/\/www.acps-automotive.com\/es\/?s={search_term_string}\"},\"query-input\":{\"@type\":\"PropertyValueSpecification\",\"valueRequired\":true,\"valueName\":\"search_term_string\"}}],\"inLanguage\":\"es\"},{\"@type\":\"Organization\",\"@id\":\"https:\/\/www.acps-automotive.com\/es\/#organization\",\"name\":\"ACPS Automotive GmbH\",\"url\":\"https:\/\/www.acps-automotive.com\/es\/\",\"logo\":{\"@type\":\"ImageObject\",\"inLanguage\":\"es\",\"@id\":\"https:\/\/www.acps-automotive.com\/es\/#\/schema\/logo\/image\/\",\"url\":\"https:\/\/www.acps-automotive.com\/wp-content\/uploads\/_media\/_allgemein\/Logo-Footer-ACPS-Automotive.png\",\"contentUrl\":\"https:\/\/www.acps-automotive.com\/wp-content\/uploads\/_media\/_allgemein\/Logo-Footer-ACPS-Automotive.png\",\"width\":239,\"height\":32,\"caption\":\"ACPS Automotive GmbH\"},\"image\":{\"@id\":\"https:\/\/www.acps-automotive.com\/es\/#\/schema\/logo\/image\/\"},\"sameAs\":[\"https:\/\/x.com\/ACPS_Automotive\",\"https:\/\/www.linkedin.com\/company\/acps-automotive-gmbh\/\",\"https:\/\/www.instagram.com\/acps_ausbildung\/\",\"https:\/\/www.youtube.com\/channel\/UC2jxrgWwpxpkay2aHWV5SaQ\"]}]}<\/script>\n<!-- \/ Yoast SEO plugin. -->","yoast_head_json":{"title":"Prensa | ACPS Automotive","description":"Aqu\u00ed encontrar\u00e1 las \u00faltimas noticias de prensa de ACPS Automotive. \u25baNoticias muy informativas para usted.","robots":{"index":"index","follow":"follow","max-snippet":"max-snippet:-1","max-image-preview":"max-image-preview:large","max-video-preview":"max-video-preview:-1"},"canonical":"https:\/\/www.acps-automotive.com\/es\/empresa\/prensa\/30-anos-de-fabrica-de-produccion\/","og_locale":"es_ES","og_type":"article","og_title":"Prensa | ACPS Automotive","og_description":"Aqu\u00ed encontrar\u00e1 las \u00faltimas noticias de prensa de ACPS Automotive. \u25baNoticias muy informativas para usted.","og_url":"https:\/\/www.acps-automotive.com\/es\/empresa\/prensa\/30-anos-de-fabrica-de-produccion\/","og_site_name":"ACPS Automotive GmbH","og_image":[{"url":"https:\/\/www.acps-automotive.com\/wp-content\/uploads\/_media\/unternehmen\/presse\/2022\/St-Egidien-300x200.jpg","type":"","width":"","height":""}],"twitter_card":"summary_large_image","twitter_site":"@ACPS_Automotive","twitter_misc":{"Tiempo de lectura":"3 minutos"},"schema":{"@context":"https:\/\/schema.org","@graph":[{"@type":"WebPage","@id":"https:\/\/www.acps-automotive.com\/es\/empresa\/prensa\/30-anos-de-fabrica-de-produccion\/","url":"https:\/\/www.acps-automotive.com\/es\/empresa\/prensa\/30-anos-de-fabrica-de-produccion\/","name":"Prensa | ACPS Automotive","isPartOf":{"@id":"https:\/\/www.acps-automotive.com\/es\/#website"},"primaryImageOfPage":{"@id":"https:\/\/www.acps-automotive.com\/es\/empresa\/prensa\/30-anos-de-fabrica-de-produccion\/#primaryimage"},"image":{"@id":"https:\/\/www.acps-automotive.com\/es\/empresa\/prensa\/30-anos-de-fabrica-de-produccion\/#primaryimage"},"thumbnailUrl":"https:\/\/www.acps-automotive.com\/wp-content\/uploads\/_media\/unternehmen\/presse\/2022\/St-Egidien-300x200.jpg","datePublished":"2026-03-05T14:37:26+00:00","description":"Aqu\u00ed encontrar\u00e1 las \u00faltimas noticias de prensa de ACPS Automotive. \u25baNoticias muy informativas para usted.","breadcrumb":{"@id":"https:\/\/www.acps-automotive.com\/es\/empresa\/prensa\/30-anos-de-fabrica-de-produccion\/#breadcrumb"},"inLanguage":"es","potentialAction":[{"@type":"ReadAction","target":["https:\/\/www.acps-automotive.com\/es\/empresa\/prensa\/30-anos-de-fabrica-de-produccion\/"]}]},{"@type":"ImageObject","inLanguage":"es","@id":"https:\/\/www.acps-automotive.com\/es\/empresa\/prensa\/30-anos-de-fabrica-de-produccion\/#primaryimage","url":"https:\/\/www.acps-automotive.com\/wp-content\/uploads\/_media\/unternehmen\/presse\/2022\/St-Egidien-300x200.jpg","contentUrl":"https:\/\/www.acps-automotive.com\/wp-content\/uploads\/_media\/unternehmen\/presse\/2022\/St-Egidien-300x200.jpg"},{"@type":"BreadcrumbList","@id":"https:\/\/www.acps-automotive.com\/es\/empresa\/prensa\/30-anos-de-fabrica-de-produccion\/#breadcrumb","itemListElement":[{"@type":"ListItem","position":1,"name":"Startseite","item":"https:\/\/www.acps-automotive.com\/es\/"},{"@type":"ListItem","position":2,"name":"Empresa","item":"https:\/\/www.acps-automotive.com\/es\/empresa\/"},{"@type":"ListItem","position":3,"name":"Prensa","item":"https:\/\/www.acps-automotive.com\/es\/empresa\/prensa\/"},{"@type":"ListItem","position":4,"name":"ACPS Automotive: 30 a\u00f1os de la planta de producci\u00f3n en St. Egidien"}]},{"@type":"WebSite","@id":"https:\/\/www.acps-automotive.com\/es\/#website","url":"https:\/\/www.acps-automotive.com\/es\/","name":"ACPS Automotive GmbH","description":"Innovative Anh\u00e4ngekupplungen","publisher":{"@id":"https:\/\/www.acps-automotive.com\/es\/#organization"},"potentialAction":[{"@type":"SearchAction","target":{"@type":"EntryPoint","urlTemplate":"https:\/\/www.acps-automotive.com\/es\/?s={search_term_string}"},"query-input":{"@type":"PropertyValueSpecification","valueRequired":true,"valueName":"search_term_string"}}],"inLanguage":"es"},{"@type":"Organization","@id":"https:\/\/www.acps-automotive.com\/es\/#organization","name":"ACPS Automotive GmbH","url":"https:\/\/www.acps-automotive.com\/es\/","logo":{"@type":"ImageObject","inLanguage":"es","@id":"https:\/\/www.acps-automotive.com\/es\/#\/schema\/logo\/image\/","url":"https:\/\/www.acps-automotive.com\/wp-content\/uploads\/_media\/_allgemein\/Logo-Footer-ACPS-Automotive.png","contentUrl":"https:\/\/www.acps-automotive.com\/wp-content\/uploads\/_media\/_allgemein\/Logo-Footer-ACPS-Automotive.png","width":239,"height":32,"caption":"ACPS Automotive GmbH"},"image":{"@id":"https:\/\/www.acps-automotive.com\/es\/#\/schema\/logo\/image\/"},"sameAs":["https:\/\/x.com\/ACPS_Automotive","https:\/\/www.linkedin.com\/company\/acps-automotive-gmbh\/","https:\/\/www.instagram.com\/acps_ausbildung\/","https:\/\/www.youtube.com\/channel\/UC2jxrgWwpxpkay2aHWV5SaQ"]}]}},"_links":{"self":[{"href":"https:\/\/www.acps-automotive.com\/es\/wp-json\/wp\/v2\/pages\/28771","targetHints":{"allow":["GET"]}}],"collection":[{"href":"https:\/\/www.acps-automotive.com\/es\/wp-json\/wp\/v2\/pages"}],"about":[{"href":"https:\/\/www.acps-automotive.com\/es\/wp-json\/wp\/v2\/types\/page"}],"author":[{"embeddable":true,"href":"https:\/\/www.acps-automotive.com\/es\/wp-json\/wp\/v2\/users\/1"}],"replies":[{"embeddable":true,"href":"https:\/\/www.acps-automotive.com\/es\/wp-json\/wp\/v2\/comments?post=28771"}],"version-history":[{"count":3,"href":"https:\/\/www.acps-automotive.com\/es\/wp-json\/wp\/v2\/pages\/28771\/revisions"}],"predecessor-version":[{"id":28775,"href":"https:\/\/www.acps-automotive.com\/es\/wp-json\/wp\/v2\/pages\/28771\/revisions\/28775"}],"up":[{"embeddable":true,"href":"https:\/\/www.acps-automotive.com\/es\/wp-json\/wp\/v2\/pages\/27202"}],"wp:attachment":[{"href":"https:\/\/www.acps-automotive.com\/es\/wp-json\/wp\/v2\/media?parent=28771"}],"curies":[{"name":"wp","href":"https:\/\/api.w.org\/{rel}","templated":true}]}}