{"id":28766,"date":"2026-03-05T15:28:28","date_gmt":"2026-03-05T14:28:28","guid":{"rendered":"https:\/\/www.acps-automotive.com\/?page_id=28766"},"modified":"2026-03-05T15:28:28","modified_gmt":"2026-03-05T14:28:28","slug":"fundacion-oris-automotive-systems-kunshan-en-china","status":"publish","type":"page","link":"https:\/\/www.acps-automotive.com\/es\/empresa\/prensa\/fundacion-oris-automotive-systems-kunshan-en-china\/","title":{"rendered":"ACPS Automotive refuerza su presencia global con la creaci\u00f3n de Oris Automotive Systems (Kunshan) Ltd. en China"},"content":{"rendered":"<div class=\"vgblk-rw-wrapper limit-wrapper\">\n\n\t<h3><strong>08\/04\/2024<\/strong> | ACPS Automotive refuerza su presencia global con la creaci\u00f3n de Oris Automotive Systems (Kunshan) Ltd. en China.<\/h3>\n<p><strong>El 18 de marzo de 2024, ACPS Automotive dio un paso importante con la fundaci\u00f3n de la empresa Oris Automotive Systems (Kunshan) Ltd. para garantizar un inicio fluido de la producci\u00f3n a partir de 2025 en su nueva planta china. Al mismo tiempo, en enero de 2024, la empresa ya hab\u00eda firmado un acuerdo de cooperaci\u00f3n con KSGIP Investment Development Co., Ltd. (German Industrial Park) de la ciudad de Kunshan, en el delta de la costa este de China, como parte de su estrategia de expansi\u00f3n global. La firma oficial por parte de Wu Weiwei, que ejerce como teniente de alcalde de la ciudad de Zhangpu Kunshan y director del parque industrial alem\u00e1n, y del director de operaciones y director general de ACPS Automotive, el Dr. Thomas Wagner, marca el inicio de una asociaci\u00f3n estrat\u00e9gica. Kunshan es considerada desde hace seis a\u00f1os la mejor recomendaci\u00f3n para los inversores en China y alberga el prestigioso German Industrial Park (GIP), donde tambi\u00e9n tiene su sede Oris Automotive Systems (Kunshan) Ltd.<\/strong><\/p>\n<p>En el segundo trimestre de 2025, la planta de Kunshan comenzar\u00e1 la producci\u00f3n en serie por primera vez, lo que supondr\u00e1 un hito importante para ACPS Automotive. Con su propia planta de producci\u00f3n en China, el grupo ACPS Automotive ampl\u00eda de manera decisiva su presencia en la regi\u00f3n asi\u00e1tica, adem\u00e1s de las plantas de fabricaci\u00f3n ya existentes en Europa y Norteam\u00e9rica. La nueva planta de producci\u00f3n desempe\u00f1ar\u00e1 un papel fundamental en la fabricaci\u00f3n local de dispositivos de remolque para turismos, ofreciendo soluciones a medida para las necesidades de los clientes chinos y reduciendo los plazos de entrega. ACPS Automotive conf\u00eda en que la nueva planta tendr\u00e1 un impacto positivo en el crecimiento general.<\/p>\n<p>\u00abLa apertura de otra planta de producci\u00f3n en China complementa nuestras plantas de producci\u00f3n existentes en Alemania, Hungr\u00eda y M\u00e9xico y nos permite acercar a\u00fan m\u00e1s nuestros productos a los clientes de Asia\u00bb, explica el Dr. Thomas Wagner, director de operaciones y director general de ACPS Automotive.<\/p>\n<p>Kunshan, conocida como un din\u00e1mico centro econ\u00f3mico en la costa este, se encuentra al oeste de Shangh\u00e1i, donde ACPS Automotive ya abri\u00f3 a principios de 2023 su primera sede asi\u00e1tica para las \u00e1reas de ventas e ingenier\u00eda. Esta proximidad geogr\u00e1fica permitir\u00e1 una colaboraci\u00f3n eficiente con los proveedores y mejorar\u00e1 la atenci\u00f3n a los clientes chinos.<\/p>\n<p>La fundaci\u00f3n de la empresa Oris Automotive Systems (Kunshan) Ltd. en marzo de 2024 subraya el compromiso de ACPS Automotive en China con una expansi\u00f3n sostenible y exitosa en el mercado internacional.<\/p>\n<strong>La empresa<\/strong><br \/>\nACPS Automotive es l\u00edder del mercado en dispositivos de remolque para turismos, SUV y furgonetas. Cuenta con m\u00e1s de 140 patentes en todo el mundo que avalan su liderazgo en tecnolog\u00eda e innovaci\u00f3n. De este modo, la empresa ha influido significativamente en el progreso tecnol\u00f3gico en el \u00e1mbito de los dispositivos de remolque. ACPS Automotive, como desarrollador y fabricante, establece nuevos est\u00e1ndares con la tecnolog\u00eda de sus soluciones de transporte en su sede central de Ingersheim y en diez ubicaciones en todo el mundo. Esto beneficia a los clientes: la industria automovil\u00edstica internacional en el \u00e1mbito de los equipos originales y las empresas del mercado de accesorios en el \u00e1mbito de los equipos de recambio. Los dispositivos de remolque proporcionan una conexi\u00f3n especialmente segura y c\u00f3moda entre el veh\u00edculo y las caravanas, los portabicicletas, los remolques para barcos y caballos, as\u00ed como los remolques de carga, tanto en el \u00e1mbito privado como en el comercial. ACPS Automotive cuenta con unos 2200 empleados, fue fundada en 1955 cerca de Stuttgart y es conocida bajo la marca ORIS. La facturaci\u00f3n en 2023 fue de unos 440 millones de euros.\n\t<p><a href=\"https:\/\/www.acps-automotive.com\/wp-content\/uploads\/_media\/unternehmen\/presse\/2024\/ACPS-Automotive-Kunshan-EN.pdf\" target=\"_blank\" rel=\"noopener\">Download [PDF]<\/a>\u00a0<a href=\"https:\/\/www.acps-automotive.com\/wp-content\/uploads\/_media\/unternehmen\/presse\/2024\/ORIS-Automotive-Systems-Kunshan-EN.zip\" target=\"_blank\" rel=\"noopener\">Download [Zip]<\/a><\/p>\n\t<p><a href=\"https:\/\/www.acps-automotive.com\/wp-content\/uploads\/_media\/unternehmen\/presse\/2024\/ORIS-Automotive-Systems-Kunshan.jpg\"><img loading=\"lazy\" decoding=\"async\" src=\"https:\/\/www.acps-automotive.com\/wp-content\/uploads\/_media\/unternehmen\/presse\/2024\/ORIS-Automotive-Systems-Kunshan.jpg\" alt=\"\" width=\"300\" height=\"210\" \/><\/a><\/p>\n\t<p>A partir del segundo trimestre de 2025, la planta de fabricaci\u00f3n Oris Automotive Systems (Kunshan) Ltd. comenzar\u00e1 la producci\u00f3n en serie en las instalaciones del German Industrial Park (GIP).<\/p>\n\t<h2><strong>Contacto para la prensa<\/strong><\/h2>\n<strong>ACPS Automotive GmbH<\/strong><br \/>\nDagmar Hinz |\u00a0 Directora de Comunicaci\u00f3n y Marketing<br \/>\nBertha-Benz-Str. 2, 74379 Ingersheim, Alemania\nTel: +49 (0) 7142 9930-124<br \/>\nCorreo electr\u00f3nico: <a href=\"&#109;&#x61;&#x69;l&#116;&#x6f;:&#100;&#x61;g&#109;&#x61;r&#46;&#x68;&#x69;&#110;&#x7a;&#x40;a&#99;&#x70;s&#45;&#x61;u&#116;&#x6f;&#x6d;&#111;&#x74;&#x69;v&#101;&#x2e;c&#111;&#x6d;\">&#100;&#x61;&#x67;m&#97;&#x72;&#46;&#104;&#x69;n&#122;&#x40;a&#99;&#x70;&#x73;&#45;&#x61;&#x75;t&#111;&#x6d;o&#116;&#x69;v&#101;&#x2e;&#x63;&#111;&#x6d;<\/a>\n\t<p><a href=\"https:\/\/www.acps-automotive.com\/es\/empresa\/prensa\/\">\u2190 Volver al resumen<\/a><\/p>\n\n<\/div><!-- .vgblk-rw-wrapper -->","protected":false},"excerpt":{"rendered":"<p>08\/04\/2024 | ACPS Automotive refuerza su presencia global con la creaci\u00f3n de Oris Automotive Systems (Kunshan) Ltd. en China. El 18 de marzo de 2024, ACPS Automotive dio un paso importante con la fundaci\u00f3n de la empresa Oris Automotive Systems (Kunshan) Ltd. para garantizar un inicio fluido de la producci\u00f3n a partir de 2025 en&#8230;<\/p>\n","protected":false},"author":1,"featured_media":0,"parent":27202,"menu_order":1,"comment_status":"closed","ping_status":"closed","template":"","meta":{"inline_featured_image":false,"_price":"","_stock":"","_tribe_ticket_header":"","_tribe_default_ticket_provider":"","_tribe_ticket_capacity":"0","_ticket_start_date":"","_ticket_end_date":"","_tribe_ticket_show_description":"","_tribe_ticket_show_not_going":false,"_tribe_ticket_use_global_stock":"","_tribe_ticket_global_stock_level":"","_global_stock_mode":"","_global_stock_cap":"","_tribe_rsvp_for_event":"","_tribe_ticket_going_count":"","_tribe_ticket_not_going_count":"","_tribe_tickets_list":"[]","_tribe_ticket_has_attendee_info_fields":false,"footnotes":""},"class_list":["post-28766","page","type-page","status-publish","hentry"],"yoast_head":"<!-- This site is optimized with the Yoast SEO plugin v27.2 - https:\/\/yoast.com\/product\/yoast-seo-wordpress\/ -->\n<title>Prensa | ACPS Automotive<\/title>\n<meta name=\"description\" content=\"Aqu\u00ed encontrar\u00e1 las \u00faltimas noticias de prensa de ACPS Automotive. \u25baNoticias muy informativas para usted.\" \/>\n<meta name=\"robots\" content=\"index, follow, max-snippet:-1, max-image-preview:large, max-video-preview:-1\" \/>\n<link rel=\"canonical\" href=\"https:\/\/www.acps-automotive.com\/es\/empresa\/prensa\/fundacion-oris-automotive-systems-kunshan-en-china\/\" \/>\n<meta property=\"og:locale\" content=\"es_ES\" \/>\n<meta property=\"og:type\" content=\"article\" \/>\n<meta property=\"og:title\" content=\"Prensa | ACPS Automotive\" \/>\n<meta property=\"og:description\" content=\"Aqu\u00ed encontrar\u00e1 las \u00faltimas noticias de prensa de ACPS Automotive. \u25baNoticias muy informativas para usted.\" \/>\n<meta property=\"og:url\" content=\"https:\/\/www.acps-automotive.com\/es\/empresa\/prensa\/fundacion-oris-automotive-systems-kunshan-en-china\/\" \/>\n<meta property=\"og:site_name\" content=\"ACPS Automotive GmbH\" \/>\n<meta property=\"og:image\" content=\"https:\/\/www.acps-automotive.com\/wp-content\/uploads\/_media\/unternehmen\/presse\/2024\/ORIS-Automotive-Systems-Kunshan.jpg\" \/>\n<meta name=\"twitter:card\" content=\"summary_large_image\" \/>\n<meta name=\"twitter:site\" content=\"@ACPS_Automotive\" \/>\n<meta name=\"twitter:label1\" content=\"Tiempo de lectura\" \/>\n\t<meta name=\"twitter:data1\" content=\"3 minutos\" \/>\n<script type=\"application\/ld+json\" class=\"yoast-schema-graph\">{\"@context\":\"https:\/\/schema.org\",\"@graph\":[{\"@type\":\"WebPage\",\"@id\":\"https:\/\/www.acps-automotive.com\/es\/empresa\/prensa\/fundacion-oris-automotive-systems-kunshan-en-china\/\",\"url\":\"https:\/\/www.acps-automotive.com\/es\/empresa\/prensa\/fundacion-oris-automotive-systems-kunshan-en-china\/\",\"name\":\"Prensa | ACPS Automotive\",\"isPartOf\":{\"@id\":\"https:\/\/www.acps-automotive.com\/es\/#website\"},\"primaryImageOfPage\":{\"@id\":\"https:\/\/www.acps-automotive.com\/es\/empresa\/prensa\/fundacion-oris-automotive-systems-kunshan-en-china\/#primaryimage\"},\"image\":{\"@id\":\"https:\/\/www.acps-automotive.com\/es\/empresa\/prensa\/fundacion-oris-automotive-systems-kunshan-en-china\/#primaryimage\"},\"thumbnailUrl\":\"https:\/\/www.acps-automotive.com\/wp-content\/uploads\/_media\/unternehmen\/presse\/2024\/ORIS-Automotive-Systems-Kunshan.jpg\",\"datePublished\":\"2026-03-05T14:28:28+00:00\",\"description\":\"Aqu\u00ed encontrar\u00e1 las \u00faltimas noticias de prensa de ACPS Automotive. \u25baNoticias muy informativas para usted.\",\"breadcrumb\":{\"@id\":\"https:\/\/www.acps-automotive.com\/es\/empresa\/prensa\/fundacion-oris-automotive-systems-kunshan-en-china\/#breadcrumb\"},\"inLanguage\":\"es\",\"potentialAction\":[{\"@type\":\"ReadAction\",\"target\":[\"https:\/\/www.acps-automotive.com\/es\/empresa\/prensa\/fundacion-oris-automotive-systems-kunshan-en-china\/\"]}]},{\"@type\":\"ImageObject\",\"inLanguage\":\"es\",\"@id\":\"https:\/\/www.acps-automotive.com\/es\/empresa\/prensa\/fundacion-oris-automotive-systems-kunshan-en-china\/#primaryimage\",\"url\":\"https:\/\/www.acps-automotive.com\/wp-content\/uploads\/_media\/unternehmen\/presse\/2024\/ORIS-Automotive-Systems-Kunshan.jpg\",\"contentUrl\":\"https:\/\/www.acps-automotive.com\/wp-content\/uploads\/_media\/unternehmen\/presse\/2024\/ORIS-Automotive-Systems-Kunshan.jpg\"},{\"@type\":\"BreadcrumbList\",\"@id\":\"https:\/\/www.acps-automotive.com\/es\/empresa\/prensa\/fundacion-oris-automotive-systems-kunshan-en-china\/#breadcrumb\",\"itemListElement\":[{\"@type\":\"ListItem\",\"position\":1,\"name\":\"Startseite\",\"item\":\"https:\/\/www.acps-automotive.com\/es\/\"},{\"@type\":\"ListItem\",\"position\":2,\"name\":\"Empresa\",\"item\":\"https:\/\/www.acps-automotive.com\/es\/empresa\/\"},{\"@type\":\"ListItem\",\"position\":3,\"name\":\"Prensa\",\"item\":\"https:\/\/www.acps-automotive.com\/es\/empresa\/prensa\/\"},{\"@type\":\"ListItem\",\"position\":4,\"name\":\"ACPS Automotive refuerza su presencia global con la creaci\u00f3n de Oris Automotive Systems (Kunshan) Ltd. en China\"}]},{\"@type\":\"WebSite\",\"@id\":\"https:\/\/www.acps-automotive.com\/es\/#website\",\"url\":\"https:\/\/www.acps-automotive.com\/es\/\",\"name\":\"ACPS Automotive GmbH\",\"description\":\"Innovative Anh\u00e4ngekupplungen\",\"publisher\":{\"@id\":\"https:\/\/www.acps-automotive.com\/es\/#organization\"},\"potentialAction\":[{\"@type\":\"SearchAction\",\"target\":{\"@type\":\"EntryPoint\",\"urlTemplate\":\"https:\/\/www.acps-automotive.com\/es\/?s={search_term_string}\"},\"query-input\":{\"@type\":\"PropertyValueSpecification\",\"valueRequired\":true,\"valueName\":\"search_term_string\"}}],\"inLanguage\":\"es\"},{\"@type\":\"Organization\",\"@id\":\"https:\/\/www.acps-automotive.com\/es\/#organization\",\"name\":\"ACPS Automotive GmbH\",\"url\":\"https:\/\/www.acps-automotive.com\/es\/\",\"logo\":{\"@type\":\"ImageObject\",\"inLanguage\":\"es\",\"@id\":\"https:\/\/www.acps-automotive.com\/es\/#\/schema\/logo\/image\/\",\"url\":\"https:\/\/www.acps-automotive.com\/wp-content\/uploads\/_media\/_allgemein\/Logo-Footer-ACPS-Automotive.png\",\"contentUrl\":\"https:\/\/www.acps-automotive.com\/wp-content\/uploads\/_media\/_allgemein\/Logo-Footer-ACPS-Automotive.png\",\"width\":239,\"height\":32,\"caption\":\"ACPS Automotive GmbH\"},\"image\":{\"@id\":\"https:\/\/www.acps-automotive.com\/es\/#\/schema\/logo\/image\/\"},\"sameAs\":[\"https:\/\/x.com\/ACPS_Automotive\",\"https:\/\/www.linkedin.com\/company\/acps-automotive-gmbh\/\",\"https:\/\/www.instagram.com\/acps_ausbildung\/\",\"https:\/\/www.youtube.com\/channel\/UC2jxrgWwpxpkay2aHWV5SaQ\"]}]}<\/script>\n<!-- \/ Yoast SEO plugin. -->","yoast_head_json":{"title":"Prensa | ACPS Automotive","description":"Aqu\u00ed encontrar\u00e1 las \u00faltimas noticias de prensa de ACPS Automotive. \u25baNoticias muy informativas para usted.","robots":{"index":"index","follow":"follow","max-snippet":"max-snippet:-1","max-image-preview":"max-image-preview:large","max-video-preview":"max-video-preview:-1"},"canonical":"https:\/\/www.acps-automotive.com\/es\/empresa\/prensa\/fundacion-oris-automotive-systems-kunshan-en-china\/","og_locale":"es_ES","og_type":"article","og_title":"Prensa | ACPS Automotive","og_description":"Aqu\u00ed encontrar\u00e1 las \u00faltimas noticias de prensa de ACPS Automotive. \u25baNoticias muy informativas para usted.","og_url":"https:\/\/www.acps-automotive.com\/es\/empresa\/prensa\/fundacion-oris-automotive-systems-kunshan-en-china\/","og_site_name":"ACPS Automotive GmbH","og_image":[{"url":"https:\/\/www.acps-automotive.com\/wp-content\/uploads\/_media\/unternehmen\/presse\/2024\/ORIS-Automotive-Systems-Kunshan.jpg","type":"","width":"","height":""}],"twitter_card":"summary_large_image","twitter_site":"@ACPS_Automotive","twitter_misc":{"Tiempo de lectura":"3 minutos"},"schema":{"@context":"https:\/\/schema.org","@graph":[{"@type":"WebPage","@id":"https:\/\/www.acps-automotive.com\/es\/empresa\/prensa\/fundacion-oris-automotive-systems-kunshan-en-china\/","url":"https:\/\/www.acps-automotive.com\/es\/empresa\/prensa\/fundacion-oris-automotive-systems-kunshan-en-china\/","name":"Prensa | ACPS Automotive","isPartOf":{"@id":"https:\/\/www.acps-automotive.com\/es\/#website"},"primaryImageOfPage":{"@id":"https:\/\/www.acps-automotive.com\/es\/empresa\/prensa\/fundacion-oris-automotive-systems-kunshan-en-china\/#primaryimage"},"image":{"@id":"https:\/\/www.acps-automotive.com\/es\/empresa\/prensa\/fundacion-oris-automotive-systems-kunshan-en-china\/#primaryimage"},"thumbnailUrl":"https:\/\/www.acps-automotive.com\/wp-content\/uploads\/_media\/unternehmen\/presse\/2024\/ORIS-Automotive-Systems-Kunshan.jpg","datePublished":"2026-03-05T14:28:28+00:00","description":"Aqu\u00ed encontrar\u00e1 las \u00faltimas noticias de prensa de ACPS Automotive. \u25baNoticias muy informativas para usted.","breadcrumb":{"@id":"https:\/\/www.acps-automotive.com\/es\/empresa\/prensa\/fundacion-oris-automotive-systems-kunshan-en-china\/#breadcrumb"},"inLanguage":"es","potentialAction":[{"@type":"ReadAction","target":["https:\/\/www.acps-automotive.com\/es\/empresa\/prensa\/fundacion-oris-automotive-systems-kunshan-en-china\/"]}]},{"@type":"ImageObject","inLanguage":"es","@id":"https:\/\/www.acps-automotive.com\/es\/empresa\/prensa\/fundacion-oris-automotive-systems-kunshan-en-china\/#primaryimage","url":"https:\/\/www.acps-automotive.com\/wp-content\/uploads\/_media\/unternehmen\/presse\/2024\/ORIS-Automotive-Systems-Kunshan.jpg","contentUrl":"https:\/\/www.acps-automotive.com\/wp-content\/uploads\/_media\/unternehmen\/presse\/2024\/ORIS-Automotive-Systems-Kunshan.jpg"},{"@type":"BreadcrumbList","@id":"https:\/\/www.acps-automotive.com\/es\/empresa\/prensa\/fundacion-oris-automotive-systems-kunshan-en-china\/#breadcrumb","itemListElement":[{"@type":"ListItem","position":1,"name":"Startseite","item":"https:\/\/www.acps-automotive.com\/es\/"},{"@type":"ListItem","position":2,"name":"Empresa","item":"https:\/\/www.acps-automotive.com\/es\/empresa\/"},{"@type":"ListItem","position":3,"name":"Prensa","item":"https:\/\/www.acps-automotive.com\/es\/empresa\/prensa\/"},{"@type":"ListItem","position":4,"name":"ACPS Automotive refuerza su presencia global con la creaci\u00f3n de Oris Automotive Systems (Kunshan) Ltd. en China"}]},{"@type":"WebSite","@id":"https:\/\/www.acps-automotive.com\/es\/#website","url":"https:\/\/www.acps-automotive.com\/es\/","name":"ACPS Automotive GmbH","description":"Innovative Anh\u00e4ngekupplungen","publisher":{"@id":"https:\/\/www.acps-automotive.com\/es\/#organization"},"potentialAction":[{"@type":"SearchAction","target":{"@type":"EntryPoint","urlTemplate":"https:\/\/www.acps-automotive.com\/es\/?s={search_term_string}"},"query-input":{"@type":"PropertyValueSpecification","valueRequired":true,"valueName":"search_term_string"}}],"inLanguage":"es"},{"@type":"Organization","@id":"https:\/\/www.acps-automotive.com\/es\/#organization","name":"ACPS Automotive GmbH","url":"https:\/\/www.acps-automotive.com\/es\/","logo":{"@type":"ImageObject","inLanguage":"es","@id":"https:\/\/www.acps-automotive.com\/es\/#\/schema\/logo\/image\/","url":"https:\/\/www.acps-automotive.com\/wp-content\/uploads\/_media\/_allgemein\/Logo-Footer-ACPS-Automotive.png","contentUrl":"https:\/\/www.acps-automotive.com\/wp-content\/uploads\/_media\/_allgemein\/Logo-Footer-ACPS-Automotive.png","width":239,"height":32,"caption":"ACPS Automotive GmbH"},"image":{"@id":"https:\/\/www.acps-automotive.com\/es\/#\/schema\/logo\/image\/"},"sameAs":["https:\/\/x.com\/ACPS_Automotive","https:\/\/www.linkedin.com\/company\/acps-automotive-gmbh\/","https:\/\/www.instagram.com\/acps_ausbildung\/","https:\/\/www.youtube.com\/channel\/UC2jxrgWwpxpkay2aHWV5SaQ"]}]}},"_links":{"self":[{"href":"https:\/\/www.acps-automotive.com\/es\/wp-json\/wp\/v2\/pages\/28766","targetHints":{"allow":["GET"]}}],"collection":[{"href":"https:\/\/www.acps-automotive.com\/es\/wp-json\/wp\/v2\/pages"}],"about":[{"href":"https:\/\/www.acps-automotive.com\/es\/wp-json\/wp\/v2\/types\/page"}],"author":[{"embeddable":true,"href":"https:\/\/www.acps-automotive.com\/es\/wp-json\/wp\/v2\/users\/1"}],"replies":[{"embeddable":true,"href":"https:\/\/www.acps-automotive.com\/es\/wp-json\/wp\/v2\/comments?post=28766"}],"version-history":[{"count":3,"href":"https:\/\/www.acps-automotive.com\/es\/wp-json\/wp\/v2\/pages\/28766\/revisions"}],"predecessor-version":[{"id":28770,"href":"https:\/\/www.acps-automotive.com\/es\/wp-json\/wp\/v2\/pages\/28766\/revisions\/28770"}],"up":[{"embeddable":true,"href":"https:\/\/www.acps-automotive.com\/es\/wp-json\/wp\/v2\/pages\/27202"}],"wp:attachment":[{"href":"https:\/\/www.acps-automotive.com\/es\/wp-json\/wp\/v2\/media?parent=28766"}],"curies":[{"name":"wp","href":"https:\/\/api.w.org\/{rel}","templated":true}]}}