{"id":28382,"date":"2026-03-05T15:12:40","date_gmt":"2026-03-05T14:12:40","guid":{"rendered":"https:\/\/www.acps-automotive.com\/?page_id=28382"},"modified":"2026-03-05T15:19:31","modified_gmt":"2026-03-05T14:19:31","slug":"nueva-ubicacion-shanghai","status":"publish","type":"page","link":"https:\/\/www.acps-automotive.com\/es\/empresa\/prensa\/nueva-ubicacion-shanghai\/","title":{"rendered":"ACPS Automotive apuesta por el crecimiento en Asia: inaugura una nueva sede en Shangh\u00e1i"},"content":{"rendered":"<div class=\"vgblk-rw-wrapper limit-wrapper\">\n\n\t<h3><strong>18\/04\/2023<\/strong> | ACPS Automotive apuesta por el crecimiento en Asia: inaugura una nueva sede en Shangh\u00e1i<\/h3>\n<p><strong>ACPS Automotive, l\u00edder del mercado europeo y actor global en el sector de los dispositivos de remolque para turismos, SUV y furgonetas, ampl\u00eda su presencia en Asia y celebra el 18 de abril la inauguraci\u00f3n oficial de su centro de distribuci\u00f3n y desarrollo en el distrito chino de Pudong, en Shangh\u00e1i.<\/strong><\/p>\n<p>Como l\u00edder tecnol\u00f3gico, la empresa tiene previsto reforzar sus contactos comerciales actuales en China y captar nuevos clientes. La nueva sede de Shangh\u00e1i servir\u00e1 como centro de ventas y desarrollo y supone un paso importante en la expansi\u00f3n global de la empresa. \u00abACPS Automotive considera que China es un mercado clave, ya que muchos de los clientes de la empresa se encuentran en esta regi\u00f3n. Por este motivo, es muy importante mostrar presencia in situ\u00bb, afirma Thorsten Thomassen, vicepresidente de Equipamiento Original, que dirige las \u00e1reas de ventas, investigaci\u00f3n y desarrollo y gesti\u00f3n de proyectos en ACPS Automotive y, en esta funci\u00f3n, es responsable de la colaboraci\u00f3n directa con los fabricantes de autom\u00f3viles nacionales e internacionales.<\/p>\n<p>\u00abLa nueva oficina en Shangh\u00e1i ser\u00e1 una ventaja importante para establecer r\u00e1pidamente contactos con fabricantes de autom\u00f3viles y atraer a personal altamente cualificado\u00bb, contin\u00faa Thomassen. \u00abNuestra entrada en el mercado chino se basa en las necesidades cambiantes de muchos clientes chinos y en las nuevas disposiciones legales que se aplican desde el a\u00f1o pasado a la circulaci\u00f3n de remolques de autom\u00f3viles\u00bb, a\u00f1ade.<\/p>\n<p>ACPS Automotive se dedica a suministrar a fabricantes de autom\u00f3viles que equipan sus veh\u00edculos con dispositivos de remolque para su exportaci\u00f3n a Europa y Norteam\u00e9rica. \u00abNuestra oficina en Shangh\u00e1i nos ayudar\u00e1 a mantener las relaciones comerciales existentes y a captar nuevos clientes\u00bb, explica Yongxin Quan, director general de Oris Automotive Systems (Shanghai) Ltd. \u00abAdem\u00e1s, ofrecemos el dispositivo de remolque como accesorio para el mercado local chino\u00bb.<\/p>\n<p>La nueva sede operar\u00e1 bajo el nombre de \u00abOris Automotive Systems (Shanghai) Ltd.\u00bb y contar\u00e1 con expertos locales en ventas y desarrollo. ACPS Automotive considera que China es un importante motor para el negocio europeo y espera que impulse de manera significativa sus actividades a nivel mundial. \u00abChina es un mercado enorme con altos est\u00e1ndares tecnol\u00f3gicos y una velocidad de innovaci\u00f3n impresionante\u00bb, afirma Dirk Recker, director de Investigaci\u00f3n y Desarrollo de ACPS Automotive.<\/p>\n<p>\u00abAqu\u00ed en Europa hemos alcanzado la posici\u00f3n de l\u00edder del mercado y colaboramos con pr\u00e1cticamente todos los fabricantes de veh\u00edculos. Vemos un enorme potencial en China, no solo en el \u00e1mbito de la distribuci\u00f3n, sino tambi\u00e9n en el de la investigaci\u00f3n y el desarrollo. Por eso, adem\u00e1s del \u00e1rea de distribuci\u00f3n, tambi\u00e9n estamos creando un equipo de desarrollo en nuestra sede de Shangh\u00e1i. Se trata sobre todo de estar cerca de los clientes y de poder seguir y dar forma a la velocidad del desarrollo\u00bb, contin\u00faa Thomassen.<\/p>\n<p>\u00abEstamos deseando aportar nuestros conocimientos y nuestra experiencia al mercado chino y reforzar nuestras actividades de desarrollo in situ. Esto nos permitir\u00e1 desarrollar productos a\u00fan m\u00e1s innovadores que satisfagan las necesidades de los clientes en China y Asia\u00bb, resume Dirk Recker.<\/p>\n<strong>Pie de foto<\/strong><br \/>\nThorsten Thomassen, vicepresidente de Equipamiento Original de ACPS Automotive, y Yongxin Quan, director general de Oris Automotive Systems (Shangh\u00e1i) Ltd., inauguran oficialmente la oficina de ACPS Automotive en Shangh\u00e1i.\n<strong>La empresa<\/strong><br \/>\nACPS Automotive es l\u00edder del mercado en dispositivos de remolque para turismos, SUV y furgonetas. Cuenta con m\u00e1s de 140 patentes en todo el mundo que avalan su liderazgo en tecnolog\u00eda e innovaci\u00f3n. De este modo, la empresa ha marcado de forma significativa el progreso tecnol\u00f3gico en el \u00e1mbito de los dispositivos de remolque. ACPS Automotive, como desarrollador y fabricante, establece nuevos est\u00e1ndares con la tecnolog\u00eda de sus soluciones de transporte en su sede central de Ingersheim y en once ubicaciones en todo el mundo. Esto beneficia a los clientes: la industria automovil\u00edstica internacional en el sector de los equipos originales y las empresas del mercado de accesorios en el sector de los equipos de recambio. Los dispositivos de remolque proporcionan una conexi\u00f3n especialmente segura y c\u00f3moda entre el veh\u00edculo y las caravanas, los portabicicletas, los remolques para barcos y caballos, tanto en el \u00e1mbito privado como en el comercial. ACPS Automotive cuenta con unos 2000 empleados, fue fundada en 1955 cerca de Stuttgart y es conocida bajo la marca ORIS. La facturaci\u00f3n en 2022 fue de unos 360 millones de euros.\n\t<p><a href=\"https:\/\/www.acps-automotive.com\/wp-content\/uploads\/_media\/unternehmen\/presse\/2024\/ACPS-Automotive-new-location-opened-in-shanghai.pdf\" target=\"_blank\" rel=\"noopener\">Download [PDF]<\/a>\u00a0<a href=\"https:\/\/www.acps-automotive.com\/wp-content\/uploads\/_media\/unternehmen\/presse\/2024\/ACPS-Automotive-new-location-opened-in-shanghai.zip\" target=\"_blank\" rel=\"noopener\">Download [Zip]<\/a><\/p>\n\t<figure id=\"attachment_24402\" aria-describedby=\"caption-attachment-24402\" style=\"width: 300px\" class=\"wp-caption alignnone\"><a href=\"https:\/\/www.acps-automotive.com\/wp-content\/uploads\/_media\/unternehmen\/presse\/2024\/ACPS-Automotive_eroeffnet-Standort-in-Shanghai-scaled.jpg\"><img loading=\"lazy\" decoding=\"async\" src=\"https:\/\/www.acps-automotive.com\/wp-content\/uploads\/_media\/unternehmen\/presse\/2024\/ACPS-Automotive_eroeffnet-Standort-in-Shanghai-300x225.jpg\" alt=\"\" width=\"300\" height=\"225\" \/><\/a><figcaption id=\"caption-attachment-24402\" class=\"wp-caption-text\">Thorsten Thomassen, vicepresidente de Equipamiento Original de ACPS Automotive, y Yongxin Quan, director general de Oris Automotive Systems (Shangh\u00e1i) Ltd., inauguran oficialmente la oficina de ACPS Automotive en Shangh\u00e1i.<\/figcaption><\/figure>\n\t<h2><strong>Contacto para la prensa<\/strong><\/h2>\n<strong>ACPS Automotive GmbH<\/strong><br \/>\nDagmar Hinz |\u00a0Directora de Comunicaci\u00f3n y Marketing<br \/>\nBertha-Benz-Str. 2, 74379 Ingersheim, Alemania\nTel: +49 (0) 7142 9930-124<br \/>\nCorreo electr\u00f3nico: <a href=\"&#x6d;&#x61;&#x69;&#x6c;&#116;&#111;&#58;&#100;agm&#x61;&#x72;&#x2e;&#x68;&#x69;&#110;&#122;&#64;acp&#x73;&#x2d;&#x61;&#x75;&#x74;&#111;&#109;&#111;tiv&#x65;&#x2e;&#x63;&#x6f;&#x6d;\">&#100;&#x61;g&#109;&#x61;r&#46;&#x68;i&#x6e;&#x7a;&#64;&#x61;c&#112;&#x73;-&#97;&#x75;t&#x6f;&#x6d;&#111;&#x74;&#x69;&#118;&#x65;&#46;&#99;&#x6f;m<\/a>\n\t<p><a href=\"https:\/\/www.acps-automotive.com\/es\/empresa\/prensa\/\">\u2190 Volver al resumen<\/a><\/p>\n\n<\/div><!-- .vgblk-rw-wrapper -->","protected":false},"excerpt":{"rendered":"<p>18\/04\/2023 | ACPS Automotive apuesta por el crecimiento en Asia: inaugura una nueva sede en Shangh\u00e1i ACPS Automotive, l\u00edder del mercado europeo y actor global en el sector de los dispositivos de remolque para turismos, SUV y furgonetas, ampl\u00eda su presencia en Asia y celebra el 18 de abril la inauguraci\u00f3n oficial de su centro&#8230;<\/p>\n","protected":false},"author":1,"featured_media":0,"parent":27202,"menu_order":1,"comment_status":"closed","ping_status":"closed","template":"","meta":{"inline_featured_image":false,"_price":"","_stock":"","_tribe_ticket_header":"","_tribe_default_ticket_provider":"","_tribe_ticket_capacity":"0","_ticket_start_date":"","_ticket_end_date":"","_tribe_ticket_show_description":"","_tribe_ticket_show_not_going":false,"_tribe_ticket_use_global_stock":"","_tribe_ticket_global_stock_level":"","_global_stock_mode":"","_global_stock_cap":"","_tribe_rsvp_for_event":"","_tribe_ticket_going_count":"","_tribe_ticket_not_going_count":"","_tribe_tickets_list":"[]","_tribe_ticket_has_attendee_info_fields":false,"footnotes":""},"class_list":["post-28382","page","type-page","status-publish","hentry"],"yoast_head":"<!-- This site is optimized with the Yoast SEO plugin v27.2 - https:\/\/yoast.com\/product\/yoast-seo-wordpress\/ -->\n<title>Prensa | ACPS Automotive<\/title>\n<meta name=\"description\" content=\"Aqu\u00ed encontrar\u00e1 las \u00faltimas noticias de prensa de ACPS Automotive. \u25baNoticias muy informativas para usted.\" \/>\n<meta name=\"robots\" content=\"index, follow, max-snippet:-1, max-image-preview:large, max-video-preview:-1\" \/>\n<link rel=\"canonical\" href=\"https:\/\/www.acps-automotive.com\/es\/empresa\/prensa\/nueva-ubicacion-shanghai\/\" \/>\n<meta property=\"og:locale\" content=\"es_ES\" \/>\n<meta property=\"og:type\" content=\"article\" \/>\n<meta property=\"og:title\" content=\"Prensa | ACPS Automotive\" \/>\n<meta property=\"og:description\" content=\"Aqu\u00ed encontrar\u00e1 las \u00faltimas noticias de prensa de ACPS Automotive. \u25baNoticias muy informativas para usted.\" \/>\n<meta property=\"og:url\" content=\"https:\/\/www.acps-automotive.com\/es\/empresa\/prensa\/nueva-ubicacion-shanghai\/\" \/>\n<meta property=\"og:site_name\" content=\"ACPS Automotive GmbH\" \/>\n<meta property=\"article:modified_time\" content=\"2026-03-05T14:19:31+00:00\" \/>\n<meta property=\"og:image\" content=\"https:\/\/www.acps-automotive.com\/wp-content\/uploads\/_media\/unternehmen\/presse\/2024\/ACPS-Automotive_eroeffnet-Standort-in-Shanghai-300x225.jpg\" \/>\n<meta name=\"twitter:card\" content=\"summary_large_image\" \/>\n<meta name=\"twitter:site\" content=\"@ACPS_Automotive\" \/>\n<meta name=\"twitter:label1\" content=\"Tiempo de lectura\" \/>\n\t<meta name=\"twitter:data1\" content=\"4 minutos\" \/>\n<script type=\"application\/ld+json\" class=\"yoast-schema-graph\">{\"@context\":\"https:\/\/schema.org\",\"@graph\":[{\"@type\":\"WebPage\",\"@id\":\"https:\/\/www.acps-automotive.com\/es\/empresa\/prensa\/nueva-ubicacion-shanghai\/\",\"url\":\"https:\/\/www.acps-automotive.com\/es\/empresa\/prensa\/nueva-ubicacion-shanghai\/\",\"name\":\"Prensa | ACPS Automotive\",\"isPartOf\":{\"@id\":\"https:\/\/www.acps-automotive.com\/es\/#website\"},\"primaryImageOfPage\":{\"@id\":\"https:\/\/www.acps-automotive.com\/es\/empresa\/prensa\/nueva-ubicacion-shanghai\/#primaryimage\"},\"image\":{\"@id\":\"https:\/\/www.acps-automotive.com\/es\/empresa\/prensa\/nueva-ubicacion-shanghai\/#primaryimage\"},\"thumbnailUrl\":\"https:\/\/www.acps-automotive.com\/wp-content\/uploads\/_media\/unternehmen\/presse\/2024\/ACPS-Automotive_eroeffnet-Standort-in-Shanghai-300x225.jpg\",\"datePublished\":\"2026-03-05T14:12:40+00:00\",\"dateModified\":\"2026-03-05T14:19:31+00:00\",\"description\":\"Aqu\u00ed encontrar\u00e1 las \u00faltimas noticias de prensa de ACPS Automotive. \u25baNoticias muy informativas para usted.\",\"breadcrumb\":{\"@id\":\"https:\/\/www.acps-automotive.com\/es\/empresa\/prensa\/nueva-ubicacion-shanghai\/#breadcrumb\"},\"inLanguage\":\"es\",\"potentialAction\":[{\"@type\":\"ReadAction\",\"target\":[\"https:\/\/www.acps-automotive.com\/es\/empresa\/prensa\/nueva-ubicacion-shanghai\/\"]}]},{\"@type\":\"ImageObject\",\"inLanguage\":\"es\",\"@id\":\"https:\/\/www.acps-automotive.com\/es\/empresa\/prensa\/nueva-ubicacion-shanghai\/#primaryimage\",\"url\":\"https:\/\/www.acps-automotive.com\/wp-content\/uploads\/_media\/unternehmen\/presse\/2024\/ACPS-Automotive_eroeffnet-Standort-in-Shanghai-300x225.jpg\",\"contentUrl\":\"https:\/\/www.acps-automotive.com\/wp-content\/uploads\/_media\/unternehmen\/presse\/2024\/ACPS-Automotive_eroeffnet-Standort-in-Shanghai-300x225.jpg\"},{\"@type\":\"BreadcrumbList\",\"@id\":\"https:\/\/www.acps-automotive.com\/es\/empresa\/prensa\/nueva-ubicacion-shanghai\/#breadcrumb\",\"itemListElement\":[{\"@type\":\"ListItem\",\"position\":1,\"name\":\"Startseite\",\"item\":\"https:\/\/www.acps-automotive.com\/es\/\"},{\"@type\":\"ListItem\",\"position\":2,\"name\":\"Empresa\",\"item\":\"https:\/\/www.acps-automotive.com\/es\/empresa\/\"},{\"@type\":\"ListItem\",\"position\":3,\"name\":\"Prensa\",\"item\":\"https:\/\/www.acps-automotive.com\/es\/empresa\/prensa\/\"},{\"@type\":\"ListItem\",\"position\":4,\"name\":\"ACPS Automotive apuesta por el crecimiento en Asia: inaugura una nueva sede en Shangh\u00e1i\"}]},{\"@type\":\"WebSite\",\"@id\":\"https:\/\/www.acps-automotive.com\/es\/#website\",\"url\":\"https:\/\/www.acps-automotive.com\/es\/\",\"name\":\"ACPS Automotive GmbH\",\"description\":\"Innovative Anh\u00e4ngekupplungen\",\"publisher\":{\"@id\":\"https:\/\/www.acps-automotive.com\/es\/#organization\"},\"potentialAction\":[{\"@type\":\"SearchAction\",\"target\":{\"@type\":\"EntryPoint\",\"urlTemplate\":\"https:\/\/www.acps-automotive.com\/es\/?s={search_term_string}\"},\"query-input\":{\"@type\":\"PropertyValueSpecification\",\"valueRequired\":true,\"valueName\":\"search_term_string\"}}],\"inLanguage\":\"es\"},{\"@type\":\"Organization\",\"@id\":\"https:\/\/www.acps-automotive.com\/es\/#organization\",\"name\":\"ACPS Automotive GmbH\",\"url\":\"https:\/\/www.acps-automotive.com\/es\/\",\"logo\":{\"@type\":\"ImageObject\",\"inLanguage\":\"es\",\"@id\":\"https:\/\/www.acps-automotive.com\/es\/#\/schema\/logo\/image\/\",\"url\":\"https:\/\/www.acps-automotive.com\/wp-content\/uploads\/_media\/_allgemein\/Logo-Footer-ACPS-Automotive.png\",\"contentUrl\":\"https:\/\/www.acps-automotive.com\/wp-content\/uploads\/_media\/_allgemein\/Logo-Footer-ACPS-Automotive.png\",\"width\":239,\"height\":32,\"caption\":\"ACPS Automotive GmbH\"},\"image\":{\"@id\":\"https:\/\/www.acps-automotive.com\/es\/#\/schema\/logo\/image\/\"},\"sameAs\":[\"https:\/\/x.com\/ACPS_Automotive\",\"https:\/\/www.linkedin.com\/company\/acps-automotive-gmbh\/\",\"https:\/\/www.instagram.com\/acps_ausbildung\/\",\"https:\/\/www.youtube.com\/channel\/UC2jxrgWwpxpkay2aHWV5SaQ\"]}]}<\/script>\n<!-- \/ Yoast SEO plugin. -->","yoast_head_json":{"title":"Prensa | ACPS Automotive","description":"Aqu\u00ed encontrar\u00e1 las \u00faltimas noticias de prensa de ACPS Automotive. \u25baNoticias muy informativas para usted.","robots":{"index":"index","follow":"follow","max-snippet":"max-snippet:-1","max-image-preview":"max-image-preview:large","max-video-preview":"max-video-preview:-1"},"canonical":"https:\/\/www.acps-automotive.com\/es\/empresa\/prensa\/nueva-ubicacion-shanghai\/","og_locale":"es_ES","og_type":"article","og_title":"Prensa | ACPS Automotive","og_description":"Aqu\u00ed encontrar\u00e1 las \u00faltimas noticias de prensa de ACPS Automotive. \u25baNoticias muy informativas para usted.","og_url":"https:\/\/www.acps-automotive.com\/es\/empresa\/prensa\/nueva-ubicacion-shanghai\/","og_site_name":"ACPS Automotive GmbH","article_modified_time":"2026-03-05T14:19:31+00:00","og_image":[{"url":"https:\/\/www.acps-automotive.com\/wp-content\/uploads\/_media\/unternehmen\/presse\/2024\/ACPS-Automotive_eroeffnet-Standort-in-Shanghai-300x225.jpg","type":"","width":"","height":""}],"twitter_card":"summary_large_image","twitter_site":"@ACPS_Automotive","twitter_misc":{"Tiempo de lectura":"4 minutos"},"schema":{"@context":"https:\/\/schema.org","@graph":[{"@type":"WebPage","@id":"https:\/\/www.acps-automotive.com\/es\/empresa\/prensa\/nueva-ubicacion-shanghai\/","url":"https:\/\/www.acps-automotive.com\/es\/empresa\/prensa\/nueva-ubicacion-shanghai\/","name":"Prensa | ACPS Automotive","isPartOf":{"@id":"https:\/\/www.acps-automotive.com\/es\/#website"},"primaryImageOfPage":{"@id":"https:\/\/www.acps-automotive.com\/es\/empresa\/prensa\/nueva-ubicacion-shanghai\/#primaryimage"},"image":{"@id":"https:\/\/www.acps-automotive.com\/es\/empresa\/prensa\/nueva-ubicacion-shanghai\/#primaryimage"},"thumbnailUrl":"https:\/\/www.acps-automotive.com\/wp-content\/uploads\/_media\/unternehmen\/presse\/2024\/ACPS-Automotive_eroeffnet-Standort-in-Shanghai-300x225.jpg","datePublished":"2026-03-05T14:12:40+00:00","dateModified":"2026-03-05T14:19:31+00:00","description":"Aqu\u00ed encontrar\u00e1 las \u00faltimas noticias de prensa de ACPS Automotive. \u25baNoticias muy informativas para usted.","breadcrumb":{"@id":"https:\/\/www.acps-automotive.com\/es\/empresa\/prensa\/nueva-ubicacion-shanghai\/#breadcrumb"},"inLanguage":"es","potentialAction":[{"@type":"ReadAction","target":["https:\/\/www.acps-automotive.com\/es\/empresa\/prensa\/nueva-ubicacion-shanghai\/"]}]},{"@type":"ImageObject","inLanguage":"es","@id":"https:\/\/www.acps-automotive.com\/es\/empresa\/prensa\/nueva-ubicacion-shanghai\/#primaryimage","url":"https:\/\/www.acps-automotive.com\/wp-content\/uploads\/_media\/unternehmen\/presse\/2024\/ACPS-Automotive_eroeffnet-Standort-in-Shanghai-300x225.jpg","contentUrl":"https:\/\/www.acps-automotive.com\/wp-content\/uploads\/_media\/unternehmen\/presse\/2024\/ACPS-Automotive_eroeffnet-Standort-in-Shanghai-300x225.jpg"},{"@type":"BreadcrumbList","@id":"https:\/\/www.acps-automotive.com\/es\/empresa\/prensa\/nueva-ubicacion-shanghai\/#breadcrumb","itemListElement":[{"@type":"ListItem","position":1,"name":"Startseite","item":"https:\/\/www.acps-automotive.com\/es\/"},{"@type":"ListItem","position":2,"name":"Empresa","item":"https:\/\/www.acps-automotive.com\/es\/empresa\/"},{"@type":"ListItem","position":3,"name":"Prensa","item":"https:\/\/www.acps-automotive.com\/es\/empresa\/prensa\/"},{"@type":"ListItem","position":4,"name":"ACPS Automotive apuesta por el crecimiento en Asia: inaugura una nueva sede en Shangh\u00e1i"}]},{"@type":"WebSite","@id":"https:\/\/www.acps-automotive.com\/es\/#website","url":"https:\/\/www.acps-automotive.com\/es\/","name":"ACPS Automotive GmbH","description":"Innovative Anh\u00e4ngekupplungen","publisher":{"@id":"https:\/\/www.acps-automotive.com\/es\/#organization"},"potentialAction":[{"@type":"SearchAction","target":{"@type":"EntryPoint","urlTemplate":"https:\/\/www.acps-automotive.com\/es\/?s={search_term_string}"},"query-input":{"@type":"PropertyValueSpecification","valueRequired":true,"valueName":"search_term_string"}}],"inLanguage":"es"},{"@type":"Organization","@id":"https:\/\/www.acps-automotive.com\/es\/#organization","name":"ACPS Automotive GmbH","url":"https:\/\/www.acps-automotive.com\/es\/","logo":{"@type":"ImageObject","inLanguage":"es","@id":"https:\/\/www.acps-automotive.com\/es\/#\/schema\/logo\/image\/","url":"https:\/\/www.acps-automotive.com\/wp-content\/uploads\/_media\/_allgemein\/Logo-Footer-ACPS-Automotive.png","contentUrl":"https:\/\/www.acps-automotive.com\/wp-content\/uploads\/_media\/_allgemein\/Logo-Footer-ACPS-Automotive.png","width":239,"height":32,"caption":"ACPS Automotive GmbH"},"image":{"@id":"https:\/\/www.acps-automotive.com\/es\/#\/schema\/logo\/image\/"},"sameAs":["https:\/\/x.com\/ACPS_Automotive","https:\/\/www.linkedin.com\/company\/acps-automotive-gmbh\/","https:\/\/www.instagram.com\/acps_ausbildung\/","https:\/\/www.youtube.com\/channel\/UC2jxrgWwpxpkay2aHWV5SaQ"]}]}},"_links":{"self":[{"href":"https:\/\/www.acps-automotive.com\/es\/wp-json\/wp\/v2\/pages\/28382","targetHints":{"allow":["GET"]}}],"collection":[{"href":"https:\/\/www.acps-automotive.com\/es\/wp-json\/wp\/v2\/pages"}],"about":[{"href":"https:\/\/www.acps-automotive.com\/es\/wp-json\/wp\/v2\/types\/page"}],"author":[{"embeddable":true,"href":"https:\/\/www.acps-automotive.com\/es\/wp-json\/wp\/v2\/users\/1"}],"replies":[{"embeddable":true,"href":"https:\/\/www.acps-automotive.com\/es\/wp-json\/wp\/v2\/comments?post=28382"}],"version-history":[{"count":3,"href":"https:\/\/www.acps-automotive.com\/es\/wp-json\/wp\/v2\/pages\/28382\/revisions"}],"predecessor-version":[{"id":28765,"href":"https:\/\/www.acps-automotive.com\/es\/wp-json\/wp\/v2\/pages\/28382\/revisions\/28765"}],"up":[{"embeddable":true,"href":"https:\/\/www.acps-automotive.com\/es\/wp-json\/wp\/v2\/pages\/27202"}],"wp:attachment":[{"href":"https:\/\/www.acps-automotive.com\/es\/wp-json\/wp\/v2\/media?parent=28382"}],"curies":[{"name":"wp","href":"https:\/\/api.w.org\/{rel}","templated":true}]}}