{"id":28377,"date":"2026-03-05T15:09:18","date_gmt":"2026-03-05T14:09:18","guid":{"rendered":"https:\/\/www.acps-automotive.com\/?page_id=28377"},"modified":"2026-03-05T15:09:18","modified_gmt":"2026-03-05T14:09:18","slug":"motor-bella-2021","status":"publish","type":"page","link":"https:\/\/www.acps-automotive.com\/es\/empresa\/prensa\/motor-bella-2021\/","title":{"rendered":"ACPS Automotive se presenta en Motor Bella 2021"},"content":{"rendered":"<div class=\"vgblk-rw-wrapper limit-wrapper\">\n\n\t<h3><strong>16\/09\/2021 |<\/strong> ACPS Automotive se presenta en Motor Bella 2021<\/h3>\n<strong>Sistemas de enganche para fabricantes de autom\u00f3viles estadounidenses, ya que los viajes en coche, el camping, las bicicletas y las embarcaciones son cada vez m\u00e1s populares.<\/strong><br \/>\n<strong>La tecnolog\u00eda \u00fanica de enganche se integra perfectamente en los veh\u00edculos y garantiza una instalaci\u00f3n sencilla por parte del fabricante y un uso sin problemas.<\/strong>\n<p>ACPS Automotive, l\u00edder europeo y proveedor mundial de sistemas de enganche para turismos, SUV y furgonetas, presentar\u00e1 sus innovadores sistemas de enganche para el mercado estadounidense en la feria Motor Bella, que se celebrar\u00e1 en Pontiac, M\u00edchigan, del 21 al 22 de septiembre. Las elegantes soluciones de enganches de remolque de ACPS Automotive se instalan en los veh\u00edculos en la cadena de montaje o por mec\u00e1nicos certificados en los concesionarios. Aportan un valor a\u00f1adido a los fabricantes de autom\u00f3viles y facilitan a los conductores el transporte de su equipo cuando viajan. Las avanzadas soluciones de ACPS Automotive, que cuentan con m\u00e1s de 60 a\u00f1os de historia y 140 patentes en todo el mundo, ofrecen un rendimiento, una seguridad y una durabilidad excepcionales.<\/p>\n<p>Los enganches para remolque de ACPS Automotive se han dise\u00f1ado para sustituir a los enganches r\u00edgidos, expuestos y antiest\u00e9ticos que la mayor\u00eda de nosotros tenemos en mente cuando pensamos en un enganche para remolque. Adem\u00e1s, cumplen con los m\u00e1s altos est\u00e1ndares de seguridad y se integran f\u00e1cilmente en los veh\u00edculos m\u00e1s ligeros y eficientes en cuanto a consumo de combustible de la actualidad. Los enganches para remolques de ACPS Automotive son f\u00e1ciles de mover y ajustar, e incluso desaparecen completamente detr\u00e1s de la parte trasera cuando no se utilizan. A medida que los estadounidenses pasan cada vez m\u00e1s tiempo viajando por motivos de ocio y por \u00abestancias de trabajo\u00bb m\u00e1s largas, crece la necesidad de soluciones de enganches potentes y f\u00e1ciles de usar que permitan transportar de forma segura y fiable equipos y accesorios, desde portabicicletas hasta barcos y autocaravanas.<\/p>\n<p>\u00abEn Estados Unidos existe una gran oportunidad para presentar a los conductores exigentes un dispositivo de remolque intuitivo que ofrece un valor a\u00f1adido para el pr\u00f3ximo viaje sin afectar al dise\u00f1o del veh\u00edculo\u00bb, afirma Daniel Csuta-Galisz, director de I+D para Norteam\u00e9rica de ACPS Automotive. \u00abDespu\u00e9s de m\u00e1s de 60 a\u00f1os equipando veh\u00edculos en Europa con nuestras soluciones de enganche de \u00faltima generaci\u00f3n, estamos deseando mostrar a los fabricantes de equipos originales estadounidenses c\u00f3mo podemos colaborar con ellos para integrar esta avanzada tecnolog\u00eda de enganches en sus veh\u00edculos y entusiasmar a los conductores\u00bb.<\/p>\n<p>ACPS Automotive fue la primera empresa en presentar el enganche giratorio para remolques, que se puede retraer en el veh\u00edculo con solo pulsar un bot\u00f3n. La tecnolog\u00eda se basa en un sistema giratorio inventado por ACPS Automotive que garantiza que la curva de giro y el tama\u00f1o del enganche para remolques se adapten de forma \u00f3ptima al veh\u00edculo, de modo que el sistema solo ocupa un espacio m\u00ednimo cuando est\u00e1 retra\u00eddo. ACPS Automotive tambi\u00e9n ofrece soluciones desmontables que se pueden montar y desmontar f\u00e1cilmente y se bloquean autom\u00e1ticamente para aumentar la seguridad sin comprometer la funcionalidad. Adem\u00e1s, ACPS Automotive ofrece una opci\u00f3n m\u00e1s econ\u00f3mica con la soluci\u00f3n de enganche fijo, que sigue ofreciendo una funcionalidad completa. En este segmento, ACPS Automotive destaca por sus tecnolog\u00edas de fabricaci\u00f3n de vanguardia y una calidad de soldadura excepcional, que no solo da un buen aspecto a los enganches, sino que tambi\u00e9n garantiza una larga vida \u00fatil.<\/p>\n<p>Los visitantes de Motor Bella pueden obtener m\u00e1s informaci\u00f3n sobre las innovadoras soluciones de enganches para remolques de ACPS Automotive en el stand 200\/201 de la zona AutoMobili-D.<\/p>\n<strong>Acerca de ACPS Automotive<\/strong><br \/>\nACPS Automotive es l\u00edder europeo en el mercado y en tecnolog\u00eda de dispositivos de remolque para turismos, SUV y furgonetas. Fundada en 1955 y con sede en Ingersheim, cerca de Stuttgart, la empresa desarrolla, produce y comercializa sus innovadores y seguros sistemas de remolque y transporte en diez ubicaciones de Europa, Estados Unidos y M\u00e9xico bajo la marca ORIS. La empresa colabora estrechamente con fabricantes de autom\u00f3viles y consumidores finales, as\u00ed como con empresas del mercado de recambios, como talleres y concesionarios. ACPS Automotive cuenta con m\u00e1s de 140 patentes en todo el mundo y marca el mercado de los dispositivos de remolque y los sistemas de transporte con sus innovaciones.\n\t<p><a href=\"https:\/\/www.acps-automotive.com\/wp-content\/uploads\/_media\/unternehmen\/presse\/Press-Release_MotorBella_20210916.pdf\" target=\"_blank\" rel=\"noopener\">Download [PDF]<\/a>\u00a0<a href=\"https:\/\/www.acps-automotive.com\/wp-content\/uploads\/_media\/unternehmen\/presse\/Press-Release_MotorBella_20210916.zip\" target=\"_blank\" rel=\"noopener\">Download [Zip]<\/a><\/p>\n\t<h2><strong>Contacto para la prensa<\/strong><\/h2>\n<strong>ACPS Automotive GmbH<\/strong><br \/>\nDagmar Hinz | Directora de Comunicaci\u00f3n y Marketing<br \/>\nBertha-Benz-Str. 2, 74379 Ingersheim, Alemania\nTel: +49 (0) 7142 9930-124<br \/>\nCorreo electr\u00f3nico: <a href=\"&#x6d;&#97;&#105;l&#x74;&#x6f;&#58;d&#x61;&#x67;&#109;a&#x72;&#x2e;&#104;i&#x6e;&#x7a;&#64;a&#x63;&#x70;&#115;-&#x61;&#x75;&#116;&#111;m&#x6f;&#x74;&#105;v&#x65;&#x2e;&#99;o&#x6d;\">&#x64;&#97;&#x67;&#109;a&#x72;&#46;h&#x69;&#110;&#x7a;&#x40;a&#x63;&#112;s&#x2d;&#97;&#x75;&#x74;o&#x6d;&#111;t&#x69;&#118;e&#x2e;&#99;&#x6f;&#109;<\/a>\n\t<p><a href=\"https:\/\/www.acps-automotive.com\/es\/empresa\/prensa\/\">\u2190 Volver al resumen<\/a><\/p>\n\n<\/div><!-- .vgblk-rw-wrapper -->","protected":false},"excerpt":{"rendered":"<p>16\/09\/2021 | ACPS Automotive se presenta en Motor Bella 2021 Sistemas de enganche para fabricantes de autom\u00f3viles estadounidenses, ya que los viajes en coche, el camping, las bicicletas y las embarcaciones son cada vez m\u00e1s populares. La tecnolog\u00eda \u00fanica de enganche se integra perfectamente en los veh\u00edculos y garantiza una instalaci\u00f3n sencilla por parte del&#8230;<\/p>\n","protected":false},"author":1,"featured_media":0,"parent":27202,"menu_order":1,"comment_status":"closed","ping_status":"closed","template":"","meta":{"inline_featured_image":false,"_price":"","_stock":"","_tribe_ticket_header":"","_tribe_default_ticket_provider":"","_tribe_ticket_capacity":"0","_ticket_start_date":"","_ticket_end_date":"","_tribe_ticket_show_description":"","_tribe_ticket_show_not_going":false,"_tribe_ticket_use_global_stock":"","_tribe_ticket_global_stock_level":"","_global_stock_mode":"","_global_stock_cap":"","_tribe_rsvp_for_event":"","_tribe_ticket_going_count":"","_tribe_ticket_not_going_count":"","_tribe_tickets_list":"[]","_tribe_ticket_has_attendee_info_fields":false,"footnotes":""},"class_list":["post-28377","page","type-page","status-publish","hentry"],"yoast_head":"<!-- This site is optimized with the Yoast SEO plugin v27.2 - https:\/\/yoast.com\/product\/yoast-seo-wordpress\/ -->\n<title>Prensa | ACPS Automotive<\/title>\n<meta name=\"description\" content=\"Aqu\u00ed encontrar\u00e1 las \u00faltimas noticias de prensa de ACPS Automotive. \u25baNoticias muy informativas para usted.\" \/>\n<meta name=\"robots\" content=\"index, follow, max-snippet:-1, max-image-preview:large, max-video-preview:-1\" \/>\n<link rel=\"canonical\" href=\"https:\/\/www.acps-automotive.com\/es\/empresa\/prensa\/motor-bella-2021\/\" \/>\n<meta property=\"og:locale\" content=\"es_ES\" \/>\n<meta property=\"og:type\" content=\"article\" \/>\n<meta property=\"og:title\" content=\"Prensa | ACPS Automotive\" \/>\n<meta property=\"og:description\" content=\"Aqu\u00ed encontrar\u00e1 las \u00faltimas noticias de prensa de ACPS Automotive. \u25baNoticias muy informativas para usted.\" \/>\n<meta property=\"og:url\" content=\"https:\/\/www.acps-automotive.com\/es\/empresa\/prensa\/motor-bella-2021\/\" \/>\n<meta property=\"og:site_name\" content=\"ACPS Automotive GmbH\" \/>\n<meta name=\"twitter:card\" content=\"summary_large_image\" \/>\n<meta name=\"twitter:site\" content=\"@ACPS_Automotive\" \/>\n<meta name=\"twitter:label1\" content=\"Tiempo de lectura\" \/>\n\t<meta name=\"twitter:data1\" content=\"3 minutos\" \/>\n<script type=\"application\/ld+json\" class=\"yoast-schema-graph\">{\"@context\":\"https:\/\/schema.org\",\"@graph\":[{\"@type\":\"WebPage\",\"@id\":\"https:\/\/www.acps-automotive.com\/es\/empresa\/prensa\/motor-bella-2021\/\",\"url\":\"https:\/\/www.acps-automotive.com\/es\/empresa\/prensa\/motor-bella-2021\/\",\"name\":\"Prensa | ACPS Automotive\",\"isPartOf\":{\"@id\":\"https:\/\/www.acps-automotive.com\/es\/#website\"},\"datePublished\":\"2026-03-05T14:09:18+00:00\",\"description\":\"Aqu\u00ed encontrar\u00e1 las \u00faltimas noticias de prensa de ACPS Automotive. \u25baNoticias muy informativas para usted.\",\"breadcrumb\":{\"@id\":\"https:\/\/www.acps-automotive.com\/es\/empresa\/prensa\/motor-bella-2021\/#breadcrumb\"},\"inLanguage\":\"es\",\"potentialAction\":[{\"@type\":\"ReadAction\",\"target\":[\"https:\/\/www.acps-automotive.com\/es\/empresa\/prensa\/motor-bella-2021\/\"]}]},{\"@type\":\"BreadcrumbList\",\"@id\":\"https:\/\/www.acps-automotive.com\/es\/empresa\/prensa\/motor-bella-2021\/#breadcrumb\",\"itemListElement\":[{\"@type\":\"ListItem\",\"position\":1,\"name\":\"Startseite\",\"item\":\"https:\/\/www.acps-automotive.com\/es\/\"},{\"@type\":\"ListItem\",\"position\":2,\"name\":\"Empresa\",\"item\":\"https:\/\/www.acps-automotive.com\/es\/empresa\/\"},{\"@type\":\"ListItem\",\"position\":3,\"name\":\"Prensa\",\"item\":\"https:\/\/www.acps-automotive.com\/es\/empresa\/prensa\/\"},{\"@type\":\"ListItem\",\"position\":4,\"name\":\"ACPS Automotive se presenta en Motor Bella 2021\"}]},{\"@type\":\"WebSite\",\"@id\":\"https:\/\/www.acps-automotive.com\/es\/#website\",\"url\":\"https:\/\/www.acps-automotive.com\/es\/\",\"name\":\"ACPS Automotive GmbH\",\"description\":\"Innovative Anh\u00e4ngekupplungen\",\"publisher\":{\"@id\":\"https:\/\/www.acps-automotive.com\/es\/#organization\"},\"potentialAction\":[{\"@type\":\"SearchAction\",\"target\":{\"@type\":\"EntryPoint\",\"urlTemplate\":\"https:\/\/www.acps-automotive.com\/es\/?s={search_term_string}\"},\"query-input\":{\"@type\":\"PropertyValueSpecification\",\"valueRequired\":true,\"valueName\":\"search_term_string\"}}],\"inLanguage\":\"es\"},{\"@type\":\"Organization\",\"@id\":\"https:\/\/www.acps-automotive.com\/es\/#organization\",\"name\":\"ACPS Automotive GmbH\",\"url\":\"https:\/\/www.acps-automotive.com\/es\/\",\"logo\":{\"@type\":\"ImageObject\",\"inLanguage\":\"es\",\"@id\":\"https:\/\/www.acps-automotive.com\/es\/#\/schema\/logo\/image\/\",\"url\":\"https:\/\/www.acps-automotive.com\/wp-content\/uploads\/_media\/_allgemein\/Logo-Footer-ACPS-Automotive.png\",\"contentUrl\":\"https:\/\/www.acps-automotive.com\/wp-content\/uploads\/_media\/_allgemein\/Logo-Footer-ACPS-Automotive.png\",\"width\":239,\"height\":32,\"caption\":\"ACPS Automotive GmbH\"},\"image\":{\"@id\":\"https:\/\/www.acps-automotive.com\/es\/#\/schema\/logo\/image\/\"},\"sameAs\":[\"https:\/\/x.com\/ACPS_Automotive\",\"https:\/\/www.linkedin.com\/company\/acps-automotive-gmbh\/\",\"https:\/\/www.instagram.com\/acps_ausbildung\/\",\"https:\/\/www.youtube.com\/channel\/UC2jxrgWwpxpkay2aHWV5SaQ\"]}]}<\/script>\n<!-- \/ Yoast SEO plugin. -->","yoast_head_json":{"title":"Prensa | ACPS Automotive","description":"Aqu\u00ed encontrar\u00e1 las \u00faltimas noticias de prensa de ACPS Automotive. \u25baNoticias muy informativas para usted.","robots":{"index":"index","follow":"follow","max-snippet":"max-snippet:-1","max-image-preview":"max-image-preview:large","max-video-preview":"max-video-preview:-1"},"canonical":"https:\/\/www.acps-automotive.com\/es\/empresa\/prensa\/motor-bella-2021\/","og_locale":"es_ES","og_type":"article","og_title":"Prensa | ACPS Automotive","og_description":"Aqu\u00ed encontrar\u00e1 las \u00faltimas noticias de prensa de ACPS Automotive. \u25baNoticias muy informativas para usted.","og_url":"https:\/\/www.acps-automotive.com\/es\/empresa\/prensa\/motor-bella-2021\/","og_site_name":"ACPS Automotive GmbH","twitter_card":"summary_large_image","twitter_site":"@ACPS_Automotive","twitter_misc":{"Tiempo de lectura":"3 minutos"},"schema":{"@context":"https:\/\/schema.org","@graph":[{"@type":"WebPage","@id":"https:\/\/www.acps-automotive.com\/es\/empresa\/prensa\/motor-bella-2021\/","url":"https:\/\/www.acps-automotive.com\/es\/empresa\/prensa\/motor-bella-2021\/","name":"Prensa | ACPS Automotive","isPartOf":{"@id":"https:\/\/www.acps-automotive.com\/es\/#website"},"datePublished":"2026-03-05T14:09:18+00:00","description":"Aqu\u00ed encontrar\u00e1 las \u00faltimas noticias de prensa de ACPS Automotive. \u25baNoticias muy informativas para usted.","breadcrumb":{"@id":"https:\/\/www.acps-automotive.com\/es\/empresa\/prensa\/motor-bella-2021\/#breadcrumb"},"inLanguage":"es","potentialAction":[{"@type":"ReadAction","target":["https:\/\/www.acps-automotive.com\/es\/empresa\/prensa\/motor-bella-2021\/"]}]},{"@type":"BreadcrumbList","@id":"https:\/\/www.acps-automotive.com\/es\/empresa\/prensa\/motor-bella-2021\/#breadcrumb","itemListElement":[{"@type":"ListItem","position":1,"name":"Startseite","item":"https:\/\/www.acps-automotive.com\/es\/"},{"@type":"ListItem","position":2,"name":"Empresa","item":"https:\/\/www.acps-automotive.com\/es\/empresa\/"},{"@type":"ListItem","position":3,"name":"Prensa","item":"https:\/\/www.acps-automotive.com\/es\/empresa\/prensa\/"},{"@type":"ListItem","position":4,"name":"ACPS Automotive se presenta en Motor Bella 2021"}]},{"@type":"WebSite","@id":"https:\/\/www.acps-automotive.com\/es\/#website","url":"https:\/\/www.acps-automotive.com\/es\/","name":"ACPS Automotive GmbH","description":"Innovative Anh\u00e4ngekupplungen","publisher":{"@id":"https:\/\/www.acps-automotive.com\/es\/#organization"},"potentialAction":[{"@type":"SearchAction","target":{"@type":"EntryPoint","urlTemplate":"https:\/\/www.acps-automotive.com\/es\/?s={search_term_string}"},"query-input":{"@type":"PropertyValueSpecification","valueRequired":true,"valueName":"search_term_string"}}],"inLanguage":"es"},{"@type":"Organization","@id":"https:\/\/www.acps-automotive.com\/es\/#organization","name":"ACPS Automotive GmbH","url":"https:\/\/www.acps-automotive.com\/es\/","logo":{"@type":"ImageObject","inLanguage":"es","@id":"https:\/\/www.acps-automotive.com\/es\/#\/schema\/logo\/image\/","url":"https:\/\/www.acps-automotive.com\/wp-content\/uploads\/_media\/_allgemein\/Logo-Footer-ACPS-Automotive.png","contentUrl":"https:\/\/www.acps-automotive.com\/wp-content\/uploads\/_media\/_allgemein\/Logo-Footer-ACPS-Automotive.png","width":239,"height":32,"caption":"ACPS Automotive GmbH"},"image":{"@id":"https:\/\/www.acps-automotive.com\/es\/#\/schema\/logo\/image\/"},"sameAs":["https:\/\/x.com\/ACPS_Automotive","https:\/\/www.linkedin.com\/company\/acps-automotive-gmbh\/","https:\/\/www.instagram.com\/acps_ausbildung\/","https:\/\/www.youtube.com\/channel\/UC2jxrgWwpxpkay2aHWV5SaQ"]}]}},"_links":{"self":[{"href":"https:\/\/www.acps-automotive.com\/es\/wp-json\/wp\/v2\/pages\/28377","targetHints":{"allow":["GET"]}}],"collection":[{"href":"https:\/\/www.acps-automotive.com\/es\/wp-json\/wp\/v2\/pages"}],"about":[{"href":"https:\/\/www.acps-automotive.com\/es\/wp-json\/wp\/v2\/types\/page"}],"author":[{"embeddable":true,"href":"https:\/\/www.acps-automotive.com\/es\/wp-json\/wp\/v2\/users\/1"}],"replies":[{"embeddable":true,"href":"https:\/\/www.acps-automotive.com\/es\/wp-json\/wp\/v2\/comments?post=28377"}],"version-history":[{"count":3,"href":"https:\/\/www.acps-automotive.com\/es\/wp-json\/wp\/v2\/pages\/28377\/revisions"}],"predecessor-version":[{"id":28381,"href":"https:\/\/www.acps-automotive.com\/es\/wp-json\/wp\/v2\/pages\/28377\/revisions\/28381"}],"up":[{"embeddable":true,"href":"https:\/\/www.acps-automotive.com\/es\/wp-json\/wp\/v2\/pages\/27202"}],"wp:attachment":[{"href":"https:\/\/www.acps-automotive.com\/es\/wp-json\/wp\/v2\/media?parent=28377"}],"curies":[{"name":"wp","href":"https:\/\/api.w.org\/{rel}","templated":true}]}}