{"id":28370,"date":"2026-03-05T14:57:09","date_gmt":"2026-03-05T13:57:09","guid":{"rendered":"https:\/\/www.acps-automotive.com\/?page_id=28370"},"modified":"2026-03-05T14:57:09","modified_gmt":"2026-03-05T13:57:09","slug":"nueva-estrategia-de-marca","status":"publish","type":"page","link":"https:\/\/www.acps-automotive.com\/es\/empresa\/prensa\/nueva-estrategia-de-marca\/","title":{"rendered":"ACPS Automotive, con una nueva estrategia de marca y un enfoque internacional m\u00e1s s\u00f3lido tras el exitoso cambio de propiedad."},"content":{"rendered":"<div class=\"vgblk-rw-wrapper limit-wrapper\">\n\n\t<h3><strong>02\/05\/2018 |<\/strong> ACPS Automotive, tras un exitoso cambio de propiedad, presenta una nueva estrategia de marca y una orientaci\u00f3n internacional m\u00e1s marcada<\/h3>\n<p><strong>ACPS Automotive (antes Bosal Automotive Carrier and Protection Systems GmbH) se orientar\u00e1 m\u00e1s hacia el mercado internacional tras la exitosa inversi\u00f3n de TowerBrook Capital Partners L.P. (TowerBrook) y reforzar\u00e1 la presencia de la empresa en importantes mercados en crecimiento.<\/strong><\/p>\n<p>En el marco del cambio de nombre, la empresa introduce la nueva marca de productos Oris_acps, bajo la cual se agrupar\u00e1n en el futuro el negocio de equipos originales para fabricantes de autom\u00f3viles y el negocio independiente del mercado de repuestos. Esto subraya el compromiso de ACPS Automotive con la conocida marca ORIS y las ra\u00edces de la empresa en la zona de Stuttgart.<\/p>\n<p>Gerhard B\u00f6hm, nuevo director general de la tradicional empresa: \u00abACPS Automotive es sin\u00f3nimo de liderazgo tecnol\u00f3gico, una fuerte cultura de innovaci\u00f3n y una alta calidad de producto, que los clientes de todo el mundo aprecian desde hace d\u00e9cadas. Estoy muy contento de poder continuar con TowerBrook y seguir ampliando la presencia internacional de ACPS Automotive en el futuro\u00bb.<\/p>\n<p>Ramez Sousou, cofundador y codirector ejecutivo de TowerBrook, a\u00f1ade: \u00abEstamos muy ilusionados con la colaboraci\u00f3n a largo plazo con Gerhard B\u00f6hm y su equipo. Nuestra red transatl\u00e1ntica y nuestras relaciones de larga duraci\u00f3n en el sector automovil\u00edstico complementan a la perfecci\u00f3n la dilatada experiencia de ACPS Automotive para aprovechar de forma sostenible el potencial de crecimiento, especialmente en Norteam\u00e9rica\u00bb.<\/p>\n<p>En 2017, la empresa, con unos 2000 empleados, gener\u00f3 aproximadamente 250 millones de euros. ACPS Automotive seguir\u00e1 teniendo presencia global con centros de desarrollo y producci\u00f3n en Europa y Norteam\u00e9rica. La sede central y el centro de desarrollo permanecer\u00e1n en Ingersheim, Alemania.<\/p>\n<p>El 5 de enero de 2018, el Grupo Bosal anunci\u00f3 que hab\u00eda firmado un acuerdo con TowerBrook Capital Partners para invertir en Bosal ACPS. Tras obtener la aprobaci\u00f3n de todas las autoridades reguladoras pertinentes, la transacci\u00f3n se ha completado con \u00e9xito. Como resultado, Bosal ACPS pasar\u00e1 a denominarse ACPS Automotive en breve.<\/p>\n<strong>La empresa<\/strong><br \/>\nACPS Automotive es l\u00edder del mercado en dispositivos de remolque para turismos, SUV y furgonetas. La empresa es sin\u00f3nimo de liderazgo tecnol\u00f3gico y aspira a dar forma a los mercados con sus innovaciones. M\u00e1s de 140 patentes dan fe de su marcada cultura de innovaci\u00f3n.<br \/>\nACPS Automotive, como desarrollador y fabricante, establece est\u00e1ndares con la tecnolog\u00eda de sus soluciones de transporte en su sede central de Ingersheim y en diez ubicaciones en todo el mundo. De ello se benefician nuestros clientes: la industria automovil\u00edstica internacional en el sector de los equipos originales y las empresas del mercado de accesorios en el sector de los equipos de recambio.<br \/>\nACPS Automotive cuenta con unos 2000 empleados, fue fundada en 1955 en M\u00f6glingen, cerca de Stuttgart, y es conocida bajo la marca ORIS. Gracias al desarrollo de numerosas innovaciones, nuestra empresa ha marcado el mercado de los dispositivos de remolque y lo ha convertido en lo que es hoy. Ya en los a\u00f1os 70 desarrollamos el primer dispositivo de remolque desmontable del mundo, con muchas ventajas frente a las variantes fijas que exist\u00edan hasta entonces. A principios de la d\u00e9cada de 2000, la empresa cre\u00f3 un nuevo est\u00e1ndar con los primeros dispositivos de remolque giratorios mec\u00e1nicos. En 2010 le sigui\u00f3 otra innovaci\u00f3n: el primer dispositivo de remolque giratorio totalmente el\u00e9ctrico para una comodidad y seguridad m\u00e1ximas.\n<p><a href=\"https:\/\/www.acps-automotive.com\/wp-content\/uploads\/_media\/unternehmen\/presse\/PR_Closing_EN_20180502.pdf\" target=\"_blank\" rel=\"noopener\">Download [PDF]<\/a>\u00a0<a href=\"https:\/\/www.acps-automotive.com\/wp-content\/uploads\/_media\/unternehmen\/presse\/PR_Closing_EN_20180502.zip\" target=\"_blank\" rel=\"noopener\">Download [Zip]<\/a><\/p>\n\t<h2><strong>Contacto para la prensa<\/strong><\/h2>\n<strong>ACPS Automotive GmbH<\/strong><br \/>\nDagmar Hinz |\u00a0Directora de Comunicaci\u00f3n y Marketing<br \/>\nBertha-Benz-Str. 2, 74379 Ingersheim, Alemania\nTel: +49 (0) 7142 9930-124<br \/>\nCorreo electr\u00f3nico: <a href=\"&#x6d;&#x61;&#x69;&#x6c;&#x74;&#x6f;&#x3a;&#x64;&#x61;&#x67;&#x6d;&#x61;&#x72;&#x2e;&#x68;&#x69;&#x6e;&#x7a;&#x40;&#x61;&#x63;&#x70;&#x73;&#x2d;&#x61;&#x75;&#x74;&#x6f;&#x6d;&#x6f;&#x74;&#x69;&#x76;&#x65;&#x2e;&#x63;&#x6f;&#x6d;\">&#100;&#x61;g&#109;&#x61;r&#46;&#x68;i&#110;&#x7a;&#64;&#97;&#x63;&#112;&#x73;&#x2d;&#97;&#x75;&#x74;&#111;&#x6d;o&#116;&#x69;v&#101;&#x2e;c&#111;&#x6d;<\/a>\n\t<p><a href=\"https:\/\/www.acps-automotive.com\/es\/empresa\/prensa\/\">\u2190 Volver al resumen<\/a><\/p>\n\n<\/div><!-- .vgblk-rw-wrapper -->","protected":false},"excerpt":{"rendered":"<p>02\/05\/2018 | ACPS Automotive, tras un exitoso cambio de propiedad, presenta una nueva estrategia de marca y una orientaci\u00f3n internacional m\u00e1s marcada ACPS Automotive (antes Bosal Automotive Carrier and Protection Systems GmbH) se orientar\u00e1 m\u00e1s hacia el mercado internacional tras la exitosa inversi\u00f3n de TowerBrook Capital Partners L.P. (TowerBrook) y reforzar\u00e1 la presencia de la&#8230;<\/p>\n","protected":false},"author":1,"featured_media":0,"parent":27202,"menu_order":1,"comment_status":"closed","ping_status":"closed","template":"","meta":{"inline_featured_image":false,"_price":"","_stock":"","_tribe_ticket_header":"","_tribe_default_ticket_provider":"","_tribe_ticket_capacity":"0","_ticket_start_date":"","_ticket_end_date":"","_tribe_ticket_show_description":"","_tribe_ticket_show_not_going":false,"_tribe_ticket_use_global_stock":"","_tribe_ticket_global_stock_level":"","_global_stock_mode":"","_global_stock_cap":"","_tribe_rsvp_for_event":"","_tribe_ticket_going_count":"","_tribe_ticket_not_going_count":"","_tribe_tickets_list":"[]","_tribe_ticket_has_attendee_info_fields":false,"footnotes":""},"class_list":["post-28370","page","type-page","status-publish","hentry"],"yoast_head":"<!-- This site is optimized with the Yoast SEO plugin v27.2 - https:\/\/yoast.com\/product\/yoast-seo-wordpress\/ -->\n<title>Prensa | ACPS Automotive<\/title>\n<meta name=\"description\" content=\"Aqu\u00ed encontrar\u00e1 las \u00faltimas noticias de prensa de ACPS Automotive. \u25baNoticias muy informativas para usted.\" \/>\n<meta name=\"robots\" content=\"index, follow, max-snippet:-1, max-image-preview:large, max-video-preview:-1\" \/>\n<link rel=\"canonical\" href=\"https:\/\/www.acps-automotive.com\/es\/empresa\/prensa\/nueva-estrategia-de-marca\/\" \/>\n<meta property=\"og:locale\" content=\"es_ES\" \/>\n<meta property=\"og:type\" content=\"article\" \/>\n<meta property=\"og:title\" content=\"Prensa | ACPS Automotive\" \/>\n<meta property=\"og:description\" content=\"Aqu\u00ed encontrar\u00e1 las \u00faltimas noticias de prensa de ACPS Automotive. \u25baNoticias muy informativas para usted.\" \/>\n<meta property=\"og:url\" content=\"https:\/\/www.acps-automotive.com\/es\/empresa\/prensa\/nueva-estrategia-de-marca\/\" \/>\n<meta property=\"og:site_name\" content=\"ACPS Automotive GmbH\" \/>\n<meta name=\"twitter:card\" content=\"summary_large_image\" \/>\n<meta name=\"twitter:site\" content=\"@ACPS_Automotive\" \/>\n<meta name=\"twitter:label1\" content=\"Tiempo de lectura\" \/>\n\t<meta name=\"twitter:data1\" content=\"3 minutos\" \/>\n<script type=\"application\/ld+json\" class=\"yoast-schema-graph\">{\"@context\":\"https:\/\/schema.org\",\"@graph\":[{\"@type\":\"WebPage\",\"@id\":\"https:\/\/www.acps-automotive.com\/es\/empresa\/prensa\/nueva-estrategia-de-marca\/\",\"url\":\"https:\/\/www.acps-automotive.com\/es\/empresa\/prensa\/nueva-estrategia-de-marca\/\",\"name\":\"Prensa | ACPS Automotive\",\"isPartOf\":{\"@id\":\"https:\/\/www.acps-automotive.com\/es\/#website\"},\"datePublished\":\"2026-03-05T13:57:09+00:00\",\"description\":\"Aqu\u00ed encontrar\u00e1 las \u00faltimas noticias de prensa de ACPS Automotive. \u25baNoticias muy informativas para usted.\",\"breadcrumb\":{\"@id\":\"https:\/\/www.acps-automotive.com\/es\/empresa\/prensa\/nueva-estrategia-de-marca\/#breadcrumb\"},\"inLanguage\":\"es\",\"potentialAction\":[{\"@type\":\"ReadAction\",\"target\":[\"https:\/\/www.acps-automotive.com\/es\/empresa\/prensa\/nueva-estrategia-de-marca\/\"]}]},{\"@type\":\"BreadcrumbList\",\"@id\":\"https:\/\/www.acps-automotive.com\/es\/empresa\/prensa\/nueva-estrategia-de-marca\/#breadcrumb\",\"itemListElement\":[{\"@type\":\"ListItem\",\"position\":1,\"name\":\"Startseite\",\"item\":\"https:\/\/www.acps-automotive.com\/es\/\"},{\"@type\":\"ListItem\",\"position\":2,\"name\":\"Empresa\",\"item\":\"https:\/\/www.acps-automotive.com\/es\/empresa\/\"},{\"@type\":\"ListItem\",\"position\":3,\"name\":\"Prensa\",\"item\":\"https:\/\/www.acps-automotive.com\/es\/empresa\/prensa\/\"},{\"@type\":\"ListItem\",\"position\":4,\"name\":\"ACPS Automotive, con una nueva estrategia de marca y un enfoque internacional m\u00e1s s\u00f3lido tras el exitoso cambio de propiedad.\"}]},{\"@type\":\"WebSite\",\"@id\":\"https:\/\/www.acps-automotive.com\/es\/#website\",\"url\":\"https:\/\/www.acps-automotive.com\/es\/\",\"name\":\"ACPS Automotive GmbH\",\"description\":\"Innovative Anh\u00e4ngekupplungen\",\"publisher\":{\"@id\":\"https:\/\/www.acps-automotive.com\/es\/#organization\"},\"potentialAction\":[{\"@type\":\"SearchAction\",\"target\":{\"@type\":\"EntryPoint\",\"urlTemplate\":\"https:\/\/www.acps-automotive.com\/es\/?s={search_term_string}\"},\"query-input\":{\"@type\":\"PropertyValueSpecification\",\"valueRequired\":true,\"valueName\":\"search_term_string\"}}],\"inLanguage\":\"es\"},{\"@type\":\"Organization\",\"@id\":\"https:\/\/www.acps-automotive.com\/es\/#organization\",\"name\":\"ACPS Automotive GmbH\",\"url\":\"https:\/\/www.acps-automotive.com\/es\/\",\"logo\":{\"@type\":\"ImageObject\",\"inLanguage\":\"es\",\"@id\":\"https:\/\/www.acps-automotive.com\/es\/#\/schema\/logo\/image\/\",\"url\":\"https:\/\/www.acps-automotive.com\/wp-content\/uploads\/_media\/_allgemein\/Logo-Footer-ACPS-Automotive.png\",\"contentUrl\":\"https:\/\/www.acps-automotive.com\/wp-content\/uploads\/_media\/_allgemein\/Logo-Footer-ACPS-Automotive.png\",\"width\":239,\"height\":32,\"caption\":\"ACPS Automotive GmbH\"},\"image\":{\"@id\":\"https:\/\/www.acps-automotive.com\/es\/#\/schema\/logo\/image\/\"},\"sameAs\":[\"https:\/\/x.com\/ACPS_Automotive\",\"https:\/\/www.linkedin.com\/company\/acps-automotive-gmbh\/\",\"https:\/\/www.instagram.com\/acps_ausbildung\/\",\"https:\/\/www.youtube.com\/channel\/UC2jxrgWwpxpkay2aHWV5SaQ\"]}]}<\/script>\n<!-- \/ Yoast SEO plugin. -->","yoast_head_json":{"title":"Prensa | ACPS Automotive","description":"Aqu\u00ed encontrar\u00e1 las \u00faltimas noticias de prensa de ACPS Automotive. \u25baNoticias muy informativas para usted.","robots":{"index":"index","follow":"follow","max-snippet":"max-snippet:-1","max-image-preview":"max-image-preview:large","max-video-preview":"max-video-preview:-1"},"canonical":"https:\/\/www.acps-automotive.com\/es\/empresa\/prensa\/nueva-estrategia-de-marca\/","og_locale":"es_ES","og_type":"article","og_title":"Prensa | ACPS Automotive","og_description":"Aqu\u00ed encontrar\u00e1 las \u00faltimas noticias de prensa de ACPS Automotive. \u25baNoticias muy informativas para usted.","og_url":"https:\/\/www.acps-automotive.com\/es\/empresa\/prensa\/nueva-estrategia-de-marca\/","og_site_name":"ACPS Automotive GmbH","twitter_card":"summary_large_image","twitter_site":"@ACPS_Automotive","twitter_misc":{"Tiempo de lectura":"3 minutos"},"schema":{"@context":"https:\/\/schema.org","@graph":[{"@type":"WebPage","@id":"https:\/\/www.acps-automotive.com\/es\/empresa\/prensa\/nueva-estrategia-de-marca\/","url":"https:\/\/www.acps-automotive.com\/es\/empresa\/prensa\/nueva-estrategia-de-marca\/","name":"Prensa | ACPS Automotive","isPartOf":{"@id":"https:\/\/www.acps-automotive.com\/es\/#website"},"datePublished":"2026-03-05T13:57:09+00:00","description":"Aqu\u00ed encontrar\u00e1 las \u00faltimas noticias de prensa de ACPS Automotive. \u25baNoticias muy informativas para usted.","breadcrumb":{"@id":"https:\/\/www.acps-automotive.com\/es\/empresa\/prensa\/nueva-estrategia-de-marca\/#breadcrumb"},"inLanguage":"es","potentialAction":[{"@type":"ReadAction","target":["https:\/\/www.acps-automotive.com\/es\/empresa\/prensa\/nueva-estrategia-de-marca\/"]}]},{"@type":"BreadcrumbList","@id":"https:\/\/www.acps-automotive.com\/es\/empresa\/prensa\/nueva-estrategia-de-marca\/#breadcrumb","itemListElement":[{"@type":"ListItem","position":1,"name":"Startseite","item":"https:\/\/www.acps-automotive.com\/es\/"},{"@type":"ListItem","position":2,"name":"Empresa","item":"https:\/\/www.acps-automotive.com\/es\/empresa\/"},{"@type":"ListItem","position":3,"name":"Prensa","item":"https:\/\/www.acps-automotive.com\/es\/empresa\/prensa\/"},{"@type":"ListItem","position":4,"name":"ACPS Automotive, con una nueva estrategia de marca y un enfoque internacional m\u00e1s s\u00f3lido tras el exitoso cambio de propiedad."}]},{"@type":"WebSite","@id":"https:\/\/www.acps-automotive.com\/es\/#website","url":"https:\/\/www.acps-automotive.com\/es\/","name":"ACPS Automotive GmbH","description":"Innovative Anh\u00e4ngekupplungen","publisher":{"@id":"https:\/\/www.acps-automotive.com\/es\/#organization"},"potentialAction":[{"@type":"SearchAction","target":{"@type":"EntryPoint","urlTemplate":"https:\/\/www.acps-automotive.com\/es\/?s={search_term_string}"},"query-input":{"@type":"PropertyValueSpecification","valueRequired":true,"valueName":"search_term_string"}}],"inLanguage":"es"},{"@type":"Organization","@id":"https:\/\/www.acps-automotive.com\/es\/#organization","name":"ACPS Automotive GmbH","url":"https:\/\/www.acps-automotive.com\/es\/","logo":{"@type":"ImageObject","inLanguage":"es","@id":"https:\/\/www.acps-automotive.com\/es\/#\/schema\/logo\/image\/","url":"https:\/\/www.acps-automotive.com\/wp-content\/uploads\/_media\/_allgemein\/Logo-Footer-ACPS-Automotive.png","contentUrl":"https:\/\/www.acps-automotive.com\/wp-content\/uploads\/_media\/_allgemein\/Logo-Footer-ACPS-Automotive.png","width":239,"height":32,"caption":"ACPS Automotive GmbH"},"image":{"@id":"https:\/\/www.acps-automotive.com\/es\/#\/schema\/logo\/image\/"},"sameAs":["https:\/\/x.com\/ACPS_Automotive","https:\/\/www.linkedin.com\/company\/acps-automotive-gmbh\/","https:\/\/www.instagram.com\/acps_ausbildung\/","https:\/\/www.youtube.com\/channel\/UC2jxrgWwpxpkay2aHWV5SaQ"]}]}},"_links":{"self":[{"href":"https:\/\/www.acps-automotive.com\/es\/wp-json\/wp\/v2\/pages\/28370","targetHints":{"allow":["GET"]}}],"collection":[{"href":"https:\/\/www.acps-automotive.com\/es\/wp-json\/wp\/v2\/pages"}],"about":[{"href":"https:\/\/www.acps-automotive.com\/es\/wp-json\/wp\/v2\/types\/page"}],"author":[{"embeddable":true,"href":"https:\/\/www.acps-automotive.com\/es\/wp-json\/wp\/v2\/users\/1"}],"replies":[{"embeddable":true,"href":"https:\/\/www.acps-automotive.com\/es\/wp-json\/wp\/v2\/comments?post=28370"}],"version-history":[{"count":4,"href":"https:\/\/www.acps-automotive.com\/es\/wp-json\/wp\/v2\/pages\/28370\/revisions"}],"predecessor-version":[{"id":28376,"href":"https:\/\/www.acps-automotive.com\/es\/wp-json\/wp\/v2\/pages\/28370\/revisions\/28376"}],"up":[{"embeddable":true,"href":"https:\/\/www.acps-automotive.com\/es\/wp-json\/wp\/v2\/pages\/27202"}],"wp:attachment":[{"href":"https:\/\/www.acps-automotive.com\/es\/wp-json\/wp\/v2\/media?parent=28370"}],"curies":[{"name":"wp","href":"https:\/\/api.w.org\/{rel}","templated":true}]}}