{"id":28362,"date":"2026-03-05T14:29:39","date_gmt":"2026-03-05T13:29:39","guid":{"rendered":"https:\/\/www.acps-automotive.com\/?page_id=28362"},"modified":"2026-03-05T14:35:41","modified_gmt":"2026-03-05T13:35:41","slug":"acps-automotive-con-nuevas-funciones-directivas","status":"publish","type":"page","link":"https:\/\/www.acps-automotive.com\/es\/empresa\/prensa\/acps-automotive-con-nuevas-funciones-directivas\/","title":{"rendered":"ACPS Automotive con nuevas funciones directivas"},"content":{"rendered":"<div class=\"vgblk-rw-wrapper limit-wrapper\">\n\n\t<h3><strong>03\/12\/2018 |<\/strong> ACPS Automotive con nuevas funciones directivas<\/h3>\n<p><strong>El director general y presidente Gerhard B\u00f6hm pasa a formar parte del consejo asesor, mientras que Caspar Baumhauer se encarga de la gesti\u00f3n operativa de esta empresa mediana.<\/strong><\/p>\n<p>El grupo ACPS Automotive, adquirido por TowerBrook Capital Partners (TCP), ha sentado las bases para una nueva direcci\u00f3n estrat\u00e9gica y operativa con vistas al futuro crecimiento de la empresa. Gerhard B\u00f6hm (61), que entre mayo y noviembre de 2018 dirigi\u00f3 de forma transitoria la reorientaci\u00f3n de una de las empresas l\u00edderes en Europa en el sector de los dispositivos de remolque para turismos en calidad de director general y consejero delegado, pasa ahora a formar parte del consejo asesor del grupo ACPS Automotive, donde dirigir\u00e1 en el futuro la estrategia de toda la empresa. Caspar Baumhauer (56) asume la direcci\u00f3n operativa del grupo como nuevo director general y gerente.<\/p>\n<p>\u00abEstamos muy contentos de haber podido contar con Caspar Baumhauer como gerente. Es un directivo con gran experiencia internacional que ya ha demostrado en numerosas ocasiones su capacidad de liderazgo y es un reconocido experto en automoci\u00f3n. Dirige un equipo directivo muy eficaz. Junto con este, Caspar Baumhauer impulsar\u00e1 ACPS Automotive y consolidar\u00e1 la s\u00f3lida posici\u00f3n de la empresa como l\u00edder en innovaci\u00f3n y tecnolog\u00eda\u00bb, afirm\u00f3 el presidente del consejo asesor, Gerhard B\u00f6hm.<\/p>\n<p>Caspar Baumhauer lleva m\u00e1s de 25 a\u00f1os trabajando en la industria automovil\u00edstica y, en su \u00faltimo cargo como director general y presidente de la divisi\u00f3n de Europa Central de Plastic Omnium Automotive Exterior, fue responsable, en particular, de la integraci\u00f3n de las actividades de parachoques adquiridas a Faurecia. En etapas anteriores de su carrera, Caspar Baumhauer fue presidente del consejo de administraci\u00f3n de W.E.T. Automotive Systems AG, l\u00edder mundial en calefacci\u00f3n y climatizaci\u00f3n de asientos. Adem\u00e1s, ocup\u00f3 puestos directivos en Faurecia y Sommer Allibert, donde fue responsable del negocio en el mercado alem\u00e1n, y m\u00e1s recientemente como director general de Modules &amp; Systems en Faurecia. Caspar Baumhauer tiene un MBA por el INSEAD de Fontainebleau, Francia.<\/p>\n<strong>La empresa<\/strong><br \/>\nACPS Automotive es l\u00edder del mercado de dispositivos de remolque para turismos, SUV y furgonetas. La empresa es sin\u00f3nimo de liderazgo tecnol\u00f3gico y aspira a dar forma a los mercados con sus innovaciones. M\u00e1s de 140 patentes dan fe de su marcada cultura de innovaci\u00f3n.<br \/>\nACPS Automotive, como desarrollador y fabricante, establece est\u00e1ndares con la tecnolog\u00eda de sus soluciones de transporte en su sede central de Ingersheim y en diez ubicaciones en todo el mundo. De ello se benefician nuestros clientes: la industria automovil\u00edstica internacional en el sector de los equipos originales y las empresas del mercado de accesorios en el sector de los equipos de recambio.<br \/>\nACPS Automotive cuenta con unos 2000 empleados, fue fundada en 1955 en M\u00f6glingen, cerca de Stuttgart, y es conocida bajo la marca ORIS. Gracias al desarrollo de numerosas innovaciones, nuestra empresa ha marcado el mercado de los dispositivos de remolque y lo ha convertido en lo que es hoy. Ya en los a\u00f1os 70 desarrollamos el primer dispositivo de remolque desmontable del mundo, con muchas ventajas frente a las variantes fijas que exist\u00edan hasta entonces. A principios de la d\u00e9cada de 2000, la empresa cre\u00f3 un nuevo est\u00e1ndar con los primeros dispositivos de remolque giratorios mec\u00e1nicos. En 2010 le sigui\u00f3 otra innovaci\u00f3n: el primer dispositivo de remolque giratorio totalmente el\u00e9ctrico para una comodidad y seguridad m\u00e1ximas.\n\t<p><a href=\"https:\/\/www.acps-automotive.com\/wp-content\/uploads\/_media\/unternehmen\/presse\/PR_New_Management-Functions_Final_EN_20181119.pdf\" target=\"_blank\" rel=\"noopener\">Download [PDF]<\/a>\u00a0<a href=\"https:\/\/www.acps-automotive.com\/wp-content\/uploads\/_media\/unternehmen\/presse\/PR_New-Management-Functions_Final_EN_20181119.zip\" target=\"_blank\" rel=\"noopener\">Download [Zip]<\/a><\/p>\n\t<figure id=\"attachment_24636\" aria-describedby=\"caption-attachment-24636\" style=\"width: 300px\" class=\"wp-caption alignnone\"><a href=\"https:\/\/www.acps-automotive.com\/wp-content\/uploads\/_media\/unternehmen\/presse\/2018\/Caspar-Baumhauer.jpg\"><img loading=\"lazy\" decoding=\"async\" src=\"https:\/\/www.acps-automotive.com\/wp-content\/uploads\/_media\/unternehmen\/presse\/2018\/Caspar-Baumhauer-300x210.jpg\" alt=\"\" width=\"300\" height=\"210\" \/><\/a><figcaption id=\"caption-attachment-24636\" class=\"wp-caption-text\">Caspar Baumhauer<\/figcaption><\/figure>\n<p>&nbsp;<\/p>\n<figure id=\"attachment_24632\" aria-describedby=\"caption-attachment-24632\" style=\"width: 300px\" class=\"wp-caption alignnone\"><a href=\"https:\/\/www.acps-automotive.com\/wp-content\/uploads\/_media\/unternehmen\/presse\/2018\/Gerhard-Boehm.jpg\"><img loading=\"lazy\" decoding=\"async\" src=\"https:\/\/www.acps-automotive.com\/wp-content\/uploads\/_media\/unternehmen\/presse\/2018\/Gerhard-Boehm-300x210.jpg\" alt=\"\" width=\"300\" height=\"210\" \/><\/a><figcaption id=\"caption-attachment-24632\" class=\"wp-caption-text\">Gerhard B\u00f6hm<\/figcaption><\/figure>\n\t<h2><strong>Contacto para la prensa<\/strong><\/h2>\n<strong>ACPS Automotive GmbH<\/strong><br \/>\nDagmar Hinz |\u00a0Directora de Comunicaci\u00f3n y Marketing<br \/>\nBertha-Benz-Str. 2, 74379 Ingersheim, Alemania\nTel: +49 (0) 7142 9930-124<br \/>\nCorreo electr\u00f3nico: <a href=\"&#x6d;&#x61;&#x69;&#x6c;&#x74;&#x6f;&#58;&#100;&#97;&#103;mar&#46;&#x68;&#x69;&#x6e;&#x7a;&#x40;&#x61;&#99;&#112;&#115;&#45;&#97;uto&#x6d;&#x6f;&#x74;&#x69;&#x76;&#x65;&#46;&#99;&#111;&#109;\">&#100;&#x61;&#x67;&#109;&#x61;&#x72;&#46;&#x68;&#x69;&#110;&#x7a;&#x40;&#97;&#x63;&#x70;&#115;&#x2d;&#x61;&#117;&#x74;&#x6f;&#109;&#x6f;&#x74;&#105;&#x76;&#x65;&#46;&#x63;&#x6f;m<\/a>\n\t<p><a href=\"https:\/\/www.acps-automotive.com\/es\/empresa\/prensa\/\">\u2190 Volver al resumen<\/a><\/p>\n\n<\/div><!-- .vgblk-rw-wrapper -->","protected":false},"excerpt":{"rendered":"<p>03\/12\/2018 | ACPS Automotive con nuevas funciones directivas El director general y presidente Gerhard B\u00f6hm pasa a formar parte del consejo asesor, mientras que Caspar Baumhauer se encarga de la gesti\u00f3n operativa de esta empresa mediana. El grupo ACPS Automotive, adquirido por TowerBrook Capital Partners (TCP), ha sentado las bases para una nueva direcci\u00f3n estrat\u00e9gica&#8230;<\/p>\n","protected":false},"author":1,"featured_media":0,"parent":27202,"menu_order":1,"comment_status":"closed","ping_status":"closed","template":"","meta":{"inline_featured_image":false,"_price":"","_stock":"","_tribe_ticket_header":"","_tribe_default_ticket_provider":"","_tribe_ticket_capacity":"0","_ticket_start_date":"","_ticket_end_date":"","_tribe_ticket_show_description":"","_tribe_ticket_show_not_going":false,"_tribe_ticket_use_global_stock":"","_tribe_ticket_global_stock_level":"","_global_stock_mode":"","_global_stock_cap":"","_tribe_rsvp_for_event":"","_tribe_ticket_going_count":"","_tribe_ticket_not_going_count":"","_tribe_tickets_list":"[]","_tribe_ticket_has_attendee_info_fields":false,"footnotes":""},"class_list":["post-28362","page","type-page","status-publish","hentry"],"yoast_head":"<!-- This site is optimized with the Yoast SEO plugin v27.2 - https:\/\/yoast.com\/product\/yoast-seo-wordpress\/ -->\n<title>Prensa | ACPS Automotive<\/title>\n<meta name=\"description\" content=\"Aqu\u00ed encontrar\u00e1 las \u00faltimas noticias de prensa de ACPS Automotive. \u25baNoticias muy informativas para usted.\" \/>\n<meta name=\"robots\" content=\"index, follow, max-snippet:-1, max-image-preview:large, max-video-preview:-1\" \/>\n<link rel=\"canonical\" href=\"https:\/\/www.acps-automotive.com\/es\/empresa\/prensa\/acps-automotive-con-nuevas-funciones-directivas\/\" \/>\n<meta property=\"og:locale\" content=\"es_ES\" \/>\n<meta property=\"og:type\" content=\"article\" \/>\n<meta property=\"og:title\" content=\"Prensa | ACPS Automotive\" \/>\n<meta property=\"og:description\" content=\"Aqu\u00ed encontrar\u00e1 las \u00faltimas noticias de prensa de ACPS Automotive. \u25baNoticias muy informativas para usted.\" \/>\n<meta property=\"og:url\" content=\"https:\/\/www.acps-automotive.com\/es\/empresa\/prensa\/acps-automotive-con-nuevas-funciones-directivas\/\" \/>\n<meta property=\"og:site_name\" content=\"ACPS Automotive GmbH\" \/>\n<meta property=\"article:modified_time\" content=\"2026-03-05T13:35:41+00:00\" \/>\n<meta property=\"og:image\" content=\"https:\/\/www.acps-automotive.com\/wp-content\/uploads\/_media\/unternehmen\/presse\/2018\/Caspar-Baumhauer-300x210.jpg\" \/>\n<meta name=\"twitter:card\" content=\"summary_large_image\" \/>\n<meta name=\"twitter:site\" content=\"@ACPS_Automotive\" \/>\n<meta name=\"twitter:label1\" content=\"Tiempo de lectura\" \/>\n\t<meta name=\"twitter:data1\" content=\"3 minutos\" \/>\n<script type=\"application\/ld+json\" class=\"yoast-schema-graph\">{\"@context\":\"https:\/\/schema.org\",\"@graph\":[{\"@type\":\"WebPage\",\"@id\":\"https:\/\/www.acps-automotive.com\/es\/empresa\/prensa\/acps-automotive-con-nuevas-funciones-directivas\/\",\"url\":\"https:\/\/www.acps-automotive.com\/es\/empresa\/prensa\/acps-automotive-con-nuevas-funciones-directivas\/\",\"name\":\"Prensa | ACPS Automotive\",\"isPartOf\":{\"@id\":\"https:\/\/www.acps-automotive.com\/es\/#website\"},\"primaryImageOfPage\":{\"@id\":\"https:\/\/www.acps-automotive.com\/es\/empresa\/prensa\/acps-automotive-con-nuevas-funciones-directivas\/#primaryimage\"},\"image\":{\"@id\":\"https:\/\/www.acps-automotive.com\/es\/empresa\/prensa\/acps-automotive-con-nuevas-funciones-directivas\/#primaryimage\"},\"thumbnailUrl\":\"https:\/\/www.acps-automotive.com\/wp-content\/uploads\/_media\/unternehmen\/presse\/2018\/Caspar-Baumhauer-300x210.jpg\",\"datePublished\":\"2026-03-05T13:29:39+00:00\",\"dateModified\":\"2026-03-05T13:35:41+00:00\",\"description\":\"Aqu\u00ed encontrar\u00e1 las \u00faltimas noticias de prensa de ACPS Automotive. \u25baNoticias muy informativas para usted.\",\"breadcrumb\":{\"@id\":\"https:\/\/www.acps-automotive.com\/es\/empresa\/prensa\/acps-automotive-con-nuevas-funciones-directivas\/#breadcrumb\"},\"inLanguage\":\"es\",\"potentialAction\":[{\"@type\":\"ReadAction\",\"target\":[\"https:\/\/www.acps-automotive.com\/es\/empresa\/prensa\/acps-automotive-con-nuevas-funciones-directivas\/\"]}]},{\"@type\":\"ImageObject\",\"inLanguage\":\"es\",\"@id\":\"https:\/\/www.acps-automotive.com\/es\/empresa\/prensa\/acps-automotive-con-nuevas-funciones-directivas\/#primaryimage\",\"url\":\"https:\/\/www.acps-automotive.com\/wp-content\/uploads\/_media\/unternehmen\/presse\/2018\/Caspar-Baumhauer-300x210.jpg\",\"contentUrl\":\"https:\/\/www.acps-automotive.com\/wp-content\/uploads\/_media\/unternehmen\/presse\/2018\/Caspar-Baumhauer-300x210.jpg\"},{\"@type\":\"BreadcrumbList\",\"@id\":\"https:\/\/www.acps-automotive.com\/es\/empresa\/prensa\/acps-automotive-con-nuevas-funciones-directivas\/#breadcrumb\",\"itemListElement\":[{\"@type\":\"ListItem\",\"position\":1,\"name\":\"Startseite\",\"item\":\"https:\/\/www.acps-automotive.com\/es\/\"},{\"@type\":\"ListItem\",\"position\":2,\"name\":\"Empresa\",\"item\":\"https:\/\/www.acps-automotive.com\/es\/empresa\/\"},{\"@type\":\"ListItem\",\"position\":3,\"name\":\"Prensa\",\"item\":\"https:\/\/www.acps-automotive.com\/es\/empresa\/prensa\/\"},{\"@type\":\"ListItem\",\"position\":4,\"name\":\"ACPS Automotive con nuevas funciones directivas\"}]},{\"@type\":\"WebSite\",\"@id\":\"https:\/\/www.acps-automotive.com\/es\/#website\",\"url\":\"https:\/\/www.acps-automotive.com\/es\/\",\"name\":\"ACPS Automotive GmbH\",\"description\":\"Innovative Anh\u00e4ngekupplungen\",\"publisher\":{\"@id\":\"https:\/\/www.acps-automotive.com\/es\/#organization\"},\"potentialAction\":[{\"@type\":\"SearchAction\",\"target\":{\"@type\":\"EntryPoint\",\"urlTemplate\":\"https:\/\/www.acps-automotive.com\/es\/?s={search_term_string}\"},\"query-input\":{\"@type\":\"PropertyValueSpecification\",\"valueRequired\":true,\"valueName\":\"search_term_string\"}}],\"inLanguage\":\"es\"},{\"@type\":\"Organization\",\"@id\":\"https:\/\/www.acps-automotive.com\/es\/#organization\",\"name\":\"ACPS Automotive GmbH\",\"url\":\"https:\/\/www.acps-automotive.com\/es\/\",\"logo\":{\"@type\":\"ImageObject\",\"inLanguage\":\"es\",\"@id\":\"https:\/\/www.acps-automotive.com\/es\/#\/schema\/logo\/image\/\",\"url\":\"https:\/\/www.acps-automotive.com\/wp-content\/uploads\/_media\/_allgemein\/Logo-Footer-ACPS-Automotive.png\",\"contentUrl\":\"https:\/\/www.acps-automotive.com\/wp-content\/uploads\/_media\/_allgemein\/Logo-Footer-ACPS-Automotive.png\",\"width\":239,\"height\":32,\"caption\":\"ACPS Automotive GmbH\"},\"image\":{\"@id\":\"https:\/\/www.acps-automotive.com\/es\/#\/schema\/logo\/image\/\"},\"sameAs\":[\"https:\/\/x.com\/ACPS_Automotive\",\"https:\/\/www.linkedin.com\/company\/acps-automotive-gmbh\/\",\"https:\/\/www.instagram.com\/acps_ausbildung\/\",\"https:\/\/www.youtube.com\/channel\/UC2jxrgWwpxpkay2aHWV5SaQ\"]}]}<\/script>\n<!-- \/ Yoast SEO plugin. -->","yoast_head_json":{"title":"Prensa | ACPS Automotive","description":"Aqu\u00ed encontrar\u00e1 las \u00faltimas noticias de prensa de ACPS Automotive. \u25baNoticias muy informativas para usted.","robots":{"index":"index","follow":"follow","max-snippet":"max-snippet:-1","max-image-preview":"max-image-preview:large","max-video-preview":"max-video-preview:-1"},"canonical":"https:\/\/www.acps-automotive.com\/es\/empresa\/prensa\/acps-automotive-con-nuevas-funciones-directivas\/","og_locale":"es_ES","og_type":"article","og_title":"Prensa | ACPS Automotive","og_description":"Aqu\u00ed encontrar\u00e1 las \u00faltimas noticias de prensa de ACPS Automotive. \u25baNoticias muy informativas para usted.","og_url":"https:\/\/www.acps-automotive.com\/es\/empresa\/prensa\/acps-automotive-con-nuevas-funciones-directivas\/","og_site_name":"ACPS Automotive GmbH","article_modified_time":"2026-03-05T13:35:41+00:00","og_image":[{"url":"https:\/\/www.acps-automotive.com\/wp-content\/uploads\/_media\/unternehmen\/presse\/2018\/Caspar-Baumhauer-300x210.jpg","type":"","width":"","height":""}],"twitter_card":"summary_large_image","twitter_site":"@ACPS_Automotive","twitter_misc":{"Tiempo de lectura":"3 minutos"},"schema":{"@context":"https:\/\/schema.org","@graph":[{"@type":"WebPage","@id":"https:\/\/www.acps-automotive.com\/es\/empresa\/prensa\/acps-automotive-con-nuevas-funciones-directivas\/","url":"https:\/\/www.acps-automotive.com\/es\/empresa\/prensa\/acps-automotive-con-nuevas-funciones-directivas\/","name":"Prensa | ACPS Automotive","isPartOf":{"@id":"https:\/\/www.acps-automotive.com\/es\/#website"},"primaryImageOfPage":{"@id":"https:\/\/www.acps-automotive.com\/es\/empresa\/prensa\/acps-automotive-con-nuevas-funciones-directivas\/#primaryimage"},"image":{"@id":"https:\/\/www.acps-automotive.com\/es\/empresa\/prensa\/acps-automotive-con-nuevas-funciones-directivas\/#primaryimage"},"thumbnailUrl":"https:\/\/www.acps-automotive.com\/wp-content\/uploads\/_media\/unternehmen\/presse\/2018\/Caspar-Baumhauer-300x210.jpg","datePublished":"2026-03-05T13:29:39+00:00","dateModified":"2026-03-05T13:35:41+00:00","description":"Aqu\u00ed encontrar\u00e1 las \u00faltimas noticias de prensa de ACPS Automotive. \u25baNoticias muy informativas para usted.","breadcrumb":{"@id":"https:\/\/www.acps-automotive.com\/es\/empresa\/prensa\/acps-automotive-con-nuevas-funciones-directivas\/#breadcrumb"},"inLanguage":"es","potentialAction":[{"@type":"ReadAction","target":["https:\/\/www.acps-automotive.com\/es\/empresa\/prensa\/acps-automotive-con-nuevas-funciones-directivas\/"]}]},{"@type":"ImageObject","inLanguage":"es","@id":"https:\/\/www.acps-automotive.com\/es\/empresa\/prensa\/acps-automotive-con-nuevas-funciones-directivas\/#primaryimage","url":"https:\/\/www.acps-automotive.com\/wp-content\/uploads\/_media\/unternehmen\/presse\/2018\/Caspar-Baumhauer-300x210.jpg","contentUrl":"https:\/\/www.acps-automotive.com\/wp-content\/uploads\/_media\/unternehmen\/presse\/2018\/Caspar-Baumhauer-300x210.jpg"},{"@type":"BreadcrumbList","@id":"https:\/\/www.acps-automotive.com\/es\/empresa\/prensa\/acps-automotive-con-nuevas-funciones-directivas\/#breadcrumb","itemListElement":[{"@type":"ListItem","position":1,"name":"Startseite","item":"https:\/\/www.acps-automotive.com\/es\/"},{"@type":"ListItem","position":2,"name":"Empresa","item":"https:\/\/www.acps-automotive.com\/es\/empresa\/"},{"@type":"ListItem","position":3,"name":"Prensa","item":"https:\/\/www.acps-automotive.com\/es\/empresa\/prensa\/"},{"@type":"ListItem","position":4,"name":"ACPS Automotive con nuevas funciones directivas"}]},{"@type":"WebSite","@id":"https:\/\/www.acps-automotive.com\/es\/#website","url":"https:\/\/www.acps-automotive.com\/es\/","name":"ACPS Automotive GmbH","description":"Innovative Anh\u00e4ngekupplungen","publisher":{"@id":"https:\/\/www.acps-automotive.com\/es\/#organization"},"potentialAction":[{"@type":"SearchAction","target":{"@type":"EntryPoint","urlTemplate":"https:\/\/www.acps-automotive.com\/es\/?s={search_term_string}"},"query-input":{"@type":"PropertyValueSpecification","valueRequired":true,"valueName":"search_term_string"}}],"inLanguage":"es"},{"@type":"Organization","@id":"https:\/\/www.acps-automotive.com\/es\/#organization","name":"ACPS Automotive GmbH","url":"https:\/\/www.acps-automotive.com\/es\/","logo":{"@type":"ImageObject","inLanguage":"es","@id":"https:\/\/www.acps-automotive.com\/es\/#\/schema\/logo\/image\/","url":"https:\/\/www.acps-automotive.com\/wp-content\/uploads\/_media\/_allgemein\/Logo-Footer-ACPS-Automotive.png","contentUrl":"https:\/\/www.acps-automotive.com\/wp-content\/uploads\/_media\/_allgemein\/Logo-Footer-ACPS-Automotive.png","width":239,"height":32,"caption":"ACPS Automotive GmbH"},"image":{"@id":"https:\/\/www.acps-automotive.com\/es\/#\/schema\/logo\/image\/"},"sameAs":["https:\/\/x.com\/ACPS_Automotive","https:\/\/www.linkedin.com\/company\/acps-automotive-gmbh\/","https:\/\/www.instagram.com\/acps_ausbildung\/","https:\/\/www.youtube.com\/channel\/UC2jxrgWwpxpkay2aHWV5SaQ"]}]}},"_links":{"self":[{"href":"https:\/\/www.acps-automotive.com\/es\/wp-json\/wp\/v2\/pages\/28362","targetHints":{"allow":["GET"]}}],"collection":[{"href":"https:\/\/www.acps-automotive.com\/es\/wp-json\/wp\/v2\/pages"}],"about":[{"href":"https:\/\/www.acps-automotive.com\/es\/wp-json\/wp\/v2\/types\/page"}],"author":[{"embeddable":true,"href":"https:\/\/www.acps-automotive.com\/es\/wp-json\/wp\/v2\/users\/1"}],"replies":[{"embeddable":true,"href":"https:\/\/www.acps-automotive.com\/es\/wp-json\/wp\/v2\/comments?post=28362"}],"version-history":[{"count":4,"href":"https:\/\/www.acps-automotive.com\/es\/wp-json\/wp\/v2\/pages\/28362\/revisions"}],"predecessor-version":[{"id":28369,"href":"https:\/\/www.acps-automotive.com\/es\/wp-json\/wp\/v2\/pages\/28362\/revisions\/28369"}],"up":[{"embeddable":true,"href":"https:\/\/www.acps-automotive.com\/es\/wp-json\/wp\/v2\/pages\/27202"}],"wp:attachment":[{"href":"https:\/\/www.acps-automotive.com\/es\/wp-json\/wp\/v2\/media?parent=28362"}],"curies":[{"name":"wp","href":"https:\/\/api.w.org\/{rel}","templated":true}]}}