{"id":28353,"date":"2026-03-05T14:02:01","date_gmt":"2026-03-05T13:02:01","guid":{"rendered":"https:\/\/www.acps-automotive.com\/?page_id=28353"},"modified":"2026-03-05T14:24:34","modified_gmt":"2026-03-05T13:24:34","slug":"acps-automotive-abre-una-sede-en-china","status":"publish","type":"page","link":"https:\/\/www.acps-automotive.com\/es\/empresa\/prensa\/acps-automotive-abre-una-sede-en-china\/","title":{"rendered":"ACPS Automotive abre una sede en China"},"content":{"rendered":"<div class=\"vgblk-rw-wrapper limit-wrapper\">\n\n\t<h3><strong>14\/02\/2023 |<\/strong> ACPS Automotive abre una sede en China<\/h3>\n<p><strong>ACPS Automotive se expande a Asia. En febrero, el l\u00edder del mercado y la tecnolog\u00eda en dispositivos de remolque para turismos, SUV y furgonetas abri\u00f3 una sede de ventas y desarrollo en el distrito chino de Pudong, en Shangh\u00e1i. Se trata de un paso importante para reforzar y ampliar los contactos comerciales ya existentes en China. \u00abChina es un mercado estrat\u00e9gico para ACPS Automotive. Muchos de nuestros clientes tienen su sede aqu\u00ed y es importante que estemos presentes en el pa\u00eds\u00bb, afirma Caspar Baumhauer, director general de ACPS Automotive.<\/strong><\/p>\nACPS Automotive, con sede en Ingersheim, en el \u00e1rea metropolitana de Stuttgart (Alemania), ha abierto una oficina propia en Shangh\u00e1i. Desde aqu\u00ed se mantendr\u00e1n las relaciones comerciales existentes y se captar\u00e1n nuevos clientes. Nuestros clientes son fabricantes de autom\u00f3viles que equipan sus veh\u00edculos con dispositivos de remolque para su exportaci\u00f3n a Europa y Norteam\u00e9rica. Adem\u00e1s, en el futuro se ofrecer\u00e1 el dispositivo de remolque como accesorio para los clientes del mercado local chino. \u00abNuestra entrada en el mercado chino se basa en las necesidades cambiantes de muchos clientes chinos y en las nuevas disposiciones legales que se aplican desde el a\u00f1o pasado al uso de remolques en autom\u00f3viles\u00bb, explica Thorsten Thomassen, vicepresidente de Equipamiento Original de ACPS Automotive. Ahora, los conductores chinos pueden obtener un permiso de conducir que tambi\u00e9n les autoriza a conducir un veh\u00edculo con dispositivo de remolque. Por lo tanto, el mercado local chino tambi\u00e9n est\u00e1 maduro para el uso privado de los dispositivos de remolque tecnol\u00f3gicamente avanzados de ACPS Automotive.<br \/>\nEl punto de partida en China es una oficina con expertos locales en ventas y desarrollo, cuya plantilla est\u00e1 prevista que crezca. \u00abNuestra oficina en Shangh\u00e1i es para nosotros una importante ventaja estrat\u00e9gica para ampliar r\u00e1pidamente nuestros contactos con los fabricantes de autom\u00f3viles y tambi\u00e9n para atraer a personal altamente cualificado en los pr\u00f3ximos a\u00f1os\u00bb, afirma Thorsten Thomassen.\n<p>ACPS Automotive utiliza en China el nombre comercial \u00abORIS Automotive Systems (Shanghai) Ltd.\u00bb. ACPS Automotive considera que China es un importante motor para el negocio europeo. China ocupa una posici\u00f3n de liderazgo en el \u00e1mbito de la movilidad el\u00e9ctrica. La decisi\u00f3n de expandirse a China es un paso estrat\u00e9gico de ACPS Automotive con respecto al desarrollo en Europa. \u00abAqu\u00ed hemos alcanzado la posici\u00f3n de l\u00edder del mercado y colaboramos con pr\u00e1cticamente todos los fabricantes de veh\u00edculos. China es un mercado enorme con altos est\u00e1ndares tecnol\u00f3gicos y una impresionante velocidad de innovaci\u00f3n, del que esperamos un importante impulso para nuestras actividades en todo el mundo\u00bb, resume Caspar Baumhauer.<\/p>\n<strong>La empresa<\/strong><br \/>\nACPS Automotive es l\u00edder del mercado en dispositivos de remolque para turismos, SUV y furgonetas. Cuenta con m\u00e1s de 140 patentes en todo el mundo que avalan su liderazgo en tecnolog\u00eda e innovaci\u00f3n. De este modo, la empresa ha marcado de forma significativa el progreso tecnol\u00f3gico en el \u00e1mbito de los dispositivos de remolque. ACPS Automotive, como desarrollador y fabricante, establece nuevos est\u00e1ndares con la tecnolog\u00eda de sus soluciones de transporte en su sede central de Ingersheim y en once ubicaciones en todo el mundo. Esto beneficia a los clientes: la industria automovil\u00edstica internacional en el sector de los equipos originales y las empresas del mercado de accesorios en el sector de los equipos de recambio. Los dispositivos de remolque proporcionan una conexi\u00f3n especialmente segura y c\u00f3moda entre el veh\u00edculo y las caravanas, los portabicicletas, los remolques para barcos y caballos, tanto en el \u00e1mbito privado como en el comercial. ACPS Automotive cuenta con unos 2000 empleados, fue fundada en 1955 cerca de Stuttgart y es conocida bajo la marca ORIS. La facturaci\u00f3n en 2022 fue de unos 360 millones de euros.\n\t<p><a href=\"\/wp-content\/uploads\/_media\/unternehmen\/presse\/PR-ACPS-Automotive-opens-office-in-China.pdf\" target=\"_blank\" rel=\"noopener\">Download [PDF]<\/a>\u00a0<a href=\"\/wp-content\/uploads\/_media\/unternehmen\/presse\/PR-ACPS-Automotive-opens-office-in-China.zip\" target=\"_blank\" rel=\"noopener\">Download [Zip]<\/a><\/p>\n\t<p><a href=\"https:\/\/www.acps-automotive.com\/wp-content\/uploads\/_media\/unternehmen\/presse\/2023\/ORIS-KeyVisual-B2B-E3-DE-scaled.jpg\"><img loading=\"lazy\" decoding=\"async\" src=\"https:\/\/www.acps-automotive.com\/wp-content\/uploads\/_media\/unternehmen\/presse\/2023\/ORIS-KeyVisual-B2B-E3-DE-300x300.jpg\" alt=\"\" width=\"300\" height=\"300\" \/><\/a><\/p>\n\t<h2><strong>Contacto para la prensa<\/strong><\/h2>\n<strong>ACPS Automotive GmbH<\/strong><br \/>\nDagmar Hinz |\u00a0Directora de Comunicaci\u00f3n y Marketing<br \/>\nBertha-Benz-Str. 2, 74379 Ingersheim, Alemania\nTel: +49 (0) 7142 9930-124<br \/>\nCorreo electr\u00f3nico: <a href=\"&#x6d;&#x61;&#105;l&#x74;&#x6f;&#58;da&#x67;&#x6d;&#97;r&#x2e;&#x68;&#105;&#110;z&#x40;&#x61;&#99;p&#x73;&#x2d;&#97;&#117;t&#x6f;&#x6d;&#111;t&#x69;&#x76;&#101;&#46;c&#x6f;&#x6d;\">d&#97;&#103;&#x6d;&#x61;r&#46;&#104;&#105;&#x6e;&#x7a;&#64;a&#99;&#112;&#x73;&#x2d;au&#116;&#x6f;&#x6d;&#x6f;t&#105;&#118;&#x65;&#x2e;&#x63;o&#109;<\/a>\n\t<p><a href=\"https:\/\/www.acps-automotive.com\/es\/empresa\/prensa\/\">\u2190 Volver al resumen<\/a><\/p>\n\n<\/div><!-- .vgblk-rw-wrapper -->","protected":false},"excerpt":{"rendered":"<p>14\/02\/2023 | ACPS Automotive abre una sede en China ACPS Automotive se expande a Asia. En febrero, el l\u00edder del mercado y la tecnolog\u00eda en dispositivos de remolque para turismos, SUV y furgonetas abri\u00f3 una sede de ventas y desarrollo en el distrito chino de Pudong, en Shangh\u00e1i. Se trata de un paso importante para&#8230;<\/p>\n","protected":false},"author":1,"featured_media":0,"parent":27202,"menu_order":1,"comment_status":"closed","ping_status":"closed","template":"","meta":{"inline_featured_image":false,"_price":"","_stock":"","_tribe_ticket_header":"","_tribe_default_ticket_provider":"","_tribe_ticket_capacity":"0","_ticket_start_date":"","_ticket_end_date":"","_tribe_ticket_show_description":"","_tribe_ticket_show_not_going":false,"_tribe_ticket_use_global_stock":"","_tribe_ticket_global_stock_level":"","_global_stock_mode":"","_global_stock_cap":"","_tribe_rsvp_for_event":"","_tribe_ticket_going_count":"","_tribe_ticket_not_going_count":"","_tribe_tickets_list":"[]","_tribe_ticket_has_attendee_info_fields":false,"footnotes":""},"class_list":["post-28353","page","type-page","status-publish","hentry"],"yoast_head":"<!-- This site is optimized with the Yoast SEO plugin v27.2 - https:\/\/yoast.com\/product\/yoast-seo-wordpress\/ -->\n<title>Prensa | ACPS Automotive<\/title>\n<meta name=\"description\" content=\"Aqu\u00ed encontrar\u00e1 las \u00faltimas noticias de prensa de ACPS Automotive. \u25baNoticias muy informativas para usted.\" \/>\n<meta name=\"robots\" content=\"index, follow, max-snippet:-1, max-image-preview:large, max-video-preview:-1\" \/>\n<link rel=\"canonical\" href=\"https:\/\/www.acps-automotive.com\/es\/empresa\/prensa\/acps-automotive-abre-una-sede-en-china\/\" \/>\n<meta property=\"og:locale\" content=\"es_ES\" \/>\n<meta property=\"og:type\" content=\"article\" \/>\n<meta property=\"og:title\" content=\"Prensa | ACPS Automotive\" \/>\n<meta property=\"og:description\" content=\"Aqu\u00ed encontrar\u00e1 las \u00faltimas noticias de prensa de ACPS Automotive. \u25baNoticias muy informativas para usted.\" \/>\n<meta property=\"og:url\" content=\"https:\/\/www.acps-automotive.com\/es\/empresa\/prensa\/acps-automotive-abre-una-sede-en-china\/\" \/>\n<meta property=\"og:site_name\" content=\"ACPS Automotive GmbH\" \/>\n<meta property=\"article:modified_time\" content=\"2026-03-05T13:24:34+00:00\" \/>\n<meta property=\"og:image\" content=\"https:\/\/www.acps-automotive.com\/wp-content\/uploads\/_media\/unternehmen\/presse\/2023\/ORIS-KeyVisual-B2B-E3-DE-300x300.jpg\" \/>\n<meta name=\"twitter:card\" content=\"summary_large_image\" \/>\n<meta name=\"twitter:site\" content=\"@ACPS_Automotive\" \/>\n<meta name=\"twitter:label1\" content=\"Tiempo de lectura\" \/>\n\t<meta name=\"twitter:data1\" content=\"3 minutos\" \/>\n<script type=\"application\/ld+json\" class=\"yoast-schema-graph\">{\"@context\":\"https:\/\/schema.org\",\"@graph\":[{\"@type\":\"WebPage\",\"@id\":\"https:\/\/www.acps-automotive.com\/es\/empresa\/prensa\/acps-automotive-abre-una-sede-en-china\/\",\"url\":\"https:\/\/www.acps-automotive.com\/es\/empresa\/prensa\/acps-automotive-abre-una-sede-en-china\/\",\"name\":\"Prensa | ACPS Automotive\",\"isPartOf\":{\"@id\":\"https:\/\/www.acps-automotive.com\/es\/#website\"},\"primaryImageOfPage\":{\"@id\":\"https:\/\/www.acps-automotive.com\/es\/empresa\/prensa\/acps-automotive-abre-una-sede-en-china\/#primaryimage\"},\"image\":{\"@id\":\"https:\/\/www.acps-automotive.com\/es\/empresa\/prensa\/acps-automotive-abre-una-sede-en-china\/#primaryimage\"},\"thumbnailUrl\":\"https:\/\/www.acps-automotive.com\/wp-content\/uploads\/_media\/unternehmen\/presse\/2023\/ORIS-KeyVisual-B2B-E3-DE-300x300.jpg\",\"datePublished\":\"2026-03-05T13:02:01+00:00\",\"dateModified\":\"2026-03-05T13:24:34+00:00\",\"description\":\"Aqu\u00ed encontrar\u00e1 las \u00faltimas noticias de prensa de ACPS Automotive. \u25baNoticias muy informativas para usted.\",\"breadcrumb\":{\"@id\":\"https:\/\/www.acps-automotive.com\/es\/empresa\/prensa\/acps-automotive-abre-una-sede-en-china\/#breadcrumb\"},\"inLanguage\":\"es\",\"potentialAction\":[{\"@type\":\"ReadAction\",\"target\":[\"https:\/\/www.acps-automotive.com\/es\/empresa\/prensa\/acps-automotive-abre-una-sede-en-china\/\"]}]},{\"@type\":\"ImageObject\",\"inLanguage\":\"es\",\"@id\":\"https:\/\/www.acps-automotive.com\/es\/empresa\/prensa\/acps-automotive-abre-una-sede-en-china\/#primaryimage\",\"url\":\"https:\/\/www.acps-automotive.com\/wp-content\/uploads\/_media\/unternehmen\/presse\/2023\/ORIS-KeyVisual-B2B-E3-DE-300x300.jpg\",\"contentUrl\":\"https:\/\/www.acps-automotive.com\/wp-content\/uploads\/_media\/unternehmen\/presse\/2023\/ORIS-KeyVisual-B2B-E3-DE-300x300.jpg\"},{\"@type\":\"BreadcrumbList\",\"@id\":\"https:\/\/www.acps-automotive.com\/es\/empresa\/prensa\/acps-automotive-abre-una-sede-en-china\/#breadcrumb\",\"itemListElement\":[{\"@type\":\"ListItem\",\"position\":1,\"name\":\"Startseite\",\"item\":\"https:\/\/www.acps-automotive.com\/es\/\"},{\"@type\":\"ListItem\",\"position\":2,\"name\":\"Empresa\",\"item\":\"https:\/\/www.acps-automotive.com\/es\/empresa\/\"},{\"@type\":\"ListItem\",\"position\":3,\"name\":\"Prensa\",\"item\":\"https:\/\/www.acps-automotive.com\/es\/empresa\/prensa\/\"},{\"@type\":\"ListItem\",\"position\":4,\"name\":\"ACPS Automotive abre una sede en China\"}]},{\"@type\":\"WebSite\",\"@id\":\"https:\/\/www.acps-automotive.com\/es\/#website\",\"url\":\"https:\/\/www.acps-automotive.com\/es\/\",\"name\":\"ACPS Automotive GmbH\",\"description\":\"Innovative Anh\u00e4ngekupplungen\",\"publisher\":{\"@id\":\"https:\/\/www.acps-automotive.com\/es\/#organization\"},\"potentialAction\":[{\"@type\":\"SearchAction\",\"target\":{\"@type\":\"EntryPoint\",\"urlTemplate\":\"https:\/\/www.acps-automotive.com\/es\/?s={search_term_string}\"},\"query-input\":{\"@type\":\"PropertyValueSpecification\",\"valueRequired\":true,\"valueName\":\"search_term_string\"}}],\"inLanguage\":\"es\"},{\"@type\":\"Organization\",\"@id\":\"https:\/\/www.acps-automotive.com\/es\/#organization\",\"name\":\"ACPS Automotive GmbH\",\"url\":\"https:\/\/www.acps-automotive.com\/es\/\",\"logo\":{\"@type\":\"ImageObject\",\"inLanguage\":\"es\",\"@id\":\"https:\/\/www.acps-automotive.com\/es\/#\/schema\/logo\/image\/\",\"url\":\"https:\/\/www.acps-automotive.com\/wp-content\/uploads\/_media\/_allgemein\/Logo-Footer-ACPS-Automotive.png\",\"contentUrl\":\"https:\/\/www.acps-automotive.com\/wp-content\/uploads\/_media\/_allgemein\/Logo-Footer-ACPS-Automotive.png\",\"width\":239,\"height\":32,\"caption\":\"ACPS Automotive GmbH\"},\"image\":{\"@id\":\"https:\/\/www.acps-automotive.com\/es\/#\/schema\/logo\/image\/\"},\"sameAs\":[\"https:\/\/x.com\/ACPS_Automotive\",\"https:\/\/www.linkedin.com\/company\/acps-automotive-gmbh\/\",\"https:\/\/www.instagram.com\/acps_ausbildung\/\",\"https:\/\/www.youtube.com\/channel\/UC2jxrgWwpxpkay2aHWV5SaQ\"]}]}<\/script>\n<!-- \/ Yoast SEO plugin. -->","yoast_head_json":{"title":"Prensa | ACPS Automotive","description":"Aqu\u00ed encontrar\u00e1 las \u00faltimas noticias de prensa de ACPS Automotive. \u25baNoticias muy informativas para usted.","robots":{"index":"index","follow":"follow","max-snippet":"max-snippet:-1","max-image-preview":"max-image-preview:large","max-video-preview":"max-video-preview:-1"},"canonical":"https:\/\/www.acps-automotive.com\/es\/empresa\/prensa\/acps-automotive-abre-una-sede-en-china\/","og_locale":"es_ES","og_type":"article","og_title":"Prensa | ACPS Automotive","og_description":"Aqu\u00ed encontrar\u00e1 las \u00faltimas noticias de prensa de ACPS Automotive. \u25baNoticias muy informativas para usted.","og_url":"https:\/\/www.acps-automotive.com\/es\/empresa\/prensa\/acps-automotive-abre-una-sede-en-china\/","og_site_name":"ACPS Automotive GmbH","article_modified_time":"2026-03-05T13:24:34+00:00","og_image":[{"url":"https:\/\/www.acps-automotive.com\/wp-content\/uploads\/_media\/unternehmen\/presse\/2023\/ORIS-KeyVisual-B2B-E3-DE-300x300.jpg","type":"","width":"","height":""}],"twitter_card":"summary_large_image","twitter_site":"@ACPS_Automotive","twitter_misc":{"Tiempo de lectura":"3 minutos"},"schema":{"@context":"https:\/\/schema.org","@graph":[{"@type":"WebPage","@id":"https:\/\/www.acps-automotive.com\/es\/empresa\/prensa\/acps-automotive-abre-una-sede-en-china\/","url":"https:\/\/www.acps-automotive.com\/es\/empresa\/prensa\/acps-automotive-abre-una-sede-en-china\/","name":"Prensa | ACPS Automotive","isPartOf":{"@id":"https:\/\/www.acps-automotive.com\/es\/#website"},"primaryImageOfPage":{"@id":"https:\/\/www.acps-automotive.com\/es\/empresa\/prensa\/acps-automotive-abre-una-sede-en-china\/#primaryimage"},"image":{"@id":"https:\/\/www.acps-automotive.com\/es\/empresa\/prensa\/acps-automotive-abre-una-sede-en-china\/#primaryimage"},"thumbnailUrl":"https:\/\/www.acps-automotive.com\/wp-content\/uploads\/_media\/unternehmen\/presse\/2023\/ORIS-KeyVisual-B2B-E3-DE-300x300.jpg","datePublished":"2026-03-05T13:02:01+00:00","dateModified":"2026-03-05T13:24:34+00:00","description":"Aqu\u00ed encontrar\u00e1 las \u00faltimas noticias de prensa de ACPS Automotive. \u25baNoticias muy informativas para usted.","breadcrumb":{"@id":"https:\/\/www.acps-automotive.com\/es\/empresa\/prensa\/acps-automotive-abre-una-sede-en-china\/#breadcrumb"},"inLanguage":"es","potentialAction":[{"@type":"ReadAction","target":["https:\/\/www.acps-automotive.com\/es\/empresa\/prensa\/acps-automotive-abre-una-sede-en-china\/"]}]},{"@type":"ImageObject","inLanguage":"es","@id":"https:\/\/www.acps-automotive.com\/es\/empresa\/prensa\/acps-automotive-abre-una-sede-en-china\/#primaryimage","url":"https:\/\/www.acps-automotive.com\/wp-content\/uploads\/_media\/unternehmen\/presse\/2023\/ORIS-KeyVisual-B2B-E3-DE-300x300.jpg","contentUrl":"https:\/\/www.acps-automotive.com\/wp-content\/uploads\/_media\/unternehmen\/presse\/2023\/ORIS-KeyVisual-B2B-E3-DE-300x300.jpg"},{"@type":"BreadcrumbList","@id":"https:\/\/www.acps-automotive.com\/es\/empresa\/prensa\/acps-automotive-abre-una-sede-en-china\/#breadcrumb","itemListElement":[{"@type":"ListItem","position":1,"name":"Startseite","item":"https:\/\/www.acps-automotive.com\/es\/"},{"@type":"ListItem","position":2,"name":"Empresa","item":"https:\/\/www.acps-automotive.com\/es\/empresa\/"},{"@type":"ListItem","position":3,"name":"Prensa","item":"https:\/\/www.acps-automotive.com\/es\/empresa\/prensa\/"},{"@type":"ListItem","position":4,"name":"ACPS Automotive abre una sede en China"}]},{"@type":"WebSite","@id":"https:\/\/www.acps-automotive.com\/es\/#website","url":"https:\/\/www.acps-automotive.com\/es\/","name":"ACPS Automotive GmbH","description":"Innovative Anh\u00e4ngekupplungen","publisher":{"@id":"https:\/\/www.acps-automotive.com\/es\/#organization"},"potentialAction":[{"@type":"SearchAction","target":{"@type":"EntryPoint","urlTemplate":"https:\/\/www.acps-automotive.com\/es\/?s={search_term_string}"},"query-input":{"@type":"PropertyValueSpecification","valueRequired":true,"valueName":"search_term_string"}}],"inLanguage":"es"},{"@type":"Organization","@id":"https:\/\/www.acps-automotive.com\/es\/#organization","name":"ACPS Automotive GmbH","url":"https:\/\/www.acps-automotive.com\/es\/","logo":{"@type":"ImageObject","inLanguage":"es","@id":"https:\/\/www.acps-automotive.com\/es\/#\/schema\/logo\/image\/","url":"https:\/\/www.acps-automotive.com\/wp-content\/uploads\/_media\/_allgemein\/Logo-Footer-ACPS-Automotive.png","contentUrl":"https:\/\/www.acps-automotive.com\/wp-content\/uploads\/_media\/_allgemein\/Logo-Footer-ACPS-Automotive.png","width":239,"height":32,"caption":"ACPS Automotive GmbH"},"image":{"@id":"https:\/\/www.acps-automotive.com\/es\/#\/schema\/logo\/image\/"},"sameAs":["https:\/\/x.com\/ACPS_Automotive","https:\/\/www.linkedin.com\/company\/acps-automotive-gmbh\/","https:\/\/www.instagram.com\/acps_ausbildung\/","https:\/\/www.youtube.com\/channel\/UC2jxrgWwpxpkay2aHWV5SaQ"]}]}},"_links":{"self":[{"href":"https:\/\/www.acps-automotive.com\/es\/wp-json\/wp\/v2\/pages\/28353","targetHints":{"allow":["GET"]}}],"collection":[{"href":"https:\/\/www.acps-automotive.com\/es\/wp-json\/wp\/v2\/pages"}],"about":[{"href":"https:\/\/www.acps-automotive.com\/es\/wp-json\/wp\/v2\/types\/page"}],"author":[{"embeddable":true,"href":"https:\/\/www.acps-automotive.com\/es\/wp-json\/wp\/v2\/users\/1"}],"replies":[{"embeddable":true,"href":"https:\/\/www.acps-automotive.com\/es\/wp-json\/wp\/v2\/comments?post=28353"}],"version-history":[{"count":4,"href":"https:\/\/www.acps-automotive.com\/es\/wp-json\/wp\/v2\/pages\/28353\/revisions"}],"predecessor-version":[{"id":28361,"href":"https:\/\/www.acps-automotive.com\/es\/wp-json\/wp\/v2\/pages\/28353\/revisions\/28361"}],"up":[{"embeddable":true,"href":"https:\/\/www.acps-automotive.com\/es\/wp-json\/wp\/v2\/pages\/27202"}],"wp:attachment":[{"href":"https:\/\/www.acps-automotive.com\/es\/wp-json\/wp\/v2\/media?parent=28353"}],"curies":[{"name":"wp","href":"https:\/\/api.w.org\/{rel}","templated":true}]}}