{"id":28339,"date":"2026-03-05T13:35:27","date_gmt":"2026-03-05T12:35:27","guid":{"rendered":"https:\/\/www.acps-automotive.com\/?page_id=28339"},"modified":"2026-03-05T13:56:12","modified_gmt":"2026-03-05T12:56:12","slug":"nueva-ubicacion-troy","status":"publish","type":"page","link":"https:\/\/www.acps-automotive.com\/es\/empresa\/prensa\/nueva-ubicacion-troy\/","title":{"rendered":"ACPS Automotive inaugura su nueva sede de ventas y desarrollo en Troy\/Detroit"},"content":{"rendered":"<div class=\"vgblk-rw-wrapper limit-wrapper\">\n\n\t<h3><strong>31\/07\/2019 |<\/strong> ACPS Automotive inaugura su nueva sede de ventas y desarrollo en Troy\/Detroit<\/h3>\n<p><strong>El especialista en dispositivos de remolque da un paso m\u00e1s hacia la consecuci\u00f3n de su estrategia de crecimiento.<\/strong><\/p>\n<p>ACPS Automotive refuerza sus actividades en EE. UU. con la sede del estado de M\u00edchigan en Troy\/Detroit. Desde aqu\u00ed se prestar\u00e1 en el futuro un servicio m\u00e1s intensivo y r\u00e1pido a todos los fabricantes de autom\u00f3viles con sede en EE. UU. en materia de equipamiento de veh\u00edculos con tecnolog\u00edas de enganches para remolques orientadas al futuro. La creaci\u00f3n y el establecimiento de esta sede de distribuci\u00f3n y desarrollo en EE. UU. sentar\u00e1 las bases para un mayor crecimiento.<\/p>\n<p>El l\u00edder del mercado europeo en sistemas de enganche para remolques reforzar\u00e1 as\u00ed la oferta de sus exitosos productos de alta calidad en EE. UU. bajo la marca ORIS.<\/p>\n<p>Desde 2013, ACPS Automotive suministra desde su planta de producci\u00f3n en M\u00e9xico sistemas de enganche espec\u00edficos para EE. UU. y Europa a Audi, BMW, GM, Mercedes, Tesla, Volvo y VW. \u00abCon la creaci\u00f3n de nuestra nueva sede en Troy, respondemos a la demanda de nuestros enganches ORIS en EE. UU.\u00bb, afirma Caspar Baumhauer, director general y consejero delegado de ACPS Automotive Group. La demanda actual demuestra que el mercado est\u00e1 maduro para esta oferta. \u00abDe este modo, creamos m\u00e1s capacidad, que necesitamos urgentemente para atender las solicitudes de los clientes y ampliar decididamente nuestra posici\u00f3n en el mercado\u00bb, contin\u00faa Caspar Baumhauer. Con la decisi\u00f3n de ampliar la distribuci\u00f3n de los dispositivos de remolque ORIS en EE. UU., ACPS Automotive mejora all\u00ed su nivel de servicio y su proximidad al cliente. Al mismo tiempo, esta inversi\u00f3n tambi\u00e9n supone una mayor proximidad geogr\u00e1fica a los fabricantes de autom\u00f3viles. De este modo, la empresa refuerza su posici\u00f3n como solucionadora de problemas para encontrar el dispositivo de remolque adecuado en el marco del desarrollo y la realizaci\u00f3n de proyectos, as\u00ed como en la iniciaci\u00f3n de nuevos negocios. Con empleados competentes in situ, los clientes actuales y nuevos disponen de interlocutores directos para sus necesidades espec\u00edficas. Adem\u00e1s, el arraigo regional garantiza v\u00edas de comunicaci\u00f3n cortas sin barreras ling\u00fc\u00edsticas.<\/p>\n<p>ACPS Automotive est\u00e1 presente en Europa, Rusia, M\u00e9xico y Norteam\u00e9rica con un total de 12 sedes, entre plantas de producci\u00f3n, centros de desarrollo y centros de distribuci\u00f3n. Con la nueva sede, la estrategia de crecimiento sistem\u00e1tico de la empresa contin\u00faa con \u00e9xito tambi\u00e9n en Estados Unidos. En M\u00e9xico, ACPS Automotive ya cuenta con una planta de producci\u00f3n con unos 150 empleados, desde la que se abastece al mercado estadounidense.<\/p>\n<strong>Pie de foto<\/strong><br \/>\nImagen 1: Los enganches de remolque desmontables de ACPS Automotive no alteran el dise\u00f1o de un veh\u00edculo.<br \/>\nImagen 2: Caspar Baumhauer, director general y consejero delegado del Grupo ACPS\n<strong>Nueva direcci\u00f3n en EE. UU.<\/strong><br \/>\nACPS Automotive Inc.<br \/>\n755 W Big Beaver Road<br \/>\nSuite 2020<br \/>\nTroy, MI 48084<br \/>\nP +1 248 519-2385\n<strong>La empresa<\/strong><br \/>\nACPS Automotive es l\u00edder del mercado de dispositivos de remolque para turismos, SUV y furgonetas. La empresa es sin\u00f3nimo de liderazgo tecnol\u00f3gico y aspira a dar forma a los mercados con sus innovaciones. M\u00e1s de 140 patentes dan fe de su marcada cultura de innovaci\u00f3n.<br \/>\nACPS Automotive, como desarrollador y fabricante, establece est\u00e1ndares con la tecnolog\u00eda de sus soluciones de transporte en su sede central de Ingersheim y en diez ubicaciones en todo el mundo. De ello se benefician nuestros clientes: la industria automovil\u00edstica internacional en el sector de los equipos originales y las empresas del mercado de accesorios en el sector de los equipos de recambio.<br \/>\nACPS Automotive cuenta con unos 2000 empleados, fue fundada en 1955 en M\u00f6glingen, cerca de Stuttgart, y es conocida bajo la marca ORIS. Gracias al desarrollo de numerosas innovaciones, nuestra empresa ha marcado el mercado de los dispositivos de remolque y lo ha convertido en lo que es hoy. Ya en los a\u00f1os 70 desarrollamos el primer dispositivo de remolque desmontable del mundo, con muchas ventajas frente a las variantes fijas que exist\u00edan hasta entonces. A principios de la d\u00e9cada de 2000, la empresa cre\u00f3 un nuevo est\u00e1ndar con los primeros dispositivos de remolque giratorios mec\u00e1nicos. En 2010 le sigui\u00f3 otra innovaci\u00f3n: el primer dispositivo de remolque giratorio totalmente el\u00e9ctrico para un m\u00e1ximo confort y seguridad.\n<p>&nbsp;<\/p>\n\t<p><a href=\"\/wp-content\/uploads\/_media\/unternehmen\/presse\/PR_New_location-USA_EN_06182019.pdf\" target=\"_blank\" rel=\"noopener\">Download [PDF]<\/a>\u00a0<a href=\"\/wp-content\/uploads\/_media\/unternehmen\/presse\/PR_New-location-USA_EN_06182019.zip\" target=\"_blank\" rel=\"noopener\">Download [Zip]<\/a><\/p>\n\t<figure id=\"attachment_24598\" aria-describedby=\"caption-attachment-24598\" style=\"width: 300px\" class=\"wp-caption alignnone\"><a href=\"https:\/\/www.acps-automotive.com\/wp-content\/uploads\/_media\/unternehmen\/presse\/2019\/Neuer-Standort-Troy-01.jpg\"><img loading=\"lazy\" decoding=\"async\" src=\"https:\/\/www.acps-automotive.com\/wp-content\/uploads\/_media\/unternehmen\/presse\/2019\/Neuer-Standort-Troy-01-300x210.jpg\" alt=\"\" width=\"300\" height=\"210\" \/><\/a><figcaption id=\"caption-attachment-24598\" class=\"wp-caption-text\">Imagen 1<\/figcaption><\/figure>\n<figure id=\"attachment_24594\" aria-describedby=\"caption-attachment-24594\" style=\"width: 300px\" class=\"wp-caption alignnone\"><a href=\"https:\/\/www.acps-automotive.com\/wp-content\/uploads\/_media\/unternehmen\/presse\/2019\/Neuer-Standort-Troy-02.jpg\"><img loading=\"lazy\" decoding=\"async\" src=\"https:\/\/www.acps-automotive.com\/wp-content\/uploads\/_media\/unternehmen\/presse\/2019\/Neuer-Standort-Troy-02-300x192.jpg\" alt=\"\" width=\"300\" height=\"192\" \/><\/a><figcaption id=\"caption-attachment-24594\" class=\"wp-caption-text\">Imagen 2<\/figcaption><\/figure>\n\t<h2><strong>Contacto para la prensa<\/strong><\/h2>\n<strong>ACPS Automotive GmbH<\/strong><br \/>\nDagmar Hinz | Directora de Comunicaci\u00f3n y Marketing<br \/>\nBertha-Benz-Str. 2, 74379 Ingersheim, Alemania\nTel: +49 (0) 7142 9930-124<br \/>\nCorreo electr\u00f3nico: <a href=\"&#109;&#x61;&#x69;l&#116;&#x6f;:&#100;&#x61;g&#109;&#x61;r&#46;&#x68;&#x69;&#110;&#x7a;&#x40;a&#99;&#x70;s&#45;&#x61;u&#116;&#x6f;&#x6d;&#111;&#x74;&#x69;v&#101;&#x2e;c&#111;&#x6d;\">&#x64;&#x61;&#x67;&#x6d;&#x61;&#x72;&#x2e;&#x68;&#x69;&#x6e;&#x7a;&#x40;&#x61;&#x63;&#x70;&#x73;&#x2d;&#x61;&#x75;&#x74;&#x6f;&#x6d;&#111;&#116;&#105;&#118;&#101;&#46;&#99;&#111;&#109;<\/a>\n\t<p><a href=\"\/es\/empresa\/prensa\/\">\u2190 Volver al resumen<\/a><\/p>\n\n<\/div><!-- .vgblk-rw-wrapper -->","protected":false},"excerpt":{"rendered":"<p>31\/07\/2019 | ACPS Automotive inaugura su nueva sede de ventas y desarrollo en Troy\/Detroit El especialista en dispositivos de remolque da un paso m\u00e1s hacia la consecuci\u00f3n de su estrategia de crecimiento. ACPS Automotive refuerza sus actividades en EE. UU. con la sede del estado de M\u00edchigan en Troy\/Detroit. Desde aqu\u00ed se prestar\u00e1 en el&#8230;<\/p>\n","protected":false},"author":1,"featured_media":0,"parent":27202,"menu_order":1,"comment_status":"closed","ping_status":"closed","template":"","meta":{"inline_featured_image":false,"_price":"","_stock":"","_tribe_ticket_header":"","_tribe_default_ticket_provider":"","_tribe_ticket_capacity":"0","_ticket_start_date":"","_ticket_end_date":"","_tribe_ticket_show_description":"","_tribe_ticket_show_not_going":false,"_tribe_ticket_use_global_stock":"","_tribe_ticket_global_stock_level":"","_global_stock_mode":"","_global_stock_cap":"","_tribe_rsvp_for_event":"","_tribe_ticket_going_count":"","_tribe_ticket_not_going_count":"","_tribe_tickets_list":"[]","_tribe_ticket_has_attendee_info_fields":false,"footnotes":""},"class_list":["post-28339","page","type-page","status-publish","hentry"],"yoast_head":"<!-- This site is optimized with the Yoast SEO plugin v27.2 - https:\/\/yoast.com\/product\/yoast-seo-wordpress\/ -->\n<title>Prensa | ACPS Automotive<\/title>\n<meta name=\"description\" content=\"Aqu\u00ed encontrar\u00e1 las \u00faltimas noticias de prensa de ACPS Automotive. \u25baNoticias muy informativas para usted.\" \/>\n<meta name=\"robots\" content=\"index, follow, max-snippet:-1, max-image-preview:large, max-video-preview:-1\" \/>\n<link rel=\"canonical\" href=\"https:\/\/www.acps-automotive.com\/es\/empresa\/prensa\/nueva-ubicacion-troy\/\" \/>\n<meta property=\"og:locale\" content=\"es_ES\" \/>\n<meta property=\"og:type\" content=\"article\" \/>\n<meta property=\"og:title\" content=\"Prensa | ACPS Automotive\" \/>\n<meta property=\"og:description\" content=\"Aqu\u00ed encontrar\u00e1 las \u00faltimas noticias de prensa de ACPS Automotive. \u25baNoticias muy informativas para usted.\" \/>\n<meta property=\"og:url\" content=\"https:\/\/www.acps-automotive.com\/es\/empresa\/prensa\/nueva-ubicacion-troy\/\" \/>\n<meta property=\"og:site_name\" content=\"ACPS Automotive GmbH\" \/>\n<meta property=\"article:modified_time\" content=\"2026-03-05T12:56:12+00:00\" \/>\n<meta property=\"og:image\" content=\"https:\/\/www.acps-automotive.com\/wp-content\/uploads\/_media\/unternehmen\/presse\/2019\/Neuer-Standort-Troy-01-300x210.jpg\" \/>\n<meta name=\"twitter:card\" content=\"summary_large_image\" \/>\n<meta name=\"twitter:site\" content=\"@ACPS_Automotive\" \/>\n<meta name=\"twitter:label1\" content=\"Tiempo de lectura\" \/>\n\t<meta name=\"twitter:data1\" content=\"4 minutos\" \/>\n<script type=\"application\/ld+json\" class=\"yoast-schema-graph\">{\"@context\":\"https:\/\/schema.org\",\"@graph\":[{\"@type\":\"WebPage\",\"@id\":\"https:\/\/www.acps-automotive.com\/es\/empresa\/prensa\/nueva-ubicacion-troy\/\",\"url\":\"https:\/\/www.acps-automotive.com\/es\/empresa\/prensa\/nueva-ubicacion-troy\/\",\"name\":\"Prensa | ACPS Automotive\",\"isPartOf\":{\"@id\":\"https:\/\/www.acps-automotive.com\/es\/#website\"},\"primaryImageOfPage\":{\"@id\":\"https:\/\/www.acps-automotive.com\/es\/empresa\/prensa\/nueva-ubicacion-troy\/#primaryimage\"},\"image\":{\"@id\":\"https:\/\/www.acps-automotive.com\/es\/empresa\/prensa\/nueva-ubicacion-troy\/#primaryimage\"},\"thumbnailUrl\":\"https:\/\/www.acps-automotive.com\/wp-content\/uploads\/_media\/unternehmen\/presse\/2019\/Neuer-Standort-Troy-01-300x210.jpg\",\"datePublished\":\"2026-03-05T12:35:27+00:00\",\"dateModified\":\"2026-03-05T12:56:12+00:00\",\"description\":\"Aqu\u00ed encontrar\u00e1 las \u00faltimas noticias de prensa de ACPS Automotive. \u25baNoticias muy informativas para usted.\",\"breadcrumb\":{\"@id\":\"https:\/\/www.acps-automotive.com\/es\/empresa\/prensa\/nueva-ubicacion-troy\/#breadcrumb\"},\"inLanguage\":\"es\",\"potentialAction\":[{\"@type\":\"ReadAction\",\"target\":[\"https:\/\/www.acps-automotive.com\/es\/empresa\/prensa\/nueva-ubicacion-troy\/\"]}]},{\"@type\":\"ImageObject\",\"inLanguage\":\"es\",\"@id\":\"https:\/\/www.acps-automotive.com\/es\/empresa\/prensa\/nueva-ubicacion-troy\/#primaryimage\",\"url\":\"https:\/\/www.acps-automotive.com\/wp-content\/uploads\/_media\/unternehmen\/presse\/2019\/Neuer-Standort-Troy-01-300x210.jpg\",\"contentUrl\":\"https:\/\/www.acps-automotive.com\/wp-content\/uploads\/_media\/unternehmen\/presse\/2019\/Neuer-Standort-Troy-01-300x210.jpg\"},{\"@type\":\"BreadcrumbList\",\"@id\":\"https:\/\/www.acps-automotive.com\/es\/empresa\/prensa\/nueva-ubicacion-troy\/#breadcrumb\",\"itemListElement\":[{\"@type\":\"ListItem\",\"position\":1,\"name\":\"Startseite\",\"item\":\"https:\/\/www.acps-automotive.com\/es\/\"},{\"@type\":\"ListItem\",\"position\":2,\"name\":\"Empresa\",\"item\":\"https:\/\/www.acps-automotive.com\/es\/empresa\/\"},{\"@type\":\"ListItem\",\"position\":3,\"name\":\"Prensa\",\"item\":\"https:\/\/www.acps-automotive.com\/es\/empresa\/prensa\/\"},{\"@type\":\"ListItem\",\"position\":4,\"name\":\"ACPS Automotive inaugura su nueva sede de ventas y desarrollo en Troy\/Detroit\"}]},{\"@type\":\"WebSite\",\"@id\":\"https:\/\/www.acps-automotive.com\/es\/#website\",\"url\":\"https:\/\/www.acps-automotive.com\/es\/\",\"name\":\"ACPS Automotive GmbH\",\"description\":\"Innovative Anh\u00e4ngekupplungen\",\"publisher\":{\"@id\":\"https:\/\/www.acps-automotive.com\/es\/#organization\"},\"potentialAction\":[{\"@type\":\"SearchAction\",\"target\":{\"@type\":\"EntryPoint\",\"urlTemplate\":\"https:\/\/www.acps-automotive.com\/es\/?s={search_term_string}\"},\"query-input\":{\"@type\":\"PropertyValueSpecification\",\"valueRequired\":true,\"valueName\":\"search_term_string\"}}],\"inLanguage\":\"es\"},{\"@type\":\"Organization\",\"@id\":\"https:\/\/www.acps-automotive.com\/es\/#organization\",\"name\":\"ACPS Automotive GmbH\",\"url\":\"https:\/\/www.acps-automotive.com\/es\/\",\"logo\":{\"@type\":\"ImageObject\",\"inLanguage\":\"es\",\"@id\":\"https:\/\/www.acps-automotive.com\/es\/#\/schema\/logo\/image\/\",\"url\":\"https:\/\/www.acps-automotive.com\/wp-content\/uploads\/_media\/_allgemein\/Logo-Footer-ACPS-Automotive.png\",\"contentUrl\":\"https:\/\/www.acps-automotive.com\/wp-content\/uploads\/_media\/_allgemein\/Logo-Footer-ACPS-Automotive.png\",\"width\":239,\"height\":32,\"caption\":\"ACPS Automotive GmbH\"},\"image\":{\"@id\":\"https:\/\/www.acps-automotive.com\/es\/#\/schema\/logo\/image\/\"},\"sameAs\":[\"https:\/\/x.com\/ACPS_Automotive\",\"https:\/\/www.linkedin.com\/company\/acps-automotive-gmbh\/\",\"https:\/\/www.instagram.com\/acps_ausbildung\/\",\"https:\/\/www.youtube.com\/channel\/UC2jxrgWwpxpkay2aHWV5SaQ\"]}]}<\/script>\n<!-- \/ Yoast SEO plugin. -->","yoast_head_json":{"title":"Prensa | ACPS Automotive","description":"Aqu\u00ed encontrar\u00e1 las \u00faltimas noticias de prensa de ACPS Automotive. \u25baNoticias muy informativas para usted.","robots":{"index":"index","follow":"follow","max-snippet":"max-snippet:-1","max-image-preview":"max-image-preview:large","max-video-preview":"max-video-preview:-1"},"canonical":"https:\/\/www.acps-automotive.com\/es\/empresa\/prensa\/nueva-ubicacion-troy\/","og_locale":"es_ES","og_type":"article","og_title":"Prensa | ACPS Automotive","og_description":"Aqu\u00ed encontrar\u00e1 las \u00faltimas noticias de prensa de ACPS Automotive. \u25baNoticias muy informativas para usted.","og_url":"https:\/\/www.acps-automotive.com\/es\/empresa\/prensa\/nueva-ubicacion-troy\/","og_site_name":"ACPS Automotive GmbH","article_modified_time":"2026-03-05T12:56:12+00:00","og_image":[{"url":"https:\/\/www.acps-automotive.com\/wp-content\/uploads\/_media\/unternehmen\/presse\/2019\/Neuer-Standort-Troy-01-300x210.jpg","type":"","width":"","height":""}],"twitter_card":"summary_large_image","twitter_site":"@ACPS_Automotive","twitter_misc":{"Tiempo de lectura":"4 minutos"},"schema":{"@context":"https:\/\/schema.org","@graph":[{"@type":"WebPage","@id":"https:\/\/www.acps-automotive.com\/es\/empresa\/prensa\/nueva-ubicacion-troy\/","url":"https:\/\/www.acps-automotive.com\/es\/empresa\/prensa\/nueva-ubicacion-troy\/","name":"Prensa | ACPS Automotive","isPartOf":{"@id":"https:\/\/www.acps-automotive.com\/es\/#website"},"primaryImageOfPage":{"@id":"https:\/\/www.acps-automotive.com\/es\/empresa\/prensa\/nueva-ubicacion-troy\/#primaryimage"},"image":{"@id":"https:\/\/www.acps-automotive.com\/es\/empresa\/prensa\/nueva-ubicacion-troy\/#primaryimage"},"thumbnailUrl":"https:\/\/www.acps-automotive.com\/wp-content\/uploads\/_media\/unternehmen\/presse\/2019\/Neuer-Standort-Troy-01-300x210.jpg","datePublished":"2026-03-05T12:35:27+00:00","dateModified":"2026-03-05T12:56:12+00:00","description":"Aqu\u00ed encontrar\u00e1 las \u00faltimas noticias de prensa de ACPS Automotive. \u25baNoticias muy informativas para usted.","breadcrumb":{"@id":"https:\/\/www.acps-automotive.com\/es\/empresa\/prensa\/nueva-ubicacion-troy\/#breadcrumb"},"inLanguage":"es","potentialAction":[{"@type":"ReadAction","target":["https:\/\/www.acps-automotive.com\/es\/empresa\/prensa\/nueva-ubicacion-troy\/"]}]},{"@type":"ImageObject","inLanguage":"es","@id":"https:\/\/www.acps-automotive.com\/es\/empresa\/prensa\/nueva-ubicacion-troy\/#primaryimage","url":"https:\/\/www.acps-automotive.com\/wp-content\/uploads\/_media\/unternehmen\/presse\/2019\/Neuer-Standort-Troy-01-300x210.jpg","contentUrl":"https:\/\/www.acps-automotive.com\/wp-content\/uploads\/_media\/unternehmen\/presse\/2019\/Neuer-Standort-Troy-01-300x210.jpg"},{"@type":"BreadcrumbList","@id":"https:\/\/www.acps-automotive.com\/es\/empresa\/prensa\/nueva-ubicacion-troy\/#breadcrumb","itemListElement":[{"@type":"ListItem","position":1,"name":"Startseite","item":"https:\/\/www.acps-automotive.com\/es\/"},{"@type":"ListItem","position":2,"name":"Empresa","item":"https:\/\/www.acps-automotive.com\/es\/empresa\/"},{"@type":"ListItem","position":3,"name":"Prensa","item":"https:\/\/www.acps-automotive.com\/es\/empresa\/prensa\/"},{"@type":"ListItem","position":4,"name":"ACPS Automotive inaugura su nueva sede de ventas y desarrollo en Troy\/Detroit"}]},{"@type":"WebSite","@id":"https:\/\/www.acps-automotive.com\/es\/#website","url":"https:\/\/www.acps-automotive.com\/es\/","name":"ACPS Automotive GmbH","description":"Innovative Anh\u00e4ngekupplungen","publisher":{"@id":"https:\/\/www.acps-automotive.com\/es\/#organization"},"potentialAction":[{"@type":"SearchAction","target":{"@type":"EntryPoint","urlTemplate":"https:\/\/www.acps-automotive.com\/es\/?s={search_term_string}"},"query-input":{"@type":"PropertyValueSpecification","valueRequired":true,"valueName":"search_term_string"}}],"inLanguage":"es"},{"@type":"Organization","@id":"https:\/\/www.acps-automotive.com\/es\/#organization","name":"ACPS Automotive GmbH","url":"https:\/\/www.acps-automotive.com\/es\/","logo":{"@type":"ImageObject","inLanguage":"es","@id":"https:\/\/www.acps-automotive.com\/es\/#\/schema\/logo\/image\/","url":"https:\/\/www.acps-automotive.com\/wp-content\/uploads\/_media\/_allgemein\/Logo-Footer-ACPS-Automotive.png","contentUrl":"https:\/\/www.acps-automotive.com\/wp-content\/uploads\/_media\/_allgemein\/Logo-Footer-ACPS-Automotive.png","width":239,"height":32,"caption":"ACPS Automotive GmbH"},"image":{"@id":"https:\/\/www.acps-automotive.com\/es\/#\/schema\/logo\/image\/"},"sameAs":["https:\/\/x.com\/ACPS_Automotive","https:\/\/www.linkedin.com\/company\/acps-automotive-gmbh\/","https:\/\/www.instagram.com\/acps_ausbildung\/","https:\/\/www.youtube.com\/channel\/UC2jxrgWwpxpkay2aHWV5SaQ"]}]}},"_links":{"self":[{"href":"https:\/\/www.acps-automotive.com\/es\/wp-json\/wp\/v2\/pages\/28339","targetHints":{"allow":["GET"]}}],"collection":[{"href":"https:\/\/www.acps-automotive.com\/es\/wp-json\/wp\/v2\/pages"}],"about":[{"href":"https:\/\/www.acps-automotive.com\/es\/wp-json\/wp\/v2\/types\/page"}],"author":[{"embeddable":true,"href":"https:\/\/www.acps-automotive.com\/es\/wp-json\/wp\/v2\/users\/1"}],"replies":[{"embeddable":true,"href":"https:\/\/www.acps-automotive.com\/es\/wp-json\/wp\/v2\/comments?post=28339"}],"version-history":[{"count":6,"href":"https:\/\/www.acps-automotive.com\/es\/wp-json\/wp\/v2\/pages\/28339\/revisions"}],"predecessor-version":[{"id":28351,"href":"https:\/\/www.acps-automotive.com\/es\/wp-json\/wp\/v2\/pages\/28339\/revisions\/28351"}],"up":[{"embeddable":true,"href":"https:\/\/www.acps-automotive.com\/es\/wp-json\/wp\/v2\/pages\/27202"}],"wp:attachment":[{"href":"https:\/\/www.acps-automotive.com\/es\/wp-json\/wp\/v2\/media?parent=28339"}],"curies":[{"name":"wp","href":"https:\/\/api.w.org\/{rel}","templated":true}]}}