{"id":28250,"date":"2024-03-12T11:19:10","date_gmt":"2024-03-12T10:19:10","guid":{"rendered":"https:\/\/www.acps-automotive.com\/a-signal-for-democracy\/"},"modified":"2026-03-05T08:40:32","modified_gmt":"2026-03-05T07:40:32","slug":"una-senal-para-la-democracia","status":"publish","type":"page","link":"https:\/\/www.acps-automotive.com\/es\/una-senal-para-la-democracia\/","title":{"rendered":"Una se\u00f1al para la democracia"},"content":{"rendered":"<div class=\"vgblk-rw-wrapper limit-wrapper\">\n\n\t<h1>Una se\u00f1al para<br \/>\n<strong>la democracia<\/strong><\/h1>\n\t<img loading=\"lazy\" decoding=\"async\" src=\"https:\/\/www.acps-automotive.com\/wp-content\/uploads\/_media\/_allgemein\/pfeil-text-einleitung.png\" alt=\"Pfeil Text Einleitung\" width=\"46\" height=\"69\" \/><br \/>\nLa diversidad de nuestra plantilla en <strong>ACPS Automotive<\/strong> es nuestra fortaleza y nuestra declaraci\u00f3n a favor de una sociedad democr\u00e1tica.\n\t<p>El estado federado de Baden-W\u00fcrttemberg es uno de los centros econ\u00f3micos m\u00e1s importantes de Alemania. Empresas de renombre mundial y gran \u00e9xito procedentes de este estado federado y de otras regiones alemanas han unido sus fuerzas con la asociaci\u00f3n patronal S\u00fcdwestmetall e IG Metall Baden-W\u00fcrttemberg para enviar un mensaje contundente contra el extremismo. Representantes de alto nivel del mundo empresarial y pol\u00edtico firmaron la declaraci\u00f3n <a href=\"https:\/\/www.suedwestmetall.de\/SWM\/medien.nsf\/gfx\/9F6BC8EE71AEFD55C1258ACF006844F7\/$file\/24-02-26%20B%C3%BCndnis%20declaration.pdf\" target=\"_blank\" rel=\"noopener\">\u00abEconom\u00eda por la democracia\u00bb <\/a> en el acto conjunto.<\/p>\n<p>En ACPS Automotive respaldamos plenamente el contenido de esta declaraci\u00f3n y estamos comprometidos con un orden b\u00e1sico libre y liberal-democr\u00e1tico. Los valores democr\u00e1ticos como la libertad, el respeto y la tolerancia son principios rectores fundamentales para nosotros, que caracterizan nuestro trabajo diario y nos convierten en lo que somos: una empresa cosmopolita y l\u00edder tecnol\u00f3gico internacional.<\/p>\n<p>Por ejemplo, en la sede central de ACPS Automotive en Ingersheim, en la regi\u00f3n metropolitana de Stuttgart, trabajan personas de m\u00e1s de 20 nacionalidades. Valoramos esta estructura multicultural, ya que nos proporciona la inspiraci\u00f3n y la fuerza motriz para nuestra riqueza de ideas y creatividad. El origen de una persona no es relevante a la hora de trabajar juntos. Porque la diversidad y la cohesi\u00f3n no conocen fronteras.<\/p>\n<p>Vivimos y trabajamos en un pa\u00eds que defiende un sistema de valores democr\u00e1ticos. El racismo, la discriminaci\u00f3n religiosa, el antisemitismo y otras formas de extremismo no tienen cabida en nuestra empresa y los rechazamos rotundamente. Porque para nosotros, todas las personas son iguales. En ACPS Automotive, seguiremos viviendo y perpetuando el orden b\u00e1sico libre y democr\u00e1tico para dar seguridad y confianza a todos. Con esta actitud, avanzamos con confianza hacia un futuro pr\u00f3spero.<\/p>\n<p><a href=\"https:\/\/www.suedwestmetall.de\/presse\/pressemitteilungen\/2024\/02\/suedwestmetall-und-ig-metall-baden-wuerttemberg-setzen-zeichen-gegen-extremismus-und-unterzeichnen-im-beisein-von-bundespraesident-frank-walter-steinmeier-erklaerung-wirtschaft-fuer-demokratie\" target=\"_blank\" rel=\"noopener\">Haga clic aqu\u00ed para ver el comunicado de prensa oficial sobre el evento \u00abBusiness for Democracy\u00bb (Negocios por la democracia)<\/a>.<\/p>\n\n<\/div><!-- .vgblk-rw-wrapper -->","protected":false},"excerpt":{"rendered":"<p>Una se\u00f1al para la democracia La diversidad de nuestra plantilla en ACPS Automotive es nuestra fortaleza y nuestra declaraci\u00f3n a favor de una sociedad democr\u00e1tica. El estado federado de Baden-W\u00fcrttemberg es uno de los centros econ\u00f3micos m\u00e1s importantes de Alemania. Empresas de renombre mundial y gran \u00e9xito procedentes de este estado federado y de otras&#8230;<\/p>\n","protected":false},"author":1,"featured_media":0,"parent":0,"menu_order":3,"comment_status":"closed","ping_status":"closed","template":"","meta":{"inline_featured_image":false,"_price":"","_stock":"","_tribe_ticket_header":"","_tribe_default_ticket_provider":"","_tribe_ticket_capacity":"0","_ticket_start_date":"","_ticket_end_date":"","_tribe_ticket_show_description":"","_tribe_ticket_show_not_going":false,"_tribe_ticket_use_global_stock":"","_tribe_ticket_global_stock_level":"","_global_stock_mode":"","_global_stock_cap":"","_tribe_rsvp_for_event":"","_tribe_ticket_going_count":"","_tribe_ticket_not_going_count":"","_tribe_tickets_list":"[]","_tribe_ticket_has_attendee_info_fields":false,"footnotes":""},"class_list":["post-28250","page","type-page","status-publish","hentry"],"yoast_head":"<!-- This site is optimized with the Yoast SEO plugin v27.2 - https:\/\/yoast.com\/product\/yoast-seo-wordpress\/ -->\n<title>Una se\u00f1al para la democracia | ACPS AutomotiveUna se\u00f1al para la democraciarac<\/title>\n<meta name=\"description\" content=\"Responderemos a tus preguntas directamente en nuestra l\u00ednea de atenci\u00f3n al cliente \u260eSolo tiene que llamarnos.\" \/>\n<meta name=\"robots\" content=\"index, follow, max-snippet:-1, max-image-preview:large, max-video-preview:-1\" \/>\n<link rel=\"canonical\" href=\"https:\/\/www.acps-automotive.com\/es\/una-senal-para-la-democracia\/\" \/>\n<meta property=\"og:locale\" content=\"es_ES\" \/>\n<meta property=\"og:type\" content=\"article\" \/>\n<meta property=\"og:title\" content=\"Una se\u00f1al para la democracia | ACPS AutomotiveUna se\u00f1al para la democraciarac\" \/>\n<meta property=\"og:description\" content=\"Responderemos a tus preguntas directamente en nuestra l\u00ednea de atenci\u00f3n al cliente \u260eSolo tiene que llamarnos.\" \/>\n<meta property=\"og:url\" content=\"https:\/\/www.acps-automotive.com\/es\/una-senal-para-la-democracia\/\" \/>\n<meta property=\"og:site_name\" content=\"ACPS Automotive GmbH\" \/>\n<meta property=\"article:modified_time\" content=\"2026-03-05T07:40:32+00:00\" \/>\n<meta property=\"og:image\" content=\"https:\/\/www.acps-automotive.com\/wp-content\/uploads\/_media\/_allgemein\/pfeil-text-einleitung.png\" \/>\n<meta name=\"twitter:card\" content=\"summary_large_image\" \/>\n<meta name=\"twitter:site\" content=\"@ACPS_Automotive\" \/>\n<meta name=\"twitter:label1\" content=\"Tiempo de lectura\" \/>\n\t<meta name=\"twitter:data1\" content=\"2 minutos\" \/>\n<script type=\"application\/ld+json\" class=\"yoast-schema-graph\">{\"@context\":\"https:\/\/schema.org\",\"@graph\":[{\"@type\":\"WebPage\",\"@id\":\"https:\/\/www.acps-automotive.com\/es\/una-senal-para-la-democracia\/\",\"url\":\"https:\/\/www.acps-automotive.com\/es\/una-senal-para-la-democracia\/\",\"name\":\"Una se\u00f1al para la democracia | ACPS AutomotiveUna se\u00f1al para la democraciarac\",\"isPartOf\":{\"@id\":\"https:\/\/www.acps-automotive.com\/es\/#website\"},\"primaryImageOfPage\":{\"@id\":\"https:\/\/www.acps-automotive.com\/es\/una-senal-para-la-democracia\/#primaryimage\"},\"image\":{\"@id\":\"https:\/\/www.acps-automotive.com\/es\/una-senal-para-la-democracia\/#primaryimage\"},\"thumbnailUrl\":\"https:\/\/www.acps-automotive.com\/wp-content\/uploads\/_media\/_allgemein\/pfeil-text-einleitung.png\",\"datePublished\":\"2024-03-12T10:19:10+00:00\",\"dateModified\":\"2026-03-05T07:40:32+00:00\",\"description\":\"Responderemos a tus preguntas directamente en nuestra l\u00ednea de atenci\u00f3n al cliente \u260eSolo tiene que llamarnos.\",\"breadcrumb\":{\"@id\":\"https:\/\/www.acps-automotive.com\/es\/una-senal-para-la-democracia\/#breadcrumb\"},\"inLanguage\":\"es\",\"potentialAction\":[{\"@type\":\"ReadAction\",\"target\":[\"https:\/\/www.acps-automotive.com\/es\/una-senal-para-la-democracia\/\"]}]},{\"@type\":\"ImageObject\",\"inLanguage\":\"es\",\"@id\":\"https:\/\/www.acps-automotive.com\/es\/una-senal-para-la-democracia\/#primaryimage\",\"url\":\"https:\/\/www.acps-automotive.com\/wp-content\/uploads\/_media\/_allgemein\/pfeil-text-einleitung.png\",\"contentUrl\":\"https:\/\/www.acps-automotive.com\/wp-content\/uploads\/_media\/_allgemein\/pfeil-text-einleitung.png\"},{\"@type\":\"BreadcrumbList\",\"@id\":\"https:\/\/www.acps-automotive.com\/es\/una-senal-para-la-democracia\/#breadcrumb\",\"itemListElement\":[{\"@type\":\"ListItem\",\"position\":1,\"name\":\"Startseite\",\"item\":\"https:\/\/www.acps-automotive.com\/es\/\"},{\"@type\":\"ListItem\",\"position\":2,\"name\":\"Una se\u00f1al para la democracia\"}]},{\"@type\":\"WebSite\",\"@id\":\"https:\/\/www.acps-automotive.com\/es\/#website\",\"url\":\"https:\/\/www.acps-automotive.com\/es\/\",\"name\":\"ACPS Automotive GmbH\",\"description\":\"Innovative Anh\u00e4ngekupplungen\",\"publisher\":{\"@id\":\"https:\/\/www.acps-automotive.com\/es\/#organization\"},\"potentialAction\":[{\"@type\":\"SearchAction\",\"target\":{\"@type\":\"EntryPoint\",\"urlTemplate\":\"https:\/\/www.acps-automotive.com\/es\/?s={search_term_string}\"},\"query-input\":{\"@type\":\"PropertyValueSpecification\",\"valueRequired\":true,\"valueName\":\"search_term_string\"}}],\"inLanguage\":\"es\"},{\"@type\":\"Organization\",\"@id\":\"https:\/\/www.acps-automotive.com\/es\/#organization\",\"name\":\"ACPS Automotive GmbH\",\"url\":\"https:\/\/www.acps-automotive.com\/es\/\",\"logo\":{\"@type\":\"ImageObject\",\"inLanguage\":\"es\",\"@id\":\"https:\/\/www.acps-automotive.com\/es\/#\/schema\/logo\/image\/\",\"url\":\"https:\/\/www.acps-automotive.com\/wp-content\/uploads\/_media\/_allgemein\/Logo-Footer-ACPS-Automotive.png\",\"contentUrl\":\"https:\/\/www.acps-automotive.com\/wp-content\/uploads\/_media\/_allgemein\/Logo-Footer-ACPS-Automotive.png\",\"width\":239,\"height\":32,\"caption\":\"ACPS Automotive GmbH\"},\"image\":{\"@id\":\"https:\/\/www.acps-automotive.com\/es\/#\/schema\/logo\/image\/\"},\"sameAs\":[\"https:\/\/x.com\/ACPS_Automotive\",\"https:\/\/www.linkedin.com\/company\/acps-automotive-gmbh\/\",\"https:\/\/www.instagram.com\/acps_ausbildung\/\",\"https:\/\/www.youtube.com\/channel\/UC2jxrgWwpxpkay2aHWV5SaQ\"]}]}<\/script>\n<!-- \/ Yoast SEO plugin. -->","yoast_head_json":{"title":"Una se\u00f1al para la democracia | ACPS AutomotiveUna se\u00f1al para la democraciarac","description":"Responderemos a tus preguntas directamente en nuestra l\u00ednea de atenci\u00f3n al cliente \u260eSolo tiene que llamarnos.","robots":{"index":"index","follow":"follow","max-snippet":"max-snippet:-1","max-image-preview":"max-image-preview:large","max-video-preview":"max-video-preview:-1"},"canonical":"https:\/\/www.acps-automotive.com\/es\/una-senal-para-la-democracia\/","og_locale":"es_ES","og_type":"article","og_title":"Una se\u00f1al para la democracia | ACPS AutomotiveUna se\u00f1al para la democraciarac","og_description":"Responderemos a tus preguntas directamente en nuestra l\u00ednea de atenci\u00f3n al cliente \u260eSolo tiene que llamarnos.","og_url":"https:\/\/www.acps-automotive.com\/es\/una-senal-para-la-democracia\/","og_site_name":"ACPS Automotive GmbH","article_modified_time":"2026-03-05T07:40:32+00:00","og_image":[{"url":"https:\/\/www.acps-automotive.com\/wp-content\/uploads\/_media\/_allgemein\/pfeil-text-einleitung.png","type":"","width":"","height":""}],"twitter_card":"summary_large_image","twitter_site":"@ACPS_Automotive","twitter_misc":{"Tiempo de lectura":"2 minutos"},"schema":{"@context":"https:\/\/schema.org","@graph":[{"@type":"WebPage","@id":"https:\/\/www.acps-automotive.com\/es\/una-senal-para-la-democracia\/","url":"https:\/\/www.acps-automotive.com\/es\/una-senal-para-la-democracia\/","name":"Una se\u00f1al para la democracia | ACPS AutomotiveUna se\u00f1al para la democraciarac","isPartOf":{"@id":"https:\/\/www.acps-automotive.com\/es\/#website"},"primaryImageOfPage":{"@id":"https:\/\/www.acps-automotive.com\/es\/una-senal-para-la-democracia\/#primaryimage"},"image":{"@id":"https:\/\/www.acps-automotive.com\/es\/una-senal-para-la-democracia\/#primaryimage"},"thumbnailUrl":"https:\/\/www.acps-automotive.com\/wp-content\/uploads\/_media\/_allgemein\/pfeil-text-einleitung.png","datePublished":"2024-03-12T10:19:10+00:00","dateModified":"2026-03-05T07:40:32+00:00","description":"Responderemos a tus preguntas directamente en nuestra l\u00ednea de atenci\u00f3n al cliente \u260eSolo tiene que llamarnos.","breadcrumb":{"@id":"https:\/\/www.acps-automotive.com\/es\/una-senal-para-la-democracia\/#breadcrumb"},"inLanguage":"es","potentialAction":[{"@type":"ReadAction","target":["https:\/\/www.acps-automotive.com\/es\/una-senal-para-la-democracia\/"]}]},{"@type":"ImageObject","inLanguage":"es","@id":"https:\/\/www.acps-automotive.com\/es\/una-senal-para-la-democracia\/#primaryimage","url":"https:\/\/www.acps-automotive.com\/wp-content\/uploads\/_media\/_allgemein\/pfeil-text-einleitung.png","contentUrl":"https:\/\/www.acps-automotive.com\/wp-content\/uploads\/_media\/_allgemein\/pfeil-text-einleitung.png"},{"@type":"BreadcrumbList","@id":"https:\/\/www.acps-automotive.com\/es\/una-senal-para-la-democracia\/#breadcrumb","itemListElement":[{"@type":"ListItem","position":1,"name":"Startseite","item":"https:\/\/www.acps-automotive.com\/es\/"},{"@type":"ListItem","position":2,"name":"Una se\u00f1al para la democracia"}]},{"@type":"WebSite","@id":"https:\/\/www.acps-automotive.com\/es\/#website","url":"https:\/\/www.acps-automotive.com\/es\/","name":"ACPS Automotive GmbH","description":"Innovative Anh\u00e4ngekupplungen","publisher":{"@id":"https:\/\/www.acps-automotive.com\/es\/#organization"},"potentialAction":[{"@type":"SearchAction","target":{"@type":"EntryPoint","urlTemplate":"https:\/\/www.acps-automotive.com\/es\/?s={search_term_string}"},"query-input":{"@type":"PropertyValueSpecification","valueRequired":true,"valueName":"search_term_string"}}],"inLanguage":"es"},{"@type":"Organization","@id":"https:\/\/www.acps-automotive.com\/es\/#organization","name":"ACPS Automotive GmbH","url":"https:\/\/www.acps-automotive.com\/es\/","logo":{"@type":"ImageObject","inLanguage":"es","@id":"https:\/\/www.acps-automotive.com\/es\/#\/schema\/logo\/image\/","url":"https:\/\/www.acps-automotive.com\/wp-content\/uploads\/_media\/_allgemein\/Logo-Footer-ACPS-Automotive.png","contentUrl":"https:\/\/www.acps-automotive.com\/wp-content\/uploads\/_media\/_allgemein\/Logo-Footer-ACPS-Automotive.png","width":239,"height":32,"caption":"ACPS Automotive GmbH"},"image":{"@id":"https:\/\/www.acps-automotive.com\/es\/#\/schema\/logo\/image\/"},"sameAs":["https:\/\/x.com\/ACPS_Automotive","https:\/\/www.linkedin.com\/company\/acps-automotive-gmbh\/","https:\/\/www.instagram.com\/acps_ausbildung\/","https:\/\/www.youtube.com\/channel\/UC2jxrgWwpxpkay2aHWV5SaQ"]}]}},"_links":{"self":[{"href":"https:\/\/www.acps-automotive.com\/es\/wp-json\/wp\/v2\/pages\/28250","targetHints":{"allow":["GET"]}}],"collection":[{"href":"https:\/\/www.acps-automotive.com\/es\/wp-json\/wp\/v2\/pages"}],"about":[{"href":"https:\/\/www.acps-automotive.com\/es\/wp-json\/wp\/v2\/types\/page"}],"author":[{"embeddable":true,"href":"https:\/\/www.acps-automotive.com\/es\/wp-json\/wp\/v2\/users\/1"}],"replies":[{"embeddable":true,"href":"https:\/\/www.acps-automotive.com\/es\/wp-json\/wp\/v2\/comments?post=28250"}],"version-history":[{"count":2,"href":"https:\/\/www.acps-automotive.com\/es\/wp-json\/wp\/v2\/pages\/28250\/revisions"}],"predecessor-version":[{"id":28253,"href":"https:\/\/www.acps-automotive.com\/es\/wp-json\/wp\/v2\/pages\/28250\/revisions\/28253"}],"wp:attachment":[{"href":"https:\/\/www.acps-automotive.com\/es\/wp-json\/wp\/v2\/media?parent=28250"}],"curies":[{"name":"wp","href":"https:\/\/api.w.org\/{rel}","templated":true}]}}