{"id":28236,"date":"2026-03-04T16:08:41","date_gmt":"2026-03-04T15:08:41","guid":{"rendered":"https:\/\/www.acps-automotive.com\/?page_id=28236"},"modified":"2026-03-05T16:14:16","modified_gmt":"2026-03-05T15:14:16","slug":"nuevo-director-general-en-acps-automotive-lider-del-mercado-y-la-tecnologia-en-dispositivos-de-remolque","status":"publish","type":"page","link":"https:\/\/www.acps-automotive.com\/es\/empresa\/prensa\/nuevo-director-general-en-acps-automotive-lider-del-mercado-y-la-tecnologia-en-dispositivos-de-remolque\/","title":{"rendered":"Nuevo director general en ACPS Automotive, l\u00edder del mercado y la tecnolog\u00eda en dispositivos de remolque"},"content":{"rendered":"<div class=\"vgblk-rw-wrapper limit-wrapper\">\n\n\t<h3><strong>01\/08\/2024 | <\/strong>Nuevo director general en ACPS Automotive, l\u00edder del mercado y la tecnolog\u00eda en dispositivos de remolque<\/h3>\n<p><strong>Hay cambios en la c\u00fapula directiva de ACPS Automotive: el director general Caspar Baumhauer deja el cargo tras seis a\u00f1os y Michael Weiss toma el relevo.<\/strong><\/p>\n<p>Caspar Baumhauer ha dirigido con \u00e9xito ACPS Automotive durante seis a\u00f1os. Desde que asumi\u00f3 el cargo el 1 de diciembre de 2018, la facturaci\u00f3n del grupo ACPS Automotive casi se ha duplicado. Baumhauer ha centrado las actividades de ACPS Automotive principalmente en tres grandes \u00e1reas: internacionalizaci\u00f3n, digitalizaci\u00f3n y flexibilizaci\u00f3n. Bajo su direcci\u00f3n, se ha llevado a cabo la expansi\u00f3n del negocio de equipos originales y la entrada en el sector de los equipos de recambio en Norteam\u00e9rica, se est\u00e1 llevando a cabo la creaci\u00f3n de dos sedes en el mayor mercado asi\u00e1tico, China, y se ha puesto en marcha la capacitaci\u00f3n de la organizaci\u00f3n para adaptarse de forma r\u00e1pida y eficaz a las exigencias en constante cambio.<\/p>\n<p>Michael Weiss (49) asumir\u00e1 la responsabilidad como director general de ACPS Automotive. Caspar Baumhauer (62) seguir\u00e1 asesorando a Michael Weiss durante una fase de transici\u00f3n.<\/p>\n<p>\u00abMe complace traspasar ACPS Automotive con un equipo excelentemente posicionado y una s\u00f3lida posici\u00f3n en el mercado\u00bb, afirma Caspar Baumhauer. Y se muestra convencido de que la empresa estar\u00e1 en buenas manos con Weiss: \u00abHemos logrado incorporar a Michael Weiss, un directivo altamente cualificado y experimentado, para que conduzca a ACPS Automotive hacia un futuro lleno de \u00e9xitos\u00bb.<\/p>\n<p>Michael Weiss cuenta con muchos a\u00f1os de experiencia en la gesti\u00f3n de grupos industriales que cotizan en bolsa y, desde septiembre de 2022, era director general del proveedor de automoci\u00f3n DAYCO. All\u00ed se comercializan con \u00e9xito importantes sistemas de propulsi\u00f3n de motores, as\u00ed como servicios posventa para veh\u00edculos de motor, construcci\u00f3n, agricultura e industria, en las \u00e1reas de investigaci\u00f3n, dise\u00f1o, fabricaci\u00f3n y distribuci\u00f3n. Antes de su etapa en DAYCO, Michael Weiss trabaj\u00f3 durante diez a\u00f1os en Schaeffler AG, en Herzogenaurach, donde ocup\u00f3 diversos puestos internacionales y, por \u00faltimo, fue director de la divisi\u00f3n de gesti\u00f3n t\u00e9rmica. A lo largo de su carrera, Weiss ha desarrollado y aplicado con \u00e9xito en varias ocasiones estrategias para el crecimiento rentable y sostenible de sus empresas. Para ello, se centr\u00f3 expresamente en el desarrollo de los empleados y la orientaci\u00f3n al cliente.<\/p>\n<p>Al frente de ACPS Automotive, Michael Weiss dirige a un total de 2200 empleados en once ubicaciones en todo el mundo, de los cuales unos 700 se encuentran en Alemania. La empresa tradicional se dio a conocer bajo la marca ORIS y es sin\u00f3nimo de una fuerte cultura de innovaci\u00f3n y una alta calidad de producto, apreciadas por clientes de todo el mundo desde hace d\u00e9cadas. ACPS Automotive tiene su sede en Ingersheim, en el \u00e1rea metropolitana de Stuttgart. All\u00ed se encuentran todas las funciones comerciales centrales y el centro de desarrollo con las \u00e1reas de investigaci\u00f3n y desarrollo, construcci\u00f3n de prototipos, pruebas de seguridad y control de calidad. ACPS Automotive desarrolla aqu\u00ed, con sus aproximadamente 200 empleados, la mayor parte de sus productos bajo la marca ORIS para la industria automovil\u00edstica internacional en el mercado de equipos originales y accesorios para el mercado de recambios.<\/p>\n\t<p><a href=\"\/wp-content\/uploads\/_media\/unternehmen\/presse\/2024\/ACPS-Automotive-Press-Release-CEO-change-en.pdf\" target=\"_blank\" rel=\"noopener\">Download [PDF]<\/a>\u00a0<a href=\"\/wp-content\/uploads\/_media\/unternehmen\/presse\/2024\/ACPS-Automotive-Press-Release-CEO-change-en.zip\" target=\"_blank\" rel=\"noopener\">Download [Zip]<\/a><\/p>\n\t<p><a href=\"https:\/\/www.acps-automotive.com\/wp-content\/uploads\/_media\/unternehmen\/presse\/2024\/michael-weiss-uebernimmt.jpg\"><img loading=\"lazy\" decoding=\"async\" src=\"https:\/\/www.acps-automotive.com\/wp-content\/uploads\/_media\/unternehmen\/presse\/2024\/michael-weiss-uebernimmt.jpg\" alt=\"\" width=\"300\" height=\"210\" \/><\/a><\/p>\n\t<p>Michael Weiss (izquierda) y Caspar Baumhauer (derecha)<\/p>\n\t<h3>La empresa<\/h3>\n<p>ACPS Automotive es l\u00edder del mercado en dispositivos de remolque para turismos, SUV y furgonetas. Nuestros dispositivos de remolque son perfectos para todo tipo de propulsi\u00f3n: combusti\u00f3n, el\u00e9ctrica, h\u00edbrida. M\u00e1s de 140 patentes en todo el mundo avalan nuestro liderazgo en tecnolog\u00eda e innovaci\u00f3n. De este modo, la empresa ha marcado de forma significativa el progreso tecnol\u00f3gico en el \u00e1mbito de los dispositivos de remolque. ACPS Automotive, como desarrollador y fabricante, establece nuevos est\u00e1ndares con la tecnolog\u00eda de sus soluciones de transporte en su sede central de Ingersheim y en once ubicaciones en todo el mundo. Esto beneficia a los clientes: la industria automovil\u00edstica internacional en el sector de los equipos originales y las empresas del mercado de accesorios en el sector de los equipos de recambio. Los dispositivos de remolque proporcionan una conexi\u00f3n especialmente segura y c\u00f3moda entre el veh\u00edculo y las caravanas, los portabicicletas, los remolques para barcos, caballos y cargas, tanto en el \u00e1mbito privado como en el comercial. ACPS Automotive cuenta con unos 2200 empleados, fue fundada en 1955 en Stuttgart y es conocida bajo la marca ORIS. La facturaci\u00f3n en 2023 fue de unos 440 millones de euros.<\/p>\n\t<h2><strong>Contacto de prensa<br \/>\n<\/strong><\/h2>\n<p><strong>ACPS Automotive GmbH<\/strong><\/p>\nDagmar Hinz | Directora de Comunicaci\u00f3n y Marketing<br \/>\nBertha-Benz-Str. 2, 74379 Ingersheim, Alemania\nTel.: +49 (0) 7142 9930-124<br \/>\nCorreo electr\u00f3nico:<a href=\"&#x6d;&#x61;&#x69;&#x6c;&#x74;&#x6f;&#x3a;&#x64;&#x61;&#x67;&#x6d;&#x61;&#x72;&#x2e;&#x68;&#x69;&#x6e;&#x7a;&#x40;&#x61;&#x63;&#x70;&#x73;&#x2d;&#x61;&#x75;&#x74;&#x6f;&#x6d;&#x6f;&#x74;&#x69;&#x76;&#x65;&#x2e;&#x63;&#x6f;&#x6d;\">&#100;&#x61;&#x67;m&#97;&#x72;&#46;&#104;&#x69;&#x6e;z&#64;&#x61;c&#112;&#x73;&#x2d;a&#117;&#x74;o&#109;&#x6f;&#x74;&#105;&#118;&#x65;&#46;&#99;&#x6f;&#x6d;<\/a>\n\t<p><a href=\"https:\/\/www.acps-automotive.com\/es\/empresa\/prensa\/\">\u2190 Volver al resumen<\/a><\/p>\n\n<\/div><!-- .vgblk-rw-wrapper -->","protected":false},"excerpt":{"rendered":"<p>01\/08\/2024 | Nuevo director general en ACPS Automotive, l\u00edder del mercado y la tecnolog\u00eda en dispositivos de remolque Hay cambios en la c\u00fapula directiva de ACPS Automotive: el director general Caspar Baumhauer deja el cargo tras seis a\u00f1os y Michael Weiss toma el relevo. Caspar Baumhauer ha dirigido con \u00e9xito ACPS Automotive durante seis a\u00f1os&#8230;.<\/p>\n","protected":false},"author":1,"featured_media":0,"parent":27202,"menu_order":1,"comment_status":"closed","ping_status":"closed","template":"","meta":{"inline_featured_image":false,"_price":"","_stock":"","_tribe_ticket_header":"","_tribe_default_ticket_provider":"","_tribe_ticket_capacity":"0","_ticket_start_date":"","_ticket_end_date":"","_tribe_ticket_show_description":"","_tribe_ticket_show_not_going":false,"_tribe_ticket_use_global_stock":"","_tribe_ticket_global_stock_level":"","_global_stock_mode":"","_global_stock_cap":"","_tribe_rsvp_for_event":"","_tribe_ticket_going_count":"","_tribe_ticket_not_going_count":"","_tribe_tickets_list":"[]","_tribe_ticket_has_attendee_info_fields":false,"footnotes":""},"class_list":["post-28236","page","type-page","status-publish","hentry"],"yoast_head":"<!-- This site is optimized with the Yoast SEO plugin v27.2 - https:\/\/yoast.com\/product\/yoast-seo-wordpress\/ -->\n<title>Prensa | ACPS Automotive<\/title>\n<meta name=\"description\" content=\"Aqu\u00ed encontrar\u00e1 las \u00faltimas noticias de prensa de ACPS Automotive. \u25baNoticias muy informativas para usted.\" \/>\n<meta name=\"robots\" content=\"index, follow, max-snippet:-1, max-image-preview:large, max-video-preview:-1\" \/>\n<link rel=\"canonical\" href=\"https:\/\/www.acps-automotive.com\/es\/empresa\/prensa\/nuevo-director-general-en-acps-automotive-lider-del-mercado-y-la-tecnologia-en-dispositivos-de-remolque\/\" \/>\n<meta property=\"og:locale\" content=\"es_ES\" \/>\n<meta property=\"og:type\" content=\"article\" \/>\n<meta property=\"og:title\" content=\"Prensa | ACPS Automotive\" \/>\n<meta property=\"og:description\" content=\"Aqu\u00ed encontrar\u00e1 las \u00faltimas noticias de prensa de ACPS Automotive. \u25baNoticias muy informativas para usted.\" \/>\n<meta property=\"og:url\" content=\"https:\/\/www.acps-automotive.com\/es\/empresa\/prensa\/nuevo-director-general-en-acps-automotive-lider-del-mercado-y-la-tecnologia-en-dispositivos-de-remolque\/\" \/>\n<meta property=\"og:site_name\" content=\"ACPS Automotive GmbH\" \/>\n<meta property=\"article:modified_time\" content=\"2026-03-05T15:14:16+00:00\" \/>\n<meta property=\"og:image\" content=\"https:\/\/www.acps-automotive.com\/wp-content\/uploads\/_media\/unternehmen\/presse\/2024\/michael-weiss-uebernimmt.jpg\" \/>\n<meta name=\"twitter:card\" content=\"summary_large_image\" \/>\n<meta name=\"twitter:site\" content=\"@ACPS_Automotive\" \/>\n<meta name=\"twitter:label1\" content=\"Tiempo de lectura\" \/>\n\t<meta name=\"twitter:data1\" content=\"4 minutos\" \/>\n<script type=\"application\/ld+json\" class=\"yoast-schema-graph\">{\"@context\":\"https:\/\/schema.org\",\"@graph\":[{\"@type\":\"WebPage\",\"@id\":\"https:\/\/www.acps-automotive.com\/es\/empresa\/prensa\/nuevo-director-general-en-acps-automotive-lider-del-mercado-y-la-tecnologia-en-dispositivos-de-remolque\/\",\"url\":\"https:\/\/www.acps-automotive.com\/es\/empresa\/prensa\/nuevo-director-general-en-acps-automotive-lider-del-mercado-y-la-tecnologia-en-dispositivos-de-remolque\/\",\"name\":\"Prensa | ACPS Automotive\",\"isPartOf\":{\"@id\":\"https:\/\/www.acps-automotive.com\/es\/#website\"},\"primaryImageOfPage\":{\"@id\":\"https:\/\/www.acps-automotive.com\/es\/empresa\/prensa\/nuevo-director-general-en-acps-automotive-lider-del-mercado-y-la-tecnologia-en-dispositivos-de-remolque\/#primaryimage\"},\"image\":{\"@id\":\"https:\/\/www.acps-automotive.com\/es\/empresa\/prensa\/nuevo-director-general-en-acps-automotive-lider-del-mercado-y-la-tecnologia-en-dispositivos-de-remolque\/#primaryimage\"},\"thumbnailUrl\":\"https:\/\/www.acps-automotive.com\/wp-content\/uploads\/_media\/unternehmen\/presse\/2024\/michael-weiss-uebernimmt.jpg\",\"datePublished\":\"2026-03-04T15:08:41+00:00\",\"dateModified\":\"2026-03-05T15:14:16+00:00\",\"description\":\"Aqu\u00ed encontrar\u00e1 las \u00faltimas noticias de prensa de ACPS Automotive. \u25baNoticias muy informativas para usted.\",\"breadcrumb\":{\"@id\":\"https:\/\/www.acps-automotive.com\/es\/empresa\/prensa\/nuevo-director-general-en-acps-automotive-lider-del-mercado-y-la-tecnologia-en-dispositivos-de-remolque\/#breadcrumb\"},\"inLanguage\":\"es\",\"potentialAction\":[{\"@type\":\"ReadAction\",\"target\":[\"https:\/\/www.acps-automotive.com\/es\/empresa\/prensa\/nuevo-director-general-en-acps-automotive-lider-del-mercado-y-la-tecnologia-en-dispositivos-de-remolque\/\"]}]},{\"@type\":\"ImageObject\",\"inLanguage\":\"es\",\"@id\":\"https:\/\/www.acps-automotive.com\/es\/empresa\/prensa\/nuevo-director-general-en-acps-automotive-lider-del-mercado-y-la-tecnologia-en-dispositivos-de-remolque\/#primaryimage\",\"url\":\"https:\/\/www.acps-automotive.com\/wp-content\/uploads\/_media\/unternehmen\/presse\/2024\/michael-weiss-uebernimmt.jpg\",\"contentUrl\":\"https:\/\/www.acps-automotive.com\/wp-content\/uploads\/_media\/unternehmen\/presse\/2024\/michael-weiss-uebernimmt.jpg\"},{\"@type\":\"BreadcrumbList\",\"@id\":\"https:\/\/www.acps-automotive.com\/es\/empresa\/prensa\/nuevo-director-general-en-acps-automotive-lider-del-mercado-y-la-tecnologia-en-dispositivos-de-remolque\/#breadcrumb\",\"itemListElement\":[{\"@type\":\"ListItem\",\"position\":1,\"name\":\"Startseite\",\"item\":\"https:\/\/www.acps-automotive.com\/es\/\"},{\"@type\":\"ListItem\",\"position\":2,\"name\":\"Empresa\",\"item\":\"https:\/\/www.acps-automotive.com\/es\/empresa\/\"},{\"@type\":\"ListItem\",\"position\":3,\"name\":\"Prensa\",\"item\":\"https:\/\/www.acps-automotive.com\/es\/empresa\/prensa\/\"},{\"@type\":\"ListItem\",\"position\":4,\"name\":\"Nuevo director general en ACPS Automotive, l\u00edder del mercado y la tecnolog\u00eda en dispositivos de remolque\"}]},{\"@type\":\"WebSite\",\"@id\":\"https:\/\/www.acps-automotive.com\/es\/#website\",\"url\":\"https:\/\/www.acps-automotive.com\/es\/\",\"name\":\"ACPS Automotive GmbH\",\"description\":\"Innovative Anh\u00e4ngekupplungen\",\"publisher\":{\"@id\":\"https:\/\/www.acps-automotive.com\/es\/#organization\"},\"potentialAction\":[{\"@type\":\"SearchAction\",\"target\":{\"@type\":\"EntryPoint\",\"urlTemplate\":\"https:\/\/www.acps-automotive.com\/es\/?s={search_term_string}\"},\"query-input\":{\"@type\":\"PropertyValueSpecification\",\"valueRequired\":true,\"valueName\":\"search_term_string\"}}],\"inLanguage\":\"es\"},{\"@type\":\"Organization\",\"@id\":\"https:\/\/www.acps-automotive.com\/es\/#organization\",\"name\":\"ACPS Automotive GmbH\",\"url\":\"https:\/\/www.acps-automotive.com\/es\/\",\"logo\":{\"@type\":\"ImageObject\",\"inLanguage\":\"es\",\"@id\":\"https:\/\/www.acps-automotive.com\/es\/#\/schema\/logo\/image\/\",\"url\":\"https:\/\/www.acps-automotive.com\/wp-content\/uploads\/_media\/_allgemein\/Logo-Footer-ACPS-Automotive.png\",\"contentUrl\":\"https:\/\/www.acps-automotive.com\/wp-content\/uploads\/_media\/_allgemein\/Logo-Footer-ACPS-Automotive.png\",\"width\":239,\"height\":32,\"caption\":\"ACPS Automotive GmbH\"},\"image\":{\"@id\":\"https:\/\/www.acps-automotive.com\/es\/#\/schema\/logo\/image\/\"},\"sameAs\":[\"https:\/\/x.com\/ACPS_Automotive\",\"https:\/\/www.linkedin.com\/company\/acps-automotive-gmbh\/\",\"https:\/\/www.instagram.com\/acps_ausbildung\/\",\"https:\/\/www.youtube.com\/channel\/UC2jxrgWwpxpkay2aHWV5SaQ\"]}]}<\/script>\n<!-- \/ Yoast SEO plugin. -->","yoast_head_json":{"title":"Prensa | ACPS Automotive","description":"Aqu\u00ed encontrar\u00e1 las \u00faltimas noticias de prensa de ACPS Automotive. \u25baNoticias muy informativas para usted.","robots":{"index":"index","follow":"follow","max-snippet":"max-snippet:-1","max-image-preview":"max-image-preview:large","max-video-preview":"max-video-preview:-1"},"canonical":"https:\/\/www.acps-automotive.com\/es\/empresa\/prensa\/nuevo-director-general-en-acps-automotive-lider-del-mercado-y-la-tecnologia-en-dispositivos-de-remolque\/","og_locale":"es_ES","og_type":"article","og_title":"Prensa | ACPS Automotive","og_description":"Aqu\u00ed encontrar\u00e1 las \u00faltimas noticias de prensa de ACPS Automotive. \u25baNoticias muy informativas para usted.","og_url":"https:\/\/www.acps-automotive.com\/es\/empresa\/prensa\/nuevo-director-general-en-acps-automotive-lider-del-mercado-y-la-tecnologia-en-dispositivos-de-remolque\/","og_site_name":"ACPS Automotive GmbH","article_modified_time":"2026-03-05T15:14:16+00:00","og_image":[{"url":"https:\/\/www.acps-automotive.com\/wp-content\/uploads\/_media\/unternehmen\/presse\/2024\/michael-weiss-uebernimmt.jpg","type":"","width":"","height":""}],"twitter_card":"summary_large_image","twitter_site":"@ACPS_Automotive","twitter_misc":{"Tiempo de lectura":"4 minutos"},"schema":{"@context":"https:\/\/schema.org","@graph":[{"@type":"WebPage","@id":"https:\/\/www.acps-automotive.com\/es\/empresa\/prensa\/nuevo-director-general-en-acps-automotive-lider-del-mercado-y-la-tecnologia-en-dispositivos-de-remolque\/","url":"https:\/\/www.acps-automotive.com\/es\/empresa\/prensa\/nuevo-director-general-en-acps-automotive-lider-del-mercado-y-la-tecnologia-en-dispositivos-de-remolque\/","name":"Prensa | ACPS Automotive","isPartOf":{"@id":"https:\/\/www.acps-automotive.com\/es\/#website"},"primaryImageOfPage":{"@id":"https:\/\/www.acps-automotive.com\/es\/empresa\/prensa\/nuevo-director-general-en-acps-automotive-lider-del-mercado-y-la-tecnologia-en-dispositivos-de-remolque\/#primaryimage"},"image":{"@id":"https:\/\/www.acps-automotive.com\/es\/empresa\/prensa\/nuevo-director-general-en-acps-automotive-lider-del-mercado-y-la-tecnologia-en-dispositivos-de-remolque\/#primaryimage"},"thumbnailUrl":"https:\/\/www.acps-automotive.com\/wp-content\/uploads\/_media\/unternehmen\/presse\/2024\/michael-weiss-uebernimmt.jpg","datePublished":"2026-03-04T15:08:41+00:00","dateModified":"2026-03-05T15:14:16+00:00","description":"Aqu\u00ed encontrar\u00e1 las \u00faltimas noticias de prensa de ACPS Automotive. \u25baNoticias muy informativas para usted.","breadcrumb":{"@id":"https:\/\/www.acps-automotive.com\/es\/empresa\/prensa\/nuevo-director-general-en-acps-automotive-lider-del-mercado-y-la-tecnologia-en-dispositivos-de-remolque\/#breadcrumb"},"inLanguage":"es","potentialAction":[{"@type":"ReadAction","target":["https:\/\/www.acps-automotive.com\/es\/empresa\/prensa\/nuevo-director-general-en-acps-automotive-lider-del-mercado-y-la-tecnologia-en-dispositivos-de-remolque\/"]}]},{"@type":"ImageObject","inLanguage":"es","@id":"https:\/\/www.acps-automotive.com\/es\/empresa\/prensa\/nuevo-director-general-en-acps-automotive-lider-del-mercado-y-la-tecnologia-en-dispositivos-de-remolque\/#primaryimage","url":"https:\/\/www.acps-automotive.com\/wp-content\/uploads\/_media\/unternehmen\/presse\/2024\/michael-weiss-uebernimmt.jpg","contentUrl":"https:\/\/www.acps-automotive.com\/wp-content\/uploads\/_media\/unternehmen\/presse\/2024\/michael-weiss-uebernimmt.jpg"},{"@type":"BreadcrumbList","@id":"https:\/\/www.acps-automotive.com\/es\/empresa\/prensa\/nuevo-director-general-en-acps-automotive-lider-del-mercado-y-la-tecnologia-en-dispositivos-de-remolque\/#breadcrumb","itemListElement":[{"@type":"ListItem","position":1,"name":"Startseite","item":"https:\/\/www.acps-automotive.com\/es\/"},{"@type":"ListItem","position":2,"name":"Empresa","item":"https:\/\/www.acps-automotive.com\/es\/empresa\/"},{"@type":"ListItem","position":3,"name":"Prensa","item":"https:\/\/www.acps-automotive.com\/es\/empresa\/prensa\/"},{"@type":"ListItem","position":4,"name":"Nuevo director general en ACPS Automotive, l\u00edder del mercado y la tecnolog\u00eda en dispositivos de remolque"}]},{"@type":"WebSite","@id":"https:\/\/www.acps-automotive.com\/es\/#website","url":"https:\/\/www.acps-automotive.com\/es\/","name":"ACPS Automotive GmbH","description":"Innovative Anh\u00e4ngekupplungen","publisher":{"@id":"https:\/\/www.acps-automotive.com\/es\/#organization"},"potentialAction":[{"@type":"SearchAction","target":{"@type":"EntryPoint","urlTemplate":"https:\/\/www.acps-automotive.com\/es\/?s={search_term_string}"},"query-input":{"@type":"PropertyValueSpecification","valueRequired":true,"valueName":"search_term_string"}}],"inLanguage":"es"},{"@type":"Organization","@id":"https:\/\/www.acps-automotive.com\/es\/#organization","name":"ACPS Automotive GmbH","url":"https:\/\/www.acps-automotive.com\/es\/","logo":{"@type":"ImageObject","inLanguage":"es","@id":"https:\/\/www.acps-automotive.com\/es\/#\/schema\/logo\/image\/","url":"https:\/\/www.acps-automotive.com\/wp-content\/uploads\/_media\/_allgemein\/Logo-Footer-ACPS-Automotive.png","contentUrl":"https:\/\/www.acps-automotive.com\/wp-content\/uploads\/_media\/_allgemein\/Logo-Footer-ACPS-Automotive.png","width":239,"height":32,"caption":"ACPS Automotive GmbH"},"image":{"@id":"https:\/\/www.acps-automotive.com\/es\/#\/schema\/logo\/image\/"},"sameAs":["https:\/\/x.com\/ACPS_Automotive","https:\/\/www.linkedin.com\/company\/acps-automotive-gmbh\/","https:\/\/www.instagram.com\/acps_ausbildung\/","https:\/\/www.youtube.com\/channel\/UC2jxrgWwpxpkay2aHWV5SaQ"]}]}},"_links":{"self":[{"href":"https:\/\/www.acps-automotive.com\/es\/wp-json\/wp\/v2\/pages\/28236","targetHints":{"allow":["GET"]}}],"collection":[{"href":"https:\/\/www.acps-automotive.com\/es\/wp-json\/wp\/v2\/pages"}],"about":[{"href":"https:\/\/www.acps-automotive.com\/es\/wp-json\/wp\/v2\/types\/page"}],"author":[{"embeddable":true,"href":"https:\/\/www.acps-automotive.com\/es\/wp-json\/wp\/v2\/users\/1"}],"replies":[{"embeddable":true,"href":"https:\/\/www.acps-automotive.com\/es\/wp-json\/wp\/v2\/comments?post=28236"}],"version-history":[{"count":5,"href":"https:\/\/www.acps-automotive.com\/es\/wp-json\/wp\/v2\/pages\/28236\/revisions"}],"predecessor-version":[{"id":28781,"href":"https:\/\/www.acps-automotive.com\/es\/wp-json\/wp\/v2\/pages\/28236\/revisions\/28781"}],"up":[{"embeddable":true,"href":"https:\/\/www.acps-automotive.com\/es\/wp-json\/wp\/v2\/pages\/27202"}],"wp:attachment":[{"href":"https:\/\/www.acps-automotive.com\/es\/wp-json\/wp\/v2\/media?parent=28236"}],"curies":[{"name":"wp","href":"https:\/\/api.w.org\/{rel}","templated":true}]}}