{"id":28013,"date":"2026-01-28T11:21:14","date_gmt":"2026-01-28T10:21:14","guid":{"rendered":"https:\/\/www.acps-automotive.com\/?page_id=28013"},"modified":"2026-03-06T08:36:00","modified_gmt":"2026-03-06T07:36:00","slug":"sostenibilidad","status":"publish","type":"page","link":"https:\/\/www.acps-automotive.com\/es\/empresa\/sostenibilidad\/","title":{"rendered":"Sostenibilidad"},"content":{"rendered":"<div class=\"vgblk-rw-wrapper limit-wrapper\">\n\n\t<h1><strong>Sostenibilidad<\/strong><br \/>\nen ACPS Automotive<\/h1>\n\t<img loading=\"lazy\" decoding=\"async\" src=\"https:\/\/www.acps-automotive.com\/wp-content\/uploads\/_media\/_allgemein\/pfeil-text-einleitung.png\" alt=\"Pfeil Text Einleitung\" width=\"46\" height=\"69\" \/><br \/>\n<strong>Asumir responsabilidad. Dise\u00f1ar el futuro.<\/strong><br \/>\nPara ACPS Automotive, la sostenibilidad es mucho m\u00e1s que una tendencia: es una parte integral de nuestra cultura corporativa e influye en nuestras acciones diarias. Como l\u00edderes del mercado y la tecnolog\u00eda en el sector de los sistemas de remolques, desarrollamos, producimos y comercializamos soluciones que cumplen con los m\u00e1s altos est\u00e1ndares de calidad, seguridad e innovaci\u00f3n tecnol\u00f3gica, asumiendo al mismo tiempo nuestra responsabilidad con las personas, el medio ambiente y la sociedad.\n\t<h4><strong>Pensar de manera sostenible, actuar de manera integral<\/strong><br \/>\nConsideramos la sostenibilidad en todas sus dimensiones:<br \/>\necol\u00f3gica, econ\u00f3mica y social.<\/h4>\n\t<p>Estamos convencidos de que actuar de manera sostenible es la base del \u00e9xito econ\u00f3mico a largo plazo y nos permite contribuir de manera significativa al bienestar de las generaciones futuras. Este enfoque integral est\u00e1 arraigado en nuestra <a href=\"https:\/\/www.acps-automotive.com\/es\/mediateca\/documentos-normativos\/\" target=\"_blank\" rel=\"noopener\"><strong>pol\u00edtica empresarial<\/strong><\/a> y sirve como gu\u00eda para actuar de manera responsable y sostenible en todas las \u00e1reas de nuestra empresa.<\/p>\n\t<p><img loading=\"lazy\" decoding=\"async\" src=\"https:\/\/www.acps-automotive.com\/wp-content\/uploads\/_media\/unternehmen\/ueber-uns\/michael-weiss.jpg\" alt=\"Michael Weiss\" width=\"1168\" height=\"530\" \/><\/p>\n\t<p>\u00abPara nosotros, la sostenibilidad es mucho m\u00e1s que una parte integral de nuestra estrategia, la sostenibilidad es un valor empresarial que vivimos: representa el uso responsable de los recursos, la confiabilidad hacia nuestros empleados y socios, y es nuestra convicci\u00f3n de que actuar de manera sostenible conduce al \u00e9xito empresarial a largo plazo\u00bb.<\/p>\n\t<p>Michael Weiss, CEO ACPS Automotive GmbH<\/p>\n\t<h4><strong>Driving4Sustainability<\/strong><br \/>\nnuestra estrategia para el futuro<\/h4>\n\t\t\t\t\t\t\t<img loading=\"lazy\" decoding=\"async\" src=\"https:\/\/www.acps-automotive.com\/wp-content\/uploads\/_media\/unternehmen\/nachhaltigkeit\/driving4sustainibility.jpg\" alt=\"Driving4Sustainability\" itemprop=\"image\" height=\"263\" width=\"650\" title=\"driving4sustainibility\" onerror=\"this.style.display='none'\"  sizes=\"auto, \" srcset=\"https:\/\/www.acps-automotive.com\/wp-content\/uploads\/_media\/unternehmen\/nachhaltigkeit\/driving4sustainibility.jpg 650w, https:\/\/www.acps-automotive.com\/wp-content\/uploads\/_media\/unternehmen\/nachhaltigkeit\/driving4sustainibility-300x121.jpg 300w, https:\/\/www.acps-automotive.com\/wp-content\/uploads\/_media\/unternehmen\/nachhaltigkeit\/driving4sustainibility-630x255.jpg 630w, https:\/\/www.acps-automotive.com\/wp-content\/uploads\/_media\/unternehmen\/nachhaltigkeit\/driving4sustainibility-420x170.jpg 420w, https:\/\/www.acps-automotive.com\/wp-content\/uploads\/_media\/unternehmen\/nachhaltigkeit\/driving4sustainibility-315x127.jpg 315w\" \/>\t\t\t\t\t\t\t\n\t<p>Bajo el lema <strong>\u00abDriving4Sustainability\u00bb<\/strong> agrupamos todas nuestras actividades. Hemos integrado firmemente la sostenibilidad en nuestra estrategia empresarial global, que constituye el marco para <strong>cuatro iniciativas centrales<\/strong> que caracterizan nuestras acciones:<\/p>\n\t<p><strong><img loading=\"lazy\" decoding=\"async\" src=\"https:\/\/www.acps-automotive.com\/wp-content\/uploads\/_media\/_allgemein\/icon-mitarbeiter.png\" alt=\"Icon Mitarbeiter\" width=\"115\" height=\"115\" \/><\/strong><\/p>\n<strong>Colaboradores<br \/>\n<\/strong>Vivir la confianza, la diversidad y el desarrollo\n\t<p><strong><img loading=\"lazy\" decoding=\"async\" src=\"https:\/\/www.acps-automotive.com\/wp-content\/uploads\/_media\/_allgemein\/icon-umwelt.png\" alt=\"Icon Umwelt\" width=\"115\" height=\"115\" \/><\/strong><\/p>\n<strong>Medio ambiente y huella ecol\u00f3gica<br \/>\n<\/strong>Gestionar los recursos y la energ\u00eda de forma consciente\n\t<p><strong><img loading=\"lazy\" decoding=\"async\" src=\"https:\/\/www.acps-automotive.com\/wp-content\/uploads\/_media\/_allgemein\/icon-lieferkette.png\" alt=\"Icon Lieferkette\" width=\"115\" height=\"115\" \/><\/strong><\/p>\n<strong>Productos y cadena de suministro<br \/>\n<\/strong>Impulsar activamente la innovaci\u00f3n y la responsabilidad\n\t<p><strong><img loading=\"lazy\" decoding=\"async\" src=\"https:\/\/www.acps-automotive.com\/wp-content\/uploads\/_media\/_allgemein\/icon-engagement.png\" alt=\"Icon Engagement\" width=\"115\" height=\"115\" \/><\/strong><\/p>\n<strong>Compromiso social<br \/>\n<\/strong>Contribuir y avanzar juntos\n\t<p>As\u00ed es como dise\u00f1amos el futuro de la movilidad: de forma innovadora, responsable y con un claro enfoque en la sostenibilidad.<\/p>\n\t<h4><strong>Colaboradores<\/strong><br \/>\nVivir la confianza, la diversidad y el desarrollo<\/h4>\nNuestros colaboradores son nuestro activo m\u00e1s valioso, por lo que apostamos por promover la <b>conciliaci\u00f3n de la vida laboral y familiar<\/b>, la protecci\u00f3n y la salud, as\u00ed como una amplia oferta de <b>desarrollo personal<\/b> y profesional mediante cursos de formaci\u00f3n y cualificaci\u00f3n espec\u00edficos.<br \/>\nLas <b>actividades regulares para los colaboradores<\/b> refuerzan el esp\u00edritu de equipo y nuestra convivencia.<br \/>\nLa integridad de nuestros empleados es para nosotros un requisito b\u00e1sico para todas nuestras acciones. Por eso trabajamos continuamente para garantizar y mejorar de forma constante la <b>protecci\u00f3n de la salud y la seguridad<\/b> en todas las \u00e1reas de trabajo.<br \/>\nDesde 2024, nuestro enfoque sist\u00e9mico est\u00e1 certificado a nivel de grupo por una certificaci\u00f3n independiente seg\u00fan la norma <b>DIN EN ISO 45001<\/b>.\n<p>Nuestra actividad empresarial y el trato respetuoso entre nosotros son de suma importancia para nosotros. Estos principios est\u00e1n firmemente arraigados en el <b>C\u00f3digo de Conducta de ACPS<\/b>, que gu\u00eda nuestras acciones diarias. Se basa en las normas internacionales de la Organizaci\u00f3n Internacional del Trabajo (OIT) y en el C\u00f3digo de Conducta de la Alianza Empresarial Responsable (RBA).<\/p>\n\t<h4><strong>Medio ambiente y huella ecol\u00f3gica<\/strong><br \/>\nGestionar los recursos y la energ\u00eda de forma consciente<\/h4>\nNuestro objetivo claro es alcanzar la neutralidad clim\u00e1tica a m\u00e1s tardar en <b>2040<\/b>. Ya hemos alcanzado un hito importante en este camino: a partir de 2026, todas las plantas de producci\u00f3n funcionar\u00e1n con <b>electricidad 100 % renovable<\/b>.<br \/>\nAdem\u00e1s de la transici\u00f3n a fuentes de energ\u00eda renovables, la <strong>reducci\u00f3n de nuestro consumo energ\u00e9tico<\/strong> es una de nuestras principales tareas. Por ello, la planta de Kecskem\u00e9t cuenta con la certificaci\u00f3n <strong>DIN EN ISO 50001<\/strong> desde 2017. Las plantas alemanas se encuentran actualmente en proceso de certificaci\u00f3n.<br \/>\nAdem\u00e1s de nuestras certificaciones, contamos con una excelente <b>calificaci\u00f3n B <\/b>en la plataforma SUPPLIERASSURANCE (NQC Ltd) y participamos en la evaluaci\u00f3n de sostenibilidad realizada por EcoVadis (EcoVadis SAS).\nDamos especial importancia a sensibilizar a nuestros empleados sobre <b>el comportamiento respetuoso con el medio ambiente<\/b>, especialmente en lo que se refiere a la <b>reducci\u00f3n de las emisiones de CO<sub>2<\/sub>e<\/b> en el trabajo diario.<br \/>\nAdem\u00e1s, se est\u00e1n aplicando diversas medidas para promover y <b>aumentar la biodiversidad<\/b>, con el fin de garantizar un uso sostenible y responsable de los recursos naturales.<br \/>\nDesde 2013, nuestro sistema de gesti\u00f3n medioambiental cuenta con la certificaci\u00f3n <b>DIN EN ISO 14001<\/b> y es parte integrante de nuestras actividades.\n\t<h4><strong>Productos y cadena de suministro<br \/>\n<\/strong>Impulsar activamente la innovaci\u00f3n y la responsabilidad<\/h4>\nAsumimos la responsabilidad de lograr una cadena de suministro m\u00e1s sostenible y dise\u00f1amos nuestra <b>colaboraci\u00f3n con los proveedores<\/b> de acuerdo con nuestra estrategia de sostenibilidad. Para ello, introducimos <b>normas de sostenibilidad vinculantes<\/b> (SUPPLIERASSURANCE: SAQ) en la cadena de suministro, tenemos en cuenta criterios de sostenibilidad seleccionados a la hora de elegir a los proveedores e introducimos evaluaciones.<br \/>\nLas relaciones de colaboraci\u00f3n a largo plazo, un <b>c\u00f3digo de conducta<\/b> claro y el desarrollo sistem\u00e1tico de los proveedores constituyen la base de este enfoque.\n<p>Mediante un uso responsable de los recursos naturales, nuestro objetivo es reducir el consumo de materiales y agua en todos los procesos de producci\u00f3n mediante procedimientos eficientes, as\u00ed como garantizar la reutilizaci\u00f3n y el reciclaje. En general, trabajamos de manera sistem\u00e1tica para crear una <b>cadena de suministro m\u00e1s sostenible<\/b>.<\/p>\n\t<h4><strong>Compromiso social<br \/>\n<\/strong>Contribuir y avanzar juntos<\/h4>\n<p>Como fabricante global para la industria automotriz, somos conscientes de nuestra <b>responsabilidad<\/b>, tanto en nuestro entorno directo como a nivel social. Nos enfocamos en una <b>colaboraci\u00f3n a largo plazo<\/b> con escuelas, asociaciones y organizaciones locales de la regi\u00f3n para generar un impulso positivo y sostenible.<\/p>\nContribuimos de manera significativa a trav\u00e9s de nuestros <b>proyectos de apoyo anuales<\/b>. Nuestros empleados participan activamente en el proceso y tienen la oportunidad de presentar <b>sus propias propuestas de proyectos<\/b> de su entorno.<br \/>\nAdem\u00e1s, fomentamos el <b>voluntariado<\/b> de nuestros empleados, fortaleciendo as\u00ed tanto la <b>comunidad regional<\/b> como la <b>cohesi\u00f3n social<\/b> en la empresa a nivel mundial.\n\t<p><strong>Aqu\u00ed encontrar\u00e1 m\u00e1s documentos:<\/strong><\/p>\n<p>&nbsp;<\/p>\n\t<a href=\"https:\/\/www.acps-automotive.com\/es\/mediateca\/documentos-normativos\/\" target=\"_blank\" rel=\"noopener\">Pol\u00edtica empresarial &amp;<br \/>\ndeclaraci\u00f3n de principios<br \/>\n<\/a>\n\t<a href=\"https:\/\/www.acps-automotive.com\/es\/mediateca\/resumenes-breves\/\" target=\"_blank\" rel=\"noopener\">Informe de sostenibilidad<br \/>\nResumen<\/a>\n\t<a href=\"\/wp-content\/uploads\/_media\/lieferanten\/Conflict-Minerals-Policy-DE.pdf\" target=\"_blank\" rel=\"noopener\">Minerales de conflicto<br \/>\nDirectiva<\/a>\n\t<a href=\"\/wp-content\/uploads\/_media\/lieferanten\/Supplier-Code-of-Conduct.pdf\" target=\"_blank\" rel=\"noopener\">C\u00f3digo<br \/>\nde conducta para proveedores<\/a>\n\t<h2>\u00bfTiene alguna pregunta?<br \/>\n<strong>Le asesoramos<\/strong><\/h2>\n<p>Para cualquier cuesti\u00f3n relacionada con la sostenibilidad, puede ponerse en contacto con nuestro equipo de sostenibilidad.<\/p>\nCorreo electr\u00f3nico: <a href=\"&#x6d;&#x61;&#x69;&#x6c;&#x74;&#111;&#58;&#115;&#117;sta&#x69;&#x6e;&#x61;&#x62;&#x69;&#x6c;&#105;&#116;&#121;&#64;ac&#x70;&#x73;&#x2d;&#x61;&#x75;&#x74;&#111;&#109;&#111;&#116;ive&#x2e;&#x63;&#x6f;&#x6d;\">&#115;&#x75;&#115;&#x74;&#97;&#x69;n&#x61;b&#x69;l&#105;&#x74;&#121;&#x40;&#97;&#x63;&#112;&#x73;-&#x61;u&#x74;o&#109;&#x6f;&#116;&#x69;&#118;&#x65;&#46;&#x63;o&#x6d;<\/a>\n\n<\/div><!-- .vgblk-rw-wrapper -->","protected":false},"excerpt":{"rendered":"<p>Sostenibilidad en ACPS Automotive Asumir responsabilidad. Dise\u00f1ar el futuro. Para ACPS Automotive, la sostenibilidad es mucho m\u00e1s que una tendencia: es una parte integral de nuestra cultura corporativa e influye en nuestras acciones diarias. Como l\u00edderes del mercado y la tecnolog\u00eda en el sector de los sistemas de remolques, desarrollamos, producimos y comercializamos soluciones que&#8230;<\/p>\n","protected":false},"author":8,"featured_media":0,"parent":27139,"menu_order":8,"comment_status":"closed","ping_status":"closed","template":"","meta":{"inline_featured_image":false,"_price":"","_stock":"","_tribe_ticket_header":"","_tribe_default_ticket_provider":"","_tribe_ticket_capacity":"0","_ticket_start_date":"","_ticket_end_date":"","_tribe_ticket_show_description":"","_tribe_ticket_show_not_going":false,"_tribe_ticket_use_global_stock":"","_tribe_ticket_global_stock_level":"","_global_stock_mode":"","_global_stock_cap":"","_tribe_rsvp_for_event":"","_tribe_ticket_going_count":"","_tribe_ticket_not_going_count":"","_tribe_tickets_list":"[]","_tribe_ticket_has_attendee_info_fields":false,"footnotes":""},"class_list":["post-28013","page","type-page","status-publish","hentry"],"yoast_head":"<!-- This site is optimized with the Yoast SEO plugin v27.2 - https:\/\/yoast.com\/product\/yoast-seo-wordpress\/ -->\n<title>Sostenibilidad | ACPS Automotive<\/title>\n<meta name=\"description\" content=\"Para nosotros, actuar de forma social y respetuosa con el medio ambiente es una prioridad. \u25baCompruebe usted mismo nuestra responsabilidad social corporativa.\" \/>\n<meta name=\"robots\" content=\"index, follow, max-snippet:-1, max-image-preview:large, max-video-preview:-1\" \/>\n<link rel=\"canonical\" href=\"https:\/\/www.acps-automotive.com\/es\/empresa\/sostenibilidad\/\" \/>\n<meta property=\"og:locale\" content=\"es_ES\" \/>\n<meta property=\"og:type\" content=\"article\" \/>\n<meta property=\"og:title\" content=\"Sostenibilidad | ACPS Automotive\" \/>\n<meta property=\"og:description\" content=\"Para nosotros, actuar de forma social y respetuosa con el medio ambiente es una prioridad. \u25baCompruebe usted mismo nuestra responsabilidad social corporativa.\" \/>\n<meta property=\"og:url\" content=\"https:\/\/www.acps-automotive.com\/es\/empresa\/sostenibilidad\/\" \/>\n<meta property=\"og:site_name\" content=\"ACPS Automotive GmbH\" \/>\n<meta property=\"article:modified_time\" content=\"2026-03-06T07:36:00+00:00\" \/>\n<meta property=\"og:image\" content=\"https:\/\/www.acps-automotive.com\/wp-content\/uploads\/_media\/_allgemein\/pfeil-text-einleitung.png\" \/>\n<meta name=\"twitter:card\" content=\"summary_large_image\" \/>\n<meta name=\"twitter:site\" content=\"@ACPS_Automotive\" \/>\n<meta name=\"twitter:label1\" content=\"Tiempo de lectura\" \/>\n\t<meta name=\"twitter:data1\" content=\"7 minutos\" \/>\n<script type=\"application\/ld+json\" class=\"yoast-schema-graph\">{\"@context\":\"https:\/\/schema.org\",\"@graph\":[{\"@type\":\"WebPage\",\"@id\":\"https:\/\/www.acps-automotive.com\/es\/empresa\/sostenibilidad\/\",\"url\":\"https:\/\/www.acps-automotive.com\/es\/empresa\/sostenibilidad\/\",\"name\":\"Sostenibilidad | ACPS Automotive\",\"isPartOf\":{\"@id\":\"https:\/\/www.acps-automotive.com\/es\/#website\"},\"primaryImageOfPage\":{\"@id\":\"https:\/\/www.acps-automotive.com\/es\/empresa\/sostenibilidad\/#primaryimage\"},\"image\":{\"@id\":\"https:\/\/www.acps-automotive.com\/es\/empresa\/sostenibilidad\/#primaryimage\"},\"thumbnailUrl\":\"https:\/\/www.acps-automotive.com\/wp-content\/uploads\/_media\/_allgemein\/pfeil-text-einleitung.png\",\"datePublished\":\"2026-01-28T10:21:14+00:00\",\"dateModified\":\"2026-03-06T07:36:00+00:00\",\"description\":\"Para nosotros, actuar de forma social y respetuosa con el medio ambiente es una prioridad. \u25baCompruebe usted mismo nuestra responsabilidad social corporativa.\",\"breadcrumb\":{\"@id\":\"https:\/\/www.acps-automotive.com\/es\/empresa\/sostenibilidad\/#breadcrumb\"},\"inLanguage\":\"es\",\"potentialAction\":[{\"@type\":\"ReadAction\",\"target\":[\"https:\/\/www.acps-automotive.com\/es\/empresa\/sostenibilidad\/\"]}]},{\"@type\":\"ImageObject\",\"inLanguage\":\"es\",\"@id\":\"https:\/\/www.acps-automotive.com\/es\/empresa\/sostenibilidad\/#primaryimage\",\"url\":\"https:\/\/www.acps-automotive.com\/wp-content\/uploads\/_media\/_allgemein\/pfeil-text-einleitung.png\",\"contentUrl\":\"https:\/\/www.acps-automotive.com\/wp-content\/uploads\/_media\/_allgemein\/pfeil-text-einleitung.png\"},{\"@type\":\"BreadcrumbList\",\"@id\":\"https:\/\/www.acps-automotive.com\/es\/empresa\/sostenibilidad\/#breadcrumb\",\"itemListElement\":[{\"@type\":\"ListItem\",\"position\":1,\"name\":\"Startseite\",\"item\":\"https:\/\/www.acps-automotive.com\/es\/\"},{\"@type\":\"ListItem\",\"position\":2,\"name\":\"Empresa\",\"item\":\"https:\/\/www.acps-automotive.com\/es\/empresa\/\"},{\"@type\":\"ListItem\",\"position\":3,\"name\":\"Sostenibilidad\"}]},{\"@type\":\"WebSite\",\"@id\":\"https:\/\/www.acps-automotive.com\/es\/#website\",\"url\":\"https:\/\/www.acps-automotive.com\/es\/\",\"name\":\"ACPS Automotive GmbH\",\"description\":\"Innovative Anh\u00e4ngekupplungen\",\"publisher\":{\"@id\":\"https:\/\/www.acps-automotive.com\/es\/#organization\"},\"potentialAction\":[{\"@type\":\"SearchAction\",\"target\":{\"@type\":\"EntryPoint\",\"urlTemplate\":\"https:\/\/www.acps-automotive.com\/es\/?s={search_term_string}\"},\"query-input\":{\"@type\":\"PropertyValueSpecification\",\"valueRequired\":true,\"valueName\":\"search_term_string\"}}],\"inLanguage\":\"es\"},{\"@type\":\"Organization\",\"@id\":\"https:\/\/www.acps-automotive.com\/es\/#organization\",\"name\":\"ACPS Automotive GmbH\",\"url\":\"https:\/\/www.acps-automotive.com\/es\/\",\"logo\":{\"@type\":\"ImageObject\",\"inLanguage\":\"es\",\"@id\":\"https:\/\/www.acps-automotive.com\/es\/#\/schema\/logo\/image\/\",\"url\":\"https:\/\/www.acps-automotive.com\/wp-content\/uploads\/_media\/_allgemein\/Logo-Footer-ACPS-Automotive.png\",\"contentUrl\":\"https:\/\/www.acps-automotive.com\/wp-content\/uploads\/_media\/_allgemein\/Logo-Footer-ACPS-Automotive.png\",\"width\":239,\"height\":32,\"caption\":\"ACPS Automotive GmbH\"},\"image\":{\"@id\":\"https:\/\/www.acps-automotive.com\/es\/#\/schema\/logo\/image\/\"},\"sameAs\":[\"https:\/\/x.com\/ACPS_Automotive\",\"https:\/\/www.linkedin.com\/company\/acps-automotive-gmbh\/\",\"https:\/\/www.instagram.com\/acps_ausbildung\/\",\"https:\/\/www.youtube.com\/channel\/UC2jxrgWwpxpkay2aHWV5SaQ\"]}]}<\/script>\n<!-- \/ Yoast SEO plugin. -->","yoast_head_json":{"title":"Sostenibilidad | ACPS Automotive","description":"Para nosotros, actuar de forma social y respetuosa con el medio ambiente es una prioridad. \u25baCompruebe usted mismo nuestra responsabilidad social corporativa.","robots":{"index":"index","follow":"follow","max-snippet":"max-snippet:-1","max-image-preview":"max-image-preview:large","max-video-preview":"max-video-preview:-1"},"canonical":"https:\/\/www.acps-automotive.com\/es\/empresa\/sostenibilidad\/","og_locale":"es_ES","og_type":"article","og_title":"Sostenibilidad | ACPS Automotive","og_description":"Para nosotros, actuar de forma social y respetuosa con el medio ambiente es una prioridad. \u25baCompruebe usted mismo nuestra responsabilidad social corporativa.","og_url":"https:\/\/www.acps-automotive.com\/es\/empresa\/sostenibilidad\/","og_site_name":"ACPS Automotive GmbH","article_modified_time":"2026-03-06T07:36:00+00:00","og_image":[{"url":"https:\/\/www.acps-automotive.com\/wp-content\/uploads\/_media\/_allgemein\/pfeil-text-einleitung.png","type":"","width":"","height":""}],"twitter_card":"summary_large_image","twitter_site":"@ACPS_Automotive","twitter_misc":{"Tiempo de lectura":"7 minutos"},"schema":{"@context":"https:\/\/schema.org","@graph":[{"@type":"WebPage","@id":"https:\/\/www.acps-automotive.com\/es\/empresa\/sostenibilidad\/","url":"https:\/\/www.acps-automotive.com\/es\/empresa\/sostenibilidad\/","name":"Sostenibilidad | ACPS Automotive","isPartOf":{"@id":"https:\/\/www.acps-automotive.com\/es\/#website"},"primaryImageOfPage":{"@id":"https:\/\/www.acps-automotive.com\/es\/empresa\/sostenibilidad\/#primaryimage"},"image":{"@id":"https:\/\/www.acps-automotive.com\/es\/empresa\/sostenibilidad\/#primaryimage"},"thumbnailUrl":"https:\/\/www.acps-automotive.com\/wp-content\/uploads\/_media\/_allgemein\/pfeil-text-einleitung.png","datePublished":"2026-01-28T10:21:14+00:00","dateModified":"2026-03-06T07:36:00+00:00","description":"Para nosotros, actuar de forma social y respetuosa con el medio ambiente es una prioridad. \u25baCompruebe usted mismo nuestra responsabilidad social corporativa.","breadcrumb":{"@id":"https:\/\/www.acps-automotive.com\/es\/empresa\/sostenibilidad\/#breadcrumb"},"inLanguage":"es","potentialAction":[{"@type":"ReadAction","target":["https:\/\/www.acps-automotive.com\/es\/empresa\/sostenibilidad\/"]}]},{"@type":"ImageObject","inLanguage":"es","@id":"https:\/\/www.acps-automotive.com\/es\/empresa\/sostenibilidad\/#primaryimage","url":"https:\/\/www.acps-automotive.com\/wp-content\/uploads\/_media\/_allgemein\/pfeil-text-einleitung.png","contentUrl":"https:\/\/www.acps-automotive.com\/wp-content\/uploads\/_media\/_allgemein\/pfeil-text-einleitung.png"},{"@type":"BreadcrumbList","@id":"https:\/\/www.acps-automotive.com\/es\/empresa\/sostenibilidad\/#breadcrumb","itemListElement":[{"@type":"ListItem","position":1,"name":"Startseite","item":"https:\/\/www.acps-automotive.com\/es\/"},{"@type":"ListItem","position":2,"name":"Empresa","item":"https:\/\/www.acps-automotive.com\/es\/empresa\/"},{"@type":"ListItem","position":3,"name":"Sostenibilidad"}]},{"@type":"WebSite","@id":"https:\/\/www.acps-automotive.com\/es\/#website","url":"https:\/\/www.acps-automotive.com\/es\/","name":"ACPS Automotive GmbH","description":"Innovative Anh\u00e4ngekupplungen","publisher":{"@id":"https:\/\/www.acps-automotive.com\/es\/#organization"},"potentialAction":[{"@type":"SearchAction","target":{"@type":"EntryPoint","urlTemplate":"https:\/\/www.acps-automotive.com\/es\/?s={search_term_string}"},"query-input":{"@type":"PropertyValueSpecification","valueRequired":true,"valueName":"search_term_string"}}],"inLanguage":"es"},{"@type":"Organization","@id":"https:\/\/www.acps-automotive.com\/es\/#organization","name":"ACPS Automotive GmbH","url":"https:\/\/www.acps-automotive.com\/es\/","logo":{"@type":"ImageObject","inLanguage":"es","@id":"https:\/\/www.acps-automotive.com\/es\/#\/schema\/logo\/image\/","url":"https:\/\/www.acps-automotive.com\/wp-content\/uploads\/_media\/_allgemein\/Logo-Footer-ACPS-Automotive.png","contentUrl":"https:\/\/www.acps-automotive.com\/wp-content\/uploads\/_media\/_allgemein\/Logo-Footer-ACPS-Automotive.png","width":239,"height":32,"caption":"ACPS Automotive GmbH"},"image":{"@id":"https:\/\/www.acps-automotive.com\/es\/#\/schema\/logo\/image\/"},"sameAs":["https:\/\/x.com\/ACPS_Automotive","https:\/\/www.linkedin.com\/company\/acps-automotive-gmbh\/","https:\/\/www.instagram.com\/acps_ausbildung\/","https:\/\/www.youtube.com\/channel\/UC2jxrgWwpxpkay2aHWV5SaQ"]}]}},"_links":{"self":[{"href":"https:\/\/www.acps-automotive.com\/es\/wp-json\/wp\/v2\/pages\/28013","targetHints":{"allow":["GET"]}}],"collection":[{"href":"https:\/\/www.acps-automotive.com\/es\/wp-json\/wp\/v2\/pages"}],"about":[{"href":"https:\/\/www.acps-automotive.com\/es\/wp-json\/wp\/v2\/types\/page"}],"author":[{"embeddable":true,"href":"https:\/\/www.acps-automotive.com\/es\/wp-json\/wp\/v2\/users\/8"}],"replies":[{"embeddable":true,"href":"https:\/\/www.acps-automotive.com\/es\/wp-json\/wp\/v2\/comments?post=28013"}],"version-history":[{"count":6,"href":"https:\/\/www.acps-automotive.com\/es\/wp-json\/wp\/v2\/pages\/28013\/revisions"}],"predecessor-version":[{"id":28808,"href":"https:\/\/www.acps-automotive.com\/es\/wp-json\/wp\/v2\/pages\/28013\/revisions\/28808"}],"up":[{"embeddable":true,"href":"https:\/\/www.acps-automotive.com\/es\/wp-json\/wp\/v2\/pages\/27139"}],"wp:attachment":[{"href":"https:\/\/www.acps-automotive.com\/es\/wp-json\/wp\/v2\/media?parent=28013"}],"curies":[{"name":"wp","href":"https:\/\/api.w.org\/{rel}","templated":true}]}}