{"id":27391,"date":"2025-12-19T16:41:34","date_gmt":"2025-12-19T15:41:34","guid":{"rendered":"https:\/\/www.acps-automotive.com\/?page_id=27391"},"modified":"2026-03-09T12:02:34","modified_gmt":"2026-03-09T11:02:34","slug":"solicitar-una-placa-de-identificacion","status":"publish","type":"page","link":"https:\/\/www.acps-automotive.com\/es\/servicio\/solicitar-una-placa-de-identificacion\/","title":{"rendered":"Solicitar una placa de identificaci\u00f3n"},"content":{"rendered":"<div class=\"vgblk-rw-wrapper limit-wrapper\">\n\n\t<h1><strong>Solicitar<\/strong><br \/>\nuna placa de identificaci\u00f3n<\/h1>\n\t<img loading=\"lazy\" decoding=\"async\" src=\"https:\/\/www.acps-automotive.com\/wp-content\/uploads\/_media\/_allgemein\/pfeil-text-einleitung.png\" alt=\"Pfeil Text Einleitung\" width=\"46\" height=\"69\" \/><br \/>\nSolicite aqu\u00ed una placa de sustituci\u00f3n para su enganche para remolque ACPS Automotive.\n\t<p>Tenga en cuenta que una directiva emitida por la Autoridad Federal Alemana de Transporte Motorizado (KBA) proh\u00edbe el env\u00edo directo de placas de identificaci\u00f3n a los propietarios de veh\u00edculos. Estaremos encantados de enviarle una placa de identificaci\u00f3n si nos proporciona una declaraci\u00f3n jurada de un taller de reparaci\u00f3n de autom\u00f3viles que incluya informaci\u00f3n que permita la identificaci\u00f3n precisa del enganche de remolque junto con los dem\u00e1s datos solicitados.<\/p>\nPara facilitarle este proceso, hemos preparado una declaraci\u00f3n para su taller de reparaci\u00f3n de veh\u00edculos. Rellene el formulario y env\u00edelo a:<a href=\"&#x6d;&#97;i&#x6c;&#116;o&#x3a;&#105;n&#x66;&#111;&#64;&#x61;&#99;p&#x73;&#45;a&#x75;&#116;o&#x6d;&#111;t&#x69;&#118;e&#x2e;&#99;o&#x6d;\">&#x69;&#x6e;&#102;o&#64;&#x61;&#x63;&#112;&#115;-&#x61;&#x75;&#116;&#111;m&#x6f;&#x74;&#x69;&#118;e&#46;&#x63;&#x6f;&#109;<\/a><br \/>\n\n<p>Tan pronto como recibamos el formulario cumplimentado con una firma legalmente vinculante, le enviaremos nuestra factura por correo electr\u00f3nico. La placa de identificaci\u00f3n se enviar\u00e1 a su taller de reparaci\u00f3n de veh\u00edculos una vez que hayamos recibido el pago en nuestra cuenta.<\/p>\n<p>El cargo por tramitaci\u00f3n de este servicio es de 18,10 \u20ac y solo est\u00e1 disponible previo pago.<\/p>\n\t<p><a href=\"\/wp-content\/uploads\/_media\/service\/typenschildbestellung\/ordering-type-plate-EN.pdf\" target=\"_blank\" rel=\"noopener\">Formulario de pedido de placas de identificaci\u00f3n<\/a><\/p>\n\n<\/div><!-- .vgblk-rw-wrapper -->","protected":false},"excerpt":{"rendered":"<p>Solicitar una placa de identificaci\u00f3n Solicite aqu\u00ed una placa de sustituci\u00f3n para su enganche para remolque ACPS Automotive. Tenga en cuenta que una directiva emitida por la Autoridad Federal Alemana de Transporte Motorizado (KBA) proh\u00edbe el env\u00edo directo de placas de identificaci\u00f3n a los propietarios de veh\u00edculos. Estaremos encantados de enviarle una placa de identificaci\u00f3n&#8230;<\/p>\n","protected":false},"author":8,"featured_media":0,"parent":28078,"menu_order":3,"comment_status":"closed","ping_status":"closed","template":"","meta":{"inline_featured_image":false,"_price":"","_stock":"","_tribe_ticket_header":"","_tribe_default_ticket_provider":"","_tribe_ticket_capacity":"0","_ticket_start_date":"","_ticket_end_date":"","_tribe_ticket_show_description":"","_tribe_ticket_show_not_going":false,"_tribe_ticket_use_global_stock":"","_tribe_ticket_global_stock_level":"","_global_stock_mode":"","_global_stock_cap":"","_tribe_rsvp_for_event":"","_tribe_ticket_going_count":"","_tribe_ticket_not_going_count":"","_tribe_tickets_list":"[]","_tribe_ticket_has_attendee_info_fields":false,"footnotes":""},"class_list":["post-27391","page","type-page","status-publish","hentry"],"yoast_head":"<!-- This site is optimized with the Yoast SEO plugin v27.2 - https:\/\/yoast.com\/product\/yoast-seo-wordpress\/ -->\n<title>Solicitar una placa de identificaci\u00f3n - ACPS Automotive GmbH<\/title>\n<meta name=\"description\" content=\"We develop and manufacture innovative and safe towing and carrier systems for original equipment automotive manufacturers under the ORIS brand.\" \/>\n<meta name=\"robots\" content=\"index, follow, max-snippet:-1, max-image-preview:large, max-video-preview:-1\" \/>\n<link rel=\"canonical\" href=\"https:\/\/www.acps-automotive.com\/es\/servicio\/solicitar-una-placa-de-identificacion\/\" \/>\n<meta property=\"og:locale\" content=\"es_ES\" \/>\n<meta property=\"og:type\" content=\"article\" \/>\n<meta property=\"og:title\" content=\"Solicitar una placa de identificaci\u00f3n - ACPS Automotive GmbH\" \/>\n<meta property=\"og:description\" content=\"We develop and manufacture innovative and safe towing and carrier systems for original equipment automotive manufacturers under the ORIS brand.\" \/>\n<meta property=\"og:url\" content=\"https:\/\/www.acps-automotive.com\/es\/servicio\/solicitar-una-placa-de-identificacion\/\" \/>\n<meta property=\"og:site_name\" content=\"ACPS Automotive GmbH\" \/>\n<meta property=\"article:modified_time\" content=\"2026-03-09T11:02:34+00:00\" \/>\n<meta property=\"og:image\" content=\"https:\/\/www.acps-automotive.com\/wp-content\/uploads\/_media\/_allgemein\/pfeil-text-einleitung.png\" \/>\n<meta name=\"twitter:card\" content=\"summary_large_image\" \/>\n<meta name=\"twitter:site\" content=\"@ACPS_Automotive\" \/>\n<meta name=\"twitter:label1\" content=\"Tiempo de lectura\" \/>\n\t<meta name=\"twitter:data1\" content=\"1 minuto\" \/>\n<script type=\"application\/ld+json\" class=\"yoast-schema-graph\">{\"@context\":\"https:\/\/schema.org\",\"@graph\":[{\"@type\":\"WebPage\",\"@id\":\"https:\/\/www.acps-automotive.com\/es\/servicio\/solicitar-una-placa-de-identificacion\/\",\"url\":\"https:\/\/www.acps-automotive.com\/es\/servicio\/solicitar-una-placa-de-identificacion\/\",\"name\":\"Solicitar una placa de identificaci\u00f3n - ACPS Automotive GmbH\",\"isPartOf\":{\"@id\":\"https:\/\/www.acps-automotive.com\/es\/#website\"},\"primaryImageOfPage\":{\"@id\":\"https:\/\/www.acps-automotive.com\/es\/servicio\/solicitar-una-placa-de-identificacion\/#primaryimage\"},\"image\":{\"@id\":\"https:\/\/www.acps-automotive.com\/es\/servicio\/solicitar-una-placa-de-identificacion\/#primaryimage\"},\"thumbnailUrl\":\"https:\/\/www.acps-automotive.com\/wp-content\/uploads\/_media\/_allgemein\/pfeil-text-einleitung.png\",\"datePublished\":\"2025-12-19T15:41:34+00:00\",\"dateModified\":\"2026-03-09T11:02:34+00:00\",\"description\":\"We develop and manufacture innovative and safe towing and carrier systems for original equipment automotive manufacturers under the ORIS brand.\",\"breadcrumb\":{\"@id\":\"https:\/\/www.acps-automotive.com\/es\/servicio\/solicitar-una-placa-de-identificacion\/#breadcrumb\"},\"inLanguage\":\"es\",\"potentialAction\":[{\"@type\":\"ReadAction\",\"target\":[\"https:\/\/www.acps-automotive.com\/es\/servicio\/solicitar-una-placa-de-identificacion\/\"]}]},{\"@type\":\"ImageObject\",\"inLanguage\":\"es\",\"@id\":\"https:\/\/www.acps-automotive.com\/es\/servicio\/solicitar-una-placa-de-identificacion\/#primaryimage\",\"url\":\"https:\/\/www.acps-automotive.com\/wp-content\/uploads\/_media\/_allgemein\/pfeil-text-einleitung.png\",\"contentUrl\":\"https:\/\/www.acps-automotive.com\/wp-content\/uploads\/_media\/_allgemein\/pfeil-text-einleitung.png\"},{\"@type\":\"BreadcrumbList\",\"@id\":\"https:\/\/www.acps-automotive.com\/es\/servicio\/solicitar-una-placa-de-identificacion\/#breadcrumb\",\"itemListElement\":[{\"@type\":\"ListItem\",\"position\":1,\"name\":\"Startseite\",\"item\":\"https:\/\/www.acps-automotive.com\/es\/\"},{\"@type\":\"ListItem\",\"position\":2,\"name\":\"Servicio\",\"item\":\"https:\/\/www.acps-automotive.com\/es\/service\/\"},{\"@type\":\"ListItem\",\"position\":3,\"name\":\"Solicitar una placa de identificaci\u00f3n\"}]},{\"@type\":\"WebSite\",\"@id\":\"https:\/\/www.acps-automotive.com\/es\/#website\",\"url\":\"https:\/\/www.acps-automotive.com\/es\/\",\"name\":\"ACPS Automotive GmbH\",\"description\":\"Innovative Anh\u00e4ngekupplungen\",\"publisher\":{\"@id\":\"https:\/\/www.acps-automotive.com\/es\/#organization\"},\"potentialAction\":[{\"@type\":\"SearchAction\",\"target\":{\"@type\":\"EntryPoint\",\"urlTemplate\":\"https:\/\/www.acps-automotive.com\/es\/?s={search_term_string}\"},\"query-input\":{\"@type\":\"PropertyValueSpecification\",\"valueRequired\":true,\"valueName\":\"search_term_string\"}}],\"inLanguage\":\"es\"},{\"@type\":\"Organization\",\"@id\":\"https:\/\/www.acps-automotive.com\/es\/#organization\",\"name\":\"ACPS Automotive GmbH\",\"url\":\"https:\/\/www.acps-automotive.com\/es\/\",\"logo\":{\"@type\":\"ImageObject\",\"inLanguage\":\"es\",\"@id\":\"https:\/\/www.acps-automotive.com\/es\/#\/schema\/logo\/image\/\",\"url\":\"https:\/\/www.acps-automotive.com\/wp-content\/uploads\/_media\/_allgemein\/Logo-Footer-ACPS-Automotive.png\",\"contentUrl\":\"https:\/\/www.acps-automotive.com\/wp-content\/uploads\/_media\/_allgemein\/Logo-Footer-ACPS-Automotive.png\",\"width\":239,\"height\":32,\"caption\":\"ACPS Automotive GmbH\"},\"image\":{\"@id\":\"https:\/\/www.acps-automotive.com\/es\/#\/schema\/logo\/image\/\"},\"sameAs\":[\"https:\/\/x.com\/ACPS_Automotive\",\"https:\/\/www.linkedin.com\/company\/acps-automotive-gmbh\/\",\"https:\/\/www.instagram.com\/acps_ausbildung\/\",\"https:\/\/www.youtube.com\/channel\/UC2jxrgWwpxpkay2aHWV5SaQ\"]}]}<\/script>\n<!-- \/ Yoast SEO plugin. -->","yoast_head_json":{"title":"Solicitar una placa de identificaci\u00f3n - ACPS Automotive GmbH","description":"We develop and manufacture innovative and safe towing and carrier systems for original equipment automotive manufacturers under the ORIS brand.","robots":{"index":"index","follow":"follow","max-snippet":"max-snippet:-1","max-image-preview":"max-image-preview:large","max-video-preview":"max-video-preview:-1"},"canonical":"https:\/\/www.acps-automotive.com\/es\/servicio\/solicitar-una-placa-de-identificacion\/","og_locale":"es_ES","og_type":"article","og_title":"Solicitar una placa de identificaci\u00f3n - ACPS Automotive GmbH","og_description":"We develop and manufacture innovative and safe towing and carrier systems for original equipment automotive manufacturers under the ORIS brand.","og_url":"https:\/\/www.acps-automotive.com\/es\/servicio\/solicitar-una-placa-de-identificacion\/","og_site_name":"ACPS Automotive GmbH","article_modified_time":"2026-03-09T11:02:34+00:00","og_image":[{"url":"https:\/\/www.acps-automotive.com\/wp-content\/uploads\/_media\/_allgemein\/pfeil-text-einleitung.png","type":"","width":"","height":""}],"twitter_card":"summary_large_image","twitter_site":"@ACPS_Automotive","twitter_misc":{"Tiempo de lectura":"1 minuto"},"schema":{"@context":"https:\/\/schema.org","@graph":[{"@type":"WebPage","@id":"https:\/\/www.acps-automotive.com\/es\/servicio\/solicitar-una-placa-de-identificacion\/","url":"https:\/\/www.acps-automotive.com\/es\/servicio\/solicitar-una-placa-de-identificacion\/","name":"Solicitar una placa de identificaci\u00f3n - ACPS Automotive GmbH","isPartOf":{"@id":"https:\/\/www.acps-automotive.com\/es\/#website"},"primaryImageOfPage":{"@id":"https:\/\/www.acps-automotive.com\/es\/servicio\/solicitar-una-placa-de-identificacion\/#primaryimage"},"image":{"@id":"https:\/\/www.acps-automotive.com\/es\/servicio\/solicitar-una-placa-de-identificacion\/#primaryimage"},"thumbnailUrl":"https:\/\/www.acps-automotive.com\/wp-content\/uploads\/_media\/_allgemein\/pfeil-text-einleitung.png","datePublished":"2025-12-19T15:41:34+00:00","dateModified":"2026-03-09T11:02:34+00:00","description":"We develop and manufacture innovative and safe towing and carrier systems for original equipment automotive manufacturers under the ORIS brand.","breadcrumb":{"@id":"https:\/\/www.acps-automotive.com\/es\/servicio\/solicitar-una-placa-de-identificacion\/#breadcrumb"},"inLanguage":"es","potentialAction":[{"@type":"ReadAction","target":["https:\/\/www.acps-automotive.com\/es\/servicio\/solicitar-una-placa-de-identificacion\/"]}]},{"@type":"ImageObject","inLanguage":"es","@id":"https:\/\/www.acps-automotive.com\/es\/servicio\/solicitar-una-placa-de-identificacion\/#primaryimage","url":"https:\/\/www.acps-automotive.com\/wp-content\/uploads\/_media\/_allgemein\/pfeil-text-einleitung.png","contentUrl":"https:\/\/www.acps-automotive.com\/wp-content\/uploads\/_media\/_allgemein\/pfeil-text-einleitung.png"},{"@type":"BreadcrumbList","@id":"https:\/\/www.acps-automotive.com\/es\/servicio\/solicitar-una-placa-de-identificacion\/#breadcrumb","itemListElement":[{"@type":"ListItem","position":1,"name":"Startseite","item":"https:\/\/www.acps-automotive.com\/es\/"},{"@type":"ListItem","position":2,"name":"Servicio","item":"https:\/\/www.acps-automotive.com\/es\/service\/"},{"@type":"ListItem","position":3,"name":"Solicitar una placa de identificaci\u00f3n"}]},{"@type":"WebSite","@id":"https:\/\/www.acps-automotive.com\/es\/#website","url":"https:\/\/www.acps-automotive.com\/es\/","name":"ACPS Automotive GmbH","description":"Innovative Anh\u00e4ngekupplungen","publisher":{"@id":"https:\/\/www.acps-automotive.com\/es\/#organization"},"potentialAction":[{"@type":"SearchAction","target":{"@type":"EntryPoint","urlTemplate":"https:\/\/www.acps-automotive.com\/es\/?s={search_term_string}"},"query-input":{"@type":"PropertyValueSpecification","valueRequired":true,"valueName":"search_term_string"}}],"inLanguage":"es"},{"@type":"Organization","@id":"https:\/\/www.acps-automotive.com\/es\/#organization","name":"ACPS Automotive GmbH","url":"https:\/\/www.acps-automotive.com\/es\/","logo":{"@type":"ImageObject","inLanguage":"es","@id":"https:\/\/www.acps-automotive.com\/es\/#\/schema\/logo\/image\/","url":"https:\/\/www.acps-automotive.com\/wp-content\/uploads\/_media\/_allgemein\/Logo-Footer-ACPS-Automotive.png","contentUrl":"https:\/\/www.acps-automotive.com\/wp-content\/uploads\/_media\/_allgemein\/Logo-Footer-ACPS-Automotive.png","width":239,"height":32,"caption":"ACPS Automotive GmbH"},"image":{"@id":"https:\/\/www.acps-automotive.com\/es\/#\/schema\/logo\/image\/"},"sameAs":["https:\/\/x.com\/ACPS_Automotive","https:\/\/www.linkedin.com\/company\/acps-automotive-gmbh\/","https:\/\/www.instagram.com\/acps_ausbildung\/","https:\/\/www.youtube.com\/channel\/UC2jxrgWwpxpkay2aHWV5SaQ"]}]}},"_links":{"self":[{"href":"https:\/\/www.acps-automotive.com\/es\/wp-json\/wp\/v2\/pages\/27391","targetHints":{"allow":["GET"]}}],"collection":[{"href":"https:\/\/www.acps-automotive.com\/es\/wp-json\/wp\/v2\/pages"}],"about":[{"href":"https:\/\/www.acps-automotive.com\/es\/wp-json\/wp\/v2\/types\/page"}],"author":[{"embeddable":true,"href":"https:\/\/www.acps-automotive.com\/es\/wp-json\/wp\/v2\/users\/8"}],"replies":[{"embeddable":true,"href":"https:\/\/www.acps-automotive.com\/es\/wp-json\/wp\/v2\/comments?post=27391"}],"version-history":[{"count":2,"href":"https:\/\/www.acps-automotive.com\/es\/wp-json\/wp\/v2\/pages\/27391\/revisions"}],"predecessor-version":[{"id":27394,"href":"https:\/\/www.acps-automotive.com\/es\/wp-json\/wp\/v2\/pages\/27391\/revisions\/27394"}],"up":[{"embeddable":true,"href":"https:\/\/www.acps-automotive.com\/es\/wp-json\/wp\/v2\/pages\/28078"}],"wp:attachment":[{"href":"https:\/\/www.acps-automotive.com\/es\/wp-json\/wp\/v2\/media?parent=27391"}],"curies":[{"name":"wp","href":"https:\/\/api.w.org\/{rel}","templated":true}]}}