{"id":27371,"date":"2025-12-19T16:35:38","date_gmt":"2025-12-19T15:35:38","guid":{"rendered":"https:\/\/www.acps-automotive.com\/?page_id=27371"},"modified":"2026-03-09T11:45:19","modified_gmt":"2026-03-09T10:45:19","slug":"solicitud-como-proveedor","status":"publish","type":"page","link":"https:\/\/www.acps-automotive.com\/es\/proveedores\/solicitud-como-proveedor\/","title":{"rendered":"Solicitud como proveedor"},"content":{"rendered":"<div class=\"vgblk-rw-wrapper limit-wrapper\">\n\n\t<h1><strong>Solicitud<\/strong><br \/>\nde proveedor<\/h1>\n\t<img loading=\"lazy\" decoding=\"async\" src=\"https:\/\/www.acps-automotive.com\/wp-content\/uploads\/_media\/_allgemein\/pfeil-text-einleitung.png\" alt=\"Pfeil Text Einleitung\" width=\"46\" height=\"69\" \/><br \/>\n\u00bfDesea convertirse en proveedor de ACPS Automotive? Para ello, le rogamos que se registre en nuestro portal de proveedores a trav\u00e9s del siguiente enlace. Aqu\u00ed podr\u00e1 enviarnos de forma r\u00e1pida y sin tr\u00e1mites burocr\u00e1ticos toda la informaci\u00f3n sobre sus servicios y su empresa. A continuaci\u00f3n, nuestros gerentes de productos examinar\u00e1n su solicitud y, tras una revisi\u00f3n satisfactoria, la incorporar\u00e1n a nuestra base de datos de proveedores; en caso necesario, le solicitaremos m\u00e1s informaci\u00f3n. Si es necesario, nos pondremos en contacto con usted directamente a trav\u00e9s de nuestro portal de proveedores.\n\t<strong>\u00a1Presente su candidatura como proveedor de ACPS Automotive!<\/strong><br \/>\nPara ello, utilice el acceso a nuestro portal de proveedores Jaggaer.\n\t<p>Como ayuda, puede descargar nuestro manual.<\/p>\n\t<p><a href=\"https:\/\/app11.jaggaer.com\/portals\/acps\/register#register\" target=\"_blank\" rel=\"noopener\">Portal Jaggaer<\/a><\/p>\n\t<p><a href=\"https:\/\/www.acps-automotive.com\/wp-content\/uploads\/_media\/lieferanten\/Manual%20Jaggaer_for%20Suppliers_EN.pdf\" target=\"_blank\" rel=\"noopener\">Manual<\/a><\/p>\n\n<\/div><!-- .vgblk-rw-wrapper -->","protected":false},"excerpt":{"rendered":"<p>Solicitud de proveedor \u00bfDesea convertirse en proveedor de ACPS Automotive? Para ello, le rogamos que se registre en nuestro portal de proveedores a trav\u00e9s del siguiente enlace. Aqu\u00ed podr\u00e1 enviarnos de forma r\u00e1pida y sin tr\u00e1mites burocr\u00e1ticos toda la informaci\u00f3n sobre sus servicios y su empresa. A continuaci\u00f3n, nuestros gerentes de productos examinar\u00e1n su solicitud&#8230;<\/p>\n","protected":false},"author":8,"featured_media":0,"parent":28075,"menu_order":3,"comment_status":"closed","ping_status":"closed","template":"","meta":{"inline_featured_image":false,"_price":"","_stock":"","_tribe_ticket_header":"","_tribe_default_ticket_provider":"","_tribe_ticket_capacity":"0","_ticket_start_date":"","_ticket_end_date":"","_tribe_ticket_show_description":"","_tribe_ticket_show_not_going":false,"_tribe_ticket_use_global_stock":"","_tribe_ticket_global_stock_level":"","_global_stock_mode":"","_global_stock_cap":"","_tribe_rsvp_for_event":"","_tribe_ticket_going_count":"","_tribe_ticket_not_going_count":"","_tribe_tickets_list":"[]","_tribe_ticket_has_attendee_info_fields":false,"footnotes":""},"class_list":["post-27371","page","type-page","status-publish","hentry"],"yoast_head":"<!-- This site is optimized with the Yoast SEO plugin v27.2 - https:\/\/yoast.com\/product\/yoast-seo-wordpress\/ -->\n<title>Solicitud como proveedor | ACPS Automotive<\/title>\n<meta name=\"description\" content=\"\u00bfDesea convertirse en proveedor de ACPS Automotive? \u25baAs\u00ed puede presentar su solicitud.\" \/>\n<meta name=\"robots\" content=\"index, follow, max-snippet:-1, max-image-preview:large, max-video-preview:-1\" \/>\n<link rel=\"canonical\" href=\"https:\/\/www.acps-automotive.com\/es\/proveedores\/solicitud-como-proveedor\/\" \/>\n<meta property=\"og:locale\" content=\"es_ES\" \/>\n<meta property=\"og:type\" content=\"article\" \/>\n<meta property=\"og:title\" content=\"Solicitud como proveedor | ACPS Automotive\" \/>\n<meta property=\"og:description\" content=\"\u00bfDesea convertirse en proveedor de ACPS Automotive? \u25baAs\u00ed puede presentar su solicitud.\" \/>\n<meta property=\"og:url\" content=\"https:\/\/www.acps-automotive.com\/es\/proveedores\/solicitud-como-proveedor\/\" \/>\n<meta property=\"og:site_name\" content=\"ACPS Automotive GmbH\" \/>\n<meta property=\"article:modified_time\" content=\"2026-03-09T10:45:19+00:00\" \/>\n<meta property=\"og:image\" content=\"https:\/\/www.acps-automotive.com\/wp-content\/uploads\/_media\/_allgemein\/pfeil-text-einleitung.png\" \/>\n<meta name=\"twitter:card\" content=\"summary_large_image\" \/>\n<meta name=\"twitter:site\" content=\"@ACPS_Automotive\" \/>\n<meta name=\"twitter:label1\" content=\"Tiempo de lectura\" \/>\n\t<meta name=\"twitter:data1\" content=\"1 minuto\" \/>\n<script type=\"application\/ld+json\" class=\"yoast-schema-graph\">{\"@context\":\"https:\/\/schema.org\",\"@graph\":[{\"@type\":\"WebPage\",\"@id\":\"https:\/\/www.acps-automotive.com\/es\/proveedores\/solicitud-como-proveedor\/\",\"url\":\"https:\/\/www.acps-automotive.com\/es\/proveedores\/solicitud-como-proveedor\/\",\"name\":\"Solicitud como proveedor | ACPS Automotive\",\"isPartOf\":{\"@id\":\"https:\/\/www.acps-automotive.com\/es\/#website\"},\"primaryImageOfPage\":{\"@id\":\"https:\/\/www.acps-automotive.com\/es\/proveedores\/solicitud-como-proveedor\/#primaryimage\"},\"image\":{\"@id\":\"https:\/\/www.acps-automotive.com\/es\/proveedores\/solicitud-como-proveedor\/#primaryimage\"},\"thumbnailUrl\":\"https:\/\/www.acps-automotive.com\/wp-content\/uploads\/_media\/_allgemein\/pfeil-text-einleitung.png\",\"datePublished\":\"2025-12-19T15:35:38+00:00\",\"dateModified\":\"2026-03-09T10:45:19+00:00\",\"description\":\"\u00bfDesea convertirse en proveedor de ACPS Automotive? \u25baAs\u00ed puede presentar su solicitud.\",\"breadcrumb\":{\"@id\":\"https:\/\/www.acps-automotive.com\/es\/proveedores\/solicitud-como-proveedor\/#breadcrumb\"},\"inLanguage\":\"es\",\"potentialAction\":[{\"@type\":\"ReadAction\",\"target\":[\"https:\/\/www.acps-automotive.com\/es\/proveedores\/solicitud-como-proveedor\/\"]}]},{\"@type\":\"ImageObject\",\"inLanguage\":\"es\",\"@id\":\"https:\/\/www.acps-automotive.com\/es\/proveedores\/solicitud-como-proveedor\/#primaryimage\",\"url\":\"https:\/\/www.acps-automotive.com\/wp-content\/uploads\/_media\/_allgemein\/pfeil-text-einleitung.png\",\"contentUrl\":\"https:\/\/www.acps-automotive.com\/wp-content\/uploads\/_media\/_allgemein\/pfeil-text-einleitung.png\"},{\"@type\":\"BreadcrumbList\",\"@id\":\"https:\/\/www.acps-automotive.com\/es\/proveedores\/solicitud-como-proveedor\/#breadcrumb\",\"itemListElement\":[{\"@type\":\"ListItem\",\"position\":1,\"name\":\"Startseite\",\"item\":\"https:\/\/www.acps-automotive.com\/es\/\"},{\"@type\":\"ListItem\",\"position\":2,\"name\":\"Proveedores\",\"item\":\"https:\/\/www.acps-automotive.com\/es\/lieferanten\/\"},{\"@type\":\"ListItem\",\"position\":3,\"name\":\"Solicitud como proveedor\"}]},{\"@type\":\"WebSite\",\"@id\":\"https:\/\/www.acps-automotive.com\/es\/#website\",\"url\":\"https:\/\/www.acps-automotive.com\/es\/\",\"name\":\"ACPS Automotive GmbH\",\"description\":\"Innovative Anh\u00e4ngekupplungen\",\"publisher\":{\"@id\":\"https:\/\/www.acps-automotive.com\/es\/#organization\"},\"potentialAction\":[{\"@type\":\"SearchAction\",\"target\":{\"@type\":\"EntryPoint\",\"urlTemplate\":\"https:\/\/www.acps-automotive.com\/es\/?s={search_term_string}\"},\"query-input\":{\"@type\":\"PropertyValueSpecification\",\"valueRequired\":true,\"valueName\":\"search_term_string\"}}],\"inLanguage\":\"es\"},{\"@type\":\"Organization\",\"@id\":\"https:\/\/www.acps-automotive.com\/es\/#organization\",\"name\":\"ACPS Automotive GmbH\",\"url\":\"https:\/\/www.acps-automotive.com\/es\/\",\"logo\":{\"@type\":\"ImageObject\",\"inLanguage\":\"es\",\"@id\":\"https:\/\/www.acps-automotive.com\/es\/#\/schema\/logo\/image\/\",\"url\":\"https:\/\/www.acps-automotive.com\/wp-content\/uploads\/_media\/_allgemein\/Logo-Footer-ACPS-Automotive.png\",\"contentUrl\":\"https:\/\/www.acps-automotive.com\/wp-content\/uploads\/_media\/_allgemein\/Logo-Footer-ACPS-Automotive.png\",\"width\":239,\"height\":32,\"caption\":\"ACPS Automotive GmbH\"},\"image\":{\"@id\":\"https:\/\/www.acps-automotive.com\/es\/#\/schema\/logo\/image\/\"},\"sameAs\":[\"https:\/\/x.com\/ACPS_Automotive\",\"https:\/\/www.linkedin.com\/company\/acps-automotive-gmbh\/\",\"https:\/\/www.instagram.com\/acps_ausbildung\/\",\"https:\/\/www.youtube.com\/channel\/UC2jxrgWwpxpkay2aHWV5SaQ\"]}]}<\/script>\n<!-- \/ Yoast SEO plugin. -->","yoast_head_json":{"title":"Solicitud como proveedor | ACPS Automotive","description":"\u00bfDesea convertirse en proveedor de ACPS Automotive? \u25baAs\u00ed puede presentar su solicitud.","robots":{"index":"index","follow":"follow","max-snippet":"max-snippet:-1","max-image-preview":"max-image-preview:large","max-video-preview":"max-video-preview:-1"},"canonical":"https:\/\/www.acps-automotive.com\/es\/proveedores\/solicitud-como-proveedor\/","og_locale":"es_ES","og_type":"article","og_title":"Solicitud como proveedor | ACPS Automotive","og_description":"\u00bfDesea convertirse en proveedor de ACPS Automotive? \u25baAs\u00ed puede presentar su solicitud.","og_url":"https:\/\/www.acps-automotive.com\/es\/proveedores\/solicitud-como-proveedor\/","og_site_name":"ACPS Automotive GmbH","article_modified_time":"2026-03-09T10:45:19+00:00","og_image":[{"url":"https:\/\/www.acps-automotive.com\/wp-content\/uploads\/_media\/_allgemein\/pfeil-text-einleitung.png","type":"","width":"","height":""}],"twitter_card":"summary_large_image","twitter_site":"@ACPS_Automotive","twitter_misc":{"Tiempo de lectura":"1 minuto"},"schema":{"@context":"https:\/\/schema.org","@graph":[{"@type":"WebPage","@id":"https:\/\/www.acps-automotive.com\/es\/proveedores\/solicitud-como-proveedor\/","url":"https:\/\/www.acps-automotive.com\/es\/proveedores\/solicitud-como-proveedor\/","name":"Solicitud como proveedor | ACPS Automotive","isPartOf":{"@id":"https:\/\/www.acps-automotive.com\/es\/#website"},"primaryImageOfPage":{"@id":"https:\/\/www.acps-automotive.com\/es\/proveedores\/solicitud-como-proveedor\/#primaryimage"},"image":{"@id":"https:\/\/www.acps-automotive.com\/es\/proveedores\/solicitud-como-proveedor\/#primaryimage"},"thumbnailUrl":"https:\/\/www.acps-automotive.com\/wp-content\/uploads\/_media\/_allgemein\/pfeil-text-einleitung.png","datePublished":"2025-12-19T15:35:38+00:00","dateModified":"2026-03-09T10:45:19+00:00","description":"\u00bfDesea convertirse en proveedor de ACPS Automotive? \u25baAs\u00ed puede presentar su solicitud.","breadcrumb":{"@id":"https:\/\/www.acps-automotive.com\/es\/proveedores\/solicitud-como-proveedor\/#breadcrumb"},"inLanguage":"es","potentialAction":[{"@type":"ReadAction","target":["https:\/\/www.acps-automotive.com\/es\/proveedores\/solicitud-como-proveedor\/"]}]},{"@type":"ImageObject","inLanguage":"es","@id":"https:\/\/www.acps-automotive.com\/es\/proveedores\/solicitud-como-proveedor\/#primaryimage","url":"https:\/\/www.acps-automotive.com\/wp-content\/uploads\/_media\/_allgemein\/pfeil-text-einleitung.png","contentUrl":"https:\/\/www.acps-automotive.com\/wp-content\/uploads\/_media\/_allgemein\/pfeil-text-einleitung.png"},{"@type":"BreadcrumbList","@id":"https:\/\/www.acps-automotive.com\/es\/proveedores\/solicitud-como-proveedor\/#breadcrumb","itemListElement":[{"@type":"ListItem","position":1,"name":"Startseite","item":"https:\/\/www.acps-automotive.com\/es\/"},{"@type":"ListItem","position":2,"name":"Proveedores","item":"https:\/\/www.acps-automotive.com\/es\/lieferanten\/"},{"@type":"ListItem","position":3,"name":"Solicitud como proveedor"}]},{"@type":"WebSite","@id":"https:\/\/www.acps-automotive.com\/es\/#website","url":"https:\/\/www.acps-automotive.com\/es\/","name":"ACPS Automotive GmbH","description":"Innovative Anh\u00e4ngekupplungen","publisher":{"@id":"https:\/\/www.acps-automotive.com\/es\/#organization"},"potentialAction":[{"@type":"SearchAction","target":{"@type":"EntryPoint","urlTemplate":"https:\/\/www.acps-automotive.com\/es\/?s={search_term_string}"},"query-input":{"@type":"PropertyValueSpecification","valueRequired":true,"valueName":"search_term_string"}}],"inLanguage":"es"},{"@type":"Organization","@id":"https:\/\/www.acps-automotive.com\/es\/#organization","name":"ACPS Automotive GmbH","url":"https:\/\/www.acps-automotive.com\/es\/","logo":{"@type":"ImageObject","inLanguage":"es","@id":"https:\/\/www.acps-automotive.com\/es\/#\/schema\/logo\/image\/","url":"https:\/\/www.acps-automotive.com\/wp-content\/uploads\/_media\/_allgemein\/Logo-Footer-ACPS-Automotive.png","contentUrl":"https:\/\/www.acps-automotive.com\/wp-content\/uploads\/_media\/_allgemein\/Logo-Footer-ACPS-Automotive.png","width":239,"height":32,"caption":"ACPS Automotive GmbH"},"image":{"@id":"https:\/\/www.acps-automotive.com\/es\/#\/schema\/logo\/image\/"},"sameAs":["https:\/\/x.com\/ACPS_Automotive","https:\/\/www.linkedin.com\/company\/acps-automotive-gmbh\/","https:\/\/www.instagram.com\/acps_ausbildung\/","https:\/\/www.youtube.com\/channel\/UC2jxrgWwpxpkay2aHWV5SaQ"]}]}},"_links":{"self":[{"href":"https:\/\/www.acps-automotive.com\/es\/wp-json\/wp\/v2\/pages\/27371","targetHints":{"allow":["GET"]}}],"collection":[{"href":"https:\/\/www.acps-automotive.com\/es\/wp-json\/wp\/v2\/pages"}],"about":[{"href":"https:\/\/www.acps-automotive.com\/es\/wp-json\/wp\/v2\/types\/page"}],"author":[{"embeddable":true,"href":"https:\/\/www.acps-automotive.com\/es\/wp-json\/wp\/v2\/users\/8"}],"replies":[{"embeddable":true,"href":"https:\/\/www.acps-automotive.com\/es\/wp-json\/wp\/v2\/comments?post=27371"}],"version-history":[{"count":3,"href":"https:\/\/www.acps-automotive.com\/es\/wp-json\/wp\/v2\/pages\/27371\/revisions"}],"predecessor-version":[{"id":28891,"href":"https:\/\/www.acps-automotive.com\/es\/wp-json\/wp\/v2\/pages\/27371\/revisions\/28891"}],"up":[{"embeddable":true,"href":"https:\/\/www.acps-automotive.com\/es\/wp-json\/wp\/v2\/pages\/28075"}],"wp:attachment":[{"href":"https:\/\/www.acps-automotive.com\/es\/wp-json\/wp\/v2\/media?parent=27371"}],"curies":[{"name":"wp","href":"https:\/\/api.w.org\/{rel}","templated":true}]}}