{"id":27363,"date":"2025-12-19T16:24:10","date_gmt":"2025-12-19T15:24:10","guid":{"rendered":"https:\/\/www.acps-automotive.com\/?page_id=27363"},"modified":"2026-03-09T11:43:54","modified_gmt":"2026-03-09T10:43:54","slug":"resumen-de-necesidades","status":"publish","type":"page","link":"https:\/\/www.acps-automotive.com\/es\/proveedores\/resumen-de-necesidades\/","title":{"rendered":"Resumen de necesidades"},"content":{"rendered":"<div class=\"vgblk-rw-wrapper limit-wrapper\">\n\n\t<h1><strong>Proveedores<\/strong><br \/>\nConvi\u00e9rtase en nuestro socio<\/h1>\n\t<img loading=\"lazy\" decoding=\"async\" src=\"https:\/\/www.acps-automotive.com\/wp-content\/uploads\/_media\/_allgemein\/pfeil-text-einleitung.png\" alt=\"Pfeil Text Einleitung\" width=\"46\" height=\"69\" \/><br \/>\nNecesitamos los componentes adecuados para satisfacer las nuevas exigencias. Si domina alguna de las tecnolog\u00edas de fabricaci\u00f3n que buscamos, env\u00edenos su solicitud como proveedor.\n\t<h4><strong>Servicios<\/strong><br \/>\nde ACPS Automotive<\/h4>\n\t<h3>Mecanizado<\/h3>\n<ul>\n<li>Torneado<\/li>\n<li>Fresado<\/li>\n<\/ul>\n\t<h3>Piezas forjadas<\/h3>\n<ul>\n<li>de acero aleado<\/li>\n<\/ul>\n\t<h3>Piezas fundidas<\/h3>\n<ul>\n<li>de aleaciones no ferrosas<\/li>\n<li>y acero fundido, fundici\u00f3n de precisi\u00f3n<\/li>\n<\/ul>\n\t<h3>Piezas fundidas a presi\u00f3n<\/h3>\n<ul>\n<li>de aluminio<\/li>\n<\/ul>\n\t<h3>Perfiles extruidos<\/h3>\n<ul>\n<li>de aluminio, en longitudes de fabricaci\u00f3n y longitudes fijas, sin procesar, mecanizado y doblado.<\/li>\n<\/ul>\n\t<h3>Piezas troqueladas y dobladas<\/h3>\n<ul>\n<li>Espesores de chapa de 6 mm a 15 mm Cortes de chapa<\/li>\n<\/ul>\n\t<h3>Piezas cortadas con l\u00e1ser y piezas cortadas con soplete<\/h3>\n<ul>\n<li>Espesores de chapa de 6 mm a 15 mm<\/li>\n<\/ul>\n\t<h3>Cintas, l\u00e1minas, perfiles y tubos<\/h3>\n<ul>\n<li>de acero, metales no ferrosos y pl\u00e1sticos<\/li>\n<\/ul>\n\t<h3>Moldeo por inyecci\u00f3n de pl\u00e1stico<\/h3>\n<ul>\n<li>Piezas extruidas, sopladas y vulcanizadas<\/li>\n<\/ul>\n\t<h3>Superficies<\/h3>\n<ul>\n<li>Recubrimiento en polvo<\/li>\n<li>Impresi\u00f3n<\/li>\n<li>Marcado l\u00e1ser<\/li>\n<li>Pintura h\u00fameda<\/li>\n<li>Superficies galvanizadas sobre acero, pl\u00e1stico y aluminio<\/li>\n<\/ul>\n\t<h3>Otros<\/h3>\n<ul>\n<li>Cuero<\/li>\n<li>Cuero sint\u00e9tico y textiles<\/li>\n<li>Equipos electr\u00f3nicos y cables<\/li>\n<li>Empaques y accesorios para empaques<\/li>\n<\/ul>\n\n<\/div><!-- .vgblk-rw-wrapper -->","protected":false},"excerpt":{"rendered":"<p>Proveedores Convi\u00e9rtase en nuestro socio Necesitamos los componentes adecuados para satisfacer las nuevas exigencias. Si domina alguna de las tecnolog\u00edas de fabricaci\u00f3n que buscamos, env\u00edenos su solicitud como proveedor. Servicios de ACPS Automotive Mecanizado Torneado Fresado Piezas forjadas de acero aleado Piezas fundidas de aleaciones no ferrosas y acero fundido, fundici\u00f3n de precisi\u00f3n Piezas fundidas&#8230;<\/p>\n","protected":false},"author":8,"featured_media":0,"parent":28075,"menu_order":0,"comment_status":"closed","ping_status":"closed","template":"","meta":{"inline_featured_image":false,"_price":"","_stock":"","_tribe_ticket_header":"","_tribe_default_ticket_provider":"","_tribe_ticket_capacity":"0","_ticket_start_date":"","_ticket_end_date":"","_tribe_ticket_show_description":"","_tribe_ticket_show_not_going":false,"_tribe_ticket_use_global_stock":"","_tribe_ticket_global_stock_level":"","_global_stock_mode":"","_global_stock_cap":"","_tribe_rsvp_for_event":"","_tribe_ticket_going_count":"","_tribe_ticket_not_going_count":"","_tribe_tickets_list":"[]","_tribe_ticket_has_attendee_info_fields":false,"footnotes":""},"class_list":["post-27363","page","type-page","status-publish","hentry"],"yoast_head":"<!-- This site is optimized with the Yoast SEO plugin v27.2 - https:\/\/yoast.com\/product\/yoast-seo-wordpress\/ -->\n<title>Resumen de necesidades de proveedores | ACPS Automotive<\/title>\n<meta name=\"description\" content=\"Convi\u00e9rtase en proveedor o socio de ACPS Automotive. \u25baPodemos beneficiarnos mutuamente.\" \/>\n<meta name=\"robots\" content=\"index, follow, max-snippet:-1, max-image-preview:large, max-video-preview:-1\" \/>\n<link rel=\"canonical\" href=\"https:\/\/www.acps-automotive.com\/es\/proveedores\/resumen-de-necesidades\/\" \/>\n<meta property=\"og:locale\" content=\"es_ES\" \/>\n<meta property=\"og:type\" content=\"article\" \/>\n<meta property=\"og:title\" content=\"Resumen de necesidades de proveedores | ACPS Automotive\" \/>\n<meta property=\"og:description\" content=\"Convi\u00e9rtase en proveedor o socio de ACPS Automotive. \u25baPodemos beneficiarnos mutuamente.\" \/>\n<meta property=\"og:url\" content=\"https:\/\/www.acps-automotive.com\/es\/proveedores\/resumen-de-necesidades\/\" \/>\n<meta property=\"og:site_name\" content=\"ACPS Automotive GmbH\" \/>\n<meta property=\"article:modified_time\" content=\"2026-03-09T10:43:54+00:00\" \/>\n<meta property=\"og:image\" content=\"https:\/\/www.acps-automotive.com\/wp-content\/uploads\/_media\/_allgemein\/pfeil-text-einleitung.png\" \/>\n<meta name=\"twitter:card\" content=\"summary_large_image\" \/>\n<meta name=\"twitter:site\" content=\"@ACPS_Automotive\" \/>\n<meta name=\"twitter:label1\" content=\"Tiempo de lectura\" \/>\n\t<meta name=\"twitter:data1\" content=\"1 minuto\" \/>\n<script type=\"application\/ld+json\" class=\"yoast-schema-graph\">{\"@context\":\"https:\/\/schema.org\",\"@graph\":[{\"@type\":\"WebPage\",\"@id\":\"https:\/\/www.acps-automotive.com\/es\/proveedores\/resumen-de-necesidades\/\",\"url\":\"https:\/\/www.acps-automotive.com\/es\/proveedores\/resumen-de-necesidades\/\",\"name\":\"Resumen de necesidades de proveedores | ACPS Automotive\",\"isPartOf\":{\"@id\":\"https:\/\/www.acps-automotive.com\/es\/#website\"},\"primaryImageOfPage\":{\"@id\":\"https:\/\/www.acps-automotive.com\/es\/proveedores\/resumen-de-necesidades\/#primaryimage\"},\"image\":{\"@id\":\"https:\/\/www.acps-automotive.com\/es\/proveedores\/resumen-de-necesidades\/#primaryimage\"},\"thumbnailUrl\":\"https:\/\/www.acps-automotive.com\/wp-content\/uploads\/_media\/_allgemein\/pfeil-text-einleitung.png\",\"datePublished\":\"2025-12-19T15:24:10+00:00\",\"dateModified\":\"2026-03-09T10:43:54+00:00\",\"description\":\"Convi\u00e9rtase en proveedor o socio de ACPS Automotive. \u25baPodemos beneficiarnos mutuamente.\",\"breadcrumb\":{\"@id\":\"https:\/\/www.acps-automotive.com\/es\/proveedores\/resumen-de-necesidades\/#breadcrumb\"},\"inLanguage\":\"es\",\"potentialAction\":[{\"@type\":\"ReadAction\",\"target\":[\"https:\/\/www.acps-automotive.com\/es\/proveedores\/resumen-de-necesidades\/\"]}]},{\"@type\":\"ImageObject\",\"inLanguage\":\"es\",\"@id\":\"https:\/\/www.acps-automotive.com\/es\/proveedores\/resumen-de-necesidades\/#primaryimage\",\"url\":\"https:\/\/www.acps-automotive.com\/wp-content\/uploads\/_media\/_allgemein\/pfeil-text-einleitung.png\",\"contentUrl\":\"https:\/\/www.acps-automotive.com\/wp-content\/uploads\/_media\/_allgemein\/pfeil-text-einleitung.png\"},{\"@type\":\"BreadcrumbList\",\"@id\":\"https:\/\/www.acps-automotive.com\/es\/proveedores\/resumen-de-necesidades\/#breadcrumb\",\"itemListElement\":[{\"@type\":\"ListItem\",\"position\":1,\"name\":\"Startseite\",\"item\":\"https:\/\/www.acps-automotive.com\/es\/\"},{\"@type\":\"ListItem\",\"position\":2,\"name\":\"Proveedores\",\"item\":\"https:\/\/www.acps-automotive.com\/es\/lieferanten\/\"},{\"@type\":\"ListItem\",\"position\":3,\"name\":\"Resumen de necesidades\"}]},{\"@type\":\"WebSite\",\"@id\":\"https:\/\/www.acps-automotive.com\/es\/#website\",\"url\":\"https:\/\/www.acps-automotive.com\/es\/\",\"name\":\"ACPS Automotive GmbH\",\"description\":\"Innovative Anh\u00e4ngekupplungen\",\"publisher\":{\"@id\":\"https:\/\/www.acps-automotive.com\/es\/#organization\"},\"potentialAction\":[{\"@type\":\"SearchAction\",\"target\":{\"@type\":\"EntryPoint\",\"urlTemplate\":\"https:\/\/www.acps-automotive.com\/es\/?s={search_term_string}\"},\"query-input\":{\"@type\":\"PropertyValueSpecification\",\"valueRequired\":true,\"valueName\":\"search_term_string\"}}],\"inLanguage\":\"es\"},{\"@type\":\"Organization\",\"@id\":\"https:\/\/www.acps-automotive.com\/es\/#organization\",\"name\":\"ACPS Automotive GmbH\",\"url\":\"https:\/\/www.acps-automotive.com\/es\/\",\"logo\":{\"@type\":\"ImageObject\",\"inLanguage\":\"es\",\"@id\":\"https:\/\/www.acps-automotive.com\/es\/#\/schema\/logo\/image\/\",\"url\":\"https:\/\/www.acps-automotive.com\/wp-content\/uploads\/_media\/_allgemein\/Logo-Footer-ACPS-Automotive.png\",\"contentUrl\":\"https:\/\/www.acps-automotive.com\/wp-content\/uploads\/_media\/_allgemein\/Logo-Footer-ACPS-Automotive.png\",\"width\":239,\"height\":32,\"caption\":\"ACPS Automotive GmbH\"},\"image\":{\"@id\":\"https:\/\/www.acps-automotive.com\/es\/#\/schema\/logo\/image\/\"},\"sameAs\":[\"https:\/\/x.com\/ACPS_Automotive\",\"https:\/\/www.linkedin.com\/company\/acps-automotive-gmbh\/\",\"https:\/\/www.instagram.com\/acps_ausbildung\/\",\"https:\/\/www.youtube.com\/channel\/UC2jxrgWwpxpkay2aHWV5SaQ\"]}]}<\/script>\n<!-- \/ Yoast SEO plugin. -->","yoast_head_json":{"title":"Resumen de necesidades de proveedores | ACPS Automotive","description":"Convi\u00e9rtase en proveedor o socio de ACPS Automotive. \u25baPodemos beneficiarnos mutuamente.","robots":{"index":"index","follow":"follow","max-snippet":"max-snippet:-1","max-image-preview":"max-image-preview:large","max-video-preview":"max-video-preview:-1"},"canonical":"https:\/\/www.acps-automotive.com\/es\/proveedores\/resumen-de-necesidades\/","og_locale":"es_ES","og_type":"article","og_title":"Resumen de necesidades de proveedores | ACPS Automotive","og_description":"Convi\u00e9rtase en proveedor o socio de ACPS Automotive. \u25baPodemos beneficiarnos mutuamente.","og_url":"https:\/\/www.acps-automotive.com\/es\/proveedores\/resumen-de-necesidades\/","og_site_name":"ACPS Automotive GmbH","article_modified_time":"2026-03-09T10:43:54+00:00","og_image":[{"url":"https:\/\/www.acps-automotive.com\/wp-content\/uploads\/_media\/_allgemein\/pfeil-text-einleitung.png","type":"","width":"","height":""}],"twitter_card":"summary_large_image","twitter_site":"@ACPS_Automotive","twitter_misc":{"Tiempo de lectura":"1 minuto"},"schema":{"@context":"https:\/\/schema.org","@graph":[{"@type":"WebPage","@id":"https:\/\/www.acps-automotive.com\/es\/proveedores\/resumen-de-necesidades\/","url":"https:\/\/www.acps-automotive.com\/es\/proveedores\/resumen-de-necesidades\/","name":"Resumen de necesidades de proveedores | ACPS Automotive","isPartOf":{"@id":"https:\/\/www.acps-automotive.com\/es\/#website"},"primaryImageOfPage":{"@id":"https:\/\/www.acps-automotive.com\/es\/proveedores\/resumen-de-necesidades\/#primaryimage"},"image":{"@id":"https:\/\/www.acps-automotive.com\/es\/proveedores\/resumen-de-necesidades\/#primaryimage"},"thumbnailUrl":"https:\/\/www.acps-automotive.com\/wp-content\/uploads\/_media\/_allgemein\/pfeil-text-einleitung.png","datePublished":"2025-12-19T15:24:10+00:00","dateModified":"2026-03-09T10:43:54+00:00","description":"Convi\u00e9rtase en proveedor o socio de ACPS Automotive. \u25baPodemos beneficiarnos mutuamente.","breadcrumb":{"@id":"https:\/\/www.acps-automotive.com\/es\/proveedores\/resumen-de-necesidades\/#breadcrumb"},"inLanguage":"es","potentialAction":[{"@type":"ReadAction","target":["https:\/\/www.acps-automotive.com\/es\/proveedores\/resumen-de-necesidades\/"]}]},{"@type":"ImageObject","inLanguage":"es","@id":"https:\/\/www.acps-automotive.com\/es\/proveedores\/resumen-de-necesidades\/#primaryimage","url":"https:\/\/www.acps-automotive.com\/wp-content\/uploads\/_media\/_allgemein\/pfeil-text-einleitung.png","contentUrl":"https:\/\/www.acps-automotive.com\/wp-content\/uploads\/_media\/_allgemein\/pfeil-text-einleitung.png"},{"@type":"BreadcrumbList","@id":"https:\/\/www.acps-automotive.com\/es\/proveedores\/resumen-de-necesidades\/#breadcrumb","itemListElement":[{"@type":"ListItem","position":1,"name":"Startseite","item":"https:\/\/www.acps-automotive.com\/es\/"},{"@type":"ListItem","position":2,"name":"Proveedores","item":"https:\/\/www.acps-automotive.com\/es\/lieferanten\/"},{"@type":"ListItem","position":3,"name":"Resumen de necesidades"}]},{"@type":"WebSite","@id":"https:\/\/www.acps-automotive.com\/es\/#website","url":"https:\/\/www.acps-automotive.com\/es\/","name":"ACPS Automotive GmbH","description":"Innovative Anh\u00e4ngekupplungen","publisher":{"@id":"https:\/\/www.acps-automotive.com\/es\/#organization"},"potentialAction":[{"@type":"SearchAction","target":{"@type":"EntryPoint","urlTemplate":"https:\/\/www.acps-automotive.com\/es\/?s={search_term_string}"},"query-input":{"@type":"PropertyValueSpecification","valueRequired":true,"valueName":"search_term_string"}}],"inLanguage":"es"},{"@type":"Organization","@id":"https:\/\/www.acps-automotive.com\/es\/#organization","name":"ACPS Automotive GmbH","url":"https:\/\/www.acps-automotive.com\/es\/","logo":{"@type":"ImageObject","inLanguage":"es","@id":"https:\/\/www.acps-automotive.com\/es\/#\/schema\/logo\/image\/","url":"https:\/\/www.acps-automotive.com\/wp-content\/uploads\/_media\/_allgemein\/Logo-Footer-ACPS-Automotive.png","contentUrl":"https:\/\/www.acps-automotive.com\/wp-content\/uploads\/_media\/_allgemein\/Logo-Footer-ACPS-Automotive.png","width":239,"height":32,"caption":"ACPS Automotive GmbH"},"image":{"@id":"https:\/\/www.acps-automotive.com\/es\/#\/schema\/logo\/image\/"},"sameAs":["https:\/\/x.com\/ACPS_Automotive","https:\/\/www.linkedin.com\/company\/acps-automotive-gmbh\/","https:\/\/www.instagram.com\/acps_ausbildung\/","https:\/\/www.youtube.com\/channel\/UC2jxrgWwpxpkay2aHWV5SaQ"]}]}},"_links":{"self":[{"href":"https:\/\/www.acps-automotive.com\/es\/wp-json\/wp\/v2\/pages\/27363","targetHints":{"allow":["GET"]}}],"collection":[{"href":"https:\/\/www.acps-automotive.com\/es\/wp-json\/wp\/v2\/pages"}],"about":[{"href":"https:\/\/www.acps-automotive.com\/es\/wp-json\/wp\/v2\/types\/page"}],"author":[{"embeddable":true,"href":"https:\/\/www.acps-automotive.com\/es\/wp-json\/wp\/v2\/users\/8"}],"replies":[{"embeddable":true,"href":"https:\/\/www.acps-automotive.com\/es\/wp-json\/wp\/v2\/comments?post=27363"}],"version-history":[{"count":2,"href":"https:\/\/www.acps-automotive.com\/es\/wp-json\/wp\/v2\/pages\/27363\/revisions"}],"predecessor-version":[{"id":27366,"href":"https:\/\/www.acps-automotive.com\/es\/wp-json\/wp\/v2\/pages\/27363\/revisions\/27366"}],"up":[{"embeddable":true,"href":"https:\/\/www.acps-automotive.com\/es\/wp-json\/wp\/v2\/pages\/28075"}],"wp:attachment":[{"href":"https:\/\/www.acps-automotive.com\/es\/wp-json\/wp\/v2\/media?parent=27363"}],"curies":[{"name":"wp","href":"https:\/\/api.w.org\/{rel}","templated":true}]}}