{"id":27356,"date":"2025-12-08T08:38:59","date_gmt":"2025-12-08T07:38:59","guid":{"rendered":"https:\/\/www.acps-automotive.com\/?page_id=27356"},"modified":"2026-03-09T10:35:01","modified_gmt":"2026-03-09T09:35:01","slug":"home","status":"publish","type":"page","link":"https:\/\/www.acps-automotive.com\/es\/","title":{"rendered":"Home"},"content":{"rendered":"<div class=\"vgblk-rw-wrapper limit-wrapper\">\n\n\t<h2>ACPS Automotive<br \/>\n<strong>Cambio en la direcci\u00f3n<\/strong><\/h2>\n<p>El director general Caspar Baumhauer pasa el testigo a Michael Weiss.<\/p>\n<p><a href=\"https:\/\/www.acps-automotive.com\/es\/empresa\/prensa\/nuevo-director-general-en-acps-automotive-lider-del-mercado-y-la-tecnologia-en-dispositivos-de-remolque\/\"><img loading=\"lazy\" decoding=\"async\" src=\"https:\/\/www.acps-automotive.com\/wp-content\/uploads\/_media\/_allgemein\/pfeil-gross-hellblau.png\" alt=\"Pfeil gross hellblau\" width=\"68\" height=\"45\" \/>Ir al comunicado de prensa<\/a><\/p>\n\t<h2>ESTOS FABRICANTES DE AUTOM\u00d3VILES<br \/>\n<strong>CONF\u00cdAN EN NOSOTROS<\/strong><\/h2>\n<p>Aqu\u00ed encontrar\u00e1 una descripci\u00f3n detallada de nuestros clientes.<\/p>\n<p><a href=\"https:\/\/www.acps-automotive.com\/es\/empresa\/lista-de-clientes-referencias\/\"><img loading=\"lazy\" decoding=\"async\" src=\"https:\/\/www.acps-automotive.com\/wp-content\/uploads\/_media\/_allgemein\/pfeil-gross-hellblau.png\" alt=\"Pfeil gross hellblau\" width=\"68\" height=\"45\" \/><\/a><\/p>\n<p>&nbsp;<\/p>\n\t<h2>Soluciones del l\u00edder del mercado<br \/>\n<strong>Lo que distingue a nuestros productos<\/strong><\/h2>\n\t<p><img loading=\"lazy\" decoding=\"async\" src=\"https:\/\/www.acps-automotive.com\/wp-content\/uploads\/_media\/home\/icon-innovation.png\" alt=\"Icon Innovation\" width=\"115\" height=\"115\" \/><\/p>\n<p><a href=\"https:\/\/www.acps-automotive.com\/es\/empresa\/innovacion-tecnologia-y-seguridad\/\">Innovaci\u00f3n, tecnolog\u00eda y seguridad<\/a><\/p>\n\t<p><img loading=\"lazy\" decoding=\"async\" src=\"https:\/\/www.acps-automotive.com\/wp-content\/uploads\/_media\/home\/icon-kunde-im-fokus.png\" alt=\"Icon Kunde im Fokus\" width=\"115\" height=\"115\" \/><\/p>\n<p><a href=\"https:\/\/www.acps-automotive.com\/es\/empresa\/gestion-de-proyectos\/\">Gesti\u00f3n de proyectos<\/a><\/p>\n\t<p><img loading=\"lazy\" decoding=\"async\" src=\"https:\/\/www.acps-automotive.com\/wp-content\/uploads\/_media\/home\/icon-fertigung.png\" alt=\"Icon Fertigung\" width=\"115\" height=\"115\" \/><\/p>\n<p><a href=\"https:\/\/www.acps-automotive.com\/es\/empresa\/fabricacion\/\">Fabricaci\u00f3n<\/a><\/p>\n\t<h2>Calidad hasta en el<br \/>\n<strong>m\u00e1s m\u00ednimo detalle<\/strong><\/h2>\n<p>Para nuestros clientes, damos gran importancia a la mejor calidad.<\/p>\n<p><a href=\"https:\/\/www.acps-automotive.com\/es\/empresa\/calidad\/\"><img loading=\"lazy\" decoding=\"async\" src=\"https:\/\/www.acps-automotive.com\/wp-content\/uploads\/_media\/_allgemein\/pfeil-gross-dunkelblau.png\" alt=\"Pfeil gross dunkelblau\" width=\"67\" height=\"45\" \/><\/a><\/p>\n<p>&nbsp;<\/p>\n\t<h2>ORIS: un valor agregado<br \/>\n<strong>para su autom\u00f3vil<br \/>\n<\/strong><\/h2>\n<p>Encuentre enganches para remolques y portabicicletas para reequipar su veh\u00edculo.<\/p>\n<p><img loading=\"lazy\" decoding=\"async\" src=\"https:\/\/www.acps-automotive.com\/wp-content\/uploads\/_media\/_allgemein\/Logo-oris-neg.png\" alt=\"Logo ORIS negativ\" width=\"156\" height=\"54\" \/><a href=\"https:\/\/www.oris-automotive.com\/en\/\" target=\"_blank\" rel=\"noopener\"><img loading=\"lazy\" decoding=\"async\" src=\"https:\/\/www.acps-automotive.com\/wp-content\/uploads\/_media\/_allgemein\/pfeil-gross-hellblau.png\" alt=\"Pfeil gross hellblau\" width=\"68\" height=\"45\" \/><\/a><\/p>\n<p>&nbsp;<\/p>\n\n<\/div><!-- .vgblk-rw-wrapper -->","protected":false},"excerpt":{"rendered":"<p>ACPS Automotive Cambio en la direcci\u00f3n El director general Caspar Baumhauer pasa el testigo a Michael Weiss. Ir al comunicado de prensa ESTOS FABRICANTES DE AUTOM\u00d3VILES CONF\u00cdAN EN NOSOTROS Aqu\u00ed encontrar\u00e1 una descripci\u00f3n detallada de nuestros clientes. &nbsp; Soluciones del l\u00edder del mercado Lo que distingue a nuestros productos Innovaci\u00f3n, tecnolog\u00eda y seguridad Gesti\u00f3n de&#8230;<\/p>\n","protected":false},"author":8,"featured_media":0,"parent":0,"menu_order":0,"comment_status":"closed","ping_status":"closed","template":"","meta":{"inline_featured_image":false,"_price":"","_stock":"","_tribe_ticket_header":"","_tribe_default_ticket_provider":"","_tribe_ticket_capacity":"0","_ticket_start_date":"","_ticket_end_date":"","_tribe_ticket_show_description":"","_tribe_ticket_show_not_going":false,"_tribe_ticket_use_global_stock":"","_tribe_ticket_global_stock_level":"","_global_stock_mode":"","_global_stock_cap":"","_tribe_rsvp_for_event":"","_tribe_ticket_going_count":"","_tribe_ticket_not_going_count":"","_tribe_tickets_list":"[]","_tribe_ticket_has_attendee_info_fields":false,"footnotes":""},"class_list":["post-27356","page","type-page","status-publish","hentry"],"yoast_head":"<!-- This site is optimized with the Yoast SEO plugin v27.2 - https:\/\/yoast.com\/product\/yoast-seo-wordpress\/ -->\n<title>Dispositivos de remolque ORIS | ACPS Automotive<\/title>\n<meta name=\"description\" content=\"ACPS Automotive, l\u00edder del mercado, desarrolla, fabrica y comercializa sistemas de remolque y transporte bajo la marca ORIS. \u25ba Compru\u00e9belo usted mismo Dispositivos de remolque ORIS | ACPS Automotive\" \/>\n<meta name=\"robots\" content=\"index, follow, max-snippet:-1, max-image-preview:large, max-video-preview:-1\" \/>\n<link rel=\"canonical\" href=\"https:\/\/www.acps-automotive.com\/es\/\" \/>\n<meta property=\"og:locale\" content=\"es_ES\" \/>\n<meta property=\"og:type\" content=\"article\" \/>\n<meta property=\"og:title\" content=\"Dispositivos de remolque ORIS | ACPS Automotive\" \/>\n<meta property=\"og:description\" content=\"ACPS Automotive, l\u00edder del mercado, desarrolla, fabrica y comercializa sistemas de remolque y transporte bajo la marca ORIS. \u25ba Compru\u00e9belo usted mismo Dispositivos de remolque ORIS | ACPS Automotive\" \/>\n<meta property=\"og:url\" content=\"https:\/\/www.acps-automotive.com\/es\/\" \/>\n<meta property=\"og:site_name\" content=\"ACPS Automotive GmbH\" \/>\n<meta property=\"article:modified_time\" content=\"2026-03-09T09:35:01+00:00\" \/>\n<meta property=\"og:image\" content=\"https:\/\/www.acps-automotive.com\/wp-content\/uploads\/_media\/_allgemein\/pfeil-gross-hellblau.png\" \/>\n<meta name=\"twitter:card\" content=\"summary_large_image\" \/>\n<meta name=\"twitter:site\" content=\"@ACPS_Automotive\" \/>\n<meta name=\"twitter:label1\" content=\"Tiempo de lectura\" \/>\n\t<meta name=\"twitter:data1\" content=\"3 minutos\" \/>\n<script type=\"application\/ld+json\" class=\"yoast-schema-graph\">{\"@context\":\"https:\/\/schema.org\",\"@graph\":[{\"@type\":\"WebPage\",\"@id\":\"https:\/\/www.acps-automotive.com\/es\/\",\"url\":\"https:\/\/www.acps-automotive.com\/es\/\",\"name\":\"Dispositivos de remolque ORIS | ACPS Automotive\",\"isPartOf\":{\"@id\":\"https:\/\/www.acps-automotive.com\/es\/#website\"},\"primaryImageOfPage\":{\"@id\":\"https:\/\/www.acps-automotive.com\/es\/#primaryimage\"},\"image\":{\"@id\":\"https:\/\/www.acps-automotive.com\/es\/#primaryimage\"},\"thumbnailUrl\":\"https:\/\/www.acps-automotive.com\/wp-content\/uploads\/_media\/_allgemein\/pfeil-gross-hellblau.png\",\"datePublished\":\"2025-12-08T07:38:59+00:00\",\"dateModified\":\"2026-03-09T09:35:01+00:00\",\"description\":\"ACPS Automotive, l\u00edder del mercado, desarrolla, fabrica y comercializa sistemas de remolque y transporte bajo la marca ORIS. \u25ba Compru\u00e9belo usted mismo Dispositivos de remolque ORIS | ACPS Automotive\",\"breadcrumb\":{\"@id\":\"https:\/\/www.acps-automotive.com\/es\/#breadcrumb\"},\"inLanguage\":\"es\",\"potentialAction\":[{\"@type\":\"ReadAction\",\"target\":[\"https:\/\/www.acps-automotive.com\/es\/\"]}]},{\"@type\":\"ImageObject\",\"inLanguage\":\"es\",\"@id\":\"https:\/\/www.acps-automotive.com\/es\/#primaryimage\",\"url\":\"https:\/\/www.acps-automotive.com\/wp-content\/uploads\/_media\/_allgemein\/pfeil-gross-hellblau.png\",\"contentUrl\":\"https:\/\/www.acps-automotive.com\/wp-content\/uploads\/_media\/_allgemein\/pfeil-gross-hellblau.png\"},{\"@type\":\"BreadcrumbList\",\"@id\":\"https:\/\/www.acps-automotive.com\/es\/#breadcrumb\",\"itemListElement\":[{\"@type\":\"ListItem\",\"position\":1,\"name\":\"Startseite\",\"item\":\"https:\/\/www.acps-automotive.com\/es\/\"},{\"@type\":\"ListItem\",\"position\":2,\"name\":\"Home\"}]},{\"@type\":\"WebSite\",\"@id\":\"https:\/\/www.acps-automotive.com\/es\/#website\",\"url\":\"https:\/\/www.acps-automotive.com\/es\/\",\"name\":\"ACPS Automotive GmbH\",\"description\":\"Innovative Anh\u00e4ngekupplungen\",\"publisher\":{\"@id\":\"https:\/\/www.acps-automotive.com\/es\/#organization\"},\"potentialAction\":[{\"@type\":\"SearchAction\",\"target\":{\"@type\":\"EntryPoint\",\"urlTemplate\":\"https:\/\/www.acps-automotive.com\/es\/?s={search_term_string}\"},\"query-input\":{\"@type\":\"PropertyValueSpecification\",\"valueRequired\":true,\"valueName\":\"search_term_string\"}}],\"inLanguage\":\"es\"},{\"@type\":\"Organization\",\"@id\":\"https:\/\/www.acps-automotive.com\/es\/#organization\",\"name\":\"ACPS Automotive GmbH\",\"url\":\"https:\/\/www.acps-automotive.com\/es\/\",\"logo\":{\"@type\":\"ImageObject\",\"inLanguage\":\"es\",\"@id\":\"https:\/\/www.acps-automotive.com\/es\/#\/schema\/logo\/image\/\",\"url\":\"https:\/\/www.acps-automotive.com\/wp-content\/uploads\/_media\/_allgemein\/Logo-Footer-ACPS-Automotive.png\",\"contentUrl\":\"https:\/\/www.acps-automotive.com\/wp-content\/uploads\/_media\/_allgemein\/Logo-Footer-ACPS-Automotive.png\",\"width\":239,\"height\":32,\"caption\":\"ACPS Automotive GmbH\"},\"image\":{\"@id\":\"https:\/\/www.acps-automotive.com\/es\/#\/schema\/logo\/image\/\"},\"sameAs\":[\"https:\/\/x.com\/ACPS_Automotive\",\"https:\/\/www.linkedin.com\/company\/acps-automotive-gmbh\/\",\"https:\/\/www.instagram.com\/acps_ausbildung\/\",\"https:\/\/www.youtube.com\/channel\/UC2jxrgWwpxpkay2aHWV5SaQ\"]}]}<\/script>\n<!-- \/ Yoast SEO plugin. -->","yoast_head_json":{"title":"Dispositivos de remolque ORIS | ACPS Automotive","description":"ACPS Automotive, l\u00edder del mercado, desarrolla, fabrica y comercializa sistemas de remolque y transporte bajo la marca ORIS. \u25ba Compru\u00e9belo usted mismo Dispositivos de remolque ORIS | ACPS Automotive","robots":{"index":"index","follow":"follow","max-snippet":"max-snippet:-1","max-image-preview":"max-image-preview:large","max-video-preview":"max-video-preview:-1"},"canonical":"https:\/\/www.acps-automotive.com\/es\/","og_locale":"es_ES","og_type":"article","og_title":"Dispositivos de remolque ORIS | ACPS Automotive","og_description":"ACPS Automotive, l\u00edder del mercado, desarrolla, fabrica y comercializa sistemas de remolque y transporte bajo la marca ORIS. \u25ba Compru\u00e9belo usted mismo Dispositivos de remolque ORIS | ACPS Automotive","og_url":"https:\/\/www.acps-automotive.com\/es\/","og_site_name":"ACPS Automotive GmbH","article_modified_time":"2026-03-09T09:35:01+00:00","og_image":[{"url":"https:\/\/www.acps-automotive.com\/wp-content\/uploads\/_media\/_allgemein\/pfeil-gross-hellblau.png","type":"","width":"","height":""}],"twitter_card":"summary_large_image","twitter_site":"@ACPS_Automotive","twitter_misc":{"Tiempo de lectura":"3 minutos"},"schema":{"@context":"https:\/\/schema.org","@graph":[{"@type":"WebPage","@id":"https:\/\/www.acps-automotive.com\/es\/","url":"https:\/\/www.acps-automotive.com\/es\/","name":"Dispositivos de remolque ORIS | ACPS Automotive","isPartOf":{"@id":"https:\/\/www.acps-automotive.com\/es\/#website"},"primaryImageOfPage":{"@id":"https:\/\/www.acps-automotive.com\/es\/#primaryimage"},"image":{"@id":"https:\/\/www.acps-automotive.com\/es\/#primaryimage"},"thumbnailUrl":"https:\/\/www.acps-automotive.com\/wp-content\/uploads\/_media\/_allgemein\/pfeil-gross-hellblau.png","datePublished":"2025-12-08T07:38:59+00:00","dateModified":"2026-03-09T09:35:01+00:00","description":"ACPS Automotive, l\u00edder del mercado, desarrolla, fabrica y comercializa sistemas de remolque y transporte bajo la marca ORIS. \u25ba Compru\u00e9belo usted mismo Dispositivos de remolque ORIS | ACPS Automotive","breadcrumb":{"@id":"https:\/\/www.acps-automotive.com\/es\/#breadcrumb"},"inLanguage":"es","potentialAction":[{"@type":"ReadAction","target":["https:\/\/www.acps-automotive.com\/es\/"]}]},{"@type":"ImageObject","inLanguage":"es","@id":"https:\/\/www.acps-automotive.com\/es\/#primaryimage","url":"https:\/\/www.acps-automotive.com\/wp-content\/uploads\/_media\/_allgemein\/pfeil-gross-hellblau.png","contentUrl":"https:\/\/www.acps-automotive.com\/wp-content\/uploads\/_media\/_allgemein\/pfeil-gross-hellblau.png"},{"@type":"BreadcrumbList","@id":"https:\/\/www.acps-automotive.com\/es\/#breadcrumb","itemListElement":[{"@type":"ListItem","position":1,"name":"Startseite","item":"https:\/\/www.acps-automotive.com\/es\/"},{"@type":"ListItem","position":2,"name":"Home"}]},{"@type":"WebSite","@id":"https:\/\/www.acps-automotive.com\/es\/#website","url":"https:\/\/www.acps-automotive.com\/es\/","name":"ACPS Automotive GmbH","description":"Innovative Anh\u00e4ngekupplungen","publisher":{"@id":"https:\/\/www.acps-automotive.com\/es\/#organization"},"potentialAction":[{"@type":"SearchAction","target":{"@type":"EntryPoint","urlTemplate":"https:\/\/www.acps-automotive.com\/es\/?s={search_term_string}"},"query-input":{"@type":"PropertyValueSpecification","valueRequired":true,"valueName":"search_term_string"}}],"inLanguage":"es"},{"@type":"Organization","@id":"https:\/\/www.acps-automotive.com\/es\/#organization","name":"ACPS Automotive GmbH","url":"https:\/\/www.acps-automotive.com\/es\/","logo":{"@type":"ImageObject","inLanguage":"es","@id":"https:\/\/www.acps-automotive.com\/es\/#\/schema\/logo\/image\/","url":"https:\/\/www.acps-automotive.com\/wp-content\/uploads\/_media\/_allgemein\/Logo-Footer-ACPS-Automotive.png","contentUrl":"https:\/\/www.acps-automotive.com\/wp-content\/uploads\/_media\/_allgemein\/Logo-Footer-ACPS-Automotive.png","width":239,"height":32,"caption":"ACPS Automotive GmbH"},"image":{"@id":"https:\/\/www.acps-automotive.com\/es\/#\/schema\/logo\/image\/"},"sameAs":["https:\/\/x.com\/ACPS_Automotive","https:\/\/www.linkedin.com\/company\/acps-automotive-gmbh\/","https:\/\/www.instagram.com\/acps_ausbildung\/","https:\/\/www.youtube.com\/channel\/UC2jxrgWwpxpkay2aHWV5SaQ"]}]}},"_links":{"self":[{"href":"https:\/\/www.acps-automotive.com\/es\/wp-json\/wp\/v2\/pages\/27356","targetHints":{"allow":["GET"]}}],"collection":[{"href":"https:\/\/www.acps-automotive.com\/es\/wp-json\/wp\/v2\/pages"}],"about":[{"href":"https:\/\/www.acps-automotive.com\/es\/wp-json\/wp\/v2\/types\/page"}],"author":[{"embeddable":true,"href":"https:\/\/www.acps-automotive.com\/es\/wp-json\/wp\/v2\/users\/8"}],"replies":[{"embeddable":true,"href":"https:\/\/www.acps-automotive.com\/es\/wp-json\/wp\/v2\/comments?post=27356"}],"version-history":[{"count":11,"href":"https:\/\/www.acps-automotive.com\/es\/wp-json\/wp\/v2\/pages\/27356\/revisions"}],"predecessor-version":[{"id":28854,"href":"https:\/\/www.acps-automotive.com\/es\/wp-json\/wp\/v2\/pages\/27356\/revisions\/28854"}],"wp:attachment":[{"href":"https:\/\/www.acps-automotive.com\/es\/wp-json\/wp\/v2\/media?parent=27356"}],"curies":[{"name":"wp","href":"https:\/\/api.w.org\/{rel}","templated":true}]}}