{"id":27333,"date":"2025-12-19T16:06:49","date_gmt":"2025-12-19T15:06:49","guid":{"rendered":"https:\/\/www.acps-automotive.com\/?page_id=27333"},"modified":"2026-03-05T10:38:28","modified_gmt":"2026-03-05T09:38:28","slug":"rigido-receiver","status":"publish","type":"page","link":"https:\/\/www.acps-automotive.com\/es\/productos\/para-ee-uu\/rigido-receiver\/","title":{"rendered":"R\u00edgido Receiver"},"content":{"rendered":"<div class=\"vgblk-rw-wrapper limit-wrapper\">\n\n\t<h1><strong>R\u00edgido\u00a0<\/strong><br \/>\nReceiver<\/h1>\n\t\t\tStarre\t\t\n\t\t\t\t<p><strong>R\u00edgido Receiver<br \/>&#8211; el cl\u00e1sico<br \/><\/strong>En los sistemas de enganche r\u00edgidos, el receptor est\u00e1 soldado al travesa\u00f1o. Est\u00e1n fijados de forma permanente a la parte trasera del veh\u00edculo y son econ\u00f3micos y funcionales.<\/p><img loading=\"lazy\" decoding=\"async\" src=\"https:\/\/www.acps-automotive.com\/wp-content\/uploads\/_media\/produkte\/usa\/starre-av\/starre-av.jpg\" alt=\"Starre Anh\u00e4negevorrichtungen\" width=\"730\" height=\"720\" \/>\t\t\t\n\t<h4>Datos t\u00e9cnicos<\/h4>\n<table border=\"0\" width=\"100%\">\n<tbody>\n<tr>\n<td>Tama\u00f1o de 1 \u00bc\u00bb<\/td>\n<td>Clase I &#8211; II<\/td>\n<\/tr>\n<tr>\n<td>Tama\u00f1o de 2&#8243;<\/td>\n<td>ClaseIII &#8211; IV<\/td>\n<\/tr>\n<\/tbody>\n<\/table>\n<p>&nbsp;<\/p>\n<strong>\u00bfLos datos aqu\u00ed indicados no se ajustan a los requisitos espec\u00edficos de su veh\u00edculo?<\/strong><br \/>\nEntonces <a href=\"\/es\/contacto\/formulario-de-contacto\/\">no dude en ponerse en contacto con nosotros<\/a>,ya que tambi\u00e9n desarrollamos componentes y soluciones a la medida.\n\t<h2>Kits el\u00e9ctricos adecuados<br \/>\n<strong>seg\u00fan las necesidades del cliente<\/strong><\/h2>\n<p>Los kits el\u00e9ctricos adecuados para los dispositivos de remolque se desarrollan en colaboraci\u00f3n con fabricantes de renombre de cables, seg\u00fan las necesidades del cliente. Ofrecemos a los fabricantes de autom\u00f3viles y a sus concesionarios autorizados nuestros sistemas para la instalaci\u00f3n en serie o el reequipamiento. Adem\u00e1s, hay piezas de repuesto disponibles para ambas \u00e1reas.<\/p>\n\t<h4><strong>Otros dispositivos de remolque<\/strong><br \/>\npara el mercado estadounidense<\/h4>\n\t<p><a href=\"\/es\/productos\/para-ee-uu\/giratorio-receiver\/\">Giratorio Receiver<\/a><\/p>\n<p><a href=\"\/es\/productos\/para-ee-uu\/giratorio-receiver\/\"><img loading=\"lazy\" decoding=\"async\" src=\"\/wp-content\/uploads\/_media\/produkte\/usa\/uebersicht\/schwenkbare-anhanegevorrichtungen-300x250.jpg\" alt=\"Schwenkreceiver \" width=\"300\" height=\"250\" \/><\/a><\/p>\n\t<p><a href=\"\/es\/productos\/para-ee-uu\/desmontable-receiver\/\">Desmontable Receiver<\/a><\/p>\n<p><a href=\"\/es\/productos\/para-ee-uu\/desmontable-receiver\/\"><img loading=\"lazy\" decoding=\"async\" src=\"\/wp-content\/uploads\/_media\/produkte\/usa\/uebersicht\/abnehmbare-anhanegevorrichtungen-300x250.jpg\" alt=\"Abnehmbarer Receiver \" width=\"300\" height=\"250\" \/><\/a><\/p>\n\t<p><a href=\"\/es\/productos\/para-ee-uu\/rigido-receiver\/\">R\u00edgido Receiver<\/a><\/p>\n<p><a href=\"\/es\/productos\/para-ee-uu\/rigido-receiver\/\"><img loading=\"lazy\" decoding=\"async\" src=\"\/wp-content\/uploads\/_media\/produkte\/usa\/uebersicht\/starre-anhanegevorrichtungen-300x250.jpg\" alt=\"Starre Receiver\" width=\"300\" height=\"250\" \/><\/a><\/p>\n\t<h2> \u00bfTiene alguna pregunta?<br \/>\n<strong>Le asesoramos<br \/>\n<\/strong><\/h2>\n<p>Si tiene alguna pregunta sobre nuestros dispositivos de remolque, no dude en ponerse en contacto con nosotros.<\/p>\n<p><a href=\"\/kontakt\/kontaktformular\/\"><img loading=\"lazy\" decoding=\"async\" src=\"https:\/\/www.acps-automotive.com\/wp-content\/uploads\/_media\/_allgemein\/pfeil-gross-dunkelblau.png\" alt=\"Pfeil gross dunkelblau\" width=\"67\" height=\"45\" \/>Contacto<\/a><\/p>\n<p>&nbsp;<\/p>\n\n<\/div><!-- .vgblk-rw-wrapper -->","protected":false},"excerpt":{"rendered":"<p>R\u00edgido\u00a0 Receiver Starre R\u00edgido Receiver&#8211; el cl\u00e1sicoEn los sistemas de enganche r\u00edgidos, el receptor est\u00e1 soldado al travesa\u00f1o. Est\u00e1n fijados de forma permanente a la parte trasera del veh\u00edculo y son econ\u00f3micos y funcionales. Datos t\u00e9cnicos Tama\u00f1o de 1 \u00bc\u00bb Clase I &#8211; II Tama\u00f1o de 2&#8243; ClaseIII &#8211; IV &nbsp; \u00bfLos datos aqu\u00ed indicados&#8230;<\/p>\n","protected":false},"author":8,"featured_media":0,"parent":27317,"menu_order":2,"comment_status":"closed","ping_status":"closed","template":"","meta":{"inline_featured_image":false,"_price":"","_stock":"","_tribe_ticket_header":"","_tribe_default_ticket_provider":"","_tribe_ticket_capacity":"0","_ticket_start_date":"","_ticket_end_date":"","_tribe_ticket_show_description":"","_tribe_ticket_show_not_going":false,"_tribe_ticket_use_global_stock":"","_tribe_ticket_global_stock_level":"","_global_stock_mode":"","_global_stock_cap":"","_tribe_rsvp_for_event":"","_tribe_ticket_going_count":"","_tribe_ticket_not_going_count":"","_tribe_tickets_list":"[]","_tribe_ticket_has_attendee_info_fields":false,"footnotes":""},"class_list":["post-27333","page","type-page","status-publish","hentry"],"yoast_head":"<!-- This site is optimized with the Yoast SEO plugin v27.2 - https:\/\/yoast.com\/product\/yoast-seo-wordpress\/ -->\n<title>R\u00edgido Receiver | ACPS Automotive<\/title>\n<meta name=\"description\" content=\"R\u00edgido Receiver: sistema de remolque para el mercado estadounidense \u2713econ\u00f3mico y \u2713funcional. \u25ba \u00a1Este sistema le convencer\u00e1!\" \/>\n<meta name=\"robots\" content=\"index, follow, max-snippet:-1, max-image-preview:large, max-video-preview:-1\" \/>\n<link rel=\"canonical\" href=\"https:\/\/www.acps-automotive.com\/es\/productos\/para-ee-uu\/rigido-receiver\/\" \/>\n<meta property=\"og:locale\" content=\"es_ES\" \/>\n<meta property=\"og:type\" content=\"article\" \/>\n<meta property=\"og:title\" content=\"R\u00edgido Receiver | ACPS Automotive\" \/>\n<meta property=\"og:description\" content=\"R\u00edgido Receiver: sistema de remolque para el mercado estadounidense \u2713econ\u00f3mico y \u2713funcional. \u25ba \u00a1Este sistema le convencer\u00e1!\" \/>\n<meta property=\"og:url\" content=\"https:\/\/www.acps-automotive.com\/es\/productos\/para-ee-uu\/rigido-receiver\/\" \/>\n<meta property=\"og:site_name\" content=\"ACPS Automotive GmbH\" \/>\n<meta property=\"article:modified_time\" content=\"2026-03-05T09:38:28+00:00\" \/>\n<meta property=\"og:image\" content=\"https:\/\/www.acps-automotive.com\/wp-content\/uploads\/_media\/produkte\/usa\/starre-av\/starre-av.jpg\" \/>\n<meta name=\"twitter:card\" content=\"summary_large_image\" \/>\n<meta name=\"twitter:site\" content=\"@ACPS_Automotive\" \/>\n<meta name=\"twitter:label1\" content=\"Tiempo de lectura\" \/>\n\t<meta name=\"twitter:data1\" content=\"2 minutos\" \/>\n<script type=\"application\/ld+json\" class=\"yoast-schema-graph\">{\"@context\":\"https:\/\/schema.org\",\"@graph\":[{\"@type\":\"WebPage\",\"@id\":\"https:\/\/www.acps-automotive.com\/es\/productos\/para-ee-uu\/rigido-receiver\/\",\"url\":\"https:\/\/www.acps-automotive.com\/es\/productos\/para-ee-uu\/rigido-receiver\/\",\"name\":\"R\u00edgido Receiver | ACPS Automotive\",\"isPartOf\":{\"@id\":\"https:\/\/www.acps-automotive.com\/es\/#website\"},\"primaryImageOfPage\":{\"@id\":\"https:\/\/www.acps-automotive.com\/es\/productos\/para-ee-uu\/rigido-receiver\/#primaryimage\"},\"image\":{\"@id\":\"https:\/\/www.acps-automotive.com\/es\/productos\/para-ee-uu\/rigido-receiver\/#primaryimage\"},\"thumbnailUrl\":\"https:\/\/www.acps-automotive.com\/wp-content\/uploads\/_media\/produkte\/usa\/starre-av\/starre-av.jpg\",\"datePublished\":\"2025-12-19T15:06:49+00:00\",\"dateModified\":\"2026-03-05T09:38:28+00:00\",\"description\":\"R\u00edgido Receiver: sistema de remolque para el mercado estadounidense \u2713econ\u00f3mico y \u2713funcional. \u25ba \u00a1Este sistema le convencer\u00e1!\",\"breadcrumb\":{\"@id\":\"https:\/\/www.acps-automotive.com\/es\/productos\/para-ee-uu\/rigido-receiver\/#breadcrumb\"},\"inLanguage\":\"es\",\"potentialAction\":[{\"@type\":\"ReadAction\",\"target\":[\"https:\/\/www.acps-automotive.com\/es\/productos\/para-ee-uu\/rigido-receiver\/\"]}]},{\"@type\":\"ImageObject\",\"inLanguage\":\"es\",\"@id\":\"https:\/\/www.acps-automotive.com\/es\/productos\/para-ee-uu\/rigido-receiver\/#primaryimage\",\"url\":\"https:\/\/www.acps-automotive.com\/wp-content\/uploads\/_media\/produkte\/usa\/starre-av\/starre-av.jpg\",\"contentUrl\":\"https:\/\/www.acps-automotive.com\/wp-content\/uploads\/_media\/produkte\/usa\/starre-av\/starre-av.jpg\"},{\"@type\":\"BreadcrumbList\",\"@id\":\"https:\/\/www.acps-automotive.com\/es\/productos\/para-ee-uu\/rigido-receiver\/#breadcrumb\",\"itemListElement\":[{\"@type\":\"ListItem\",\"position\":1,\"name\":\"Startseite\",\"item\":\"https:\/\/www.acps-automotive.com\/es\/\"},{\"@type\":\"ListItem\",\"position\":2,\"name\":\"Productos\",\"item\":\"https:\/\/www.acps-automotive.com\/es\/productos\/\"},{\"@type\":\"ListItem\",\"position\":3,\"name\":\"Dispositivos de remolque para el mercado estadounidense\",\"item\":\"https:\/\/www.acps-automotive.com\/es\/productos\/para-ee-uu\/\"},{\"@type\":\"ListItem\",\"position\":4,\"name\":\"R\u00edgido Receiver\"}]},{\"@type\":\"WebSite\",\"@id\":\"https:\/\/www.acps-automotive.com\/es\/#website\",\"url\":\"https:\/\/www.acps-automotive.com\/es\/\",\"name\":\"ACPS Automotive GmbH\",\"description\":\"Innovative Anh\u00e4ngekupplungen\",\"publisher\":{\"@id\":\"https:\/\/www.acps-automotive.com\/es\/#organization\"},\"potentialAction\":[{\"@type\":\"SearchAction\",\"target\":{\"@type\":\"EntryPoint\",\"urlTemplate\":\"https:\/\/www.acps-automotive.com\/es\/?s={search_term_string}\"},\"query-input\":{\"@type\":\"PropertyValueSpecification\",\"valueRequired\":true,\"valueName\":\"search_term_string\"}}],\"inLanguage\":\"es\"},{\"@type\":\"Organization\",\"@id\":\"https:\/\/www.acps-automotive.com\/es\/#organization\",\"name\":\"ACPS Automotive GmbH\",\"url\":\"https:\/\/www.acps-automotive.com\/es\/\",\"logo\":{\"@type\":\"ImageObject\",\"inLanguage\":\"es\",\"@id\":\"https:\/\/www.acps-automotive.com\/es\/#\/schema\/logo\/image\/\",\"url\":\"https:\/\/www.acps-automotive.com\/wp-content\/uploads\/_media\/_allgemein\/Logo-Footer-ACPS-Automotive.png\",\"contentUrl\":\"https:\/\/www.acps-automotive.com\/wp-content\/uploads\/_media\/_allgemein\/Logo-Footer-ACPS-Automotive.png\",\"width\":239,\"height\":32,\"caption\":\"ACPS Automotive GmbH\"},\"image\":{\"@id\":\"https:\/\/www.acps-automotive.com\/es\/#\/schema\/logo\/image\/\"},\"sameAs\":[\"https:\/\/x.com\/ACPS_Automotive\",\"https:\/\/www.linkedin.com\/company\/acps-automotive-gmbh\/\",\"https:\/\/www.instagram.com\/acps_ausbildung\/\",\"https:\/\/www.youtube.com\/channel\/UC2jxrgWwpxpkay2aHWV5SaQ\"]}]}<\/script>\n<!-- \/ Yoast SEO plugin. -->","yoast_head_json":{"title":"R\u00edgido Receiver | ACPS Automotive","description":"R\u00edgido Receiver: sistema de remolque para el mercado estadounidense \u2713econ\u00f3mico y \u2713funcional. \u25ba \u00a1Este sistema le convencer\u00e1!","robots":{"index":"index","follow":"follow","max-snippet":"max-snippet:-1","max-image-preview":"max-image-preview:large","max-video-preview":"max-video-preview:-1"},"canonical":"https:\/\/www.acps-automotive.com\/es\/productos\/para-ee-uu\/rigido-receiver\/","og_locale":"es_ES","og_type":"article","og_title":"R\u00edgido Receiver | ACPS Automotive","og_description":"R\u00edgido Receiver: sistema de remolque para el mercado estadounidense \u2713econ\u00f3mico y \u2713funcional. \u25ba \u00a1Este sistema le convencer\u00e1!","og_url":"https:\/\/www.acps-automotive.com\/es\/productos\/para-ee-uu\/rigido-receiver\/","og_site_name":"ACPS Automotive GmbH","article_modified_time":"2026-03-05T09:38:28+00:00","og_image":[{"url":"https:\/\/www.acps-automotive.com\/wp-content\/uploads\/_media\/produkte\/usa\/starre-av\/starre-av.jpg","type":"","width":"","height":""}],"twitter_card":"summary_large_image","twitter_site":"@ACPS_Automotive","twitter_misc":{"Tiempo de lectura":"2 minutos"},"schema":{"@context":"https:\/\/schema.org","@graph":[{"@type":"WebPage","@id":"https:\/\/www.acps-automotive.com\/es\/productos\/para-ee-uu\/rigido-receiver\/","url":"https:\/\/www.acps-automotive.com\/es\/productos\/para-ee-uu\/rigido-receiver\/","name":"R\u00edgido Receiver | ACPS Automotive","isPartOf":{"@id":"https:\/\/www.acps-automotive.com\/es\/#website"},"primaryImageOfPage":{"@id":"https:\/\/www.acps-automotive.com\/es\/productos\/para-ee-uu\/rigido-receiver\/#primaryimage"},"image":{"@id":"https:\/\/www.acps-automotive.com\/es\/productos\/para-ee-uu\/rigido-receiver\/#primaryimage"},"thumbnailUrl":"https:\/\/www.acps-automotive.com\/wp-content\/uploads\/_media\/produkte\/usa\/starre-av\/starre-av.jpg","datePublished":"2025-12-19T15:06:49+00:00","dateModified":"2026-03-05T09:38:28+00:00","description":"R\u00edgido Receiver: sistema de remolque para el mercado estadounidense \u2713econ\u00f3mico y \u2713funcional. \u25ba \u00a1Este sistema le convencer\u00e1!","breadcrumb":{"@id":"https:\/\/www.acps-automotive.com\/es\/productos\/para-ee-uu\/rigido-receiver\/#breadcrumb"},"inLanguage":"es","potentialAction":[{"@type":"ReadAction","target":["https:\/\/www.acps-automotive.com\/es\/productos\/para-ee-uu\/rigido-receiver\/"]}]},{"@type":"ImageObject","inLanguage":"es","@id":"https:\/\/www.acps-automotive.com\/es\/productos\/para-ee-uu\/rigido-receiver\/#primaryimage","url":"https:\/\/www.acps-automotive.com\/wp-content\/uploads\/_media\/produkte\/usa\/starre-av\/starre-av.jpg","contentUrl":"https:\/\/www.acps-automotive.com\/wp-content\/uploads\/_media\/produkte\/usa\/starre-av\/starre-av.jpg"},{"@type":"BreadcrumbList","@id":"https:\/\/www.acps-automotive.com\/es\/productos\/para-ee-uu\/rigido-receiver\/#breadcrumb","itemListElement":[{"@type":"ListItem","position":1,"name":"Startseite","item":"https:\/\/www.acps-automotive.com\/es\/"},{"@type":"ListItem","position":2,"name":"Productos","item":"https:\/\/www.acps-automotive.com\/es\/productos\/"},{"@type":"ListItem","position":3,"name":"Dispositivos de remolque para el mercado estadounidense","item":"https:\/\/www.acps-automotive.com\/es\/productos\/para-ee-uu\/"},{"@type":"ListItem","position":4,"name":"R\u00edgido Receiver"}]},{"@type":"WebSite","@id":"https:\/\/www.acps-automotive.com\/es\/#website","url":"https:\/\/www.acps-automotive.com\/es\/","name":"ACPS Automotive GmbH","description":"Innovative Anh\u00e4ngekupplungen","publisher":{"@id":"https:\/\/www.acps-automotive.com\/es\/#organization"},"potentialAction":[{"@type":"SearchAction","target":{"@type":"EntryPoint","urlTemplate":"https:\/\/www.acps-automotive.com\/es\/?s={search_term_string}"},"query-input":{"@type":"PropertyValueSpecification","valueRequired":true,"valueName":"search_term_string"}}],"inLanguage":"es"},{"@type":"Organization","@id":"https:\/\/www.acps-automotive.com\/es\/#organization","name":"ACPS Automotive GmbH","url":"https:\/\/www.acps-automotive.com\/es\/","logo":{"@type":"ImageObject","inLanguage":"es","@id":"https:\/\/www.acps-automotive.com\/es\/#\/schema\/logo\/image\/","url":"https:\/\/www.acps-automotive.com\/wp-content\/uploads\/_media\/_allgemein\/Logo-Footer-ACPS-Automotive.png","contentUrl":"https:\/\/www.acps-automotive.com\/wp-content\/uploads\/_media\/_allgemein\/Logo-Footer-ACPS-Automotive.png","width":239,"height":32,"caption":"ACPS Automotive GmbH"},"image":{"@id":"https:\/\/www.acps-automotive.com\/es\/#\/schema\/logo\/image\/"},"sameAs":["https:\/\/x.com\/ACPS_Automotive","https:\/\/www.linkedin.com\/company\/acps-automotive-gmbh\/","https:\/\/www.instagram.com\/acps_ausbildung\/","https:\/\/www.youtube.com\/channel\/UC2jxrgWwpxpkay2aHWV5SaQ"]}]}},"_links":{"self":[{"href":"https:\/\/www.acps-automotive.com\/es\/wp-json\/wp\/v2\/pages\/27333","targetHints":{"allow":["GET"]}}],"collection":[{"href":"https:\/\/www.acps-automotive.com\/es\/wp-json\/wp\/v2\/pages"}],"about":[{"href":"https:\/\/www.acps-automotive.com\/es\/wp-json\/wp\/v2\/types\/page"}],"author":[{"embeddable":true,"href":"https:\/\/www.acps-automotive.com\/es\/wp-json\/wp\/v2\/users\/8"}],"replies":[{"embeddable":true,"href":"https:\/\/www.acps-automotive.com\/es\/wp-json\/wp\/v2\/comments?post=27333"}],"version-history":[{"count":8,"href":"https:\/\/www.acps-automotive.com\/es\/wp-json\/wp\/v2\/pages\/27333\/revisions"}],"predecessor-version":[{"id":28313,"href":"https:\/\/www.acps-automotive.com\/es\/wp-json\/wp\/v2\/pages\/27333\/revisions\/28313"}],"up":[{"embeddable":true,"href":"https:\/\/www.acps-automotive.com\/es\/wp-json\/wp\/v2\/pages\/27317"}],"wp:attachment":[{"href":"https:\/\/www.acps-automotive.com\/es\/wp-json\/wp\/v2\/media?parent=27333"}],"curies":[{"name":"wp","href":"https:\/\/api.w.org\/{rel}","templated":true}]}}