{"id":27322,"date":"2025-12-19T16:02:25","date_gmt":"2025-12-19T15:02:25","guid":{"rendered":"https:\/\/www.acps-automotive.com\/?page_id=27322"},"modified":"2026-03-05T10:27:48","modified_gmt":"2026-03-05T09:27:48","slug":"giratorio-receiver","status":"publish","type":"page","link":"https:\/\/www.acps-automotive.com\/es\/productos\/para-ee-uu\/giratorio-receiver\/","title":{"rendered":"Giratorio receiver"},"content":{"rendered":"<div class=\"vgblk-rw-wrapper limit-wrapper\">\n\n\t<h1><strong>Giratorio<\/strong><br \/>\nReceiver<\/h1>\n\t\t\tSemiel\u00e9ctrico giratorio\t\t\n\t\t\tGiratorio manualmente\t\t\n<p><strong>Semiel\u00e9ctrico giratorio receiver<\/strong><\/p>\n<h5>Ventajas<\/h5>\n<ul>\n<li>Sin mantenimiento<\/li>\n<li>Listo para usar r\u00e1pidamente<\/li>\n<li>C\u00f3modo<\/li>\n<li>Receptor disponible cuando se necesita sin restricciones de dise\u00f1o \u00f3ptico: ya no es necesario un cubreparachoques o un recorte en el parachoques<\/li>\n<li>En posici\u00f3n de reposo, el receptor y la toma de corriente no son visibles<\/li>\n<li>Control del sistema con indicador LED y\/o se\u00f1al ac\u00fastica<\/li>\n<li>Sistema impermeable, por lo que es apto para el agua<\/li>\n<li>La toma de corriente se gira junto con el receptor y est\u00e1 colocada de forma ergon\u00f3mica<\/li>\n<li>Sistema giratorio basado en una tecnolog\u00eda probada, que se utiliza en la UE desde hace a\u00f1os<\/li>\n<\/ul>\n<img loading=\"lazy\" decoding=\"async\" src=\"https:\/\/www.acps-automotive.com\/wp-content\/uploads\/_media\/produkte\/usa\/schwenkbare-av\/schwenkbare-av.jpg\" alt=\"USA Schwenkbare Anh\u00e4ngevorrichtungen\" width=\"730\" height=\"720\" \/>\n<h5>Datos t\u00e9cnicos<\/h5>\n<table border=\"0\" width=\"40%\">\n<tbody>\n<tr>\n<td><strong>Tama\u00f1o de 1 \u00bc<\/strong><\/td>\n<td>Clase I &#8211; II<\/td>\n<\/tr>\n<tr>\n<td><strong>Tama\u00f1o de 2&#8243;<\/strong><\/td>\n<td>Clase III<\/td>\n<\/tr>\n<\/tbody>\n<\/table>\n<strong>\u00bfLos datos aqu\u00ed indicados no se ajustan a los requisitos espec\u00edficos de su veh\u00edculo?<\/strong><br \/>\nEntonces <a href=\"\/es\/contacto\/formulario-de-contacto\/\">no dude en ponerse en contacto con nosotros<\/a>, ya que tambi\u00e9n desarrollamos componentes y soluciones a la medida.\n<h5>Handling &#8211; r\u00e1pido, ergon\u00f3mico y compacto<\/h5>\n<p>Con solo pulsar un bot\u00f3n, el dispositivo de remolque semiel\u00e9ctrico giratorio est\u00e1 listo para su uso en cualquier momento. En posici\u00f3n de reposo, no es visible y garantiza un dise\u00f1o impecable. El receptor giratorio, \u00fanico en el mercado, es f\u00e1cilmente accesible para el usuario y garantiza la m\u00e1xima ergonom\u00eda. La combinaci\u00f3n del sistema giratorio de eje inclinado y el tubo receptor est\u00e1 patentada y solo puede ser utilizada por ACPS Automotive.<\/p>\n<h5>Instrucciones<\/h5>\nCon solo pulsar un bot\u00f3n en el maletero, el receptor gira hacia la posici\u00f3n de funcionamiento.<br \/>\nEl indicador LED rojo parpadeante y\/o el zumbido indican que el bloqueo se ha liberado. Con un ligero movimiento de la mano, el receptor se coloca en posici\u00f3n de funcionamiento y se bloquea autom\u00e1ticamente.<br \/>\nUna vez bloqueado de forma segura, la luz indicadora se apaga y\/o el zumbido se detiene.<br \/>\nAcceso c\u00f3modo y f\u00e1cil a la toma de corriente, ya que est\u00e1 fijada al Receiver.\n<p><strong>Receptor giratorio manual<\/strong><\/p>\n<h5>Ventajas<\/h5>\n<ul>\n<li>Sin mantenimiento<\/li>\n<li>R\u00e1pido de instalar<\/li>\n<li>Compacto<\/li>\n<li>C\u00f3modo<\/li>\n<li>Robusto<\/li>\n<li>Receptor disponible en caso necesario sin restricciones de dise\u00f1o \u00f3ptico: ya no es necesario realizar un recorte en el parachoques<\/li>\n<li>El bloqueo se realiza mediante el accesorio insertado (cabezal esf\u00e9rico\/portabicicletas) con la opci\u00f3n de un bloqueo secundario adicional<\/li>\n<li>Sistema impermeable, por lo que es apto para el agua<\/li>\n<li>La toma de corriente se gira junto con el receptor y est\u00e1 situada en una posici\u00f3n ergon\u00f3mica<\/li>\n<\/ul>\n<img loading=\"lazy\" decoding=\"async\" src=\"https:\/\/www.acps-automotive.com\/wp-content\/uploads\/_media\/produkte\/usa\/schwenkbare-av\/manuell-schwenkbare-av.jpg\" alt=\"\" width=\"730\" height=\"720\" \/>\n<h5>Datos t\u00e9cnicos<\/h5>\n<table border=\"0\" width=\"40%\">\n<tbody>\n<tr>\n<td><strong>Tama\u00f1o de 2&#8243;<\/strong><\/td>\n<td>Clase III<\/td>\n<\/tr>\n<\/tbody>\n<\/table>\n<p>&nbsp;<\/p>\n<p>&nbsp;<\/p>\n<strong>\u00bfLos datos aqu\u00ed indicados no se ajustan a los requisitos espec\u00edficos de su veh\u00edculo?<\/strong><br \/>\nEntonces <a href=\"\/es\/contacto\/formulario-de-contacto\/\">no dude en ponerse en contacto con nosotros<\/a>, ya que tambi\u00e9n desarrollamos componentes y soluciones a medida.\n<h5>R\u00e1pido y listo para usar<\/h5>\n<p>Al presionar la palanca situada debajo del veh\u00edculo, nuestro receptor giratorio, colocado en un espacio no visible, se libera del bloqueo. Al tirar completamente de la palanca, el sistema se coloca en la posici\u00f3n final y se bloquea autom\u00e1ticamente al soltar la palanca.<\/p>\n<h5>Dise\u00f1o ergon\u00f3mico<\/h5>\n<p>El sistema giratorio manual de ACPS Automotive no solo destaca por su manejo sencillo y ergon\u00f3mico, sino tambi\u00e9n por una toma de corriente situada junto al m\u00f3dulo giratorio. Esta toma es necesaria para la conexi\u00f3n el\u00e9ctrica entre el veh\u00edculo y el remolque o el sistema de transporte. Su ubicaci\u00f3n garantiza la m\u00e1xima comodidad ergon\u00f3mica y un acceso excepcionalmente f\u00e1cil.<\/p>\n<h5>Montaje compacto<\/h5>\n<p>El receptor giratorio manual requiere, debido a la geometr\u00eda especial del proceso de giro<\/p>\n\t<h2>Kits el\u00e9ctricos adecuados<br \/>\n<strong>seg\u00fan las necesidades del cliente<\/strong><\/h2>\n<p>Los kits el\u00e9ctricos adecuados para los dispositivos de remolque se desarrollan en colaboraci\u00f3n con fabricantes de renombre de cables, seg\u00fan las necesidades del cliente. Ofrecemos a los fabricantes de autom\u00f3viles y a sus concesionarios autorizados nuestros sistemas para la instalaci\u00f3n en serie o el reequipamiento. Adem\u00e1s, hay piezas de repuesto disponibles para ambas \u00e1reas.<\/p>\n\t<h4><strong>Otros dispositivos de remolque<\/strong><br \/>\npara el mercado estadounidense<\/h4>\n\t<p><a href=\"\/es\/productos\/para-ee-uu\/rigido-receiver\/\">R\u00edgido Receiver<\/a><\/p>\n<p><a href=\"\/es\/productos\/para-ee-uu\/rigido-receiver\/\"><img loading=\"lazy\" decoding=\"async\" src=\"\/wp-content\/uploads\/_media\/produkte\/usa\/uebersicht\/abnehmbare-anhanegevorrichtungen-300x250.jpg\" alt=\"Abnehmbarer Receiver \" width=\"300\" height=\"250\" \/><\/a><\/p>\n\t<p><a href=\"\/es\/productos\/para-ee-uu\/desmontable-receiver\/\">Desmontable Receiver<\/a><\/p>\n<p><a href=\"\/es\/productos\/para-ee-uu\/desmontable-receiver\/\"><img loading=\"lazy\" decoding=\"async\" src=\"\/wp-content\/uploads\/_media\/produkte\/usa\/uebersicht\/starre-anhanegevorrichtungen-300x250.jpg\" alt=\"Starre Receiver\" width=\"300\" height=\"250\" \/><\/a><\/p>\n\t<p><a href=\"\/es\/productos\/para-ee-uu\/giratorio-receiver\/\">Giratorio Receiver<\/a><\/p>\n<p><a href=\"\/es\/productos\/para-ee-uu\/giratorio-receiver\/\"><img loading=\"lazy\" decoding=\"async\" src=\"\/wp-content\/uploads\/_media\/produkte\/usa\/uebersicht\/schwenkbare-anhanegevorrichtungen-300x250.jpg\" alt=\"Schwenkreceiver \" width=\"300\" height=\"250\" \/><\/a><\/p>\n\t<h2>\u00bfTiene alguna pregunta?<br \/>\n<strong>Le asesoramos<br \/>\n<\/strong><\/h2>\n<p>Si tiene alguna pregunta sobre nuestros dispositivos de remolque, no dude en ponerse en contacto con nosotros.<\/p>\n<p><a href=\"\/kontakt\/kontaktformular\/\"><img loading=\"lazy\" decoding=\"async\" src=\"https:\/\/www.acps-automotive.com\/wp-content\/uploads\/_media\/_allgemein\/pfeil-gross-dunkelblau.png\" alt=\"Pfeil gross dunkelblau\" width=\"67\" height=\"45\" \/>Contacto<\/a><\/p>\n<p>&nbsp;<\/p>\n\n<\/div><!-- .vgblk-rw-wrapper -->","protected":false},"excerpt":{"rendered":"<p>Giratorio Receiver Semiel\u00e9ctrico giratorio Giratorio manualmente Semiel\u00e9ctrico giratorio receiver Ventajas Sin mantenimiento Listo para usar r\u00e1pidamente C\u00f3modo Receptor disponible cuando se necesita sin restricciones de dise\u00f1o \u00f3ptico: ya no es necesario un cubreparachoques o un recorte en el parachoques En posici\u00f3n de reposo, el receptor y la toma de corriente no son visibles Control del&#8230;<\/p>\n","protected":false},"author":8,"featured_media":0,"parent":27317,"menu_order":0,"comment_status":"closed","ping_status":"closed","template":"","meta":{"inline_featured_image":false,"_price":"","_stock":"","_tribe_ticket_header":"","_tribe_default_ticket_provider":"","_tribe_ticket_capacity":"0","_ticket_start_date":"","_ticket_end_date":"","_tribe_ticket_show_description":"","_tribe_ticket_show_not_going":false,"_tribe_ticket_use_global_stock":"","_tribe_ticket_global_stock_level":"","_global_stock_mode":"","_global_stock_cap":"","_tribe_rsvp_for_event":"","_tribe_ticket_going_count":"","_tribe_ticket_not_going_count":"","_tribe_tickets_list":"[]","_tribe_ticket_has_attendee_info_fields":false,"footnotes":""},"class_list":["post-27322","page","type-page","status-publish","hentry"],"yoast_head":"<!-- This site is optimized with the Yoast SEO plugin v27.2 - https:\/\/yoast.com\/product\/yoast-seo-wordpress\/ -->\n<title>Giratorio receiver | ACPS Automotive<\/title>\n<meta name=\"description\" content=\"Receptor giratorio semiel\u00e9ctrico \u2713Especialmente innovador y f\u00e1cil de usar \u2713Listo para usar en muy poco tiempo \u25ba Estas ventajas convencen\" \/>\n<meta name=\"robots\" content=\"index, follow, max-snippet:-1, max-image-preview:large, max-video-preview:-1\" \/>\n<link rel=\"canonical\" href=\"https:\/\/www.acps-automotive.com\/es\/productos\/para-ee-uu\/giratorio-receiver\/\" \/>\n<meta property=\"og:locale\" content=\"es_ES\" \/>\n<meta property=\"og:type\" content=\"article\" \/>\n<meta property=\"og:title\" content=\"Giratorio receiver | ACPS Automotive\" \/>\n<meta property=\"og:description\" content=\"Receptor giratorio semiel\u00e9ctrico \u2713Especialmente innovador y f\u00e1cil de usar \u2713Listo para usar en muy poco tiempo \u25ba Estas ventajas convencen\" \/>\n<meta property=\"og:url\" content=\"https:\/\/www.acps-automotive.com\/es\/productos\/para-ee-uu\/giratorio-receiver\/\" \/>\n<meta property=\"og:site_name\" content=\"ACPS Automotive GmbH\" \/>\n<meta property=\"article:modified_time\" content=\"2026-03-05T09:27:48+00:00\" \/>\n<meta property=\"og:image\" content=\"https:\/\/www.acps-automotive.com\/wp-content\/uploads\/_media\/produkte\/usa\/schwenkbare-av\/schwenkbare-av.jpg\" \/>\n<meta name=\"twitter:card\" content=\"summary_large_image\" \/>\n<meta name=\"twitter:site\" content=\"@ACPS_Automotive\" \/>\n<meta name=\"twitter:label1\" content=\"Tiempo de lectura\" \/>\n\t<meta name=\"twitter:data1\" content=\"5 minutos\" \/>\n<script type=\"application\/ld+json\" class=\"yoast-schema-graph\">{\"@context\":\"https:\/\/schema.org\",\"@graph\":[{\"@type\":\"WebPage\",\"@id\":\"https:\/\/www.acps-automotive.com\/es\/productos\/para-ee-uu\/giratorio-receiver\/\",\"url\":\"https:\/\/www.acps-automotive.com\/es\/productos\/para-ee-uu\/giratorio-receiver\/\",\"name\":\"Giratorio receiver | ACPS Automotive\",\"isPartOf\":{\"@id\":\"https:\/\/www.acps-automotive.com\/es\/#website\"},\"primaryImageOfPage\":{\"@id\":\"https:\/\/www.acps-automotive.com\/es\/productos\/para-ee-uu\/giratorio-receiver\/#primaryimage\"},\"image\":{\"@id\":\"https:\/\/www.acps-automotive.com\/es\/productos\/para-ee-uu\/giratorio-receiver\/#primaryimage\"},\"thumbnailUrl\":\"https:\/\/www.acps-automotive.com\/wp-content\/uploads\/_media\/produkte\/usa\/schwenkbare-av\/schwenkbare-av.jpg\",\"datePublished\":\"2025-12-19T15:02:25+00:00\",\"dateModified\":\"2026-03-05T09:27:48+00:00\",\"description\":\"Receptor giratorio semiel\u00e9ctrico \u2713Especialmente innovador y f\u00e1cil de usar \u2713Listo para usar en muy poco tiempo \u25ba Estas ventajas convencen\",\"breadcrumb\":{\"@id\":\"https:\/\/www.acps-automotive.com\/es\/productos\/para-ee-uu\/giratorio-receiver\/#breadcrumb\"},\"inLanguage\":\"es\",\"potentialAction\":[{\"@type\":\"ReadAction\",\"target\":[\"https:\/\/www.acps-automotive.com\/es\/productos\/para-ee-uu\/giratorio-receiver\/\"]}]},{\"@type\":\"ImageObject\",\"inLanguage\":\"es\",\"@id\":\"https:\/\/www.acps-automotive.com\/es\/productos\/para-ee-uu\/giratorio-receiver\/#primaryimage\",\"url\":\"https:\/\/www.acps-automotive.com\/wp-content\/uploads\/_media\/produkte\/usa\/schwenkbare-av\/schwenkbare-av.jpg\",\"contentUrl\":\"https:\/\/www.acps-automotive.com\/wp-content\/uploads\/_media\/produkte\/usa\/schwenkbare-av\/schwenkbare-av.jpg\"},{\"@type\":\"BreadcrumbList\",\"@id\":\"https:\/\/www.acps-automotive.com\/es\/productos\/para-ee-uu\/giratorio-receiver\/#breadcrumb\",\"itemListElement\":[{\"@type\":\"ListItem\",\"position\":1,\"name\":\"Startseite\",\"item\":\"https:\/\/www.acps-automotive.com\/es\/\"},{\"@type\":\"ListItem\",\"position\":2,\"name\":\"Productos\",\"item\":\"https:\/\/www.acps-automotive.com\/es\/productos\/\"},{\"@type\":\"ListItem\",\"position\":3,\"name\":\"Dispositivos de remolque para el mercado estadounidense\",\"item\":\"https:\/\/www.acps-automotive.com\/es\/productos\/para-ee-uu\/\"},{\"@type\":\"ListItem\",\"position\":4,\"name\":\"Giratorio receiver\"}]},{\"@type\":\"WebSite\",\"@id\":\"https:\/\/www.acps-automotive.com\/es\/#website\",\"url\":\"https:\/\/www.acps-automotive.com\/es\/\",\"name\":\"ACPS Automotive GmbH\",\"description\":\"Innovative Anh\u00e4ngekupplungen\",\"publisher\":{\"@id\":\"https:\/\/www.acps-automotive.com\/es\/#organization\"},\"potentialAction\":[{\"@type\":\"SearchAction\",\"target\":{\"@type\":\"EntryPoint\",\"urlTemplate\":\"https:\/\/www.acps-automotive.com\/es\/?s={search_term_string}\"},\"query-input\":{\"@type\":\"PropertyValueSpecification\",\"valueRequired\":true,\"valueName\":\"search_term_string\"}}],\"inLanguage\":\"es\"},{\"@type\":\"Organization\",\"@id\":\"https:\/\/www.acps-automotive.com\/es\/#organization\",\"name\":\"ACPS Automotive GmbH\",\"url\":\"https:\/\/www.acps-automotive.com\/es\/\",\"logo\":{\"@type\":\"ImageObject\",\"inLanguage\":\"es\",\"@id\":\"https:\/\/www.acps-automotive.com\/es\/#\/schema\/logo\/image\/\",\"url\":\"https:\/\/www.acps-automotive.com\/wp-content\/uploads\/_media\/_allgemein\/Logo-Footer-ACPS-Automotive.png\",\"contentUrl\":\"https:\/\/www.acps-automotive.com\/wp-content\/uploads\/_media\/_allgemein\/Logo-Footer-ACPS-Automotive.png\",\"width\":239,\"height\":32,\"caption\":\"ACPS Automotive GmbH\"},\"image\":{\"@id\":\"https:\/\/www.acps-automotive.com\/es\/#\/schema\/logo\/image\/\"},\"sameAs\":[\"https:\/\/x.com\/ACPS_Automotive\",\"https:\/\/www.linkedin.com\/company\/acps-automotive-gmbh\/\",\"https:\/\/www.instagram.com\/acps_ausbildung\/\",\"https:\/\/www.youtube.com\/channel\/UC2jxrgWwpxpkay2aHWV5SaQ\"]}]}<\/script>\n<!-- \/ Yoast SEO plugin. -->","yoast_head_json":{"title":"Giratorio receiver | ACPS Automotive","description":"Receptor giratorio semiel\u00e9ctrico \u2713Especialmente innovador y f\u00e1cil de usar \u2713Listo para usar en muy poco tiempo \u25ba Estas ventajas convencen","robots":{"index":"index","follow":"follow","max-snippet":"max-snippet:-1","max-image-preview":"max-image-preview:large","max-video-preview":"max-video-preview:-1"},"canonical":"https:\/\/www.acps-automotive.com\/es\/productos\/para-ee-uu\/giratorio-receiver\/","og_locale":"es_ES","og_type":"article","og_title":"Giratorio receiver | ACPS Automotive","og_description":"Receptor giratorio semiel\u00e9ctrico \u2713Especialmente innovador y f\u00e1cil de usar \u2713Listo para usar en muy poco tiempo \u25ba Estas ventajas convencen","og_url":"https:\/\/www.acps-automotive.com\/es\/productos\/para-ee-uu\/giratorio-receiver\/","og_site_name":"ACPS Automotive GmbH","article_modified_time":"2026-03-05T09:27:48+00:00","og_image":[{"url":"https:\/\/www.acps-automotive.com\/wp-content\/uploads\/_media\/produkte\/usa\/schwenkbare-av\/schwenkbare-av.jpg","type":"","width":"","height":""}],"twitter_card":"summary_large_image","twitter_site":"@ACPS_Automotive","twitter_misc":{"Tiempo de lectura":"5 minutos"},"schema":{"@context":"https:\/\/schema.org","@graph":[{"@type":"WebPage","@id":"https:\/\/www.acps-automotive.com\/es\/productos\/para-ee-uu\/giratorio-receiver\/","url":"https:\/\/www.acps-automotive.com\/es\/productos\/para-ee-uu\/giratorio-receiver\/","name":"Giratorio receiver | ACPS Automotive","isPartOf":{"@id":"https:\/\/www.acps-automotive.com\/es\/#website"},"primaryImageOfPage":{"@id":"https:\/\/www.acps-automotive.com\/es\/productos\/para-ee-uu\/giratorio-receiver\/#primaryimage"},"image":{"@id":"https:\/\/www.acps-automotive.com\/es\/productos\/para-ee-uu\/giratorio-receiver\/#primaryimage"},"thumbnailUrl":"https:\/\/www.acps-automotive.com\/wp-content\/uploads\/_media\/produkte\/usa\/schwenkbare-av\/schwenkbare-av.jpg","datePublished":"2025-12-19T15:02:25+00:00","dateModified":"2026-03-05T09:27:48+00:00","description":"Receptor giratorio semiel\u00e9ctrico \u2713Especialmente innovador y f\u00e1cil de usar \u2713Listo para usar en muy poco tiempo \u25ba Estas ventajas convencen","breadcrumb":{"@id":"https:\/\/www.acps-automotive.com\/es\/productos\/para-ee-uu\/giratorio-receiver\/#breadcrumb"},"inLanguage":"es","potentialAction":[{"@type":"ReadAction","target":["https:\/\/www.acps-automotive.com\/es\/productos\/para-ee-uu\/giratorio-receiver\/"]}]},{"@type":"ImageObject","inLanguage":"es","@id":"https:\/\/www.acps-automotive.com\/es\/productos\/para-ee-uu\/giratorio-receiver\/#primaryimage","url":"https:\/\/www.acps-automotive.com\/wp-content\/uploads\/_media\/produkte\/usa\/schwenkbare-av\/schwenkbare-av.jpg","contentUrl":"https:\/\/www.acps-automotive.com\/wp-content\/uploads\/_media\/produkte\/usa\/schwenkbare-av\/schwenkbare-av.jpg"},{"@type":"BreadcrumbList","@id":"https:\/\/www.acps-automotive.com\/es\/productos\/para-ee-uu\/giratorio-receiver\/#breadcrumb","itemListElement":[{"@type":"ListItem","position":1,"name":"Startseite","item":"https:\/\/www.acps-automotive.com\/es\/"},{"@type":"ListItem","position":2,"name":"Productos","item":"https:\/\/www.acps-automotive.com\/es\/productos\/"},{"@type":"ListItem","position":3,"name":"Dispositivos de remolque para el mercado estadounidense","item":"https:\/\/www.acps-automotive.com\/es\/productos\/para-ee-uu\/"},{"@type":"ListItem","position":4,"name":"Giratorio receiver"}]},{"@type":"WebSite","@id":"https:\/\/www.acps-automotive.com\/es\/#website","url":"https:\/\/www.acps-automotive.com\/es\/","name":"ACPS Automotive GmbH","description":"Innovative Anh\u00e4ngekupplungen","publisher":{"@id":"https:\/\/www.acps-automotive.com\/es\/#organization"},"potentialAction":[{"@type":"SearchAction","target":{"@type":"EntryPoint","urlTemplate":"https:\/\/www.acps-automotive.com\/es\/?s={search_term_string}"},"query-input":{"@type":"PropertyValueSpecification","valueRequired":true,"valueName":"search_term_string"}}],"inLanguage":"es"},{"@type":"Organization","@id":"https:\/\/www.acps-automotive.com\/es\/#organization","name":"ACPS Automotive GmbH","url":"https:\/\/www.acps-automotive.com\/es\/","logo":{"@type":"ImageObject","inLanguage":"es","@id":"https:\/\/www.acps-automotive.com\/es\/#\/schema\/logo\/image\/","url":"https:\/\/www.acps-automotive.com\/wp-content\/uploads\/_media\/_allgemein\/Logo-Footer-ACPS-Automotive.png","contentUrl":"https:\/\/www.acps-automotive.com\/wp-content\/uploads\/_media\/_allgemein\/Logo-Footer-ACPS-Automotive.png","width":239,"height":32,"caption":"ACPS Automotive GmbH"},"image":{"@id":"https:\/\/www.acps-automotive.com\/es\/#\/schema\/logo\/image\/"},"sameAs":["https:\/\/x.com\/ACPS_Automotive","https:\/\/www.linkedin.com\/company\/acps-automotive-gmbh\/","https:\/\/www.instagram.com\/acps_ausbildung\/","https:\/\/www.youtube.com\/channel\/UC2jxrgWwpxpkay2aHWV5SaQ"]}]}},"_links":{"self":[{"href":"https:\/\/www.acps-automotive.com\/es\/wp-json\/wp\/v2\/pages\/27322","targetHints":{"allow":["GET"]}}],"collection":[{"href":"https:\/\/www.acps-automotive.com\/es\/wp-json\/wp\/v2\/pages"}],"about":[{"href":"https:\/\/www.acps-automotive.com\/es\/wp-json\/wp\/v2\/types\/page"}],"author":[{"embeddable":true,"href":"https:\/\/www.acps-automotive.com\/es\/wp-json\/wp\/v2\/users\/8"}],"replies":[{"embeddable":true,"href":"https:\/\/www.acps-automotive.com\/es\/wp-json\/wp\/v2\/comments?post=27322"}],"version-history":[{"count":9,"href":"https:\/\/www.acps-automotive.com\/es\/wp-json\/wp\/v2\/pages\/27322\/revisions"}],"predecessor-version":[{"id":28310,"href":"https:\/\/www.acps-automotive.com\/es\/wp-json\/wp\/v2\/pages\/27322\/revisions\/28310"}],"up":[{"embeddable":true,"href":"https:\/\/www.acps-automotive.com\/es\/wp-json\/wp\/v2\/pages\/27317"}],"wp:attachment":[{"href":"https:\/\/www.acps-automotive.com\/es\/wp-json\/wp\/v2\/media?parent=27322"}],"curies":[{"name":"wp","href":"https:\/\/api.w.org\/{rel}","templated":true}]}}