{"id":27317,"date":"2025-12-10T09:34:04","date_gmt":"2025-12-10T08:34:04","guid":{"rendered":"https:\/\/www.acps-automotive.com\/?page_id=27317"},"modified":"2026-03-05T10:43:06","modified_gmt":"2026-03-05T09:43:06","slug":"para-ee-uu","status":"publish","type":"page","link":"https:\/\/www.acps-automotive.com\/es\/productos\/para-ee-uu\/","title":{"rendered":"Dispositivos de remolque para el mercado estadounidense"},"content":{"rendered":"<div class=\"vgblk-rw-wrapper limit-wrapper\">\n\n\t<h1>Dispositivos de remolque<\/h1>\n<h2>para el<br \/>\nmercado estadounidense<\/h2>\n<p><a href=\"#produkte-link\">Ir a los productos<\/a><\/p>\n\t<h3><strong>Giratorio-<br \/>\n<\/strong>receiver<\/h3>\n<p>Los receptores giratorios son la soluci\u00f3n m\u00e1s innovadora y f\u00e1cil de usar. En posici\u00f3n de reposo, los dispositivos de remolque no son visibles.<\/p>\n<p><a href=\"https:\/\/www.acps-automotive.com\/es\/productos\/para-ee-uu\/giratorio-receiver\/\"><img loading=\"lazy\" decoding=\"async\" src=\"\/wp-content\/uploads\/_media\/_allgemein\/pfeil-mittel-hellblau.png\" alt=\"Pfeil mittel hellblau\" width=\"78\" height=\"47\" \/>Productos<\/a><\/p>\n\t<p><img loading=\"lazy\" decoding=\"async\" src=\"https:\/\/www.acps-automotive.com\/wp-content\/uploads\/_media\/produkte\/usa\/uebersicht\/schwenkbare-anhanegevorrichtungen.jpg\" alt=\"USA Schwenkbare Anh\u00e4ngevorrichtungen\" width=\"768\" height=\"640\" \/><\/p>\n\t<p><img loading=\"lazy\" decoding=\"async\" src=\"https:\/\/www.acps-automotive.com\/wp-content\/uploads\/_media\/produkte\/usa\/uebersicht\/abnehmbare-anhanegevorrichtungen.jpg\" alt=\"US Abnehmbare Anh\u00e4ngevorrichtungen\" width=\"768\" height=\"640\" \/><\/p>\n\t<h3><strong>Desmontable<\/strong><br \/>\nReceiver<\/h3>\n<p>El enganche removible de ACPS Automotive ofrece comodidad. Cuando no se utiliza, se guarda f\u00e1cilmente en el maletero, ocupando poco espacio. El enganche removible se monta en un abrir y cerrar de ojos con solo unos pocos pasos.<\/p>\n<p><a href=\"https:\/\/www.acps-automotive.com\/es\/productos\/para-ee-uu\/desmontable-receiver\/\"><img loading=\"lazy\" decoding=\"async\" src=\"\/wp-content\/uploads\/_media\/_allgemein\/pfeil-mittel-hellblau.png\" alt=\"Pfeil mittel hellblau\" width=\"78\" height=\"47\" \/>Productos<\/a><\/p>\n\t<h3><strong>R\u00edgido<\/strong><br \/>\nReceiver<\/h3>\n<p>En los dispositivos de remolque r\u00edgidos, el receptor est\u00e1 soldado de manera permanente al travesa\u00f1o. Son econ\u00f3micos y est\u00e1n siempre listos para su uso.<\/p>\n<p><a href=\"https:\/\/www.acps-automotive.com\/es\/productos\/para-ee-uu\/rigido-receiver\/\"><img loading=\"lazy\" decoding=\"async\" src=\"\/wp-content\/uploads\/_media\/_allgemein\/pfeil-mittel-hellblau.png\" alt=\"Pfeil mittel hellblau\" width=\"78\" height=\"47\" \/>Productos<\/a><\/p>\n\t<p><img loading=\"lazy\" decoding=\"async\" src=\"https:\/\/www.acps-automotive.com\/wp-content\/uploads\/_media\/produkte\/usa\/uebersicht\/starre-anhanegevorrichtungen.jpg\" alt=\"Starre Anh\u00e4negevorrichtungen\" width=\"768\" height=\"640\" \/><\/p>\n\t<h4><strong>L\u00edder tecnol\u00f3gico<\/strong><br \/>\nen dispositivos de remolque<\/h4>\n<p>Desde 2013, ACPS Automotive, l\u00edder tecnol\u00f3gico, suministra a Audi, BMW, GM, Mercedes, Tesla, Volvo y VW <b>sistemas de enganches espec\u00edficos para EE. UU. y Europa<\/b>. Adem\u00e1s de la planta de producci\u00f3n existente en M\u00e9xico, nuestra empresa ha abierto desde el verano de 2019 un <b>centro de desarrollo y distribuci\u00f3n en Troy \/ EE. UU.<\/b>, muy cerca de la ciudad automovil\u00edstica de Detroit. Se trata de un paso importante para ACPS Automotive, que ahora podr\u00e1 ofrecer sus exitosos sistemas de enganche de remolque de alta calidad tambi\u00e9n en EE. UU. bajo la <b>marca ORIS<\/b>.<\/p>\n\t\t\t\t\t\t\t<img loading=\"lazy\" decoding=\"async\" src=\"https:\/\/www.acps-automotive.com\/wp-content\/uploads\/_media\/produkte\/usa\/uebersicht\/bild-klein01.jpg\" alt=\"bild-klein01\" itemprop=\"image\" height=\"300\" width=\"410\" title=\"bild-klein01\" onerror=\"this.style.display='none'\"  sizes=\"auto, (max-width: 768px) 100vw, 100vw\" srcset=\"https:\/\/www.acps-automotive.com\/wp-content\/uploads\/_media\/produkte\/usa\/uebersicht\/bild-klein01.jpg 410w, https:\/\/www.acps-automotive.com\/wp-content\/uploads\/_media\/produkte\/usa\/uebersicht\/bild-klein01-300x220.jpg 300w, https:\/\/www.acps-automotive.com\/wp-content\/uploads\/_media\/produkte\/usa\/uebersicht\/bild-klein01-315x230.jpg 315w\" \/>\t\t\t\t\t\t\t\n\t\t\t\t\t\t\t<img loading=\"lazy\" decoding=\"async\" src=\"https:\/\/www.acps-automotive.com\/wp-content\/uploads\/_media\/produkte\/usa\/uebersicht\/bild-klein02.jpg\" alt=\"bild-klein02\" itemprop=\"image\" height=\"300\" width=\"410\" title=\"bild-klein02\" onerror=\"this.style.display='none'\"  sizes=\"auto, (max-width: 768px) 100vw, 100vw\" srcset=\"https:\/\/www.acps-automotive.com\/wp-content\/uploads\/_media\/produkte\/usa\/uebersicht\/bild-klein02.jpg 410w, https:\/\/www.acps-automotive.com\/wp-content\/uploads\/_media\/produkte\/usa\/uebersicht\/bild-klein02-300x220.jpg 300w, https:\/\/www.acps-automotive.com\/wp-content\/uploads\/_media\/produkte\/usa\/uebersicht\/bild-klein02-315x230.jpg 315w\" \/>\t\t\t\t\t\t\t\n\t\t\t\t\t\t\t<img loading=\"lazy\" decoding=\"async\" src=\"https:\/\/www.acps-automotive.com\/wp-content\/uploads\/_media\/produkte\/usa\/uebersicht\/bild-quer.jpg\" alt=\"bild-quer\" itemprop=\"image\" height=\"300\" width=\"640\" title=\"bild-quer\" onerror=\"this.style.display='none'\"  sizes=\"auto, (max-width: 768px) 100vw, 100vw\" srcset=\"https:\/\/www.acps-automotive.com\/wp-content\/uploads\/_media\/produkte\/usa\/uebersicht\/bild-quer.jpg 640w, https:\/\/www.acps-automotive.com\/wp-content\/uploads\/_media\/produkte\/usa\/uebersicht\/bild-quer-300x141.jpg 300w, https:\/\/www.acps-automotive.com\/wp-content\/uploads\/_media\/produkte\/usa\/uebersicht\/bild-quer-630x295.jpg 630w, https:\/\/www.acps-automotive.com\/wp-content\/uploads\/_media\/produkte\/usa\/uebersicht\/bild-quer-420x197.jpg 420w, https:\/\/www.acps-automotive.com\/wp-content\/uploads\/_media\/produkte\/usa\/uebersicht\/bild-quer-315x148.jpg 315w\" \/>\t\t\t\t\t\t\t\n\t<p>ACPS Automotive ha desarrollado numerosas innovaciones mundiales en el <b>mercado de los dispositivos de remolque<\/b>: en la <b>d\u00e9cada de los 70<\/b>, el primer sistema desmontable de Europa. La innovaci\u00f3n radica en que el dispositivo de remolque solo es visible cuando se utiliza y apenas altera el aspecto del veh\u00edculo. Tras los primeros dispositivos de remolque mec\u00e1nicos giratorios europeos alrededor del a\u00f1o 2000, en 2017 se presenta una nueva innovaci\u00f3n: el primer sistema semiel\u00e9ctrico giratorio. Con solo pulsar un bot\u00f3n y con un solo movimiento, el dispositivo de remolque est\u00e1 disponible r\u00e1pidamente y ofrece un alto nivel de comodidad y funcionalidad.<\/p>\n<p>En 2010, ACPS Automotive lanza al mercado europeo el primer <b>dispositivo de remolque totalmente el\u00e9ctrico<\/b> del mundo para ofrecer la m\u00e1xima comodidad. Actualmente somos la <b>empresa l\u00edder<\/b> en dispositivos de remolque totalmente el\u00e9ctricos en Europa. Nuestro objetivo: convertirnos tambi\u00e9n en <b>l\u00edderes del mercado<\/b> de dispositivos de remolque totalmente el\u00e9ctricos en Estados Unidos.<\/p>\n\t<h3>El progreso es nuestro<br \/>\n<strong>se\u00f1a de identidad<\/strong><\/h3>\n<ul>\n<li>ACPS Automotive lleva m\u00e1s de 60 a\u00f1os operando con \u00e9xito en el mercado europeo de dispositivos de remolque, y desde 2013 tambi\u00e9n en Estados Unidos. Nuestra empresa se ha convertido en l\u00edder tecnol\u00f3gico y ha contribuido a que el mercado sea lo que es hoy en d\u00eda.<\/li>\n<li>Nuestra ventaja tecnol\u00f3gica en el mercado estadounidense nos proporciona una ventaja competitiva y, al mismo tiempo, nos permite dar forma al futuro de los dispositivos de remolque.<\/li>\n<li>Consideramos que las condiciones cambiantes del mercado son una oportunidad y, sobre esta base, implementamos r\u00e1pidamente productos nuevos y comercializables.<\/li>\n<\/ul>\n\t\t\t\t\t\t\t<img loading=\"lazy\" decoding=\"async\" src=\"https:\/\/www.acps-automotive.com\/wp-content\/uploads\/_media\/produkte\/usa\/uebersicht\/bild-hoch.jpg\" alt=\"bild-hoch\" itemprop=\"image\" height=\"600\" width=\"410\" title=\"bild-hoch\" onerror=\"this.style.display='none'\"  sizes=\"auto, (max-width: 768px) 100vw, 100vw\" srcset=\"https:\/\/www.acps-automotive.com\/wp-content\/uploads\/_media\/produkte\/usa\/uebersicht\/bild-hoch.jpg 410w, https:\/\/www.acps-automotive.com\/wp-content\/uploads\/_media\/produkte\/usa\/uebersicht\/bild-hoch-205x300.jpg 205w, https:\/\/www.acps-automotive.com\/wp-content\/uploads\/_media\/produkte\/usa\/uebersicht\/bild-hoch-315x461.jpg 315w\" \/>\t\t\t\t\t\t\t\n\t\n\t\t\t<!-- START Slider f\u00fcr USA REVOLUTION SLIDER 6.6.16 --><p class=\"rs-p-wp-fix\"><\/p>\n\t\t\t<rs-module-wrap id=\"rev_slider_23_1_wrapper\" class=\"slider-carousel-wrapper\" data-source=\"gallery\" style=\"visibility:hidden;background:transparent;padding:0;margin:0px auto;margin-top:0;margin-bottom:0;\">\n\t\t\t\t<rs-module id=\"rev_slider_23_1\" class=\"slider-carousel\" style=\"\" data-version=\"6.6.16\">\n\t\t\t\t\t<rs-slides style=\"overflow: hidden; position: absolute;\">\n\t\t\t\t\t\t<rs-slide style=\"position: absolute;\" data-key=\"rs-42\" data-title=\"Slide\" data-thumb=\"\/\/www.acps-automotive.com\/wp-content\/uploads\/_media\/produkte\/usa\/uebersicht\/slider\/slider-01-210x150.jpg\" data-anim=\"ms:600;r:0;\" data-in=\"o:0;\" data-out=\"a:false;\">\n\t\t\t\t\t\t\t<img decoding=\"async\" src=\"\/\/www.acps-automotive.com\/wp-content\/plugins\/revslider\/public\/assets\/assets\/dummy.png\" alt=\"Schwenkbare Systeme \u2013 Halbelektrische Anh\u00e4ngevorrichtung\" title=\"Schwenkbare Systeme \u2013 Halbelektrische Anh\u00e4ngevorrichtung\" width=\"1080\" height=\"598\" class=\"rev-slidebg tp-rs-img rs-lazyload\" data-lazyload=\"\/\/www.acps-automotive.com\/wp-content\/uploads\/_media\/produkte\/usa\/uebersicht\/slider\/slider-01.jpg\" data-bg=\"f:contain;\" data-no-retina>\n<!---->\t\t\t\t\t\t<\/rs-slide>\n\t\t\t\t\t\t<rs-slide style=\"position: absolute;\" data-key=\"rs-43\" data-title=\"Slide\" data-thumb=\"\/\/www.acps-automotive.com\/wp-content\/uploads\/_media\/produkte\/usa\/uebersicht\/slider\/slider-02-210x150.jpg\" data-anim=\"ms:600;r:0;\" data-in=\"o:0;\" data-out=\"a:false;\">\n\t\t\t\t\t\t\t<img decoding=\"async\" src=\"\/\/www.acps-automotive.com\/wp-content\/plugins\/revslider\/public\/assets\/assets\/dummy.png\" alt=\"Starre Anh\u00e4ngevorrichtung\" title=\"Starre Anh\u00e4ngevorrichtung\" width=\"1080\" height=\"598\" class=\"rev-slidebg tp-rs-img rs-lazyload\" data-lazyload=\"\/\/www.acps-automotive.com\/wp-content\/uploads\/_media\/produkte\/usa\/uebersicht\/slider\/slider-02.jpg\" data-bg=\"f:contain;\" data-no-retina>\n<!---->\t\t\t\t\t\t<\/rs-slide>\n\t\t\t\t\t\t<rs-slide style=\"position: absolute;\" data-key=\"rs-44\" data-title=\"Slide\" data-thumb=\"\/\/www.acps-automotive.com\/wp-content\/uploads\/_media\/produkte\/usa\/uebersicht\/slider\/slider-03-210x150.jpg\" data-anim=\"ms:600;r:0;\" data-in=\"o:0;\" data-out=\"a:false;\">\n\t\t\t\t\t\t\t<img decoding=\"async\" src=\"\/\/www.acps-automotive.com\/wp-content\/plugins\/revslider\/public\/assets\/assets\/dummy.png\" alt=\"Abnehmbare Anh\u00e4ngevorrichtung\" title=\"Abnehmbare Anh\u00e4ngevorrichtung\" width=\"1080\" height=\"598\" class=\"rev-slidebg tp-rs-img rs-lazyload\" data-lazyload=\"\/\/www.acps-automotive.com\/wp-content\/uploads\/_media\/produkte\/usa\/uebersicht\/slider\/slider-03.jpg\" data-bg=\"f:contain;\" data-no-retina>\n<!---->\t\t\t\t\t\t<\/rs-slide>\n\t\t\t\t\t\t<rs-slide style=\"position: absolute;\" data-key=\"rs-45\" data-title=\"Slide\" data-thumb=\"\/\/www.acps-automotive.com\/wp-content\/uploads\/_media\/produkte\/usa\/uebersicht\/slider\/slider-04-210x150.jpg\" data-anim=\"ms:600;r:0;\" data-in=\"o:0;\" data-out=\"a:false;\">\n\t\t\t\t\t\t\t<img decoding=\"async\" src=\"\/\/www.acps-automotive.com\/wp-content\/plugins\/revslider\/public\/assets\/assets\/dummy.png\" alt=\"Schwenkbare Systeme \u2013 Halbelektrische Anh\u00e4ngevorrichtung\" title=\"Schwenkbare Systeme \u2013 Halbelektrische Anh\u00e4ngevorrichtung\" width=\"1080\" height=\"598\" class=\"rev-slidebg tp-rs-img rs-lazyload\" data-lazyload=\"\/\/www.acps-automotive.com\/wp-content\/uploads\/_media\/produkte\/usa\/uebersicht\/slider\/slider-04.jpg\" data-bg=\"f:contain;\" data-no-retina>\n<!---->\t\t\t\t\t\t<\/rs-slide>\n\t\t\t\t\t\t<rs-slide style=\"position: absolute;\" data-key=\"rs-41\" data-title=\"Slide\" data-thumb=\"\/\/www.acps-automotive.com\/wp-content\/uploads\/_media\/produkte\/usa\/uebersicht\/slider\/slider-05-210x150.jpg\" data-anim=\"ms:600;r:0;\" data-in=\"o:0;\" data-out=\"a:false;\">\n\t\t\t\t\t\t\t<img decoding=\"async\" src=\"\/\/www.acps-automotive.com\/wp-content\/plugins\/revslider\/public\/assets\/assets\/dummy.png\" alt=\"Starre Anh\u00e4ngevorrichtungen Bild04\" title=\"Starre Anh\u00e4ngevorrichtungen\" width=\"1080\" height=\"598\" class=\"rev-slidebg tp-rs-img rs-lazyload\" data-lazyload=\"\/\/www.acps-automotive.com\/wp-content\/uploads\/_media\/produkte\/usa\/uebersicht\/slider\/slider-05.jpg\" data-bg=\"f:contain;\" data-no-retina>\n<!---->\t\t\t\t\t\t<\/rs-slide>\n\t\t\t\t\t<\/rs-slides>\n\t\t\t\t\t<rs-static-layers><!--\n\t\t\t\t\t--><\/rs-static-layers>\n\t\t\t\t<\/rs-module>\n\t\t\t\t<script>\n\t\t\t\t\tsetREVStartSize({c: 'rev_slider_23_1',rl:[1240,1024,768,480],el:[598,768,960,420],gw:[1080,1080,778,480],gh:[598,725,960,420],type:'standard',justify:'',layout:'fullwidth',thumbh:\"170\",mh:\"0\"});if (window.RS_MODULES!==undefined && window.RS_MODULES.modules!==undefined && window.RS_MODULES.modules[\"revslider231\"]!==undefined) {window.RS_MODULES.modules[\"revslider231\"].once = false;window.revapi23 = undefined;if (window.RS_MODULES.checkMinimal!==undefined) window.RS_MODULES.checkMinimal()}\n\t\t\t\t<\/script>\n\t\t\t<\/rs-module-wrap>\n\t\t\t<!-- END REVOLUTION SLIDER -->\n\n\n<\/div><!-- .vgblk-rw-wrapper -->","protected":false},"excerpt":{"rendered":"<p>Dispositivos de remolque para el mercado estadounidense Ir a los productos Giratorio- receiver Los receptores giratorios son la soluci\u00f3n m\u00e1s innovadora y f\u00e1cil de usar. En posici\u00f3n de reposo, los dispositivos de remolque no son visibles. Productos Desmontable Receiver El enganche removible de ACPS Automotive ofrece comodidad. Cuando no se utiliza, se guarda f\u00e1cilmente en&#8230;<\/p>\n","protected":false},"author":8,"featured_media":0,"parent":28032,"menu_order":0,"comment_status":"closed","ping_status":"closed","template":"","meta":{"inline_featured_image":false,"_price":"","_stock":"","_tribe_ticket_header":"","_tribe_default_ticket_provider":"","_tribe_ticket_capacity":"0","_ticket_start_date":"","_ticket_end_date":"","_tribe_ticket_show_description":"","_tribe_ticket_show_not_going":false,"_tribe_ticket_use_global_stock":"","_tribe_ticket_global_stock_level":"","_global_stock_mode":"","_global_stock_cap":"","_tribe_rsvp_for_event":"","_tribe_ticket_going_count":"","_tribe_ticket_not_going_count":"","_tribe_tickets_list":"[]","_tribe_ticket_has_attendee_info_fields":false,"footnotes":""},"class_list":["post-27317","page","type-page","status-publish","hentry"],"yoast_head":"<!-- This site is optimized with the Yoast SEO plugin v27.2 - https:\/\/yoast.com\/product\/yoast-seo-wordpress\/ -->\n<title>Dispositivos de remolque para el mercado estadounidense | ACPS Automotive<\/title>\n<meta name=\"description\" content=\"Dispositivos de remolque para el mercado estadounidense. \u2713Receptor giratorio \u2713Receptor desmontable o \u2713Receptor r\u00edgido \u25ba \u00a1Ofrecemos la soluci\u00f3n adecuada!\" \/>\n<meta name=\"robots\" content=\"index, follow, max-snippet:-1, max-image-preview:large, max-video-preview:-1\" \/>\n<link rel=\"canonical\" href=\"https:\/\/www.acps-automotive.com\/es\/productos\/para-ee-uu\/\" \/>\n<meta property=\"og:locale\" content=\"es_ES\" \/>\n<meta property=\"og:type\" content=\"article\" \/>\n<meta property=\"og:title\" content=\"Dispositivos de remolque para el mercado estadounidense | ACPS Automotive\" \/>\n<meta property=\"og:description\" content=\"Dispositivos de remolque para el mercado estadounidense. \u2713Receptor giratorio \u2713Receptor desmontable o \u2713Receptor r\u00edgido \u25ba \u00a1Ofrecemos la soluci\u00f3n adecuada!\" \/>\n<meta property=\"og:url\" content=\"https:\/\/www.acps-automotive.com\/es\/productos\/para-ee-uu\/\" \/>\n<meta property=\"og:site_name\" content=\"ACPS Automotive GmbH\" \/>\n<meta property=\"article:modified_time\" content=\"2026-03-05T09:43:06+00:00\" \/>\n<meta property=\"og:image\" content=\"https:\/\/www.acps-automotive.com\/wp-content\/uploads\/_media\/produkte\/usa\/uebersicht\/schwenkbare-anhanegevorrichtungen.jpg\" \/>\n<meta name=\"twitter:card\" content=\"summary_large_image\" \/>\n<meta name=\"twitter:site\" content=\"@ACPS_Automotive\" \/>\n<meta name=\"twitter:label1\" content=\"Tiempo de lectura\" \/>\n\t<meta name=\"twitter:data1\" content=\"6 minutos\" \/>\n<script type=\"application\/ld+json\" class=\"yoast-schema-graph\">{\"@context\":\"https:\/\/schema.org\",\"@graph\":[{\"@type\":\"WebPage\",\"@id\":\"https:\/\/www.acps-automotive.com\/es\/productos\/para-ee-uu\/\",\"url\":\"https:\/\/www.acps-automotive.com\/es\/productos\/para-ee-uu\/\",\"name\":\"Dispositivos de remolque para el mercado estadounidense | ACPS Automotive\",\"isPartOf\":{\"@id\":\"https:\/\/www.acps-automotive.com\/es\/#website\"},\"primaryImageOfPage\":{\"@id\":\"https:\/\/www.acps-automotive.com\/es\/productos\/para-ee-uu\/#primaryimage\"},\"image\":{\"@id\":\"https:\/\/www.acps-automotive.com\/es\/productos\/para-ee-uu\/#primaryimage\"},\"thumbnailUrl\":\"https:\/\/www.acps-automotive.com\/wp-content\/uploads\/_media\/produkte\/usa\/uebersicht\/schwenkbare-anhanegevorrichtungen.jpg\",\"datePublished\":\"2025-12-10T08:34:04+00:00\",\"dateModified\":\"2026-03-05T09:43:06+00:00\",\"description\":\"Dispositivos de remolque para el mercado estadounidense. \u2713Receptor giratorio \u2713Receptor desmontable o \u2713Receptor r\u00edgido \u25ba \u00a1Ofrecemos la soluci\u00f3n adecuada!\",\"breadcrumb\":{\"@id\":\"https:\/\/www.acps-automotive.com\/es\/productos\/para-ee-uu\/#breadcrumb\"},\"inLanguage\":\"es\",\"potentialAction\":[{\"@type\":\"ReadAction\",\"target\":[\"https:\/\/www.acps-automotive.com\/es\/productos\/para-ee-uu\/\"]}]},{\"@type\":\"ImageObject\",\"inLanguage\":\"es\",\"@id\":\"https:\/\/www.acps-automotive.com\/es\/productos\/para-ee-uu\/#primaryimage\",\"url\":\"https:\/\/www.acps-automotive.com\/wp-content\/uploads\/_media\/produkte\/usa\/uebersicht\/schwenkbare-anhanegevorrichtungen.jpg\",\"contentUrl\":\"https:\/\/www.acps-automotive.com\/wp-content\/uploads\/_media\/produkte\/usa\/uebersicht\/schwenkbare-anhanegevorrichtungen.jpg\"},{\"@type\":\"BreadcrumbList\",\"@id\":\"https:\/\/www.acps-automotive.com\/es\/productos\/para-ee-uu\/#breadcrumb\",\"itemListElement\":[{\"@type\":\"ListItem\",\"position\":1,\"name\":\"Startseite\",\"item\":\"https:\/\/www.acps-automotive.com\/es\/\"},{\"@type\":\"ListItem\",\"position\":2,\"name\":\"Productos\",\"item\":\"https:\/\/www.acps-automotive.com\/es\/productos\/\"},{\"@type\":\"ListItem\",\"position\":3,\"name\":\"Dispositivos de remolque para el mercado estadounidense\"}]},{\"@type\":\"WebSite\",\"@id\":\"https:\/\/www.acps-automotive.com\/es\/#website\",\"url\":\"https:\/\/www.acps-automotive.com\/es\/\",\"name\":\"ACPS Automotive GmbH\",\"description\":\"Innovative Anh\u00e4ngekupplungen\",\"publisher\":{\"@id\":\"https:\/\/www.acps-automotive.com\/es\/#organization\"},\"potentialAction\":[{\"@type\":\"SearchAction\",\"target\":{\"@type\":\"EntryPoint\",\"urlTemplate\":\"https:\/\/www.acps-automotive.com\/es\/?s={search_term_string}\"},\"query-input\":{\"@type\":\"PropertyValueSpecification\",\"valueRequired\":true,\"valueName\":\"search_term_string\"}}],\"inLanguage\":\"es\"},{\"@type\":\"Organization\",\"@id\":\"https:\/\/www.acps-automotive.com\/es\/#organization\",\"name\":\"ACPS Automotive GmbH\",\"url\":\"https:\/\/www.acps-automotive.com\/es\/\",\"logo\":{\"@type\":\"ImageObject\",\"inLanguage\":\"es\",\"@id\":\"https:\/\/www.acps-automotive.com\/es\/#\/schema\/logo\/image\/\",\"url\":\"https:\/\/www.acps-automotive.com\/wp-content\/uploads\/_media\/_allgemein\/Logo-Footer-ACPS-Automotive.png\",\"contentUrl\":\"https:\/\/www.acps-automotive.com\/wp-content\/uploads\/_media\/_allgemein\/Logo-Footer-ACPS-Automotive.png\",\"width\":239,\"height\":32,\"caption\":\"ACPS Automotive GmbH\"},\"image\":{\"@id\":\"https:\/\/www.acps-automotive.com\/es\/#\/schema\/logo\/image\/\"},\"sameAs\":[\"https:\/\/x.com\/ACPS_Automotive\",\"https:\/\/www.linkedin.com\/company\/acps-automotive-gmbh\/\",\"https:\/\/www.instagram.com\/acps_ausbildung\/\",\"https:\/\/www.youtube.com\/channel\/UC2jxrgWwpxpkay2aHWV5SaQ\"]}]}<\/script>\n<!-- \/ Yoast SEO plugin. -->","yoast_head_json":{"title":"Dispositivos de remolque para el mercado estadounidense | ACPS Automotive","description":"Dispositivos de remolque para el mercado estadounidense. \u2713Receptor giratorio \u2713Receptor desmontable o \u2713Receptor r\u00edgido \u25ba \u00a1Ofrecemos la soluci\u00f3n adecuada!","robots":{"index":"index","follow":"follow","max-snippet":"max-snippet:-1","max-image-preview":"max-image-preview:large","max-video-preview":"max-video-preview:-1"},"canonical":"https:\/\/www.acps-automotive.com\/es\/productos\/para-ee-uu\/","og_locale":"es_ES","og_type":"article","og_title":"Dispositivos de remolque para el mercado estadounidense | ACPS Automotive","og_description":"Dispositivos de remolque para el mercado estadounidense. \u2713Receptor giratorio \u2713Receptor desmontable o \u2713Receptor r\u00edgido \u25ba \u00a1Ofrecemos la soluci\u00f3n adecuada!","og_url":"https:\/\/www.acps-automotive.com\/es\/productos\/para-ee-uu\/","og_site_name":"ACPS Automotive GmbH","article_modified_time":"2026-03-05T09:43:06+00:00","og_image":[{"url":"https:\/\/www.acps-automotive.com\/wp-content\/uploads\/_media\/produkte\/usa\/uebersicht\/schwenkbare-anhanegevorrichtungen.jpg","type":"","width":"","height":""}],"twitter_card":"summary_large_image","twitter_site":"@ACPS_Automotive","twitter_misc":{"Tiempo de lectura":"6 minutos"},"schema":{"@context":"https:\/\/schema.org","@graph":[{"@type":"WebPage","@id":"https:\/\/www.acps-automotive.com\/es\/productos\/para-ee-uu\/","url":"https:\/\/www.acps-automotive.com\/es\/productos\/para-ee-uu\/","name":"Dispositivos de remolque para el mercado estadounidense | ACPS Automotive","isPartOf":{"@id":"https:\/\/www.acps-automotive.com\/es\/#website"},"primaryImageOfPage":{"@id":"https:\/\/www.acps-automotive.com\/es\/productos\/para-ee-uu\/#primaryimage"},"image":{"@id":"https:\/\/www.acps-automotive.com\/es\/productos\/para-ee-uu\/#primaryimage"},"thumbnailUrl":"https:\/\/www.acps-automotive.com\/wp-content\/uploads\/_media\/produkte\/usa\/uebersicht\/schwenkbare-anhanegevorrichtungen.jpg","datePublished":"2025-12-10T08:34:04+00:00","dateModified":"2026-03-05T09:43:06+00:00","description":"Dispositivos de remolque para el mercado estadounidense. \u2713Receptor giratorio \u2713Receptor desmontable o \u2713Receptor r\u00edgido \u25ba \u00a1Ofrecemos la soluci\u00f3n adecuada!","breadcrumb":{"@id":"https:\/\/www.acps-automotive.com\/es\/productos\/para-ee-uu\/#breadcrumb"},"inLanguage":"es","potentialAction":[{"@type":"ReadAction","target":["https:\/\/www.acps-automotive.com\/es\/productos\/para-ee-uu\/"]}]},{"@type":"ImageObject","inLanguage":"es","@id":"https:\/\/www.acps-automotive.com\/es\/productos\/para-ee-uu\/#primaryimage","url":"https:\/\/www.acps-automotive.com\/wp-content\/uploads\/_media\/produkte\/usa\/uebersicht\/schwenkbare-anhanegevorrichtungen.jpg","contentUrl":"https:\/\/www.acps-automotive.com\/wp-content\/uploads\/_media\/produkte\/usa\/uebersicht\/schwenkbare-anhanegevorrichtungen.jpg"},{"@type":"BreadcrumbList","@id":"https:\/\/www.acps-automotive.com\/es\/productos\/para-ee-uu\/#breadcrumb","itemListElement":[{"@type":"ListItem","position":1,"name":"Startseite","item":"https:\/\/www.acps-automotive.com\/es\/"},{"@type":"ListItem","position":2,"name":"Productos","item":"https:\/\/www.acps-automotive.com\/es\/productos\/"},{"@type":"ListItem","position":3,"name":"Dispositivos de remolque para el mercado estadounidense"}]},{"@type":"WebSite","@id":"https:\/\/www.acps-automotive.com\/es\/#website","url":"https:\/\/www.acps-automotive.com\/es\/","name":"ACPS Automotive GmbH","description":"Innovative Anh\u00e4ngekupplungen","publisher":{"@id":"https:\/\/www.acps-automotive.com\/es\/#organization"},"potentialAction":[{"@type":"SearchAction","target":{"@type":"EntryPoint","urlTemplate":"https:\/\/www.acps-automotive.com\/es\/?s={search_term_string}"},"query-input":{"@type":"PropertyValueSpecification","valueRequired":true,"valueName":"search_term_string"}}],"inLanguage":"es"},{"@type":"Organization","@id":"https:\/\/www.acps-automotive.com\/es\/#organization","name":"ACPS Automotive GmbH","url":"https:\/\/www.acps-automotive.com\/es\/","logo":{"@type":"ImageObject","inLanguage":"es","@id":"https:\/\/www.acps-automotive.com\/es\/#\/schema\/logo\/image\/","url":"https:\/\/www.acps-automotive.com\/wp-content\/uploads\/_media\/_allgemein\/Logo-Footer-ACPS-Automotive.png","contentUrl":"https:\/\/www.acps-automotive.com\/wp-content\/uploads\/_media\/_allgemein\/Logo-Footer-ACPS-Automotive.png","width":239,"height":32,"caption":"ACPS Automotive GmbH"},"image":{"@id":"https:\/\/www.acps-automotive.com\/es\/#\/schema\/logo\/image\/"},"sameAs":["https:\/\/x.com\/ACPS_Automotive","https:\/\/www.linkedin.com\/company\/acps-automotive-gmbh\/","https:\/\/www.instagram.com\/acps_ausbildung\/","https:\/\/www.youtube.com\/channel\/UC2jxrgWwpxpkay2aHWV5SaQ"]}]}},"_links":{"self":[{"href":"https:\/\/www.acps-automotive.com\/es\/wp-json\/wp\/v2\/pages\/27317","targetHints":{"allow":["GET"]}}],"collection":[{"href":"https:\/\/www.acps-automotive.com\/es\/wp-json\/wp\/v2\/pages"}],"about":[{"href":"https:\/\/www.acps-automotive.com\/es\/wp-json\/wp\/v2\/types\/page"}],"author":[{"embeddable":true,"href":"https:\/\/www.acps-automotive.com\/es\/wp-json\/wp\/v2\/users\/8"}],"replies":[{"embeddable":true,"href":"https:\/\/www.acps-automotive.com\/es\/wp-json\/wp\/v2\/comments?post=27317"}],"version-history":[{"count":10,"href":"https:\/\/www.acps-automotive.com\/es\/wp-json\/wp\/v2\/pages\/27317\/revisions"}],"predecessor-version":[{"id":28315,"href":"https:\/\/www.acps-automotive.com\/es\/wp-json\/wp\/v2\/pages\/27317\/revisions\/28315"}],"up":[{"embeddable":true,"href":"https:\/\/www.acps-automotive.com\/es\/wp-json\/wp\/v2\/pages\/28032"}],"wp:attachment":[{"href":"https:\/\/www.acps-automotive.com\/es\/wp-json\/wp\/v2\/media?parent=27317"}],"curies":[{"name":"wp","href":"https:\/\/api.w.org\/{rel}","templated":true}]}}