{"id":27313,"date":"2025-12-19T16:14:41","date_gmt":"2025-12-19T15:14:41","guid":{"rendered":"https:\/\/www.acps-automotive.com\/?page_id=27313"},"modified":"2026-03-06T13:59:58","modified_gmt":"2026-03-06T12:59:58","slug":"monchengladbach-alemania","status":"publish","type":"page","link":"https:\/\/www.acps-automotive.com\/es\/localizaciones\/monchengladbach-alemania\/","title":{"rendered":"M\u00f6nchengladbach \/ Alemania"},"content":{"rendered":"<div class=\"vgblk-rw-wrapper limit-wrapper\">\n\n\t<h1><strong>M\u00f6nchen-gladbach<\/strong><br \/>\nAlemania<\/h1>\n\t<img loading=\"lazy\" decoding=\"async\" src=\"https:\/\/www.acps-automotive.com\/wp-content\/uploads\/_media\/_allgemein\/pfeil-text-einleitung.png\" alt=\"Pfeil Text Einleitung\" width=\"46\" height=\"69\" \/><br \/>\nACPS Automotive Services GmbH<br \/>\nSede central Independiente Aftermarket\n\t<p>ACPS Automotive Services gestiona el negocio mundial del mercado de repuestos. Bajo la marca ORIS, que ha ido creciendo a lo largo de los a\u00f1os, esta divisi\u00f3n ofrece una amplia gama de enganches para remolques y portabicicletas de primera calidad para el reacondicionamiento. Y todo ello desde M\u00f6nchengladbach, en Alemania, en estrecha colaboraci\u00f3n con las empresas internacionales de Espa\u00f1a, Hungr\u00eda, Pa\u00edses Bajos, Reino Unido y Estados Unidos.<\/p>\n\t<h4><strong>Reequipamiento de\u00a0<\/strong><br \/>\nenganches para remolques<\/h4>\n<p>Una parte significativa de los enganches para remolques de autom\u00f3viles y camionetas no se instala de f\u00e1brica, sino que se monta posteriormente durante la vida \u00fatil del veh\u00edculo. Solo en Europa se instalan cada a\u00f1o m\u00e1s de dos millones de enganches para remolques. Los distribuidores de repuestos, los talleres y los conductores conf\u00edan en los innovadores enganches para remolques de alta calidad de ORIS para el reequipamiento. Por ello, el negocio internacional con talleres independientes y el comercio de repuestos es un pilar importante de ACPS Automotive, que ayuda a la empresa a aumentar la notoriedad de su marca ORIS.<\/p>\n\t<h4><strong>Un equipo internacional <\/strong><br \/>\nsatisface las exigencias de un mercado desafiante<\/h4>\n<p>Un equipo internacional que opera a nivel transnacional y cada vez m\u00e1s interconectado en las \u00e1reas de desarrollo, fabricaci\u00f3n, ventas y distribuci\u00f3n, aborda un mercado desafiante que se caracteriza por una estructura de clientes heterog\u00e9nea y exigente.<\/p>\n<p>El negocio de los enganches para remolques para reequipamiento se gestiona desde M\u00f6nchengladbach. En la sede, situada en las inmediaciones de la metr\u00f3poli renana de D\u00fcsseldorf, no solo se encuentra la direcci\u00f3n. En la central del mercado de repuestos tambi\u00e9n se gestionan de forma centralizada la gesti\u00f3n de productos, la gesti\u00f3n de la cadena de suministro, las finanzas, as\u00ed como el marketing y las ventas.<\/p>\n<p>El desarrollo y las pruebas de los productos se llevan a cabo en Kecskem\u00e9t (Hungr\u00eda), en estrecha colaboraci\u00f3n con los equipos de desarrollo de otras sedes de desarrollo en Alemania y Norteam\u00e9rica. La producci\u00f3n de los sistemas de reequipamiento en la planta h\u00fangara se beneficia de las estrictas normas de equipo original establecidas all\u00ed.<\/p>\n<p>Nuestros centros de distribuci\u00f3n en Alemania, Hungr\u00eda, Reino Unido (Birmingham) y Espa\u00f1a (Valencia) garantizan una distribuci\u00f3n eficiente de los productos de primera calidad en toda Europa y su entrega puntual y con costos optimizados a nuestros clientes.<\/p>\n<p>Los equipos de ventas locales en Alemania, Hungr\u00eda, Reino Unido, Espa\u00f1a, Francia, los pa\u00edses del Benelux y Escandinavia permiten ofrecer una atenci\u00f3n al cliente especialmente personalizada.<\/p>\n\t<h4><strong>Listado en el comercio mayorista,<\/strong><br \/>\nstablecido en los talleres<\/h4>\n<p>Los mayoristas son los principales clientes de la unidad independiente de posventa. \u00abEn la fase posterior, los talleres tambi\u00e9n se encuentran entre los clientes directos e indirectos que ejercen un efecto de tracci\u00f3n decisivo: al fin y al cabo, son ellos quienes demandan los productos. Al mismo tiempo, los deseos de los conductores, por ejemplo, de mayor seguridad o facilidad de uso, se incorporan a los productos\u00bb, explica Lars Stuhlweissenburg, Vice President IAM.<\/p>\n\t<p><img loading=\"lazy\" decoding=\"async\" src=\"https:\/\/www.acps-automotive.com\/wp-content\/uploads\/_media\/standorte\/moenchengladbach\/karte-aftermarket.jpg\" alt=\"Aftermarket\" width=\"650\" height=\"400\" \/><\/p>\n\t<p><img loading=\"lazy\" decoding=\"async\" src=\"https:\/\/www.acps-automotive.com\/wp-content\/uploads\/_media\/standorte\/moenchengladbach\/lars-stuhlweissenburg.jpg\" alt=\"Lars Stuhlweissenburg\" width=\"650\" height=\"400\" \/><\/p>\n\t<p>\u00abMientras que los clientes finales esperan ante todo un producto con una buena relaci\u00f3n calidad-precio, los criterios en el negocio entre empresas son mucho m\u00e1s complejos. Los talleres independientes basan sus preferencias de marca principalmente en el reconocimiento de la marca, la calidad, la disponibilidad, la facilidad de montaje y los servicios t\u00e9cnicos y log\u00edsticos\u00bb.<\/p>\n<p>Lars Stuhlweissenburg, Vice President IAM<\/p>\n\t<h4><strong>Por qu\u00e9 los talleres deber\u00edan apostar por ORIS<\/strong><br \/>\ny sus enganches de remolque<\/h4>\n<p>En el mercado de repuestos, ORIS es una marca cl\u00e1sica de enganches para remolques de alta gama, cuyos productos son l\u00edderes en tecnolog\u00eda y calidad. Esto se debe, en particular, a la transferencia constante de conocimientos e innovaci\u00f3n del negocio de equipos originales al mercado de repuestos, lo que constituye una importante caracter\u00edstica diferenciadora en el negocio de los accesorios.<\/p>\n<p>Los talleres se benefician de una gama completa de productos para el ocio y el uso comercial: desde enganches fijos y desmontables hasta sistemas giratorios totalmente el\u00e9ctricos, que gracias a ORIS ahora tambi\u00e9n est\u00e1n disponibles para reequipamiento. La oferta de ORIS se completa con kits completos f\u00e1ciles de montar, compuestos por enganches para remolques y kits el\u00e9ctricos espec\u00edficos para cada veh\u00edculo de primera calidad, as\u00ed como portabicicletas de alta calidad.<\/p>\n<p>Otra ventaja para los talleres es el desarrollo de productos espec\u00edficos para cada veh\u00edculo basados en los puntos de fijaci\u00f3n y los datos de carga proporcionados por los fabricantes de veh\u00edculos. Esto facilita el montaje y garantiza un ajuste perfecto al chasis del veh\u00edculo. Con una excelente cobertura del parque automovil\u00edstico europeo, los enganches para remolque ORIS para reequipamiento garantizan compatibilidad, durabilidad y seguridad.<\/p>\n\t<h4><strong>Know-how de fabricante de equipos originales<\/strong><br \/>\ncomo valor agregado para los talleres y los conductores<\/h4>\n<p>El \u00faltimo logro de ACPS Automotive es el ORIS_E3, el primer enganche para remolque totalmente el\u00e9ctrico y giratorio para talleres independientes y distribuidores de repuestos, que pone los conocimientos t\u00e9cnicos de los fabricantes de equipos originales al servicio del mercado de repuestos. De este modo, acoplar el remolque se convierte en un juego de ni\u00f1os y entusiasma a los conductores que apuestan por la comodidad, la flexibilidad y la seguridad.<\/p>\n\n<\/div><!-- .vgblk-rw-wrapper -->","protected":false},"excerpt":{"rendered":"<p>M\u00f6nchen-gladbach Alemania ACPS Automotive Services GmbH Sede central Independiente Aftermarket ACPS Automotive Services gestiona el negocio mundial del mercado de repuestos. Bajo la marca ORIS, que ha ido creciendo a lo largo de los a\u00f1os, esta divisi\u00f3n ofrece una amplia gama de enganches para remolques y portabicicletas de primera calidad para el reacondicionamiento. Y todo&#8230;<\/p>\n","protected":false},"author":8,"featured_media":0,"parent":28082,"menu_order":0,"comment_status":"closed","ping_status":"closed","template":"","meta":{"inline_featured_image":false,"_price":"","_stock":"","_tribe_ticket_header":"","_tribe_default_ticket_provider":"","_tribe_ticket_capacity":"0","_ticket_start_date":"","_ticket_end_date":"","_tribe_ticket_show_description":"","_tribe_ticket_show_not_going":false,"_tribe_ticket_use_global_stock":"","_tribe_ticket_global_stock_level":"","_global_stock_mode":"","_global_stock_cap":"","_tribe_rsvp_for_event":"","_tribe_ticket_going_count":"","_tribe_ticket_not_going_count":"","_tribe_tickets_list":"[]","_tribe_ticket_has_attendee_info_fields":false,"footnotes":""},"class_list":["post-27313","page","type-page","status-publish","hentry"],"yoast_head":"<!-- This site is optimized with the Yoast SEO plugin v27.2 - https:\/\/yoast.com\/product\/yoast-seo-wordpress\/ -->\n<title>M\u00f6nchengladbach \/ Alemania | ACPS Automotive<\/title>\n<meta name=\"description\" content=\"ACPS Automotive es l\u00edder del mercado y l\u00edder tecnol\u00f3gico en dispositivos de remolque para turismos, SUV y furgonetas con la marca \u2605ORIS\u2605.\" \/>\n<meta name=\"robots\" content=\"index, follow, max-snippet:-1, max-image-preview:large, max-video-preview:-1\" \/>\n<link rel=\"canonical\" href=\"https:\/\/www.acps-automotive.com\/es\/localizaciones\/monchengladbach-alemania\/\" \/>\n<meta property=\"og:locale\" content=\"es_ES\" \/>\n<meta property=\"og:type\" content=\"article\" \/>\n<meta property=\"og:title\" content=\"M\u00f6nchengladbach \/ Alemania | ACPS Automotive\" \/>\n<meta property=\"og:description\" content=\"ACPS Automotive es l\u00edder del mercado y l\u00edder tecnol\u00f3gico en dispositivos de remolque para turismos, SUV y furgonetas con la marca \u2605ORIS\u2605.\" \/>\n<meta property=\"og:url\" content=\"https:\/\/www.acps-automotive.com\/es\/localizaciones\/monchengladbach-alemania\/\" \/>\n<meta property=\"og:site_name\" content=\"ACPS Automotive GmbH\" \/>\n<meta property=\"article:modified_time\" content=\"2026-03-06T12:59:58+00:00\" \/>\n<meta property=\"og:image\" content=\"https:\/\/www.acps-automotive.com\/wp-content\/uploads\/_media\/_allgemein\/pfeil-text-einleitung.png\" \/>\n<meta name=\"twitter:card\" content=\"summary_large_image\" \/>\n<meta name=\"twitter:site\" content=\"@ACPS_Automotive\" \/>\n<meta name=\"twitter:label1\" content=\"Tiempo de lectura\" \/>\n\t<meta name=\"twitter:data1\" content=\"5 minutos\" \/>\n<script type=\"application\/ld+json\" class=\"yoast-schema-graph\">{\"@context\":\"https:\/\/schema.org\",\"@graph\":[{\"@type\":\"WebPage\",\"@id\":\"https:\/\/www.acps-automotive.com\/es\/localizaciones\/monchengladbach-alemania\/\",\"url\":\"https:\/\/www.acps-automotive.com\/es\/localizaciones\/monchengladbach-alemania\/\",\"name\":\"M\u00f6nchengladbach \/ Alemania | ACPS Automotive\",\"isPartOf\":{\"@id\":\"https:\/\/www.acps-automotive.com\/es\/#website\"},\"primaryImageOfPage\":{\"@id\":\"https:\/\/www.acps-automotive.com\/es\/localizaciones\/monchengladbach-alemania\/#primaryimage\"},\"image\":{\"@id\":\"https:\/\/www.acps-automotive.com\/es\/localizaciones\/monchengladbach-alemania\/#primaryimage\"},\"thumbnailUrl\":\"https:\/\/www.acps-automotive.com\/wp-content\/uploads\/_media\/_allgemein\/pfeil-text-einleitung.png\",\"datePublished\":\"2025-12-19T15:14:41+00:00\",\"dateModified\":\"2026-03-06T12:59:58+00:00\",\"description\":\"ACPS Automotive es l\u00edder del mercado y l\u00edder tecnol\u00f3gico en dispositivos de remolque para turismos, SUV y furgonetas con la marca \u2605ORIS\u2605.\",\"breadcrumb\":{\"@id\":\"https:\/\/www.acps-automotive.com\/es\/localizaciones\/monchengladbach-alemania\/#breadcrumb\"},\"inLanguage\":\"es\",\"potentialAction\":[{\"@type\":\"ReadAction\",\"target\":[\"https:\/\/www.acps-automotive.com\/es\/localizaciones\/monchengladbach-alemania\/\"]}]},{\"@type\":\"ImageObject\",\"inLanguage\":\"es\",\"@id\":\"https:\/\/www.acps-automotive.com\/es\/localizaciones\/monchengladbach-alemania\/#primaryimage\",\"url\":\"https:\/\/www.acps-automotive.com\/wp-content\/uploads\/_media\/_allgemein\/pfeil-text-einleitung.png\",\"contentUrl\":\"https:\/\/www.acps-automotive.com\/wp-content\/uploads\/_media\/_allgemein\/pfeil-text-einleitung.png\"},{\"@type\":\"BreadcrumbList\",\"@id\":\"https:\/\/www.acps-automotive.com\/es\/localizaciones\/monchengladbach-alemania\/#breadcrumb\",\"itemListElement\":[{\"@type\":\"ListItem\",\"position\":1,\"name\":\"Startseite\",\"item\":\"https:\/\/www.acps-automotive.com\/es\/\"},{\"@type\":\"ListItem\",\"position\":2,\"name\":\"Nuestra presencia\",\"item\":\"https:\/\/www.acps-automotive.com\/es\/localizaciones\/\"},{\"@type\":\"ListItem\",\"position\":3,\"name\":\"M\u00f6nchengladbach \/ Alemania\"}]},{\"@type\":\"WebSite\",\"@id\":\"https:\/\/www.acps-automotive.com\/es\/#website\",\"url\":\"https:\/\/www.acps-automotive.com\/es\/\",\"name\":\"ACPS Automotive GmbH\",\"description\":\"Innovative Anh\u00e4ngekupplungen\",\"publisher\":{\"@id\":\"https:\/\/www.acps-automotive.com\/es\/#organization\"},\"potentialAction\":[{\"@type\":\"SearchAction\",\"target\":{\"@type\":\"EntryPoint\",\"urlTemplate\":\"https:\/\/www.acps-automotive.com\/es\/?s={search_term_string}\"},\"query-input\":{\"@type\":\"PropertyValueSpecification\",\"valueRequired\":true,\"valueName\":\"search_term_string\"}}],\"inLanguage\":\"es\"},{\"@type\":\"Organization\",\"@id\":\"https:\/\/www.acps-automotive.com\/es\/#organization\",\"name\":\"ACPS Automotive GmbH\",\"url\":\"https:\/\/www.acps-automotive.com\/es\/\",\"logo\":{\"@type\":\"ImageObject\",\"inLanguage\":\"es\",\"@id\":\"https:\/\/www.acps-automotive.com\/es\/#\/schema\/logo\/image\/\",\"url\":\"https:\/\/www.acps-automotive.com\/wp-content\/uploads\/_media\/_allgemein\/Logo-Footer-ACPS-Automotive.png\",\"contentUrl\":\"https:\/\/www.acps-automotive.com\/wp-content\/uploads\/_media\/_allgemein\/Logo-Footer-ACPS-Automotive.png\",\"width\":239,\"height\":32,\"caption\":\"ACPS Automotive GmbH\"},\"image\":{\"@id\":\"https:\/\/www.acps-automotive.com\/es\/#\/schema\/logo\/image\/\"},\"sameAs\":[\"https:\/\/x.com\/ACPS_Automotive\",\"https:\/\/www.linkedin.com\/company\/acps-automotive-gmbh\/\",\"https:\/\/www.instagram.com\/acps_ausbildung\/\",\"https:\/\/www.youtube.com\/channel\/UC2jxrgWwpxpkay2aHWV5SaQ\"]}]}<\/script>\n<!-- \/ Yoast SEO plugin. -->","yoast_head_json":{"title":"M\u00f6nchengladbach \/ Alemania | ACPS Automotive","description":"ACPS Automotive es l\u00edder del mercado y l\u00edder tecnol\u00f3gico en dispositivos de remolque para turismos, SUV y furgonetas con la marca \u2605ORIS\u2605.","robots":{"index":"index","follow":"follow","max-snippet":"max-snippet:-1","max-image-preview":"max-image-preview:large","max-video-preview":"max-video-preview:-1"},"canonical":"https:\/\/www.acps-automotive.com\/es\/localizaciones\/monchengladbach-alemania\/","og_locale":"es_ES","og_type":"article","og_title":"M\u00f6nchengladbach \/ Alemania | ACPS Automotive","og_description":"ACPS Automotive es l\u00edder del mercado y l\u00edder tecnol\u00f3gico en dispositivos de remolque para turismos, SUV y furgonetas con la marca \u2605ORIS\u2605.","og_url":"https:\/\/www.acps-automotive.com\/es\/localizaciones\/monchengladbach-alemania\/","og_site_name":"ACPS Automotive GmbH","article_modified_time":"2026-03-06T12:59:58+00:00","og_image":[{"url":"https:\/\/www.acps-automotive.com\/wp-content\/uploads\/_media\/_allgemein\/pfeil-text-einleitung.png","type":"","width":"","height":""}],"twitter_card":"summary_large_image","twitter_site":"@ACPS_Automotive","twitter_misc":{"Tiempo de lectura":"5 minutos"},"schema":{"@context":"https:\/\/schema.org","@graph":[{"@type":"WebPage","@id":"https:\/\/www.acps-automotive.com\/es\/localizaciones\/monchengladbach-alemania\/","url":"https:\/\/www.acps-automotive.com\/es\/localizaciones\/monchengladbach-alemania\/","name":"M\u00f6nchengladbach \/ Alemania | ACPS Automotive","isPartOf":{"@id":"https:\/\/www.acps-automotive.com\/es\/#website"},"primaryImageOfPage":{"@id":"https:\/\/www.acps-automotive.com\/es\/localizaciones\/monchengladbach-alemania\/#primaryimage"},"image":{"@id":"https:\/\/www.acps-automotive.com\/es\/localizaciones\/monchengladbach-alemania\/#primaryimage"},"thumbnailUrl":"https:\/\/www.acps-automotive.com\/wp-content\/uploads\/_media\/_allgemein\/pfeil-text-einleitung.png","datePublished":"2025-12-19T15:14:41+00:00","dateModified":"2026-03-06T12:59:58+00:00","description":"ACPS Automotive es l\u00edder del mercado y l\u00edder tecnol\u00f3gico en dispositivos de remolque para turismos, SUV y furgonetas con la marca \u2605ORIS\u2605.","breadcrumb":{"@id":"https:\/\/www.acps-automotive.com\/es\/localizaciones\/monchengladbach-alemania\/#breadcrumb"},"inLanguage":"es","potentialAction":[{"@type":"ReadAction","target":["https:\/\/www.acps-automotive.com\/es\/localizaciones\/monchengladbach-alemania\/"]}]},{"@type":"ImageObject","inLanguage":"es","@id":"https:\/\/www.acps-automotive.com\/es\/localizaciones\/monchengladbach-alemania\/#primaryimage","url":"https:\/\/www.acps-automotive.com\/wp-content\/uploads\/_media\/_allgemein\/pfeil-text-einleitung.png","contentUrl":"https:\/\/www.acps-automotive.com\/wp-content\/uploads\/_media\/_allgemein\/pfeil-text-einleitung.png"},{"@type":"BreadcrumbList","@id":"https:\/\/www.acps-automotive.com\/es\/localizaciones\/monchengladbach-alemania\/#breadcrumb","itemListElement":[{"@type":"ListItem","position":1,"name":"Startseite","item":"https:\/\/www.acps-automotive.com\/es\/"},{"@type":"ListItem","position":2,"name":"Nuestra presencia","item":"https:\/\/www.acps-automotive.com\/es\/localizaciones\/"},{"@type":"ListItem","position":3,"name":"M\u00f6nchengladbach \/ Alemania"}]},{"@type":"WebSite","@id":"https:\/\/www.acps-automotive.com\/es\/#website","url":"https:\/\/www.acps-automotive.com\/es\/","name":"ACPS Automotive GmbH","description":"Innovative Anh\u00e4ngekupplungen","publisher":{"@id":"https:\/\/www.acps-automotive.com\/es\/#organization"},"potentialAction":[{"@type":"SearchAction","target":{"@type":"EntryPoint","urlTemplate":"https:\/\/www.acps-automotive.com\/es\/?s={search_term_string}"},"query-input":{"@type":"PropertyValueSpecification","valueRequired":true,"valueName":"search_term_string"}}],"inLanguage":"es"},{"@type":"Organization","@id":"https:\/\/www.acps-automotive.com\/es\/#organization","name":"ACPS Automotive GmbH","url":"https:\/\/www.acps-automotive.com\/es\/","logo":{"@type":"ImageObject","inLanguage":"es","@id":"https:\/\/www.acps-automotive.com\/es\/#\/schema\/logo\/image\/","url":"https:\/\/www.acps-automotive.com\/wp-content\/uploads\/_media\/_allgemein\/Logo-Footer-ACPS-Automotive.png","contentUrl":"https:\/\/www.acps-automotive.com\/wp-content\/uploads\/_media\/_allgemein\/Logo-Footer-ACPS-Automotive.png","width":239,"height":32,"caption":"ACPS Automotive GmbH"},"image":{"@id":"https:\/\/www.acps-automotive.com\/es\/#\/schema\/logo\/image\/"},"sameAs":["https:\/\/x.com\/ACPS_Automotive","https:\/\/www.linkedin.com\/company\/acps-automotive-gmbh\/","https:\/\/www.instagram.com\/acps_ausbildung\/","https:\/\/www.youtube.com\/channel\/UC2jxrgWwpxpkay2aHWV5SaQ"]}]}},"_links":{"self":[{"href":"https:\/\/www.acps-automotive.com\/es\/wp-json\/wp\/v2\/pages\/27313","targetHints":{"allow":["GET"]}}],"collection":[{"href":"https:\/\/www.acps-automotive.com\/es\/wp-json\/wp\/v2\/pages"}],"about":[{"href":"https:\/\/www.acps-automotive.com\/es\/wp-json\/wp\/v2\/types\/page"}],"author":[{"embeddable":true,"href":"https:\/\/www.acps-automotive.com\/es\/wp-json\/wp\/v2\/users\/8"}],"replies":[{"embeddable":true,"href":"https:\/\/www.acps-automotive.com\/es\/wp-json\/wp\/v2\/comments?post=27313"}],"version-history":[{"count":2,"href":"https:\/\/www.acps-automotive.com\/es\/wp-json\/wp\/v2\/pages\/27313\/revisions"}],"predecessor-version":[{"id":27316,"href":"https:\/\/www.acps-automotive.com\/es\/wp-json\/wp\/v2\/pages\/27313\/revisions\/27316"}],"up":[{"embeddable":true,"href":"https:\/\/www.acps-automotive.com\/es\/wp-json\/wp\/v2\/pages\/28082"}],"wp:attachment":[{"href":"https:\/\/www.acps-automotive.com\/es\/wp-json\/wp\/v2\/media?parent=27313"}],"curies":[{"name":"wp","href":"https:\/\/api.w.org\/{rel}","templated":true}]}}