{"id":27309,"date":"2025-12-19T16:18:00","date_gmt":"2025-12-19T15:18:00","guid":{"rendered":"https:\/\/www.acps-automotive.com\/?page_id=27309"},"modified":"2026-03-06T13:58:46","modified_gmt":"2026-03-06T12:58:46","slug":"shanghai-china","status":"publish","type":"page","link":"https:\/\/www.acps-automotive.com\/es\/localizaciones\/shanghai-china\/","title":{"rendered":"Shanghai \/ China"},"content":{"rendered":"<div class=\"vgblk-rw-wrapper limit-wrapper\">\n\n\t<h1><strong>Shangh\u00e1i<\/strong><br \/>\nChina<\/h1>\n\t<img loading=\"lazy\" decoding=\"async\" src=\"https:\/\/www.acps-automotive.com\/wp-content\/uploads\/_media\/_allgemein\/pfeil-text-einleitung.png\" alt=\"Pfeil Text Einleitung\" width=\"46\" height=\"69\" \/><br \/>\nOris Automotive Systems (Shanghai) Ltd.<br \/>\nCentro de distribuci\u00f3n e ingenier\u00eda\n\t<h3>ACPS Automotive en el Imperio Medio<\/h3>\n<p>China es el mayor mercado automovil\u00edstico del mundo. Quien quiera participar en la configuraci\u00f3n de este mercado estrat\u00e9gicamente importante debe estar presente in situ con una sucursal y empleados motivados. Por este motivo, ACPS Automotive ha abierto en 2023 una nueva sede de ventas y desarrollo en Shangh\u00e1i.<\/p>\n\t<h4><strong>Crecer con el mercado<\/strong><br \/>\nexpansi\u00f3n mundial<\/h4>\nLa presencia en China es un paso decisivo en la estrategia de crecimiento global de ACPS Automotive y marca un hito importante en la expansi\u00f3n mundial de la empresa. Nuestros clientes chinos son, por un lado, fabricantes de autom\u00f3viles que equipan sus veh\u00edculos con dispositivos de remolque para su exportaci\u00f3n a Europa y Norteam\u00e9rica. Ofrecemos a los fabricantes de equipos originales chinos acceso a dispositivos de remolque innovadores, dise\u00f1ados espec\u00edficamente para estas flotas m\u00e1s ligeras, de bajo consumo y el\u00e9ctricas.<br \/>\nSin embargo, el enganche para remolque tambi\u00e9n se ofrece ahora como accesorio en el propio mercado chino. ACPS Automotive ha respondido as\u00ed a los cambios en la normativa legal que, desde 2022, permiten a los conductores chinos con el permiso de conducir correspondiente conducir veh\u00edculos con enganche para remolque. Esta normativa abre un mercado de equipos originales interesante y lucrativo al que abastecemos con nuestros productos innovadores.\n\t<h4><strong>Impulso para actividades a nivel mundial<\/strong><br \/>\nOficina propia de desarrollo y ventas<\/h4>\n<p>Contar con una sede propia de desarrollo y distribuci\u00f3n en China supone un importante paso estrat\u00e9gico para ACPS Automotive. China es un mercado enorme con altos est\u00e1ndares tecnol\u00f3gicos y una impresionante velocidad de innovaci\u00f3n, que impulsa de manera fundamental nuestras actividades a nivel mundial.<\/p>\n\t<p><img loading=\"lazy\" decoding=\"async\" src=\"https:\/\/www.acps-automotive.com\/wp-content\/uploads\/_media\/standorte\/china\/entwicklung.jpg\" alt=\"US-Markt Oris\" width=\"650\" height=\"400\" \/><\/p>\n\t<p><img loading=\"lazy\" decoding=\"async\" src=\"https:\/\/www.acps-automotive.com\/wp-content\/uploads\/_media\/standorte\/china\/philip-wang.jpg\" alt=\"Philip Wang\" width=\"650\" height=\"400\" \/><\/p>\n\t<p>\u00abVemos un gran potencial no solo en el \u00e1rea de ventas, sino tambi\u00e9n en el desarrollo del mercado chino. Nuestro objetivo principal es atender a los clientes locales con productos de alta calidad, un servicio personalizado y precios competitivos\u00bb.<\/p>\nPhilip Wang, Vice President Sales &amp; Marketing China,<br \/>\nDirector general de Oris Automotive Systems (Shangh\u00e1i) Ltd.\n\n<\/div><!-- .vgblk-rw-wrapper -->","protected":false},"excerpt":{"rendered":"<p>Shangh\u00e1i China Oris Automotive Systems (Shanghai) Ltd. Centro de distribuci\u00f3n e ingenier\u00eda ACPS Automotive en el Imperio Medio China es el mayor mercado automovil\u00edstico del mundo. Quien quiera participar en la configuraci\u00f3n de este mercado estrat\u00e9gicamente importante debe estar presente in situ con una sucursal y empleados motivados. Por este motivo, ACPS Automotive ha abierto&#8230;<\/p>\n","protected":false},"author":8,"featured_media":0,"parent":28082,"menu_order":0,"comment_status":"closed","ping_status":"closed","template":"","meta":{"inline_featured_image":false,"_price":"","_stock":"","_tribe_ticket_header":"","_tribe_default_ticket_provider":"","_tribe_ticket_capacity":"0","_ticket_start_date":"","_ticket_end_date":"","_tribe_ticket_show_description":"","_tribe_ticket_show_not_going":false,"_tribe_ticket_use_global_stock":"","_tribe_ticket_global_stock_level":"","_global_stock_mode":"","_global_stock_cap":"","_tribe_rsvp_for_event":"","_tribe_ticket_going_count":"","_tribe_ticket_not_going_count":"","_tribe_tickets_list":"[]","_tribe_ticket_has_attendee_info_fields":false,"footnotes":""},"class_list":["post-27309","page","type-page","status-publish","hentry"],"yoast_head":"<!-- This site is optimized with the Yoast SEO plugin v27.2 - https:\/\/yoast.com\/product\/yoast-seo-wordpress\/ -->\n<title>Shanghai \/ China | ACPS Automotive<\/title>\n<meta name=\"description\" content=\"ACPS Automotive es l\u00edder del mercado y l\u00edder tecnol\u00f3gico en dispositivos de remolque para turismos, SUV y furgonetas con la marca \u2605ORIS\u2605.\" \/>\n<meta name=\"robots\" content=\"index, follow, max-snippet:-1, max-image-preview:large, max-video-preview:-1\" \/>\n<link rel=\"canonical\" href=\"https:\/\/www.acps-automotive.com\/es\/localizaciones\/shanghai-china\/\" \/>\n<meta property=\"og:locale\" content=\"es_ES\" \/>\n<meta property=\"og:type\" content=\"article\" \/>\n<meta property=\"og:title\" content=\"Shanghai \/ China | ACPS Automotive\" \/>\n<meta property=\"og:description\" content=\"ACPS Automotive es l\u00edder del mercado y l\u00edder tecnol\u00f3gico en dispositivos de remolque para turismos, SUV y furgonetas con la marca \u2605ORIS\u2605.\" \/>\n<meta property=\"og:url\" content=\"https:\/\/www.acps-automotive.com\/es\/localizaciones\/shanghai-china\/\" \/>\n<meta property=\"og:site_name\" content=\"ACPS Automotive GmbH\" \/>\n<meta property=\"article:modified_time\" content=\"2026-03-06T12:58:46+00:00\" \/>\n<meta property=\"og:image\" content=\"https:\/\/www.acps-automotive.com\/wp-content\/uploads\/_media\/_allgemein\/pfeil-text-einleitung.png\" \/>\n<meta name=\"twitter:card\" content=\"summary_large_image\" \/>\n<meta name=\"twitter:site\" content=\"@ACPS_Automotive\" \/>\n<meta name=\"twitter:label1\" content=\"Tiempo de lectura\" \/>\n\t<meta name=\"twitter:data1\" content=\"3 minutos\" \/>\n<script type=\"application\/ld+json\" class=\"yoast-schema-graph\">{\"@context\":\"https:\/\/schema.org\",\"@graph\":[{\"@type\":\"WebPage\",\"@id\":\"https:\/\/www.acps-automotive.com\/es\/localizaciones\/shanghai-china\/\",\"url\":\"https:\/\/www.acps-automotive.com\/es\/localizaciones\/shanghai-china\/\",\"name\":\"Shanghai \/ China | ACPS Automotive\",\"isPartOf\":{\"@id\":\"https:\/\/www.acps-automotive.com\/es\/#website\"},\"primaryImageOfPage\":{\"@id\":\"https:\/\/www.acps-automotive.com\/es\/localizaciones\/shanghai-china\/#primaryimage\"},\"image\":{\"@id\":\"https:\/\/www.acps-automotive.com\/es\/localizaciones\/shanghai-china\/#primaryimage\"},\"thumbnailUrl\":\"https:\/\/www.acps-automotive.com\/wp-content\/uploads\/_media\/_allgemein\/pfeil-text-einleitung.png\",\"datePublished\":\"2025-12-19T15:18:00+00:00\",\"dateModified\":\"2026-03-06T12:58:46+00:00\",\"description\":\"ACPS Automotive es l\u00edder del mercado y l\u00edder tecnol\u00f3gico en dispositivos de remolque para turismos, SUV y furgonetas con la marca \u2605ORIS\u2605.\",\"breadcrumb\":{\"@id\":\"https:\/\/www.acps-automotive.com\/es\/localizaciones\/shanghai-china\/#breadcrumb\"},\"inLanguage\":\"es\",\"potentialAction\":[{\"@type\":\"ReadAction\",\"target\":[\"https:\/\/www.acps-automotive.com\/es\/localizaciones\/shanghai-china\/\"]}]},{\"@type\":\"ImageObject\",\"inLanguage\":\"es\",\"@id\":\"https:\/\/www.acps-automotive.com\/es\/localizaciones\/shanghai-china\/#primaryimage\",\"url\":\"https:\/\/www.acps-automotive.com\/wp-content\/uploads\/_media\/_allgemein\/pfeil-text-einleitung.png\",\"contentUrl\":\"https:\/\/www.acps-automotive.com\/wp-content\/uploads\/_media\/_allgemein\/pfeil-text-einleitung.png\"},{\"@type\":\"BreadcrumbList\",\"@id\":\"https:\/\/www.acps-automotive.com\/es\/localizaciones\/shanghai-china\/#breadcrumb\",\"itemListElement\":[{\"@type\":\"ListItem\",\"position\":1,\"name\":\"Startseite\",\"item\":\"https:\/\/www.acps-automotive.com\/es\/\"},{\"@type\":\"ListItem\",\"position\":2,\"name\":\"Nuestra presencia\",\"item\":\"https:\/\/www.acps-automotive.com\/es\/localizaciones\/\"},{\"@type\":\"ListItem\",\"position\":3,\"name\":\"Shanghai \/ China\"}]},{\"@type\":\"WebSite\",\"@id\":\"https:\/\/www.acps-automotive.com\/es\/#website\",\"url\":\"https:\/\/www.acps-automotive.com\/es\/\",\"name\":\"ACPS Automotive GmbH\",\"description\":\"Innovative Anh\u00e4ngekupplungen\",\"publisher\":{\"@id\":\"https:\/\/www.acps-automotive.com\/es\/#organization\"},\"potentialAction\":[{\"@type\":\"SearchAction\",\"target\":{\"@type\":\"EntryPoint\",\"urlTemplate\":\"https:\/\/www.acps-automotive.com\/es\/?s={search_term_string}\"},\"query-input\":{\"@type\":\"PropertyValueSpecification\",\"valueRequired\":true,\"valueName\":\"search_term_string\"}}],\"inLanguage\":\"es\"},{\"@type\":\"Organization\",\"@id\":\"https:\/\/www.acps-automotive.com\/es\/#organization\",\"name\":\"ACPS Automotive GmbH\",\"url\":\"https:\/\/www.acps-automotive.com\/es\/\",\"logo\":{\"@type\":\"ImageObject\",\"inLanguage\":\"es\",\"@id\":\"https:\/\/www.acps-automotive.com\/es\/#\/schema\/logo\/image\/\",\"url\":\"https:\/\/www.acps-automotive.com\/wp-content\/uploads\/_media\/_allgemein\/Logo-Footer-ACPS-Automotive.png\",\"contentUrl\":\"https:\/\/www.acps-automotive.com\/wp-content\/uploads\/_media\/_allgemein\/Logo-Footer-ACPS-Automotive.png\",\"width\":239,\"height\":32,\"caption\":\"ACPS Automotive GmbH\"},\"image\":{\"@id\":\"https:\/\/www.acps-automotive.com\/es\/#\/schema\/logo\/image\/\"},\"sameAs\":[\"https:\/\/x.com\/ACPS_Automotive\",\"https:\/\/www.linkedin.com\/company\/acps-automotive-gmbh\/\",\"https:\/\/www.instagram.com\/acps_ausbildung\/\",\"https:\/\/www.youtube.com\/channel\/UC2jxrgWwpxpkay2aHWV5SaQ\"]}]}<\/script>\n<!-- \/ Yoast SEO plugin. -->","yoast_head_json":{"title":"Shanghai \/ China | ACPS Automotive","description":"ACPS Automotive es l\u00edder del mercado y l\u00edder tecnol\u00f3gico en dispositivos de remolque para turismos, SUV y furgonetas con la marca \u2605ORIS\u2605.","robots":{"index":"index","follow":"follow","max-snippet":"max-snippet:-1","max-image-preview":"max-image-preview:large","max-video-preview":"max-video-preview:-1"},"canonical":"https:\/\/www.acps-automotive.com\/es\/localizaciones\/shanghai-china\/","og_locale":"es_ES","og_type":"article","og_title":"Shanghai \/ China | ACPS Automotive","og_description":"ACPS Automotive es l\u00edder del mercado y l\u00edder tecnol\u00f3gico en dispositivos de remolque para turismos, SUV y furgonetas con la marca \u2605ORIS\u2605.","og_url":"https:\/\/www.acps-automotive.com\/es\/localizaciones\/shanghai-china\/","og_site_name":"ACPS Automotive GmbH","article_modified_time":"2026-03-06T12:58:46+00:00","og_image":[{"url":"https:\/\/www.acps-automotive.com\/wp-content\/uploads\/_media\/_allgemein\/pfeil-text-einleitung.png","type":"","width":"","height":""}],"twitter_card":"summary_large_image","twitter_site":"@ACPS_Automotive","twitter_misc":{"Tiempo de lectura":"3 minutos"},"schema":{"@context":"https:\/\/schema.org","@graph":[{"@type":"WebPage","@id":"https:\/\/www.acps-automotive.com\/es\/localizaciones\/shanghai-china\/","url":"https:\/\/www.acps-automotive.com\/es\/localizaciones\/shanghai-china\/","name":"Shanghai \/ China | ACPS Automotive","isPartOf":{"@id":"https:\/\/www.acps-automotive.com\/es\/#website"},"primaryImageOfPage":{"@id":"https:\/\/www.acps-automotive.com\/es\/localizaciones\/shanghai-china\/#primaryimage"},"image":{"@id":"https:\/\/www.acps-automotive.com\/es\/localizaciones\/shanghai-china\/#primaryimage"},"thumbnailUrl":"https:\/\/www.acps-automotive.com\/wp-content\/uploads\/_media\/_allgemein\/pfeil-text-einleitung.png","datePublished":"2025-12-19T15:18:00+00:00","dateModified":"2026-03-06T12:58:46+00:00","description":"ACPS Automotive es l\u00edder del mercado y l\u00edder tecnol\u00f3gico en dispositivos de remolque para turismos, SUV y furgonetas con la marca \u2605ORIS\u2605.","breadcrumb":{"@id":"https:\/\/www.acps-automotive.com\/es\/localizaciones\/shanghai-china\/#breadcrumb"},"inLanguage":"es","potentialAction":[{"@type":"ReadAction","target":["https:\/\/www.acps-automotive.com\/es\/localizaciones\/shanghai-china\/"]}]},{"@type":"ImageObject","inLanguage":"es","@id":"https:\/\/www.acps-automotive.com\/es\/localizaciones\/shanghai-china\/#primaryimage","url":"https:\/\/www.acps-automotive.com\/wp-content\/uploads\/_media\/_allgemein\/pfeil-text-einleitung.png","contentUrl":"https:\/\/www.acps-automotive.com\/wp-content\/uploads\/_media\/_allgemein\/pfeil-text-einleitung.png"},{"@type":"BreadcrumbList","@id":"https:\/\/www.acps-automotive.com\/es\/localizaciones\/shanghai-china\/#breadcrumb","itemListElement":[{"@type":"ListItem","position":1,"name":"Startseite","item":"https:\/\/www.acps-automotive.com\/es\/"},{"@type":"ListItem","position":2,"name":"Nuestra presencia","item":"https:\/\/www.acps-automotive.com\/es\/localizaciones\/"},{"@type":"ListItem","position":3,"name":"Shanghai \/ China"}]},{"@type":"WebSite","@id":"https:\/\/www.acps-automotive.com\/es\/#website","url":"https:\/\/www.acps-automotive.com\/es\/","name":"ACPS Automotive GmbH","description":"Innovative Anh\u00e4ngekupplungen","publisher":{"@id":"https:\/\/www.acps-automotive.com\/es\/#organization"},"potentialAction":[{"@type":"SearchAction","target":{"@type":"EntryPoint","urlTemplate":"https:\/\/www.acps-automotive.com\/es\/?s={search_term_string}"},"query-input":{"@type":"PropertyValueSpecification","valueRequired":true,"valueName":"search_term_string"}}],"inLanguage":"es"},{"@type":"Organization","@id":"https:\/\/www.acps-automotive.com\/es\/#organization","name":"ACPS Automotive GmbH","url":"https:\/\/www.acps-automotive.com\/es\/","logo":{"@type":"ImageObject","inLanguage":"es","@id":"https:\/\/www.acps-automotive.com\/es\/#\/schema\/logo\/image\/","url":"https:\/\/www.acps-automotive.com\/wp-content\/uploads\/_media\/_allgemein\/Logo-Footer-ACPS-Automotive.png","contentUrl":"https:\/\/www.acps-automotive.com\/wp-content\/uploads\/_media\/_allgemein\/Logo-Footer-ACPS-Automotive.png","width":239,"height":32,"caption":"ACPS Automotive GmbH"},"image":{"@id":"https:\/\/www.acps-automotive.com\/es\/#\/schema\/logo\/image\/"},"sameAs":["https:\/\/x.com\/ACPS_Automotive","https:\/\/www.linkedin.com\/company\/acps-automotive-gmbh\/","https:\/\/www.instagram.com\/acps_ausbildung\/","https:\/\/www.youtube.com\/channel\/UC2jxrgWwpxpkay2aHWV5SaQ"]}]}},"_links":{"self":[{"href":"https:\/\/www.acps-automotive.com\/es\/wp-json\/wp\/v2\/pages\/27309","targetHints":{"allow":["GET"]}}],"collection":[{"href":"https:\/\/www.acps-automotive.com\/es\/wp-json\/wp\/v2\/pages"}],"about":[{"href":"https:\/\/www.acps-automotive.com\/es\/wp-json\/wp\/v2\/types\/page"}],"author":[{"embeddable":true,"href":"https:\/\/www.acps-automotive.com\/es\/wp-json\/wp\/v2\/users\/8"}],"replies":[{"embeddable":true,"href":"https:\/\/www.acps-automotive.com\/es\/wp-json\/wp\/v2\/comments?post=27309"}],"version-history":[{"count":2,"href":"https:\/\/www.acps-automotive.com\/es\/wp-json\/wp\/v2\/pages\/27309\/revisions"}],"predecessor-version":[{"id":27312,"href":"https:\/\/www.acps-automotive.com\/es\/wp-json\/wp\/v2\/pages\/27309\/revisions\/27312"}],"up":[{"embeddable":true,"href":"https:\/\/www.acps-automotive.com\/es\/wp-json\/wp\/v2\/pages\/28082"}],"wp:attachment":[{"href":"https:\/\/www.acps-automotive.com\/es\/wp-json\/wp\/v2\/media?parent=27309"}],"curies":[{"name":"wp","href":"https:\/\/api.w.org\/{rel}","templated":true}]}}