{"id":27301,"date":"2025-12-19T16:12:56","date_gmt":"2025-12-19T15:12:56","guid":{"rendered":"https:\/\/www.acps-automotive.com\/?page_id=27301"},"modified":"2026-03-06T13:58:57","modified_gmt":"2026-03-06T12:58:57","slug":"kunshan-china","status":"publish","type":"page","link":"https:\/\/www.acps-automotive.com\/es\/localizaciones\/kunshan-china\/","title":{"rendered":"Kunshan \/ China"},"content":{"rendered":"<div class=\"vgblk-rw-wrapper limit-wrapper\">\n\n\t<h1><strong>Kunshan<\/strong><br \/>\nChina<\/h1>\n\t<img loading=\"lazy\" decoding=\"async\" src=\"https:\/\/www.acps-automotive.com\/wp-content\/uploads\/_media\/_allgemein\/pfeil-text-einleitung.png\" alt=\"Pfeil Text Einleitung\" width=\"46\" height=\"69\" \/><br \/>\nOris Automotive Systems (Kunshan) Ltd.<br \/>\nLugar de fabricaci\u00f3n\n\t<h4><strong>ACPS Automotive en el mercado m\u00e1s importante<\/strong><br \/>\nContin\u00faa la trayectoria de crecimiento<\/h4>\n\t<p>Con la fundaci\u00f3n de Oris Automotive Systems (Kunshan) Ltd., el grupo ACPS Automotive se ha posicionado de manera \u00f3ptima en el mercado chino. Oris Kunshan es un hito decisivo que garantizar\u00e1 un inicio sin contratiempos de la producci\u00f3n en serie de dispositivos de remolque para autom\u00f3viles, SUV y camionetas en el segundo trimestre de 2025.<\/p>\n\t<p><strong>La planta de producci\u00f3n est\u00e1 en construcci\u00f3n<\/strong><\/p>\n<ul>\n<li>Fundaci\u00f3n de la empresa Oris Automotive Systems (Kunshan) Ltd. en marzo de 2024<\/li>\n<li>5.000 m<sup>2<\/sup> de superficie del terreno<\/li>\n<li>4.000 m<sup>2<\/sup> de nave de producci\u00f3n<\/li>\n<\/ul>\n\t<p>Con la nueva planta de producci\u00f3n de Oris en Kunshan (China), ampliamos nuestra presencia en el mercado de mayor crecimiento de Asia, ofrecemos soluciones a la medida para los clientes chinos y asi\u00e1ticos, y reducimos considerablemente los tiempos de lanzamiento al mercado.<\/p>\n\t<h4><strong>La estrategia adecuada\u00a0<\/strong><br \/>\npara una expansi\u00f3n exitosa<\/h4>\n<p>Nuestra s\u00f3lida presencia en China es un factor clave para una expansi\u00f3n sostenible y exitosa en el mercado internacional. La nueva planta de producci\u00f3n en el Parque Industrial Alem\u00e1n de Kunshan contribuir\u00e1 de manera significativa a impulsar nuestro crecimiento global y a consolidar nuestro liderazgo tecnol\u00f3gico a largo plazo.<\/p>\n\t<h4><strong>\u00c9xito a trav\u00e9s del liderazgo<\/strong><br \/>\nGeneral Manager &amp; Operation Director Christina Yu<\/h4>\n<p>La nueva planta de producci\u00f3n de Oris se encuentra en un parque industrial alem\u00e1n, situado en el din\u00e1mico delta econ\u00f3mico de la costa este china, en la zona de influencia directa de Shangh\u00e1i. Esta ubicaci\u00f3n nos permite estar cerca de nuestros clientes OE chinos y ofrecerles un apoyo eficiente y una atenci\u00f3n \u00f3ptima.<\/p>\n\t<p><img loading=\"lazy\" decoding=\"async\" src=\"https:\/\/www.acps-automotive.com\/wp-content\/uploads\/_media\/standorte\/kunshan\/erfolg.jpg\" alt=\"Erfolg durch F\u00fchrung\" width=\"650\" height=\"400\" \/><\/p>\n\t<p><img loading=\"lazy\" decoding=\"async\" src=\"https:\/\/www.acps-automotive.com\/wp-content\/uploads\/_media\/standorte\/kunshan\/christina-yu.jpg\" alt=\"Christina Yu\" width=\"650\" height=\"400\" \/><\/p>\n\t\u00abHemos creado un equipo s\u00f3lido con amplia experiencia en la industria automotriz. Nuestro objetivo es seguir ampliando nuestro liderazgo en innovaci\u00f3n y alta calidad en el mercado chino de enganches para remolques, con el fin de crear valor agregado para los clientes y la sociedad\u00bb.<br \/>\nGeneral Manager &amp; Operation Director Christina Yu de Oris Automotive System (Kunshan) Ltd.\n\n<\/div><!-- .vgblk-rw-wrapper -->","protected":false},"excerpt":{"rendered":"<p>Kunshan China Oris Automotive Systems (Kunshan) Ltd. Lugar de fabricaci\u00f3n ACPS Automotive en el mercado m\u00e1s importante Contin\u00faa la trayectoria de crecimiento Con la fundaci\u00f3n de Oris Automotive Systems (Kunshan) Ltd., el grupo ACPS Automotive se ha posicionado de manera \u00f3ptima en el mercado chino. Oris Kunshan es un hito decisivo que garantizar\u00e1 un inicio&#8230;<\/p>\n","protected":false},"author":8,"featured_media":0,"parent":28082,"menu_order":0,"comment_status":"closed","ping_status":"closed","template":"","meta":{"inline_featured_image":false,"_price":"","_stock":"","_tribe_ticket_header":"","_tribe_default_ticket_provider":"","_tribe_ticket_capacity":"0","_ticket_start_date":"","_ticket_end_date":"","_tribe_ticket_show_description":"","_tribe_ticket_show_not_going":false,"_tribe_ticket_use_global_stock":"","_tribe_ticket_global_stock_level":"","_global_stock_mode":"","_global_stock_cap":"","_tribe_rsvp_for_event":"","_tribe_ticket_going_count":"","_tribe_ticket_not_going_count":"","_tribe_tickets_list":"[]","_tribe_ticket_has_attendee_info_fields":false,"footnotes":""},"class_list":["post-27301","page","type-page","status-publish","hentry"],"yoast_head":"<!-- This site is optimized with the Yoast SEO plugin v27.2 - https:\/\/yoast.com\/product\/yoast-seo-wordpress\/ -->\n<title>Kunshan \/ China | ACPS Automotive<\/title>\n<meta name=\"description\" content=\"ACPS Automotive es l\u00edder del mercado y l\u00edder tecnol\u00f3gico en dispositivos de remolque para turismos, SUV y furgonetas con la marca \u2605ORIS\u2605.\" \/>\n<meta name=\"robots\" content=\"index, follow, max-snippet:-1, max-image-preview:large, max-video-preview:-1\" \/>\n<link rel=\"canonical\" href=\"https:\/\/www.acps-automotive.com\/es\/localizaciones\/kunshan-china\/\" \/>\n<meta property=\"og:locale\" content=\"es_ES\" \/>\n<meta property=\"og:type\" content=\"article\" \/>\n<meta property=\"og:title\" content=\"Kunshan \/ China | ACPS Automotive\" \/>\n<meta property=\"og:description\" content=\"ACPS Automotive es l\u00edder del mercado y l\u00edder tecnol\u00f3gico en dispositivos de remolque para turismos, SUV y furgonetas con la marca \u2605ORIS\u2605.\" \/>\n<meta property=\"og:url\" content=\"https:\/\/www.acps-automotive.com\/es\/localizaciones\/kunshan-china\/\" \/>\n<meta property=\"og:site_name\" content=\"ACPS Automotive GmbH\" \/>\n<meta property=\"article:modified_time\" content=\"2026-03-06T12:58:57+00:00\" \/>\n<meta property=\"og:image\" content=\"https:\/\/www.acps-automotive.com\/wp-content\/uploads\/_media\/_allgemein\/pfeil-text-einleitung.png\" \/>\n<meta name=\"twitter:card\" content=\"summary_large_image\" \/>\n<meta name=\"twitter:site\" content=\"@ACPS_Automotive\" \/>\n<meta name=\"twitter:label1\" content=\"Tiempo de lectura\" \/>\n\t<meta name=\"twitter:data1\" content=\"3 minutos\" \/>\n<script type=\"application\/ld+json\" class=\"yoast-schema-graph\">{\"@context\":\"https:\/\/schema.org\",\"@graph\":[{\"@type\":\"WebPage\",\"@id\":\"https:\/\/www.acps-automotive.com\/es\/localizaciones\/kunshan-china\/\",\"url\":\"https:\/\/www.acps-automotive.com\/es\/localizaciones\/kunshan-china\/\",\"name\":\"Kunshan \/ China | ACPS Automotive\",\"isPartOf\":{\"@id\":\"https:\/\/www.acps-automotive.com\/es\/#website\"},\"primaryImageOfPage\":{\"@id\":\"https:\/\/www.acps-automotive.com\/es\/localizaciones\/kunshan-china\/#primaryimage\"},\"image\":{\"@id\":\"https:\/\/www.acps-automotive.com\/es\/localizaciones\/kunshan-china\/#primaryimage\"},\"thumbnailUrl\":\"https:\/\/www.acps-automotive.com\/wp-content\/uploads\/_media\/_allgemein\/pfeil-text-einleitung.png\",\"datePublished\":\"2025-12-19T15:12:56+00:00\",\"dateModified\":\"2026-03-06T12:58:57+00:00\",\"description\":\"ACPS Automotive es l\u00edder del mercado y l\u00edder tecnol\u00f3gico en dispositivos de remolque para turismos, SUV y furgonetas con la marca \u2605ORIS\u2605.\",\"breadcrumb\":{\"@id\":\"https:\/\/www.acps-automotive.com\/es\/localizaciones\/kunshan-china\/#breadcrumb\"},\"inLanguage\":\"es\",\"potentialAction\":[{\"@type\":\"ReadAction\",\"target\":[\"https:\/\/www.acps-automotive.com\/es\/localizaciones\/kunshan-china\/\"]}]},{\"@type\":\"ImageObject\",\"inLanguage\":\"es\",\"@id\":\"https:\/\/www.acps-automotive.com\/es\/localizaciones\/kunshan-china\/#primaryimage\",\"url\":\"https:\/\/www.acps-automotive.com\/wp-content\/uploads\/_media\/_allgemein\/pfeil-text-einleitung.png\",\"contentUrl\":\"https:\/\/www.acps-automotive.com\/wp-content\/uploads\/_media\/_allgemein\/pfeil-text-einleitung.png\"},{\"@type\":\"BreadcrumbList\",\"@id\":\"https:\/\/www.acps-automotive.com\/es\/localizaciones\/kunshan-china\/#breadcrumb\",\"itemListElement\":[{\"@type\":\"ListItem\",\"position\":1,\"name\":\"Startseite\",\"item\":\"https:\/\/www.acps-automotive.com\/es\/\"},{\"@type\":\"ListItem\",\"position\":2,\"name\":\"Nuestra presencia\",\"item\":\"https:\/\/www.acps-automotive.com\/es\/localizaciones\/\"},{\"@type\":\"ListItem\",\"position\":3,\"name\":\"Kunshan \/ China\"}]},{\"@type\":\"WebSite\",\"@id\":\"https:\/\/www.acps-automotive.com\/es\/#website\",\"url\":\"https:\/\/www.acps-automotive.com\/es\/\",\"name\":\"ACPS Automotive GmbH\",\"description\":\"Innovative Anh\u00e4ngekupplungen\",\"publisher\":{\"@id\":\"https:\/\/www.acps-automotive.com\/es\/#organization\"},\"potentialAction\":[{\"@type\":\"SearchAction\",\"target\":{\"@type\":\"EntryPoint\",\"urlTemplate\":\"https:\/\/www.acps-automotive.com\/es\/?s={search_term_string}\"},\"query-input\":{\"@type\":\"PropertyValueSpecification\",\"valueRequired\":true,\"valueName\":\"search_term_string\"}}],\"inLanguage\":\"es\"},{\"@type\":\"Organization\",\"@id\":\"https:\/\/www.acps-automotive.com\/es\/#organization\",\"name\":\"ACPS Automotive GmbH\",\"url\":\"https:\/\/www.acps-automotive.com\/es\/\",\"logo\":{\"@type\":\"ImageObject\",\"inLanguage\":\"es\",\"@id\":\"https:\/\/www.acps-automotive.com\/es\/#\/schema\/logo\/image\/\",\"url\":\"https:\/\/www.acps-automotive.com\/wp-content\/uploads\/_media\/_allgemein\/Logo-Footer-ACPS-Automotive.png\",\"contentUrl\":\"https:\/\/www.acps-automotive.com\/wp-content\/uploads\/_media\/_allgemein\/Logo-Footer-ACPS-Automotive.png\",\"width\":239,\"height\":32,\"caption\":\"ACPS Automotive GmbH\"},\"image\":{\"@id\":\"https:\/\/www.acps-automotive.com\/es\/#\/schema\/logo\/image\/\"},\"sameAs\":[\"https:\/\/x.com\/ACPS_Automotive\",\"https:\/\/www.linkedin.com\/company\/acps-automotive-gmbh\/\",\"https:\/\/www.instagram.com\/acps_ausbildung\/\",\"https:\/\/www.youtube.com\/channel\/UC2jxrgWwpxpkay2aHWV5SaQ\"]}]}<\/script>\n<!-- \/ Yoast SEO plugin. -->","yoast_head_json":{"title":"Kunshan \/ China | ACPS Automotive","description":"ACPS Automotive es l\u00edder del mercado y l\u00edder tecnol\u00f3gico en dispositivos de remolque para turismos, SUV y furgonetas con la marca \u2605ORIS\u2605.","robots":{"index":"index","follow":"follow","max-snippet":"max-snippet:-1","max-image-preview":"max-image-preview:large","max-video-preview":"max-video-preview:-1"},"canonical":"https:\/\/www.acps-automotive.com\/es\/localizaciones\/kunshan-china\/","og_locale":"es_ES","og_type":"article","og_title":"Kunshan \/ China | ACPS Automotive","og_description":"ACPS Automotive es l\u00edder del mercado y l\u00edder tecnol\u00f3gico en dispositivos de remolque para turismos, SUV y furgonetas con la marca \u2605ORIS\u2605.","og_url":"https:\/\/www.acps-automotive.com\/es\/localizaciones\/kunshan-china\/","og_site_name":"ACPS Automotive GmbH","article_modified_time":"2026-03-06T12:58:57+00:00","og_image":[{"url":"https:\/\/www.acps-automotive.com\/wp-content\/uploads\/_media\/_allgemein\/pfeil-text-einleitung.png","type":"","width":"","height":""}],"twitter_card":"summary_large_image","twitter_site":"@ACPS_Automotive","twitter_misc":{"Tiempo de lectura":"3 minutos"},"schema":{"@context":"https:\/\/schema.org","@graph":[{"@type":"WebPage","@id":"https:\/\/www.acps-automotive.com\/es\/localizaciones\/kunshan-china\/","url":"https:\/\/www.acps-automotive.com\/es\/localizaciones\/kunshan-china\/","name":"Kunshan \/ China | ACPS Automotive","isPartOf":{"@id":"https:\/\/www.acps-automotive.com\/es\/#website"},"primaryImageOfPage":{"@id":"https:\/\/www.acps-automotive.com\/es\/localizaciones\/kunshan-china\/#primaryimage"},"image":{"@id":"https:\/\/www.acps-automotive.com\/es\/localizaciones\/kunshan-china\/#primaryimage"},"thumbnailUrl":"https:\/\/www.acps-automotive.com\/wp-content\/uploads\/_media\/_allgemein\/pfeil-text-einleitung.png","datePublished":"2025-12-19T15:12:56+00:00","dateModified":"2026-03-06T12:58:57+00:00","description":"ACPS Automotive es l\u00edder del mercado y l\u00edder tecnol\u00f3gico en dispositivos de remolque para turismos, SUV y furgonetas con la marca \u2605ORIS\u2605.","breadcrumb":{"@id":"https:\/\/www.acps-automotive.com\/es\/localizaciones\/kunshan-china\/#breadcrumb"},"inLanguage":"es","potentialAction":[{"@type":"ReadAction","target":["https:\/\/www.acps-automotive.com\/es\/localizaciones\/kunshan-china\/"]}]},{"@type":"ImageObject","inLanguage":"es","@id":"https:\/\/www.acps-automotive.com\/es\/localizaciones\/kunshan-china\/#primaryimage","url":"https:\/\/www.acps-automotive.com\/wp-content\/uploads\/_media\/_allgemein\/pfeil-text-einleitung.png","contentUrl":"https:\/\/www.acps-automotive.com\/wp-content\/uploads\/_media\/_allgemein\/pfeil-text-einleitung.png"},{"@type":"BreadcrumbList","@id":"https:\/\/www.acps-automotive.com\/es\/localizaciones\/kunshan-china\/#breadcrumb","itemListElement":[{"@type":"ListItem","position":1,"name":"Startseite","item":"https:\/\/www.acps-automotive.com\/es\/"},{"@type":"ListItem","position":2,"name":"Nuestra presencia","item":"https:\/\/www.acps-automotive.com\/es\/localizaciones\/"},{"@type":"ListItem","position":3,"name":"Kunshan \/ China"}]},{"@type":"WebSite","@id":"https:\/\/www.acps-automotive.com\/es\/#website","url":"https:\/\/www.acps-automotive.com\/es\/","name":"ACPS Automotive GmbH","description":"Innovative Anh\u00e4ngekupplungen","publisher":{"@id":"https:\/\/www.acps-automotive.com\/es\/#organization"},"potentialAction":[{"@type":"SearchAction","target":{"@type":"EntryPoint","urlTemplate":"https:\/\/www.acps-automotive.com\/es\/?s={search_term_string}"},"query-input":{"@type":"PropertyValueSpecification","valueRequired":true,"valueName":"search_term_string"}}],"inLanguage":"es"},{"@type":"Organization","@id":"https:\/\/www.acps-automotive.com\/es\/#organization","name":"ACPS Automotive GmbH","url":"https:\/\/www.acps-automotive.com\/es\/","logo":{"@type":"ImageObject","inLanguage":"es","@id":"https:\/\/www.acps-automotive.com\/es\/#\/schema\/logo\/image\/","url":"https:\/\/www.acps-automotive.com\/wp-content\/uploads\/_media\/_allgemein\/Logo-Footer-ACPS-Automotive.png","contentUrl":"https:\/\/www.acps-automotive.com\/wp-content\/uploads\/_media\/_allgemein\/Logo-Footer-ACPS-Automotive.png","width":239,"height":32,"caption":"ACPS Automotive GmbH"},"image":{"@id":"https:\/\/www.acps-automotive.com\/es\/#\/schema\/logo\/image\/"},"sameAs":["https:\/\/x.com\/ACPS_Automotive","https:\/\/www.linkedin.com\/company\/acps-automotive-gmbh\/","https:\/\/www.instagram.com\/acps_ausbildung\/","https:\/\/www.youtube.com\/channel\/UC2jxrgWwpxpkay2aHWV5SaQ"]}]}},"_links":{"self":[{"href":"https:\/\/www.acps-automotive.com\/es\/wp-json\/wp\/v2\/pages\/27301","targetHints":{"allow":["GET"]}}],"collection":[{"href":"https:\/\/www.acps-automotive.com\/es\/wp-json\/wp\/v2\/pages"}],"about":[{"href":"https:\/\/www.acps-automotive.com\/es\/wp-json\/wp\/v2\/types\/page"}],"author":[{"embeddable":true,"href":"https:\/\/www.acps-automotive.com\/es\/wp-json\/wp\/v2\/users\/8"}],"replies":[{"embeddable":true,"href":"https:\/\/www.acps-automotive.com\/es\/wp-json\/wp\/v2\/comments?post=27301"}],"version-history":[{"count":2,"href":"https:\/\/www.acps-automotive.com\/es\/wp-json\/wp\/v2\/pages\/27301\/revisions"}],"predecessor-version":[{"id":27304,"href":"https:\/\/www.acps-automotive.com\/es\/wp-json\/wp\/v2\/pages\/27301\/revisions\/27304"}],"up":[{"embeddable":true,"href":"https:\/\/www.acps-automotive.com\/es\/wp-json\/wp\/v2\/pages\/28082"}],"wp:attachment":[{"href":"https:\/\/www.acps-automotive.com\/es\/wp-json\/wp\/v2\/media?parent=27301"}],"curies":[{"name":"wp","href":"https:\/\/api.w.org\/{rel}","templated":true}]}}