{"id":27296,"date":"2025-12-10T09:30:29","date_gmt":"2025-12-10T08:30:29","guid":{"rendered":"https:\/\/www.acps-automotive.com\/?page_id=27296"},"modified":"2026-03-05T10:10:25","modified_gmt":"2026-03-05T09:10:25","slug":"otros-dispositivos","status":"publish","type":"page","link":"https:\/\/www.acps-automotive.com\/es\/productos\/para-europa\/otros-dispositivos\/","title":{"rendered":"Otros dispositivos"},"content":{"rendered":"<div class=\"vgblk-rw-wrapper limit-wrapper\">\n\n\t<h1><strong>Otros<\/strong><br \/>\ndispositivos<\/h1>\n\t\t\tHorizontal abnehmbar\t\t\n\t\t\t\t<p><strong>Dispositivo portabicicletas desmontable horizontalmente<\/strong>El dispositivo portabicicletas es un sistema desmontable exclusivo para portabicicletas. El cuello esf\u00e9rico, que se puede colocar en posici\u00f3n horizontal, es visible cuando se utiliza, pero cuando no se utiliza, el sistema apenas se nota en el veh\u00edculo.Ventajas<\/p><ul><li>El cuello esf\u00e9rico solo se utiliza cuando se emplea el dispositivo. El sistema en s\u00ed, sin el cuello esf\u00e9rico, apenas es visible. De este modo, apenas altera el aspecto del veh\u00edculo.<\/li><li>Los enganches desmontables de ACPS Automotive se bloquean de forma totalmente autom\u00e1tica, lo que ofrece una gran fiabilidad y un manejo sencillo.<\/li><li>El cuello esf\u00e9rico est\u00e1 provisto de una cerradura antirrobo.<\/li><\/ul><img loading=\"lazy\" decoding=\"async\" src=\"https:\/\/www.acps-automotive.com\/wp-content\/uploads\/_media\/produkte\/europa\/weitere-av\/weitere-av.jpg\" alt=\"Horizontal abnehmbare Fahrradtr\u00e4gervorrichtung\" width=\"730\" height=\"720\" \/>\t\t\t\n\t<h4>Technische Daten<\/h4>\n<table border=\"0\" width=\"100%\">\n<tbody>\n<tr>\n\n<td>Vertikal abnehmbar<\/td>\n<td>Horizontal abnehmbar<\/td>\n<\/tr>\n<tr>\n<td>D-Wert*<\/td>\n<td>bis zu 16,8 kN<\/td>\n<td>bis zu 13 kN<\/td>\n<\/tr>\n<tr>\n<td>St\u00fctzlast<\/td>\n<td>bis zu 220 kg<\/td>\n<td>bis zu 150 kg<\/td>\n<\/tr>\n<tr>\n<td>Anh\u00e4ngelast<\/td>\n<td>bis zu 3.500 kg<\/td>\n<td>bis zu 2.500 kg<\/td>\n<\/tr>\n<\/tbody>\n<\/table>\n<p>* Beim D-Wert handelt es sich um einen festgelegten Kraftwert, der das zul\u00e4ssige Gesamtgewicht des Zugfahrzeuges und das maximal zul\u00e4ssige Gesamtgewicht des Anh\u00e4ngers beinhaltet.<\/p>\n<p>&nbsp;<\/p>\n<strong>Die hier angegebenen Daten passen nicht zu Ihren fahrzeugspezifischen Anforderungen?<\/strong><br \/>\nDann <a href=\"https:\/\/www.acps-automotive.com\/kontakt\/kontaktformular\/\">nehmen Sie gern Kontakt zu uns auf<\/a>, denn wir entwickeln auch ma\u00dfgeschneiderte Komponenten und L\u00f6sungen.\n\t<h4>Datos t\u00e9cnicos<\/h4>\n<p>Si tiene alguna pregunta sobre los requisitos espec\u00edficos de su veh\u00edculo (carga de apoyo y n\u00famero de bicicletas que desea transportar), <a href=\"\/es\/contacto\/formulario-de-contacto\/\">no dude en ponerse en contacto con nosotros.<\/a><\/p>\n\t<h2>Kits el\u00e9ctricos adecuados<br \/>\n<strong>seg\u00fan las necesidades del cliente<\/strong><\/h2>\n<p>Los kits el\u00e9ctricos adecuados para los dispositivos de remolque se desarrollan en colaboraci\u00f3n con fabricantes de renombre de cables, seg\u00fan las necesidades del cliente. Ofrecemos a los fabricantes de autom\u00f3viles y a sus concesionarios autorizados nuestros sistemas para la instalaci\u00f3n en serie o el reequipamiento. Adem\u00e1s, hay piezas de repuesto disponibles para ambas \u00e1reas.<\/p>\n\t<h4><strong>Otros dispositivos de remolque\u00a0<\/strong><br \/>\npara el mercado europeo<\/h4>\n\t<a href=\"\/es\/productos\/para-europa\/dispositivos-de-remolque-giratorios\/\">Dispositivos de enganche<br \/>\ngiratorios<\/a>\n<p><a href=\"\/es\/productos\/para-europa\/dispositivos-de-remolque-giratorios\/\"><img loading=\"lazy\" decoding=\"async\" src=\"\/wp-content\/uploads\/_media\/produkte\/europa\/uebersicht\/schwenkbare-anhanegevorrichtungen-300x250.jpg\" alt=\"Schwenkbare Anh\u00e4ngevorrichtungen\" width=\"300\" height=\"250\" \/><\/a><\/p>\n\t<a href=\"\/es\/productos\/para-europa\/dispositivos-de-remolque-desmontables\/\">Dispositivos de remolque<br \/>\ndesmontables<\/a>\n<p><a href=\"\/es\/productos\/para-europa\/dispositivos-de-remolque-desmontables\/\"><img loading=\"lazy\" decoding=\"async\" src=\"\/wp-content\/uploads\/_media\/produkte\/europa\/uebersicht\/abnehmbare-anhanegevorrichtungen-300x250.jpg\" alt=\"Abnehmbare Anh\u00e4ngevorrichtungen\" width=\"300\" height=\"250\" \/><\/a><\/p>\n\t<a href=\"\/es\/productos\/para-europa\/dispositivos-de-remolque-rigidos\/\">Dispositivos de remolque<br \/>\nr\u00edgidos<\/a>\n<p><a href=\"\/es\/productos\/para-europa\/dispositivos-de-remolque-rigidos\/\"><img loading=\"lazy\" decoding=\"async\" src=\"\/wp-content\/uploads\/_media\/produkte\/europa\/uebersicht\/fixe-anhanegevorrichtungen-300x250.jpg\" alt=\"Starre Anh\u00e4ngevorrichtungen\" width=\"300\" height=\"250\" \/><\/a><\/p>\n\t<h2>\u00bfTiene alguna pregunta?<br \/>\n<strong>Le asesoramos<\/strong><\/h2>\n<p>Si tiene alguna pregunta sobre nuestros dispositivos de remolque, no dude en ponerse en contacto con nosotros.<\/p>\n<p><a href=\"\/es\/contacto\/formulario-de-contacto\/\"><img loading=\"lazy\" decoding=\"async\" src=\"https:\/\/www.acps-automotive.com\/wp-content\/uploads\/_media\/_allgemein\/pfeil-gross-dunkelblau.png\" alt=\"Pfeil gross dunkelblau\" width=\"67\" height=\"45\" \/>Contacto<\/a><\/p>\n<p>&nbsp;<\/p>\n\n<\/div><!-- .vgblk-rw-wrapper -->","protected":false},"excerpt":{"rendered":"<p>Otros dispositivos Horizontal abnehmbar Dispositivo portabicicletas desmontable horizontalmenteEl dispositivo portabicicletas es un sistema desmontable exclusivo para portabicicletas. El cuello esf\u00e9rico, que se puede colocar en posici\u00f3n horizontal, es visible cuando se utiliza, pero cuando no se utiliza, el sistema apenas se nota en el veh\u00edculo.Ventajas El cuello esf\u00e9rico solo se utiliza cuando se emplea el&#8230;<\/p>\n","protected":false},"author":8,"featured_media":0,"parent":27253,"menu_order":2,"comment_status":"closed","ping_status":"closed","template":"","meta":{"inline_featured_image":false,"_price":"","_stock":"","_tribe_ticket_header":"","_tribe_default_ticket_provider":"","_tribe_ticket_capacity":"0","_ticket_start_date":"","_ticket_end_date":"","_tribe_ticket_show_description":"","_tribe_ticket_show_not_going":false,"_tribe_ticket_use_global_stock":"","_tribe_ticket_global_stock_level":"","_global_stock_mode":"","_global_stock_cap":"","_tribe_rsvp_for_event":"","_tribe_ticket_going_count":"","_tribe_ticket_not_going_count":"","_tribe_tickets_list":"[]","_tribe_ticket_has_attendee_info_fields":false,"footnotes":""},"class_list":["post-27296","page","type-page","status-publish","hentry"],"yoast_head":"<!-- This site is optimized with the Yoast SEO plugin v27.2 - https:\/\/yoast.com\/product\/yoast-seo-wordpress\/ -->\n<title>Dispositivo portabicicletas | ACPS Automotive<\/title>\n<meta name=\"description\" content=\"Dispositivo portabicicletas desmontable horizontalmente \u2713Dise\u00f1ado especialmente para el transporte de bicicletas \u2713F\u00e1cil manejo \u2713Protecci\u00f3n antirrobo \u25ba \u00a1La soluci\u00f3n perfecta!\" \/>\n<meta name=\"robots\" content=\"index, follow, max-snippet:-1, max-image-preview:large, max-video-preview:-1\" \/>\n<link rel=\"canonical\" href=\"https:\/\/www.acps-automotive.com\/es\/productos\/para-europa\/otros-dispositivos\/\" \/>\n<meta property=\"og:locale\" content=\"es_ES\" \/>\n<meta property=\"og:type\" content=\"article\" \/>\n<meta property=\"og:title\" content=\"Dispositivo portabicicletas | ACPS Automotive\" \/>\n<meta property=\"og:description\" content=\"Dispositivo portabicicletas desmontable horizontalmente \u2713Dise\u00f1ado especialmente para el transporte de bicicletas \u2713F\u00e1cil manejo \u2713Protecci\u00f3n antirrobo \u25ba \u00a1La soluci\u00f3n perfecta!\" \/>\n<meta property=\"og:url\" content=\"https:\/\/www.acps-automotive.com\/es\/productos\/para-europa\/otros-dispositivos\/\" \/>\n<meta property=\"og:site_name\" content=\"ACPS Automotive GmbH\" \/>\n<meta property=\"article:modified_time\" content=\"2026-03-05T09:10:25+00:00\" \/>\n<meta property=\"og:image\" content=\"https:\/\/www.acps-automotive.com\/wp-content\/uploads\/_media\/produkte\/europa\/weitere-av\/weitere-av.jpg\" \/>\n<meta name=\"twitter:card\" content=\"summary_large_image\" \/>\n<meta name=\"twitter:site\" content=\"@ACPS_Automotive\" \/>\n<meta name=\"twitter:label1\" content=\"Tiempo de lectura\" \/>\n\t<meta name=\"twitter:data1\" content=\"3 minutos\" \/>\n<script type=\"application\/ld+json\" class=\"yoast-schema-graph\">{\"@context\":\"https:\/\/schema.org\",\"@graph\":[{\"@type\":\"WebPage\",\"@id\":\"https:\/\/www.acps-automotive.com\/es\/productos\/para-europa\/otros-dispositivos\/\",\"url\":\"https:\/\/www.acps-automotive.com\/es\/productos\/para-europa\/otros-dispositivos\/\",\"name\":\"Dispositivo portabicicletas | ACPS Automotive\",\"isPartOf\":{\"@id\":\"https:\/\/www.acps-automotive.com\/es\/#website\"},\"primaryImageOfPage\":{\"@id\":\"https:\/\/www.acps-automotive.com\/es\/productos\/para-europa\/otros-dispositivos\/#primaryimage\"},\"image\":{\"@id\":\"https:\/\/www.acps-automotive.com\/es\/productos\/para-europa\/otros-dispositivos\/#primaryimage\"},\"thumbnailUrl\":\"https:\/\/www.acps-automotive.com\/wp-content\/uploads\/_media\/produkte\/europa\/weitere-av\/weitere-av.jpg\",\"datePublished\":\"2025-12-10T08:30:29+00:00\",\"dateModified\":\"2026-03-05T09:10:25+00:00\",\"description\":\"Dispositivo portabicicletas desmontable horizontalmente \u2713Dise\u00f1ado especialmente para el transporte de bicicletas \u2713F\u00e1cil manejo \u2713Protecci\u00f3n antirrobo \u25ba \u00a1La soluci\u00f3n perfecta!\",\"breadcrumb\":{\"@id\":\"https:\/\/www.acps-automotive.com\/es\/productos\/para-europa\/otros-dispositivos\/#breadcrumb\"},\"inLanguage\":\"es\",\"potentialAction\":[{\"@type\":\"ReadAction\",\"target\":[\"https:\/\/www.acps-automotive.com\/es\/productos\/para-europa\/otros-dispositivos\/\"]}]},{\"@type\":\"ImageObject\",\"inLanguage\":\"es\",\"@id\":\"https:\/\/www.acps-automotive.com\/es\/productos\/para-europa\/otros-dispositivos\/#primaryimage\",\"url\":\"https:\/\/www.acps-automotive.com\/wp-content\/uploads\/_media\/produkte\/europa\/weitere-av\/weitere-av.jpg\",\"contentUrl\":\"https:\/\/www.acps-automotive.com\/wp-content\/uploads\/_media\/produkte\/europa\/weitere-av\/weitere-av.jpg\"},{\"@type\":\"BreadcrumbList\",\"@id\":\"https:\/\/www.acps-automotive.com\/es\/productos\/para-europa\/otros-dispositivos\/#breadcrumb\",\"itemListElement\":[{\"@type\":\"ListItem\",\"position\":1,\"name\":\"Startseite\",\"item\":\"https:\/\/www.acps-automotive.com\/es\/\"},{\"@type\":\"ListItem\",\"position\":2,\"name\":\"Productos\",\"item\":\"https:\/\/www.acps-automotive.com\/es\/productos\/\"},{\"@type\":\"ListItem\",\"position\":3,\"name\":\"Dispositivos de remolque para el mercado europeo\",\"item\":\"https:\/\/www.acps-automotive.com\/es\/productos\/para-europa\/\"},{\"@type\":\"ListItem\",\"position\":4,\"name\":\"Otros dispositivos\"}]},{\"@type\":\"WebSite\",\"@id\":\"https:\/\/www.acps-automotive.com\/es\/#website\",\"url\":\"https:\/\/www.acps-automotive.com\/es\/\",\"name\":\"ACPS Automotive GmbH\",\"description\":\"Innovative Anh\u00e4ngekupplungen\",\"publisher\":{\"@id\":\"https:\/\/www.acps-automotive.com\/es\/#organization\"},\"potentialAction\":[{\"@type\":\"SearchAction\",\"target\":{\"@type\":\"EntryPoint\",\"urlTemplate\":\"https:\/\/www.acps-automotive.com\/es\/?s={search_term_string}\"},\"query-input\":{\"@type\":\"PropertyValueSpecification\",\"valueRequired\":true,\"valueName\":\"search_term_string\"}}],\"inLanguage\":\"es\"},{\"@type\":\"Organization\",\"@id\":\"https:\/\/www.acps-automotive.com\/es\/#organization\",\"name\":\"ACPS Automotive GmbH\",\"url\":\"https:\/\/www.acps-automotive.com\/es\/\",\"logo\":{\"@type\":\"ImageObject\",\"inLanguage\":\"es\",\"@id\":\"https:\/\/www.acps-automotive.com\/es\/#\/schema\/logo\/image\/\",\"url\":\"https:\/\/www.acps-automotive.com\/wp-content\/uploads\/_media\/_allgemein\/Logo-Footer-ACPS-Automotive.png\",\"contentUrl\":\"https:\/\/www.acps-automotive.com\/wp-content\/uploads\/_media\/_allgemein\/Logo-Footer-ACPS-Automotive.png\",\"width\":239,\"height\":32,\"caption\":\"ACPS Automotive GmbH\"},\"image\":{\"@id\":\"https:\/\/www.acps-automotive.com\/es\/#\/schema\/logo\/image\/\"},\"sameAs\":[\"https:\/\/x.com\/ACPS_Automotive\",\"https:\/\/www.linkedin.com\/company\/acps-automotive-gmbh\/\",\"https:\/\/www.instagram.com\/acps_ausbildung\/\",\"https:\/\/www.youtube.com\/channel\/UC2jxrgWwpxpkay2aHWV5SaQ\"]}]}<\/script>\n<!-- \/ Yoast SEO plugin. -->","yoast_head_json":{"title":"Dispositivo portabicicletas | ACPS Automotive","description":"Dispositivo portabicicletas desmontable horizontalmente \u2713Dise\u00f1ado especialmente para el transporte de bicicletas \u2713F\u00e1cil manejo \u2713Protecci\u00f3n antirrobo \u25ba \u00a1La soluci\u00f3n perfecta!","robots":{"index":"index","follow":"follow","max-snippet":"max-snippet:-1","max-image-preview":"max-image-preview:large","max-video-preview":"max-video-preview:-1"},"canonical":"https:\/\/www.acps-automotive.com\/es\/productos\/para-europa\/otros-dispositivos\/","og_locale":"es_ES","og_type":"article","og_title":"Dispositivo portabicicletas | ACPS Automotive","og_description":"Dispositivo portabicicletas desmontable horizontalmente \u2713Dise\u00f1ado especialmente para el transporte de bicicletas \u2713F\u00e1cil manejo \u2713Protecci\u00f3n antirrobo \u25ba \u00a1La soluci\u00f3n perfecta!","og_url":"https:\/\/www.acps-automotive.com\/es\/productos\/para-europa\/otros-dispositivos\/","og_site_name":"ACPS Automotive GmbH","article_modified_time":"2026-03-05T09:10:25+00:00","og_image":[{"url":"https:\/\/www.acps-automotive.com\/wp-content\/uploads\/_media\/produkte\/europa\/weitere-av\/weitere-av.jpg","type":"","width":"","height":""}],"twitter_card":"summary_large_image","twitter_site":"@ACPS_Automotive","twitter_misc":{"Tiempo de lectura":"3 minutos"},"schema":{"@context":"https:\/\/schema.org","@graph":[{"@type":"WebPage","@id":"https:\/\/www.acps-automotive.com\/es\/productos\/para-europa\/otros-dispositivos\/","url":"https:\/\/www.acps-automotive.com\/es\/productos\/para-europa\/otros-dispositivos\/","name":"Dispositivo portabicicletas | ACPS Automotive","isPartOf":{"@id":"https:\/\/www.acps-automotive.com\/es\/#website"},"primaryImageOfPage":{"@id":"https:\/\/www.acps-automotive.com\/es\/productos\/para-europa\/otros-dispositivos\/#primaryimage"},"image":{"@id":"https:\/\/www.acps-automotive.com\/es\/productos\/para-europa\/otros-dispositivos\/#primaryimage"},"thumbnailUrl":"https:\/\/www.acps-automotive.com\/wp-content\/uploads\/_media\/produkte\/europa\/weitere-av\/weitere-av.jpg","datePublished":"2025-12-10T08:30:29+00:00","dateModified":"2026-03-05T09:10:25+00:00","description":"Dispositivo portabicicletas desmontable horizontalmente \u2713Dise\u00f1ado especialmente para el transporte de bicicletas \u2713F\u00e1cil manejo \u2713Protecci\u00f3n antirrobo \u25ba \u00a1La soluci\u00f3n perfecta!","breadcrumb":{"@id":"https:\/\/www.acps-automotive.com\/es\/productos\/para-europa\/otros-dispositivos\/#breadcrumb"},"inLanguage":"es","potentialAction":[{"@type":"ReadAction","target":["https:\/\/www.acps-automotive.com\/es\/productos\/para-europa\/otros-dispositivos\/"]}]},{"@type":"ImageObject","inLanguage":"es","@id":"https:\/\/www.acps-automotive.com\/es\/productos\/para-europa\/otros-dispositivos\/#primaryimage","url":"https:\/\/www.acps-automotive.com\/wp-content\/uploads\/_media\/produkte\/europa\/weitere-av\/weitere-av.jpg","contentUrl":"https:\/\/www.acps-automotive.com\/wp-content\/uploads\/_media\/produkte\/europa\/weitere-av\/weitere-av.jpg"},{"@type":"BreadcrumbList","@id":"https:\/\/www.acps-automotive.com\/es\/productos\/para-europa\/otros-dispositivos\/#breadcrumb","itemListElement":[{"@type":"ListItem","position":1,"name":"Startseite","item":"https:\/\/www.acps-automotive.com\/es\/"},{"@type":"ListItem","position":2,"name":"Productos","item":"https:\/\/www.acps-automotive.com\/es\/productos\/"},{"@type":"ListItem","position":3,"name":"Dispositivos de remolque para el mercado europeo","item":"https:\/\/www.acps-automotive.com\/es\/productos\/para-europa\/"},{"@type":"ListItem","position":4,"name":"Otros dispositivos"}]},{"@type":"WebSite","@id":"https:\/\/www.acps-automotive.com\/es\/#website","url":"https:\/\/www.acps-automotive.com\/es\/","name":"ACPS Automotive GmbH","description":"Innovative Anh\u00e4ngekupplungen","publisher":{"@id":"https:\/\/www.acps-automotive.com\/es\/#organization"},"potentialAction":[{"@type":"SearchAction","target":{"@type":"EntryPoint","urlTemplate":"https:\/\/www.acps-automotive.com\/es\/?s={search_term_string}"},"query-input":{"@type":"PropertyValueSpecification","valueRequired":true,"valueName":"search_term_string"}}],"inLanguage":"es"},{"@type":"Organization","@id":"https:\/\/www.acps-automotive.com\/es\/#organization","name":"ACPS Automotive GmbH","url":"https:\/\/www.acps-automotive.com\/es\/","logo":{"@type":"ImageObject","inLanguage":"es","@id":"https:\/\/www.acps-automotive.com\/es\/#\/schema\/logo\/image\/","url":"https:\/\/www.acps-automotive.com\/wp-content\/uploads\/_media\/_allgemein\/Logo-Footer-ACPS-Automotive.png","contentUrl":"https:\/\/www.acps-automotive.com\/wp-content\/uploads\/_media\/_allgemein\/Logo-Footer-ACPS-Automotive.png","width":239,"height":32,"caption":"ACPS Automotive GmbH"},"image":{"@id":"https:\/\/www.acps-automotive.com\/es\/#\/schema\/logo\/image\/"},"sameAs":["https:\/\/x.com\/ACPS_Automotive","https:\/\/www.linkedin.com\/company\/acps-automotive-gmbh\/","https:\/\/www.instagram.com\/acps_ausbildung\/","https:\/\/www.youtube.com\/channel\/UC2jxrgWwpxpkay2aHWV5SaQ"]}]}},"_links":{"self":[{"href":"https:\/\/www.acps-automotive.com\/es\/wp-json\/wp\/v2\/pages\/27296","targetHints":{"allow":["GET"]}}],"collection":[{"href":"https:\/\/www.acps-automotive.com\/es\/wp-json\/wp\/v2\/pages"}],"about":[{"href":"https:\/\/www.acps-automotive.com\/es\/wp-json\/wp\/v2\/types\/page"}],"author":[{"embeddable":true,"href":"https:\/\/www.acps-automotive.com\/es\/wp-json\/wp\/v2\/users\/8"}],"replies":[{"embeddable":true,"href":"https:\/\/www.acps-automotive.com\/es\/wp-json\/wp\/v2\/comments?post=27296"}],"version-history":[{"count":7,"href":"https:\/\/www.acps-automotive.com\/es\/wp-json\/wp\/v2\/pages\/27296\/revisions"}],"predecessor-version":[{"id":28297,"href":"https:\/\/www.acps-automotive.com\/es\/wp-json\/wp\/v2\/pages\/27296\/revisions\/28297"}],"up":[{"embeddable":true,"href":"https:\/\/www.acps-automotive.com\/es\/wp-json\/wp\/v2\/pages\/27253"}],"wp:attachment":[{"href":"https:\/\/www.acps-automotive.com\/es\/wp-json\/wp\/v2\/media?parent=27296"}],"curies":[{"name":"wp","href":"https:\/\/api.w.org\/{rel}","templated":true}]}}