{"id":27283,"date":"2025-12-10T09:28:34","date_gmt":"2025-12-10T08:28:34","guid":{"rendered":"https:\/\/www.acps-automotive.com\/?page_id=27283"},"modified":"2026-03-05T09:49:54","modified_gmt":"2026-03-05T08:49:54","slug":"dispositivos-de-remolque-rigidos","status":"publish","type":"page","link":"https:\/\/www.acps-automotive.com\/es\/productos\/para-europa\/dispositivos-de-remolque-rigidos\/","title":{"rendered":"Dispositivos de remolque r\u00edgidos"},"content":{"rendered":"<div class=\"vgblk-rw-wrapper limit-wrapper\">\n\n\t<h1>Dispositivos de remolque<br \/>\n<strong>R\u00edgidos<\/strong><\/h1>\n\t\t\tStarre\t\t\n\t\t\t\t<p><strong>Dispositivos de remolque r\u00edgidos &#8211;<br \/>el cl\u00e1sico<br \/><\/strong>ACPS Automotive ha crecido y se ha convertido en l\u00edder del mercado gracias a sus enganches r\u00edgidos. En los sistemas de enganche r\u00edgidos, el cuello esf\u00e9rico est\u00e1 soldado al travesa\u00f1o. Los enganches r\u00edgidos son econ\u00f3micos y funcionales.<\/p><img loading=\"lazy\" decoding=\"async\" src=\"https:\/\/www.acps-automotive.com\/wp-content\/uploads\/_media\/produkte\/europa\/starre-av\/starre-av.jpg\" alt=\"Starre Anh\u00e4ngevorrichtungen\" width=\"730\" height=\"720\" \/>\t\t\t\n\t<h4>Datos t\u00e9cnicos<\/h4>\n<table border=\"0\" width=\"100%\">\n<tbody>\n<tr>\n<td>Valor D*<\/td>\n<td>hasta 16,8 kN<\/td>\n<\/tr>\n<tr>\n<td>Carga de apoyo<\/td>\n<td>hasta 250 kg<\/td>\n<\/tr>\n<tr>\n<td>Carga remolcada<\/td>\n<td>hasta 3.500 kg<\/td>\n<\/tr>\n<\/tbody>\n<\/table>\n<p>* El valor D es un valor de fuerza establecido que incluye el peso total admisible del veh\u00edculo tractor y el peso total m\u00e1ximo admisible del remolque.<\/p>\n<p>&nbsp;<\/p>\n<strong>\u00bfLos datos aqu\u00ed indicados no se ajustan a los requisitos espec\u00edficos de su veh\u00edculo?<\/strong><br \/>\nEntonces <a href=\"\/es\/contacto\/formulario-de-contacto\/\" target=\"_blank\" rel=\"noreferrer noopener\" aria-label=\"Link no dude en ponerse en contacto con nosotros\">no dude en ponerse en contacto con nosotros<\/a>,\u00a0ya que tambi\u00e9n desarrollamos componentes y soluciones a la medida.\n\t<p><img loading=\"lazy\" decoding=\"async\" src=\"https:\/\/www.acps-automotive.com\/wp-content\/uploads\/_media\/produkte\/europa\/starre-av\/bild01.jpg\" alt=\"Starre Anh\u00e4ngevorrichtungen Bild01\" width=\"410\" height=\"600\" \/><\/p>\n\t<p><img loading=\"lazy\" decoding=\"async\" src=\"https:\/\/www.acps-automotive.com\/wp-content\/uploads\/_media\/produkte\/europa\/starre-av\/bild02.jpg\" alt=\"Starre Anh\u00e4ngevorrichtungen Bild02\" width=\"855\" height=\"440\" \/><\/p>\n\t<p><img loading=\"lazy\" decoding=\"async\" src=\"https:\/\/www.acps-automotive.com\/wp-content\/uploads\/_media\/produkte\/europa\/starre-av\/bild03.jpg\" alt=\"Starre Anh\u00e4ngevorrichtungen Bild03\" width=\"410\" height=\"300\" \/><\/p>\n\t<p><img loading=\"lazy\" decoding=\"async\" src=\"https:\/\/www.acps-automotive.com\/wp-content\/uploads\/_media\/produkte\/europa\/starre-av\/bild04.jpg\" alt=\"Starre Anh\u00e4ngevorrichtungen Bild04\" width=\"410\" height=\"300\" \/><\/p>\n\t<h2>Kits el\u00e9ctricos adecuados<br \/>\n<strong>seg\u00fan las necesidades del cliente<\/strong><\/h2>\n<p>Los kits el\u00e9ctricos adecuados para los dispositivos de remolque se desarrollan en colaboraci\u00f3n con fabricantes de renombre de cables, seg\u00fan las necesidades del cliente. Ofrecemos a los fabricantes de autom\u00f3viles y a sus concesionarios autorizados nuestros sistemas para la instalaci\u00f3n en serie o el reequipamiento. Adem\u00e1s, hay piezas de repuesto disponibles para ambas \u00e1reas.<\/p>\n\t<h4><strong>Otros dispositivos de remolque\u00a0<\/strong><br \/>\npara el mercado europeo<\/h4>\n\t<a href=\"\/es\/productos\/para-europa\/fix4bike\/\">FIX4BIKE<sup>\u00ae<\/sup><br \/>\nel sistema<br \/>\n<\/a>\n<p><a href=\"\/es\/productos\/para-europa\/fix4bike\/\"><img loading=\"lazy\" decoding=\"async\" src=\"https:\/\/www.acps-automotive.com\/wp-content\/uploads\/_media\/produkte\/europa\/uebersicht\/fix4bike-300x250.jpg\" alt=\"FIX4BIKE\" width=\"300\" height=\"250\" \/><\/a><\/p>\n\t<a href=\"\/es\/productos\/para-europa\/otros-dispositivos\/\">Otros<br \/>\ndispositivos<\/a>\n<p><a href=\"\/es\/productos\/para-europa\/otros-dispositivos\/\"><img loading=\"lazy\" decoding=\"async\" src=\"https:\/\/www.acps-automotive.com\/wp-content\/uploads\/_media\/produkte\/europa\/uebersicht\/weitere-vorrichtungen-300x250.jpg\" alt=\"Weitere Vorrichtungen\" width=\"300\" height=\"250\" \/><\/a><\/p>\n\t<a href=\"\/es\/productos\/para-europa\/dispositivos-de-remolque-giratorios\/\">Dispositivos de remolque<br \/>\ngiratorios<\/a>\n<p><a href=\"\/es\/productos\/para-europa\/dispositivos-de-remolque-giratorios\/\"><img loading=\"lazy\" decoding=\"async\" src=\"\/wp-content\/uploads\/_media\/produkte\/europa\/uebersicht\/schwenkbare-anhanegevorrichtungen-300x250.jpg\" alt=\"Schwenkbare Anh\u00e4ngevorrichtungen\" width=\"300\" height=\"250\" \/><\/a><\/p>\n\t<h2>\u00bfTiene alguna pregunta?<br \/>\n<strong>Le asesoramos<br \/>\n<\/strong><\/h2>\n<p>Si tiene alguna pregunta sobre nuestros dispositivos de remolque, no dude en ponerse en contacto con nosotros.<\/p>\n<p><a href=\"\/es\/contacto\/formulario-de-contacto\/\"><img loading=\"lazy\" decoding=\"async\" src=\"https:\/\/www.acps-automotive.com\/wp-content\/uploads\/_media\/_allgemein\/pfeil-gross-dunkelblau.png\" alt=\"Pfeil gross dunkelblau\" width=\"67\" height=\"45\" \/>Contacto<\/a><\/p>\n<p>&nbsp;<\/p>\n\n<\/div><!-- .vgblk-rw-wrapper -->","protected":false},"excerpt":{"rendered":"<p>Dispositivos de remolque R\u00edgidos Starre Dispositivos de remolque r\u00edgidos &#8211;el cl\u00e1sicoACPS Automotive ha crecido y se ha convertido en l\u00edder del mercado gracias a sus enganches r\u00edgidos. En los sistemas de enganche r\u00edgidos, el cuello esf\u00e9rico est\u00e1 soldado al travesa\u00f1o. Los enganches r\u00edgidos son econ\u00f3micos y funcionales. Datos t\u00e9cnicos Valor D* hasta 16,8 kN Carga&#8230;<\/p>\n","protected":false},"author":8,"featured_media":0,"parent":27253,"menu_order":1,"comment_status":"closed","ping_status":"closed","template":"","meta":{"inline_featured_image":false,"_price":"","_stock":"","_tribe_ticket_header":"","_tribe_default_ticket_provider":"","_tribe_ticket_capacity":"0","_ticket_start_date":"","_ticket_end_date":"","_tribe_ticket_show_description":"","_tribe_ticket_show_not_going":false,"_tribe_ticket_use_global_stock":"","_tribe_ticket_global_stock_level":"","_global_stock_mode":"","_global_stock_cap":"","_tribe_rsvp_for_event":"","_tribe_ticket_going_count":"","_tribe_ticket_not_going_count":"","_tribe_tickets_list":"[]","_tribe_ticket_has_attendee_info_fields":false,"footnotes":""},"class_list":["post-27283","page","type-page","status-publish","hentry"],"yoast_head":"<!-- This site is optimized with the Yoast SEO plugin v27.2 - https:\/\/yoast.com\/product\/yoast-seo-wordpress\/ -->\n<title>Dispositivos de remolque r\u00edgidos | ACPS Automotive<\/title>\n<meta name=\"description\" content=\"ORIS: dispositivos de remolque r\u00edgidos, econ\u00f3micos y funcionales. \u25ba \u00a1La soluci\u00f3n ideal para usted!\" \/>\n<meta name=\"robots\" content=\"index, follow, max-snippet:-1, max-image-preview:large, max-video-preview:-1\" \/>\n<link rel=\"canonical\" href=\"https:\/\/www.acps-automotive.com\/es\/productos\/para-europa\/dispositivos-de-remolque-rigidos\/\" \/>\n<meta property=\"og:locale\" content=\"es_ES\" \/>\n<meta property=\"og:type\" content=\"article\" \/>\n<meta property=\"og:title\" content=\"Dispositivos de remolque r\u00edgidos | ACPS Automotive\" \/>\n<meta property=\"og:description\" content=\"ORIS: dispositivos de remolque r\u00edgidos, econ\u00f3micos y funcionales. \u25ba \u00a1La soluci\u00f3n ideal para usted!\" \/>\n<meta property=\"og:url\" content=\"https:\/\/www.acps-automotive.com\/es\/productos\/para-europa\/dispositivos-de-remolque-rigidos\/\" \/>\n<meta property=\"og:site_name\" content=\"ACPS Automotive GmbH\" \/>\n<meta property=\"article:modified_time\" content=\"2026-03-05T08:49:54+00:00\" \/>\n<meta property=\"og:image\" content=\"https:\/\/www.acps-automotive.com\/wp-content\/uploads\/_media\/produkte\/europa\/starre-av\/starre-av.jpg\" \/>\n<meta name=\"twitter:card\" content=\"summary_large_image\" \/>\n<meta name=\"twitter:site\" content=\"@ACPS_Automotive\" \/>\n<meta name=\"twitter:label1\" content=\"Tiempo de lectura\" \/>\n\t<meta name=\"twitter:data1\" content=\"4 minutos\" \/>\n<script type=\"application\/ld+json\" class=\"yoast-schema-graph\">{\"@context\":\"https:\/\/schema.org\",\"@graph\":[{\"@type\":\"WebPage\",\"@id\":\"https:\/\/www.acps-automotive.com\/es\/productos\/para-europa\/dispositivos-de-remolque-rigidos\/\",\"url\":\"https:\/\/www.acps-automotive.com\/es\/productos\/para-europa\/dispositivos-de-remolque-rigidos\/\",\"name\":\"Dispositivos de remolque r\u00edgidos | ACPS Automotive\",\"isPartOf\":{\"@id\":\"https:\/\/www.acps-automotive.com\/es\/#website\"},\"primaryImageOfPage\":{\"@id\":\"https:\/\/www.acps-automotive.com\/es\/productos\/para-europa\/dispositivos-de-remolque-rigidos\/#primaryimage\"},\"image\":{\"@id\":\"https:\/\/www.acps-automotive.com\/es\/productos\/para-europa\/dispositivos-de-remolque-rigidos\/#primaryimage\"},\"thumbnailUrl\":\"https:\/\/www.acps-automotive.com\/wp-content\/uploads\/_media\/produkte\/europa\/starre-av\/starre-av.jpg\",\"datePublished\":\"2025-12-10T08:28:34+00:00\",\"dateModified\":\"2026-03-05T08:49:54+00:00\",\"description\":\"ORIS: dispositivos de remolque r\u00edgidos, econ\u00f3micos y funcionales. \u25ba \u00a1La soluci\u00f3n ideal para usted!\",\"breadcrumb\":{\"@id\":\"https:\/\/www.acps-automotive.com\/es\/productos\/para-europa\/dispositivos-de-remolque-rigidos\/#breadcrumb\"},\"inLanguage\":\"es\",\"potentialAction\":[{\"@type\":\"ReadAction\",\"target\":[\"https:\/\/www.acps-automotive.com\/es\/productos\/para-europa\/dispositivos-de-remolque-rigidos\/\"]}]},{\"@type\":\"ImageObject\",\"inLanguage\":\"es\",\"@id\":\"https:\/\/www.acps-automotive.com\/es\/productos\/para-europa\/dispositivos-de-remolque-rigidos\/#primaryimage\",\"url\":\"https:\/\/www.acps-automotive.com\/wp-content\/uploads\/_media\/produkte\/europa\/starre-av\/starre-av.jpg\",\"contentUrl\":\"https:\/\/www.acps-automotive.com\/wp-content\/uploads\/_media\/produkte\/europa\/starre-av\/starre-av.jpg\"},{\"@type\":\"BreadcrumbList\",\"@id\":\"https:\/\/www.acps-automotive.com\/es\/productos\/para-europa\/dispositivos-de-remolque-rigidos\/#breadcrumb\",\"itemListElement\":[{\"@type\":\"ListItem\",\"position\":1,\"name\":\"Startseite\",\"item\":\"https:\/\/www.acps-automotive.com\/es\/\"},{\"@type\":\"ListItem\",\"position\":2,\"name\":\"Productos\",\"item\":\"https:\/\/www.acps-automotive.com\/es\/productos\/\"},{\"@type\":\"ListItem\",\"position\":3,\"name\":\"Dispositivos de remolque para el mercado europeo\",\"item\":\"https:\/\/www.acps-automotive.com\/es\/productos\/para-europa\/\"},{\"@type\":\"ListItem\",\"position\":4,\"name\":\"Dispositivos de remolque r\u00edgidos\"}]},{\"@type\":\"WebSite\",\"@id\":\"https:\/\/www.acps-automotive.com\/es\/#website\",\"url\":\"https:\/\/www.acps-automotive.com\/es\/\",\"name\":\"ACPS Automotive GmbH\",\"description\":\"Innovative Anh\u00e4ngekupplungen\",\"publisher\":{\"@id\":\"https:\/\/www.acps-automotive.com\/es\/#organization\"},\"potentialAction\":[{\"@type\":\"SearchAction\",\"target\":{\"@type\":\"EntryPoint\",\"urlTemplate\":\"https:\/\/www.acps-automotive.com\/es\/?s={search_term_string}\"},\"query-input\":{\"@type\":\"PropertyValueSpecification\",\"valueRequired\":true,\"valueName\":\"search_term_string\"}}],\"inLanguage\":\"es\"},{\"@type\":\"Organization\",\"@id\":\"https:\/\/www.acps-automotive.com\/es\/#organization\",\"name\":\"ACPS Automotive GmbH\",\"url\":\"https:\/\/www.acps-automotive.com\/es\/\",\"logo\":{\"@type\":\"ImageObject\",\"inLanguage\":\"es\",\"@id\":\"https:\/\/www.acps-automotive.com\/es\/#\/schema\/logo\/image\/\",\"url\":\"https:\/\/www.acps-automotive.com\/wp-content\/uploads\/_media\/_allgemein\/Logo-Footer-ACPS-Automotive.png\",\"contentUrl\":\"https:\/\/www.acps-automotive.com\/wp-content\/uploads\/_media\/_allgemein\/Logo-Footer-ACPS-Automotive.png\",\"width\":239,\"height\":32,\"caption\":\"ACPS Automotive GmbH\"},\"image\":{\"@id\":\"https:\/\/www.acps-automotive.com\/es\/#\/schema\/logo\/image\/\"},\"sameAs\":[\"https:\/\/x.com\/ACPS_Automotive\",\"https:\/\/www.linkedin.com\/company\/acps-automotive-gmbh\/\",\"https:\/\/www.instagram.com\/acps_ausbildung\/\",\"https:\/\/www.youtube.com\/channel\/UC2jxrgWwpxpkay2aHWV5SaQ\"]}]}<\/script>\n<!-- \/ Yoast SEO plugin. -->","yoast_head_json":{"title":"Dispositivos de remolque r\u00edgidos | ACPS Automotive","description":"ORIS: dispositivos de remolque r\u00edgidos, econ\u00f3micos y funcionales. \u25ba \u00a1La soluci\u00f3n ideal para usted!","robots":{"index":"index","follow":"follow","max-snippet":"max-snippet:-1","max-image-preview":"max-image-preview:large","max-video-preview":"max-video-preview:-1"},"canonical":"https:\/\/www.acps-automotive.com\/es\/productos\/para-europa\/dispositivos-de-remolque-rigidos\/","og_locale":"es_ES","og_type":"article","og_title":"Dispositivos de remolque r\u00edgidos | ACPS Automotive","og_description":"ORIS: dispositivos de remolque r\u00edgidos, econ\u00f3micos y funcionales. \u25ba \u00a1La soluci\u00f3n ideal para usted!","og_url":"https:\/\/www.acps-automotive.com\/es\/productos\/para-europa\/dispositivos-de-remolque-rigidos\/","og_site_name":"ACPS Automotive GmbH","article_modified_time":"2026-03-05T08:49:54+00:00","og_image":[{"url":"https:\/\/www.acps-automotive.com\/wp-content\/uploads\/_media\/produkte\/europa\/starre-av\/starre-av.jpg","type":"","width":"","height":""}],"twitter_card":"summary_large_image","twitter_site":"@ACPS_Automotive","twitter_misc":{"Tiempo de lectura":"4 minutos"},"schema":{"@context":"https:\/\/schema.org","@graph":[{"@type":"WebPage","@id":"https:\/\/www.acps-automotive.com\/es\/productos\/para-europa\/dispositivos-de-remolque-rigidos\/","url":"https:\/\/www.acps-automotive.com\/es\/productos\/para-europa\/dispositivos-de-remolque-rigidos\/","name":"Dispositivos de remolque r\u00edgidos | ACPS Automotive","isPartOf":{"@id":"https:\/\/www.acps-automotive.com\/es\/#website"},"primaryImageOfPage":{"@id":"https:\/\/www.acps-automotive.com\/es\/productos\/para-europa\/dispositivos-de-remolque-rigidos\/#primaryimage"},"image":{"@id":"https:\/\/www.acps-automotive.com\/es\/productos\/para-europa\/dispositivos-de-remolque-rigidos\/#primaryimage"},"thumbnailUrl":"https:\/\/www.acps-automotive.com\/wp-content\/uploads\/_media\/produkte\/europa\/starre-av\/starre-av.jpg","datePublished":"2025-12-10T08:28:34+00:00","dateModified":"2026-03-05T08:49:54+00:00","description":"ORIS: dispositivos de remolque r\u00edgidos, econ\u00f3micos y funcionales. \u25ba \u00a1La soluci\u00f3n ideal para usted!","breadcrumb":{"@id":"https:\/\/www.acps-automotive.com\/es\/productos\/para-europa\/dispositivos-de-remolque-rigidos\/#breadcrumb"},"inLanguage":"es","potentialAction":[{"@type":"ReadAction","target":["https:\/\/www.acps-automotive.com\/es\/productos\/para-europa\/dispositivos-de-remolque-rigidos\/"]}]},{"@type":"ImageObject","inLanguage":"es","@id":"https:\/\/www.acps-automotive.com\/es\/productos\/para-europa\/dispositivos-de-remolque-rigidos\/#primaryimage","url":"https:\/\/www.acps-automotive.com\/wp-content\/uploads\/_media\/produkte\/europa\/starre-av\/starre-av.jpg","contentUrl":"https:\/\/www.acps-automotive.com\/wp-content\/uploads\/_media\/produkte\/europa\/starre-av\/starre-av.jpg"},{"@type":"BreadcrumbList","@id":"https:\/\/www.acps-automotive.com\/es\/productos\/para-europa\/dispositivos-de-remolque-rigidos\/#breadcrumb","itemListElement":[{"@type":"ListItem","position":1,"name":"Startseite","item":"https:\/\/www.acps-automotive.com\/es\/"},{"@type":"ListItem","position":2,"name":"Productos","item":"https:\/\/www.acps-automotive.com\/es\/productos\/"},{"@type":"ListItem","position":3,"name":"Dispositivos de remolque para el mercado europeo","item":"https:\/\/www.acps-automotive.com\/es\/productos\/para-europa\/"},{"@type":"ListItem","position":4,"name":"Dispositivos de remolque r\u00edgidos"}]},{"@type":"WebSite","@id":"https:\/\/www.acps-automotive.com\/es\/#website","url":"https:\/\/www.acps-automotive.com\/es\/","name":"ACPS Automotive GmbH","description":"Innovative Anh\u00e4ngekupplungen","publisher":{"@id":"https:\/\/www.acps-automotive.com\/es\/#organization"},"potentialAction":[{"@type":"SearchAction","target":{"@type":"EntryPoint","urlTemplate":"https:\/\/www.acps-automotive.com\/es\/?s={search_term_string}"},"query-input":{"@type":"PropertyValueSpecification","valueRequired":true,"valueName":"search_term_string"}}],"inLanguage":"es"},{"@type":"Organization","@id":"https:\/\/www.acps-automotive.com\/es\/#organization","name":"ACPS Automotive GmbH","url":"https:\/\/www.acps-automotive.com\/es\/","logo":{"@type":"ImageObject","inLanguage":"es","@id":"https:\/\/www.acps-automotive.com\/es\/#\/schema\/logo\/image\/","url":"https:\/\/www.acps-automotive.com\/wp-content\/uploads\/_media\/_allgemein\/Logo-Footer-ACPS-Automotive.png","contentUrl":"https:\/\/www.acps-automotive.com\/wp-content\/uploads\/_media\/_allgemein\/Logo-Footer-ACPS-Automotive.png","width":239,"height":32,"caption":"ACPS Automotive GmbH"},"image":{"@id":"https:\/\/www.acps-automotive.com\/es\/#\/schema\/logo\/image\/"},"sameAs":["https:\/\/x.com\/ACPS_Automotive","https:\/\/www.linkedin.com\/company\/acps-automotive-gmbh\/","https:\/\/www.instagram.com\/acps_ausbildung\/","https:\/\/www.youtube.com\/channel\/UC2jxrgWwpxpkay2aHWV5SaQ"]}]}},"_links":{"self":[{"href":"https:\/\/www.acps-automotive.com\/es\/wp-json\/wp\/v2\/pages\/27283","targetHints":{"allow":["GET"]}}],"collection":[{"href":"https:\/\/www.acps-automotive.com\/es\/wp-json\/wp\/v2\/pages"}],"about":[{"href":"https:\/\/www.acps-automotive.com\/es\/wp-json\/wp\/v2\/types\/page"}],"author":[{"embeddable":true,"href":"https:\/\/www.acps-automotive.com\/es\/wp-json\/wp\/v2\/users\/8"}],"replies":[{"embeddable":true,"href":"https:\/\/www.acps-automotive.com\/es\/wp-json\/wp\/v2\/comments?post=27283"}],"version-history":[{"count":8,"href":"https:\/\/www.acps-automotive.com\/es\/wp-json\/wp\/v2\/pages\/27283\/revisions"}],"predecessor-version":[{"id":28294,"href":"https:\/\/www.acps-automotive.com\/es\/wp-json\/wp\/v2\/pages\/27283\/revisions\/28294"}],"up":[{"embeddable":true,"href":"https:\/\/www.acps-automotive.com\/es\/wp-json\/wp\/v2\/pages\/27253"}],"wp:attachment":[{"href":"https:\/\/www.acps-automotive.com\/es\/wp-json\/wp\/v2\/media?parent=27283"}],"curies":[{"name":"wp","href":"https:\/\/api.w.org\/{rel}","templated":true}]}}