{"id":27278,"date":"2025-12-10T09:24:39","date_gmt":"2025-12-10T08:24:39","guid":{"rendered":"https:\/\/www.acps-automotive.com\/?page_id=27278"},"modified":"2026-03-05T09:55:39","modified_gmt":"2026-03-05T08:55:39","slug":"dispositivos-de-remolque-giratorios","status":"publish","type":"page","link":"https:\/\/www.acps-automotive.com\/es\/productos\/para-europa\/dispositivos-de-remolque-giratorios\/","title":{"rendered":"Dispositivos de remolque giratorios"},"content":{"rendered":"<div class=\"vgblk-rw-wrapper limit-wrapper\">\n\n\t<h1>Dispositivos de remolque<br \/>\n<strong>giratorios<\/strong><\/h1>\n\t\t\tTotalmente el\u00e9ctrico y giratorio\t\t\n\t\t\tSemiel\u00e9ctricos giratorios\t\t\n\t\t\tGiratorio manual\t\t\n<p><strong>Dispositivos de remolque giratorios<\/strong><\/p>\n<h5>Ventajas<\/h5>\n<ul>\n<li>Sin mantenimiento<\/li>\n<li>Listo para usar<\/li>\n<li>Manejo con la m\u00e1xima comodidad<\/li>\n<li>Cuello esf\u00e9rico: no es necesario montarlo ni desmontarlo<\/li>\n<li>El cuello esf\u00e9rico y la toma de corriente no son visibles en posici\u00f3n de reposo<\/li>\n<li>Indicaci\u00f3n visual (indicador LED) y\/o ac\u00fastica (zumbido) de que el sistema est\u00e1 listo para su uso<\/li>\n<li>Resistente al agua y, por lo tanto, apto para vadeo<\/li>\n<li>Toma de corriente integrada<\/li>\n<li>Con funci\u00f3n FIX4BIKE<sup>\u00ae<\/sup><\/li>\n<\/ul>\n<img loading=\"lazy\" decoding=\"async\" src=\"https:\/\/www.acps-automotive.com\/wp-content\/uploads\/_media\/produkte\/europa\/schwenkbare-av\/schwenkbare-av-vollelektrisch.jpg\" alt=\"Vollelektrisch schwenkbare Anh\u00e4ngevorrichtung\" width=\"730\" height=\"720\" \/>\n\n<h5>R\u00e1pido de poner en funcionamiento<\/h5>\n<p>Nuestro dispositivo de remolque totalmente el\u00e9ctrico y giratorio est\u00e1 disponible con una rapidez sin igual. La rapidez de disponibilidad del sistema es posible gracias a la geometr\u00eda \u00fanica del proceso de giro alrededor de un solo eje inclinado. Con solo pulsar un bot\u00f3n, situado en la cabina del veh\u00edculo o en el maletero, nuestro dispositivo de remolque ORIS gira hasta la posici\u00f3n de funcionamiento y se bloquea autom\u00e1ticamente en ella, y lo mismo ocurre a la inversa.<\/p>\n<h5>Dise\u00f1o ergon\u00f3mico<\/h5>\n<p>El dispositivo de remolque est\u00e1 disponible con solo pulsar un bot\u00f3n, lo que lo hace extremadamente c\u00f3modo de usar. En cuanto a otras caracter\u00edsticas \u00fanicas, el sistema de ACPS Automotive destaca por una toma de corriente integrada en el cuello esf\u00e9rico, necesaria para la conexi\u00f3n el\u00e9ctrica entre el veh\u00edculo y el remolque o el sistema de transporte. Esta ubicaci\u00f3n garantiza la m\u00e1xima comodidad ergon\u00f3mica y es muy f\u00e1cil de alcanzar. La disponibilidad operativa del sistema se indica de forma ac\u00fastica y\/o visual.<\/p>\n<h5>Dise\u00f1o compacto<\/h5>\nGracias a la geometr\u00eda especial del proceso de giro, el dispositivo de remolque totalmente el\u00e9ctrico apenas ocupa espacio, por lo que puede colocarse de forma invisible en la parte trasera del veh\u00edculo.<br \/>\nNo obstante, permite el uso de elementos como el control de distancia de estacionamiento o el interruptor de pedal para el port\u00f3n trasero.\n<h5>Technische Daten<\/h5>\n<table border=\"0\" width=\"100%\">\n<tbody>\n<tr>\n<td>Valor D*<\/td>\n<td>hasta 16,8 kN<\/td>\n<\/tr>\n<tr>\n<td>Carga de apoyo<\/td>\n<td>hasta\u00a0220 kg<\/td>\n<\/tr>\n<tr>\n<td>Carga remolcada<\/td>\n<td>hasta 3.500 kg<\/td>\n<\/tr>\n<\/tbody>\n<\/table>\n<p>* El valor D es un valor de fuerza establecido que incluye el peso total admisible del veh\u00edculo tractor y el peso total m\u00e1ximo admisible del remolque.<\/p>\n<strong>\u00bfLos datos aqu\u00ed indicados no se ajustan a los requisitos espec\u00edficos de su veh\u00edculo?<\/strong><br \/>\nEntonces <a href=\"\/es\/contacto\/formulario-de-contacto\/\">no dude en ponerse en contacto con nosotros<\/a>, ya que tambi\u00e9n desarrollamos componentes y soluciones a la medida.\n\t\t\t\t<p><strong>Dispositivos de remolque semiel\u00e9ctricos giratorios<\/strong><h5>Ventajas<\/h5><ul><li>Sin mantenimiento<\/li><li>Listo para usar en muy poco tiempo<\/li><li>Manejo muy c\u00f3modo<\/li><li>Cuello esf\u00e9rico: no es necesario montarlo ni desmontarlo<\/li><li>El cuello esf\u00e9rico y la toma de corriente no son visibles en posici\u00f3n de reposo<\/li><li>Control de seguridad mediante indicador LED y\/o se\u00f1al ac\u00fastica<\/li><li>Resistente al agua y, por lo tanto, apto para vadeo<\/li><li>Toma de corriente integrada<\/li><li>Con funci\u00f3n FIX4BIKE<sup>\u00ae<\/sup><\/li><\/ul><img loading=\"lazy\" decoding=\"async\" src=\"https:\/\/www.acps-automotive.com\/wp-content\/uploads\/_media\/produkte\/europa\/schwenkbare-av\/schwenkbare-av-halbelektrisch.jpg\" alt=\"Halbelektrisch schwenkbare Anh\u00e4ngevorrichtung\" width=\"730\" height=\"720\" \/><h5>\u00a0<\/h5><h5>R\u00e1pidamente listo para su uso<\/h5>Nuestro enganche semiel\u00e9ctrico giratorio est\u00e1 disponible en muy poco tiempo. Con solo pulsar un bot\u00f3n, gracias al sistema de control situado en el maletero, nuestro dispositivo de remolque ORIS, colocado en un espacio oculto, se libera de su posici\u00f3n de reposo. Con un ligero movimiento hacia arriba, el cuello esf\u00e9rico se coloca f\u00e1cilmente en posici\u00f3n de funcionamiento y se bloquea autom\u00e1ticamente. La colocaci\u00f3n correcta del sistema se indica mediante una se\u00f1al ac\u00fastica y\/o visual.<h5>Dise\u00f1o ergon\u00f3mico<\/h5>El sistema semiel\u00e9ctrico giratorio de ACPS Automotive no solo destaca por su manejo sencillo y ergon\u00f3mico, sino tambi\u00e9n por una toma de corriente integrada en el cuello esf\u00e9rico. Esta es necesaria para la conexi\u00f3n el\u00e9ctrica entre el veh\u00edculo y el remolque o el sistema de transporte. Gracias a su ubicaci\u00f3n, garantiza la m\u00e1xima comodidad ergon\u00f3mica y es muy f\u00e1cil de alcanzar.<h5>Instalaci\u00f3n compacta<\/h5>Gracias a la geometr\u00eda especial del proceso de giro, el dispositivo de remolque semiel\u00e9ctrico apenas ocupa espacio y puede colocarse de forma invisible en la parte trasera del veh\u00edculo.<br \/>No obstante, permite el uso de elementos como el control de distancia de estacionamiento o el interruptor de pedal para el port\u00f3n trasero.<h5>Datos t\u00e9cnicos<\/h5><table border=\"0\" width=\"100%\"><tbody><tr><td>Valor D*<\/td><td>m\u00e1x. 16,4 kN<\/td><\/tr><tr><td>Carga de apoyo<\/td><td>m\u00e1x. 140 kg<\/td><\/tr><tr><td>Carga remolcada<\/td><td>m\u00e1x. 3.200 kg<\/td><\/tr><\/tbody><\/table>* El valor D es un valor de fuerza establecido que incluye el peso total admisible del veh\u00edculo tractor y el peso total m\u00e1ximo admisible del remolque.<strong>\u00bfLos datos aqu\u00ed indicados no se ajustan a los requisitos espec\u00edficos de su veh\u00edculo?<\/strong><br \/>Entonces <a href=\"\/es\/contacto\/formulario-de-contacto\/\">no dude en ponerse en contacto con nosotros<\/a>, ya que tambi\u00e9n desarrollamos componentes y soluciones a la medida.<\/p>\t\t\t\n<p><strong>Dispositivo de remolque giratorio manual<\/strong><\/p>\n<h5>Ventajas<\/h5>\n<ul>\n<li>Sin mantenimiento<\/li>\n<li>Listo para usar en muy poco tiempo<\/li>\n<li>Manejo c\u00f3modo<\/li>\n<li>Cuello esf\u00e9rico: no es necesario montarlo ni desmontarlo<\/li>\n<li>El cuello esf\u00e9rico y la toma de corriente no son visibles en posici\u00f3n de reposo<\/li>\n<li>Resistente al agua y, por lo tanto, apto para vadeo<\/li>\n<li>Toma de corriente integrada<\/li>\n<li>Con funci\u00f3n FIX4BIKE<sup>\u00ae<\/sup><\/li>\n<\/ul>\n<img loading=\"lazy\" decoding=\"async\" src=\"https:\/\/www.acps-automotive.com\/wp-content\/uploads\/_media\/produkte\/europa\/schwenkbare-av\/schwenkbare-av-manuell.jpg\" alt=\"Manuell schwenkbare Anh\u00e4ngevorrichtung\" width=\"730\" height=\"720\" \/>\n\n<h5>R\u00e1pido de usar<\/h5>\n<p>Al presionar la palanca en el maletero o debajo del veh\u00edculo, nuestro dispositivo de remolque ORIS, colocado en un espacio no visible, se libera del bloqueo y gira hacia la posici\u00f3n de funcionamiento. Con una ligera elevaci\u00f3n, el cuello de la bola se puede colocar f\u00e1cilmente en la posici\u00f3n de funcionamiento con un solo movimiento y se bloquea autom\u00e1ticamente en esa posici\u00f3n. La colocaci\u00f3n correcta del sistema se indica de forma ac\u00fastica y\/o visual.<\/p>\n<h5>Dise\u00f1o ergon\u00f3mico<\/h5>\n<p>El sistema giratorio manual de ACPS Automotive no solo destaca por su manejo sencillo y ergon\u00f3mico, sino tambi\u00e9n por una toma de corriente integrada en el cuello esf\u00e9rico. Esta es necesaria para la conexi\u00f3n el\u00e9ctrica entre el veh\u00edculo y el remolque o el sistema de transporte. Gracias a esta ubicaci\u00f3n, garantiza la m\u00e1xima comodidad ergon\u00f3mica y es muy f\u00e1cil de alcanzar.<\/p>\n<h5>Instalaci\u00f3n compacta<\/h5>\nGracias a la geometr\u00eda especial del proceso de giro, el dispositivo de remolque manual apenas necesita espacio para su colocaci\u00f3n invisible en la parte trasera del veh\u00edculo.<br \/>\nNo obstante, permite el uso de elementos como el control de distancia de estacionamiento o el interruptor de pedal para el port\u00f3n trasero.\n<h5>Datos t\u00e9cnicos<\/h5>\n<table border=\"0\" width=\"100%\">\n<tbody>\n<tr>\n<td>Valor D*<\/td>\n<td>m\u00e1x. 16,4 kN<\/td>\n<\/tr>\n<tr>\n<td>Carga de apoyo<\/td>\n<td>m\u00e1x. 140 kg<\/td>\n<\/tr>\n<tr>\n<td>Carga remolcada<\/td>\n<td>m\u00e1x. 3.200 kg<\/td>\n<\/tr>\n<\/tbody>\n<\/table>\n<p>* El valor D es un valor de fuerza establecido que incluye el peso total admisible del veh\u00edculo tractor y el peso total m\u00e1ximo admisible del remolque.<\/p>\n<strong>\u00bfLos datos aqu\u00ed indicados no se ajustan a los requisitos espec\u00edficos de su veh\u00edculo?<\/strong><br \/>\nEntonces <a href=\"\/es\/contacto\/formulario-de-contacto\/\">no dude en ponerse en contacto con nosotros<\/a>, ya que tambi\u00e9n desarrollamos componentes y soluciones a la medida.\n\t<p><img loading=\"lazy\" decoding=\"async\" src=\"https:\/\/www.acps-automotive.com\/wp-content\/uploads\/_media\/produkte\/europa\/schwenkbare-av\/bild01.jpg\" alt=\"Schwenkbare Anh\u00e4ngevorrichtungen Bild01\" width=\"410\" height=\"600\" \/><\/p>\n\t<p><img loading=\"lazy\" decoding=\"async\" src=\"https:\/\/www.acps-automotive.com\/wp-content\/uploads\/_media\/produkte\/europa\/schwenkbare-av\/bild02.jpg\" alt=\"Schwenkbare Anh\u00e4ngevorrichtungen Bild02\" width=\"855\" height=\"440\" \/><\/p>\n\t<p><img loading=\"lazy\" decoding=\"async\" src=\"https:\/\/www.acps-automotive.com\/wp-content\/uploads\/_media\/produkte\/europa\/schwenkbare-av\/bild03.jpg\" alt=\"Schwenkbare Anh\u00e4ngevorrichtungen Bild03\" width=\"410\" height=\"300\" \/><\/p>\n\t<p><img loading=\"lazy\" decoding=\"async\" src=\"https:\/\/www.acps-automotive.com\/wp-content\/uploads\/_media\/produkte\/europa\/schwenkbare-av\/bild04.jpg\" alt=\"Schwenkbare Anh\u00e4ngevorrichtungen Bild04\" width=\"410\" height=\"300\" \/><\/p>\n\t<h2>Kits el\u00e9ctricos adecuados<br \/>\n<strong>seg\u00fan las necesidades del cliente<\/strong><\/h2>\n<p>Los kits el\u00e9ctricos adecuados para los dispositivos de remolque se desarrollan en colaboraci\u00f3n con fabricantes de renombre de cables, seg\u00fan las necesidades del cliente. Ofrecemos a los fabricantes de autom\u00f3viles y a sus concesionarios autorizados nuestros sistemas para la instalaci\u00f3n en serie o el reequipamiento. Adem\u00e1s, hay piezas de repuesto disponibles para ambas \u00e1reas.<\/p>\n\t<h4><strong>Otros dispositivos de remolque\u00a0<\/strong><br \/>\npara el mercado europeo<\/h4>\n\t<a href=\"\/es\/productos\/para-europa\/dispositivos-de-remolque-desmontables\/\">Dispositivos de remolque<br \/>\ndesmontables<br \/>\n<\/a>\n<p><a href=\"\/es\/productos\/para-europa\/dispositivos-de-remolque-desmontables\/\"><img loading=\"lazy\" decoding=\"async\" src=\"\/wp-content\/uploads\/_media\/produkte\/europa\/uebersicht\/abnehmbare-anhanegevorrichtungen-300x250.jpg\" alt=\"Abnehmbare Anh\u00e4ngevorrichtungen\" width=\"300\" height=\"250\" \/><\/a><\/p>\n\t<a href=\"\/es\/productos\/para-europa\/dispositivos-de-remolque-rigidos\/\">Dispositivos de remolque<br \/>\nr\u00edgidos<\/a>\n<p><a href=\"\/es\/productos\/para-europa\/dispositivos-de-remolque-rigidos\/\"><img loading=\"lazy\" decoding=\"async\" src=\"\/wp-content\/uploads\/_media\/produkte\/europa\/uebersicht\/fixe-anhanegevorrichtungen-300x250.jpg\" alt=\"Starre Anh\u00e4ngevorrichtungen\" width=\"300\" height=\"250\" \/><\/a><\/p>\n\t<a href=\"\/es\/productos\/para-europa\/fix4bike\/\">FIX4BIKE<sup>\u00ae<\/sup><br \/>\nel sistema<br \/>\n<\/a>\n<p><a href=\"\/es\/productos\/para-europa\/fix4bike\/\"><img loading=\"lazy\" decoding=\"async\" src=\"https:\/\/www.acps-automotive.com\/wp-content\/uploads\/_media\/produkte\/europa\/uebersicht\/fix4bike-300x250.jpg\" alt=\"FIX4BIKE\" width=\"300\" height=\"250\" \/><\/a><\/p>\n\t<h2>\u00bfTiene alguna pregunta?<br \/>\n<strong>Le asesoramos<br \/>\n<\/strong><\/h2>\n<p>Si tiene alguna pregunta sobre nuestros dispositivos de remolque, no dude en ponerse en contacto con nosotros.<\/p>\n<p><a href=\"\/es\/contacto\/formulario-de-contacto\/\"><img loading=\"lazy\" decoding=\"async\" src=\"https:\/\/www.acps-automotive.com\/wp-content\/uploads\/_media\/_allgemein\/pfeil-gross-dunkelblau.png\" alt=\"Pfeil gross dunkelblau\" width=\"67\" height=\"45\" \/>Contacto<\/a><\/p>\n\n<\/div><!-- .vgblk-rw-wrapper -->","protected":false},"excerpt":{"rendered":"<p>Dispositivos de remolque giratorios Totalmente el\u00e9ctrico y giratorio Semiel\u00e9ctricos giratorios Giratorio manual Dispositivos de remolque giratorios Ventajas Sin mantenimiento Listo para usar Manejo con la m\u00e1xima comodidad Cuello esf\u00e9rico: no es necesario montarlo ni desmontarlo El cuello esf\u00e9rico y la toma de corriente no son visibles en posici\u00f3n de reposo Indicaci\u00f3n visual (indicador LED) y\/o&#8230;<\/p>\n","protected":false},"author":8,"featured_media":0,"parent":27253,"menu_order":0,"comment_status":"closed","ping_status":"closed","template":"","meta":{"inline_featured_image":false,"_price":"","_stock":"","_tribe_ticket_header":"","_tribe_default_ticket_provider":"","_tribe_ticket_capacity":"0","_ticket_start_date":"","_ticket_end_date":"","_tribe_ticket_show_description":"","_tribe_ticket_show_not_going":false,"_tribe_ticket_use_global_stock":"","_tribe_ticket_global_stock_level":"","_global_stock_mode":"","_global_stock_cap":"","_tribe_rsvp_for_event":"","_tribe_ticket_going_count":"","_tribe_ticket_not_going_count":"","_tribe_tickets_list":"[]","_tribe_ticket_has_attendee_info_fields":false,"footnotes":""},"class_list":["post-27278","page","type-page","status-publish","hentry"],"yoast_head":"<!-- This site is optimized with the Yoast SEO plugin v27.2 - https:\/\/yoast.com\/product\/yoast-seo-wordpress\/ -->\n<title>Dispositivos de remolque giratorios | ACPS Automotive<\/title>\n<meta name=\"description\" content=\"ORISMatic: dispositivos de remolque giratorios \u2713totalmente el\u00e9ctricos \u2713semi-el\u00e9ctricos o \u2713manuales. \u25ba \u00a1Descubra ahora las ventajas!\" \/>\n<meta name=\"robots\" content=\"index, follow, max-snippet:-1, max-image-preview:large, max-video-preview:-1\" \/>\n<link rel=\"canonical\" href=\"https:\/\/www.acps-automotive.com\/es\/productos\/para-europa\/dispositivos-de-remolque-giratorios\/\" \/>\n<meta property=\"og:locale\" content=\"es_ES\" \/>\n<meta property=\"og:type\" content=\"article\" \/>\n<meta property=\"og:title\" content=\"Dispositivos de remolque giratorios | ACPS Automotive\" \/>\n<meta property=\"og:description\" content=\"ORISMatic: dispositivos de remolque giratorios \u2713totalmente el\u00e9ctricos \u2713semi-el\u00e9ctricos o \u2713manuales. \u25ba \u00a1Descubra ahora las ventajas!\" \/>\n<meta property=\"og:url\" content=\"https:\/\/www.acps-automotive.com\/es\/productos\/para-europa\/dispositivos-de-remolque-giratorios\/\" \/>\n<meta property=\"og:site_name\" content=\"ACPS Automotive GmbH\" \/>\n<meta property=\"article:modified_time\" content=\"2026-03-05T08:55:39+00:00\" \/>\n<meta property=\"og:image\" content=\"https:\/\/www.acps-automotive.com\/wp-content\/uploads\/_media\/produkte\/europa\/schwenkbare-av\/schwenkbare-av-vollelektrisch.jpg\" \/>\n<meta name=\"twitter:card\" content=\"summary_large_image\" \/>\n<meta name=\"twitter:site\" content=\"@ACPS_Automotive\" \/>\n<meta name=\"twitter:label1\" content=\"Tiempo de lectura\" \/>\n\t<meta name=\"twitter:data1\" content=\"8 minutos\" \/>\n<script type=\"application\/ld+json\" class=\"yoast-schema-graph\">{\"@context\":\"https:\/\/schema.org\",\"@graph\":[{\"@type\":\"WebPage\",\"@id\":\"https:\/\/www.acps-automotive.com\/es\/productos\/para-europa\/dispositivos-de-remolque-giratorios\/\",\"url\":\"https:\/\/www.acps-automotive.com\/es\/productos\/para-europa\/dispositivos-de-remolque-giratorios\/\",\"name\":\"Dispositivos de remolque giratorios | ACPS Automotive\",\"isPartOf\":{\"@id\":\"https:\/\/www.acps-automotive.com\/es\/#website\"},\"primaryImageOfPage\":{\"@id\":\"https:\/\/www.acps-automotive.com\/es\/productos\/para-europa\/dispositivos-de-remolque-giratorios\/#primaryimage\"},\"image\":{\"@id\":\"https:\/\/www.acps-automotive.com\/es\/productos\/para-europa\/dispositivos-de-remolque-giratorios\/#primaryimage\"},\"thumbnailUrl\":\"https:\/\/www.acps-automotive.com\/wp-content\/uploads\/_media\/produkte\/europa\/schwenkbare-av\/schwenkbare-av-vollelektrisch.jpg\",\"datePublished\":\"2025-12-10T08:24:39+00:00\",\"dateModified\":\"2026-03-05T08:55:39+00:00\",\"description\":\"ORISMatic: dispositivos de remolque giratorios \u2713totalmente el\u00e9ctricos \u2713semi-el\u00e9ctricos o \u2713manuales. \u25ba \u00a1Descubra ahora las ventajas!\",\"breadcrumb\":{\"@id\":\"https:\/\/www.acps-automotive.com\/es\/productos\/para-europa\/dispositivos-de-remolque-giratorios\/#breadcrumb\"},\"inLanguage\":\"es\",\"potentialAction\":[{\"@type\":\"ReadAction\",\"target\":[\"https:\/\/www.acps-automotive.com\/es\/productos\/para-europa\/dispositivos-de-remolque-giratorios\/\"]}]},{\"@type\":\"ImageObject\",\"inLanguage\":\"es\",\"@id\":\"https:\/\/www.acps-automotive.com\/es\/productos\/para-europa\/dispositivos-de-remolque-giratorios\/#primaryimage\",\"url\":\"https:\/\/www.acps-automotive.com\/wp-content\/uploads\/_media\/produkte\/europa\/schwenkbare-av\/schwenkbare-av-vollelektrisch.jpg\",\"contentUrl\":\"https:\/\/www.acps-automotive.com\/wp-content\/uploads\/_media\/produkte\/europa\/schwenkbare-av\/schwenkbare-av-vollelektrisch.jpg\"},{\"@type\":\"BreadcrumbList\",\"@id\":\"https:\/\/www.acps-automotive.com\/es\/productos\/para-europa\/dispositivos-de-remolque-giratorios\/#breadcrumb\",\"itemListElement\":[{\"@type\":\"ListItem\",\"position\":1,\"name\":\"Startseite\",\"item\":\"https:\/\/www.acps-automotive.com\/es\/\"},{\"@type\":\"ListItem\",\"position\":2,\"name\":\"Productos\",\"item\":\"https:\/\/www.acps-automotive.com\/es\/productos\/\"},{\"@type\":\"ListItem\",\"position\":3,\"name\":\"Dispositivos de remolque para el mercado europeo\",\"item\":\"https:\/\/www.acps-automotive.com\/es\/productos\/para-europa\/\"},{\"@type\":\"ListItem\",\"position\":4,\"name\":\"Dispositivos de remolque giratorios\"}]},{\"@type\":\"WebSite\",\"@id\":\"https:\/\/www.acps-automotive.com\/es\/#website\",\"url\":\"https:\/\/www.acps-automotive.com\/es\/\",\"name\":\"ACPS Automotive GmbH\",\"description\":\"Innovative Anh\u00e4ngekupplungen\",\"publisher\":{\"@id\":\"https:\/\/www.acps-automotive.com\/es\/#organization\"},\"potentialAction\":[{\"@type\":\"SearchAction\",\"target\":{\"@type\":\"EntryPoint\",\"urlTemplate\":\"https:\/\/www.acps-automotive.com\/es\/?s={search_term_string}\"},\"query-input\":{\"@type\":\"PropertyValueSpecification\",\"valueRequired\":true,\"valueName\":\"search_term_string\"}}],\"inLanguage\":\"es\"},{\"@type\":\"Organization\",\"@id\":\"https:\/\/www.acps-automotive.com\/es\/#organization\",\"name\":\"ACPS Automotive GmbH\",\"url\":\"https:\/\/www.acps-automotive.com\/es\/\",\"logo\":{\"@type\":\"ImageObject\",\"inLanguage\":\"es\",\"@id\":\"https:\/\/www.acps-automotive.com\/es\/#\/schema\/logo\/image\/\",\"url\":\"https:\/\/www.acps-automotive.com\/wp-content\/uploads\/_media\/_allgemein\/Logo-Footer-ACPS-Automotive.png\",\"contentUrl\":\"https:\/\/www.acps-automotive.com\/wp-content\/uploads\/_media\/_allgemein\/Logo-Footer-ACPS-Automotive.png\",\"width\":239,\"height\":32,\"caption\":\"ACPS Automotive GmbH\"},\"image\":{\"@id\":\"https:\/\/www.acps-automotive.com\/es\/#\/schema\/logo\/image\/\"},\"sameAs\":[\"https:\/\/x.com\/ACPS_Automotive\",\"https:\/\/www.linkedin.com\/company\/acps-automotive-gmbh\/\",\"https:\/\/www.instagram.com\/acps_ausbildung\/\",\"https:\/\/www.youtube.com\/channel\/UC2jxrgWwpxpkay2aHWV5SaQ\"]}]}<\/script>\n<!-- \/ Yoast SEO plugin. -->","yoast_head_json":{"title":"Dispositivos de remolque giratorios | ACPS Automotive","description":"ORISMatic: dispositivos de remolque giratorios \u2713totalmente el\u00e9ctricos \u2713semi-el\u00e9ctricos o \u2713manuales. \u25ba \u00a1Descubra ahora las ventajas!","robots":{"index":"index","follow":"follow","max-snippet":"max-snippet:-1","max-image-preview":"max-image-preview:large","max-video-preview":"max-video-preview:-1"},"canonical":"https:\/\/www.acps-automotive.com\/es\/productos\/para-europa\/dispositivos-de-remolque-giratorios\/","og_locale":"es_ES","og_type":"article","og_title":"Dispositivos de remolque giratorios | ACPS Automotive","og_description":"ORISMatic: dispositivos de remolque giratorios \u2713totalmente el\u00e9ctricos \u2713semi-el\u00e9ctricos o \u2713manuales. \u25ba \u00a1Descubra ahora las ventajas!","og_url":"https:\/\/www.acps-automotive.com\/es\/productos\/para-europa\/dispositivos-de-remolque-giratorios\/","og_site_name":"ACPS Automotive GmbH","article_modified_time":"2026-03-05T08:55:39+00:00","og_image":[{"url":"https:\/\/www.acps-automotive.com\/wp-content\/uploads\/_media\/produkte\/europa\/schwenkbare-av\/schwenkbare-av-vollelektrisch.jpg","type":"","width":"","height":""}],"twitter_card":"summary_large_image","twitter_site":"@ACPS_Automotive","twitter_misc":{"Tiempo de lectura":"8 minutos"},"schema":{"@context":"https:\/\/schema.org","@graph":[{"@type":"WebPage","@id":"https:\/\/www.acps-automotive.com\/es\/productos\/para-europa\/dispositivos-de-remolque-giratorios\/","url":"https:\/\/www.acps-automotive.com\/es\/productos\/para-europa\/dispositivos-de-remolque-giratorios\/","name":"Dispositivos de remolque giratorios | ACPS Automotive","isPartOf":{"@id":"https:\/\/www.acps-automotive.com\/es\/#website"},"primaryImageOfPage":{"@id":"https:\/\/www.acps-automotive.com\/es\/productos\/para-europa\/dispositivos-de-remolque-giratorios\/#primaryimage"},"image":{"@id":"https:\/\/www.acps-automotive.com\/es\/productos\/para-europa\/dispositivos-de-remolque-giratorios\/#primaryimage"},"thumbnailUrl":"https:\/\/www.acps-automotive.com\/wp-content\/uploads\/_media\/produkte\/europa\/schwenkbare-av\/schwenkbare-av-vollelektrisch.jpg","datePublished":"2025-12-10T08:24:39+00:00","dateModified":"2026-03-05T08:55:39+00:00","description":"ORISMatic: dispositivos de remolque giratorios \u2713totalmente el\u00e9ctricos \u2713semi-el\u00e9ctricos o \u2713manuales. \u25ba \u00a1Descubra ahora las ventajas!","breadcrumb":{"@id":"https:\/\/www.acps-automotive.com\/es\/productos\/para-europa\/dispositivos-de-remolque-giratorios\/#breadcrumb"},"inLanguage":"es","potentialAction":[{"@type":"ReadAction","target":["https:\/\/www.acps-automotive.com\/es\/productos\/para-europa\/dispositivos-de-remolque-giratorios\/"]}]},{"@type":"ImageObject","inLanguage":"es","@id":"https:\/\/www.acps-automotive.com\/es\/productos\/para-europa\/dispositivos-de-remolque-giratorios\/#primaryimage","url":"https:\/\/www.acps-automotive.com\/wp-content\/uploads\/_media\/produkte\/europa\/schwenkbare-av\/schwenkbare-av-vollelektrisch.jpg","contentUrl":"https:\/\/www.acps-automotive.com\/wp-content\/uploads\/_media\/produkte\/europa\/schwenkbare-av\/schwenkbare-av-vollelektrisch.jpg"},{"@type":"BreadcrumbList","@id":"https:\/\/www.acps-automotive.com\/es\/productos\/para-europa\/dispositivos-de-remolque-giratorios\/#breadcrumb","itemListElement":[{"@type":"ListItem","position":1,"name":"Startseite","item":"https:\/\/www.acps-automotive.com\/es\/"},{"@type":"ListItem","position":2,"name":"Productos","item":"https:\/\/www.acps-automotive.com\/es\/productos\/"},{"@type":"ListItem","position":3,"name":"Dispositivos de remolque para el mercado europeo","item":"https:\/\/www.acps-automotive.com\/es\/productos\/para-europa\/"},{"@type":"ListItem","position":4,"name":"Dispositivos de remolque giratorios"}]},{"@type":"WebSite","@id":"https:\/\/www.acps-automotive.com\/es\/#website","url":"https:\/\/www.acps-automotive.com\/es\/","name":"ACPS Automotive GmbH","description":"Innovative Anh\u00e4ngekupplungen","publisher":{"@id":"https:\/\/www.acps-automotive.com\/es\/#organization"},"potentialAction":[{"@type":"SearchAction","target":{"@type":"EntryPoint","urlTemplate":"https:\/\/www.acps-automotive.com\/es\/?s={search_term_string}"},"query-input":{"@type":"PropertyValueSpecification","valueRequired":true,"valueName":"search_term_string"}}],"inLanguage":"es"},{"@type":"Organization","@id":"https:\/\/www.acps-automotive.com\/es\/#organization","name":"ACPS Automotive GmbH","url":"https:\/\/www.acps-automotive.com\/es\/","logo":{"@type":"ImageObject","inLanguage":"es","@id":"https:\/\/www.acps-automotive.com\/es\/#\/schema\/logo\/image\/","url":"https:\/\/www.acps-automotive.com\/wp-content\/uploads\/_media\/_allgemein\/Logo-Footer-ACPS-Automotive.png","contentUrl":"https:\/\/www.acps-automotive.com\/wp-content\/uploads\/_media\/_allgemein\/Logo-Footer-ACPS-Automotive.png","width":239,"height":32,"caption":"ACPS Automotive GmbH"},"image":{"@id":"https:\/\/www.acps-automotive.com\/es\/#\/schema\/logo\/image\/"},"sameAs":["https:\/\/x.com\/ACPS_Automotive","https:\/\/www.linkedin.com\/company\/acps-automotive-gmbh\/","https:\/\/www.instagram.com\/acps_ausbildung\/","https:\/\/www.youtube.com\/channel\/UC2jxrgWwpxpkay2aHWV5SaQ"]}]}},"_links":{"self":[{"href":"https:\/\/www.acps-automotive.com\/es\/wp-json\/wp\/v2\/pages\/27278","targetHints":{"allow":["GET"]}}],"collection":[{"href":"https:\/\/www.acps-automotive.com\/es\/wp-json\/wp\/v2\/pages"}],"about":[{"href":"https:\/\/www.acps-automotive.com\/es\/wp-json\/wp\/v2\/types\/page"}],"author":[{"embeddable":true,"href":"https:\/\/www.acps-automotive.com\/es\/wp-json\/wp\/v2\/users\/8"}],"replies":[{"embeddable":true,"href":"https:\/\/www.acps-automotive.com\/es\/wp-json\/wp\/v2\/comments?post=27278"}],"version-history":[{"count":11,"href":"https:\/\/www.acps-automotive.com\/es\/wp-json\/wp\/v2\/pages\/27278\/revisions"}],"predecessor-version":[{"id":28295,"href":"https:\/\/www.acps-automotive.com\/es\/wp-json\/wp\/v2\/pages\/27278\/revisions\/28295"}],"up":[{"embeddable":true,"href":"https:\/\/www.acps-automotive.com\/es\/wp-json\/wp\/v2\/pages\/27253"}],"wp:attachment":[{"href":"https:\/\/www.acps-automotive.com\/es\/wp-json\/wp\/v2\/media?parent=27278"}],"curies":[{"name":"wp","href":"https:\/\/api.w.org\/{rel}","templated":true}]}}