{"id":27271,"date":"2025-12-10T09:26:38","date_gmt":"2025-12-10T08:26:38","guid":{"rendered":"https:\/\/www.acps-automotive.com\/?page_id=27271"},"modified":"2026-03-05T09:58:07","modified_gmt":"2026-03-05T08:58:07","slug":"fix4bike","status":"publish","type":"page","link":"https:\/\/www.acps-automotive.com\/es\/productos\/para-europa\/fix4bike\/","title":{"rendered":"FIX4BIKE"},"content":{"rendered":"<div class=\"vgblk-rw-wrapper limit-wrapper\">\n\n\t<h1><strong>FIX4BIKE<sup>\u00ae<\/sup><\/strong><br \/>\nel sistema<\/h1>\n\t\t\tFIX4BIKE<sup>\u00ae<\/sup> dispositivo de remolque\t\t\n\t\t\tFIX4BIKE<sup>\u00ae<\/sup> Portabicicletas\t\t\n\t\t\t\t<p><strong>FIX4BIKE<sup>\u00ae<\/sup> Dispositivos de remolque<\/strong>Desde la aparici\u00f3n del enganche FIX4BIKE<sup>\u00ae<\/sup> y el portabicicletas FIX4BIKE<sup>\u00ae<\/sup>, nunca ha sido tan f\u00e1cil fijar un portabicicletas a un enganche.Ventajas<\/p><ul><li>Manejo \u00f3ptimo<\/li><li>Montaje r\u00e1pido<\/li><li>Autoalineaci\u00f3n en posici\u00f3n estable: sin necesidad de realizar complicadas operaciones de \u00abequilibrado\u00bb<\/li><li>Sistema de un solo clic con bloqueo autom\u00e1tico y ac\u00fastico<\/li><li>Bloqueo basado en el ajuste de formas en lugar del bloqueo habitual (bloqueo por fricci\u00f3n)<\/li><li>Fijaci\u00f3n segura y duradera incluso en situaciones extremas (frenadas bruscas y maniobras evasivas)<\/li><li>Carga m\u00e1xima: hasta 100 kg en lugar de los 75 kg habituales<\/li><li>Los remolques y sistemas de transporte convencionales pueden seguir utiliz\u00e1ndose sin restricciones<\/li><li>Los principales fabricantes de autom\u00f3viles apuestan por FIX4BIKE<sup>\u00ae<\/sup> y han introducido esta caracter\u00edstica<\/li><\/ul><img loading=\"lazy\" decoding=\"async\" src=\"https:\/\/www.acps-automotive.com\/wp-content\/uploads\/_media\/produkte\/europa\/fix4bike\/fix4bike.jpg\" alt=\"FIX4BIKE\" width=\"730\" height=\"720\" \/>\t\t\t\n\t\t\t\t<p><strong>FIX4BIKE<sup>\u00ae<\/sup> Portabicicletas<\/strong><br \/>El portabicicletas FIX4BIKE<sup>\u00ae<\/sup> se desmonta con la misma rapidez del enganche FIX4BIKE<sup>\u00ae<\/sup> con un solo movimiento.Ventajas<\/p><ul><li>Gracias a su conexi\u00f3n por encaje, el portabicicletas no se desliza ni se inclina<\/li><li>Se fija por s\u00ed solo al colocarlo y, gracias al enganche FIX4BIKE<sup>\u00ae<\/sup>, siempre permanece en posici\u00f3n horizontal<\/li><li>El portabicicletas FIX4BIKE<sup>\u00ae<\/sup> se puede desmontar en un solo paso: basta con tirar ligeramente de la manija para soltar la conexi\u00f3n y poder retirarlo<\/li><\/ul><img loading=\"lazy\" decoding=\"async\" src=\"https:\/\/www.acps-automotive.com\/wp-content\/uploads\/_media\/produkte\/europa\/fix4bike\/fix4bike-fahrradtraeger.jpg\" alt=\"FIXMATIC\" width=\"730\" height=\"720\" \/>\t\t\t\n\t<p><img loading=\"lazy\" decoding=\"async\" src=\"https:\/\/www.acps-automotive.com\/wp-content\/uploads\/_media\/produkte\/europa\/fix4bike\/bild01.jpg\" alt=\"FIX4BIKE Bild01\" width=\"410\" height=\"600\" \/><\/p>\n\t<p><img loading=\"lazy\" decoding=\"async\" src=\"https:\/\/www.acps-automotive.com\/wp-content\/uploads\/_media\/produkte\/europa\/fix4bike\/bild02.jpg\" alt=\"FIX4BIKE Bild02\" width=\"855\" height=\"440\" \/><\/p>\n\t<p><img loading=\"lazy\" decoding=\"async\" src=\"https:\/\/www.acps-automotive.com\/wp-content\/uploads\/_media\/produkte\/europa\/fix4bike\/bild03.jpg\" alt=\"FIX4BIKE Bild03\" width=\"410\" height=\"300\" \/><\/p>\n\t<p><img loading=\"lazy\" decoding=\"async\" src=\"https:\/\/www.acps-automotive.com\/wp-content\/uploads\/_media\/produkte\/europa\/fix4bike\/bild04.jpg\" alt=\"FIX4BIKE Bild04\" width=\"410\" height=\"300\" \/><\/p>\n\t<h2>Conexi\u00f3n<br \/>\n<strong>innovadora<\/strong><\/h2>\nCon el innovador dispositivo de remolque FIX4BIKE<sup>\u00ae<\/sup> de ORIS, obtendr\u00e1 una conexi\u00f3n segura y estable entre el portabicicletas y la bola de enganche.<br \/>\nEn lugar de la sujeci\u00f3n habitual del portabicicletas a la bola, con FIX4BIKE<sup>\u00ae<\/sup> el portabicicletas se conecta al dispositivo de remolque mediante un ajuste perfecto y en una posici\u00f3n claramente definida. Esto se consigue mediante dos pasadores adicionales situados debajo de la bola. Esta conexi\u00f3n no solo es segura, sino que tambi\u00e9n permite montar y desmontar el portabicicletas con gran facilidad. El portabicicletas adecuado se bloquea autom\u00e1ticamente con un clic audible, lo que hace que el montaje sea r\u00e1pido, muy sencillo y seguro. Adem\u00e1s de su f\u00e1cil manejo, FIX4BIKE<sup>\u00ae<\/sup> tambi\u00e9n garantiza una mayor capacidad de carga que la que se puede lograr con un sistema de sujeci\u00f3n.<br \/>\nEn definitiva, el sistema FIX4BIKE<sup>\u00ae<\/sup> ofrece una clara ventaja para los usuarios que valoran la facilidad de manejo, la gran seguridad y la alta capacidad de carga.\n\t<h4><strong>Otros dispositivos de remolque<\/strong><br \/>\npara el mercado europeo<\/h4>\n\t<a href=\"\/es\/productos\/para-europa\/otros-dispositivos\/\">Otros<br \/>\ndispositivos<\/a>\n<p><a href=\"\/es\/productos\/para-europa\/otros-dispositivos\/\"><img loading=\"lazy\" decoding=\"async\" src=\"https:\/\/www.acps-automotive.com\/wp-content\/uploads\/_media\/produkte\/europa\/uebersicht\/weitere-vorrichtungen-300x250.jpg\" alt=\"Weitere Vorrichtungen\" width=\"300\" height=\"250\" \/><\/a><\/p>\n\t<a href=\"\/es\/productos\/para-europa\/dispositivos-de-remolque-giratorios\/\">Dispositivos de remolque<br \/>\ngiratorios<\/a>\n<p><a href=\"\/es\/productos\/para-europa\/dispositivos-de-remolque-giratorios\/\"><img loading=\"lazy\" decoding=\"async\" src=\"\/wp-content\/uploads\/_media\/produkte\/europa\/uebersicht\/schwenkbare-anhanegevorrichtungen-300x250.jpg\" alt=\"Schwenkbare Anh\u00e4ngevorrichtungen\" width=\"300\" height=\"250\" \/><\/a><\/p>\n\t<a href=\"\/es\/productos\/para-europa\/dispositivos-de-remolque-desmontables\/\">Dispositivos de remolque<br \/>\ndesmontables<\/a>\n<p><a href=\"\/es\/productos\/para-europa\/dispositivos-de-remolque-desmontables\/\"><img loading=\"lazy\" decoding=\"async\" src=\"\/wp-content\/uploads\/_media\/produkte\/europa\/uebersicht\/abnehmbare-anhanegevorrichtungen-300x250.jpg\" alt=\"Abnehmbare Anh\u00e4ngevorrichtungen\" width=\"300\" height=\"250\" \/><\/a><\/p>\n\t<h2>\u00bfTiene alguna pregunta?<br \/>\n<strong>Le asesoramos<\/strong><\/h2>\n<p>Si tiene alguna pregunta sobre nuestros dispositivos de remolque, no dude en ponerse en contacto con nosotros.<\/p>\n<p><a href=\"\/es\/contacto\/formulario-de-contacto\/\"><img loading=\"lazy\" decoding=\"async\" src=\"https:\/\/www.acps-automotive.com\/wp-content\/uploads\/_media\/_allgemein\/pfeil-gross-dunkelblau.png\" alt=\"Pfeil gross dunkelblau\" width=\"67\" height=\"45\" \/>Contacto<\/a><\/p>\n<p>&nbsp;<\/p>\n\n<\/div><!-- .vgblk-rw-wrapper -->","protected":false},"excerpt":{"rendered":"<p>FIX4BIKE\u00ae el sistema FIX4BIKE\u00ae dispositivo de remolque FIX4BIKE\u00ae Portabicicletas FIX4BIKE\u00ae Dispositivos de remolqueDesde la aparici\u00f3n del enganche FIX4BIKE\u00ae y el portabicicletas FIX4BIKE\u00ae, nunca ha sido tan f\u00e1cil fijar un portabicicletas a un enganche.Ventajas Manejo \u00f3ptimo Montaje r\u00e1pido Autoalineaci\u00f3n en posici\u00f3n estable: sin necesidad de realizar complicadas operaciones de \u00abequilibrado\u00bb Sistema de un solo clic con&#8230;<\/p>\n","protected":false},"author":8,"featured_media":0,"parent":27253,"menu_order":0,"comment_status":"closed","ping_status":"closed","template":"","meta":{"inline_featured_image":false,"_price":"","_stock":"","_tribe_ticket_header":"","_tribe_default_ticket_provider":"","_tribe_ticket_capacity":"0","_ticket_start_date":"","_ticket_end_date":"","_tribe_ticket_show_description":"","_tribe_ticket_show_not_going":false,"_tribe_ticket_use_global_stock":"","_tribe_ticket_global_stock_level":"","_global_stock_mode":"","_global_stock_cap":"","_tribe_rsvp_for_event":"","_tribe_ticket_going_count":"","_tribe_ticket_not_going_count":"","_tribe_tickets_list":"[]","_tribe_ticket_has_attendee_info_fields":false,"footnotes":""},"class_list":["post-27271","page","type-page","status-publish","hentry"],"yoast_head":"<!-- This site is optimized with the Yoast SEO plugin v27.2 - https:\/\/yoast.com\/product\/yoast-seo-wordpress\/ -->\n<title>FIX4BIKE | ACPS Automotive<\/title>\n<meta name=\"description\" content=\"Innovaci\u00f3n mundial FIX4BIKE: la mejor soluci\u00f3n de portaequipajes trasero para una fijaci\u00f3n especialmente segura. \u25ba \u00a1Descubra ahora sus ventajas!\" \/>\n<meta name=\"robots\" content=\"index, follow, max-snippet:-1, max-image-preview:large, max-video-preview:-1\" \/>\n<link rel=\"canonical\" href=\"https:\/\/www.acps-automotive.com\/es\/productos\/para-europa\/fix4bike\/\" \/>\n<meta property=\"og:locale\" content=\"es_ES\" \/>\n<meta property=\"og:type\" content=\"article\" \/>\n<meta property=\"og:title\" content=\"FIX4BIKE | ACPS Automotive\" \/>\n<meta property=\"og:description\" content=\"Innovaci\u00f3n mundial FIX4BIKE: la mejor soluci\u00f3n de portaequipajes trasero para una fijaci\u00f3n especialmente segura. \u25ba \u00a1Descubra ahora sus ventajas!\" \/>\n<meta property=\"og:url\" content=\"https:\/\/www.acps-automotive.com\/es\/productos\/para-europa\/fix4bike\/\" \/>\n<meta property=\"og:site_name\" content=\"ACPS Automotive GmbH\" \/>\n<meta property=\"article:modified_time\" content=\"2026-03-05T08:58:07+00:00\" \/>\n<meta property=\"og:image\" content=\"https:\/\/www.acps-automotive.com\/wp-content\/uploads\/_media\/produkte\/europa\/fix4bike\/fix4bike.jpg\" \/>\n<meta name=\"twitter:card\" content=\"summary_large_image\" \/>\n<meta name=\"twitter:site\" content=\"@ACPS_Automotive\" \/>\n<meta name=\"twitter:label1\" content=\"Tiempo de lectura\" \/>\n\t<meta name=\"twitter:data1\" content=\"5 minutos\" \/>\n<script type=\"application\/ld+json\" class=\"yoast-schema-graph\">{\"@context\":\"https:\/\/schema.org\",\"@graph\":[{\"@type\":\"WebPage\",\"@id\":\"https:\/\/www.acps-automotive.com\/es\/productos\/para-europa\/fix4bike\/\",\"url\":\"https:\/\/www.acps-automotive.com\/es\/productos\/para-europa\/fix4bike\/\",\"name\":\"FIX4BIKE | ACPS Automotive\",\"isPartOf\":{\"@id\":\"https:\/\/www.acps-automotive.com\/es\/#website\"},\"primaryImageOfPage\":{\"@id\":\"https:\/\/www.acps-automotive.com\/es\/productos\/para-europa\/fix4bike\/#primaryimage\"},\"image\":{\"@id\":\"https:\/\/www.acps-automotive.com\/es\/productos\/para-europa\/fix4bike\/#primaryimage\"},\"thumbnailUrl\":\"https:\/\/www.acps-automotive.com\/wp-content\/uploads\/_media\/produkte\/europa\/fix4bike\/fix4bike.jpg\",\"datePublished\":\"2025-12-10T08:26:38+00:00\",\"dateModified\":\"2026-03-05T08:58:07+00:00\",\"description\":\"Innovaci\u00f3n mundial FIX4BIKE: la mejor soluci\u00f3n de portaequipajes trasero para una fijaci\u00f3n especialmente segura. \u25ba \u00a1Descubra ahora sus ventajas!\",\"breadcrumb\":{\"@id\":\"https:\/\/www.acps-automotive.com\/es\/productos\/para-europa\/fix4bike\/#breadcrumb\"},\"inLanguage\":\"es\",\"potentialAction\":[{\"@type\":\"ReadAction\",\"target\":[\"https:\/\/www.acps-automotive.com\/es\/productos\/para-europa\/fix4bike\/\"]}]},{\"@type\":\"ImageObject\",\"inLanguage\":\"es\",\"@id\":\"https:\/\/www.acps-automotive.com\/es\/productos\/para-europa\/fix4bike\/#primaryimage\",\"url\":\"https:\/\/www.acps-automotive.com\/wp-content\/uploads\/_media\/produkte\/europa\/fix4bike\/fix4bike.jpg\",\"contentUrl\":\"https:\/\/www.acps-automotive.com\/wp-content\/uploads\/_media\/produkte\/europa\/fix4bike\/fix4bike.jpg\"},{\"@type\":\"BreadcrumbList\",\"@id\":\"https:\/\/www.acps-automotive.com\/es\/productos\/para-europa\/fix4bike\/#breadcrumb\",\"itemListElement\":[{\"@type\":\"ListItem\",\"position\":1,\"name\":\"Startseite\",\"item\":\"https:\/\/www.acps-automotive.com\/es\/\"},{\"@type\":\"ListItem\",\"position\":2,\"name\":\"Productos\",\"item\":\"https:\/\/www.acps-automotive.com\/es\/productos\/\"},{\"@type\":\"ListItem\",\"position\":3,\"name\":\"Dispositivos de remolque para el mercado europeo\",\"item\":\"https:\/\/www.acps-automotive.com\/es\/productos\/para-europa\/\"},{\"@type\":\"ListItem\",\"position\":4,\"name\":\"FIX4BIKE\"}]},{\"@type\":\"WebSite\",\"@id\":\"https:\/\/www.acps-automotive.com\/es\/#website\",\"url\":\"https:\/\/www.acps-automotive.com\/es\/\",\"name\":\"ACPS Automotive GmbH\",\"description\":\"Innovative Anh\u00e4ngekupplungen\",\"publisher\":{\"@id\":\"https:\/\/www.acps-automotive.com\/es\/#organization\"},\"potentialAction\":[{\"@type\":\"SearchAction\",\"target\":{\"@type\":\"EntryPoint\",\"urlTemplate\":\"https:\/\/www.acps-automotive.com\/es\/?s={search_term_string}\"},\"query-input\":{\"@type\":\"PropertyValueSpecification\",\"valueRequired\":true,\"valueName\":\"search_term_string\"}}],\"inLanguage\":\"es\"},{\"@type\":\"Organization\",\"@id\":\"https:\/\/www.acps-automotive.com\/es\/#organization\",\"name\":\"ACPS Automotive GmbH\",\"url\":\"https:\/\/www.acps-automotive.com\/es\/\",\"logo\":{\"@type\":\"ImageObject\",\"inLanguage\":\"es\",\"@id\":\"https:\/\/www.acps-automotive.com\/es\/#\/schema\/logo\/image\/\",\"url\":\"https:\/\/www.acps-automotive.com\/wp-content\/uploads\/_media\/_allgemein\/Logo-Footer-ACPS-Automotive.png\",\"contentUrl\":\"https:\/\/www.acps-automotive.com\/wp-content\/uploads\/_media\/_allgemein\/Logo-Footer-ACPS-Automotive.png\",\"width\":239,\"height\":32,\"caption\":\"ACPS Automotive GmbH\"},\"image\":{\"@id\":\"https:\/\/www.acps-automotive.com\/es\/#\/schema\/logo\/image\/\"},\"sameAs\":[\"https:\/\/x.com\/ACPS_Automotive\",\"https:\/\/www.linkedin.com\/company\/acps-automotive-gmbh\/\",\"https:\/\/www.instagram.com\/acps_ausbildung\/\",\"https:\/\/www.youtube.com\/channel\/UC2jxrgWwpxpkay2aHWV5SaQ\"]}]}<\/script>\n<!-- \/ Yoast SEO plugin. -->","yoast_head_json":{"title":"FIX4BIKE | ACPS Automotive","description":"Innovaci\u00f3n mundial FIX4BIKE: la mejor soluci\u00f3n de portaequipajes trasero para una fijaci\u00f3n especialmente segura. \u25ba \u00a1Descubra ahora sus ventajas!","robots":{"index":"index","follow":"follow","max-snippet":"max-snippet:-1","max-image-preview":"max-image-preview:large","max-video-preview":"max-video-preview:-1"},"canonical":"https:\/\/www.acps-automotive.com\/es\/productos\/para-europa\/fix4bike\/","og_locale":"es_ES","og_type":"article","og_title":"FIX4BIKE | ACPS Automotive","og_description":"Innovaci\u00f3n mundial FIX4BIKE: la mejor soluci\u00f3n de portaequipajes trasero para una fijaci\u00f3n especialmente segura. \u25ba \u00a1Descubra ahora sus ventajas!","og_url":"https:\/\/www.acps-automotive.com\/es\/productos\/para-europa\/fix4bike\/","og_site_name":"ACPS Automotive GmbH","article_modified_time":"2026-03-05T08:58:07+00:00","og_image":[{"url":"https:\/\/www.acps-automotive.com\/wp-content\/uploads\/_media\/produkte\/europa\/fix4bike\/fix4bike.jpg","type":"","width":"","height":""}],"twitter_card":"summary_large_image","twitter_site":"@ACPS_Automotive","twitter_misc":{"Tiempo de lectura":"5 minutos"},"schema":{"@context":"https:\/\/schema.org","@graph":[{"@type":"WebPage","@id":"https:\/\/www.acps-automotive.com\/es\/productos\/para-europa\/fix4bike\/","url":"https:\/\/www.acps-automotive.com\/es\/productos\/para-europa\/fix4bike\/","name":"FIX4BIKE | ACPS Automotive","isPartOf":{"@id":"https:\/\/www.acps-automotive.com\/es\/#website"},"primaryImageOfPage":{"@id":"https:\/\/www.acps-automotive.com\/es\/productos\/para-europa\/fix4bike\/#primaryimage"},"image":{"@id":"https:\/\/www.acps-automotive.com\/es\/productos\/para-europa\/fix4bike\/#primaryimage"},"thumbnailUrl":"https:\/\/www.acps-automotive.com\/wp-content\/uploads\/_media\/produkte\/europa\/fix4bike\/fix4bike.jpg","datePublished":"2025-12-10T08:26:38+00:00","dateModified":"2026-03-05T08:58:07+00:00","description":"Innovaci\u00f3n mundial FIX4BIKE: la mejor soluci\u00f3n de portaequipajes trasero para una fijaci\u00f3n especialmente segura. \u25ba \u00a1Descubra ahora sus ventajas!","breadcrumb":{"@id":"https:\/\/www.acps-automotive.com\/es\/productos\/para-europa\/fix4bike\/#breadcrumb"},"inLanguage":"es","potentialAction":[{"@type":"ReadAction","target":["https:\/\/www.acps-automotive.com\/es\/productos\/para-europa\/fix4bike\/"]}]},{"@type":"ImageObject","inLanguage":"es","@id":"https:\/\/www.acps-automotive.com\/es\/productos\/para-europa\/fix4bike\/#primaryimage","url":"https:\/\/www.acps-automotive.com\/wp-content\/uploads\/_media\/produkte\/europa\/fix4bike\/fix4bike.jpg","contentUrl":"https:\/\/www.acps-automotive.com\/wp-content\/uploads\/_media\/produkte\/europa\/fix4bike\/fix4bike.jpg"},{"@type":"BreadcrumbList","@id":"https:\/\/www.acps-automotive.com\/es\/productos\/para-europa\/fix4bike\/#breadcrumb","itemListElement":[{"@type":"ListItem","position":1,"name":"Startseite","item":"https:\/\/www.acps-automotive.com\/es\/"},{"@type":"ListItem","position":2,"name":"Productos","item":"https:\/\/www.acps-automotive.com\/es\/productos\/"},{"@type":"ListItem","position":3,"name":"Dispositivos de remolque para el mercado europeo","item":"https:\/\/www.acps-automotive.com\/es\/productos\/para-europa\/"},{"@type":"ListItem","position":4,"name":"FIX4BIKE"}]},{"@type":"WebSite","@id":"https:\/\/www.acps-automotive.com\/es\/#website","url":"https:\/\/www.acps-automotive.com\/es\/","name":"ACPS Automotive GmbH","description":"Innovative Anh\u00e4ngekupplungen","publisher":{"@id":"https:\/\/www.acps-automotive.com\/es\/#organization"},"potentialAction":[{"@type":"SearchAction","target":{"@type":"EntryPoint","urlTemplate":"https:\/\/www.acps-automotive.com\/es\/?s={search_term_string}"},"query-input":{"@type":"PropertyValueSpecification","valueRequired":true,"valueName":"search_term_string"}}],"inLanguage":"es"},{"@type":"Organization","@id":"https:\/\/www.acps-automotive.com\/es\/#organization","name":"ACPS Automotive GmbH","url":"https:\/\/www.acps-automotive.com\/es\/","logo":{"@type":"ImageObject","inLanguage":"es","@id":"https:\/\/www.acps-automotive.com\/es\/#\/schema\/logo\/image\/","url":"https:\/\/www.acps-automotive.com\/wp-content\/uploads\/_media\/_allgemein\/Logo-Footer-ACPS-Automotive.png","contentUrl":"https:\/\/www.acps-automotive.com\/wp-content\/uploads\/_media\/_allgemein\/Logo-Footer-ACPS-Automotive.png","width":239,"height":32,"caption":"ACPS Automotive GmbH"},"image":{"@id":"https:\/\/www.acps-automotive.com\/es\/#\/schema\/logo\/image\/"},"sameAs":["https:\/\/x.com\/ACPS_Automotive","https:\/\/www.linkedin.com\/company\/acps-automotive-gmbh\/","https:\/\/www.instagram.com\/acps_ausbildung\/","https:\/\/www.youtube.com\/channel\/UC2jxrgWwpxpkay2aHWV5SaQ"]}]}},"_links":{"self":[{"href":"https:\/\/www.acps-automotive.com\/es\/wp-json\/wp\/v2\/pages\/27271","targetHints":{"allow":["GET"]}}],"collection":[{"href":"https:\/\/www.acps-automotive.com\/es\/wp-json\/wp\/v2\/pages"}],"about":[{"href":"https:\/\/www.acps-automotive.com\/es\/wp-json\/wp\/v2\/types\/page"}],"author":[{"embeddable":true,"href":"https:\/\/www.acps-automotive.com\/es\/wp-json\/wp\/v2\/users\/8"}],"replies":[{"embeddable":true,"href":"https:\/\/www.acps-automotive.com\/es\/wp-json\/wp\/v2\/comments?post=27271"}],"version-history":[{"count":11,"href":"https:\/\/www.acps-automotive.com\/es\/wp-json\/wp\/v2\/pages\/27271\/revisions"}],"predecessor-version":[{"id":28296,"href":"https:\/\/www.acps-automotive.com\/es\/wp-json\/wp\/v2\/pages\/27271\/revisions\/28296"}],"up":[{"embeddable":true,"href":"https:\/\/www.acps-automotive.com\/es\/wp-json\/wp\/v2\/pages\/27253"}],"wp:attachment":[{"href":"https:\/\/www.acps-automotive.com\/es\/wp-json\/wp\/v2\/media?parent=27271"}],"curies":[{"name":"wp","href":"https:\/\/api.w.org\/{rel}","templated":true}]}}