{"id":27258,"date":"2025-12-10T09:22:21","date_gmt":"2025-12-10T08:22:21","guid":{"rendered":"https:\/\/www.acps-automotive.com\/?page_id=27258"},"modified":"2026-03-05T09:22:52","modified_gmt":"2026-03-05T08:22:52","slug":"dispositivos-de-remolque-desmontables","status":"publish","type":"page","link":"https:\/\/www.acps-automotive.com\/es\/productos\/para-europa\/dispositivos-de-remolque-desmontables\/","title":{"rendered":"Dispositivos de remolque desmontables"},"content":{"rendered":"<div class=\"vgblk-rw-wrapper limit-wrapper\">\n\n\t<h1>Dispositivos de remolque<br \/>\n<strong>desmontables<\/strong><\/h1>\n\t\t\tDesmontable verticalmente\t\t\n\t\t\tDesmontable horizontalmente\t\t\n<p><strong>Dispositivos de remolque desmontables verticalmente<\/strong><\/p>\n<p>Ya en los a\u00f1os 70, ACPS Automotive lanz\u00f3 al mercado los primeros \u00abdispositivos de remolque desmontables\u00bb. Su manejo y funcionamiento son sencillos: cuando no se necesita el sistema, basta con retirar el cuello esf\u00e9rico.<\/p>\n<h5>Ventajas<\/h5>\n<ul>\n<li>El cuello esf\u00e9rico solo se coloca cuando se utiliza. Nada altera el aspecto del veh\u00edculo.<\/li>\n<li>El cuello esf\u00e9rico se coloca en el sistema desde abajo, en posici\u00f3n vertical.<\/li>\n<li>Los enganches desmontables de ACPS Automotive se bloquean de forma totalmente autom\u00e1tica, lo que supone una ventaja en cuanto a comodidad y seguridad.<\/li>\n<li>El cuello esf\u00e9rico est\u00e1 provisto de una cerradura antirrobo.<\/li>\n<li>Con funci\u00f3n FIX4BIKE<sup>\u00ae<\/sup>.<\/li>\n<\/ul>\n<img loading=\"lazy\" decoding=\"async\" src=\"https:\/\/www.acps-automotive.com\/wp-content\/uploads\/_media\/produkte\/europa\/abnehmbare-av\/abnehmbare-av-vertikal.jpg\" alt=\"Abnehmbare Anh\u00e4ngevorrichtung Vertikal\" width=\"730\" height=\"720\" \/>\n\n<h5>Technische Daten<\/h5>\n<table border=\"0\" width=\"100%\">\n<tbody>\n<tr>\n<td>Valor D*<\/td>\n<td>hasta 16,8 kN<\/td>\n<\/tr>\n<tr>\n<td>Carga de apoyo<\/td>\n<td>hasta 220 kg<\/td>\n<\/tr>\n<tr>\n<td>Carga remolcada<\/td>\n<td>hasta 3500 kg<\/td>\n<\/tr>\n<\/tbody>\n<\/table>\n<p>* El valor D es un valor de fuerza establecido que incluye el peso total admisible del veh\u00edculo tractor y el peso total m\u00e1ximo admisible del remolque.<\/p>\n<strong>\u00bfLos datos aqu\u00ed indicados no se ajustan a los requisitos espec\u00edficos de su veh\u00edculo?<\/strong><br \/>\nEntonces <a href=\"\/es\/contacto\/formulario-de-contacto\/\">no dude en ponerse en contacto con nosotros<\/a>, ya que tambi\u00e9n desarrollamos componentes y soluciones a la medida.\n<strong>Dispositivos de remolque desmontables horizontalmente<br \/>\n<\/strong><br \/>\nEl cuello esf\u00e9rico desmontable horizontalmente es una alternativa al sistema de montaje vertical. Dependiendo del espacio disponible y de los requisitos espec\u00edficos, nuestros clientes se deciden por uno u otro sistema. El cuello esf\u00e9rico de montaje horizontal tambi\u00e9n se puede montar y desmontar de forma r\u00e1pida y sencilla. Una vez retirado el cuello esf\u00e9rico, el sistema queda f\u00e1cilmente visible. Apenas hay restricciones en cuanto al dise\u00f1o \u00f3ptico.\n<h5>Ventajas<\/h5>\n<ul>\n<li>El cuello esf\u00e9rico solo se utiliza cuando se emplea el sistema. El sistema en s\u00ed, con el cuello esf\u00e9rico retirado, apenas se ve. Por lo tanto, apenas altera el aspecto del veh\u00edculo.<\/li>\n<li>El cuello esf\u00e9rico se fija al sistema en posici\u00f3n horizontal.<\/li>\n<li>Los enganches desmontables de ACPS Automotive se bloquean de forma totalmente autom\u00e1tica, lo que ofrece una gran fiabilidad y un manejo sencillo.<\/li>\n<li>El cuello esf\u00e9rico est\u00e1 provisto de una cerradura antirrobo.<\/li>\n<\/ul>\n<img loading=\"lazy\" decoding=\"async\" src=\"https:\/\/www.acps-automotive.com\/wp-content\/uploads\/_media\/produkte\/europa\/abnehmbare-av\/abnehmbare-av-horizontal.jpg\" alt=\"Abnehmbare Anh\u00e4ngevorrichtung Horizontal\" width=\"730\" height=\"720\" \/>\n\n<h5>Datos t\u00e9cnicos<\/h5>\n<table border=\"0\" width=\"100%\">\n<tbody>\n<tr>\n<td>Valor D*<\/td>\n<td>hasta 13 kN<\/td>\n<\/tr>\n<tr>\n<td>Carga de apoyo<\/td>\n<td>hasta 150 kg<\/td>\n<\/tr>\n<tr>\n<td>Carga remolcada<\/td>\n<td>hasta 2.500 kg<\/td>\n<\/tr>\n<\/tbody>\n<\/table>\n<p>* El valor D es un valor de fuerza establecido que incluye el peso total admisible del veh\u00edculo tractor y el peso total m\u00e1ximo admisible del remolque.<\/p>\n<strong>\u00bfLos datos aqu\u00ed indicados no se ajustan a los requisitos espec\u00edficos de su veh\u00edculo?<\/strong><br \/>\nEntonces <a href=\"\/es\/contacto\/formulario-de-contacto\/\">no dude en ponerse en contacto con nosotros<\/a>, ya que tambi\u00e9n desarrollamos componentes y soluciones a la medida.\n\t<p><img loading=\"lazy\" decoding=\"async\" src=\"https:\/\/www.acps-automotive.com\/wp-content\/uploads\/_media\/produkte\/europa\/abnehmbare-av\/bild01.jpg\" alt=\"Abnehmbare Anh\u00e4ngevorrichtungen Bild01\" width=\"410\" height=\"600\" \/><\/p>\n\t<p><img loading=\"lazy\" decoding=\"async\" src=\"https:\/\/www.acps-automotive.com\/wp-content\/uploads\/_media\/produkte\/europa\/abnehmbare-av\/bild02.jpg\" alt=\"Abnehmbare Anh\u00e4ngevorrichtungen Bild02\" width=\"855\" height=\"440\" \/><\/p>\n\t<p><img loading=\"lazy\" decoding=\"async\" src=\"https:\/\/www.acps-automotive.com\/wp-content\/uploads\/_media\/produkte\/europa\/abnehmbare-av\/bild03.jpg\" alt=\"Abnehmbare Anh\u00e4ngevorrichtungen Bild03\" width=\"410\" height=\"300\" \/><\/p>\n\t<p><img loading=\"lazy\" decoding=\"async\" src=\"https:\/\/www.acps-automotive.com\/wp-content\/uploads\/_media\/produkte\/europa\/abnehmbare-av\/bild04.jpg\" alt=\"Abnehmbare Anh\u00e4ngevorrichtungen Bild04\" width=\"410\" height=\"300\" \/><\/p>\n\t<h2>Kits el\u00e9ctricos adecuados<br \/>\n<strong>seg\u00fan las necesidades del cliente<\/strong><\/h2>\n<p>Los kits el\u00e9ctricos adecuados para los dispositivos de remolque se desarrollan en colaboraci\u00f3n con fabricantes de renombre de cables, seg\u00fan las necesidades del cliente. Ofrecemos a los fabricantes de autom\u00f3viles y a sus concesionarios autorizados nuestros sistemas para la instalaci\u00f3n en serie o el reequipamiento. Adem\u00e1s, hay piezas de repuesto disponibles para ambas \u00e1reas.<\/p>\n\t<h4><strong>Otros dispositivos de remolque\u00a0<\/strong><br \/>\npara el mercado europeo<\/h4>\n\t<a href=\"\/es\/productos\/para-europa\/dispositivos-de-remolque-desmontables\/\">Dispositivos de remolque<br \/>\ndesmontables<\/a>\n<p><a href=\"\/es\/productos\/para-europa\/dispositivos-de-remolque-desmontables\/\"><img loading=\"lazy\" decoding=\"async\" src=\"\/wp-content\/uploads\/_media\/produkte\/europa\/uebersicht\/abnehmbare-anhanegevorrichtungen-300x250.jpg\" alt=\"Abnehmbare Anh\u00e4ngevorrichtungen\" width=\"300\" height=\"250\" \/><\/a><\/p>\n\t<a href=\"\/es\/productos\/para-europa\/fix4bike\/\">FIX4BIKE<sup>\u00ae<\/sup><br \/>\nel sistema<br \/>\n<\/a>\n<p><a href=\"\/es\/productos\/para-europa\/fix4bike\/\"><img loading=\"lazy\" decoding=\"async\" src=\"https:\/\/www.acps-automotive.com\/wp-content\/uploads\/_media\/produkte\/europa\/uebersicht\/fix4bike-300x250.jpg\" alt=\"FIX4BIKE\" width=\"300\" height=\"250\" \/><\/a><\/p>\n\t<a href=\"\/es\/productos\/para-europa\/otros-dispositivos\/\"> Otros<br \/>\ndispositivos<br \/>\n<\/a>\n<p><a href=\"\/es\/productos\/para-europa\/otros-dispositivos\/\"><img loading=\"lazy\" decoding=\"async\" src=\"https:\/\/www.acps-automotive.com\/wp-content\/uploads\/_media\/produkte\/europa\/uebersicht\/weitere-vorrichtungen-300x250.jpg\" alt=\"Weitere Vorrichtungen\" width=\"300\" height=\"250\" \/><\/a><\/p>\n\t<h2>\u00bfTiene alguna pregunta?<br \/>\n<strong>Le asesoramos<\/strong><\/h2>\n<p>Si tiene alguna pregunta sobre nuestros dispositivos de remolque, no dude en ponerse en contacto con nosotros.<\/p>\n<p><a href=\"\/es\/contacto\/formulario-de-contacto\/\"><img loading=\"lazy\" decoding=\"async\" src=\"https:\/\/www.acps-automotive.com\/wp-content\/uploads\/_media\/_allgemein\/pfeil-gross-dunkelblau.png\" alt=\"Pfeil gross dunkelblau\" width=\"67\" height=\"45\" \/>Contacto<\/a><\/p>\n<p>&nbsp;<\/p>\n\n<\/div><!-- .vgblk-rw-wrapper -->","protected":false},"excerpt":{"rendered":"<p>Dispositivos de remolque desmontables Desmontable verticalmente Desmontable horizontalmente Dispositivos de remolque desmontables verticalmente Ya en los a\u00f1os 70, ACPS Automotive lanz\u00f3 al mercado los primeros \u00abdispositivos de remolque desmontables\u00bb. Su manejo y funcionamiento son sencillos: cuando no se necesita el sistema, basta con retirar el cuello esf\u00e9rico. Ventajas El cuello esf\u00e9rico solo se coloca cuando&#8230;<\/p>\n","protected":false},"author":8,"featured_media":0,"parent":27253,"menu_order":0,"comment_status":"closed","ping_status":"closed","template":"","meta":{"inline_featured_image":false,"_price":"","_stock":"","_tribe_ticket_header":"","_tribe_default_ticket_provider":"","_tribe_ticket_capacity":"0","_ticket_start_date":"","_ticket_end_date":"","_tribe_ticket_show_description":"","_tribe_ticket_show_not_going":false,"_tribe_ticket_use_global_stock":"","_tribe_ticket_global_stock_level":"","_global_stock_mode":"","_global_stock_cap":"","_tribe_rsvp_for_event":"","_tribe_ticket_going_count":"","_tribe_ticket_not_going_count":"","_tribe_tickets_list":"[]","_tribe_ticket_has_attendee_info_fields":false,"footnotes":""},"class_list":["post-27258","page","type-page","status-publish","hentry"],"yoast_head":"<!-- This site is optimized with the Yoast SEO plugin v27.2 - https:\/\/yoast.com\/product\/yoast-seo-wordpress\/ -->\n<title>Dispositivos de remolque desmontables | ACPS Automotive<\/title>\n<meta name=\"description\" content=\"Dispositivos de remolque desmontables \u2713desmontables verticalmente \u2713desmontables horizontalmente \u25ba \u00a1Mayor comodidad y seguridad!\" \/>\n<meta name=\"robots\" content=\"index, follow, max-snippet:-1, max-image-preview:large, max-video-preview:-1\" \/>\n<link rel=\"canonical\" href=\"https:\/\/www.acps-automotive.com\/es\/productos\/para-europa\/dispositivos-de-remolque-desmontables\/\" \/>\n<meta property=\"og:locale\" content=\"es_ES\" \/>\n<meta property=\"og:type\" content=\"article\" \/>\n<meta property=\"og:title\" content=\"Dispositivos de remolque desmontables | ACPS Automotive\" \/>\n<meta property=\"og:description\" content=\"Dispositivos de remolque desmontables \u2713desmontables verticalmente \u2713desmontables horizontalmente \u25ba \u00a1Mayor comodidad y seguridad!\" \/>\n<meta property=\"og:url\" content=\"https:\/\/www.acps-automotive.com\/es\/productos\/para-europa\/dispositivos-de-remolque-desmontables\/\" \/>\n<meta property=\"og:site_name\" content=\"ACPS Automotive GmbH\" \/>\n<meta property=\"article:modified_time\" content=\"2026-03-05T08:22:52+00:00\" \/>\n<meta property=\"og:image\" content=\"https:\/\/www.acps-automotive.com\/wp-content\/uploads\/_media\/produkte\/europa\/abnehmbare-av\/abnehmbare-av-vertikal.jpg\" \/>\n<meta name=\"twitter:card\" content=\"summary_large_image\" \/>\n<meta name=\"twitter:site\" content=\"@ACPS_Automotive\" \/>\n<meta name=\"twitter:label1\" content=\"Tiempo de lectura\" \/>\n\t<meta name=\"twitter:data1\" content=\"5 minutos\" \/>\n<script type=\"application\/ld+json\" class=\"yoast-schema-graph\">{\"@context\":\"https:\/\/schema.org\",\"@graph\":[{\"@type\":\"WebPage\",\"@id\":\"https:\/\/www.acps-automotive.com\/es\/productos\/para-europa\/dispositivos-de-remolque-desmontables\/\",\"url\":\"https:\/\/www.acps-automotive.com\/es\/productos\/para-europa\/dispositivos-de-remolque-desmontables\/\",\"name\":\"Dispositivos de remolque desmontables | ACPS Automotive\",\"isPartOf\":{\"@id\":\"https:\/\/www.acps-automotive.com\/es\/#website\"},\"primaryImageOfPage\":{\"@id\":\"https:\/\/www.acps-automotive.com\/es\/productos\/para-europa\/dispositivos-de-remolque-desmontables\/#primaryimage\"},\"image\":{\"@id\":\"https:\/\/www.acps-automotive.com\/es\/productos\/para-europa\/dispositivos-de-remolque-desmontables\/#primaryimage\"},\"thumbnailUrl\":\"https:\/\/www.acps-automotive.com\/wp-content\/uploads\/_media\/produkte\/europa\/abnehmbare-av\/abnehmbare-av-vertikal.jpg\",\"datePublished\":\"2025-12-10T08:22:21+00:00\",\"dateModified\":\"2026-03-05T08:22:52+00:00\",\"description\":\"Dispositivos de remolque desmontables \u2713desmontables verticalmente \u2713desmontables horizontalmente \u25ba \u00a1Mayor comodidad y seguridad!\",\"breadcrumb\":{\"@id\":\"https:\/\/www.acps-automotive.com\/es\/productos\/para-europa\/dispositivos-de-remolque-desmontables\/#breadcrumb\"},\"inLanguage\":\"es\",\"potentialAction\":[{\"@type\":\"ReadAction\",\"target\":[\"https:\/\/www.acps-automotive.com\/es\/productos\/para-europa\/dispositivos-de-remolque-desmontables\/\"]}]},{\"@type\":\"ImageObject\",\"inLanguage\":\"es\",\"@id\":\"https:\/\/www.acps-automotive.com\/es\/productos\/para-europa\/dispositivos-de-remolque-desmontables\/#primaryimage\",\"url\":\"https:\/\/www.acps-automotive.com\/wp-content\/uploads\/_media\/produkte\/europa\/abnehmbare-av\/abnehmbare-av-vertikal.jpg\",\"contentUrl\":\"https:\/\/www.acps-automotive.com\/wp-content\/uploads\/_media\/produkte\/europa\/abnehmbare-av\/abnehmbare-av-vertikal.jpg\"},{\"@type\":\"BreadcrumbList\",\"@id\":\"https:\/\/www.acps-automotive.com\/es\/productos\/para-europa\/dispositivos-de-remolque-desmontables\/#breadcrumb\",\"itemListElement\":[{\"@type\":\"ListItem\",\"position\":1,\"name\":\"Startseite\",\"item\":\"https:\/\/www.acps-automotive.com\/es\/\"},{\"@type\":\"ListItem\",\"position\":2,\"name\":\"Productos\",\"item\":\"https:\/\/www.acps-automotive.com\/es\/productos\/\"},{\"@type\":\"ListItem\",\"position\":3,\"name\":\"Dispositivos de remolque para el mercado europeo\",\"item\":\"https:\/\/www.acps-automotive.com\/es\/productos\/para-europa\/\"},{\"@type\":\"ListItem\",\"position\":4,\"name\":\"Dispositivos de remolque desmontables\"}]},{\"@type\":\"WebSite\",\"@id\":\"https:\/\/www.acps-automotive.com\/es\/#website\",\"url\":\"https:\/\/www.acps-automotive.com\/es\/\",\"name\":\"ACPS Automotive GmbH\",\"description\":\"Innovative Anh\u00e4ngekupplungen\",\"publisher\":{\"@id\":\"https:\/\/www.acps-automotive.com\/es\/#organization\"},\"potentialAction\":[{\"@type\":\"SearchAction\",\"target\":{\"@type\":\"EntryPoint\",\"urlTemplate\":\"https:\/\/www.acps-automotive.com\/es\/?s={search_term_string}\"},\"query-input\":{\"@type\":\"PropertyValueSpecification\",\"valueRequired\":true,\"valueName\":\"search_term_string\"}}],\"inLanguage\":\"es\"},{\"@type\":\"Organization\",\"@id\":\"https:\/\/www.acps-automotive.com\/es\/#organization\",\"name\":\"ACPS Automotive GmbH\",\"url\":\"https:\/\/www.acps-automotive.com\/es\/\",\"logo\":{\"@type\":\"ImageObject\",\"inLanguage\":\"es\",\"@id\":\"https:\/\/www.acps-automotive.com\/es\/#\/schema\/logo\/image\/\",\"url\":\"https:\/\/www.acps-automotive.com\/wp-content\/uploads\/_media\/_allgemein\/Logo-Footer-ACPS-Automotive.png\",\"contentUrl\":\"https:\/\/www.acps-automotive.com\/wp-content\/uploads\/_media\/_allgemein\/Logo-Footer-ACPS-Automotive.png\",\"width\":239,\"height\":32,\"caption\":\"ACPS Automotive GmbH\"},\"image\":{\"@id\":\"https:\/\/www.acps-automotive.com\/es\/#\/schema\/logo\/image\/\"},\"sameAs\":[\"https:\/\/x.com\/ACPS_Automotive\",\"https:\/\/www.linkedin.com\/company\/acps-automotive-gmbh\/\",\"https:\/\/www.instagram.com\/acps_ausbildung\/\",\"https:\/\/www.youtube.com\/channel\/UC2jxrgWwpxpkay2aHWV5SaQ\"]}]}<\/script>\n<!-- \/ Yoast SEO plugin. -->","yoast_head_json":{"title":"Dispositivos de remolque desmontables | ACPS Automotive","description":"Dispositivos de remolque desmontables \u2713desmontables verticalmente \u2713desmontables horizontalmente \u25ba \u00a1Mayor comodidad y seguridad!","robots":{"index":"index","follow":"follow","max-snippet":"max-snippet:-1","max-image-preview":"max-image-preview:large","max-video-preview":"max-video-preview:-1"},"canonical":"https:\/\/www.acps-automotive.com\/es\/productos\/para-europa\/dispositivos-de-remolque-desmontables\/","og_locale":"es_ES","og_type":"article","og_title":"Dispositivos de remolque desmontables | ACPS Automotive","og_description":"Dispositivos de remolque desmontables \u2713desmontables verticalmente \u2713desmontables horizontalmente \u25ba \u00a1Mayor comodidad y seguridad!","og_url":"https:\/\/www.acps-automotive.com\/es\/productos\/para-europa\/dispositivos-de-remolque-desmontables\/","og_site_name":"ACPS Automotive GmbH","article_modified_time":"2026-03-05T08:22:52+00:00","og_image":[{"url":"https:\/\/www.acps-automotive.com\/wp-content\/uploads\/_media\/produkte\/europa\/abnehmbare-av\/abnehmbare-av-vertikal.jpg","type":"","width":"","height":""}],"twitter_card":"summary_large_image","twitter_site":"@ACPS_Automotive","twitter_misc":{"Tiempo de lectura":"5 minutos"},"schema":{"@context":"https:\/\/schema.org","@graph":[{"@type":"WebPage","@id":"https:\/\/www.acps-automotive.com\/es\/productos\/para-europa\/dispositivos-de-remolque-desmontables\/","url":"https:\/\/www.acps-automotive.com\/es\/productos\/para-europa\/dispositivos-de-remolque-desmontables\/","name":"Dispositivos de remolque desmontables | ACPS Automotive","isPartOf":{"@id":"https:\/\/www.acps-automotive.com\/es\/#website"},"primaryImageOfPage":{"@id":"https:\/\/www.acps-automotive.com\/es\/productos\/para-europa\/dispositivos-de-remolque-desmontables\/#primaryimage"},"image":{"@id":"https:\/\/www.acps-automotive.com\/es\/productos\/para-europa\/dispositivos-de-remolque-desmontables\/#primaryimage"},"thumbnailUrl":"https:\/\/www.acps-automotive.com\/wp-content\/uploads\/_media\/produkte\/europa\/abnehmbare-av\/abnehmbare-av-vertikal.jpg","datePublished":"2025-12-10T08:22:21+00:00","dateModified":"2026-03-05T08:22:52+00:00","description":"Dispositivos de remolque desmontables \u2713desmontables verticalmente \u2713desmontables horizontalmente \u25ba \u00a1Mayor comodidad y seguridad!","breadcrumb":{"@id":"https:\/\/www.acps-automotive.com\/es\/productos\/para-europa\/dispositivos-de-remolque-desmontables\/#breadcrumb"},"inLanguage":"es","potentialAction":[{"@type":"ReadAction","target":["https:\/\/www.acps-automotive.com\/es\/productos\/para-europa\/dispositivos-de-remolque-desmontables\/"]}]},{"@type":"ImageObject","inLanguage":"es","@id":"https:\/\/www.acps-automotive.com\/es\/productos\/para-europa\/dispositivos-de-remolque-desmontables\/#primaryimage","url":"https:\/\/www.acps-automotive.com\/wp-content\/uploads\/_media\/produkte\/europa\/abnehmbare-av\/abnehmbare-av-vertikal.jpg","contentUrl":"https:\/\/www.acps-automotive.com\/wp-content\/uploads\/_media\/produkte\/europa\/abnehmbare-av\/abnehmbare-av-vertikal.jpg"},{"@type":"BreadcrumbList","@id":"https:\/\/www.acps-automotive.com\/es\/productos\/para-europa\/dispositivos-de-remolque-desmontables\/#breadcrumb","itemListElement":[{"@type":"ListItem","position":1,"name":"Startseite","item":"https:\/\/www.acps-automotive.com\/es\/"},{"@type":"ListItem","position":2,"name":"Productos","item":"https:\/\/www.acps-automotive.com\/es\/productos\/"},{"@type":"ListItem","position":3,"name":"Dispositivos de remolque para el mercado europeo","item":"https:\/\/www.acps-automotive.com\/es\/productos\/para-europa\/"},{"@type":"ListItem","position":4,"name":"Dispositivos de remolque desmontables"}]},{"@type":"WebSite","@id":"https:\/\/www.acps-automotive.com\/es\/#website","url":"https:\/\/www.acps-automotive.com\/es\/","name":"ACPS Automotive GmbH","description":"Innovative Anh\u00e4ngekupplungen","publisher":{"@id":"https:\/\/www.acps-automotive.com\/es\/#organization"},"potentialAction":[{"@type":"SearchAction","target":{"@type":"EntryPoint","urlTemplate":"https:\/\/www.acps-automotive.com\/es\/?s={search_term_string}"},"query-input":{"@type":"PropertyValueSpecification","valueRequired":true,"valueName":"search_term_string"}}],"inLanguage":"es"},{"@type":"Organization","@id":"https:\/\/www.acps-automotive.com\/es\/#organization","name":"ACPS Automotive GmbH","url":"https:\/\/www.acps-automotive.com\/es\/","logo":{"@type":"ImageObject","inLanguage":"es","@id":"https:\/\/www.acps-automotive.com\/es\/#\/schema\/logo\/image\/","url":"https:\/\/www.acps-automotive.com\/wp-content\/uploads\/_media\/_allgemein\/Logo-Footer-ACPS-Automotive.png","contentUrl":"https:\/\/www.acps-automotive.com\/wp-content\/uploads\/_media\/_allgemein\/Logo-Footer-ACPS-Automotive.png","width":239,"height":32,"caption":"ACPS Automotive GmbH"},"image":{"@id":"https:\/\/www.acps-automotive.com\/es\/#\/schema\/logo\/image\/"},"sameAs":["https:\/\/x.com\/ACPS_Automotive","https:\/\/www.linkedin.com\/company\/acps-automotive-gmbh\/","https:\/\/www.instagram.com\/acps_ausbildung\/","https:\/\/www.youtube.com\/channel\/UC2jxrgWwpxpkay2aHWV5SaQ"]}]}},"_links":{"self":[{"href":"https:\/\/www.acps-automotive.com\/es\/wp-json\/wp\/v2\/pages\/27258","targetHints":{"allow":["GET"]}}],"collection":[{"href":"https:\/\/www.acps-automotive.com\/es\/wp-json\/wp\/v2\/pages"}],"about":[{"href":"https:\/\/www.acps-automotive.com\/es\/wp-json\/wp\/v2\/types\/page"}],"author":[{"embeddable":true,"href":"https:\/\/www.acps-automotive.com\/es\/wp-json\/wp\/v2\/users\/8"}],"replies":[{"embeddable":true,"href":"https:\/\/www.acps-automotive.com\/es\/wp-json\/wp\/v2\/comments?post=27258"}],"version-history":[{"count":11,"href":"https:\/\/www.acps-automotive.com\/es\/wp-json\/wp\/v2\/pages\/27258\/revisions"}],"predecessor-version":[{"id":28293,"href":"https:\/\/www.acps-automotive.com\/es\/wp-json\/wp\/v2\/pages\/27258\/revisions\/28293"}],"up":[{"embeddable":true,"href":"https:\/\/www.acps-automotive.com\/es\/wp-json\/wp\/v2\/pages\/27253"}],"wp:attachment":[{"href":"https:\/\/www.acps-automotive.com\/es\/wp-json\/wp\/v2\/media?parent=27258"}],"curies":[{"name":"wp","href":"https:\/\/api.w.org\/{rel}","templated":true}]}}