{"id":27252,"date":"2025-12-19T16:16:10","date_gmt":"2025-12-19T15:16:10","guid":{"rendered":"https:\/\/www.acps-automotive.com\/?page_id=27252"},"modified":"2026-03-06T13:56:52","modified_gmt":"2026-03-06T12:56:52","slug":"queretaro-mexico","status":"publish","type":"page","link":"https:\/\/www.acps-automotive.com\/es\/localizaciones\/queretaro-mexico\/","title":{"rendered":"Quer\u00e9taro \/ M\u00e9xico"},"content":{"rendered":"<div class=\"vgblk-rw-wrapper limit-wrapper\">\n\n\t<h1><strong>Quer\u00e9taro<\/strong><br \/>\nM\u00e9xico<\/h1>\n\t<img loading=\"lazy\" decoding=\"async\" src=\"https:\/\/www.acps-automotive.com\/wp-content\/uploads\/_media\/_allgemein\/pfeil-text-einleitung.png\" alt=\"Pfeil Text Einleitung\" width=\"46\" height=\"69\" \/><br \/>\nAutomotive Carrier and Protection Systems<br \/>\nM\u00e9xico SA de CV<br \/>\nCentro de producci\u00f3n y desarrollo\n\t<h4><strong>El \u00e9xito de un vistazo<\/strong><br \/>\nLas cifras clave<\/h4>\n\t<p>Automotive Carrier and Protection Systems M\u00e9xico S.A. de C.V., con sede en Quer\u00e9taro, es la planta de fabricaci\u00f3n de todas las tecnolog\u00edas de enganches para remolques del mercado norteamericano: r\u00edgidos, desmontables y giratorios. Fundada en 2015 como una empresa unipersonal en El Marqu\u00e9s, la planta, con sede actual en Quer\u00e9taro, abastece a todo el mercado norteamericano con enganches para remolques espec\u00edficos para EE. UU. y Europa. En nuestras plantas de producci\u00f3n nacionales e internacionales se fabrican cada a\u00f1o m\u00e1s de 2 millones de dispositivos de remolque.<\/p>\n\t<ul>\n<li>387 empleados<\/li>\n<li>Fundada en 2015<\/li>\n<li>12 ingenieros de desarrollo<\/li>\n<li>20.000 m<sup>2 <\/sup>de superficie<\/li>\n<li>12.500 m<sup>2 <\/sup>de nave de producci\u00f3n<\/li>\n<li>8.500 m<sup>2 <\/sup>de almac\u00e9n (materias primas, productos intermedios y acabados)<\/li>\n<li>150 m<sup>2 <\/sup>de laboratorio de pruebas<\/li>\n<\/ul>\n\t<h4><strong>Nuestro Know-how en materia de fabricaci\u00f3n<\/strong><br \/>\nNuestras \u00e1reas de actividad de un vistazo<\/h4>\n<ul>\n<li>Fabricaci\u00f3n de herramientas<\/li>\n<li>Prefabricaci\u00f3n\n<ul>\n<li>Mecanizado por l\u00e1ser<\/li>\n<li>Doblado, corte, prensado<\/li>\n<li>Mecanizado CNC<\/li>\n<\/ul>\n<\/li>\n<li>Soldadura<\/li>\n<li>Taller de pintura<\/li>\n<li>Montaje de cuellos esf\u00e9ricos \/ Premontaje<\/li>\n<li>Montaje final<\/li>\n<li>Log\u00edstica<\/li>\n<li>Investigaci\u00f3n y desarrollo<\/li>\n<\/ul>\n\t<h4><strong>\u00c9xito gracias al liderazgo<\/strong><br \/>\nDirector de planta Fabian Sosa<\/h4>\n<p>Fabian Sosa se uni\u00f3 al equipo de nuestra empresa en 2013. Con su excelente desempe\u00f1o, ha establecido nuevos est\u00e1ndares una y otra vez. Desde 2016, ha ocupado diversos puestos de liderazgo en el \u00e1rea de producci\u00f3n de dispositivos de remolque, logrando excelentes resultados. Como director de la nueva planta de producci\u00f3n de ACPS Automotive, construida en Quer\u00e9taro en 2017, ha vuelto a demostrar sus habilidades como generador de ideas y gestor de \u00e9xito. Bajo la direcci\u00f3n de Fabian Sosa, la planta de producci\u00f3n se traslad\u00f3 con \u00e9xito de El Marqu\u00e9s a Quer\u00e9taro y, desde entonces, ha experimentado un crecimiento continuo.<\/p>\n\t<p><img loading=\"lazy\" decoding=\"async\" src=\"https:\/\/www.acps-automotive.com\/wp-content\/uploads\/_media\/standorte\/mexiko\/entwicklung.jpg\" alt=\"Entwicklung\" width=\"650\" height=\"400\" \/><\/p>\n\t<p><img loading=\"lazy\" decoding=\"async\" src=\"https:\/\/www.acps-automotive.com\/wp-content\/uploads\/_media\/standorte\/mexiko\/fabian-sosa.jpg\" alt=\"Fabian Sosa\" width=\"650\" height=\"400\" \/><\/p>\n\n<\/div><!-- .vgblk-rw-wrapper -->","protected":false},"excerpt":{"rendered":"<p>Quer\u00e9taro M\u00e9xico Automotive Carrier and Protection Systems M\u00e9xico SA de CV Centro de producci\u00f3n y desarrollo El \u00e9xito de un vistazo Las cifras clave Automotive Carrier and Protection Systems M\u00e9xico S.A. de C.V., con sede en Quer\u00e9taro, es la planta de fabricaci\u00f3n de todas las tecnolog\u00edas de enganches para remolques del mercado norteamericano: r\u00edgidos, desmontables&#8230;<\/p>\n","protected":false},"author":8,"featured_media":0,"parent":28082,"menu_order":0,"comment_status":"closed","ping_status":"closed","template":"","meta":{"inline_featured_image":false,"_price":"","_stock":"","_tribe_ticket_header":"","_tribe_default_ticket_provider":"","_tribe_ticket_capacity":"0","_ticket_start_date":"","_ticket_end_date":"","_tribe_ticket_show_description":"","_tribe_ticket_show_not_going":false,"_tribe_ticket_use_global_stock":"","_tribe_ticket_global_stock_level":"","_global_stock_mode":"","_global_stock_cap":"","_tribe_rsvp_for_event":"","_tribe_ticket_going_count":"","_tribe_ticket_not_going_count":"","_tribe_tickets_list":"[]","_tribe_ticket_has_attendee_info_fields":false,"footnotes":""},"class_list":["post-27252","page","type-page","status-publish","hentry"],"yoast_head":"<!-- This site is optimized with the Yoast SEO plugin v27.2 - https:\/\/yoast.com\/product\/yoast-seo-wordpress\/ -->\n<title>Quer\u00e9taro - M\u00e9xico | ACPS Automotive<\/title>\n<meta name=\"description\" content=\"ACPS Automotive es l\u00edder del mercado y l\u00edder tecnol\u00f3gico en dispositivos de remolque para turismos, SUV y furgonetas con la marca \u2605ORIS\u2605.\" \/>\n<meta name=\"robots\" content=\"index, follow, max-snippet:-1, max-image-preview:large, max-video-preview:-1\" \/>\n<link rel=\"canonical\" href=\"https:\/\/www.acps-automotive.com\/es\/localizaciones\/queretaro-mexico\/\" \/>\n<meta property=\"og:locale\" content=\"es_ES\" \/>\n<meta property=\"og:type\" content=\"article\" \/>\n<meta property=\"og:title\" content=\"Quer\u00e9taro - M\u00e9xico | ACPS Automotive\" \/>\n<meta property=\"og:description\" content=\"ACPS Automotive es l\u00edder del mercado y l\u00edder tecnol\u00f3gico en dispositivos de remolque para turismos, SUV y furgonetas con la marca \u2605ORIS\u2605.\" \/>\n<meta property=\"og:url\" content=\"https:\/\/www.acps-automotive.com\/es\/localizaciones\/queretaro-mexico\/\" \/>\n<meta property=\"og:site_name\" content=\"ACPS Automotive GmbH\" \/>\n<meta property=\"article:modified_time\" content=\"2026-03-06T12:56:52+00:00\" \/>\n<meta property=\"og:image\" content=\"https:\/\/www.acps-automotive.com\/wp-content\/uploads\/_media\/_allgemein\/pfeil-text-einleitung.png\" \/>\n<meta name=\"twitter:card\" content=\"summary_large_image\" \/>\n<meta name=\"twitter:site\" content=\"@ACPS_Automotive\" \/>\n<meta name=\"twitter:label1\" content=\"Tiempo de lectura\" \/>\n\t<meta name=\"twitter:data1\" content=\"2 minutos\" \/>\n<script type=\"application\/ld+json\" class=\"yoast-schema-graph\">{\"@context\":\"https:\/\/schema.org\",\"@graph\":[{\"@type\":\"WebPage\",\"@id\":\"https:\/\/www.acps-automotive.com\/es\/localizaciones\/queretaro-mexico\/\",\"url\":\"https:\/\/www.acps-automotive.com\/es\/localizaciones\/queretaro-mexico\/\",\"name\":\"Quer\u00e9taro - M\u00e9xico | ACPS Automotive\",\"isPartOf\":{\"@id\":\"https:\/\/www.acps-automotive.com\/es\/#website\"},\"primaryImageOfPage\":{\"@id\":\"https:\/\/www.acps-automotive.com\/es\/localizaciones\/queretaro-mexico\/#primaryimage\"},\"image\":{\"@id\":\"https:\/\/www.acps-automotive.com\/es\/localizaciones\/queretaro-mexico\/#primaryimage\"},\"thumbnailUrl\":\"https:\/\/www.acps-automotive.com\/wp-content\/uploads\/_media\/_allgemein\/pfeil-text-einleitung.png\",\"datePublished\":\"2025-12-19T15:16:10+00:00\",\"dateModified\":\"2026-03-06T12:56:52+00:00\",\"description\":\"ACPS Automotive es l\u00edder del mercado y l\u00edder tecnol\u00f3gico en dispositivos de remolque para turismos, SUV y furgonetas con la marca \u2605ORIS\u2605.\",\"breadcrumb\":{\"@id\":\"https:\/\/www.acps-automotive.com\/es\/localizaciones\/queretaro-mexico\/#breadcrumb\"},\"inLanguage\":\"es\",\"potentialAction\":[{\"@type\":\"ReadAction\",\"target\":[\"https:\/\/www.acps-automotive.com\/es\/localizaciones\/queretaro-mexico\/\"]}]},{\"@type\":\"ImageObject\",\"inLanguage\":\"es\",\"@id\":\"https:\/\/www.acps-automotive.com\/es\/localizaciones\/queretaro-mexico\/#primaryimage\",\"url\":\"https:\/\/www.acps-automotive.com\/wp-content\/uploads\/_media\/_allgemein\/pfeil-text-einleitung.png\",\"contentUrl\":\"https:\/\/www.acps-automotive.com\/wp-content\/uploads\/_media\/_allgemein\/pfeil-text-einleitung.png\"},{\"@type\":\"BreadcrumbList\",\"@id\":\"https:\/\/www.acps-automotive.com\/es\/localizaciones\/queretaro-mexico\/#breadcrumb\",\"itemListElement\":[{\"@type\":\"ListItem\",\"position\":1,\"name\":\"Startseite\",\"item\":\"https:\/\/www.acps-automotive.com\/es\/\"},{\"@type\":\"ListItem\",\"position\":2,\"name\":\"Nuestra presencia\",\"item\":\"https:\/\/www.acps-automotive.com\/es\/localizaciones\/\"},{\"@type\":\"ListItem\",\"position\":3,\"name\":\"Quer\u00e9taro \/ M\u00e9xico\"}]},{\"@type\":\"WebSite\",\"@id\":\"https:\/\/www.acps-automotive.com\/es\/#website\",\"url\":\"https:\/\/www.acps-automotive.com\/es\/\",\"name\":\"ACPS Automotive GmbH\",\"description\":\"Innovative Anh\u00e4ngekupplungen\",\"publisher\":{\"@id\":\"https:\/\/www.acps-automotive.com\/es\/#organization\"},\"potentialAction\":[{\"@type\":\"SearchAction\",\"target\":{\"@type\":\"EntryPoint\",\"urlTemplate\":\"https:\/\/www.acps-automotive.com\/es\/?s={search_term_string}\"},\"query-input\":{\"@type\":\"PropertyValueSpecification\",\"valueRequired\":true,\"valueName\":\"search_term_string\"}}],\"inLanguage\":\"es\"},{\"@type\":\"Organization\",\"@id\":\"https:\/\/www.acps-automotive.com\/es\/#organization\",\"name\":\"ACPS Automotive GmbH\",\"url\":\"https:\/\/www.acps-automotive.com\/es\/\",\"logo\":{\"@type\":\"ImageObject\",\"inLanguage\":\"es\",\"@id\":\"https:\/\/www.acps-automotive.com\/es\/#\/schema\/logo\/image\/\",\"url\":\"https:\/\/www.acps-automotive.com\/wp-content\/uploads\/_media\/_allgemein\/Logo-Footer-ACPS-Automotive.png\",\"contentUrl\":\"https:\/\/www.acps-automotive.com\/wp-content\/uploads\/_media\/_allgemein\/Logo-Footer-ACPS-Automotive.png\",\"width\":239,\"height\":32,\"caption\":\"ACPS Automotive GmbH\"},\"image\":{\"@id\":\"https:\/\/www.acps-automotive.com\/es\/#\/schema\/logo\/image\/\"},\"sameAs\":[\"https:\/\/x.com\/ACPS_Automotive\",\"https:\/\/www.linkedin.com\/company\/acps-automotive-gmbh\/\",\"https:\/\/www.instagram.com\/acps_ausbildung\/\",\"https:\/\/www.youtube.com\/channel\/UC2jxrgWwpxpkay2aHWV5SaQ\"]}]}<\/script>\n<!-- \/ Yoast SEO plugin. -->","yoast_head_json":{"title":"Quer\u00e9taro - M\u00e9xico | ACPS Automotive","description":"ACPS Automotive es l\u00edder del mercado y l\u00edder tecnol\u00f3gico en dispositivos de remolque para turismos, SUV y furgonetas con la marca \u2605ORIS\u2605.","robots":{"index":"index","follow":"follow","max-snippet":"max-snippet:-1","max-image-preview":"max-image-preview:large","max-video-preview":"max-video-preview:-1"},"canonical":"https:\/\/www.acps-automotive.com\/es\/localizaciones\/queretaro-mexico\/","og_locale":"es_ES","og_type":"article","og_title":"Quer\u00e9taro - M\u00e9xico | ACPS Automotive","og_description":"ACPS Automotive es l\u00edder del mercado y l\u00edder tecnol\u00f3gico en dispositivos de remolque para turismos, SUV y furgonetas con la marca \u2605ORIS\u2605.","og_url":"https:\/\/www.acps-automotive.com\/es\/localizaciones\/queretaro-mexico\/","og_site_name":"ACPS Automotive GmbH","article_modified_time":"2026-03-06T12:56:52+00:00","og_image":[{"url":"https:\/\/www.acps-automotive.com\/wp-content\/uploads\/_media\/_allgemein\/pfeil-text-einleitung.png","type":"","width":"","height":""}],"twitter_card":"summary_large_image","twitter_site":"@ACPS_Automotive","twitter_misc":{"Tiempo de lectura":"2 minutos"},"schema":{"@context":"https:\/\/schema.org","@graph":[{"@type":"WebPage","@id":"https:\/\/www.acps-automotive.com\/es\/localizaciones\/queretaro-mexico\/","url":"https:\/\/www.acps-automotive.com\/es\/localizaciones\/queretaro-mexico\/","name":"Quer\u00e9taro - M\u00e9xico | ACPS Automotive","isPartOf":{"@id":"https:\/\/www.acps-automotive.com\/es\/#website"},"primaryImageOfPage":{"@id":"https:\/\/www.acps-automotive.com\/es\/localizaciones\/queretaro-mexico\/#primaryimage"},"image":{"@id":"https:\/\/www.acps-automotive.com\/es\/localizaciones\/queretaro-mexico\/#primaryimage"},"thumbnailUrl":"https:\/\/www.acps-automotive.com\/wp-content\/uploads\/_media\/_allgemein\/pfeil-text-einleitung.png","datePublished":"2025-12-19T15:16:10+00:00","dateModified":"2026-03-06T12:56:52+00:00","description":"ACPS Automotive es l\u00edder del mercado y l\u00edder tecnol\u00f3gico en dispositivos de remolque para turismos, SUV y furgonetas con la marca \u2605ORIS\u2605.","breadcrumb":{"@id":"https:\/\/www.acps-automotive.com\/es\/localizaciones\/queretaro-mexico\/#breadcrumb"},"inLanguage":"es","potentialAction":[{"@type":"ReadAction","target":["https:\/\/www.acps-automotive.com\/es\/localizaciones\/queretaro-mexico\/"]}]},{"@type":"ImageObject","inLanguage":"es","@id":"https:\/\/www.acps-automotive.com\/es\/localizaciones\/queretaro-mexico\/#primaryimage","url":"https:\/\/www.acps-automotive.com\/wp-content\/uploads\/_media\/_allgemein\/pfeil-text-einleitung.png","contentUrl":"https:\/\/www.acps-automotive.com\/wp-content\/uploads\/_media\/_allgemein\/pfeil-text-einleitung.png"},{"@type":"BreadcrumbList","@id":"https:\/\/www.acps-automotive.com\/es\/localizaciones\/queretaro-mexico\/#breadcrumb","itemListElement":[{"@type":"ListItem","position":1,"name":"Startseite","item":"https:\/\/www.acps-automotive.com\/es\/"},{"@type":"ListItem","position":2,"name":"Nuestra presencia","item":"https:\/\/www.acps-automotive.com\/es\/localizaciones\/"},{"@type":"ListItem","position":3,"name":"Quer\u00e9taro \/ M\u00e9xico"}]},{"@type":"WebSite","@id":"https:\/\/www.acps-automotive.com\/es\/#website","url":"https:\/\/www.acps-automotive.com\/es\/","name":"ACPS Automotive GmbH","description":"Innovative Anh\u00e4ngekupplungen","publisher":{"@id":"https:\/\/www.acps-automotive.com\/es\/#organization"},"potentialAction":[{"@type":"SearchAction","target":{"@type":"EntryPoint","urlTemplate":"https:\/\/www.acps-automotive.com\/es\/?s={search_term_string}"},"query-input":{"@type":"PropertyValueSpecification","valueRequired":true,"valueName":"search_term_string"}}],"inLanguage":"es"},{"@type":"Organization","@id":"https:\/\/www.acps-automotive.com\/es\/#organization","name":"ACPS Automotive GmbH","url":"https:\/\/www.acps-automotive.com\/es\/","logo":{"@type":"ImageObject","inLanguage":"es","@id":"https:\/\/www.acps-automotive.com\/es\/#\/schema\/logo\/image\/","url":"https:\/\/www.acps-automotive.com\/wp-content\/uploads\/_media\/_allgemein\/Logo-Footer-ACPS-Automotive.png","contentUrl":"https:\/\/www.acps-automotive.com\/wp-content\/uploads\/_media\/_allgemein\/Logo-Footer-ACPS-Automotive.png","width":239,"height":32,"caption":"ACPS Automotive GmbH"},"image":{"@id":"https:\/\/www.acps-automotive.com\/es\/#\/schema\/logo\/image\/"},"sameAs":["https:\/\/x.com\/ACPS_Automotive","https:\/\/www.linkedin.com\/company\/acps-automotive-gmbh\/","https:\/\/www.instagram.com\/acps_ausbildung\/","https:\/\/www.youtube.com\/channel\/UC2jxrgWwpxpkay2aHWV5SaQ"]}]}},"_links":{"self":[{"href":"https:\/\/www.acps-automotive.com\/es\/wp-json\/wp\/v2\/pages\/27252","targetHints":{"allow":["GET"]}}],"collection":[{"href":"https:\/\/www.acps-automotive.com\/es\/wp-json\/wp\/v2\/pages"}],"about":[{"href":"https:\/\/www.acps-automotive.com\/es\/wp-json\/wp\/v2\/types\/page"}],"author":[{"embeddable":true,"href":"https:\/\/www.acps-automotive.com\/es\/wp-json\/wp\/v2\/users\/8"}],"replies":[{"embeddable":true,"href":"https:\/\/www.acps-automotive.com\/es\/wp-json\/wp\/v2\/comments?post=27252"}],"version-history":[{"count":3,"href":"https:\/\/www.acps-automotive.com\/es\/wp-json\/wp\/v2\/pages\/27252\/revisions"}],"predecessor-version":[{"id":28841,"href":"https:\/\/www.acps-automotive.com\/es\/wp-json\/wp\/v2\/pages\/27252\/revisions\/28841"}],"up":[{"embeddable":true,"href":"https:\/\/www.acps-automotive.com\/es\/wp-json\/wp\/v2\/pages\/28082"}],"wp:attachment":[{"href":"https:\/\/www.acps-automotive.com\/es\/wp-json\/wp\/v2\/media?parent=27252"}],"curies":[{"name":"wp","href":"https:\/\/api.w.org\/{rel}","templated":true}]}}