{"id":27248,"date":"2025-12-08T08:50:32","date_gmt":"2025-12-08T07:50:32","guid":{"rendered":"https:\/\/www.acps-automotive.com\/?page_id=27248"},"modified":"2026-03-10T12:51:20","modified_gmt":"2026-03-10T11:51:20","slug":"formulario-de-contacto","status":"publish","type":"page","link":"https:\/\/www.acps-automotive.com\/es\/contacto\/formulario-de-contacto\/","title":{"rendered":"Formulario de contacto"},"content":{"rendered":"<div class=\"vgblk-rw-wrapper limit-wrapper\">\n\n\t<h1>\u00a1P\u00f3ngase en contacto con nosotros!<\/h1>\n<h2>Estaremos encantados de ayudarle<\/h2>\n\t<h3><strong>\u00bfTiene preguntas,<br \/>\ndeseos o sugerencias?<br \/>\n<\/strong><\/h3>\n<p>Para que su consulta llegue r\u00e1pidamente a la persona de contacto adecuada, le rogamos que nos env\u00ede su solicitud por correo electr\u00f3nico o mediante el formulario de contacto.<\/p>\n<p>Si tiene alguna pregunta sobre el cumplimiento normativo en ACPS Automotive o desea enviar un aviso de incumplimiento, puede dirigirse a\u00a0 <a href=\"mail&#116;&#111;&#58;&#99;&#111;&#x6d;&#x70;&#x6c;&#x69;&#x61;&#x6e;&#x63;e&#64;ac&#112;&#115;&#45;&#97;&#117;&#x74;&#x6f;&#x6d;&#x6f;&#x74;&#x69;&#x76;&#x65;&#46;com\">c&#111;&#x6d;&#x70;&#x6c;i&#97;&#110;&#x63;&#x65;&#64;&#97;&#99;&#x70;&#x73;-a&#117;&#x74;&#x6f;&#x6d;o&#116;&#x69;&#x76;&#x65;&#46;&#99;&#111;&#x6d;<\/a>. Adem\u00e1s, a trav\u00e9s de nuestro portal de denuncias safecall, en <a href=\"https:\/\/www.safecall.co.uk\/en\/\" target=\"_blank\" rel=\"noopener\">https:\/\/www.safecall.co.uk\/<\/a> tambi\u00e9n tiene a su disposici\u00f3n una v\u00eda de denuncia an\u00f3nima.<\/p>\n<h4>\n\tN\u00famero de tel\u00e9fono\n\t<\/h4>\n\t<p>+49 (0) 7142 9930-0<\/p>\n<h4>\n\tDirecci\u00f3n de correo electr\u00f3nico\n\t<\/h4>\n\t<p><a href=\"m&#97;&#105;&#x6c;&#x74;o&#58;&#105;&#x6e;&#x66;&#x6f;&#64;&#97;&#99;&#x70;&#x73;-a&#117;&#x74;&#x6f;&#x6d;o&#116;&#105;&#x76;&#x65;&#46;c&#111;&#x6d;\">&#x69;n&#x66;o&#x40;&#97;&#x63;&#112;s&#x2d;a&#x75;&#116;&#x6f;&#109;&#x6f;&#116;i&#x76;e&#x2e;&#99;&#x6f;&#109;<\/a><\/p>\n<h4>\n\tDe lunes a jueves\n\t<\/h4>\n\t<p>De 8:00 a 16:00 horas<\/p>\n<h4>\n\tViernes\n\t<\/h4>\n\t<p>De 8:00 a 15:00 horas<\/p>\n\t<h3><strong>Nota<\/strong><\/h3>\n<p>Como fabricantes de dispositivos de remolque, la seguridad de nuestros productos es de suma importancia para nosotros. Si observa algo inusual en el mercado o detecta posibles defectos, riesgos para la seguridad u otros incidentes relevantes relacionados con nuestros dispositivos de remolque, le rogamos que nos lo comunique de inmediato. Sus informes son una ayuda valiosa para seguir mejorando la calidad de nuestros productos y contribuir a la seguridad vial. Muchas gracias por su apoyo.<\/p>\n\t\n<div class=\"wpcf7 no-js\" id=\"wpcf7-f29637-o1\" lang=\"es-ES\" dir=\"ltr\" data-wpcf7-id=\"29637\">\n<div class=\"screen-reader-response\"><p role=\"status\" aria-live=\"polite\" aria-atomic=\"true\"><\/p> <ul><\/ul><\/div>\n<form action=\"\/es\/wp-json\/wp\/v2\/pages\/27248#wpcf7-f29637-o1\" method=\"post\" class=\"wpcf7-form init wpcf7-acceptance-as-validation\" aria-label=\"Formulario de contacto\" novalidate=\"novalidate\" data-status=\"init\">\n<fieldset class=\"hidden-fields-container\"><input type=\"hidden\" name=\"_wpcf7\" value=\"29637\" \/><input type=\"hidden\" name=\"_wpcf7_version\" value=\"6.1.5\" \/><input type=\"hidden\" name=\"_wpcf7_locale\" value=\"es_ES\" \/><input type=\"hidden\" name=\"_wpcf7_unit_tag\" value=\"wpcf7-f29637-o1\" \/><input type=\"hidden\" name=\"_wpcf7_container_post\" value=\"0\" \/><input type=\"hidden\" name=\"_wpcf7_posted_data_hash\" value=\"\" \/>\n<\/fieldset>\n<div class=\"col-md-12\">\n\t<p><span class=\"wpcf7-form-control-wrap\" data-name=\"Anrede\"><span class=\"wpcf7-form-control wpcf7-radio\"><span class=\"wpcf7-list-item first\"><input type=\"radio\" name=\"Anrede\" value=\"Se\u00f1or\" checked=\"checked\" \/><span class=\"wpcf7-list-item-label\">Se\u00f1or<\/span><\/span><span class=\"wpcf7-list-item last\"><input type=\"radio\" name=\"Anrede\" value=\"Se\u00f1ora\" \/><span class=\"wpcf7-list-item-label\">Se\u00f1ora<\/span><\/span><\/span><\/span>\n\t<\/p>\n<\/div>\n<div class=\"col-md-6 halb\">\n\t<p><label> <span class=\"wpcf7-form-control-wrap\" data-name=\"firma\"><input size=\"40\" maxlength=\"400\" class=\"wpcf7-form-control wpcf7-text\" aria-invalid=\"false\" placeholder=\"Empresa\" value=\"\" type=\"text\" name=\"firma\" \/><\/span> <\/label>\n\t<\/p>\n<\/div>\n<div class=\"col-md-6 halb\">\n\t<p><label> <span class=\"wpcf7-form-control-wrap\" data-name=\"titel\"><input size=\"40\" maxlength=\"400\" class=\"wpcf7-form-control wpcf7-text\" aria-invalid=\"false\" placeholder=\"T\u00edtulo\" value=\"\" type=\"text\" name=\"titel\" \/><\/span> <\/label>\n\t<\/p>\n<\/div>\n<div class=\"col-md-6 halb\">\n\t<p><label> <span class=\"wpcf7-form-control-wrap\" data-name=\"your-name\"><input size=\"40\" maxlength=\"400\" class=\"wpcf7-form-control wpcf7-text\" aria-invalid=\"false\" placeholder=\"Nombre\" value=\"\" type=\"text\" name=\"your-name\" \/><\/span> <\/label>\n\t<\/p>\n<\/div>\n<div class=\"col-md-6 halb\">\n\t<p><label> <span class=\"wpcf7-form-control-wrap\" data-name=\"your-lastname\"><input size=\"40\" maxlength=\"400\" class=\"wpcf7-form-control wpcf7-text\" aria-invalid=\"false\" placeholder=\"Apellido\" value=\"\" type=\"text\" name=\"your-lastname\" \/><\/span> <\/label>\n\t<\/p>\n<\/div>\n<div class=\"col-md-6 halb\">\n\t<p><label> <span class=\"wpcf7-form-control-wrap\" data-name=\"strasse\"><input size=\"40\" maxlength=\"400\" class=\"wpcf7-form-control wpcf7-text\" aria-invalid=\"false\" placeholder=\"Calle + n.\u00ba\" value=\"\" type=\"text\" name=\"strasse\" \/><\/span> <\/label>\n\t<\/p>\n<\/div>\n<div class=\"col-md-6 halb\">\n\t<p><label> <span class=\"wpcf7-form-control-wrap\" data-name=\"ort\"><input size=\"40\" maxlength=\"400\" class=\"wpcf7-form-control wpcf7-text\" aria-invalid=\"false\" placeholder=\"C\u00f3digo postal + localidad\" value=\"\" type=\"text\" name=\"ort\" \/><\/span> <\/label>\n\t<\/p>\n<\/div>\n<div class=\"col-md-6 halb halb-margin-schmal\">\n\t<p><label> <span class=\"wpcf7-form-control-wrap\" data-name=\"your-email\"><input size=\"40\" maxlength=\"400\" class=\"wpcf7-form-control wpcf7-email wpcf7-validates-as-required wpcf7-text wpcf7-validates-as-email\" aria-required=\"true\" aria-invalid=\"false\" placeholder=\"Correo electr\u00f3nico*\" value=\"\" type=\"email\" name=\"your-email\" \/><\/span> <\/label>\n\t<\/p>\n<\/div>\n<div class=\"col-md-6 halb halb-margin-schmal\">\n\t<p><label> <span class=\"wpcf7-form-control-wrap\" data-name=\"your-phone\"><input size=\"40\" maxlength=\"400\" class=\"wpcf7-form-control wpcf7-text\" aria-invalid=\"false\" placeholder=\"Tel\u00e9fono\" value=\"\" type=\"text\" name=\"your-phone\" \/><\/span> <\/label>\n\t<\/p>\n<\/div>\n<div class=\"col-md-12 ganz erreichen-radio\">\n\t<p>La mejor forma de contactar conmigo es<span class=\"wpcf7-form-control-wrap\" data-name=\"erreichen\"><span class=\"wpcf7-form-control wpcf7-radio\"><span class=\"wpcf7-list-item first\"><input type=\"radio\" name=\"erreichen\" value=\"por tel\u00e9fono\" checked=\"checked\" \/><span class=\"wpcf7-list-item-label\">por tel\u00e9fono<\/span><\/span><span class=\"wpcf7-list-item last\"><input type=\"radio\" name=\"erreichen\" value=\"por correo electr\u00f3nico\" \/><span class=\"wpcf7-list-item-label\">por correo electr\u00f3nico<\/span><\/span><\/span><\/span>\n\t<\/p>\n<\/div>\n<div class=\"col-md-12 ganz\">\n\t<p><span class=\"wpcf7-form-control-wrap\" data-name=\"Thema\"><select class=\"wpcf7-form-control wpcf7-select\" aria-invalid=\"false\" name=\"Thema\"><option value=\"\">Seleccione un tema...<\/option><option value=\"Generalidades\">Generalidades<\/option><option value=\"Productos\">Productos<\/option><option value=\"Servicio\">Servicio<\/option><option value=\"Empresa\">Empresa<\/option><\/select><\/span>\n\t<\/p>\n<\/div>\n<div class=\"col-md-12 ganz\">\n\t<p><label> <span class=\"wpcf7-form-control-wrap\" data-name=\"your-message\"><textarea cols=\"40\" rows=\"10\" maxlength=\"2000\" class=\"wpcf7-form-control wpcf7-textarea\" aria-invalid=\"false\" placeholder=\"Deseos y preguntas\" name=\"your-message\"><\/textarea><\/span> <\/label><br \/>\n<span id=\"wpcf7-69de1c7bea768-wrapper\" class=\"wpcf7-form-control-wrap honeypot-66-wrap\" style=\"display:none !important; visibility:hidden !important;\"><label for=\"wpcf7-69de1c7bea768-field\" class=\"hp-message\">Por favor, deja este campo vac\u00edo.<\/label><input id=\"wpcf7-69de1c7bea768-field\"  class=\"wpcf7-form-control wpcf7-text\" type=\"text\" name=\"honeypot-66\" value=\"\" size=\"40\" tabindex=\"-1\" autocomplete=\"new-password\" \/><\/span>\n\t<\/p>\n<\/div>\n<div class=\"datenschutz\" >\n\t<p><span class=\"wpcf7-form-control-wrap\" data-name=\"checkbox-861\"><span class=\"wpcf7-form-control wpcf7-checkbox wpcf7-validates-as-required\"><span class=\"wpcf7-list-item first last\"><input type=\"checkbox\" name=\"checkbox-861[]\" value=\"*S\u00ed, he le\u00eddo la\" \/><span class=\"wpcf7-list-item-label\">*S\u00ed, he le\u00eddo la<\/span><\/span><\/span><\/span>&nbsp;<a href=\"\/es\/contacto\/proteccion-de-datos\/\" target=\"_blank\">declaraci\u00f3n de protecci\u00f3n de datos<\/a> y acepto que los datos que he facilitado se recopilen y almacenen electr\u00f3nicamente. Mis datos solo se utilizar\u00e1n para tramitar y responder a mi solicitud. Al enviar el formulario de contacto, doy mi consentimiento para el tratamiento de mis datos.\n\t<\/p>\n<\/div>\n<p><input class=\"wpcf7-form-control wpcf7-submit has-spinner\" type=\"submit\" value=\"Enviar &#8594;\" \/>\n<\/p><div class=\"wpcf7-response-output\" aria-hidden=\"true\"><\/div>\n<\/form>\n<\/div>\n\n\n<\/div><!-- .vgblk-rw-wrapper -->","protected":false},"excerpt":{"rendered":"<p>\u00a1P\u00f3ngase en contacto con nosotros! Estaremos encantados de ayudarle \u00bfTiene preguntas, deseos o sugerencias? Para que su consulta llegue r\u00e1pidamente a la persona de contacto adecuada, le rogamos que nos env\u00ede su solicitud por correo electr\u00f3nico o mediante el formulario de contacto. Si tiene alguna pregunta sobre el cumplimiento normativo en ACPS Automotive o desea&#8230;<\/p>\n","protected":false},"author":8,"featured_media":0,"parent":28072,"menu_order":0,"comment_status":"closed","ping_status":"closed","template":"","meta":{"inline_featured_image":false,"_price":"","_stock":"","_tribe_ticket_header":"","_tribe_default_ticket_provider":"","_tribe_ticket_capacity":"0","_ticket_start_date":"","_ticket_end_date":"","_tribe_ticket_show_description":"","_tribe_ticket_show_not_going":false,"_tribe_ticket_use_global_stock":"","_tribe_ticket_global_stock_level":"","_global_stock_mode":"","_global_stock_cap":"","_tribe_rsvp_for_event":"","_tribe_ticket_going_count":"","_tribe_ticket_not_going_count":"","_tribe_tickets_list":"[]","_tribe_ticket_has_attendee_info_fields":false,"footnotes":""},"class_list":["post-27248","page","type-page","status-publish","hentry"],"yoast_head":"<!-- This site is optimized with the Yoast SEO plugin v27.2 - https:\/\/yoast.com\/product\/yoast-seo-wordpress\/ -->\n<title>Contacto con ACPS Automotive<\/title>\n<meta name=\"description\" content=\"\u00bfTiene alguna pregunta, deseo o sugerencia? \u25baP\u00f3ngase en contacto con nosotros directamente. \u260eTel\u00e9fono \u2605Correo electr\u00f3nico \u272aFormulario de contacto\" \/>\n<meta name=\"robots\" content=\"index, follow, max-snippet:-1, max-image-preview:large, max-video-preview:-1\" \/>\n<link rel=\"canonical\" href=\"https:\/\/www.acps-automotive.com\/es\/contacto\/formulario-de-contacto\/\" \/>\n<meta property=\"og:locale\" content=\"es_ES\" \/>\n<meta property=\"og:type\" content=\"article\" \/>\n<meta property=\"og:title\" content=\"Contacto con ACPS Automotive\" \/>\n<meta property=\"og:description\" content=\"\u00bfTiene alguna pregunta, deseo o sugerencia? \u25baP\u00f3ngase en contacto con nosotros directamente. \u260eTel\u00e9fono \u2605Correo electr\u00f3nico \u272aFormulario de contacto\" \/>\n<meta property=\"og:url\" content=\"https:\/\/www.acps-automotive.com\/es\/contacto\/formulario-de-contacto\/\" \/>\n<meta property=\"og:site_name\" content=\"ACPS Automotive GmbH\" \/>\n<meta property=\"article:modified_time\" content=\"2026-03-10T11:51:20+00:00\" \/>\n<meta name=\"twitter:card\" content=\"summary_large_image\" \/>\n<meta name=\"twitter:site\" content=\"@ACPS_Automotive\" \/>\n<meta name=\"twitter:label1\" content=\"Tiempo de lectura\" \/>\n\t<meta name=\"twitter:data1\" content=\"2 minutos\" \/>\n<script type=\"application\/ld+json\" class=\"yoast-schema-graph\">{\"@context\":\"https:\/\/schema.org\",\"@graph\":[{\"@type\":\"WebPage\",\"@id\":\"https:\/\/www.acps-automotive.com\/es\/contacto\/formulario-de-contacto\/\",\"url\":\"https:\/\/www.acps-automotive.com\/es\/contacto\/formulario-de-contacto\/\",\"name\":\"Contacto con ACPS Automotive\",\"isPartOf\":{\"@id\":\"https:\/\/www.acps-automotive.com\/es\/#website\"},\"datePublished\":\"2025-12-08T07:50:32+00:00\",\"dateModified\":\"2026-03-10T11:51:20+00:00\",\"description\":\"\u00bfTiene alguna pregunta, deseo o sugerencia? \u25baP\u00f3ngase en contacto con nosotros directamente. \u260eTel\u00e9fono \u2605Correo electr\u00f3nico \u272aFormulario de contacto\",\"breadcrumb\":{\"@id\":\"https:\/\/www.acps-automotive.com\/es\/contacto\/formulario-de-contacto\/#breadcrumb\"},\"inLanguage\":\"es\",\"potentialAction\":[{\"@type\":\"ReadAction\",\"target\":[\"https:\/\/www.acps-automotive.com\/es\/contacto\/formulario-de-contacto\/\"]}]},{\"@type\":\"BreadcrumbList\",\"@id\":\"https:\/\/www.acps-automotive.com\/es\/contacto\/formulario-de-contacto\/#breadcrumb\",\"itemListElement\":[{\"@type\":\"ListItem\",\"position\":1,\"name\":\"Startseite\",\"item\":\"https:\/\/www.acps-automotive.com\/es\/\"},{\"@type\":\"ListItem\",\"position\":2,\"name\":\"Contacto\",\"item\":\"https:\/\/www.acps-automotive.com\/es\/contacto\/\"},{\"@type\":\"ListItem\",\"position\":3,\"name\":\"Formulario de contacto\"}]},{\"@type\":\"WebSite\",\"@id\":\"https:\/\/www.acps-automotive.com\/es\/#website\",\"url\":\"https:\/\/www.acps-automotive.com\/es\/\",\"name\":\"ACPS Automotive GmbH\",\"description\":\"Innovative Anh\u00e4ngekupplungen\",\"publisher\":{\"@id\":\"https:\/\/www.acps-automotive.com\/es\/#organization\"},\"potentialAction\":[{\"@type\":\"SearchAction\",\"target\":{\"@type\":\"EntryPoint\",\"urlTemplate\":\"https:\/\/www.acps-automotive.com\/es\/?s={search_term_string}\"},\"query-input\":{\"@type\":\"PropertyValueSpecification\",\"valueRequired\":true,\"valueName\":\"search_term_string\"}}],\"inLanguage\":\"es\"},{\"@type\":\"Organization\",\"@id\":\"https:\/\/www.acps-automotive.com\/es\/#organization\",\"name\":\"ACPS Automotive GmbH\",\"url\":\"https:\/\/www.acps-automotive.com\/es\/\",\"logo\":{\"@type\":\"ImageObject\",\"inLanguage\":\"es\",\"@id\":\"https:\/\/www.acps-automotive.com\/es\/#\/schema\/logo\/image\/\",\"url\":\"https:\/\/www.acps-automotive.com\/wp-content\/uploads\/_media\/_allgemein\/Logo-Footer-ACPS-Automotive.png\",\"contentUrl\":\"https:\/\/www.acps-automotive.com\/wp-content\/uploads\/_media\/_allgemein\/Logo-Footer-ACPS-Automotive.png\",\"width\":239,\"height\":32,\"caption\":\"ACPS Automotive GmbH\"},\"image\":{\"@id\":\"https:\/\/www.acps-automotive.com\/es\/#\/schema\/logo\/image\/\"},\"sameAs\":[\"https:\/\/x.com\/ACPS_Automotive\",\"https:\/\/www.linkedin.com\/company\/acps-automotive-gmbh\/\",\"https:\/\/www.instagram.com\/acps_ausbildung\/\",\"https:\/\/www.youtube.com\/channel\/UC2jxrgWwpxpkay2aHWV5SaQ\"]}]}<\/script>\n<!-- \/ Yoast SEO plugin. -->","yoast_head_json":{"title":"Contacto con ACPS Automotive","description":"\u00bfTiene alguna pregunta, deseo o sugerencia? \u25baP\u00f3ngase en contacto con nosotros directamente. \u260eTel\u00e9fono \u2605Correo electr\u00f3nico \u272aFormulario de contacto","robots":{"index":"index","follow":"follow","max-snippet":"max-snippet:-1","max-image-preview":"max-image-preview:large","max-video-preview":"max-video-preview:-1"},"canonical":"https:\/\/www.acps-automotive.com\/es\/contacto\/formulario-de-contacto\/","og_locale":"es_ES","og_type":"article","og_title":"Contacto con ACPS Automotive","og_description":"\u00bfTiene alguna pregunta, deseo o sugerencia? \u25baP\u00f3ngase en contacto con nosotros directamente. \u260eTel\u00e9fono \u2605Correo electr\u00f3nico \u272aFormulario de contacto","og_url":"https:\/\/www.acps-automotive.com\/es\/contacto\/formulario-de-contacto\/","og_site_name":"ACPS Automotive GmbH","article_modified_time":"2026-03-10T11:51:20+00:00","twitter_card":"summary_large_image","twitter_site":"@ACPS_Automotive","twitter_misc":{"Tiempo de lectura":"2 minutos"},"schema":{"@context":"https:\/\/schema.org","@graph":[{"@type":"WebPage","@id":"https:\/\/www.acps-automotive.com\/es\/contacto\/formulario-de-contacto\/","url":"https:\/\/www.acps-automotive.com\/es\/contacto\/formulario-de-contacto\/","name":"Contacto con ACPS Automotive","isPartOf":{"@id":"https:\/\/www.acps-automotive.com\/es\/#website"},"datePublished":"2025-12-08T07:50:32+00:00","dateModified":"2026-03-10T11:51:20+00:00","description":"\u00bfTiene alguna pregunta, deseo o sugerencia? \u25baP\u00f3ngase en contacto con nosotros directamente. \u260eTel\u00e9fono \u2605Correo electr\u00f3nico \u272aFormulario de contacto","breadcrumb":{"@id":"https:\/\/www.acps-automotive.com\/es\/contacto\/formulario-de-contacto\/#breadcrumb"},"inLanguage":"es","potentialAction":[{"@type":"ReadAction","target":["https:\/\/www.acps-automotive.com\/es\/contacto\/formulario-de-contacto\/"]}]},{"@type":"BreadcrumbList","@id":"https:\/\/www.acps-automotive.com\/es\/contacto\/formulario-de-contacto\/#breadcrumb","itemListElement":[{"@type":"ListItem","position":1,"name":"Startseite","item":"https:\/\/www.acps-automotive.com\/es\/"},{"@type":"ListItem","position":2,"name":"Contacto","item":"https:\/\/www.acps-automotive.com\/es\/contacto\/"},{"@type":"ListItem","position":3,"name":"Formulario de contacto"}]},{"@type":"WebSite","@id":"https:\/\/www.acps-automotive.com\/es\/#website","url":"https:\/\/www.acps-automotive.com\/es\/","name":"ACPS Automotive GmbH","description":"Innovative Anh\u00e4ngekupplungen","publisher":{"@id":"https:\/\/www.acps-automotive.com\/es\/#organization"},"potentialAction":[{"@type":"SearchAction","target":{"@type":"EntryPoint","urlTemplate":"https:\/\/www.acps-automotive.com\/es\/?s={search_term_string}"},"query-input":{"@type":"PropertyValueSpecification","valueRequired":true,"valueName":"search_term_string"}}],"inLanguage":"es"},{"@type":"Organization","@id":"https:\/\/www.acps-automotive.com\/es\/#organization","name":"ACPS Automotive GmbH","url":"https:\/\/www.acps-automotive.com\/es\/","logo":{"@type":"ImageObject","inLanguage":"es","@id":"https:\/\/www.acps-automotive.com\/es\/#\/schema\/logo\/image\/","url":"https:\/\/www.acps-automotive.com\/wp-content\/uploads\/_media\/_allgemein\/Logo-Footer-ACPS-Automotive.png","contentUrl":"https:\/\/www.acps-automotive.com\/wp-content\/uploads\/_media\/_allgemein\/Logo-Footer-ACPS-Automotive.png","width":239,"height":32,"caption":"ACPS Automotive GmbH"},"image":{"@id":"https:\/\/www.acps-automotive.com\/es\/#\/schema\/logo\/image\/"},"sameAs":["https:\/\/x.com\/ACPS_Automotive","https:\/\/www.linkedin.com\/company\/acps-automotive-gmbh\/","https:\/\/www.instagram.com\/acps_ausbildung\/","https:\/\/www.youtube.com\/channel\/UC2jxrgWwpxpkay2aHWV5SaQ"]}]}},"_links":{"self":[{"href":"https:\/\/www.acps-automotive.com\/es\/wp-json\/wp\/v2\/pages\/27248","targetHints":{"allow":["GET"]}}],"collection":[{"href":"https:\/\/www.acps-automotive.com\/es\/wp-json\/wp\/v2\/pages"}],"about":[{"href":"https:\/\/www.acps-automotive.com\/es\/wp-json\/wp\/v2\/types\/page"}],"author":[{"embeddable":true,"href":"https:\/\/www.acps-automotive.com\/es\/wp-json\/wp\/v2\/users\/8"}],"replies":[{"embeddable":true,"href":"https:\/\/www.acps-automotive.com\/es\/wp-json\/wp\/v2\/comments?post=27248"}],"version-history":[{"count":5,"href":"https:\/\/www.acps-automotive.com\/es\/wp-json\/wp\/v2\/pages\/27248\/revisions"}],"predecessor-version":[{"id":29638,"href":"https:\/\/www.acps-automotive.com\/es\/wp-json\/wp\/v2\/pages\/27248\/revisions\/29638"}],"up":[{"embeddable":true,"href":"https:\/\/www.acps-automotive.com\/es\/wp-json\/wp\/v2\/pages\/28072"}],"wp:attachment":[{"href":"https:\/\/www.acps-automotive.com\/es\/wp-json\/wp\/v2\/media?parent=27248"}],"curies":[{"name":"wp","href":"https:\/\/api.w.org\/{rel}","templated":true}]}}