{"id":27223,"date":"2025-12-08T08:48:12","date_gmt":"2025-12-08T07:48:12","guid":{"rendered":"https:\/\/www.acps-automotive.com\/?page_id=27223"},"modified":"2026-03-04T12:27:56","modified_gmt":"2026-03-04T11:27:56","slug":"aviso-legal","status":"publish","type":"page","link":"https:\/\/www.acps-automotive.com\/es\/contacto\/aviso-legal\/","title":{"rendered":"Aviso legal"},"content":{"rendered":"<div class=\"vgblk-rw-wrapper limit-wrapper\">\n\n\t<h1>Aviso legal<\/h1>\n<h2>ACPS Automotive GmbH<\/h2>\n\t<strong>ACPS Automotive GmbH<br \/>\nAdvanced Carrier &amp; Protection Systems<\/strong><br \/>\nBertha-Benz-Str. 2<br \/>\n74379 Ingersheim<br \/>\nTel\u00e9fono: +49 (0) 7142 9930-0<br \/>\n<a href=\"m&#97;&#105;&#x6c;&#x74;o:&#105;&#110;&#x66;&#x6f;&#64;a&#99;&#112;&#x73;&#x2d;au&#116;&#x6f;&#x6d;&#x6f;t&#105;&#118;&#x65;&#x2e;&#x63;o&#109;\">&#105;n&#x66;o&#x40;&#97;&#x63;&#112;&#x73;&#45;a&#x75;t&#x6f;&#109;&#x6f;&#116;&#x69;&#118;&#x65;&#46;c&#x6f;m<\/a><br \/>\n<a href=\"http:\/\/www.acps-automotive.com\">www.acps-automotive.com<\/a>\n<h3>Representado por<\/h3>\nDirectores generales: Michael Weiss, Volker Butz<br \/>\nTribunal de registro: Stuttgart<br \/>\nN\u00famero de registro: HRB 204182<br \/>\nN\u00famero de identificaci\u00f3n fiscal: DE 159 673 833\n<p>&nbsp;<\/p>\n<h3>Marcas registradas de ACPS Automotive GmbH<\/h3>\n<p><img loading=\"lazy\" decoding=\"async\" src=\"https:\/\/www.acps-automotive.com\/wp-content\/uploads\/_media\/kontakt\/markenlogos.jpg\" alt=\"Eingetragene Warenzeichen der ACPS Automotive GmbH\" width=\"1920\" height=\"600\" \/><\/p>\n<h3>Responsabilidad por los contenidos<\/h3>\n<p>El contenido de nuestras p\u00e1ginas ha sido elaborado con el mayor cuidado. Sin embargo, no podemos garantizar la exactitud, integridad y actualidad de los contenidos. Como proveedor de servicios, somos responsables de los contenidos propios de estas p\u00e1ginas seg\u00fan las leyes generales. No obstante, como proveedor de servicios, no estamos obligados a supervisar la informaci\u00f3n transmitida o almacenada por terceros ni a investigar circunstancias que indiquen una actividad ilegal. Las obligaciones de eliminar o bloquear el uso de la informaci\u00f3n de acuerdo con las leyes generales no se ven afectadas por esto. Sin embargo, la responsabilidad al respecto solo es posible a partir del momento en que se tiene conocimiento de una infracci\u00f3n concreta. Si tenemos conocimiento de tales infracciones, eliminaremos inmediatamente dichos contenidos.<\/p>\n<h3>Derechos de autor<\/h3>\n<p>Todos los derechos reservados. El texto, las im\u00e1genes, los gr\u00e1ficos, el sonido, las animaciones y los videos, as\u00ed como su disposici\u00f3n en el sitio web de ACPS Automotive, est\u00e1n protegidos por derechos de autor y otras leyes de protecci\u00f3n. El contenido de este sitio web no puede copiarse, distribuirse, modificarse ni ponerse a disposici\u00f3n de terceros con fines comerciales. El sitio web de ACPS Automotive tambi\u00e9n contiene im\u00e1genes que est\u00e1n sujetas a derechos de autor de terceros.<\/p>\n<h3>Concepci\u00f3n y dise\u00f1o<\/h3>\n<p><a href=\"https:\/\/www.hela.com\" target=\"_blank\" rel=\"noopener\">Hela Werbung Werbeagentur Heilbronn<\/a><\/p>\n\n<\/div><!-- .vgblk-rw-wrapper -->","protected":false},"excerpt":{"rendered":"<p>Aviso legal ACPS Automotive GmbH ACPS Automotive GmbH Advanced Carrier &amp; Protection Systems Bertha-Benz-Str. 2 74379 Ingersheim Tel\u00e9fono: +49 (0) 7142 9930-0 &#x69;&#110;&#x66;&#x6f;&#64;&#x61;&#99;p&#x73;&#45;a&#x75;&#116;&#x6f;&#x6d;o&#x74;&#105;v&#x65;&#46;c&#x6f;&#109; www.acps-automotive.com Representado por Directores generales: Michael Weiss, Volker Butz Tribunal de registro: Stuttgart N\u00famero de registro: HRB 204182 N\u00famero de identificaci\u00f3n fiscal: DE 159 673 833 &nbsp; Marcas registradas de ACPS Automotive&#8230;<\/p>\n","protected":false},"author":8,"featured_media":0,"parent":28072,"menu_order":0,"comment_status":"closed","ping_status":"closed","template":"","meta":{"inline_featured_image":false,"_price":"","_stock":"","_tribe_ticket_header":"","_tribe_default_ticket_provider":"","_tribe_ticket_capacity":"0","_ticket_start_date":"","_ticket_end_date":"","_tribe_ticket_show_description":"","_tribe_ticket_show_not_going":false,"_tribe_ticket_use_global_stock":"","_tribe_ticket_global_stock_level":"","_global_stock_mode":"","_global_stock_cap":"","_tribe_rsvp_for_event":"","_tribe_ticket_going_count":"","_tribe_ticket_not_going_count":"","_tribe_tickets_list":"[]","_tribe_ticket_has_attendee_info_fields":false,"footnotes":""},"class_list":["post-27223","page","type-page","status-publish","hentry"],"yoast_head":"<!-- This site is optimized with the Yoast SEO plugin v27.2 - https:\/\/yoast.com\/product\/yoast-seo-wordpress\/ -->\n<title>Aviso legal - ACPS Automotive GmbH<\/title>\n<meta name=\"description\" content=\"Wir entwickeln und fertigen innovative und sichere Anh\u00e4nge- und Tr\u00e4gersysteme f\u00fcr die Automobilhersteller in der Erstausr\u00fcstung unter der Marke ORIS.\" \/>\n<meta name=\"robots\" content=\"index, follow, max-snippet:-1, max-image-preview:large, max-video-preview:-1\" \/>\n<link rel=\"canonical\" href=\"https:\/\/www.acps-automotive.com\/es\/contacto\/aviso-legal\/\" \/>\n<meta property=\"og:locale\" content=\"es_ES\" \/>\n<meta property=\"og:type\" content=\"article\" \/>\n<meta property=\"og:title\" content=\"Aviso legal - ACPS Automotive GmbH\" \/>\n<meta property=\"og:description\" content=\"Wir entwickeln und fertigen innovative und sichere Anh\u00e4nge- und Tr\u00e4gersysteme f\u00fcr die Automobilhersteller in der Erstausr\u00fcstung unter der Marke ORIS.\" \/>\n<meta property=\"og:url\" content=\"https:\/\/www.acps-automotive.com\/es\/contacto\/aviso-legal\/\" \/>\n<meta property=\"og:site_name\" content=\"ACPS Automotive GmbH\" \/>\n<meta property=\"article:modified_time\" content=\"2026-03-04T11:27:56+00:00\" \/>\n<meta property=\"og:image\" content=\"https:\/\/www.acps-automotive.com\/wp-content\/uploads\/_media\/kontakt\/markenlogos.jpg\" \/>\n<meta name=\"twitter:card\" content=\"summary_large_image\" \/>\n<meta name=\"twitter:site\" content=\"@ACPS_Automotive\" \/>\n<meta name=\"twitter:label1\" content=\"Tiempo de lectura\" \/>\n\t<meta name=\"twitter:data1\" content=\"2 minutos\" \/>\n<script type=\"application\/ld+json\" class=\"yoast-schema-graph\">{\"@context\":\"https:\/\/schema.org\",\"@graph\":[{\"@type\":\"WebPage\",\"@id\":\"https:\/\/www.acps-automotive.com\/es\/contacto\/aviso-legal\/\",\"url\":\"https:\/\/www.acps-automotive.com\/es\/contacto\/aviso-legal\/\",\"name\":\"Aviso legal - ACPS Automotive GmbH\",\"isPartOf\":{\"@id\":\"https:\/\/www.acps-automotive.com\/es\/#website\"},\"primaryImageOfPage\":{\"@id\":\"https:\/\/www.acps-automotive.com\/es\/contacto\/aviso-legal\/#primaryimage\"},\"image\":{\"@id\":\"https:\/\/www.acps-automotive.com\/es\/contacto\/aviso-legal\/#primaryimage\"},\"thumbnailUrl\":\"https:\/\/www.acps-automotive.com\/wp-content\/uploads\/_media\/kontakt\/markenlogos.jpg\",\"datePublished\":\"2025-12-08T07:48:12+00:00\",\"dateModified\":\"2026-03-04T11:27:56+00:00\",\"description\":\"Wir entwickeln und fertigen innovative und sichere Anh\u00e4nge- und Tr\u00e4gersysteme f\u00fcr die Automobilhersteller in der Erstausr\u00fcstung unter der Marke ORIS.\",\"breadcrumb\":{\"@id\":\"https:\/\/www.acps-automotive.com\/es\/contacto\/aviso-legal\/#breadcrumb\"},\"inLanguage\":\"es\",\"potentialAction\":[{\"@type\":\"ReadAction\",\"target\":[\"https:\/\/www.acps-automotive.com\/es\/contacto\/aviso-legal\/\"]}]},{\"@type\":\"ImageObject\",\"inLanguage\":\"es\",\"@id\":\"https:\/\/www.acps-automotive.com\/es\/contacto\/aviso-legal\/#primaryimage\",\"url\":\"https:\/\/www.acps-automotive.com\/wp-content\/uploads\/_media\/kontakt\/markenlogos.jpg\",\"contentUrl\":\"https:\/\/www.acps-automotive.com\/wp-content\/uploads\/_media\/kontakt\/markenlogos.jpg\"},{\"@type\":\"BreadcrumbList\",\"@id\":\"https:\/\/www.acps-automotive.com\/es\/contacto\/aviso-legal\/#breadcrumb\",\"itemListElement\":[{\"@type\":\"ListItem\",\"position\":1,\"name\":\"Startseite\",\"item\":\"https:\/\/www.acps-automotive.com\/es\/\"},{\"@type\":\"ListItem\",\"position\":2,\"name\":\"Contacto\",\"item\":\"https:\/\/www.acps-automotive.com\/es\/contacto\/\"},{\"@type\":\"ListItem\",\"position\":3,\"name\":\"Aviso legal\"}]},{\"@type\":\"WebSite\",\"@id\":\"https:\/\/www.acps-automotive.com\/es\/#website\",\"url\":\"https:\/\/www.acps-automotive.com\/es\/\",\"name\":\"ACPS Automotive GmbH\",\"description\":\"Innovative Anh\u00e4ngekupplungen\",\"publisher\":{\"@id\":\"https:\/\/www.acps-automotive.com\/es\/#organization\"},\"potentialAction\":[{\"@type\":\"SearchAction\",\"target\":{\"@type\":\"EntryPoint\",\"urlTemplate\":\"https:\/\/www.acps-automotive.com\/es\/?s={search_term_string}\"},\"query-input\":{\"@type\":\"PropertyValueSpecification\",\"valueRequired\":true,\"valueName\":\"search_term_string\"}}],\"inLanguage\":\"es\"},{\"@type\":\"Organization\",\"@id\":\"https:\/\/www.acps-automotive.com\/es\/#organization\",\"name\":\"ACPS Automotive GmbH\",\"url\":\"https:\/\/www.acps-automotive.com\/es\/\",\"logo\":{\"@type\":\"ImageObject\",\"inLanguage\":\"es\",\"@id\":\"https:\/\/www.acps-automotive.com\/es\/#\/schema\/logo\/image\/\",\"url\":\"https:\/\/www.acps-automotive.com\/wp-content\/uploads\/_media\/_allgemein\/Logo-Footer-ACPS-Automotive.png\",\"contentUrl\":\"https:\/\/www.acps-automotive.com\/wp-content\/uploads\/_media\/_allgemein\/Logo-Footer-ACPS-Automotive.png\",\"width\":239,\"height\":32,\"caption\":\"ACPS Automotive GmbH\"},\"image\":{\"@id\":\"https:\/\/www.acps-automotive.com\/es\/#\/schema\/logo\/image\/\"},\"sameAs\":[\"https:\/\/x.com\/ACPS_Automotive\",\"https:\/\/www.linkedin.com\/company\/acps-automotive-gmbh\/\",\"https:\/\/www.instagram.com\/acps_ausbildung\/\",\"https:\/\/www.youtube.com\/channel\/UC2jxrgWwpxpkay2aHWV5SaQ\"]}]}<\/script>\n<!-- \/ Yoast SEO plugin. -->","yoast_head_json":{"title":"Aviso legal - ACPS Automotive GmbH","description":"Wir entwickeln und fertigen innovative und sichere Anh\u00e4nge- und Tr\u00e4gersysteme f\u00fcr die Automobilhersteller in der Erstausr\u00fcstung unter der Marke ORIS.","robots":{"index":"index","follow":"follow","max-snippet":"max-snippet:-1","max-image-preview":"max-image-preview:large","max-video-preview":"max-video-preview:-1"},"canonical":"https:\/\/www.acps-automotive.com\/es\/contacto\/aviso-legal\/","og_locale":"es_ES","og_type":"article","og_title":"Aviso legal - ACPS Automotive GmbH","og_description":"Wir entwickeln und fertigen innovative und sichere Anh\u00e4nge- und Tr\u00e4gersysteme f\u00fcr die Automobilhersteller in der Erstausr\u00fcstung unter der Marke ORIS.","og_url":"https:\/\/www.acps-automotive.com\/es\/contacto\/aviso-legal\/","og_site_name":"ACPS Automotive GmbH","article_modified_time":"2026-03-04T11:27:56+00:00","og_image":[{"url":"https:\/\/www.acps-automotive.com\/wp-content\/uploads\/_media\/kontakt\/markenlogos.jpg","type":"","width":"","height":""}],"twitter_card":"summary_large_image","twitter_site":"@ACPS_Automotive","twitter_misc":{"Tiempo de lectura":"2 minutos"},"schema":{"@context":"https:\/\/schema.org","@graph":[{"@type":"WebPage","@id":"https:\/\/www.acps-automotive.com\/es\/contacto\/aviso-legal\/","url":"https:\/\/www.acps-automotive.com\/es\/contacto\/aviso-legal\/","name":"Aviso legal - ACPS Automotive GmbH","isPartOf":{"@id":"https:\/\/www.acps-automotive.com\/es\/#website"},"primaryImageOfPage":{"@id":"https:\/\/www.acps-automotive.com\/es\/contacto\/aviso-legal\/#primaryimage"},"image":{"@id":"https:\/\/www.acps-automotive.com\/es\/contacto\/aviso-legal\/#primaryimage"},"thumbnailUrl":"https:\/\/www.acps-automotive.com\/wp-content\/uploads\/_media\/kontakt\/markenlogos.jpg","datePublished":"2025-12-08T07:48:12+00:00","dateModified":"2026-03-04T11:27:56+00:00","description":"Wir entwickeln und fertigen innovative und sichere Anh\u00e4nge- und Tr\u00e4gersysteme f\u00fcr die Automobilhersteller in der Erstausr\u00fcstung unter der Marke ORIS.","breadcrumb":{"@id":"https:\/\/www.acps-automotive.com\/es\/contacto\/aviso-legal\/#breadcrumb"},"inLanguage":"es","potentialAction":[{"@type":"ReadAction","target":["https:\/\/www.acps-automotive.com\/es\/contacto\/aviso-legal\/"]}]},{"@type":"ImageObject","inLanguage":"es","@id":"https:\/\/www.acps-automotive.com\/es\/contacto\/aviso-legal\/#primaryimage","url":"https:\/\/www.acps-automotive.com\/wp-content\/uploads\/_media\/kontakt\/markenlogos.jpg","contentUrl":"https:\/\/www.acps-automotive.com\/wp-content\/uploads\/_media\/kontakt\/markenlogos.jpg"},{"@type":"BreadcrumbList","@id":"https:\/\/www.acps-automotive.com\/es\/contacto\/aviso-legal\/#breadcrumb","itemListElement":[{"@type":"ListItem","position":1,"name":"Startseite","item":"https:\/\/www.acps-automotive.com\/es\/"},{"@type":"ListItem","position":2,"name":"Contacto","item":"https:\/\/www.acps-automotive.com\/es\/contacto\/"},{"@type":"ListItem","position":3,"name":"Aviso legal"}]},{"@type":"WebSite","@id":"https:\/\/www.acps-automotive.com\/es\/#website","url":"https:\/\/www.acps-automotive.com\/es\/","name":"ACPS Automotive GmbH","description":"Innovative Anh\u00e4ngekupplungen","publisher":{"@id":"https:\/\/www.acps-automotive.com\/es\/#organization"},"potentialAction":[{"@type":"SearchAction","target":{"@type":"EntryPoint","urlTemplate":"https:\/\/www.acps-automotive.com\/es\/?s={search_term_string}"},"query-input":{"@type":"PropertyValueSpecification","valueRequired":true,"valueName":"search_term_string"}}],"inLanguage":"es"},{"@type":"Organization","@id":"https:\/\/www.acps-automotive.com\/es\/#organization","name":"ACPS Automotive GmbH","url":"https:\/\/www.acps-automotive.com\/es\/","logo":{"@type":"ImageObject","inLanguage":"es","@id":"https:\/\/www.acps-automotive.com\/es\/#\/schema\/logo\/image\/","url":"https:\/\/www.acps-automotive.com\/wp-content\/uploads\/_media\/_allgemein\/Logo-Footer-ACPS-Automotive.png","contentUrl":"https:\/\/www.acps-automotive.com\/wp-content\/uploads\/_media\/_allgemein\/Logo-Footer-ACPS-Automotive.png","width":239,"height":32,"caption":"ACPS Automotive GmbH"},"image":{"@id":"https:\/\/www.acps-automotive.com\/es\/#\/schema\/logo\/image\/"},"sameAs":["https:\/\/x.com\/ACPS_Automotive","https:\/\/www.linkedin.com\/company\/acps-automotive-gmbh\/","https:\/\/www.instagram.com\/acps_ausbildung\/","https:\/\/www.youtube.com\/channel\/UC2jxrgWwpxpkay2aHWV5SaQ"]}]}},"_links":{"self":[{"href":"https:\/\/www.acps-automotive.com\/es\/wp-json\/wp\/v2\/pages\/27223","targetHints":{"allow":["GET"]}}],"collection":[{"href":"https:\/\/www.acps-automotive.com\/es\/wp-json\/wp\/v2\/pages"}],"about":[{"href":"https:\/\/www.acps-automotive.com\/es\/wp-json\/wp\/v2\/types\/page"}],"author":[{"embeddable":true,"href":"https:\/\/www.acps-automotive.com\/es\/wp-json\/wp\/v2\/users\/8"}],"replies":[{"embeddable":true,"href":"https:\/\/www.acps-automotive.com\/es\/wp-json\/wp\/v2\/comments?post=27223"}],"version-history":[{"count":3,"href":"https:\/\/www.acps-automotive.com\/es\/wp-json\/wp\/v2\/pages\/27223\/revisions"}],"predecessor-version":[{"id":27235,"href":"https:\/\/www.acps-automotive.com\/es\/wp-json\/wp\/v2\/pages\/27223\/revisions\/27235"}],"up":[{"embeddable":true,"href":"https:\/\/www.acps-automotive.com\/es\/wp-json\/wp\/v2\/pages\/28072"}],"wp:attachment":[{"href":"https:\/\/www.acps-automotive.com\/es\/wp-json\/wp\/v2\/media?parent=27223"}],"curies":[{"name":"wp","href":"https:\/\/api.w.org\/{rel}","templated":true}]}}