{"id":27220,"date":"2025-12-19T16:19:51","date_gmt":"2025-12-19T15:19:51","guid":{"rendered":"https:\/\/www.acps-automotive.com\/?page_id=27220"},"modified":"2026-03-06T13:55:33","modified_gmt":"2026-03-06T12:55:33","slug":"st-egidien-alemania","status":"publish","type":"page","link":"https:\/\/www.acps-automotive.com\/es\/localizaciones\/st-egidien-alemania\/","title":{"rendered":"St. Egidien \/ Alemania"},"content":{"rendered":"<div class=\"vgblk-rw-wrapper limit-wrapper\">\n\n\t<h1><strong>St. Egidien<\/strong><br \/>\nAlemania<\/h1>\n\t<img loading=\"lazy\" decoding=\"async\" src=\"https:\/\/www.acps-automotive.com\/wp-content\/uploads\/_media\/_allgemein\/pfeil-text-einleitung.png\" alt=\"Pfeil Text Einleitung\" width=\"46\" height=\"69\" \/><br \/>\nACPS Automotive GmbH<br \/>\nLugar de fabricaci\u00f3n\n\t<h4><strong>El \u00e9xito de un vistazo<\/strong><br \/>\nLas cifras clave<\/h4>\n\t<p>ACPS Automotive GmbH, con sede en St. Egidien (Sajonia, Alemania), es la planta de producci\u00f3n de ACPS Automotive dedicada a los sistemas de enganches giratorios totalmente el\u00e9ctricos. Como empresa fabricante de innovadores enganches, somos el proveedor principal (TIER-1) de pr\u00e1cticamente todos los fabricantes de autom\u00f3viles. Nuestra planta de producci\u00f3n en St. Egidien suministra a los fabricantes de autom\u00f3viles en el mercado de equipo original tanto en Europa como en Norteam\u00e9rica y Asia. En nuestras plantas de producci\u00f3n nacionales e internacionales se fabrican cada a\u00f1o m\u00e1s de 2 millones de dispositivos de remolque.<\/p>\n\t<ul>\n<li>450 empleados<\/li>\n<li>Fundada en 1992<\/li>\n<li>71.000 m<sup>2 <\/sup>de superficie<\/li>\n<li>15.000 m<sup>2<\/sup>\u00a0de nave de producci\u00f3n<\/li>\n<li>2.000 m<sup>2 <\/sup>de almac\u00e9n (materias primas, productos intermedios y acabados)<\/li>\n<li>300 m<sup>2 <\/sup>laboratorio de pruebas<\/li>\n<\/ul>\n\t<h4><strong>Nuestro know-how en materia de fabricaci\u00f3n<\/strong><br \/>\nNuestras \u00e1reas de actividad de un vistazo<\/h4>\n<ul>\n<li>Corte por l\u00e1ser<\/li>\n<li>Doblado, corte, prensado<\/li>\n<li>Mecanizado CNC<\/li>\n<li>Soldadura robotizada<\/li>\n<li>Recubrimiento KTL y recubrimiento en polvo<\/li>\n<li>Preensamblaje del sistema giratorio<\/li>\n<li>Ensamblaje final<\/li>\n<\/ul>\n\t<h4><strong>\u00c9xito gracias al liderazgo<\/strong><br \/>\nDirector de planta Thomas Kunze<\/h4>\n<p>Thomas Kunze es director de nuestra planta de producci\u00f3n alemana en St. Egidien, Sajonia, desde 2021. Cuenta con casi dos d\u00e9cadas de experiencia en la industria nacional e internacional de proveedores de autom\u00f3viles. Thomas Kunze valora especialmente de su trabajo actual la gran experiencia de sus empleados y el entorno din\u00e1mico de la empresa.<\/p>\n\t<p><img loading=\"lazy\" decoding=\"async\" src=\"https:\/\/www.acps-automotive.com\/wp-content\/uploads\/_media\/standorte\/st-egidien\/schweissen.jpg\" alt=\"Schwei\u00dfen width=\"650\" height=\"400\" \/><\/p>\n\t<p><img loading=\"lazy\" decoding=\"async\" src=\"https:\/\/www.acps-automotive.com\/wp-content\/uploads\/_media\/standorte\/st-egidien\/thomas-kunze.jpg\" alt=\"Thomas Kunze\" width=\"650\" height=\"400\" \/><\/p>\n\n<\/div><!-- .vgblk-rw-wrapper -->","protected":false},"excerpt":{"rendered":"<p>St. Egidien Alemania ACPS Automotive GmbH Lugar de fabricaci\u00f3n El \u00e9xito de un vistazo Las cifras clave ACPS Automotive GmbH, con sede en St. Egidien (Sajonia, Alemania), es la planta de producci\u00f3n de ACPS Automotive dedicada a los sistemas de enganches giratorios totalmente el\u00e9ctricos. Como empresa fabricante de innovadores enganches, somos el proveedor principal (TIER-1)&#8230;<\/p>\n","protected":false},"author":8,"featured_media":0,"parent":28082,"menu_order":0,"comment_status":"closed","ping_status":"closed","template":"","meta":{"inline_featured_image":false,"_price":"","_stock":"","_tribe_ticket_header":"","_tribe_default_ticket_provider":"","_tribe_ticket_capacity":"0","_ticket_start_date":"","_ticket_end_date":"","_tribe_ticket_show_description":"","_tribe_ticket_show_not_going":false,"_tribe_ticket_use_global_stock":"","_tribe_ticket_global_stock_level":"","_global_stock_mode":"","_global_stock_cap":"","_tribe_rsvp_for_event":"","_tribe_ticket_going_count":"","_tribe_ticket_not_going_count":"","_tribe_tickets_list":"[]","_tribe_ticket_has_attendee_info_fields":false,"footnotes":""},"class_list":["post-27220","page","type-page","status-publish","hentry"],"yoast_head":"<!-- This site is optimized with the Yoast SEO plugin v27.2 - https:\/\/yoast.com\/product\/yoast-seo-wordpress\/ -->\n<title>St. Egidien | ACPS Automotive<\/title>\n<meta name=\"description\" content=\"ACPS Automotive ist mit der Marke \u2605ORIS\u2605 Markt- und Technologief\u00fchrer f\u00fcr Anh\u00e4ngevorrichtungen von PKWs, SUVs und Kleintransportern.\" \/>\n<meta name=\"robots\" content=\"index, follow, max-snippet:-1, max-image-preview:large, max-video-preview:-1\" \/>\n<link rel=\"canonical\" href=\"https:\/\/www.acps-automotive.com\/es\/localizaciones\/st-egidien-alemania\/\" \/>\n<meta property=\"og:locale\" content=\"es_ES\" \/>\n<meta property=\"og:type\" content=\"article\" \/>\n<meta property=\"og:title\" content=\"St. Egidien | ACPS Automotive\" \/>\n<meta property=\"og:description\" content=\"ACPS Automotive ist mit der Marke \u2605ORIS\u2605 Markt- und Technologief\u00fchrer f\u00fcr Anh\u00e4ngevorrichtungen von PKWs, SUVs und Kleintransportern.\" \/>\n<meta property=\"og:url\" content=\"https:\/\/www.acps-automotive.com\/es\/localizaciones\/st-egidien-alemania\/\" \/>\n<meta property=\"og:site_name\" content=\"ACPS Automotive GmbH\" \/>\n<meta property=\"article:modified_time\" content=\"2026-03-06T12:55:33+00:00\" \/>\n<meta property=\"og:image\" content=\"https:\/\/www.acps-automotive.com\/wp-content\/uploads\/_media\/_allgemein\/pfeil-text-einleitung.png\" \/>\n<meta name=\"twitter:card\" content=\"summary_large_image\" \/>\n<meta name=\"twitter:site\" content=\"@ACPS_Automotive\" \/>\n<meta name=\"twitter:label1\" content=\"Tiempo de lectura\" \/>\n\t<meta name=\"twitter:data1\" content=\"2 minutos\" \/>\n<script type=\"application\/ld+json\" class=\"yoast-schema-graph\">{\"@context\":\"https:\/\/schema.org\",\"@graph\":[{\"@type\":\"WebPage\",\"@id\":\"https:\/\/www.acps-automotive.com\/es\/localizaciones\/st-egidien-alemania\/\",\"url\":\"https:\/\/www.acps-automotive.com\/es\/localizaciones\/st-egidien-alemania\/\",\"name\":\"St. Egidien | ACPS Automotive\",\"isPartOf\":{\"@id\":\"https:\/\/www.acps-automotive.com\/es\/#website\"},\"primaryImageOfPage\":{\"@id\":\"https:\/\/www.acps-automotive.com\/es\/localizaciones\/st-egidien-alemania\/#primaryimage\"},\"image\":{\"@id\":\"https:\/\/www.acps-automotive.com\/es\/localizaciones\/st-egidien-alemania\/#primaryimage\"},\"thumbnailUrl\":\"https:\/\/www.acps-automotive.com\/wp-content\/uploads\/_media\/_allgemein\/pfeil-text-einleitung.png\",\"datePublished\":\"2025-12-19T15:19:51+00:00\",\"dateModified\":\"2026-03-06T12:55:33+00:00\",\"description\":\"ACPS Automotive ist mit der Marke \u2605ORIS\u2605 Markt- und Technologief\u00fchrer f\u00fcr Anh\u00e4ngevorrichtungen von PKWs, SUVs und Kleintransportern.\",\"breadcrumb\":{\"@id\":\"https:\/\/www.acps-automotive.com\/es\/localizaciones\/st-egidien-alemania\/#breadcrumb\"},\"inLanguage\":\"es\",\"potentialAction\":[{\"@type\":\"ReadAction\",\"target\":[\"https:\/\/www.acps-automotive.com\/es\/localizaciones\/st-egidien-alemania\/\"]}]},{\"@type\":\"ImageObject\",\"inLanguage\":\"es\",\"@id\":\"https:\/\/www.acps-automotive.com\/es\/localizaciones\/st-egidien-alemania\/#primaryimage\",\"url\":\"https:\/\/www.acps-automotive.com\/wp-content\/uploads\/_media\/_allgemein\/pfeil-text-einleitung.png\",\"contentUrl\":\"https:\/\/www.acps-automotive.com\/wp-content\/uploads\/_media\/_allgemein\/pfeil-text-einleitung.png\"},{\"@type\":\"BreadcrumbList\",\"@id\":\"https:\/\/www.acps-automotive.com\/es\/localizaciones\/st-egidien-alemania\/#breadcrumb\",\"itemListElement\":[{\"@type\":\"ListItem\",\"position\":1,\"name\":\"Startseite\",\"item\":\"https:\/\/www.acps-automotive.com\/es\/\"},{\"@type\":\"ListItem\",\"position\":2,\"name\":\"Nuestra presencia\",\"item\":\"https:\/\/www.acps-automotive.com\/es\/localizaciones\/\"},{\"@type\":\"ListItem\",\"position\":3,\"name\":\"St. Egidien \/ Alemania\"}]},{\"@type\":\"WebSite\",\"@id\":\"https:\/\/www.acps-automotive.com\/es\/#website\",\"url\":\"https:\/\/www.acps-automotive.com\/es\/\",\"name\":\"ACPS Automotive GmbH\",\"description\":\"Innovative Anh\u00e4ngekupplungen\",\"publisher\":{\"@id\":\"https:\/\/www.acps-automotive.com\/es\/#organization\"},\"potentialAction\":[{\"@type\":\"SearchAction\",\"target\":{\"@type\":\"EntryPoint\",\"urlTemplate\":\"https:\/\/www.acps-automotive.com\/es\/?s={search_term_string}\"},\"query-input\":{\"@type\":\"PropertyValueSpecification\",\"valueRequired\":true,\"valueName\":\"search_term_string\"}}],\"inLanguage\":\"es\"},{\"@type\":\"Organization\",\"@id\":\"https:\/\/www.acps-automotive.com\/es\/#organization\",\"name\":\"ACPS Automotive GmbH\",\"url\":\"https:\/\/www.acps-automotive.com\/es\/\",\"logo\":{\"@type\":\"ImageObject\",\"inLanguage\":\"es\",\"@id\":\"https:\/\/www.acps-automotive.com\/es\/#\/schema\/logo\/image\/\",\"url\":\"https:\/\/www.acps-automotive.com\/wp-content\/uploads\/_media\/_allgemein\/Logo-Footer-ACPS-Automotive.png\",\"contentUrl\":\"https:\/\/www.acps-automotive.com\/wp-content\/uploads\/_media\/_allgemein\/Logo-Footer-ACPS-Automotive.png\",\"width\":239,\"height\":32,\"caption\":\"ACPS Automotive GmbH\"},\"image\":{\"@id\":\"https:\/\/www.acps-automotive.com\/es\/#\/schema\/logo\/image\/\"},\"sameAs\":[\"https:\/\/x.com\/ACPS_Automotive\",\"https:\/\/www.linkedin.com\/company\/acps-automotive-gmbh\/\",\"https:\/\/www.instagram.com\/acps_ausbildung\/\",\"https:\/\/www.youtube.com\/channel\/UC2jxrgWwpxpkay2aHWV5SaQ\"]}]}<\/script>\n<!-- \/ Yoast SEO plugin. -->","yoast_head_json":{"title":"St. Egidien | ACPS Automotive","description":"ACPS Automotive ist mit der Marke \u2605ORIS\u2605 Markt- und Technologief\u00fchrer f\u00fcr Anh\u00e4ngevorrichtungen von PKWs, SUVs und Kleintransportern.","robots":{"index":"index","follow":"follow","max-snippet":"max-snippet:-1","max-image-preview":"max-image-preview:large","max-video-preview":"max-video-preview:-1"},"canonical":"https:\/\/www.acps-automotive.com\/es\/localizaciones\/st-egidien-alemania\/","og_locale":"es_ES","og_type":"article","og_title":"St. Egidien | ACPS Automotive","og_description":"ACPS Automotive ist mit der Marke \u2605ORIS\u2605 Markt- und Technologief\u00fchrer f\u00fcr Anh\u00e4ngevorrichtungen von PKWs, SUVs und Kleintransportern.","og_url":"https:\/\/www.acps-automotive.com\/es\/localizaciones\/st-egidien-alemania\/","og_site_name":"ACPS Automotive GmbH","article_modified_time":"2026-03-06T12:55:33+00:00","og_image":[{"url":"https:\/\/www.acps-automotive.com\/wp-content\/uploads\/_media\/_allgemein\/pfeil-text-einleitung.png","type":"","width":"","height":""}],"twitter_card":"summary_large_image","twitter_site":"@ACPS_Automotive","twitter_misc":{"Tiempo de lectura":"2 minutos"},"schema":{"@context":"https:\/\/schema.org","@graph":[{"@type":"WebPage","@id":"https:\/\/www.acps-automotive.com\/es\/localizaciones\/st-egidien-alemania\/","url":"https:\/\/www.acps-automotive.com\/es\/localizaciones\/st-egidien-alemania\/","name":"St. Egidien | ACPS Automotive","isPartOf":{"@id":"https:\/\/www.acps-automotive.com\/es\/#website"},"primaryImageOfPage":{"@id":"https:\/\/www.acps-automotive.com\/es\/localizaciones\/st-egidien-alemania\/#primaryimage"},"image":{"@id":"https:\/\/www.acps-automotive.com\/es\/localizaciones\/st-egidien-alemania\/#primaryimage"},"thumbnailUrl":"https:\/\/www.acps-automotive.com\/wp-content\/uploads\/_media\/_allgemein\/pfeil-text-einleitung.png","datePublished":"2025-12-19T15:19:51+00:00","dateModified":"2026-03-06T12:55:33+00:00","description":"ACPS Automotive ist mit der Marke \u2605ORIS\u2605 Markt- und Technologief\u00fchrer f\u00fcr Anh\u00e4ngevorrichtungen von PKWs, SUVs und Kleintransportern.","breadcrumb":{"@id":"https:\/\/www.acps-automotive.com\/es\/localizaciones\/st-egidien-alemania\/#breadcrumb"},"inLanguage":"es","potentialAction":[{"@type":"ReadAction","target":["https:\/\/www.acps-automotive.com\/es\/localizaciones\/st-egidien-alemania\/"]}]},{"@type":"ImageObject","inLanguage":"es","@id":"https:\/\/www.acps-automotive.com\/es\/localizaciones\/st-egidien-alemania\/#primaryimage","url":"https:\/\/www.acps-automotive.com\/wp-content\/uploads\/_media\/_allgemein\/pfeil-text-einleitung.png","contentUrl":"https:\/\/www.acps-automotive.com\/wp-content\/uploads\/_media\/_allgemein\/pfeil-text-einleitung.png"},{"@type":"BreadcrumbList","@id":"https:\/\/www.acps-automotive.com\/es\/localizaciones\/st-egidien-alemania\/#breadcrumb","itemListElement":[{"@type":"ListItem","position":1,"name":"Startseite","item":"https:\/\/www.acps-automotive.com\/es\/"},{"@type":"ListItem","position":2,"name":"Nuestra presencia","item":"https:\/\/www.acps-automotive.com\/es\/localizaciones\/"},{"@type":"ListItem","position":3,"name":"St. Egidien \/ Alemania"}]},{"@type":"WebSite","@id":"https:\/\/www.acps-automotive.com\/es\/#website","url":"https:\/\/www.acps-automotive.com\/es\/","name":"ACPS Automotive GmbH","description":"Innovative Anh\u00e4ngekupplungen","publisher":{"@id":"https:\/\/www.acps-automotive.com\/es\/#organization"},"potentialAction":[{"@type":"SearchAction","target":{"@type":"EntryPoint","urlTemplate":"https:\/\/www.acps-automotive.com\/es\/?s={search_term_string}"},"query-input":{"@type":"PropertyValueSpecification","valueRequired":true,"valueName":"search_term_string"}}],"inLanguage":"es"},{"@type":"Organization","@id":"https:\/\/www.acps-automotive.com\/es\/#organization","name":"ACPS Automotive GmbH","url":"https:\/\/www.acps-automotive.com\/es\/","logo":{"@type":"ImageObject","inLanguage":"es","@id":"https:\/\/www.acps-automotive.com\/es\/#\/schema\/logo\/image\/","url":"https:\/\/www.acps-automotive.com\/wp-content\/uploads\/_media\/_allgemein\/Logo-Footer-ACPS-Automotive.png","contentUrl":"https:\/\/www.acps-automotive.com\/wp-content\/uploads\/_media\/_allgemein\/Logo-Footer-ACPS-Automotive.png","width":239,"height":32,"caption":"ACPS Automotive GmbH"},"image":{"@id":"https:\/\/www.acps-automotive.com\/es\/#\/schema\/logo\/image\/"},"sameAs":["https:\/\/x.com\/ACPS_Automotive","https:\/\/www.linkedin.com\/company\/acps-automotive-gmbh\/","https:\/\/www.instagram.com\/acps_ausbildung\/","https:\/\/www.youtube.com\/channel\/UC2jxrgWwpxpkay2aHWV5SaQ"]}]}},"_links":{"self":[{"href":"https:\/\/www.acps-automotive.com\/es\/wp-json\/wp\/v2\/pages\/27220","targetHints":{"allow":["GET"]}}],"collection":[{"href":"https:\/\/www.acps-automotive.com\/es\/wp-json\/wp\/v2\/pages"}],"about":[{"href":"https:\/\/www.acps-automotive.com\/es\/wp-json\/wp\/v2\/types\/page"}],"author":[{"embeddable":true,"href":"https:\/\/www.acps-automotive.com\/es\/wp-json\/wp\/v2\/users\/8"}],"replies":[{"embeddable":true,"href":"https:\/\/www.acps-automotive.com\/es\/wp-json\/wp\/v2\/comments?post=27220"}],"version-history":[{"count":6,"href":"https:\/\/www.acps-automotive.com\/es\/wp-json\/wp\/v2\/pages\/27220\/revisions"}],"predecessor-version":[{"id":28840,"href":"https:\/\/www.acps-automotive.com\/es\/wp-json\/wp\/v2\/pages\/27220\/revisions\/28840"}],"up":[{"embeddable":true,"href":"https:\/\/www.acps-automotive.com\/es\/wp-json\/wp\/v2\/pages\/28082"}],"wp:attachment":[{"href":"https:\/\/www.acps-automotive.com\/es\/wp-json\/wp\/v2\/media?parent=27220"}],"curies":[{"name":"wp","href":"https:\/\/api.w.org\/{rel}","templated":true}]}}