{"id":27217,"date":"2025-12-19T16:11:06","date_gmt":"2025-12-19T15:11:06","guid":{"rendered":"https:\/\/www.acps-automotive.com\/?page_id=27217"},"modified":"2026-03-06T13:54:44","modified_gmt":"2026-03-06T12:54:44","slug":"kecskemet-hungria","status":"publish","type":"page","link":"https:\/\/www.acps-automotive.com\/es\/localizaciones\/kecskemet-hungria\/","title":{"rendered":"Kecskem\u00e9t \/ Hungr\u00eda"},"content":{"rendered":"<div class=\"vgblk-rw-wrapper limit-wrapper\">\n\n\t<h1><strong>Kecskem\u00e9t<\/strong><br \/>\nHungr\u00eda<\/h1>\n\t<img loading=\"lazy\" decoding=\"async\" src=\"https:\/\/www.acps-automotive.com\/wp-content\/uploads\/_media\/_allgemein\/pfeil-text-einleitung.png\" alt=\"Pfeil Text Einleitung\" width=\"46\" height=\"69\" \/><br \/>\nACPS Automotive Kft.<br \/>\nCentro de producci\u00f3n y desarrollo\n\t<h4><strong>El \u00e9xito de un vistazo<\/strong><br \/>\nLas cifras clave<\/h4>\n\t<p>ACPS Automotive Kft., con sede en Kecskem\u00e9t (Hungr\u00eda), es la mayor planta del grupo de producci\u00f3n de ACPS Automotive. Se dedica principalmente a la fabricaci\u00f3n de sistemas de enganches para remolques semiel\u00e9ctricos y totalmente el\u00e9ctricos, abatibles, desmontables y r\u00edgidos. La planta desarrolla y produce tanto para fabricantes de autom\u00f3viles de equipo original como para empresas de reequipamiento, como distribuidores independientes y talleres. En nuestras plantas de producci\u00f3n nacionales e internacionales se fabrican cada a\u00f1o m\u00e1s de 2 millones de dispositivos de remolque.<\/p>\n\t<ul>\n<li>1.100 empleados<\/li>\n<li>Fundada en 2007<\/li>\n<li>55 ingenieros de desarrollo<\/li>\n<li>92.000 m<sup>2<\/sup>\u00a0de superficie<\/li>\n<li>16.400 m<sup>2<\/sup>\u00a0de nave de producci\u00f3n<\/li>\n<li>11.000 m<sup>2 <\/sup>de almac\u00e9n (materias primas, productos intermedios y acabados)<\/li>\n<li>450 m<sup>2 <\/sup>de laboratorio de pruebas<\/li>\n<\/ul>\n\t<h4><strong>Nuestro Know-how en materia de fabricaci\u00f3n<\/strong><br \/>\nNuestras \u00e1reas de actividad de un vistazo<\/h4>\n<ul>\n<li>Fabricaci\u00f3n de herramientas<\/li>\n<li>Prefabricaci\u00f3n\n<ul>\n<li>Mecanizado por l\u00e1ser<\/li>\n<li>Doblado, corte, prensado<\/li>\n<li>Mecanizado CNC<\/li>\n<\/ul>\n<\/li>\n<li>Soldadura<\/li>\n<li>Tratamiento de superficies y pintura<\/li>\n<li>Montaje de cuellos esf\u00e9ricos \/ Premontaje<\/li>\n<li>Montaje final<\/li>\n<li>Log\u00edstica<\/li>\n<li>Investigaci\u00f3n y desarrollo<\/li>\n<\/ul>\n\t<h4><strong>\u00c9xito gracias al liderazgo<\/strong><br \/>\nDirector de planta Csaba M\u00e1kos<\/h4>\n<p>Csaba M\u00e1kos dirige desde enero de 2023 la mayor planta de producci\u00f3n de ACPS Automotive en Kecskem\u00e9t. Como l\u00edder experimentado con d\u00e9cadas de experiencia en plantas de producci\u00f3n nacionales e internacionales, est\u00e1 perfectamente cualificado para esta tarea. Csaba M\u00e1kos valora la profesionalidad y el compromiso de su equipo, as\u00ed como la capacidad de innovaci\u00f3n de nuestra empresa. Est\u00e1 decidido a seguir ampliando el \u00e9xito de ACPS Automotive junto con su personal, consolidando as\u00ed el liderazgo de la empresa en el mercado.<\/p>\n\t<p><img loading=\"lazy\" decoding=\"async\" src=\"https:\/\/www.acps-automotive.com\/wp-content\/uploads\/_media\/standorte\/ungarn\/montage.jpg\" alt=\"Montage\" width=\"650\" height=\"400\" \/><\/p>\n\t<p><img loading=\"lazy\" decoding=\"async\" src=\"https:\/\/www.acps-automotive.com\/wp-content\/uploads\/_media\/standorte\/ungarn\/csaba-makos.jpg\" alt=\"Csaba M\u00e1kos\" width=\"650\" height=\"400\" \/><\/p>\n\n<\/div><!-- .vgblk-rw-wrapper -->","protected":false},"excerpt":{"rendered":"<p>Kecskem\u00e9t Hungr\u00eda ACPS Automotive Kft. Centro de producci\u00f3n y desarrollo El \u00e9xito de un vistazo Las cifras clave ACPS Automotive Kft., con sede en Kecskem\u00e9t (Hungr\u00eda), es la mayor planta del grupo de producci\u00f3n de ACPS Automotive. Se dedica principalmente a la fabricaci\u00f3n de sistemas de enganches para remolques semiel\u00e9ctricos y totalmente el\u00e9ctricos, abatibles, desmontables&#8230;<\/p>\n","protected":false},"author":8,"featured_media":0,"parent":28082,"menu_order":0,"comment_status":"closed","ping_status":"closed","template":"","meta":{"inline_featured_image":false,"_price":"","_stock":"","_tribe_ticket_header":"","_tribe_default_ticket_provider":"","_tribe_ticket_capacity":"0","_ticket_start_date":"","_ticket_end_date":"","_tribe_ticket_show_description":"","_tribe_ticket_show_not_going":false,"_tribe_ticket_use_global_stock":"","_tribe_ticket_global_stock_level":"","_global_stock_mode":"","_global_stock_cap":"","_tribe_rsvp_for_event":"","_tribe_ticket_going_count":"","_tribe_ticket_not_going_count":"","_tribe_tickets_list":"[]","_tribe_ticket_has_attendee_info_fields":false,"footnotes":""},"class_list":["post-27217","page","type-page","status-publish","hentry"],"yoast_head":"<!-- This site is optimized with the Yoast SEO plugin v27.2 - https:\/\/yoast.com\/product\/yoast-seo-wordpress\/ -->\n<title>Kecskem\u00e9t | ACPS Automotive<\/title>\n<meta name=\"description\" content=\"ACPS Automotive es l\u00edder del mercado y l\u00edder tecnol\u00f3gico en dispositivos de remolque para turismos, SUV y furgonetas con la marca \u2605ORIS\u2605.\" \/>\n<meta name=\"robots\" content=\"index, follow, max-snippet:-1, max-image-preview:large, max-video-preview:-1\" \/>\n<link rel=\"canonical\" href=\"https:\/\/www.acps-automotive.com\/es\/localizaciones\/kecskemet-hungria\/\" \/>\n<meta property=\"og:locale\" content=\"es_ES\" \/>\n<meta property=\"og:type\" content=\"article\" \/>\n<meta property=\"og:title\" content=\"Kecskem\u00e9t | ACPS Automotive\" \/>\n<meta property=\"og:description\" content=\"ACPS Automotive es l\u00edder del mercado y l\u00edder tecnol\u00f3gico en dispositivos de remolque para turismos, SUV y furgonetas con la marca \u2605ORIS\u2605.\" \/>\n<meta property=\"og:url\" content=\"https:\/\/www.acps-automotive.com\/es\/localizaciones\/kecskemet-hungria\/\" \/>\n<meta property=\"og:site_name\" content=\"ACPS Automotive GmbH\" \/>\n<meta property=\"article:modified_time\" content=\"2026-03-06T12:54:44+00:00\" \/>\n<meta property=\"og:image\" content=\"https:\/\/www.acps-automotive.com\/wp-content\/uploads\/_media\/_allgemein\/pfeil-text-einleitung.png\" \/>\n<meta name=\"twitter:card\" content=\"summary_large_image\" \/>\n<meta name=\"twitter:site\" content=\"@ACPS_Automotive\" \/>\n<meta name=\"twitter:label1\" content=\"Tiempo de lectura\" \/>\n\t<meta name=\"twitter:data1\" content=\"2 minutos\" \/>\n<script type=\"application\/ld+json\" class=\"yoast-schema-graph\">{\"@context\":\"https:\/\/schema.org\",\"@graph\":[{\"@type\":\"WebPage\",\"@id\":\"https:\/\/www.acps-automotive.com\/es\/localizaciones\/kecskemet-hungria\/\",\"url\":\"https:\/\/www.acps-automotive.com\/es\/localizaciones\/kecskemet-hungria\/\",\"name\":\"Kecskem\u00e9t | ACPS Automotive\",\"isPartOf\":{\"@id\":\"https:\/\/www.acps-automotive.com\/es\/#website\"},\"primaryImageOfPage\":{\"@id\":\"https:\/\/www.acps-automotive.com\/es\/localizaciones\/kecskemet-hungria\/#primaryimage\"},\"image\":{\"@id\":\"https:\/\/www.acps-automotive.com\/es\/localizaciones\/kecskemet-hungria\/#primaryimage\"},\"thumbnailUrl\":\"https:\/\/www.acps-automotive.com\/wp-content\/uploads\/_media\/_allgemein\/pfeil-text-einleitung.png\",\"datePublished\":\"2025-12-19T15:11:06+00:00\",\"dateModified\":\"2026-03-06T12:54:44+00:00\",\"description\":\"ACPS Automotive es l\u00edder del mercado y l\u00edder tecnol\u00f3gico en dispositivos de remolque para turismos, SUV y furgonetas con la marca \u2605ORIS\u2605.\",\"breadcrumb\":{\"@id\":\"https:\/\/www.acps-automotive.com\/es\/localizaciones\/kecskemet-hungria\/#breadcrumb\"},\"inLanguage\":\"es\",\"potentialAction\":[{\"@type\":\"ReadAction\",\"target\":[\"https:\/\/www.acps-automotive.com\/es\/localizaciones\/kecskemet-hungria\/\"]}]},{\"@type\":\"ImageObject\",\"inLanguage\":\"es\",\"@id\":\"https:\/\/www.acps-automotive.com\/es\/localizaciones\/kecskemet-hungria\/#primaryimage\",\"url\":\"https:\/\/www.acps-automotive.com\/wp-content\/uploads\/_media\/_allgemein\/pfeil-text-einleitung.png\",\"contentUrl\":\"https:\/\/www.acps-automotive.com\/wp-content\/uploads\/_media\/_allgemein\/pfeil-text-einleitung.png\"},{\"@type\":\"BreadcrumbList\",\"@id\":\"https:\/\/www.acps-automotive.com\/es\/localizaciones\/kecskemet-hungria\/#breadcrumb\",\"itemListElement\":[{\"@type\":\"ListItem\",\"position\":1,\"name\":\"Startseite\",\"item\":\"https:\/\/www.acps-automotive.com\/es\/\"},{\"@type\":\"ListItem\",\"position\":2,\"name\":\"Nuestra presencia\",\"item\":\"https:\/\/www.acps-automotive.com\/es\/localizaciones\/\"},{\"@type\":\"ListItem\",\"position\":3,\"name\":\"Kecskem\u00e9t \/ Hungr\u00eda\"}]},{\"@type\":\"WebSite\",\"@id\":\"https:\/\/www.acps-automotive.com\/es\/#website\",\"url\":\"https:\/\/www.acps-automotive.com\/es\/\",\"name\":\"ACPS Automotive GmbH\",\"description\":\"Innovative Anh\u00e4ngekupplungen\",\"publisher\":{\"@id\":\"https:\/\/www.acps-automotive.com\/es\/#organization\"},\"potentialAction\":[{\"@type\":\"SearchAction\",\"target\":{\"@type\":\"EntryPoint\",\"urlTemplate\":\"https:\/\/www.acps-automotive.com\/es\/?s={search_term_string}\"},\"query-input\":{\"@type\":\"PropertyValueSpecification\",\"valueRequired\":true,\"valueName\":\"search_term_string\"}}],\"inLanguage\":\"es\"},{\"@type\":\"Organization\",\"@id\":\"https:\/\/www.acps-automotive.com\/es\/#organization\",\"name\":\"ACPS Automotive GmbH\",\"url\":\"https:\/\/www.acps-automotive.com\/es\/\",\"logo\":{\"@type\":\"ImageObject\",\"inLanguage\":\"es\",\"@id\":\"https:\/\/www.acps-automotive.com\/es\/#\/schema\/logo\/image\/\",\"url\":\"https:\/\/www.acps-automotive.com\/wp-content\/uploads\/_media\/_allgemein\/Logo-Footer-ACPS-Automotive.png\",\"contentUrl\":\"https:\/\/www.acps-automotive.com\/wp-content\/uploads\/_media\/_allgemein\/Logo-Footer-ACPS-Automotive.png\",\"width\":239,\"height\":32,\"caption\":\"ACPS Automotive GmbH\"},\"image\":{\"@id\":\"https:\/\/www.acps-automotive.com\/es\/#\/schema\/logo\/image\/\"},\"sameAs\":[\"https:\/\/x.com\/ACPS_Automotive\",\"https:\/\/www.linkedin.com\/company\/acps-automotive-gmbh\/\",\"https:\/\/www.instagram.com\/acps_ausbildung\/\",\"https:\/\/www.youtube.com\/channel\/UC2jxrgWwpxpkay2aHWV5SaQ\"]}]}<\/script>\n<!-- \/ Yoast SEO plugin. -->","yoast_head_json":{"title":"Kecskem\u00e9t | ACPS Automotive","description":"ACPS Automotive es l\u00edder del mercado y l\u00edder tecnol\u00f3gico en dispositivos de remolque para turismos, SUV y furgonetas con la marca \u2605ORIS\u2605.","robots":{"index":"index","follow":"follow","max-snippet":"max-snippet:-1","max-image-preview":"max-image-preview:large","max-video-preview":"max-video-preview:-1"},"canonical":"https:\/\/www.acps-automotive.com\/es\/localizaciones\/kecskemet-hungria\/","og_locale":"es_ES","og_type":"article","og_title":"Kecskem\u00e9t | ACPS Automotive","og_description":"ACPS Automotive es l\u00edder del mercado y l\u00edder tecnol\u00f3gico en dispositivos de remolque para turismos, SUV y furgonetas con la marca \u2605ORIS\u2605.","og_url":"https:\/\/www.acps-automotive.com\/es\/localizaciones\/kecskemet-hungria\/","og_site_name":"ACPS Automotive GmbH","article_modified_time":"2026-03-06T12:54:44+00:00","og_image":[{"url":"https:\/\/www.acps-automotive.com\/wp-content\/uploads\/_media\/_allgemein\/pfeil-text-einleitung.png","type":"","width":"","height":""}],"twitter_card":"summary_large_image","twitter_site":"@ACPS_Automotive","twitter_misc":{"Tiempo de lectura":"2 minutos"},"schema":{"@context":"https:\/\/schema.org","@graph":[{"@type":"WebPage","@id":"https:\/\/www.acps-automotive.com\/es\/localizaciones\/kecskemet-hungria\/","url":"https:\/\/www.acps-automotive.com\/es\/localizaciones\/kecskemet-hungria\/","name":"Kecskem\u00e9t | ACPS Automotive","isPartOf":{"@id":"https:\/\/www.acps-automotive.com\/es\/#website"},"primaryImageOfPage":{"@id":"https:\/\/www.acps-automotive.com\/es\/localizaciones\/kecskemet-hungria\/#primaryimage"},"image":{"@id":"https:\/\/www.acps-automotive.com\/es\/localizaciones\/kecskemet-hungria\/#primaryimage"},"thumbnailUrl":"https:\/\/www.acps-automotive.com\/wp-content\/uploads\/_media\/_allgemein\/pfeil-text-einleitung.png","datePublished":"2025-12-19T15:11:06+00:00","dateModified":"2026-03-06T12:54:44+00:00","description":"ACPS Automotive es l\u00edder del mercado y l\u00edder tecnol\u00f3gico en dispositivos de remolque para turismos, SUV y furgonetas con la marca \u2605ORIS\u2605.","breadcrumb":{"@id":"https:\/\/www.acps-automotive.com\/es\/localizaciones\/kecskemet-hungria\/#breadcrumb"},"inLanguage":"es","potentialAction":[{"@type":"ReadAction","target":["https:\/\/www.acps-automotive.com\/es\/localizaciones\/kecskemet-hungria\/"]}]},{"@type":"ImageObject","inLanguage":"es","@id":"https:\/\/www.acps-automotive.com\/es\/localizaciones\/kecskemet-hungria\/#primaryimage","url":"https:\/\/www.acps-automotive.com\/wp-content\/uploads\/_media\/_allgemein\/pfeil-text-einleitung.png","contentUrl":"https:\/\/www.acps-automotive.com\/wp-content\/uploads\/_media\/_allgemein\/pfeil-text-einleitung.png"},{"@type":"BreadcrumbList","@id":"https:\/\/www.acps-automotive.com\/es\/localizaciones\/kecskemet-hungria\/#breadcrumb","itemListElement":[{"@type":"ListItem","position":1,"name":"Startseite","item":"https:\/\/www.acps-automotive.com\/es\/"},{"@type":"ListItem","position":2,"name":"Nuestra presencia","item":"https:\/\/www.acps-automotive.com\/es\/localizaciones\/"},{"@type":"ListItem","position":3,"name":"Kecskem\u00e9t \/ Hungr\u00eda"}]},{"@type":"WebSite","@id":"https:\/\/www.acps-automotive.com\/es\/#website","url":"https:\/\/www.acps-automotive.com\/es\/","name":"ACPS Automotive GmbH","description":"Innovative Anh\u00e4ngekupplungen","publisher":{"@id":"https:\/\/www.acps-automotive.com\/es\/#organization"},"potentialAction":[{"@type":"SearchAction","target":{"@type":"EntryPoint","urlTemplate":"https:\/\/www.acps-automotive.com\/es\/?s={search_term_string}"},"query-input":{"@type":"PropertyValueSpecification","valueRequired":true,"valueName":"search_term_string"}}],"inLanguage":"es"},{"@type":"Organization","@id":"https:\/\/www.acps-automotive.com\/es\/#organization","name":"ACPS Automotive GmbH","url":"https:\/\/www.acps-automotive.com\/es\/","logo":{"@type":"ImageObject","inLanguage":"es","@id":"https:\/\/www.acps-automotive.com\/es\/#\/schema\/logo\/image\/","url":"https:\/\/www.acps-automotive.com\/wp-content\/uploads\/_media\/_allgemein\/Logo-Footer-ACPS-Automotive.png","contentUrl":"https:\/\/www.acps-automotive.com\/wp-content\/uploads\/_media\/_allgemein\/Logo-Footer-ACPS-Automotive.png","width":239,"height":32,"caption":"ACPS Automotive GmbH"},"image":{"@id":"https:\/\/www.acps-automotive.com\/es\/#\/schema\/logo\/image\/"},"sameAs":["https:\/\/x.com\/ACPS_Automotive","https:\/\/www.linkedin.com\/company\/acps-automotive-gmbh\/","https:\/\/www.instagram.com\/acps_ausbildung\/","https:\/\/www.youtube.com\/channel\/UC2jxrgWwpxpkay2aHWV5SaQ"]}]}},"_links":{"self":[{"href":"https:\/\/www.acps-automotive.com\/es\/wp-json\/wp\/v2\/pages\/27217","targetHints":{"allow":["GET"]}}],"collection":[{"href":"https:\/\/www.acps-automotive.com\/es\/wp-json\/wp\/v2\/pages"}],"about":[{"href":"https:\/\/www.acps-automotive.com\/es\/wp-json\/wp\/v2\/types\/page"}],"author":[{"embeddable":true,"href":"https:\/\/www.acps-automotive.com\/es\/wp-json\/wp\/v2\/users\/8"}],"replies":[{"embeddable":true,"href":"https:\/\/www.acps-automotive.com\/es\/wp-json\/wp\/v2\/comments?post=27217"}],"version-history":[{"count":2,"href":"https:\/\/www.acps-automotive.com\/es\/wp-json\/wp\/v2\/pages\/27217\/revisions"}],"predecessor-version":[{"id":27289,"href":"https:\/\/www.acps-automotive.com\/es\/wp-json\/wp\/v2\/pages\/27217\/revisions\/27289"}],"up":[{"embeddable":true,"href":"https:\/\/www.acps-automotive.com\/es\/wp-json\/wp\/v2\/pages\/28082"}],"wp:attachment":[{"href":"https:\/\/www.acps-automotive.com\/es\/wp-json\/wp\/v2\/media?parent=27217"}],"curies":[{"name":"wp","href":"https:\/\/api.w.org\/{rel}","templated":true}]}}