{"id":27210,"date":"2025-12-19T16:08:11","date_gmt":"2025-12-19T15:08:11","guid":{"rendered":"https:\/\/www.acps-automotive.com\/?page_id=27210"},"modified":"2026-03-06T13:54:24","modified_gmt":"2026-03-06T12:54:24","slug":"ingersheim-alemania","status":"publish","type":"page","link":"https:\/\/www.acps-automotive.com\/es\/localizaciones\/ingersheim-alemania\/","title":{"rendered":"Ingersheim \/ Alemania"},"content":{"rendered":"<div class=\"vgblk-rw-wrapper limit-wrapper\">\n\n\t<h1><strong>Ingersheim<\/strong><br \/>\nAlemania<\/h1>\n\t<img loading=\"lazy\" decoding=\"async\" src=\"https:\/\/www.acps-automotive.com\/wp-content\/uploads\/_media\/_allgemein\/pfeil-text-einleitung.png\" alt=\"Pfeil Text Einleitung\" width=\"46\" height=\"69\" \/><br \/>\nACPS Automotive GmbH<br \/>\nSede central de la empresa\n\t<h3>De Ingersheim al mundo<\/h3>\n<p>ACPS Automotive se fund\u00f3 en 1955 en Stuttgart con el nombre de ORIS. Gracias a su esp\u00edritu pionero y su capacidad de innovaci\u00f3n, la empresa se ha convertido en l\u00edder mundial del mercado y la tecnolog\u00eda en la producci\u00f3n de dispositivos de remolque.<\/p>\n<p>Desde 2020, nuestra sede central se encuentra en Ingersheim, en la regi\u00f3n suaba. As\u00ed, desde su fundaci\u00f3n, nuestra sede central se encuentra en el \u00e1rea metropolitana de Stuttgart, una de las regiones automovil\u00edsticas m\u00e1s tradicionales e importantes del mundo.<\/p>\n<p>M\u00e1s de 200 personas trabajan en la sede central, donde se concentran todas las funciones comerciales y las \u00e1reas centrales de la empresa, como ventas, mercadotecnia, gesti\u00f3n de proyectos, asuntos legales, recursos humanos, inform\u00e1tica y finanzas.<\/p>\n\t<h4><strong>Centro de competencia\u00a0<\/strong><br \/>\npara dispositivos de remolque<\/h4>\n<p>El centro de desarrollo, con las \u00e1reas de investigaci\u00f3n y desarrollo, construcci\u00f3n de prototipos, pruebas de seguridad y control de calidad, tambi\u00e9n tiene su sede en Ingersheim. Aqu\u00ed, como l\u00edderes tecnol\u00f3gicos a nivel mundial, desarrollamos la mayor parte de nuestros productos, que se comercializan bajo la marca ORIS para la industria automotriz internacional en el mercado de equipos originales y accesorios para reequipamiento.<\/p>\n\t<h4><strong>Socio de la industria automotriz\u00a0<\/strong><br \/>\nMarcado por el avance t\u00e9cnico<\/h4>\n<p>Desde hace aproximadamente 70 a\u00f1os, como fabricante innovador y socio de la industria automotriz, creamos un valor agregado sostenible para nuestros clientes, socios comerciales y empleados.<\/p>\n<p>ACPS Automotive sigue caracteriz\u00e1ndose hoy en d\u00eda por sus innovaciones y avances tecnol\u00f3gicos en el \u00e1mbito de los dispositivos de remolque. Nuestros productos proporcionan una conexi\u00f3n especialmente segura y c\u00f3moda entre el veh\u00edculo y el remolque o el portacargas y, adem\u00e1s de los motores de combusti\u00f3n cl\u00e1sicos, tambi\u00e9n son ideales para los nuevos tipos de propulsi\u00f3n, como los el\u00e9ctricos e h\u00edbridos. En nuestras plantas de producci\u00f3n nacionales e internacionales fabricamos cada a\u00f1o m\u00e1s de 2 millones de dispositivos de remolque.<\/p>\n\t<h4><strong>En casa en todo el mundo <\/strong><br \/>\nL\u00edder del mercado<\/h4>\n<p>Desde nuestra sede central en Ingersheim, como l\u00edderes del mercado, atendemos a todas las ubicaciones nacionales e internacionales. Nuestras plantas de producci\u00f3n tambi\u00e9n est\u00e1n presentes en las regiones automotrices y de proveedores automotrices de los respectivos pa\u00edses.<\/p>\n<p>Gracias a nuestras estructuras \u00e1giles y jerarqu\u00edas planas, nuestra empresa est\u00e1 especialmente preparada para competir a nivel mundial con gran agilidad y flexibilidad. Estas son las condiciones ideales para llevar a cabo una expansi\u00f3n exitosa. En la sede central de la empresa, los especialistas desarrollan estrategias complejas que identifican nuevos mercados y los explotan de forma sostenible. Para activar continuamente este esp\u00edritu pionero con nuevos impulsos, se necesita un equipo competente y motivado. Solo as\u00ed se pueden implementar innovaciones e intensificar y ampliar nuestras asociaciones con los principales fabricantes de autom\u00f3viles.<\/p>\n\t<p><img loading=\"lazy\" decoding=\"async\" src=\"https:\/\/www.acps-automotive.com\/wp-content\/uploads\/_media\/standorte\/ingersheim\/produktion.jpg\" alt=\"Produktion\" width=\"650\" height=\"400\" \/><\/p>\n\t<p><img loading=\"lazy\" decoding=\"async\" src=\"https:\/\/www.acps-automotive.com\/wp-content\/uploads\/_media\/unternehmen\/ueber-uns\/michael-weiss.jpg\" alt=\"Michael Weiss \" width=\"650\" height=\"400\" \/><\/p>\n\t<p>\u00abEn la sede central de Ingersheim, empleados de 20 nacionalidades diferentes trabajan juntos con gran \u00e9xito. Nuestro entorno de trabajo multicultural fomenta la innovaci\u00f3n y la creatividad en el principal centro de desarrollo. Valores que tambi\u00e9n nos har\u00e1n triunfar a nivel internacional en el futuro\u00bb.<\/p>\n<p>Michael Weiss, Chief Executive Officer y Gerente General, ACPS Automotive<\/p>\n\n<\/div><!-- .vgblk-rw-wrapper -->","protected":false},"excerpt":{"rendered":"<p>Ingersheim Alemania ACPS Automotive GmbH Sede central de la empresa De Ingersheim al mundo ACPS Automotive se fund\u00f3 en 1955 en Stuttgart con el nombre de ORIS. Gracias a su esp\u00edritu pionero y su capacidad de innovaci\u00f3n, la empresa se ha convertido en l\u00edder mundial del mercado y la tecnolog\u00eda en la producci\u00f3n de dispositivos&#8230;<\/p>\n","protected":false},"author":8,"featured_media":0,"parent":28082,"menu_order":0,"comment_status":"closed","ping_status":"closed","template":"","meta":{"inline_featured_image":false,"_price":"","_stock":"","_tribe_ticket_header":"","_tribe_default_ticket_provider":"","_tribe_ticket_capacity":"0","_ticket_start_date":"","_ticket_end_date":"","_tribe_ticket_show_description":"","_tribe_ticket_show_not_going":false,"_tribe_ticket_use_global_stock":"","_tribe_ticket_global_stock_level":"","_global_stock_mode":"","_global_stock_cap":"","_tribe_rsvp_for_event":"","_tribe_ticket_going_count":"","_tribe_ticket_not_going_count":"","_tribe_tickets_list":"[]","_tribe_ticket_has_attendee_info_fields":false,"footnotes":""},"class_list":["post-27210","page","type-page","status-publish","hentry"],"yoast_head":"<!-- This site is optimized with the Yoast SEO plugin v27.2 - https:\/\/yoast.com\/product\/yoast-seo-wordpress\/ -->\n<title>Ingersheim \/ Alemania | ACPS Automotive<\/title>\n<meta name=\"description\" content=\"ACPS Automotive es l\u00edder del mercado y l\u00edder tecnol\u00f3gico en dispositivos de remolque para turismos, SUV y furgonetas con la marca \u2605ORIS\u2605.\" \/>\n<meta name=\"robots\" content=\"index, follow, max-snippet:-1, max-image-preview:large, max-video-preview:-1\" \/>\n<link rel=\"canonical\" href=\"https:\/\/www.acps-automotive.com\/es\/localizaciones\/ingersheim-alemania\/\" \/>\n<meta property=\"og:locale\" content=\"es_ES\" \/>\n<meta property=\"og:type\" content=\"article\" \/>\n<meta property=\"og:title\" content=\"Ingersheim \/ Alemania | ACPS Automotive\" \/>\n<meta property=\"og:description\" content=\"ACPS Automotive es l\u00edder del mercado y l\u00edder tecnol\u00f3gico en dispositivos de remolque para turismos, SUV y furgonetas con la marca \u2605ORIS\u2605.\" \/>\n<meta property=\"og:url\" content=\"https:\/\/www.acps-automotive.com\/es\/localizaciones\/ingersheim-alemania\/\" \/>\n<meta property=\"og:site_name\" content=\"ACPS Automotive GmbH\" \/>\n<meta property=\"article:modified_time\" content=\"2026-03-06T12:54:24+00:00\" \/>\n<meta property=\"og:image\" content=\"https:\/\/www.acps-automotive.com\/wp-content\/uploads\/_media\/_allgemein\/pfeil-text-einleitung.png\" \/>\n<meta name=\"twitter:card\" content=\"summary_large_image\" \/>\n<meta name=\"twitter:site\" content=\"@ACPS_Automotive\" \/>\n<meta name=\"twitter:label1\" content=\"Tiempo de lectura\" \/>\n\t<meta name=\"twitter:data1\" content=\"3 minutos\" \/>\n<script type=\"application\/ld+json\" class=\"yoast-schema-graph\">{\"@context\":\"https:\/\/schema.org\",\"@graph\":[{\"@type\":\"WebPage\",\"@id\":\"https:\/\/www.acps-automotive.com\/es\/localizaciones\/ingersheim-alemania\/\",\"url\":\"https:\/\/www.acps-automotive.com\/es\/localizaciones\/ingersheim-alemania\/\",\"name\":\"Ingersheim \/ Alemania | ACPS Automotive\",\"isPartOf\":{\"@id\":\"https:\/\/www.acps-automotive.com\/es\/#website\"},\"primaryImageOfPage\":{\"@id\":\"https:\/\/www.acps-automotive.com\/es\/localizaciones\/ingersheim-alemania\/#primaryimage\"},\"image\":{\"@id\":\"https:\/\/www.acps-automotive.com\/es\/localizaciones\/ingersheim-alemania\/#primaryimage\"},\"thumbnailUrl\":\"https:\/\/www.acps-automotive.com\/wp-content\/uploads\/_media\/_allgemein\/pfeil-text-einleitung.png\",\"datePublished\":\"2025-12-19T15:08:11+00:00\",\"dateModified\":\"2026-03-06T12:54:24+00:00\",\"description\":\"ACPS Automotive es l\u00edder del mercado y l\u00edder tecnol\u00f3gico en dispositivos de remolque para turismos, SUV y furgonetas con la marca \u2605ORIS\u2605.\",\"breadcrumb\":{\"@id\":\"https:\/\/www.acps-automotive.com\/es\/localizaciones\/ingersheim-alemania\/#breadcrumb\"},\"inLanguage\":\"es\",\"potentialAction\":[{\"@type\":\"ReadAction\",\"target\":[\"https:\/\/www.acps-automotive.com\/es\/localizaciones\/ingersheim-alemania\/\"]}]},{\"@type\":\"ImageObject\",\"inLanguage\":\"es\",\"@id\":\"https:\/\/www.acps-automotive.com\/es\/localizaciones\/ingersheim-alemania\/#primaryimage\",\"url\":\"https:\/\/www.acps-automotive.com\/wp-content\/uploads\/_media\/_allgemein\/pfeil-text-einleitung.png\",\"contentUrl\":\"https:\/\/www.acps-automotive.com\/wp-content\/uploads\/_media\/_allgemein\/pfeil-text-einleitung.png\"},{\"@type\":\"BreadcrumbList\",\"@id\":\"https:\/\/www.acps-automotive.com\/es\/localizaciones\/ingersheim-alemania\/#breadcrumb\",\"itemListElement\":[{\"@type\":\"ListItem\",\"position\":1,\"name\":\"Startseite\",\"item\":\"https:\/\/www.acps-automotive.com\/es\/\"},{\"@type\":\"ListItem\",\"position\":2,\"name\":\"Nuestra presencia\",\"item\":\"https:\/\/www.acps-automotive.com\/es\/localizaciones\/\"},{\"@type\":\"ListItem\",\"position\":3,\"name\":\"Ingersheim \/ Alemania\"}]},{\"@type\":\"WebSite\",\"@id\":\"https:\/\/www.acps-automotive.com\/es\/#website\",\"url\":\"https:\/\/www.acps-automotive.com\/es\/\",\"name\":\"ACPS Automotive GmbH\",\"description\":\"Innovative Anh\u00e4ngekupplungen\",\"publisher\":{\"@id\":\"https:\/\/www.acps-automotive.com\/es\/#organization\"},\"potentialAction\":[{\"@type\":\"SearchAction\",\"target\":{\"@type\":\"EntryPoint\",\"urlTemplate\":\"https:\/\/www.acps-automotive.com\/es\/?s={search_term_string}\"},\"query-input\":{\"@type\":\"PropertyValueSpecification\",\"valueRequired\":true,\"valueName\":\"search_term_string\"}}],\"inLanguage\":\"es\"},{\"@type\":\"Organization\",\"@id\":\"https:\/\/www.acps-automotive.com\/es\/#organization\",\"name\":\"ACPS Automotive GmbH\",\"url\":\"https:\/\/www.acps-automotive.com\/es\/\",\"logo\":{\"@type\":\"ImageObject\",\"inLanguage\":\"es\",\"@id\":\"https:\/\/www.acps-automotive.com\/es\/#\/schema\/logo\/image\/\",\"url\":\"https:\/\/www.acps-automotive.com\/wp-content\/uploads\/_media\/_allgemein\/Logo-Footer-ACPS-Automotive.png\",\"contentUrl\":\"https:\/\/www.acps-automotive.com\/wp-content\/uploads\/_media\/_allgemein\/Logo-Footer-ACPS-Automotive.png\",\"width\":239,\"height\":32,\"caption\":\"ACPS Automotive GmbH\"},\"image\":{\"@id\":\"https:\/\/www.acps-automotive.com\/es\/#\/schema\/logo\/image\/\"},\"sameAs\":[\"https:\/\/x.com\/ACPS_Automotive\",\"https:\/\/www.linkedin.com\/company\/acps-automotive-gmbh\/\",\"https:\/\/www.instagram.com\/acps_ausbildung\/\",\"https:\/\/www.youtube.com\/channel\/UC2jxrgWwpxpkay2aHWV5SaQ\"]}]}<\/script>\n<!-- \/ Yoast SEO plugin. -->","yoast_head_json":{"title":"Ingersheim \/ Alemania | ACPS Automotive","description":"ACPS Automotive es l\u00edder del mercado y l\u00edder tecnol\u00f3gico en dispositivos de remolque para turismos, SUV y furgonetas con la marca \u2605ORIS\u2605.","robots":{"index":"index","follow":"follow","max-snippet":"max-snippet:-1","max-image-preview":"max-image-preview:large","max-video-preview":"max-video-preview:-1"},"canonical":"https:\/\/www.acps-automotive.com\/es\/localizaciones\/ingersheim-alemania\/","og_locale":"es_ES","og_type":"article","og_title":"Ingersheim \/ Alemania | ACPS Automotive","og_description":"ACPS Automotive es l\u00edder del mercado y l\u00edder tecnol\u00f3gico en dispositivos de remolque para turismos, SUV y furgonetas con la marca \u2605ORIS\u2605.","og_url":"https:\/\/www.acps-automotive.com\/es\/localizaciones\/ingersheim-alemania\/","og_site_name":"ACPS Automotive GmbH","article_modified_time":"2026-03-06T12:54:24+00:00","og_image":[{"url":"https:\/\/www.acps-automotive.com\/wp-content\/uploads\/_media\/_allgemein\/pfeil-text-einleitung.png","type":"","width":"","height":""}],"twitter_card":"summary_large_image","twitter_site":"@ACPS_Automotive","twitter_misc":{"Tiempo de lectura":"3 minutos"},"schema":{"@context":"https:\/\/schema.org","@graph":[{"@type":"WebPage","@id":"https:\/\/www.acps-automotive.com\/es\/localizaciones\/ingersheim-alemania\/","url":"https:\/\/www.acps-automotive.com\/es\/localizaciones\/ingersheim-alemania\/","name":"Ingersheim \/ Alemania | ACPS Automotive","isPartOf":{"@id":"https:\/\/www.acps-automotive.com\/es\/#website"},"primaryImageOfPage":{"@id":"https:\/\/www.acps-automotive.com\/es\/localizaciones\/ingersheim-alemania\/#primaryimage"},"image":{"@id":"https:\/\/www.acps-automotive.com\/es\/localizaciones\/ingersheim-alemania\/#primaryimage"},"thumbnailUrl":"https:\/\/www.acps-automotive.com\/wp-content\/uploads\/_media\/_allgemein\/pfeil-text-einleitung.png","datePublished":"2025-12-19T15:08:11+00:00","dateModified":"2026-03-06T12:54:24+00:00","description":"ACPS Automotive es l\u00edder del mercado y l\u00edder tecnol\u00f3gico en dispositivos de remolque para turismos, SUV y furgonetas con la marca \u2605ORIS\u2605.","breadcrumb":{"@id":"https:\/\/www.acps-automotive.com\/es\/localizaciones\/ingersheim-alemania\/#breadcrumb"},"inLanguage":"es","potentialAction":[{"@type":"ReadAction","target":["https:\/\/www.acps-automotive.com\/es\/localizaciones\/ingersheim-alemania\/"]}]},{"@type":"ImageObject","inLanguage":"es","@id":"https:\/\/www.acps-automotive.com\/es\/localizaciones\/ingersheim-alemania\/#primaryimage","url":"https:\/\/www.acps-automotive.com\/wp-content\/uploads\/_media\/_allgemein\/pfeil-text-einleitung.png","contentUrl":"https:\/\/www.acps-automotive.com\/wp-content\/uploads\/_media\/_allgemein\/pfeil-text-einleitung.png"},{"@type":"BreadcrumbList","@id":"https:\/\/www.acps-automotive.com\/es\/localizaciones\/ingersheim-alemania\/#breadcrumb","itemListElement":[{"@type":"ListItem","position":1,"name":"Startseite","item":"https:\/\/www.acps-automotive.com\/es\/"},{"@type":"ListItem","position":2,"name":"Nuestra presencia","item":"https:\/\/www.acps-automotive.com\/es\/localizaciones\/"},{"@type":"ListItem","position":3,"name":"Ingersheim \/ Alemania"}]},{"@type":"WebSite","@id":"https:\/\/www.acps-automotive.com\/es\/#website","url":"https:\/\/www.acps-automotive.com\/es\/","name":"ACPS Automotive GmbH","description":"Innovative Anh\u00e4ngekupplungen","publisher":{"@id":"https:\/\/www.acps-automotive.com\/es\/#organization"},"potentialAction":[{"@type":"SearchAction","target":{"@type":"EntryPoint","urlTemplate":"https:\/\/www.acps-automotive.com\/es\/?s={search_term_string}"},"query-input":{"@type":"PropertyValueSpecification","valueRequired":true,"valueName":"search_term_string"}}],"inLanguage":"es"},{"@type":"Organization","@id":"https:\/\/www.acps-automotive.com\/es\/#organization","name":"ACPS Automotive GmbH","url":"https:\/\/www.acps-automotive.com\/es\/","logo":{"@type":"ImageObject","inLanguage":"es","@id":"https:\/\/www.acps-automotive.com\/es\/#\/schema\/logo\/image\/","url":"https:\/\/www.acps-automotive.com\/wp-content\/uploads\/_media\/_allgemein\/Logo-Footer-ACPS-Automotive.png","contentUrl":"https:\/\/www.acps-automotive.com\/wp-content\/uploads\/_media\/_allgemein\/Logo-Footer-ACPS-Automotive.png","width":239,"height":32,"caption":"ACPS Automotive GmbH"},"image":{"@id":"https:\/\/www.acps-automotive.com\/es\/#\/schema\/logo\/image\/"},"sameAs":["https:\/\/x.com\/ACPS_Automotive","https:\/\/www.linkedin.com\/company\/acps-automotive-gmbh\/","https:\/\/www.instagram.com\/acps_ausbildung\/","https:\/\/www.youtube.com\/channel\/UC2jxrgWwpxpkay2aHWV5SaQ"]}]}},"_links":{"self":[{"href":"https:\/\/www.acps-automotive.com\/es\/wp-json\/wp\/v2\/pages\/27210","targetHints":{"allow":["GET"]}}],"collection":[{"href":"https:\/\/www.acps-automotive.com\/es\/wp-json\/wp\/v2\/pages"}],"about":[{"href":"https:\/\/www.acps-automotive.com\/es\/wp-json\/wp\/v2\/types\/page"}],"author":[{"embeddable":true,"href":"https:\/\/www.acps-automotive.com\/es\/wp-json\/wp\/v2\/users\/8"}],"replies":[{"embeddable":true,"href":"https:\/\/www.acps-automotive.com\/es\/wp-json\/wp\/v2\/comments?post=27210"}],"version-history":[{"count":4,"href":"https:\/\/www.acps-automotive.com\/es\/wp-json\/wp\/v2\/pages\/27210\/revisions"}],"predecessor-version":[{"id":27969,"href":"https:\/\/www.acps-automotive.com\/es\/wp-json\/wp\/v2\/pages\/27210\/revisions\/27969"}],"up":[{"embeddable":true,"href":"https:\/\/www.acps-automotive.com\/es\/wp-json\/wp\/v2\/pages\/28082"}],"wp:attachment":[{"href":"https:\/\/www.acps-automotive.com\/es\/wp-json\/wp\/v2\/media?parent=27210"}],"curies":[{"name":"wp","href":"https:\/\/api.w.org\/{rel}","templated":true}]}}