{"id":27202,"date":"2025-12-08T08:33:47","date_gmt":"2025-12-08T07:33:47","guid":{"rendered":"https:\/\/www.acps-automotive.com\/?page_id=27202"},"modified":"2026-03-05T17:05:28","modified_gmt":"2026-03-05T16:05:28","slug":"prensa","status":"publish","type":"page","link":"https:\/\/www.acps-automotive.com\/es\/empresa\/prensa\/","title":{"rendered":"Prensa"},"content":{"rendered":"<div class=\"vgblk-rw-wrapper limit-wrapper\">\n\n\t<h1><strong>Prensa<\/strong><br \/>\nNoticias<\/h1>\n\t<img loading=\"lazy\" decoding=\"async\" src=\"https:\/\/www.acps-automotive.com\/wp-content\/uploads\/_media\/_allgemein\/pfeil-text-einleitung.png\" alt=\"Pfeil Text Einleitung\" width=\"46\" height=\"69\" \/><br \/>\nAqu\u00ed encontrar\u00e1 todos los comunicados de prensa de ACPS Automotive en formato PDF o ZIP (im\u00e1genes y archivo Word) para descargar.\n\t<h3><strong>01\/08\/2024<\/strong> | Nuevo director general en ACPS Automotive, l\u00edder del mercado y la tecnolog\u00eda en dispositivos de remolque<\/h3>\n<p><strong>Hay un cambio en la direcci\u00f3n de ACPS Automotive: el director general Caspar Baumhauer deja el cargo tras seis a\u00f1os y Michael Weiss toma el relevo.<\/strong><\/p>\n\t<p><a href=\"\/es\/empresa\/prensa\/nuevo-director-general-en-acps-automotive-lider-del-mercado-y-la-tecnologia-en-dispositivos-de-remolque\/\" rel=\"noopener\">Ir al comunicado de prensa<\/a><\/p>\n\t<h3><strong>08\/04\/2024<\/strong> | ACPS Automotive refuerza su presencia global con la creaci\u00f3n de Oris Automotive Systems (Kunshan) Ltd. en China<\/h3>\n<p><strong>El 18 de marzo de 2024, ACPS Automotive dio un paso importante con la creaci\u00f3n de la empresa Oris Automotive Systems (Kunshan) Ltd. para garantizar un inicio fluido de la producci\u00f3n a partir de 2025 en su nueva planta china.<\/strong><\/p>\n\t<p><a href=\"\/es\/empresa\/prensa\/fundacion-oris-automotive-systems-kunshan-en-china\/\" rel=\"noopener\">Ir al comunicado de prensa<\/a><\/p>\n\t<h3><strong>25\/10\/2023<\/strong> | Comienzo en el mercado posventa norteamericano<\/h3>\n<p><strong>Receptores giratorios y extra\u00edbles: ACPS Automotive lleva la tecnolog\u00eda ORIS de primera calidad al mercado de repuestos de Norteam\u00e9rica.<\/strong><\/p>\n\t<p><a href=\"\/es\/empresa\/prensa\/comienzo-en-el-mercado-posventa-norteamericano\/&quot;\" rel=\"noopener\">Ir al comunicado de prensa<\/a><\/p>\n\t<h3><strong>18\/04\/2023<\/strong> | ACPS Automotive apuesta por el crecimiento en Asia: inaugura una nueva sede en Shangh\u00e1i<\/h3>\n<p><strong>ACPS Automotive, l\u00edder del mercado europeo y actor global en el sector de los dispositivos de remolque para autom\u00f3viles, SUV y furgonetas, ampl\u00eda su presencia en Asia y celebra el 18 de abril la inauguraci\u00f3n oficial de su centro de distribuci\u00f3n y desarrollo en el distrito chino de Pudong, en Shangh\u00e1i.<\/strong><\/p>\n\t<p><a href=\"\/es\/empresa\/prensa\/nueva-ubicacion-shanghai\/\" rel=\"noopener\">Ir al comunicado de prensa<\/a><\/p>\n\t<h3><strong>07\/03\/2023<\/strong> | Las carreteras europeas est\u00e1n listas para el nuevo SUV el\u00e9ctrico G9 de XPENG, equipado con un enganche para remolque totalmente el\u00e9ctrico de ACPS Automotive.<\/h3>\n<p><strong>Con el nuevo SUV, ya no habr\u00e1 problemas para remolcar y transportar cargas pesadas.<\/strong><\/p>\n\t<p><a href=\"\/es\/empresa\/prensa\/suv-electrico-g9\/\" rel=\"noopener\">Ir al comunicado de prensa<\/a><\/p>\n\t<h3><strong>14\/02\/2023<\/strong> | ACPS Automotive abre una sede en China<\/h3>\n<p><strong>ACPS Automotive se expande a Asia. En febrero, el l\u00edder del mercado y la tecnolog\u00eda en dispositivos de remolque para autom\u00f3viles, SUV y furgonetas abri\u00f3 una sede de ventas y desarrollo en el distrito de Pudong, en Shangh\u00e1i (China). Se trata de un paso importante para fortalecer y ampliar los contactos comerciales ya existentes en China. \u00abChina es un mercado estrat\u00e9gico para ACPS Automotive. Muchos de nuestros clientes tienen su sede aqu\u00ed y es importante que estemos presentes en el lugar\u00bb, afirma Caspar Baumhauer, director general de ACPS Automotive.<\/strong><\/p>\n\t<p><a href=\"\/es\/empresa\/prensa\/acps-automotive-abre-una-sede-en-china\/\" rel=\"noopener\">Ir al comunicado de prensa<\/a><\/p>\n\t<h3><strong>22\/09\/2022<\/strong> | La marca premium XPENG equipa su nuevo SUV G9 para el mercado chino con el enganche para remolque totalmente el\u00e9ctrico y giratorio de ACPS Automotive<\/h3>\n<p><strong>El nuevo SUV tambi\u00e9n puede transportar cargas pesadas.<\/strong><\/p>\n\t<p><a href=\"\/es\/empresa\/prensa\/nuevo-suv-g9\/\" rel=\"noopener\">Ir al comunicado de prensa<\/a><\/p>\n\t<h3><strong>05\/09\/2022<\/strong> | 30 a\u00f1os de la planta de producci\u00f3n en St. Egidien<\/h3>\n<p><strong>El l\u00edder del mercado de enganches para remolques celebra su aniversario con una buena causa.<\/strong><\/p>\n\t<p><a href=\"\/es\/empresa\/prensa\/30-anos-de-fabrica-de-produccion\/\" rel=\"noopener\">Ir al comunicado de prensa<\/a><\/p>\n\t<h3><strong>17\/02\/2022<\/strong> | Novedad de producto en ACPS Automotive<\/h3>\n<p><strong>El nuevo sistema ORIS E3 totalmente el\u00e9ctrico y giratorio, ahora disponible al comprar un BMW Serie 2 Active Tourer nuevo con enganche para remolque.<\/strong><\/p>\n\t<p><a href=\"\/es\/empresa\/prensa\/novedad-de-producto-en-acps-automotive\/\" rel=\"noopener\">Ir al comunicado de prensa<\/a><\/p>\n\t<h3><strong>16\/09\/2021<\/strong> | ACPS Automotive se presenta en Motor Bella 2021<\/h3>\n<p><strong>Sistemas de enganche para remolques para fabricantes de autom\u00f3viles estadounidenses, ya que los viajes en coche, el campismo, las bicicletas y las embarcaciones son cada vez m\u00e1s populares. La tecnolog\u00eda \u00fanica de enganche para remolques se integra perfectamente en los veh\u00edculos y garantiza una instalaci\u00f3n sencilla por parte del fabricante y un uso sin complicaciones.<\/strong><\/p>\n\t<p><a href=\"\/es\/empresa\/prensa\/motor-bella-2021\/\" rel=\"noopener\">Ir al comunicado de prensa<\/a><\/p>\n\t<h3><strong>31\/07\/2019<\/strong> | ACPS Automotive inaugura su nueva sede de distribuci\u00f3n y desarrollo en Troy\/Detroit<\/h3>\n<p><strong>El especialista en dispositivos de remolque da un paso m\u00e1s hacia la consecuci\u00f3n de su estrategia de crecimiento.<\/strong><\/p>\n\t<p><a href=\"\/es\/empresa\/prensa\/nueva-ubicacion-troy\/\" rel=\"noopener\">Ir al comunicado de prensa<\/a><\/p>\n\t<h3><strong>02\/07\/2019<\/strong> | Comienzo de las obras de la nueva sede central de ACPS Automotive con centro de desarrollo<\/h3>\n<p><strong>ACPS Automotive celebr\u00f3 hoy junto con el Dr. Christian Su\u00dfner , concejal de Medio Ambiente y Urbanismo de la Oficina del Distrito de Ludwigsburg; Volker Godel, alcalde del municipio de Ingersheim; J\u00fcrgen Kessing, alcalde de la ciudad de Bietigheim-Bissingen; Thomas S. Bopp, presidente de la Asociaci\u00f3n Regional de Stuttgart; empleados, patrocinadores, el constructor Brand Real Estate y el contratista general Goldbeck S\u00fcd.<\/strong><\/p>\n\t<p><a href=\"\/es\/empresa\/prensa\/comienzo-de-las-obras-de-la-nueva-sede-central-de-la-empresa\/\" rel=\"noopener\">Ir al comunicado de prensa<\/a><\/p>\n\t<h3><strong>03\/12\/2018<\/strong> | ACPS Automotive con nuevas funciones directivas<\/h3>\n<p><strong>El director general y presidente Gerhard B\u00f6hm pasa a formar parte del consejo asesor, mientras que Caspar Baumhauer se encargar\u00e1 de las operaciones de esta empresa mediana.<\/strong><\/p>\n\t<p><a href=\"\/es\/empresa\/prensa\/acps-automotive-con-nuevas-funciones-directivas\/\" rel=\"noopener\">Ir al comunicado de prensa<\/a><\/p>\n\t<h3><strong>02.05.2018 |<\/strong> ACPS Automotive, tras un exitoso cambio de propiedad, presenta una nueva estrategia de marca y una orientaci\u00f3n internacional m\u00e1s marcada.<\/h3>\n<p><strong>ACPS Automotive (antes Bosal Automotive Carrier and Protection Systems GmbH) se orienta hacia una mayor internacionalizaci\u00f3n tras la exitosa inversi\u00f3n de TowerBrook Capital Partners L.P. (TowerBrook) y refuerza la presencia de la empresa en importantes mercados en crecimiento.<\/strong><\/p>\n\t<p><a href=\"\/es\/empresa\/prensa\/nueva-estrategia-de-marca\/\" rel=\"noopener\">Ir al comunicado de prensa<\/a><\/p>\n\t<h2><strong>Contacto para la prensa<\/strong><\/h2>\n<strong>ACPS Automotive GmbH<\/strong><br \/>\nDagmar Hinz | Directora de Comunicaci\u00f3n y Marketing<br \/>\nBertha-Benz-Str. 2, 74379 Ingersheim, Alemania\nTel: +49 (0) 7142 9930-124<br \/>\nCorreo electr\u00f3nico: <a href=\"&#x6d;a&#x69;&#108;t&#x6f;&#58;&#x64;&#97;g&#x6d;&#97;&#x72;&#46;h&#x69;&#110;&#x7a;&#x40;a&#x63;&#112;s&#x2d;&#97;&#x75;&#116;o&#x6d;&#111;&#x74;&#105;v&#x65;&#46;&#x63;&#x6f;m\">&#x64;&#97;g&#x6d;&#x61;&#114;&#46;&#x68;&#x69;&#110;z&#x40;&#x61;&#99;p&#x73;&#x2d;&#97;u&#x74;&#111;&#109;o&#x74;&#105;v&#x65;&#x2e;&#99;o&#x6d;<\/a>\n\n<\/div><!-- .vgblk-rw-wrapper -->","protected":false},"excerpt":{"rendered":"<p>Prensa Noticias Aqu\u00ed encontrar\u00e1 todos los comunicados de prensa de ACPS Automotive en formato PDF o ZIP (im\u00e1genes y archivo Word) para descargar. 01\/08\/2024 | Nuevo director general en ACPS Automotive, l\u00edder del mercado y la tecnolog\u00eda en dispositivos de remolque Hay un cambio en la direcci\u00f3n de ACPS Automotive: el director general Caspar Baumhauer&#8230;<\/p>\n","protected":false},"author":8,"featured_media":0,"parent":27139,"menu_order":7,"comment_status":"closed","ping_status":"closed","template":"","meta":{"inline_featured_image":false,"_price":"","_stock":"","_tribe_ticket_header":"","_tribe_default_ticket_provider":"","_tribe_ticket_capacity":"0","_ticket_start_date":"","_ticket_end_date":"","_tribe_ticket_show_description":"","_tribe_ticket_show_not_going":false,"_tribe_ticket_use_global_stock":"","_tribe_ticket_global_stock_level":"","_global_stock_mode":"","_global_stock_cap":"","_tribe_rsvp_for_event":"","_tribe_ticket_going_count":"","_tribe_ticket_not_going_count":"","_tribe_tickets_list":"[]","_tribe_ticket_has_attendee_info_fields":false,"footnotes":""},"class_list":["post-27202","page","type-page","status-publish","hentry"],"yoast_head":"<!-- This site is optimized with the Yoast SEO plugin v27.2 - https:\/\/yoast.com\/product\/yoast-seo-wordpress\/ -->\n<title>Prensa | ACPS Automotive<\/title>\n<meta name=\"description\" content=\"Aqu\u00ed encontrar\u00e1 las \u00faltimas noticias de prensa de ACPS Automotive. \u25baNoticias muy informativas para usted.\" \/>\n<meta name=\"robots\" content=\"index, follow, max-snippet:-1, max-image-preview:large, max-video-preview:-1\" \/>\n<link rel=\"canonical\" href=\"https:\/\/www.acps-automotive.com\/es\/empresa\/prensa\/\" \/>\n<meta property=\"og:locale\" content=\"es_ES\" \/>\n<meta property=\"og:type\" content=\"article\" \/>\n<meta property=\"og:title\" content=\"Prensa | ACPS Automotive\" \/>\n<meta property=\"og:description\" content=\"Aqu\u00ed encontrar\u00e1 las \u00faltimas noticias de prensa de ACPS Automotive. \u25baNoticias muy informativas para usted.\" \/>\n<meta property=\"og:url\" content=\"https:\/\/www.acps-automotive.com\/es\/empresa\/prensa\/\" \/>\n<meta property=\"og:site_name\" content=\"ACPS Automotive GmbH\" \/>\n<meta property=\"article:modified_time\" content=\"2026-03-05T16:05:28+00:00\" \/>\n<meta property=\"og:image\" content=\"https:\/\/www.acps-automotive.com\/wp-content\/uploads\/_media\/_allgemein\/pfeil-text-einleitung.png\" \/>\n<meta name=\"twitter:card\" content=\"summary_large_image\" \/>\n<meta name=\"twitter:site\" content=\"@ACPS_Automotive\" \/>\n<meta name=\"twitter:label1\" content=\"Tiempo de lectura\" \/>\n\t<meta name=\"twitter:data1\" content=\"4 minutos\" \/>\n<script type=\"application\/ld+json\" class=\"yoast-schema-graph\">{\"@context\":\"https:\/\/schema.org\",\"@graph\":[{\"@type\":\"WebPage\",\"@id\":\"https:\/\/www.acps-automotive.com\/es\/empresa\/prensa\/\",\"url\":\"https:\/\/www.acps-automotive.com\/es\/empresa\/prensa\/\",\"name\":\"Prensa | ACPS Automotive\",\"isPartOf\":{\"@id\":\"https:\/\/www.acps-automotive.com\/es\/#website\"},\"primaryImageOfPage\":{\"@id\":\"https:\/\/www.acps-automotive.com\/es\/empresa\/prensa\/#primaryimage\"},\"image\":{\"@id\":\"https:\/\/www.acps-automotive.com\/es\/empresa\/prensa\/#primaryimage\"},\"thumbnailUrl\":\"https:\/\/www.acps-automotive.com\/wp-content\/uploads\/_media\/_allgemein\/pfeil-text-einleitung.png\",\"datePublished\":\"2025-12-08T07:33:47+00:00\",\"dateModified\":\"2026-03-05T16:05:28+00:00\",\"description\":\"Aqu\u00ed encontrar\u00e1 las \u00faltimas noticias de prensa de ACPS Automotive. \u25baNoticias muy informativas para usted.\",\"breadcrumb\":{\"@id\":\"https:\/\/www.acps-automotive.com\/es\/empresa\/prensa\/#breadcrumb\"},\"inLanguage\":\"es\",\"potentialAction\":[{\"@type\":\"ReadAction\",\"target\":[\"https:\/\/www.acps-automotive.com\/es\/empresa\/prensa\/\"]}]},{\"@type\":\"ImageObject\",\"inLanguage\":\"es\",\"@id\":\"https:\/\/www.acps-automotive.com\/es\/empresa\/prensa\/#primaryimage\",\"url\":\"https:\/\/www.acps-automotive.com\/wp-content\/uploads\/_media\/_allgemein\/pfeil-text-einleitung.png\",\"contentUrl\":\"https:\/\/www.acps-automotive.com\/wp-content\/uploads\/_media\/_allgemein\/pfeil-text-einleitung.png\"},{\"@type\":\"BreadcrumbList\",\"@id\":\"https:\/\/www.acps-automotive.com\/es\/empresa\/prensa\/#breadcrumb\",\"itemListElement\":[{\"@type\":\"ListItem\",\"position\":1,\"name\":\"Startseite\",\"item\":\"https:\/\/www.acps-automotive.com\/es\/\"},{\"@type\":\"ListItem\",\"position\":2,\"name\":\"Empresa\",\"item\":\"https:\/\/www.acps-automotive.com\/es\/empresa\/\"},{\"@type\":\"ListItem\",\"position\":3,\"name\":\"Prensa\"}]},{\"@type\":\"WebSite\",\"@id\":\"https:\/\/www.acps-automotive.com\/es\/#website\",\"url\":\"https:\/\/www.acps-automotive.com\/es\/\",\"name\":\"ACPS Automotive GmbH\",\"description\":\"Innovative Anh\u00e4ngekupplungen\",\"publisher\":{\"@id\":\"https:\/\/www.acps-automotive.com\/es\/#organization\"},\"potentialAction\":[{\"@type\":\"SearchAction\",\"target\":{\"@type\":\"EntryPoint\",\"urlTemplate\":\"https:\/\/www.acps-automotive.com\/es\/?s={search_term_string}\"},\"query-input\":{\"@type\":\"PropertyValueSpecification\",\"valueRequired\":true,\"valueName\":\"search_term_string\"}}],\"inLanguage\":\"es\"},{\"@type\":\"Organization\",\"@id\":\"https:\/\/www.acps-automotive.com\/es\/#organization\",\"name\":\"ACPS Automotive GmbH\",\"url\":\"https:\/\/www.acps-automotive.com\/es\/\",\"logo\":{\"@type\":\"ImageObject\",\"inLanguage\":\"es\",\"@id\":\"https:\/\/www.acps-automotive.com\/es\/#\/schema\/logo\/image\/\",\"url\":\"https:\/\/www.acps-automotive.com\/wp-content\/uploads\/_media\/_allgemein\/Logo-Footer-ACPS-Automotive.png\",\"contentUrl\":\"https:\/\/www.acps-automotive.com\/wp-content\/uploads\/_media\/_allgemein\/Logo-Footer-ACPS-Automotive.png\",\"width\":239,\"height\":32,\"caption\":\"ACPS Automotive GmbH\"},\"image\":{\"@id\":\"https:\/\/www.acps-automotive.com\/es\/#\/schema\/logo\/image\/\"},\"sameAs\":[\"https:\/\/x.com\/ACPS_Automotive\",\"https:\/\/www.linkedin.com\/company\/acps-automotive-gmbh\/\",\"https:\/\/www.instagram.com\/acps_ausbildung\/\",\"https:\/\/www.youtube.com\/channel\/UC2jxrgWwpxpkay2aHWV5SaQ\"]}]}<\/script>\n<!-- \/ Yoast SEO plugin. -->","yoast_head_json":{"title":"Prensa | ACPS Automotive","description":"Aqu\u00ed encontrar\u00e1 las \u00faltimas noticias de prensa de ACPS Automotive. \u25baNoticias muy informativas para usted.","robots":{"index":"index","follow":"follow","max-snippet":"max-snippet:-1","max-image-preview":"max-image-preview:large","max-video-preview":"max-video-preview:-1"},"canonical":"https:\/\/www.acps-automotive.com\/es\/empresa\/prensa\/","og_locale":"es_ES","og_type":"article","og_title":"Prensa | ACPS Automotive","og_description":"Aqu\u00ed encontrar\u00e1 las \u00faltimas noticias de prensa de ACPS Automotive. \u25baNoticias muy informativas para usted.","og_url":"https:\/\/www.acps-automotive.com\/es\/empresa\/prensa\/","og_site_name":"ACPS Automotive GmbH","article_modified_time":"2026-03-05T16:05:28+00:00","og_image":[{"url":"https:\/\/www.acps-automotive.com\/wp-content\/uploads\/_media\/_allgemein\/pfeil-text-einleitung.png","type":"","width":"","height":""}],"twitter_card":"summary_large_image","twitter_site":"@ACPS_Automotive","twitter_misc":{"Tiempo de lectura":"4 minutos"},"schema":{"@context":"https:\/\/schema.org","@graph":[{"@type":"WebPage","@id":"https:\/\/www.acps-automotive.com\/es\/empresa\/prensa\/","url":"https:\/\/www.acps-automotive.com\/es\/empresa\/prensa\/","name":"Prensa | ACPS Automotive","isPartOf":{"@id":"https:\/\/www.acps-automotive.com\/es\/#website"},"primaryImageOfPage":{"@id":"https:\/\/www.acps-automotive.com\/es\/empresa\/prensa\/#primaryimage"},"image":{"@id":"https:\/\/www.acps-automotive.com\/es\/empresa\/prensa\/#primaryimage"},"thumbnailUrl":"https:\/\/www.acps-automotive.com\/wp-content\/uploads\/_media\/_allgemein\/pfeil-text-einleitung.png","datePublished":"2025-12-08T07:33:47+00:00","dateModified":"2026-03-05T16:05:28+00:00","description":"Aqu\u00ed encontrar\u00e1 las \u00faltimas noticias de prensa de ACPS Automotive. \u25baNoticias muy informativas para usted.","breadcrumb":{"@id":"https:\/\/www.acps-automotive.com\/es\/empresa\/prensa\/#breadcrumb"},"inLanguage":"es","potentialAction":[{"@type":"ReadAction","target":["https:\/\/www.acps-automotive.com\/es\/empresa\/prensa\/"]}]},{"@type":"ImageObject","inLanguage":"es","@id":"https:\/\/www.acps-automotive.com\/es\/empresa\/prensa\/#primaryimage","url":"https:\/\/www.acps-automotive.com\/wp-content\/uploads\/_media\/_allgemein\/pfeil-text-einleitung.png","contentUrl":"https:\/\/www.acps-automotive.com\/wp-content\/uploads\/_media\/_allgemein\/pfeil-text-einleitung.png"},{"@type":"BreadcrumbList","@id":"https:\/\/www.acps-automotive.com\/es\/empresa\/prensa\/#breadcrumb","itemListElement":[{"@type":"ListItem","position":1,"name":"Startseite","item":"https:\/\/www.acps-automotive.com\/es\/"},{"@type":"ListItem","position":2,"name":"Empresa","item":"https:\/\/www.acps-automotive.com\/es\/empresa\/"},{"@type":"ListItem","position":3,"name":"Prensa"}]},{"@type":"WebSite","@id":"https:\/\/www.acps-automotive.com\/es\/#website","url":"https:\/\/www.acps-automotive.com\/es\/","name":"ACPS Automotive GmbH","description":"Innovative Anh\u00e4ngekupplungen","publisher":{"@id":"https:\/\/www.acps-automotive.com\/es\/#organization"},"potentialAction":[{"@type":"SearchAction","target":{"@type":"EntryPoint","urlTemplate":"https:\/\/www.acps-automotive.com\/es\/?s={search_term_string}"},"query-input":{"@type":"PropertyValueSpecification","valueRequired":true,"valueName":"search_term_string"}}],"inLanguage":"es"},{"@type":"Organization","@id":"https:\/\/www.acps-automotive.com\/es\/#organization","name":"ACPS Automotive GmbH","url":"https:\/\/www.acps-automotive.com\/es\/","logo":{"@type":"ImageObject","inLanguage":"es","@id":"https:\/\/www.acps-automotive.com\/es\/#\/schema\/logo\/image\/","url":"https:\/\/www.acps-automotive.com\/wp-content\/uploads\/_media\/_allgemein\/Logo-Footer-ACPS-Automotive.png","contentUrl":"https:\/\/www.acps-automotive.com\/wp-content\/uploads\/_media\/_allgemein\/Logo-Footer-ACPS-Automotive.png","width":239,"height":32,"caption":"ACPS Automotive GmbH"},"image":{"@id":"https:\/\/www.acps-automotive.com\/es\/#\/schema\/logo\/image\/"},"sameAs":["https:\/\/x.com\/ACPS_Automotive","https:\/\/www.linkedin.com\/company\/acps-automotive-gmbh\/","https:\/\/www.instagram.com\/acps_ausbildung\/","https:\/\/www.youtube.com\/channel\/UC2jxrgWwpxpkay2aHWV5SaQ"]}]}},"_links":{"self":[{"href":"https:\/\/www.acps-automotive.com\/es\/wp-json\/wp\/v2\/pages\/27202","targetHints":{"allow":["GET"]}}],"collection":[{"href":"https:\/\/www.acps-automotive.com\/es\/wp-json\/wp\/v2\/pages"}],"about":[{"href":"https:\/\/www.acps-automotive.com\/es\/wp-json\/wp\/v2\/types\/page"}],"author":[{"embeddable":true,"href":"https:\/\/www.acps-automotive.com\/es\/wp-json\/wp\/v2\/users\/8"}],"replies":[{"embeddable":true,"href":"https:\/\/www.acps-automotive.com\/es\/wp-json\/wp\/v2\/comments?post=27202"}],"version-history":[{"count":11,"href":"https:\/\/www.acps-automotive.com\/es\/wp-json\/wp\/v2\/pages\/27202\/revisions"}],"predecessor-version":[{"id":28803,"href":"https:\/\/www.acps-automotive.com\/es\/wp-json\/wp\/v2\/pages\/27202\/revisions\/28803"}],"up":[{"embeddable":true,"href":"https:\/\/www.acps-automotive.com\/es\/wp-json\/wp\/v2\/pages\/27139"}],"wp:attachment":[{"href":"https:\/\/www.acps-automotive.com\/es\/wp-json\/wp\/v2\/media?parent=27202"}],"curies":[{"name":"wp","href":"https:\/\/api.w.org\/{rel}","templated":true}]}}