{"id":27186,"date":"2025-12-08T08:16:52","date_gmt":"2025-12-08T07:16:52","guid":{"rendered":"https:\/\/www.acps-automotive.com\/?page_id=27186"},"modified":"2026-03-05T11:58:14","modified_gmt":"2026-03-05T10:58:14","slug":"lista-de-clientes-referencias","status":"publish","type":"page","link":"https:\/\/www.acps-automotive.com\/es\/empresa\/lista-de-clientes-referencias\/","title":{"rendered":"Lista de clientes\/referencias"},"content":{"rendered":"<div class=\"vgblk-rw-wrapper limit-wrapper\">\n\n\t<h1><strong>Referencias<\/strong><br \/>\nColaboraci\u00f3n exitosa<\/h1>\n\t<img loading=\"lazy\" decoding=\"async\" src=\"https:\/\/www.acps-automotive.com\/wp-content\/uploads\/_media\/_allgemein\/pfeil-text-einleitung.png\" alt=\"Pfeil Text Einleitung\" width=\"46\" height=\"69\" \/><br \/>\nLos grandes fabricantes de autom\u00f3viles son nuestros clientes y, para nosotros, la mejor confirmaci\u00f3n es poder contribuir al \u00e9xito de estas empresas. Para ellos desarrollamos soluciones innovadoras y seguras que se ajustan exactamente a sus necesidades.\n\t<h2><strong>A<\/strong><\/h2>\n\t<p>Audi<\/p>\n\t<h2><strong>B<\/strong><\/h2>\n\t<p>BMW<\/p>\n\t<h2><strong>C<\/strong><\/h2>\n\t<p>Citro\u00ebn<\/p>\n<p>Cupra<\/p>\n\t<h2><strong>D<\/strong><\/h2>\n\t<p>DS Automobiles<\/p>\n\t<h2><strong>F<\/strong><\/h2>\n\t<p>Ford<\/p>\n\t<h2><strong>G<\/strong><\/h2>\n\t<p>Geely<\/p>\n<p>General Motors<\/p>\n<p>Great Wall Motors<\/p>\n\t<h2><strong>H<\/strong><\/h2>\n\t<p>Honda<\/p>\n<p>Hyundai<\/p>\n\t<h2><strong>L<\/strong><\/h2>\n\t<p>Lexus<\/p>\n<p>Lotus<\/p>\n<p>Lucid Motors<\/p>\n\t<h2><strong>M<\/strong><\/h2>\n\t<p>MAN<\/p>\n<p>Mazda<\/p>\n<p>Mercedes-Benz<\/p>\n<p>Mini<\/p>\n<p>Mitsubishi<\/p>\n\t<h2><strong>N<\/strong><\/h2>\n\t<p>Nissan<\/p>\n\t<h2><strong>O<\/strong><\/h2>\n\t<p>Opel<\/p>\n\t<h2><strong>P<\/strong><\/h2>\n\t<p>Peugeot<\/p>\n<p>Polestar<\/p>\n<p>Porsche<\/p>\n\t<h2><strong>R<\/strong><\/h2>\n\t<p>Renault<\/p>\n<p>Rivian<\/p>\n<p>Rolls Royce<\/p>\n\t<h2><strong>S<\/strong><\/h2>\n\t<p>SAL<\/p>\n<p>Seat<\/p>\n<p>Skoda<\/p>\n<p>Smart<\/p>\n<p>Stellantis<\/p>\n<p>Subaru<\/p>\n<p>Suzuki<\/p>\n\t<h2><strong>T<\/strong><\/h2>\n\t<p>Tesla<\/p>\n<p>Toyota<\/p>\n\t<h2><strong>V<\/strong><\/h2>\n\t<p>Volkswagen<\/p>\n<p>Volvo<\/p>\n\t<h2><strong>X<\/strong><\/h2>\n\t<p>Xpeng<\/p>\n\n<\/div><!-- .vgblk-rw-wrapper -->","protected":false},"excerpt":{"rendered":"<p>Referencias Colaboraci\u00f3n exitosa Los grandes fabricantes de autom\u00f3viles son nuestros clientes y, para nosotros, la mejor confirmaci\u00f3n es poder contribuir al \u00e9xito de estas empresas. Para ellos desarrollamos soluciones innovadoras y seguras que se ajustan exactamente a sus necesidades. A Audi B BMW C Citro\u00ebn Cupra D DS Automobiles F Ford G Geely General Motors&#8230;<\/p>\n","protected":false},"author":8,"featured_media":0,"parent":27139,"menu_order":6,"comment_status":"closed","ping_status":"closed","template":"","meta":{"inline_featured_image":false,"_price":"","_stock":"","_tribe_ticket_header":"","_tribe_default_ticket_provider":"","_tribe_ticket_capacity":"0","_ticket_start_date":"","_ticket_end_date":"","_tribe_ticket_show_description":"","_tribe_ticket_show_not_going":false,"_tribe_ticket_use_global_stock":"","_tribe_ticket_global_stock_level":"","_global_stock_mode":"","_global_stock_cap":"","_tribe_rsvp_for_event":"","_tribe_ticket_going_count":"","_tribe_ticket_not_going_count":"","_tribe_tickets_list":"[]","_tribe_ticket_has_attendee_info_fields":false,"footnotes":""},"class_list":["post-27186","page","type-page","status-publish","hentry"],"yoast_head":"<!-- This site is optimized with the Yoast SEO plugin v27.2 - https:\/\/yoast.com\/product\/yoast-seo-wordpress\/ -->\n<title>Lista de clientes y referencias | ACPS Automotive<\/title>\n<meta name=\"description\" content=\"Ofrecemos soluciones para los fabricantes de autom\u00f3viles con nuestros sistemas de remolques y soportes. \u25baEche un vistazo a nuestras referencias.\" \/>\n<meta name=\"robots\" content=\"index, follow, max-snippet:-1, max-image-preview:large, max-video-preview:-1\" \/>\n<link rel=\"canonical\" href=\"https:\/\/www.acps-automotive.com\/es\/empresa\/lista-de-clientes-referencias\/\" \/>\n<meta property=\"og:locale\" content=\"es_ES\" \/>\n<meta property=\"og:type\" content=\"article\" \/>\n<meta property=\"og:title\" content=\"Lista de clientes y referencias | ACPS Automotive\" \/>\n<meta property=\"og:description\" content=\"Ofrecemos soluciones para los fabricantes de autom\u00f3viles con nuestros sistemas de remolques y soportes. \u25baEche un vistazo a nuestras referencias.\" \/>\n<meta property=\"og:url\" content=\"https:\/\/www.acps-automotive.com\/es\/empresa\/lista-de-clientes-referencias\/\" \/>\n<meta property=\"og:site_name\" content=\"ACPS Automotive GmbH\" \/>\n<meta property=\"article:modified_time\" content=\"2026-03-05T10:58:14+00:00\" \/>\n<meta property=\"og:image\" content=\"https:\/\/www.acps-automotive.com\/wp-content\/uploads\/_media\/_allgemein\/pfeil-text-einleitung.png\" \/>\n<meta name=\"twitter:card\" content=\"summary_large_image\" \/>\n<meta name=\"twitter:site\" content=\"@ACPS_Automotive\" \/>\n<meta name=\"twitter:label1\" content=\"Tiempo de lectura\" \/>\n\t<meta name=\"twitter:data1\" content=\"1 minuto\" \/>\n<script type=\"application\/ld+json\" class=\"yoast-schema-graph\">{\"@context\":\"https:\/\/schema.org\",\"@graph\":[{\"@type\":\"WebPage\",\"@id\":\"https:\/\/www.acps-automotive.com\/es\/empresa\/lista-de-clientes-referencias\/\",\"url\":\"https:\/\/www.acps-automotive.com\/es\/empresa\/lista-de-clientes-referencias\/\",\"name\":\"Lista de clientes y referencias | ACPS Automotive\",\"isPartOf\":{\"@id\":\"https:\/\/www.acps-automotive.com\/es\/#website\"},\"primaryImageOfPage\":{\"@id\":\"https:\/\/www.acps-automotive.com\/es\/empresa\/lista-de-clientes-referencias\/#primaryimage\"},\"image\":{\"@id\":\"https:\/\/www.acps-automotive.com\/es\/empresa\/lista-de-clientes-referencias\/#primaryimage\"},\"thumbnailUrl\":\"https:\/\/www.acps-automotive.com\/wp-content\/uploads\/_media\/_allgemein\/pfeil-text-einleitung.png\",\"datePublished\":\"2025-12-08T07:16:52+00:00\",\"dateModified\":\"2026-03-05T10:58:14+00:00\",\"description\":\"Ofrecemos soluciones para los fabricantes de autom\u00f3viles con nuestros sistemas de remolques y soportes. \u25baEche un vistazo a nuestras referencias.\",\"breadcrumb\":{\"@id\":\"https:\/\/www.acps-automotive.com\/es\/empresa\/lista-de-clientes-referencias\/#breadcrumb\"},\"inLanguage\":\"es\",\"potentialAction\":[{\"@type\":\"ReadAction\",\"target\":[\"https:\/\/www.acps-automotive.com\/es\/empresa\/lista-de-clientes-referencias\/\"]}]},{\"@type\":\"ImageObject\",\"inLanguage\":\"es\",\"@id\":\"https:\/\/www.acps-automotive.com\/es\/empresa\/lista-de-clientes-referencias\/#primaryimage\",\"url\":\"https:\/\/www.acps-automotive.com\/wp-content\/uploads\/_media\/_allgemein\/pfeil-text-einleitung.png\",\"contentUrl\":\"https:\/\/www.acps-automotive.com\/wp-content\/uploads\/_media\/_allgemein\/pfeil-text-einleitung.png\"},{\"@type\":\"BreadcrumbList\",\"@id\":\"https:\/\/www.acps-automotive.com\/es\/empresa\/lista-de-clientes-referencias\/#breadcrumb\",\"itemListElement\":[{\"@type\":\"ListItem\",\"position\":1,\"name\":\"Startseite\",\"item\":\"https:\/\/www.acps-automotive.com\/es\/\"},{\"@type\":\"ListItem\",\"position\":2,\"name\":\"Empresa\",\"item\":\"https:\/\/www.acps-automotive.com\/es\/empresa\/\"},{\"@type\":\"ListItem\",\"position\":3,\"name\":\"Lista de clientes\/referencias\"}]},{\"@type\":\"WebSite\",\"@id\":\"https:\/\/www.acps-automotive.com\/es\/#website\",\"url\":\"https:\/\/www.acps-automotive.com\/es\/\",\"name\":\"ACPS Automotive GmbH\",\"description\":\"Innovative Anh\u00e4ngekupplungen\",\"publisher\":{\"@id\":\"https:\/\/www.acps-automotive.com\/es\/#organization\"},\"potentialAction\":[{\"@type\":\"SearchAction\",\"target\":{\"@type\":\"EntryPoint\",\"urlTemplate\":\"https:\/\/www.acps-automotive.com\/es\/?s={search_term_string}\"},\"query-input\":{\"@type\":\"PropertyValueSpecification\",\"valueRequired\":true,\"valueName\":\"search_term_string\"}}],\"inLanguage\":\"es\"},{\"@type\":\"Organization\",\"@id\":\"https:\/\/www.acps-automotive.com\/es\/#organization\",\"name\":\"ACPS Automotive GmbH\",\"url\":\"https:\/\/www.acps-automotive.com\/es\/\",\"logo\":{\"@type\":\"ImageObject\",\"inLanguage\":\"es\",\"@id\":\"https:\/\/www.acps-automotive.com\/es\/#\/schema\/logo\/image\/\",\"url\":\"https:\/\/www.acps-automotive.com\/wp-content\/uploads\/_media\/_allgemein\/Logo-Footer-ACPS-Automotive.png\",\"contentUrl\":\"https:\/\/www.acps-automotive.com\/wp-content\/uploads\/_media\/_allgemein\/Logo-Footer-ACPS-Automotive.png\",\"width\":239,\"height\":32,\"caption\":\"ACPS Automotive GmbH\"},\"image\":{\"@id\":\"https:\/\/www.acps-automotive.com\/es\/#\/schema\/logo\/image\/\"},\"sameAs\":[\"https:\/\/x.com\/ACPS_Automotive\",\"https:\/\/www.linkedin.com\/company\/acps-automotive-gmbh\/\",\"https:\/\/www.instagram.com\/acps_ausbildung\/\",\"https:\/\/www.youtube.com\/channel\/UC2jxrgWwpxpkay2aHWV5SaQ\"]}]}<\/script>\n<!-- \/ Yoast SEO plugin. -->","yoast_head_json":{"title":"Lista de clientes y referencias | ACPS Automotive","description":"Ofrecemos soluciones para los fabricantes de autom\u00f3viles con nuestros sistemas de remolques y soportes. \u25baEche un vistazo a nuestras referencias.","robots":{"index":"index","follow":"follow","max-snippet":"max-snippet:-1","max-image-preview":"max-image-preview:large","max-video-preview":"max-video-preview:-1"},"canonical":"https:\/\/www.acps-automotive.com\/es\/empresa\/lista-de-clientes-referencias\/","og_locale":"es_ES","og_type":"article","og_title":"Lista de clientes y referencias | ACPS Automotive","og_description":"Ofrecemos soluciones para los fabricantes de autom\u00f3viles con nuestros sistemas de remolques y soportes. \u25baEche un vistazo a nuestras referencias.","og_url":"https:\/\/www.acps-automotive.com\/es\/empresa\/lista-de-clientes-referencias\/","og_site_name":"ACPS Automotive GmbH","article_modified_time":"2026-03-05T10:58:14+00:00","og_image":[{"url":"https:\/\/www.acps-automotive.com\/wp-content\/uploads\/_media\/_allgemein\/pfeil-text-einleitung.png","type":"","width":"","height":""}],"twitter_card":"summary_large_image","twitter_site":"@ACPS_Automotive","twitter_misc":{"Tiempo de lectura":"1 minuto"},"schema":{"@context":"https:\/\/schema.org","@graph":[{"@type":"WebPage","@id":"https:\/\/www.acps-automotive.com\/es\/empresa\/lista-de-clientes-referencias\/","url":"https:\/\/www.acps-automotive.com\/es\/empresa\/lista-de-clientes-referencias\/","name":"Lista de clientes y referencias | ACPS Automotive","isPartOf":{"@id":"https:\/\/www.acps-automotive.com\/es\/#website"},"primaryImageOfPage":{"@id":"https:\/\/www.acps-automotive.com\/es\/empresa\/lista-de-clientes-referencias\/#primaryimage"},"image":{"@id":"https:\/\/www.acps-automotive.com\/es\/empresa\/lista-de-clientes-referencias\/#primaryimage"},"thumbnailUrl":"https:\/\/www.acps-automotive.com\/wp-content\/uploads\/_media\/_allgemein\/pfeil-text-einleitung.png","datePublished":"2025-12-08T07:16:52+00:00","dateModified":"2026-03-05T10:58:14+00:00","description":"Ofrecemos soluciones para los fabricantes de autom\u00f3viles con nuestros sistemas de remolques y soportes. \u25baEche un vistazo a nuestras referencias.","breadcrumb":{"@id":"https:\/\/www.acps-automotive.com\/es\/empresa\/lista-de-clientes-referencias\/#breadcrumb"},"inLanguage":"es","potentialAction":[{"@type":"ReadAction","target":["https:\/\/www.acps-automotive.com\/es\/empresa\/lista-de-clientes-referencias\/"]}]},{"@type":"ImageObject","inLanguage":"es","@id":"https:\/\/www.acps-automotive.com\/es\/empresa\/lista-de-clientes-referencias\/#primaryimage","url":"https:\/\/www.acps-automotive.com\/wp-content\/uploads\/_media\/_allgemein\/pfeil-text-einleitung.png","contentUrl":"https:\/\/www.acps-automotive.com\/wp-content\/uploads\/_media\/_allgemein\/pfeil-text-einleitung.png"},{"@type":"BreadcrumbList","@id":"https:\/\/www.acps-automotive.com\/es\/empresa\/lista-de-clientes-referencias\/#breadcrumb","itemListElement":[{"@type":"ListItem","position":1,"name":"Startseite","item":"https:\/\/www.acps-automotive.com\/es\/"},{"@type":"ListItem","position":2,"name":"Empresa","item":"https:\/\/www.acps-automotive.com\/es\/empresa\/"},{"@type":"ListItem","position":3,"name":"Lista de clientes\/referencias"}]},{"@type":"WebSite","@id":"https:\/\/www.acps-automotive.com\/es\/#website","url":"https:\/\/www.acps-automotive.com\/es\/","name":"ACPS Automotive GmbH","description":"Innovative Anh\u00e4ngekupplungen","publisher":{"@id":"https:\/\/www.acps-automotive.com\/es\/#organization"},"potentialAction":[{"@type":"SearchAction","target":{"@type":"EntryPoint","urlTemplate":"https:\/\/www.acps-automotive.com\/es\/?s={search_term_string}"},"query-input":{"@type":"PropertyValueSpecification","valueRequired":true,"valueName":"search_term_string"}}],"inLanguage":"es"},{"@type":"Organization","@id":"https:\/\/www.acps-automotive.com\/es\/#organization","name":"ACPS Automotive GmbH","url":"https:\/\/www.acps-automotive.com\/es\/","logo":{"@type":"ImageObject","inLanguage":"es","@id":"https:\/\/www.acps-automotive.com\/es\/#\/schema\/logo\/image\/","url":"https:\/\/www.acps-automotive.com\/wp-content\/uploads\/_media\/_allgemein\/Logo-Footer-ACPS-Automotive.png","contentUrl":"https:\/\/www.acps-automotive.com\/wp-content\/uploads\/_media\/_allgemein\/Logo-Footer-ACPS-Automotive.png","width":239,"height":32,"caption":"ACPS Automotive GmbH"},"image":{"@id":"https:\/\/www.acps-automotive.com\/es\/#\/schema\/logo\/image\/"},"sameAs":["https:\/\/x.com\/ACPS_Automotive","https:\/\/www.linkedin.com\/company\/acps-automotive-gmbh\/","https:\/\/www.instagram.com\/acps_ausbildung\/","https:\/\/www.youtube.com\/channel\/UC2jxrgWwpxpkay2aHWV5SaQ"]}]}},"_links":{"self":[{"href":"https:\/\/www.acps-automotive.com\/es\/wp-json\/wp\/v2\/pages\/27186","targetHints":{"allow":["GET"]}}],"collection":[{"href":"https:\/\/www.acps-automotive.com\/es\/wp-json\/wp\/v2\/pages"}],"about":[{"href":"https:\/\/www.acps-automotive.com\/es\/wp-json\/wp\/v2\/types\/page"}],"author":[{"embeddable":true,"href":"https:\/\/www.acps-automotive.com\/es\/wp-json\/wp\/v2\/users\/8"}],"replies":[{"embeddable":true,"href":"https:\/\/www.acps-automotive.com\/es\/wp-json\/wp\/v2\/comments?post=27186"}],"version-history":[{"count":3,"href":"https:\/\/www.acps-automotive.com\/es\/wp-json\/wp\/v2\/pages\/27186\/revisions"}],"predecessor-version":[{"id":27288,"href":"https:\/\/www.acps-automotive.com\/es\/wp-json\/wp\/v2\/pages\/27186\/revisions\/27288"}],"up":[{"embeddable":true,"href":"https:\/\/www.acps-automotive.com\/es\/wp-json\/wp\/v2\/pages\/27139"}],"wp:attachment":[{"href":"https:\/\/www.acps-automotive.com\/es\/wp-json\/wp\/v2\/media?parent=27186"}],"curies":[{"name":"wp","href":"https:\/\/api.w.org\/{rel}","templated":true}]}}