{"id":27182,"date":"2025-12-08T08:14:18","date_gmt":"2025-12-08T07:14:18","guid":{"rendered":"https:\/\/www.acps-automotive.com\/?page_id=27182"},"modified":"2026-03-05T11:57:07","modified_gmt":"2026-03-05T10:57:07","slug":"gestion-de-proyectos","status":"publish","type":"page","link":"https:\/\/www.acps-automotive.com\/es\/empresa\/gestion-de-proyectos\/","title":{"rendered":"Gesti\u00f3n de proyectos"},"content":{"rendered":"<div class=\"vgblk-rw-wrapper limit-wrapper\">\n<h1><strong>El<br>\ncliente<\/strong><br>\nen el centro de atenci\u00f3n<\/h1>\n\t<img loading=\"lazy\" decoding=\"async\" src=\"https:\/\/www.acps-automotive.com\/wp-content\/uploads\/_media\/_allgemein\/pfeil-text-einleitung.png\" alt=\"Pfeil Text Einleitung\" width=\"46\" height=\"69\"><br>\nDesde hace muchos a\u00f1os, atendemos, asesoramos y suministramos a los grandes grupos automovil\u00edsticos. Nuestro objetivo es desarrollar productos que aporten el m\u00e1ximo beneficio al cliente. Estamos convencidos de que esta tarea se logra mejor trabajando juntos. Consideramos que la clave del \u00e9xito reside en la proximidad a nuestros clientes y en el desarrollo de soluciones a medida en estrecha colaboraci\u00f3n. Destacamos por nuestra rapidez y flexibilidad a la hora de convertir las ideas en productos tecnol\u00f3gicamente avanzados y comercializables. Adem\u00e1s, en ACPS Automotive, todo el proceso de gesti\u00f3n de proyectos est\u00e1 certificado seg\u00fan la norma IATF 16949.\n\t<p><img loading=\"lazy\" decoding=\"async\" src=\"https:\/\/www.acps-automotive.com\/wp-content\/uploads\/_media\/unternehmen\/kundenfokus\/fokus-02.jpg\" alt=\"Den Kunden im Fokus\" width=\"650\" height=\"400\"><\/p>\n\t<p><img loading=\"lazy\" decoding=\"async\" src=\"https:\/\/www.acps-automotive.com\/wp-content\/uploads\/_media\/unternehmen\/kundenfokus\/fokus-01.jpg\" alt=\"Den Kunden im Fokus\" width=\"650\" height=\"400\"><\/p>\n\t\u00abLa idea fundamental de la gesti\u00f3n de proyectos: una atenci\u00f3n \u00f3ptima al cliente, el acompa\u00f1amiento perfecto a la hora de integrar un nuevo producto o una innovaci\u00f3n en los procesos y la producci\u00f3n en serie\u00bb.<br>\nDaniel Sommer, Group Director Project Management, ACPS Automotive<br>\n\n\t<h2>Desde la oferta hasta el final de la producci\u00f3n<br>\n<strong>Las 10 fases de nuestra gesti\u00f3n de proyectos<\/strong><\/h2>\n\t<p>1<\/p>\n<p>Fase de oferta<\/p>\n\t<p>2<\/p>\n<p>Inicio del proyecto tras la nominaci\u00f3n<\/p>\n\t<p>3<\/p>\n<p>Fase de concepto y dise\u00f1o<\/p>\n\t<p>4<\/p>\n<p>Pruebas de desarrollo y fase de prueba<\/p>\n\t<p>5<\/p>\n<p>Autorizaci\u00f3n de industrializaci\u00f3n<\/p>\n\t<p>6<\/p>\n<p>Producci\u00f3n de ESWFT<\/p>\n\t<p>7<\/p>\n<p>Fase de pruebas y ensayos en serie<\/p>\n\t<p>8<\/p>\n<p>Autorizaci\u00f3n de producci\u00f3n Run &amp; Rate<\/p>\n\t<p>9<\/p>\n<p>Aumento gradual y inicio de la producci\u00f3n en serie<\/p>\n\t<p>10<\/p>\n<p>Fin de la producci\u00f3n en serie y control de la retirada del producto<\/p>\n\t<h4><strong>Procesos \u00f3ptimos&nbsp;<\/strong><br>\npara nuestros clientes<\/h4>\n\t<p>ACPS Automotive cre\u00f3 en 2013 una estructura de proyectos orientada al cliente. Desde entonces, nueve equipos centrales trabajan juntos en la empresa, compuestos por las funciones especializadas pertinentes, como la gesti\u00f3n de proyectos y de cuentas clave, expertos en desarrollo, c\u00e1lculo de costos, compras de proyectos, calidad y producci\u00f3n.<\/p>\n<h5>Resultado de muchos a\u00f1os de experiencia<\/h5>\n<p>La capacidad de llevar a cabo con competencia, profesionalidad y puntualidad proyectos, especialmente en el \u00e1mbito de los productos y sistemas espec\u00edficos para cada cliente, es el resultado de los muchos a\u00f1os de experiencia de estos especialistas en la empresa. Son profesionales en el campo de los dispositivos de remolque y tienen un amplio conocimiento de los diferentes fabricantes de autom\u00f3viles, sus necesidades y sus procesos de producci\u00f3n. Adem\u00e1s, todos nuestros jefes de proyecto cuentan con una certificaci\u00f3n T\u00dcV espec\u00edfica para esta importante tarea y para ofrecer una atenci\u00f3n al cliente \u00f3ptima.<\/p>\n<h5>Desarrollo continuo en una amplia variedad de soluciones<\/h5>\n<p>De esta manera, desarrollamos continuamente soluciones innovadoras, de alta calidad y potentes. Por \u00faltimo, pero no menos importante, esta organizaci\u00f3n de la colaboraci\u00f3n ha demostrado ser un concepto de \u00e9xito, ya que los miembros del equipo trabajan de manera directa y estrecha en un departamento de forma interfuncional.<\/p>\n\n\n\n<p><\/p>\n<\/div><!-- .vgblk-rw-wrapper -->","protected":false},"excerpt":{"rendered":"<p>El cliente en el centro de atenci\u00f3n Desde hace muchos a\u00f1os, atendemos, asesoramos y suministramos a los grandes grupos automovil\u00edsticos. Nuestro objetivo es desarrollar productos que aporten el m\u00e1ximo beneficio al cliente. Estamos convencidos de que esta tarea se logra mejor trabajando juntos. Consideramos que la clave del \u00e9xito reside en la proximidad a nuestros&#8230;<\/p>\n","protected":false},"author":8,"featured_media":0,"parent":27139,"menu_order":5,"comment_status":"closed","ping_status":"closed","template":"","meta":{"inline_featured_image":false,"_price":"","_stock":"","_tribe_ticket_header":"","_tribe_default_ticket_provider":"","_tribe_ticket_capacity":"0","_ticket_start_date":"","_ticket_end_date":"","_tribe_ticket_show_description":"","_tribe_ticket_show_not_going":false,"_tribe_ticket_use_global_stock":"","_tribe_ticket_global_stock_level":"","_global_stock_mode":"","_global_stock_cap":"","_tribe_rsvp_for_event":"","_tribe_ticket_going_count":"","_tribe_ticket_not_going_count":"","_tribe_tickets_list":"[]","_tribe_ticket_has_attendee_info_fields":false,"footnotes":""},"class_list":["post-27182","page","type-page","status-publish","hentry"],"yoast_head":"<!-- This site is optimized with the Yoast SEO plugin v27.2 - https:\/\/yoast.com\/product\/yoast-seo-wordpress\/ -->\n<title>Gesti\u00f3n de proyectos en ACPS Automotive<\/title>\n<meta name=\"description\" content=\"\u2713Soluciones a medida \u2713Adaptadas al cliente \u2713Estructura de proyectos orientada al cliente \u25baEche un vistazo a nuestra gesti\u00f3n de proyectos.\" \/>\n<meta name=\"robots\" content=\"index, follow, max-snippet:-1, max-image-preview:large, max-video-preview:-1\" \/>\n<link rel=\"canonical\" href=\"https:\/\/www.acps-automotive.com\/es\/empresa\/gestion-de-proyectos\/\" \/>\n<meta property=\"og:locale\" content=\"es_ES\" \/>\n<meta property=\"og:type\" content=\"article\" \/>\n<meta property=\"og:title\" content=\"Gesti\u00f3n de proyectos en ACPS Automotive\" \/>\n<meta property=\"og:description\" content=\"\u2713Soluciones a medida \u2713Adaptadas al cliente \u2713Estructura de proyectos orientada al cliente \u25baEche un vistazo a nuestra gesti\u00f3n de proyectos.\" \/>\n<meta property=\"og:url\" content=\"https:\/\/www.acps-automotive.com\/es\/empresa\/gestion-de-proyectos\/\" \/>\n<meta property=\"og:site_name\" content=\"ACPS Automotive GmbH\" \/>\n<meta property=\"article:modified_time\" content=\"2026-03-05T10:57:07+00:00\" \/>\n<meta property=\"og:image\" content=\"https:\/\/www.acps-automotive.com\/wp-content\/uploads\/_media\/_allgemein\/pfeil-text-einleitung.png\" \/>\n<meta name=\"twitter:card\" content=\"summary_large_image\" \/>\n<meta name=\"twitter:site\" content=\"@ACPS_Automotive\" \/>\n<meta name=\"twitter:label1\" content=\"Tiempo de lectura\" \/>\n\t<meta name=\"twitter:data1\" content=\"3 minutos\" \/>\n<script type=\"application\/ld+json\" class=\"yoast-schema-graph\">{\"@context\":\"https:\/\/schema.org\",\"@graph\":[{\"@type\":\"WebPage\",\"@id\":\"https:\/\/www.acps-automotive.com\/es\/empresa\/gestion-de-proyectos\/\",\"url\":\"https:\/\/www.acps-automotive.com\/es\/empresa\/gestion-de-proyectos\/\",\"name\":\"Gesti\u00f3n de proyectos en ACPS Automotive\",\"isPartOf\":{\"@id\":\"https:\/\/www.acps-automotive.com\/es\/#website\"},\"primaryImageOfPage\":{\"@id\":\"https:\/\/www.acps-automotive.com\/es\/empresa\/gestion-de-proyectos\/#primaryimage\"},\"image\":{\"@id\":\"https:\/\/www.acps-automotive.com\/es\/empresa\/gestion-de-proyectos\/#primaryimage\"},\"thumbnailUrl\":\"https:\/\/www.acps-automotive.com\/wp-content\/uploads\/_media\/_allgemein\/pfeil-text-einleitung.png\",\"datePublished\":\"2025-12-08T07:14:18+00:00\",\"dateModified\":\"2026-03-05T10:57:07+00:00\",\"description\":\"\u2713Soluciones a medida \u2713Adaptadas al cliente \u2713Estructura de proyectos orientada al cliente \u25baEche un vistazo a nuestra gesti\u00f3n de proyectos.\",\"breadcrumb\":{\"@id\":\"https:\/\/www.acps-automotive.com\/es\/empresa\/gestion-de-proyectos\/#breadcrumb\"},\"inLanguage\":\"es\",\"potentialAction\":[{\"@type\":\"ReadAction\",\"target\":[\"https:\/\/www.acps-automotive.com\/es\/empresa\/gestion-de-proyectos\/\"]}]},{\"@type\":\"ImageObject\",\"inLanguage\":\"es\",\"@id\":\"https:\/\/www.acps-automotive.com\/es\/empresa\/gestion-de-proyectos\/#primaryimage\",\"url\":\"https:\/\/www.acps-automotive.com\/wp-content\/uploads\/_media\/_allgemein\/pfeil-text-einleitung.png\",\"contentUrl\":\"https:\/\/www.acps-automotive.com\/wp-content\/uploads\/_media\/_allgemein\/pfeil-text-einleitung.png\"},{\"@type\":\"BreadcrumbList\",\"@id\":\"https:\/\/www.acps-automotive.com\/es\/empresa\/gestion-de-proyectos\/#breadcrumb\",\"itemListElement\":[{\"@type\":\"ListItem\",\"position\":1,\"name\":\"Startseite\",\"item\":\"https:\/\/www.acps-automotive.com\/es\/\"},{\"@type\":\"ListItem\",\"position\":2,\"name\":\"Empresa\",\"item\":\"https:\/\/www.acps-automotive.com\/es\/empresa\/\"},{\"@type\":\"ListItem\",\"position\":3,\"name\":\"Gesti\u00f3n de proyectos\"}]},{\"@type\":\"WebSite\",\"@id\":\"https:\/\/www.acps-automotive.com\/es\/#website\",\"url\":\"https:\/\/www.acps-automotive.com\/es\/\",\"name\":\"ACPS Automotive GmbH\",\"description\":\"Innovative Anh\u00e4ngekupplungen\",\"publisher\":{\"@id\":\"https:\/\/www.acps-automotive.com\/es\/#organization\"},\"potentialAction\":[{\"@type\":\"SearchAction\",\"target\":{\"@type\":\"EntryPoint\",\"urlTemplate\":\"https:\/\/www.acps-automotive.com\/es\/?s={search_term_string}\"},\"query-input\":{\"@type\":\"PropertyValueSpecification\",\"valueRequired\":true,\"valueName\":\"search_term_string\"}}],\"inLanguage\":\"es\"},{\"@type\":\"Organization\",\"@id\":\"https:\/\/www.acps-automotive.com\/es\/#organization\",\"name\":\"ACPS Automotive GmbH\",\"url\":\"https:\/\/www.acps-automotive.com\/es\/\",\"logo\":{\"@type\":\"ImageObject\",\"inLanguage\":\"es\",\"@id\":\"https:\/\/www.acps-automotive.com\/es\/#\/schema\/logo\/image\/\",\"url\":\"https:\/\/www.acps-automotive.com\/wp-content\/uploads\/_media\/_allgemein\/Logo-Footer-ACPS-Automotive.png\",\"contentUrl\":\"https:\/\/www.acps-automotive.com\/wp-content\/uploads\/_media\/_allgemein\/Logo-Footer-ACPS-Automotive.png\",\"width\":239,\"height\":32,\"caption\":\"ACPS Automotive GmbH\"},\"image\":{\"@id\":\"https:\/\/www.acps-automotive.com\/es\/#\/schema\/logo\/image\/\"},\"sameAs\":[\"https:\/\/x.com\/ACPS_Automotive\",\"https:\/\/www.linkedin.com\/company\/acps-automotive-gmbh\/\",\"https:\/\/www.instagram.com\/acps_ausbildung\/\",\"https:\/\/www.youtube.com\/channel\/UC2jxrgWwpxpkay2aHWV5SaQ\"]}]}<\/script>\n<!-- \/ Yoast SEO plugin. -->","yoast_head_json":{"title":"Gesti\u00f3n de proyectos en ACPS Automotive","description":"\u2713Soluciones a medida \u2713Adaptadas al cliente \u2713Estructura de proyectos orientada al cliente \u25baEche un vistazo a nuestra gesti\u00f3n de proyectos.","robots":{"index":"index","follow":"follow","max-snippet":"max-snippet:-1","max-image-preview":"max-image-preview:large","max-video-preview":"max-video-preview:-1"},"canonical":"https:\/\/www.acps-automotive.com\/es\/empresa\/gestion-de-proyectos\/","og_locale":"es_ES","og_type":"article","og_title":"Gesti\u00f3n de proyectos en ACPS Automotive","og_description":"\u2713Soluciones a medida \u2713Adaptadas al cliente \u2713Estructura de proyectos orientada al cliente \u25baEche un vistazo a nuestra gesti\u00f3n de proyectos.","og_url":"https:\/\/www.acps-automotive.com\/es\/empresa\/gestion-de-proyectos\/","og_site_name":"ACPS Automotive GmbH","article_modified_time":"2026-03-05T10:57:07+00:00","og_image":[{"url":"https:\/\/www.acps-automotive.com\/wp-content\/uploads\/_media\/_allgemein\/pfeil-text-einleitung.png","type":"","width":"","height":""}],"twitter_card":"summary_large_image","twitter_site":"@ACPS_Automotive","twitter_misc":{"Tiempo de lectura":"3 minutos"},"schema":{"@context":"https:\/\/schema.org","@graph":[{"@type":"WebPage","@id":"https:\/\/www.acps-automotive.com\/es\/empresa\/gestion-de-proyectos\/","url":"https:\/\/www.acps-automotive.com\/es\/empresa\/gestion-de-proyectos\/","name":"Gesti\u00f3n de proyectos en ACPS Automotive","isPartOf":{"@id":"https:\/\/www.acps-automotive.com\/es\/#website"},"primaryImageOfPage":{"@id":"https:\/\/www.acps-automotive.com\/es\/empresa\/gestion-de-proyectos\/#primaryimage"},"image":{"@id":"https:\/\/www.acps-automotive.com\/es\/empresa\/gestion-de-proyectos\/#primaryimage"},"thumbnailUrl":"https:\/\/www.acps-automotive.com\/wp-content\/uploads\/_media\/_allgemein\/pfeil-text-einleitung.png","datePublished":"2025-12-08T07:14:18+00:00","dateModified":"2026-03-05T10:57:07+00:00","description":"\u2713Soluciones a medida \u2713Adaptadas al cliente \u2713Estructura de proyectos orientada al cliente \u25baEche un vistazo a nuestra gesti\u00f3n de proyectos.","breadcrumb":{"@id":"https:\/\/www.acps-automotive.com\/es\/empresa\/gestion-de-proyectos\/#breadcrumb"},"inLanguage":"es","potentialAction":[{"@type":"ReadAction","target":["https:\/\/www.acps-automotive.com\/es\/empresa\/gestion-de-proyectos\/"]}]},{"@type":"ImageObject","inLanguage":"es","@id":"https:\/\/www.acps-automotive.com\/es\/empresa\/gestion-de-proyectos\/#primaryimage","url":"https:\/\/www.acps-automotive.com\/wp-content\/uploads\/_media\/_allgemein\/pfeil-text-einleitung.png","contentUrl":"https:\/\/www.acps-automotive.com\/wp-content\/uploads\/_media\/_allgemein\/pfeil-text-einleitung.png"},{"@type":"BreadcrumbList","@id":"https:\/\/www.acps-automotive.com\/es\/empresa\/gestion-de-proyectos\/#breadcrumb","itemListElement":[{"@type":"ListItem","position":1,"name":"Startseite","item":"https:\/\/www.acps-automotive.com\/es\/"},{"@type":"ListItem","position":2,"name":"Empresa","item":"https:\/\/www.acps-automotive.com\/es\/empresa\/"},{"@type":"ListItem","position":3,"name":"Gesti\u00f3n de proyectos"}]},{"@type":"WebSite","@id":"https:\/\/www.acps-automotive.com\/es\/#website","url":"https:\/\/www.acps-automotive.com\/es\/","name":"ACPS Automotive GmbH","description":"Innovative Anh\u00e4ngekupplungen","publisher":{"@id":"https:\/\/www.acps-automotive.com\/es\/#organization"},"potentialAction":[{"@type":"SearchAction","target":{"@type":"EntryPoint","urlTemplate":"https:\/\/www.acps-automotive.com\/es\/?s={search_term_string}"},"query-input":{"@type":"PropertyValueSpecification","valueRequired":true,"valueName":"search_term_string"}}],"inLanguage":"es"},{"@type":"Organization","@id":"https:\/\/www.acps-automotive.com\/es\/#organization","name":"ACPS Automotive GmbH","url":"https:\/\/www.acps-automotive.com\/es\/","logo":{"@type":"ImageObject","inLanguage":"es","@id":"https:\/\/www.acps-automotive.com\/es\/#\/schema\/logo\/image\/","url":"https:\/\/www.acps-automotive.com\/wp-content\/uploads\/_media\/_allgemein\/Logo-Footer-ACPS-Automotive.png","contentUrl":"https:\/\/www.acps-automotive.com\/wp-content\/uploads\/_media\/_allgemein\/Logo-Footer-ACPS-Automotive.png","width":239,"height":32,"caption":"ACPS Automotive GmbH"},"image":{"@id":"https:\/\/www.acps-automotive.com\/es\/#\/schema\/logo\/image\/"},"sameAs":["https:\/\/x.com\/ACPS_Automotive","https:\/\/www.linkedin.com\/company\/acps-automotive-gmbh\/","https:\/\/www.instagram.com\/acps_ausbildung\/","https:\/\/www.youtube.com\/channel\/UC2jxrgWwpxpkay2aHWV5SaQ"]}]}},"_links":{"self":[{"href":"https:\/\/www.acps-automotive.com\/es\/wp-json\/wp\/v2\/pages\/27182","targetHints":{"allow":["GET"]}}],"collection":[{"href":"https:\/\/www.acps-automotive.com\/es\/wp-json\/wp\/v2\/pages"}],"about":[{"href":"https:\/\/www.acps-automotive.com\/es\/wp-json\/wp\/v2\/types\/page"}],"author":[{"embeddable":true,"href":"https:\/\/www.acps-automotive.com\/es\/wp-json\/wp\/v2\/users\/8"}],"replies":[{"embeddable":true,"href":"https:\/\/www.acps-automotive.com\/es\/wp-json\/wp\/v2\/comments?post=27182"}],"version-history":[{"count":3,"href":"https:\/\/www.acps-automotive.com\/es\/wp-json\/wp\/v2\/pages\/27182\/revisions"}],"predecessor-version":[{"id":27751,"href":"https:\/\/www.acps-automotive.com\/es\/wp-json\/wp\/v2\/pages\/27182\/revisions\/27751"}],"up":[{"embeddable":true,"href":"https:\/\/www.acps-automotive.com\/es\/wp-json\/wp\/v2\/pages\/27139"}],"wp:attachment":[{"href":"https:\/\/www.acps-automotive.com\/es\/wp-json\/wp\/v2\/media?parent=27182"}],"curies":[{"name":"wp","href":"https:\/\/api.w.org\/{rel}","templated":true}]}}