{"id":27176,"date":"2025-12-08T08:11:07","date_gmt":"2025-12-08T07:11:07","guid":{"rendered":"https:\/\/www.acps-automotive.com\/?page_id=27176"},"modified":"2026-03-05T11:56:31","modified_gmt":"2026-03-05T10:56:31","slug":"calidad","status":"publish","type":"page","link":"https:\/\/www.acps-automotive.com\/es\/empresa\/calidad\/","title":{"rendered":"Calidad"},"content":{"rendered":"<div class=\"vgblk-rw-wrapper limit-wrapper\">\n\n\t<h1><strong>Calidad<\/strong><\/h1>\n<h1>la base de<\/h1>\n<h1>todo<\/h1>\n\t<img loading=\"lazy\" decoding=\"async\" src=\"https:\/\/www.acps-automotive.com\/wp-content\/uploads\/_media\/_allgemein\/pfeil-text-einleitung.png\" alt=\"Pfeil Text Einleitung\" width=\"46\" height=\"69\" \/><br \/>\nLa satisfacci\u00f3n del cliente es la base del \u00e9xito de la gesti\u00f3n de calidad en ACPS Automotive. Cada uno de los empleados de ACPS Automotive, ya sea en el departamento de desarrollo, en producci\u00f3n o en administraci\u00f3n, contribuye al aseguramiento de la calidad. Trabajamos en estrecha colaboraci\u00f3n con nuestros clientes, socios y proveedores. Gracias a los est\u00e1ndares de calidad de ACPS Automotive, garantizamos la mejora continua de la calidad de nuestras soluciones, procesos y servicios.\n\t<p><img loading=\"lazy\" decoding=\"async\" src=\"https:\/\/www.acps-automotive.com\/wp-content\/uploads\/_media\/unternehmen\/qualitaet\/thorsten-settelmeier.jpg\" alt=\"Qualit\u00e4t\" width=\"650\" height=\"400\" \/><\/p>\n\t<p><img loading=\"lazy\" decoding=\"async\" src=\"https:\/\/www.acps-automotive.com\/wp-content\/uploads\/_media\/unternehmen\/qualitaet\/acps-anhaengevorrichtungen-es.jpg\" alt=\"Calidad\" width=\"650\" height=\"400\" \/><\/p>\n\t\u00abEl sistema de gesti\u00f3n de calidad de ACPS Automotive define procesos estandarizados para todas las \u00e1reas de la empresa. Estos procesos garantizan que todas las estructuras y procesos de la empresa se analicen y mejoren constantemente. De este modo, nos aseguramos de que nuestros productos cumplan siempre con los m\u00e1s altos est\u00e1ndares de calidad y seguridad\u00bb.<br \/>\nThorsten Settelmeier, Director Quality, ACPS Automotive<br \/>\n\n\t<h4><strong>Gesti\u00f3n centralizada de la calidad<\/strong><\/h4>\n<h4>en ACPS Automotive<\/h4>\n\t<p>Los productos y servicios de ACPS Automotive se caracterizan por su excelente calidad y son la base del \u00e9xito a largo plazo de nuestra empresa. La gesti\u00f3n centralizada de la calidad garantiza que nuestros productos cumplan con los requisitos m\u00e1s exigentes, especialmente en lo que respecta a la seguridad. Dado que ACPS Automotive desarrolla y produce exclusivamente componentes relevantes para la seguridad, tambi\u00e9n exigimos el m\u00e1ximo nivel de seguridad y calidad a nuestros productos.<\/p>\n<h5>Superar las expectativas de los clientes<\/h5>\n<p>Para nosotros, la calidad tambi\u00e9n significa satisfacer y, en la medida de lo posible, superar las expectativas expresadas y no expresadas de los clientes. En este sentido, nuestra calidad es un criterio importante para los clientes a la hora de encargar nuevos productos a nuestra empresa y establecer una relaci\u00f3n duradera con ellos.<\/p>\n<p>Un elemento fundamental para ello es la gesti\u00f3n centralizada de la calidad de ACPS Automotive, que abarca todas las \u00e1reas de nuestra empresa. Se trata de un procedimiento interno que revisa, cuestiona y mejora peri\u00f3dicamente los procesos y procedimientos de nuestra empresa. Adem\u00e1s, organismos de certificaci\u00f3n externos e independientes confirman que ACPS Automotive cumple con las normas internacionales.<\/p>\n<h5>Los certificados avalan nuestra exigencia<\/h5>\n<p>Con la norma IATF 16949 certificamos nuestro sistema de gesti\u00f3n de calidad para la industria automotriz. Adem\u00e1s, contamos con las certificaciones ISO 9001, ISO 14001, ISO 45001 e ISO 50001.<\/p>\n\t<h4><strong>Los certificados<\/strong><br \/>\nacreditan nuestra exigencia<\/h4>\n<ul>\n<li><strong>La gesti\u00f3n centralizada de la calidad<\/strong> abarca todas las \u00e1reas de ACPS Automotive<\/li>\n<li><strong>Revisi\u00f3n peri\u00f3dica<\/strong> de los procesos y procedimientos de la empresa<\/li>\n<li><strong>IATF 16949<\/strong> certifica nuestro sistema de gesti\u00f3n de calidad para la industria automotriz<\/li>\n<li>ACPS Automotive cuenta con las certificaciones<strong><br \/>\n<\/strong><strong>ISO 9001, ISO 14001, ISO 45001 e ISO 50001<\/strong><\/li>\n<\/ul>\n\t<h4><strong>Pol\u00edtica de calidad<\/strong><br \/>\nMejora continua en todos los \u00e1mbitos<\/h4>\n\t<p><img loading=\"lazy\" decoding=\"async\" src=\"https:\/\/www.acps-automotive.com\/wp-content\/uploads\/_media\/unternehmen\/qualitaet\/qualitaet04.jpg\" alt=\"Qualit\u00e4t\" width=\"650\" height=\"400\" \/><\/p>\n\t<p><img loading=\"lazy\" decoding=\"async\" src=\"https:\/\/www.acps-automotive.com\/wp-content\/uploads\/_media\/unternehmen\/qualitaet\/qualitaet05.jpg\" alt=\"Qualit\u00e4t\" width=\"640\" height=\"394\" \/><\/p>\n\t<p>Mantenemos una relaci\u00f3n de colaboraci\u00f3n con nuestros proveedores de servicios. Son una parte indispensable a la hora de alcanzar los objetivos de calidad de nuestra cartera de productos y servicios.<\/p>\n<h5>Perseguir de manera consecuente los objetivos de calidad<\/h5>\n<p>ACPS Automotive trabaja continuamente en el perfeccionamiento de su estrategia de calidad, orientada a la mejora constante de la calidad en todas las \u00e1reas de negocio. A partir de la estrategia de calidad, desarrollamos nuestros objetivos de calidad, que se reflejan en todos los procesos de ACPS Automotive. Para cada objetivo de calidad, registramos los indicadores de calidad correspondientes, con los que medimos el logro de los objetivos establecidos. Mediante el ajuste peri\u00f3dico de los valores objetivo de los indicadores de calidad, garantizamos el desarrollo continuo y la realizaci\u00f3n de nuestra visi\u00f3n de calidad.<\/p>\n<h5>El trabajo en equipo como clave del \u00e9xito<\/h5>\n<p>En este sentido, nuestra direcci\u00f3n considera que su tarea consiste en orientar siempre de manera \u00f3ptima a ACPS Automotive junto con sus empleados, aplicando de manera consecuente el sistema de gesti\u00f3n de calidad y mejor\u00e1ndolo continuamente, para que sigamos siendo el primer punto de contacto para nuestros clientes.<\/p>\n\t<p>Excelente trabajo<\/p>\n<h4>Premios a la calidad<\/h4>\n\t\t\t\t\t\t\t<img loading=\"lazy\" decoding=\"async\" src=\"https:\/\/www.acps-automotive.com\/wp-content\/uploads\/_media\/unternehmen\/qualitaet\/pokale.png\" alt=\"Qualit\u00e4t Pokale\" itemprop=\"image\" height=\"78\" width=\"399\" title=\"Qualit\u00e4t Pokale\" onerror=\"this.style.display='none'\"  sizes=\"auto, (max-width: 768px) 100vw, 100vw\" srcset=\"https:\/\/www.acps-automotive.com\/wp-content\/uploads\/_media\/unternehmen\/qualitaet\/pokale.png 399w, https:\/\/www.acps-automotive.com\/wp-content\/uploads\/_media\/unternehmen\/qualitaet\/pokale-300x59.png 300w, https:\/\/www.acps-automotive.com\/wp-content\/uploads\/_media\/unternehmen\/qualitaet\/pokale-315x62.png 315w\" \/>\t\t\t\t\t\t\t\n\t<p>ACPS Automotive destaca regularmente por su excelente desempe\u00f1o en cuestiones de calidad. Por ello, nuestros clientes nos otorgan continuamente premios a la calidad.<\/p>\n\n<\/div><!-- .vgblk-rw-wrapper -->","protected":false},"excerpt":{"rendered":"<p>Calidad la base de todo La satisfacci\u00f3n del cliente es la base del \u00e9xito de la gesti\u00f3n de calidad en ACPS Automotive. Cada uno de los empleados de ACPS Automotive, ya sea en el departamento de desarrollo, en producci\u00f3n o en administraci\u00f3n, contribuye al aseguramiento de la calidad. Trabajamos en estrecha colaboraci\u00f3n con nuestros clientes,&#8230;<\/p>\n","protected":false},"author":8,"featured_media":0,"parent":27139,"menu_order":4,"comment_status":"closed","ping_status":"closed","template":"","meta":{"inline_featured_image":false,"_price":"","_stock":"","_tribe_ticket_header":"","_tribe_default_ticket_provider":"","_tribe_ticket_capacity":"0","_ticket_start_date":"","_ticket_end_date":"","_tribe_ticket_show_description":"","_tribe_ticket_show_not_going":false,"_tribe_ticket_use_global_stock":"","_tribe_ticket_global_stock_level":"","_global_stock_mode":"","_global_stock_cap":"","_tribe_rsvp_for_event":"","_tribe_ticket_going_count":"","_tribe_ticket_not_going_count":"","_tribe_tickets_list":"[]","_tribe_ticket_has_attendee_info_fields":false,"footnotes":""},"class_list":["post-27176","page","type-page","status-publish","hentry"],"yoast_head":"<!-- This site is optimized with the Yoast SEO plugin v27.2 - https:\/\/yoast.com\/product\/yoast-seo-wordpress\/ -->\n<title>Calidad excepcional | ACPS Automotive<\/title>\n<meta name=\"description\" content=\"\u2713Gesti\u00f3n centralizada de la calidad \u2713M\u00e1ximo nivel de seguridad y calidad \u2713Certificado seg\u00fan normas internacionales \u25ba\u00a1Compru\u00e9belo usted mismo!\" \/>\n<meta name=\"robots\" content=\"index, follow, max-snippet:-1, max-image-preview:large, max-video-preview:-1\" \/>\n<link rel=\"canonical\" href=\"https:\/\/www.acps-automotive.com\/es\/empresa\/calidad\/\" \/>\n<meta property=\"og:locale\" content=\"es_ES\" \/>\n<meta property=\"og:type\" content=\"article\" \/>\n<meta property=\"og:title\" content=\"Calidad excepcional | ACPS Automotive\" \/>\n<meta property=\"og:description\" content=\"\u2713Gesti\u00f3n centralizada de la calidad \u2713M\u00e1ximo nivel de seguridad y calidad \u2713Certificado seg\u00fan normas internacionales \u25ba\u00a1Compru\u00e9belo usted mismo!\" \/>\n<meta property=\"og:url\" content=\"https:\/\/www.acps-automotive.com\/es\/empresa\/calidad\/\" \/>\n<meta property=\"og:site_name\" content=\"ACPS Automotive GmbH\" \/>\n<meta property=\"article:modified_time\" content=\"2026-03-05T10:56:31+00:00\" \/>\n<meta property=\"og:image\" content=\"https:\/\/www.acps-automotive.com\/wp-content\/uploads\/_media\/_allgemein\/pfeil-text-einleitung.png\" \/>\n<meta name=\"twitter:card\" content=\"summary_large_image\" \/>\n<meta name=\"twitter:site\" content=\"@ACPS_Automotive\" \/>\n<meta name=\"twitter:label1\" content=\"Tiempo de lectura\" \/>\n\t<meta name=\"twitter:data1\" content=\"5 minutos\" \/>\n<script type=\"application\/ld+json\" class=\"yoast-schema-graph\">{\"@context\":\"https:\/\/schema.org\",\"@graph\":[{\"@type\":\"WebPage\",\"@id\":\"https:\/\/www.acps-automotive.com\/es\/empresa\/calidad\/\",\"url\":\"https:\/\/www.acps-automotive.com\/es\/empresa\/calidad\/\",\"name\":\"Calidad excepcional | ACPS Automotive\",\"isPartOf\":{\"@id\":\"https:\/\/www.acps-automotive.com\/es\/#website\"},\"primaryImageOfPage\":{\"@id\":\"https:\/\/www.acps-automotive.com\/es\/empresa\/calidad\/#primaryimage\"},\"image\":{\"@id\":\"https:\/\/www.acps-automotive.com\/es\/empresa\/calidad\/#primaryimage\"},\"thumbnailUrl\":\"https:\/\/www.acps-automotive.com\/wp-content\/uploads\/_media\/_allgemein\/pfeil-text-einleitung.png\",\"datePublished\":\"2025-12-08T07:11:07+00:00\",\"dateModified\":\"2026-03-05T10:56:31+00:00\",\"description\":\"\u2713Gesti\u00f3n centralizada de la calidad \u2713M\u00e1ximo nivel de seguridad y calidad \u2713Certificado seg\u00fan normas internacionales \u25ba\u00a1Compru\u00e9belo usted mismo!\",\"breadcrumb\":{\"@id\":\"https:\/\/www.acps-automotive.com\/es\/empresa\/calidad\/#breadcrumb\"},\"inLanguage\":\"es\",\"potentialAction\":[{\"@type\":\"ReadAction\",\"target\":[\"https:\/\/www.acps-automotive.com\/es\/empresa\/calidad\/\"]}]},{\"@type\":\"ImageObject\",\"inLanguage\":\"es\",\"@id\":\"https:\/\/www.acps-automotive.com\/es\/empresa\/calidad\/#primaryimage\",\"url\":\"https:\/\/www.acps-automotive.com\/wp-content\/uploads\/_media\/_allgemein\/pfeil-text-einleitung.png\",\"contentUrl\":\"https:\/\/www.acps-automotive.com\/wp-content\/uploads\/_media\/_allgemein\/pfeil-text-einleitung.png\"},{\"@type\":\"BreadcrumbList\",\"@id\":\"https:\/\/www.acps-automotive.com\/es\/empresa\/calidad\/#breadcrumb\",\"itemListElement\":[{\"@type\":\"ListItem\",\"position\":1,\"name\":\"Startseite\",\"item\":\"https:\/\/www.acps-automotive.com\/es\/\"},{\"@type\":\"ListItem\",\"position\":2,\"name\":\"Empresa\",\"item\":\"https:\/\/www.acps-automotive.com\/es\/empresa\/\"},{\"@type\":\"ListItem\",\"position\":3,\"name\":\"Calidad\"}]},{\"@type\":\"WebSite\",\"@id\":\"https:\/\/www.acps-automotive.com\/es\/#website\",\"url\":\"https:\/\/www.acps-automotive.com\/es\/\",\"name\":\"ACPS Automotive GmbH\",\"description\":\"Innovative Anh\u00e4ngekupplungen\",\"publisher\":{\"@id\":\"https:\/\/www.acps-automotive.com\/es\/#organization\"},\"potentialAction\":[{\"@type\":\"SearchAction\",\"target\":{\"@type\":\"EntryPoint\",\"urlTemplate\":\"https:\/\/www.acps-automotive.com\/es\/?s={search_term_string}\"},\"query-input\":{\"@type\":\"PropertyValueSpecification\",\"valueRequired\":true,\"valueName\":\"search_term_string\"}}],\"inLanguage\":\"es\"},{\"@type\":\"Organization\",\"@id\":\"https:\/\/www.acps-automotive.com\/es\/#organization\",\"name\":\"ACPS Automotive GmbH\",\"url\":\"https:\/\/www.acps-automotive.com\/es\/\",\"logo\":{\"@type\":\"ImageObject\",\"inLanguage\":\"es\",\"@id\":\"https:\/\/www.acps-automotive.com\/es\/#\/schema\/logo\/image\/\",\"url\":\"https:\/\/www.acps-automotive.com\/wp-content\/uploads\/_media\/_allgemein\/Logo-Footer-ACPS-Automotive.png\",\"contentUrl\":\"https:\/\/www.acps-automotive.com\/wp-content\/uploads\/_media\/_allgemein\/Logo-Footer-ACPS-Automotive.png\",\"width\":239,\"height\":32,\"caption\":\"ACPS Automotive GmbH\"},\"image\":{\"@id\":\"https:\/\/www.acps-automotive.com\/es\/#\/schema\/logo\/image\/\"},\"sameAs\":[\"https:\/\/x.com\/ACPS_Automotive\",\"https:\/\/www.linkedin.com\/company\/acps-automotive-gmbh\/\",\"https:\/\/www.instagram.com\/acps_ausbildung\/\",\"https:\/\/www.youtube.com\/channel\/UC2jxrgWwpxpkay2aHWV5SaQ\"]}]}<\/script>\n<!-- \/ Yoast SEO plugin. -->","yoast_head_json":{"title":"Calidad excepcional | ACPS Automotive","description":"\u2713Gesti\u00f3n centralizada de la calidad \u2713M\u00e1ximo nivel de seguridad y calidad \u2713Certificado seg\u00fan normas internacionales \u25ba\u00a1Compru\u00e9belo usted mismo!","robots":{"index":"index","follow":"follow","max-snippet":"max-snippet:-1","max-image-preview":"max-image-preview:large","max-video-preview":"max-video-preview:-1"},"canonical":"https:\/\/www.acps-automotive.com\/es\/empresa\/calidad\/","og_locale":"es_ES","og_type":"article","og_title":"Calidad excepcional | ACPS Automotive","og_description":"\u2713Gesti\u00f3n centralizada de la calidad \u2713M\u00e1ximo nivel de seguridad y calidad \u2713Certificado seg\u00fan normas internacionales \u25ba\u00a1Compru\u00e9belo usted mismo!","og_url":"https:\/\/www.acps-automotive.com\/es\/empresa\/calidad\/","og_site_name":"ACPS Automotive GmbH","article_modified_time":"2026-03-05T10:56:31+00:00","og_image":[{"url":"https:\/\/www.acps-automotive.com\/wp-content\/uploads\/_media\/_allgemein\/pfeil-text-einleitung.png","type":"","width":"","height":""}],"twitter_card":"summary_large_image","twitter_site":"@ACPS_Automotive","twitter_misc":{"Tiempo de lectura":"5 minutos"},"schema":{"@context":"https:\/\/schema.org","@graph":[{"@type":"WebPage","@id":"https:\/\/www.acps-automotive.com\/es\/empresa\/calidad\/","url":"https:\/\/www.acps-automotive.com\/es\/empresa\/calidad\/","name":"Calidad excepcional | ACPS Automotive","isPartOf":{"@id":"https:\/\/www.acps-automotive.com\/es\/#website"},"primaryImageOfPage":{"@id":"https:\/\/www.acps-automotive.com\/es\/empresa\/calidad\/#primaryimage"},"image":{"@id":"https:\/\/www.acps-automotive.com\/es\/empresa\/calidad\/#primaryimage"},"thumbnailUrl":"https:\/\/www.acps-automotive.com\/wp-content\/uploads\/_media\/_allgemein\/pfeil-text-einleitung.png","datePublished":"2025-12-08T07:11:07+00:00","dateModified":"2026-03-05T10:56:31+00:00","description":"\u2713Gesti\u00f3n centralizada de la calidad \u2713M\u00e1ximo nivel de seguridad y calidad \u2713Certificado seg\u00fan normas internacionales \u25ba\u00a1Compru\u00e9belo usted mismo!","breadcrumb":{"@id":"https:\/\/www.acps-automotive.com\/es\/empresa\/calidad\/#breadcrumb"},"inLanguage":"es","potentialAction":[{"@type":"ReadAction","target":["https:\/\/www.acps-automotive.com\/es\/empresa\/calidad\/"]}]},{"@type":"ImageObject","inLanguage":"es","@id":"https:\/\/www.acps-automotive.com\/es\/empresa\/calidad\/#primaryimage","url":"https:\/\/www.acps-automotive.com\/wp-content\/uploads\/_media\/_allgemein\/pfeil-text-einleitung.png","contentUrl":"https:\/\/www.acps-automotive.com\/wp-content\/uploads\/_media\/_allgemein\/pfeil-text-einleitung.png"},{"@type":"BreadcrumbList","@id":"https:\/\/www.acps-automotive.com\/es\/empresa\/calidad\/#breadcrumb","itemListElement":[{"@type":"ListItem","position":1,"name":"Startseite","item":"https:\/\/www.acps-automotive.com\/es\/"},{"@type":"ListItem","position":2,"name":"Empresa","item":"https:\/\/www.acps-automotive.com\/es\/empresa\/"},{"@type":"ListItem","position":3,"name":"Calidad"}]},{"@type":"WebSite","@id":"https:\/\/www.acps-automotive.com\/es\/#website","url":"https:\/\/www.acps-automotive.com\/es\/","name":"ACPS Automotive GmbH","description":"Innovative Anh\u00e4ngekupplungen","publisher":{"@id":"https:\/\/www.acps-automotive.com\/es\/#organization"},"potentialAction":[{"@type":"SearchAction","target":{"@type":"EntryPoint","urlTemplate":"https:\/\/www.acps-automotive.com\/es\/?s={search_term_string}"},"query-input":{"@type":"PropertyValueSpecification","valueRequired":true,"valueName":"search_term_string"}}],"inLanguage":"es"},{"@type":"Organization","@id":"https:\/\/www.acps-automotive.com\/es\/#organization","name":"ACPS Automotive GmbH","url":"https:\/\/www.acps-automotive.com\/es\/","logo":{"@type":"ImageObject","inLanguage":"es","@id":"https:\/\/www.acps-automotive.com\/es\/#\/schema\/logo\/image\/","url":"https:\/\/www.acps-automotive.com\/wp-content\/uploads\/_media\/_allgemein\/Logo-Footer-ACPS-Automotive.png","contentUrl":"https:\/\/www.acps-automotive.com\/wp-content\/uploads\/_media\/_allgemein\/Logo-Footer-ACPS-Automotive.png","width":239,"height":32,"caption":"ACPS Automotive GmbH"},"image":{"@id":"https:\/\/www.acps-automotive.com\/es\/#\/schema\/logo\/image\/"},"sameAs":["https:\/\/x.com\/ACPS_Automotive","https:\/\/www.linkedin.com\/company\/acps-automotive-gmbh\/","https:\/\/www.instagram.com\/acps_ausbildung\/","https:\/\/www.youtube.com\/channel\/UC2jxrgWwpxpkay2aHWV5SaQ"]}]}},"_links":{"self":[{"href":"https:\/\/www.acps-automotive.com\/es\/wp-json\/wp\/v2\/pages\/27176","targetHints":{"allow":["GET"]}}],"collection":[{"href":"https:\/\/www.acps-automotive.com\/es\/wp-json\/wp\/v2\/pages"}],"about":[{"href":"https:\/\/www.acps-automotive.com\/es\/wp-json\/wp\/v2\/types\/page"}],"author":[{"embeddable":true,"href":"https:\/\/www.acps-automotive.com\/es\/wp-json\/wp\/v2\/users\/8"}],"replies":[{"embeddable":true,"href":"https:\/\/www.acps-automotive.com\/es\/wp-json\/wp\/v2\/comments?post=27176"}],"version-history":[{"count":5,"href":"https:\/\/www.acps-automotive.com\/es\/wp-json\/wp\/v2\/pages\/27176\/revisions"}],"predecessor-version":[{"id":28333,"href":"https:\/\/www.acps-automotive.com\/es\/wp-json\/wp\/v2\/pages\/27176\/revisions\/28333"}],"up":[{"embeddable":true,"href":"https:\/\/www.acps-automotive.com\/es\/wp-json\/wp\/v2\/pages\/27139"}],"wp:attachment":[{"href":"https:\/\/www.acps-automotive.com\/es\/wp-json\/wp\/v2\/media?parent=27176"}],"curies":[{"name":"wp","href":"https:\/\/api.w.org\/{rel}","templated":true}]}}