{"id":27167,"date":"2025-12-08T08:07:38","date_gmt":"2025-12-08T07:07:38","guid":{"rendered":"https:\/\/www.acps-automotive.com\/?page_id=27167"},"modified":"2026-03-06T08:26:36","modified_gmt":"2026-03-06T07:26:36","slug":"innovacion-tecnologia-y-seguridad","status":"publish","type":"page","link":"https:\/\/www.acps-automotive.com\/es\/empresa\/innovacion-tecnologia-y-seguridad\/","title":{"rendered":"Innovaci\u00f3n, tecnolog\u00eda y seguridad"},"content":{"rendered":"<div class=\"vgblk-rw-wrapper limit-wrapper\">\n\n\t<h1><strong>Innovaci\u00f3n y tecnolog\u00eda<\/strong><\/h1>\n<h1>en ACPS Automotive<\/h1>\n\t<img loading=\"lazy\" decoding=\"async\" src=\"https:\/\/www.acps-automotive.com\/wp-content\/uploads\/_media\/_allgemein\/pfeil-text-einleitung.png\" alt=\"Pfeil Text Einleitung\" width=\"46\" height=\"69\" \/><br \/>\nACPS Automotive posee m\u00e1s de 140 patentes en todo el mundo, principalmente por sus sistemas giratorios y mecatr\u00f3nica, lo que la convierte en l\u00edder en tecnolog\u00eda e innovaci\u00f3n. De este modo, nuestra empresa ha influido significativamente en el avance tecnol\u00f3gico en el \u00e1mbito de los dispositivos de remolque. ACPS Automotive es sin\u00f3nimo de m\u00e1s de 65 a\u00f1os de innovaci\u00f3n continua en su sede central, situada en la zona metropolitana de Stuttgart, as\u00ed como en el resto de centros de desarrollo y producci\u00f3n repartidos por todo el mundo.\n\t<p><img loading=\"lazy\" decoding=\"async\" src=\"https:\/\/www.acps-automotive.com\/wp-content\/uploads\/_media\/unternehmen\/innovation\/innovation-02.jpg\" alt=\"Innovation, Technolgy und Sicherheit\" width=\"650\" height=\"400\" \/><\/p>\n\t<p><img loading=\"lazy\" decoding=\"async\" src=\"https:\/\/www.acps-automotive.com\/wp-content\/uploads\/_media\/unternehmen\/innovation\/innovation-01.jpg\" alt=\"Innovation, Technolgy und Sicherheit\" width=\"650\" height=\"400\" \/><\/p>\n\t<h4><strong>Innovaci\u00f3n<\/strong><\/h4>\n<h4>que se convierte en est\u00e1ndar<\/h4>\n\t<p>La innovaci\u00f3n no solo se refleja en las patentes, sino sobre todo en los dispositivos de remolque giratorios, que hoy en d\u00eda son est\u00e1ndar en casi todos los fabricantes de autom\u00f3viles. Estos son l\u00edderes en el mercado en cuanto a tama\u00f1o, robustez y eficiencia. La invenci\u00f3n y la implementaci\u00f3n del giro alrededor de un solo eje inclinado fue pionera y sigue siendo la base de todos los sistemas giratorios actuales de nuestra empresa.<\/p>\n<h5>Desarrollo continuo mediante optimizaciones y nuevos dise\u00f1os<\/h5>\n<p>M\u00e1s del siete por ciento de nuestros empleados trabajan en el \u00e1rea de desarrollo de productos. Adem\u00e1s de los nuevos desarrollos y las mejoras, tambi\u00e9n nos dedicamos a la implementaci\u00f3n de soluciones personalizadas en las que participamos directamente en el proceso de desarrollo de nuestros clientes.<\/p>\n<p>Para las soluciones espec\u00edficas de cada cliente, combinamos componentes fabricados a medida con m\u00f3dulos estandarizados, con el fin de reducir los tiempos de dise\u00f1o y entrega, as\u00ed como los costos. Nuestros equipos de expertos orientados al cliente se encargan de todo el proceso, desde el desarrollo de la idea y el dise\u00f1o, pasando por la construcci\u00f3n del prototipo, hasta el montaje.<\/p>\n\t<h4><strong>Seguridad garantizada<\/strong><\/h4>\n<h4>mediante la inspecci\u00f3n de piezas<\/h4>\n\t<p><img loading=\"lazy\" decoding=\"async\" src=\"https:\/\/www.acps-automotive.com\/wp-content\/uploads\/_media\/unternehmen\/innovation\/sicherheit-01.jpg\" alt=\"Gepr\u00fcfte Sicherheit\" width=\"650\" height=\"400\" \/><\/p>\n\t<p><img loading=\"lazy\" decoding=\"async\" src=\"https:\/\/www.acps-automotive.com\/wp-content\/uploads\/_media\/unternehmen\/innovation\/sicherheit-02.jpg\" alt=\"Gepr\u00fcfte Sicherheit\" width=\"650\" height=\"400\" \/><\/p>\n\t<p>Hoy en d\u00eda, millones de conductores utilizan los dispositivos de remolque de ACPS Automotive y conf\u00edan en la marca ORIS para transportar remolques, ruedas y otros sistemas de soporte de forma segura hasta su destino. El compromiso de ACPS Automotive con la seguridad se refleja en toda la empresa. Desde el dise\u00f1o hasta la producci\u00f3n y el montaje, ACPS Automotive se esfuerza por superar los est\u00e1ndares de seguridad del sector y garantizar el uso seguro de todos sus dispositivos de remolque.<\/p>\n<h5>Certificado y probado seg\u00fan las normas<\/h5>\n<p>La base de la seguridad es el cumplimiento de las normas y est\u00e1ndares, que son auditados por empresas de certificaci\u00f3n independientes. Para comprender y abordar los posibles problemas de seguridad, tambi\u00e9n colaboramos estrechamente con nuestros clientes. M\u00e1s all\u00e1 de estos requisitos, llevamos a cabo otras actividades para mejorar met\u00f3dicamente la seguridad de los productos y procesos.<\/p>\n<h5>Nuestros propios requisitos<\/h5>\n<p>La seguridad es la m\u00e1xima prioridad cuando los ingenieros de ACPS Automotive dise\u00f1an un enganche para remolque. Dado que el enganche para remolque es un producto de seguridad, debe cumplir con los requisitos legales y, a continuaci\u00f3n, se le asigna una placa de identificaci\u00f3n. Adem\u00e1s, en ACPS Automotive, cada enganche para remolque debe cumplir con los est\u00e1ndares de construcci\u00f3n y dise\u00f1o espec\u00edficos de la empresa, que a menudo son m\u00e1s estrictos que los requisitos reglamentarios.<\/p>\n\n<\/div><!-- .vgblk-rw-wrapper -->","protected":false},"excerpt":{"rendered":"<p>Innovaci\u00f3n y tecnolog\u00eda en ACPS Automotive ACPS Automotive posee m\u00e1s de 140 patentes en todo el mundo, principalmente por sus sistemas giratorios y mecatr\u00f3nica, lo que la convierte en l\u00edder en tecnolog\u00eda e innovaci\u00f3n. De este modo, nuestra empresa ha influido significativamente en el avance tecnol\u00f3gico en el \u00e1mbito de los dispositivos de remolque. ACPS&#8230;<\/p>\n","protected":false},"author":8,"featured_media":0,"parent":27139,"menu_order":2,"comment_status":"closed","ping_status":"closed","template":"","meta":{"inline_featured_image":false,"_price":"","_stock":"","_tribe_ticket_header":"","_tribe_default_ticket_provider":"","_tribe_ticket_capacity":"0","_ticket_start_date":"","_ticket_end_date":"","_tribe_ticket_show_description":"","_tribe_ticket_show_not_going":false,"_tribe_ticket_use_global_stock":"","_tribe_ticket_global_stock_level":"","_global_stock_mode":"","_global_stock_cap":"","_tribe_rsvp_for_event":"","_tribe_ticket_going_count":"","_tribe_ticket_not_going_count":"","_tribe_tickets_list":"[]","_tribe_ticket_has_attendee_info_fields":false,"footnotes":""},"class_list":["post-27167","page","type-page","status-publish","hentry"],"yoast_head":"<!-- This site is optimized with the Yoast SEO plugin v27.2 - https:\/\/yoast.com\/product\/yoast-seo-wordpress\/ -->\n<title>Innovaci\u00f3n, tecnolog\u00eda y seguridad | ACPS Automotive<\/title>\n<meta name=\"description\" content=\"\u2713M\u00e1s de 140 patentes en todo el mundo \u2713L\u00edderes en tecnolog\u00eda e innovaci\u00f3n \u271365 a\u00f1os de innovaci\u00f3n \u25ba\u00a1Compruebe usted mismo nuestros conocimientos t\u00e9cnicos!\" \/>\n<meta name=\"robots\" content=\"index, follow, max-snippet:-1, max-image-preview:large, max-video-preview:-1\" \/>\n<link rel=\"canonical\" href=\"https:\/\/www.acps-automotive.com\/es\/empresa\/innovacion-tecnologia-y-seguridad\/\" \/>\n<meta property=\"og:locale\" content=\"es_ES\" \/>\n<meta property=\"og:type\" content=\"article\" \/>\n<meta property=\"og:title\" content=\"Innovaci\u00f3n, tecnolog\u00eda y seguridad | ACPS Automotive\" \/>\n<meta property=\"og:description\" content=\"\u2713M\u00e1s de 140 patentes en todo el mundo \u2713L\u00edderes en tecnolog\u00eda e innovaci\u00f3n \u271365 a\u00f1os de innovaci\u00f3n \u25ba\u00a1Compruebe usted mismo nuestros conocimientos t\u00e9cnicos!\" \/>\n<meta property=\"og:url\" content=\"https:\/\/www.acps-automotive.com\/es\/empresa\/innovacion-tecnologia-y-seguridad\/\" \/>\n<meta property=\"og:site_name\" content=\"ACPS Automotive GmbH\" \/>\n<meta property=\"article:modified_time\" content=\"2026-03-06T07:26:36+00:00\" \/>\n<meta property=\"og:image\" content=\"https:\/\/www.acps-automotive.com\/wp-content\/uploads\/_media\/_allgemein\/pfeil-text-einleitung.png\" \/>\n<meta name=\"twitter:card\" content=\"summary_large_image\" \/>\n<meta name=\"twitter:site\" content=\"@ACPS_Automotive\" \/>\n<meta name=\"twitter:label1\" content=\"Tiempo de lectura\" \/>\n\t<meta name=\"twitter:data1\" content=\"4 minutos\" \/>\n<script type=\"application\/ld+json\" class=\"yoast-schema-graph\">{\"@context\":\"https:\/\/schema.org\",\"@graph\":[{\"@type\":\"WebPage\",\"@id\":\"https:\/\/www.acps-automotive.com\/es\/empresa\/innovacion-tecnologia-y-seguridad\/\",\"url\":\"https:\/\/www.acps-automotive.com\/es\/empresa\/innovacion-tecnologia-y-seguridad\/\",\"name\":\"Innovaci\u00f3n, tecnolog\u00eda y seguridad | ACPS Automotive\",\"isPartOf\":{\"@id\":\"https:\/\/www.acps-automotive.com\/es\/#website\"},\"primaryImageOfPage\":{\"@id\":\"https:\/\/www.acps-automotive.com\/es\/empresa\/innovacion-tecnologia-y-seguridad\/#primaryimage\"},\"image\":{\"@id\":\"https:\/\/www.acps-automotive.com\/es\/empresa\/innovacion-tecnologia-y-seguridad\/#primaryimage\"},\"thumbnailUrl\":\"https:\/\/www.acps-automotive.com\/wp-content\/uploads\/_media\/_allgemein\/pfeil-text-einleitung.png\",\"datePublished\":\"2025-12-08T07:07:38+00:00\",\"dateModified\":\"2026-03-06T07:26:36+00:00\",\"description\":\"\u2713M\u00e1s de 140 patentes en todo el mundo \u2713L\u00edderes en tecnolog\u00eda e innovaci\u00f3n \u271365 a\u00f1os de innovaci\u00f3n \u25ba\u00a1Compruebe usted mismo nuestros conocimientos t\u00e9cnicos!\",\"breadcrumb\":{\"@id\":\"https:\/\/www.acps-automotive.com\/es\/empresa\/innovacion-tecnologia-y-seguridad\/#breadcrumb\"},\"inLanguage\":\"es\",\"potentialAction\":[{\"@type\":\"ReadAction\",\"target\":[\"https:\/\/www.acps-automotive.com\/es\/empresa\/innovacion-tecnologia-y-seguridad\/\"]}]},{\"@type\":\"ImageObject\",\"inLanguage\":\"es\",\"@id\":\"https:\/\/www.acps-automotive.com\/es\/empresa\/innovacion-tecnologia-y-seguridad\/#primaryimage\",\"url\":\"https:\/\/www.acps-automotive.com\/wp-content\/uploads\/_media\/_allgemein\/pfeil-text-einleitung.png\",\"contentUrl\":\"https:\/\/www.acps-automotive.com\/wp-content\/uploads\/_media\/_allgemein\/pfeil-text-einleitung.png\"},{\"@type\":\"BreadcrumbList\",\"@id\":\"https:\/\/www.acps-automotive.com\/es\/empresa\/innovacion-tecnologia-y-seguridad\/#breadcrumb\",\"itemListElement\":[{\"@type\":\"ListItem\",\"position\":1,\"name\":\"Startseite\",\"item\":\"https:\/\/www.acps-automotive.com\/es\/\"},{\"@type\":\"ListItem\",\"position\":2,\"name\":\"Empresa\",\"item\":\"https:\/\/www.acps-automotive.com\/es\/empresa\/\"},{\"@type\":\"ListItem\",\"position\":3,\"name\":\"Innovaci\u00f3n, tecnolog\u00eda y seguridad\"}]},{\"@type\":\"WebSite\",\"@id\":\"https:\/\/www.acps-automotive.com\/es\/#website\",\"url\":\"https:\/\/www.acps-automotive.com\/es\/\",\"name\":\"ACPS Automotive GmbH\",\"description\":\"Innovative Anh\u00e4ngekupplungen\",\"publisher\":{\"@id\":\"https:\/\/www.acps-automotive.com\/es\/#organization\"},\"potentialAction\":[{\"@type\":\"SearchAction\",\"target\":{\"@type\":\"EntryPoint\",\"urlTemplate\":\"https:\/\/www.acps-automotive.com\/es\/?s={search_term_string}\"},\"query-input\":{\"@type\":\"PropertyValueSpecification\",\"valueRequired\":true,\"valueName\":\"search_term_string\"}}],\"inLanguage\":\"es\"},{\"@type\":\"Organization\",\"@id\":\"https:\/\/www.acps-automotive.com\/es\/#organization\",\"name\":\"ACPS Automotive GmbH\",\"url\":\"https:\/\/www.acps-automotive.com\/es\/\",\"logo\":{\"@type\":\"ImageObject\",\"inLanguage\":\"es\",\"@id\":\"https:\/\/www.acps-automotive.com\/es\/#\/schema\/logo\/image\/\",\"url\":\"https:\/\/www.acps-automotive.com\/wp-content\/uploads\/_media\/_allgemein\/Logo-Footer-ACPS-Automotive.png\",\"contentUrl\":\"https:\/\/www.acps-automotive.com\/wp-content\/uploads\/_media\/_allgemein\/Logo-Footer-ACPS-Automotive.png\",\"width\":239,\"height\":32,\"caption\":\"ACPS Automotive GmbH\"},\"image\":{\"@id\":\"https:\/\/www.acps-automotive.com\/es\/#\/schema\/logo\/image\/\"},\"sameAs\":[\"https:\/\/x.com\/ACPS_Automotive\",\"https:\/\/www.linkedin.com\/company\/acps-automotive-gmbh\/\",\"https:\/\/www.instagram.com\/acps_ausbildung\/\",\"https:\/\/www.youtube.com\/channel\/UC2jxrgWwpxpkay2aHWV5SaQ\"]}]}<\/script>\n<!-- \/ Yoast SEO plugin. -->","yoast_head_json":{"title":"Innovaci\u00f3n, tecnolog\u00eda y seguridad | ACPS Automotive","description":"\u2713M\u00e1s de 140 patentes en todo el mundo \u2713L\u00edderes en tecnolog\u00eda e innovaci\u00f3n \u271365 a\u00f1os de innovaci\u00f3n \u25ba\u00a1Compruebe usted mismo nuestros conocimientos t\u00e9cnicos!","robots":{"index":"index","follow":"follow","max-snippet":"max-snippet:-1","max-image-preview":"max-image-preview:large","max-video-preview":"max-video-preview:-1"},"canonical":"https:\/\/www.acps-automotive.com\/es\/empresa\/innovacion-tecnologia-y-seguridad\/","og_locale":"es_ES","og_type":"article","og_title":"Innovaci\u00f3n, tecnolog\u00eda y seguridad | ACPS Automotive","og_description":"\u2713M\u00e1s de 140 patentes en todo el mundo \u2713L\u00edderes en tecnolog\u00eda e innovaci\u00f3n \u271365 a\u00f1os de innovaci\u00f3n \u25ba\u00a1Compruebe usted mismo nuestros conocimientos t\u00e9cnicos!","og_url":"https:\/\/www.acps-automotive.com\/es\/empresa\/innovacion-tecnologia-y-seguridad\/","og_site_name":"ACPS Automotive GmbH","article_modified_time":"2026-03-06T07:26:36+00:00","og_image":[{"url":"https:\/\/www.acps-automotive.com\/wp-content\/uploads\/_media\/_allgemein\/pfeil-text-einleitung.png","type":"","width":"","height":""}],"twitter_card":"summary_large_image","twitter_site":"@ACPS_Automotive","twitter_misc":{"Tiempo de lectura":"4 minutos"},"schema":{"@context":"https:\/\/schema.org","@graph":[{"@type":"WebPage","@id":"https:\/\/www.acps-automotive.com\/es\/empresa\/innovacion-tecnologia-y-seguridad\/","url":"https:\/\/www.acps-automotive.com\/es\/empresa\/innovacion-tecnologia-y-seguridad\/","name":"Innovaci\u00f3n, tecnolog\u00eda y seguridad | ACPS Automotive","isPartOf":{"@id":"https:\/\/www.acps-automotive.com\/es\/#website"},"primaryImageOfPage":{"@id":"https:\/\/www.acps-automotive.com\/es\/empresa\/innovacion-tecnologia-y-seguridad\/#primaryimage"},"image":{"@id":"https:\/\/www.acps-automotive.com\/es\/empresa\/innovacion-tecnologia-y-seguridad\/#primaryimage"},"thumbnailUrl":"https:\/\/www.acps-automotive.com\/wp-content\/uploads\/_media\/_allgemein\/pfeil-text-einleitung.png","datePublished":"2025-12-08T07:07:38+00:00","dateModified":"2026-03-06T07:26:36+00:00","description":"\u2713M\u00e1s de 140 patentes en todo el mundo \u2713L\u00edderes en tecnolog\u00eda e innovaci\u00f3n \u271365 a\u00f1os de innovaci\u00f3n \u25ba\u00a1Compruebe usted mismo nuestros conocimientos t\u00e9cnicos!","breadcrumb":{"@id":"https:\/\/www.acps-automotive.com\/es\/empresa\/innovacion-tecnologia-y-seguridad\/#breadcrumb"},"inLanguage":"es","potentialAction":[{"@type":"ReadAction","target":["https:\/\/www.acps-automotive.com\/es\/empresa\/innovacion-tecnologia-y-seguridad\/"]}]},{"@type":"ImageObject","inLanguage":"es","@id":"https:\/\/www.acps-automotive.com\/es\/empresa\/innovacion-tecnologia-y-seguridad\/#primaryimage","url":"https:\/\/www.acps-automotive.com\/wp-content\/uploads\/_media\/_allgemein\/pfeil-text-einleitung.png","contentUrl":"https:\/\/www.acps-automotive.com\/wp-content\/uploads\/_media\/_allgemein\/pfeil-text-einleitung.png"},{"@type":"BreadcrumbList","@id":"https:\/\/www.acps-automotive.com\/es\/empresa\/innovacion-tecnologia-y-seguridad\/#breadcrumb","itemListElement":[{"@type":"ListItem","position":1,"name":"Startseite","item":"https:\/\/www.acps-automotive.com\/es\/"},{"@type":"ListItem","position":2,"name":"Empresa","item":"https:\/\/www.acps-automotive.com\/es\/empresa\/"},{"@type":"ListItem","position":3,"name":"Innovaci\u00f3n, tecnolog\u00eda y seguridad"}]},{"@type":"WebSite","@id":"https:\/\/www.acps-automotive.com\/es\/#website","url":"https:\/\/www.acps-automotive.com\/es\/","name":"ACPS Automotive GmbH","description":"Innovative Anh\u00e4ngekupplungen","publisher":{"@id":"https:\/\/www.acps-automotive.com\/es\/#organization"},"potentialAction":[{"@type":"SearchAction","target":{"@type":"EntryPoint","urlTemplate":"https:\/\/www.acps-automotive.com\/es\/?s={search_term_string}"},"query-input":{"@type":"PropertyValueSpecification","valueRequired":true,"valueName":"search_term_string"}}],"inLanguage":"es"},{"@type":"Organization","@id":"https:\/\/www.acps-automotive.com\/es\/#organization","name":"ACPS Automotive GmbH","url":"https:\/\/www.acps-automotive.com\/es\/","logo":{"@type":"ImageObject","inLanguage":"es","@id":"https:\/\/www.acps-automotive.com\/es\/#\/schema\/logo\/image\/","url":"https:\/\/www.acps-automotive.com\/wp-content\/uploads\/_media\/_allgemein\/Logo-Footer-ACPS-Automotive.png","contentUrl":"https:\/\/www.acps-automotive.com\/wp-content\/uploads\/_media\/_allgemein\/Logo-Footer-ACPS-Automotive.png","width":239,"height":32,"caption":"ACPS Automotive GmbH"},"image":{"@id":"https:\/\/www.acps-automotive.com\/es\/#\/schema\/logo\/image\/"},"sameAs":["https:\/\/x.com\/ACPS_Automotive","https:\/\/www.linkedin.com\/company\/acps-automotive-gmbh\/","https:\/\/www.instagram.com\/acps_ausbildung\/","https:\/\/www.youtube.com\/channel\/UC2jxrgWwpxpkay2aHWV5SaQ"]}]}},"_links":{"self":[{"href":"https:\/\/www.acps-automotive.com\/es\/wp-json\/wp\/v2\/pages\/27167","targetHints":{"allow":["GET"]}}],"collection":[{"href":"https:\/\/www.acps-automotive.com\/es\/wp-json\/wp\/v2\/pages"}],"about":[{"href":"https:\/\/www.acps-automotive.com\/es\/wp-json\/wp\/v2\/types\/page"}],"author":[{"embeddable":true,"href":"https:\/\/www.acps-automotive.com\/es\/wp-json\/wp\/v2\/users\/8"}],"replies":[{"embeddable":true,"href":"https:\/\/www.acps-automotive.com\/es\/wp-json\/wp\/v2\/comments?post=27167"}],"version-history":[{"count":8,"href":"https:\/\/www.acps-automotive.com\/es\/wp-json\/wp\/v2\/pages\/27167\/revisions"}],"predecessor-version":[{"id":28806,"href":"https:\/\/www.acps-automotive.com\/es\/wp-json\/wp\/v2\/pages\/27167\/revisions\/28806"}],"up":[{"embeddable":true,"href":"https:\/\/www.acps-automotive.com\/es\/wp-json\/wp\/v2\/pages\/27139"}],"wp:attachment":[{"href":"https:\/\/www.acps-automotive.com\/es\/wp-json\/wp\/v2\/media?parent=27167"}],"curies":[{"name":"wp","href":"https:\/\/api.w.org\/{rel}","templated":true}]}}