{"id":27163,"date":"2025-12-08T08:05:27","date_gmt":"2025-12-08T07:05:27","guid":{"rendered":"https:\/\/www.acps-automotive.com\/?page_id=27163"},"modified":"2026-03-05T11:16:53","modified_gmt":"2026-03-05T10:16:53","slug":"filosofia","status":"publish","type":"page","link":"https:\/\/www.acps-automotive.com\/es\/empresa\/filosofia\/","title":{"rendered":"Filosof\u00eda"},"content":{"rendered":"<div class=\"vgblk-rw-wrapper limit-wrapper\">\n\n\t<h1><strong>Filosof\u00eda<\/strong><\/h1>\n<h1>Misi\u00f3n<\/h1>\n\t<img loading=\"lazy\" decoding=\"async\" src=\"https:\/\/www.acps-automotive.com\/wp-content\/uploads\/_media\/_allgemein\/pfeil-text-einleitung.png\" alt=\"Pfeil Text Einleitung\" width=\"46\" height=\"69\" \/><br \/>\nCombinamos movilidad y pasi\u00f3n.\n\t<h4><strong>Valores que defendemos<\/strong><\/h4>\n<p><img decoding=\"async\" src=\"https:\/\/www.acps-automotive.com\/wp-content\/uploads\/_media\/unternehmen\/leitbild\/philosophie-es.jpg\" alt=\"Valores que defendemos\" width=\"100%\" height=\"auto\" \/><\/p>\n\t<h4><strong>\u00bfQu\u00e9 hay detr\u00e1s de nuestros valores?<\/strong><\/h4>\n\n  Aqu\u00ed encontrar\u00e1 m\u00e1s informaci\u00f3n sobre los principios que rigen nuestra empresa y nuestras acciones.\n\t<h3>Innovaci\u00f3n<\/h3>\n<p>Aprovechamos el potencial de las nuevas ideas, investigamos enfoques innovadores y los convertimos en productos avanzados mediante m\u00e9todos creativos y las \u00faltimas tecnolog\u00edas.<\/p>\n\t<h3>Respeto<\/h3>\n<p>Nos tratamos con cortes\u00eda, equidad y respeto.<\/p>\n\t<h3>Integridad<\/h3>\n<p>Actuamos con honestidad, equidad y confiabilidad.<\/p>\n\t<h3>Esp\u00edritu de equipo<\/h3>\n<p>Juntos somos fuertes y celebramos los \u00e9xitos juntos.<\/p>\n\t<h3>Enfoque en el cliente<\/h3>\n<p>Ofrecemos a nuestros clientes un valor agregado real y garantizamos un \u00e9xito comercial sostenible.<\/p>\n\t<h3>Comunicaci\u00f3n<\/h3>\n<p>Nos comunicamos abiertamente y de igual a igual.<\/p>\n\t<h3>Empat\u00eda<\/h3>\n<p>Nos esforzamos por analizar las situaciones desde diferentes perspectivas antes de actuar.<\/p>\n\t<h3>Competencia<\/h3>\n<p>Asumimos activamente la responsabilidad del \u00e9xito de la empresa.<\/p>\n\t<h3>Capacitaci\u00f3n<\/h3>\n<p>Creamos un ambiente de trabajo en el que las personas pueden aprovechar al m\u00e1ximo sus habilidades y desarrollar soluciones creativas.<\/p>\n\t<h3>Sostenibilidad<\/h3>\n<p>Utilizamos nuestros recursos de manera responsable.<\/p>\n\n<\/div><!-- .vgblk-rw-wrapper -->","protected":false},"excerpt":{"rendered":"<p>Filosof\u00eda Misi\u00f3n Combinamos movilidad y pasi\u00f3n. Valores que defendemos \u00bfQu\u00e9 hay detr\u00e1s de nuestros valores? Aqu\u00ed encontrar\u00e1 m\u00e1s informaci\u00f3n sobre los principios que rigen nuestra empresa y nuestras acciones. Innovaci\u00f3n Aprovechamos el potencial de las nuevas ideas, investigamos enfoques innovadores y los convertimos en productos avanzados mediante m\u00e9todos creativos y las \u00faltimas tecnolog\u00edas. Respeto Nos&#8230;<\/p>\n","protected":false},"author":8,"featured_media":0,"parent":27139,"menu_order":1,"comment_status":"closed","ping_status":"closed","template":"","meta":{"inline_featured_image":false,"_price":"","_stock":"","_tribe_ticket_header":"","_tribe_default_ticket_provider":"","_tribe_ticket_capacity":"0","_ticket_start_date":"","_ticket_end_date":"","_tribe_ticket_show_description":"","_tribe_ticket_show_not_going":false,"_tribe_ticket_use_global_stock":"","_tribe_ticket_global_stock_level":"","_global_stock_mode":"","_global_stock_cap":"","_tribe_rsvp_for_event":"","_tribe_ticket_going_count":"","_tribe_ticket_not_going_count":"","_tribe_tickets_list":"[]","_tribe_ticket_has_attendee_info_fields":false,"footnotes":""},"class_list":["post-27163","page","type-page","status-publish","hentry"],"yoast_head":"<!-- This site is optimized with the Yoast SEO plugin v27.2 - https:\/\/yoast.com\/product\/yoast-seo-wordpress\/ -->\n<title>Nuestra filosof\u00eda | ACPS Automotive<\/title>\n<meta name=\"description\" content=\"Nuestra visi\u00f3n es ser un fabricante l\u00edder de sistemas de remolque y transporte para autom\u00f3viles. \u25ba Eche un vistazo a nuestra declaraci\u00f3n de misi\u00f3n.\" \/>\n<meta name=\"robots\" content=\"index, follow, max-snippet:-1, max-image-preview:large, max-video-preview:-1\" \/>\n<link rel=\"canonical\" href=\"https:\/\/www.acps-automotive.com\/es\/empresa\/filosofia\/\" \/>\n<meta property=\"og:locale\" content=\"es_ES\" \/>\n<meta property=\"og:type\" content=\"article\" \/>\n<meta property=\"og:title\" content=\"Nuestra filosof\u00eda | ACPS Automotive\" \/>\n<meta property=\"og:description\" content=\"Nuestra visi\u00f3n es ser un fabricante l\u00edder de sistemas de remolque y transporte para autom\u00f3viles. \u25ba Eche un vistazo a nuestra declaraci\u00f3n de misi\u00f3n.\" \/>\n<meta property=\"og:url\" content=\"https:\/\/www.acps-automotive.com\/es\/empresa\/filosofia\/\" \/>\n<meta property=\"og:site_name\" content=\"ACPS Automotive GmbH\" \/>\n<meta property=\"article:modified_time\" content=\"2026-03-05T10:16:53+00:00\" \/>\n<meta property=\"og:image\" content=\"https:\/\/www.acps-automotive.com\/wp-content\/uploads\/_media\/_allgemein\/pfeil-text-einleitung.png\" \/>\n<meta name=\"twitter:card\" content=\"summary_large_image\" \/>\n<meta name=\"twitter:site\" content=\"@ACPS_Automotive\" \/>\n<meta name=\"twitter:label1\" content=\"Tiempo de lectura\" \/>\n\t<meta name=\"twitter:data1\" content=\"2 minutos\" \/>\n<script type=\"application\/ld+json\" class=\"yoast-schema-graph\">{\"@context\":\"https:\/\/schema.org\",\"@graph\":[{\"@type\":\"WebPage\",\"@id\":\"https:\/\/www.acps-automotive.com\/es\/empresa\/filosofia\/\",\"url\":\"https:\/\/www.acps-automotive.com\/es\/empresa\/filosofia\/\",\"name\":\"Nuestra filosof\u00eda | ACPS Automotive\",\"isPartOf\":{\"@id\":\"https:\/\/www.acps-automotive.com\/es\/#website\"},\"primaryImageOfPage\":{\"@id\":\"https:\/\/www.acps-automotive.com\/es\/empresa\/filosofia\/#primaryimage\"},\"image\":{\"@id\":\"https:\/\/www.acps-automotive.com\/es\/empresa\/filosofia\/#primaryimage\"},\"thumbnailUrl\":\"https:\/\/www.acps-automotive.com\/wp-content\/uploads\/_media\/_allgemein\/pfeil-text-einleitung.png\",\"datePublished\":\"2025-12-08T07:05:27+00:00\",\"dateModified\":\"2026-03-05T10:16:53+00:00\",\"description\":\"Nuestra visi\u00f3n es ser un fabricante l\u00edder de sistemas de remolque y transporte para autom\u00f3viles. \u25ba Eche un vistazo a nuestra declaraci\u00f3n de misi\u00f3n.\",\"breadcrumb\":{\"@id\":\"https:\/\/www.acps-automotive.com\/es\/empresa\/filosofia\/#breadcrumb\"},\"inLanguage\":\"es\",\"potentialAction\":[{\"@type\":\"ReadAction\",\"target\":[\"https:\/\/www.acps-automotive.com\/es\/empresa\/filosofia\/\"]}]},{\"@type\":\"ImageObject\",\"inLanguage\":\"es\",\"@id\":\"https:\/\/www.acps-automotive.com\/es\/empresa\/filosofia\/#primaryimage\",\"url\":\"https:\/\/www.acps-automotive.com\/wp-content\/uploads\/_media\/_allgemein\/pfeil-text-einleitung.png\",\"contentUrl\":\"https:\/\/www.acps-automotive.com\/wp-content\/uploads\/_media\/_allgemein\/pfeil-text-einleitung.png\"},{\"@type\":\"BreadcrumbList\",\"@id\":\"https:\/\/www.acps-automotive.com\/es\/empresa\/filosofia\/#breadcrumb\",\"itemListElement\":[{\"@type\":\"ListItem\",\"position\":1,\"name\":\"Startseite\",\"item\":\"https:\/\/www.acps-automotive.com\/es\/\"},{\"@type\":\"ListItem\",\"position\":2,\"name\":\"Empresa\",\"item\":\"https:\/\/www.acps-automotive.com\/es\/empresa\/\"},{\"@type\":\"ListItem\",\"position\":3,\"name\":\"Filosof\u00eda\"}]},{\"@type\":\"WebSite\",\"@id\":\"https:\/\/www.acps-automotive.com\/es\/#website\",\"url\":\"https:\/\/www.acps-automotive.com\/es\/\",\"name\":\"ACPS Automotive GmbH\",\"description\":\"Innovative Anh\u00e4ngekupplungen\",\"publisher\":{\"@id\":\"https:\/\/www.acps-automotive.com\/es\/#organization\"},\"potentialAction\":[{\"@type\":\"SearchAction\",\"target\":{\"@type\":\"EntryPoint\",\"urlTemplate\":\"https:\/\/www.acps-automotive.com\/es\/?s={search_term_string}\"},\"query-input\":{\"@type\":\"PropertyValueSpecification\",\"valueRequired\":true,\"valueName\":\"search_term_string\"}}],\"inLanguage\":\"es\"},{\"@type\":\"Organization\",\"@id\":\"https:\/\/www.acps-automotive.com\/es\/#organization\",\"name\":\"ACPS Automotive GmbH\",\"url\":\"https:\/\/www.acps-automotive.com\/es\/\",\"logo\":{\"@type\":\"ImageObject\",\"inLanguage\":\"es\",\"@id\":\"https:\/\/www.acps-automotive.com\/es\/#\/schema\/logo\/image\/\",\"url\":\"https:\/\/www.acps-automotive.com\/wp-content\/uploads\/_media\/_allgemein\/Logo-Footer-ACPS-Automotive.png\",\"contentUrl\":\"https:\/\/www.acps-automotive.com\/wp-content\/uploads\/_media\/_allgemein\/Logo-Footer-ACPS-Automotive.png\",\"width\":239,\"height\":32,\"caption\":\"ACPS Automotive GmbH\"},\"image\":{\"@id\":\"https:\/\/www.acps-automotive.com\/es\/#\/schema\/logo\/image\/\"},\"sameAs\":[\"https:\/\/x.com\/ACPS_Automotive\",\"https:\/\/www.linkedin.com\/company\/acps-automotive-gmbh\/\",\"https:\/\/www.instagram.com\/acps_ausbildung\/\",\"https:\/\/www.youtube.com\/channel\/UC2jxrgWwpxpkay2aHWV5SaQ\"]}]}<\/script>\n<!-- \/ Yoast SEO plugin. -->","yoast_head_json":{"title":"Nuestra filosof\u00eda | ACPS Automotive","description":"Nuestra visi\u00f3n es ser un fabricante l\u00edder de sistemas de remolque y transporte para autom\u00f3viles. \u25ba Eche un vistazo a nuestra declaraci\u00f3n de misi\u00f3n.","robots":{"index":"index","follow":"follow","max-snippet":"max-snippet:-1","max-image-preview":"max-image-preview:large","max-video-preview":"max-video-preview:-1"},"canonical":"https:\/\/www.acps-automotive.com\/es\/empresa\/filosofia\/","og_locale":"es_ES","og_type":"article","og_title":"Nuestra filosof\u00eda | ACPS Automotive","og_description":"Nuestra visi\u00f3n es ser un fabricante l\u00edder de sistemas de remolque y transporte para autom\u00f3viles. \u25ba Eche un vistazo a nuestra declaraci\u00f3n de misi\u00f3n.","og_url":"https:\/\/www.acps-automotive.com\/es\/empresa\/filosofia\/","og_site_name":"ACPS Automotive GmbH","article_modified_time":"2026-03-05T10:16:53+00:00","og_image":[{"url":"https:\/\/www.acps-automotive.com\/wp-content\/uploads\/_media\/_allgemein\/pfeil-text-einleitung.png","type":"","width":"","height":""}],"twitter_card":"summary_large_image","twitter_site":"@ACPS_Automotive","twitter_misc":{"Tiempo de lectura":"2 minutos"},"schema":{"@context":"https:\/\/schema.org","@graph":[{"@type":"WebPage","@id":"https:\/\/www.acps-automotive.com\/es\/empresa\/filosofia\/","url":"https:\/\/www.acps-automotive.com\/es\/empresa\/filosofia\/","name":"Nuestra filosof\u00eda | ACPS Automotive","isPartOf":{"@id":"https:\/\/www.acps-automotive.com\/es\/#website"},"primaryImageOfPage":{"@id":"https:\/\/www.acps-automotive.com\/es\/empresa\/filosofia\/#primaryimage"},"image":{"@id":"https:\/\/www.acps-automotive.com\/es\/empresa\/filosofia\/#primaryimage"},"thumbnailUrl":"https:\/\/www.acps-automotive.com\/wp-content\/uploads\/_media\/_allgemein\/pfeil-text-einleitung.png","datePublished":"2025-12-08T07:05:27+00:00","dateModified":"2026-03-05T10:16:53+00:00","description":"Nuestra visi\u00f3n es ser un fabricante l\u00edder de sistemas de remolque y transporte para autom\u00f3viles. \u25ba Eche un vistazo a nuestra declaraci\u00f3n de misi\u00f3n.","breadcrumb":{"@id":"https:\/\/www.acps-automotive.com\/es\/empresa\/filosofia\/#breadcrumb"},"inLanguage":"es","potentialAction":[{"@type":"ReadAction","target":["https:\/\/www.acps-automotive.com\/es\/empresa\/filosofia\/"]}]},{"@type":"ImageObject","inLanguage":"es","@id":"https:\/\/www.acps-automotive.com\/es\/empresa\/filosofia\/#primaryimage","url":"https:\/\/www.acps-automotive.com\/wp-content\/uploads\/_media\/_allgemein\/pfeil-text-einleitung.png","contentUrl":"https:\/\/www.acps-automotive.com\/wp-content\/uploads\/_media\/_allgemein\/pfeil-text-einleitung.png"},{"@type":"BreadcrumbList","@id":"https:\/\/www.acps-automotive.com\/es\/empresa\/filosofia\/#breadcrumb","itemListElement":[{"@type":"ListItem","position":1,"name":"Startseite","item":"https:\/\/www.acps-automotive.com\/es\/"},{"@type":"ListItem","position":2,"name":"Empresa","item":"https:\/\/www.acps-automotive.com\/es\/empresa\/"},{"@type":"ListItem","position":3,"name":"Filosof\u00eda"}]},{"@type":"WebSite","@id":"https:\/\/www.acps-automotive.com\/es\/#website","url":"https:\/\/www.acps-automotive.com\/es\/","name":"ACPS Automotive GmbH","description":"Innovative Anh\u00e4ngekupplungen","publisher":{"@id":"https:\/\/www.acps-automotive.com\/es\/#organization"},"potentialAction":[{"@type":"SearchAction","target":{"@type":"EntryPoint","urlTemplate":"https:\/\/www.acps-automotive.com\/es\/?s={search_term_string}"},"query-input":{"@type":"PropertyValueSpecification","valueRequired":true,"valueName":"search_term_string"}}],"inLanguage":"es"},{"@type":"Organization","@id":"https:\/\/www.acps-automotive.com\/es\/#organization","name":"ACPS Automotive GmbH","url":"https:\/\/www.acps-automotive.com\/es\/","logo":{"@type":"ImageObject","inLanguage":"es","@id":"https:\/\/www.acps-automotive.com\/es\/#\/schema\/logo\/image\/","url":"https:\/\/www.acps-automotive.com\/wp-content\/uploads\/_media\/_allgemein\/Logo-Footer-ACPS-Automotive.png","contentUrl":"https:\/\/www.acps-automotive.com\/wp-content\/uploads\/_media\/_allgemein\/Logo-Footer-ACPS-Automotive.png","width":239,"height":32,"caption":"ACPS Automotive GmbH"},"image":{"@id":"https:\/\/www.acps-automotive.com\/es\/#\/schema\/logo\/image\/"},"sameAs":["https:\/\/x.com\/ACPS_Automotive","https:\/\/www.linkedin.com\/company\/acps-automotive-gmbh\/","https:\/\/www.instagram.com\/acps_ausbildung\/","https:\/\/www.youtube.com\/channel\/UC2jxrgWwpxpkay2aHWV5SaQ"]}]}},"_links":{"self":[{"href":"https:\/\/www.acps-automotive.com\/es\/wp-json\/wp\/v2\/pages\/27163","targetHints":{"allow":["GET"]}}],"collection":[{"href":"https:\/\/www.acps-automotive.com\/es\/wp-json\/wp\/v2\/pages"}],"about":[{"href":"https:\/\/www.acps-automotive.com\/es\/wp-json\/wp\/v2\/types\/page"}],"author":[{"embeddable":true,"href":"https:\/\/www.acps-automotive.com\/es\/wp-json\/wp\/v2\/users\/8"}],"replies":[{"embeddable":true,"href":"https:\/\/www.acps-automotive.com\/es\/wp-json\/wp\/v2\/comments?post=27163"}],"version-history":[{"count":5,"href":"https:\/\/www.acps-automotive.com\/es\/wp-json\/wp\/v2\/pages\/27163\/revisions"}],"predecessor-version":[{"id":28324,"href":"https:\/\/www.acps-automotive.com\/es\/wp-json\/wp\/v2\/pages\/27163\/revisions\/28324"}],"up":[{"embeddable":true,"href":"https:\/\/www.acps-automotive.com\/es\/wp-json\/wp\/v2\/pages\/27139"}],"wp:attachment":[{"href":"https:\/\/www.acps-automotive.com\/es\/wp-json\/wp\/v2\/media?parent=27163"}],"curies":[{"name":"wp","href":"https:\/\/api.w.org\/{rel}","templated":true}]}}