{"id":27130,"date":"2025-12-15T09:01:37","date_gmt":"2025-12-15T08:01:37","guid":{"rendered":"https:\/\/www.acps-automotive.com\/?page_id=27130"},"modified":"2026-03-06T09:24:05","modified_gmt":"2026-03-06T08:24:05","slug":"profesionales-con-experiencia","status":"publish","type":"page","link":"https:\/\/www.acps-automotive.com\/es\/carrera-profesional\/profesionales-con-experiencia\/","title":{"rendered":"Profesionales con experiencia"},"content":{"rendered":"<div class=\"vgblk-rw-wrapper limit-wrapper\">\n\n\t<h1><strong>Su inicio<\/strong><\/h1>\n<h1>con experiencia profesional<\/h1>\n\t<img loading=\"lazy\" decoding=\"async\" src=\"https:\/\/www.acps-automotive.com\/wp-content\/uploads\/_media\/_allgemein\/pfeil-text-einleitung.png\" alt=\"Pfeil Text Einleitung\" width=\"46\" height=\"69\" \/><br \/>\nSomos l\u00edderes tecnol\u00f3gicos en nuestro negocio principal, los dispositivos de remolque, y la innovaci\u00f3n forma parte integral de nuestra cultura corporativa.\n\t<p><img loading=\"lazy\" decoding=\"async\" src=\"https:\/\/www.acps-automotive.com\/wp-content\/uploads\/_media\/karriere\/berufserfahrene\/berufserfahrene01.jpg\" alt=\"Berufserfahrene\" width=\"650\" height=\"400\" \/><\/p>\n\t<p><img loading=\"lazy\" decoding=\"async\" src=\"https:\/\/www.acps-automotive.com\/wp-content\/uploads\/_media\/karriere\/berufserfahrene\/tanja-mergler.jpg\" alt=\"Tanja Mergler\" width=\"650\" height=\"400\" \/><\/p>\n\t\u00abACPS Automotive es un empleador s\u00f3lido. Aqu\u00ed se da la combinaci\u00f3n perfecta de condiciones laborales atractivas y un entorno empresarial innovador. Me motiva especialmente trabajar con nuestros clientes en proyectos t\u00e9cnicamente exigentes\u00bb.<br \/>\nTanja Mergler, Global Key Account Manager\n\t<h4><strong>Aprovechar las oportunidades profesionales<\/strong><\/h4>\n<h4>Aporte sus ideas<\/h4>\n\t<p>Buscamos personas que impulsen continuamente mejoras y est\u00e9n abiertas al cambio. ACPS Automotive cuenta con diez sedes en todo el mundo y est\u00e1 presente en importantes mercados en crecimiento. Se siente c\u00f3modo en un entorno internacional y destaca por su buen dominio del ingl\u00e9s. Descubra nuestras diferentes \u00e1reas y las <a href=\"https:\/\/careers.acps-automotive.com\/?locale=es_ES\">m\u00faltiples oportunidades laborales<\/a>.<\/p>\n\n<\/div><!-- .vgblk-rw-wrapper -->","protected":false},"excerpt":{"rendered":"<p>Su inicio con experiencia profesional Somos l\u00edderes tecnol\u00f3gicos en nuestro negocio principal, los dispositivos de remolque, y la innovaci\u00f3n forma parte integral de nuestra cultura corporativa. \u00abACPS Automotive es un empleador s\u00f3lido. Aqu\u00ed se da la combinaci\u00f3n perfecta de condiciones laborales atractivas y un entorno empresarial innovador. Me motiva especialmente trabajar con nuestros clientes en&#8230;<\/p>\n","protected":false},"author":8,"featured_media":0,"parent":28092,"menu_order":0,"comment_status":"closed","ping_status":"closed","template":"","meta":{"inline_featured_image":false,"_price":"","_stock":"","_tribe_ticket_header":"","_tribe_default_ticket_provider":"","_tribe_ticket_capacity":"0","_ticket_start_date":"","_ticket_end_date":"","_tribe_ticket_show_description":"","_tribe_ticket_show_not_going":false,"_tribe_ticket_use_global_stock":"","_tribe_ticket_global_stock_level":"","_global_stock_mode":"","_global_stock_cap":"","_tribe_rsvp_for_event":"","_tribe_ticket_going_count":"","_tribe_ticket_not_going_count":"","_tribe_tickets_list":"[]","_tribe_ticket_has_attendee_info_fields":false,"footnotes":""},"class_list":["post-27130","page","type-page","status-publish","hentry"],"yoast_head":"<!-- This site is optimized with the Yoast SEO plugin v27.2 - https:\/\/yoast.com\/product\/yoast-seo-wordpress\/ -->\n<title>Puestos para profesionales con experiencia | ACPS Automotive<\/title>\n<meta name=\"description\" content=\"\u00bfBuscas nuevos retos? \u00a1Con el l\u00edder del mercado en dispositivos de remolque, seguro que los encuentras! \u25ba\u00a1Te estamos buscando!\" \/>\n<meta name=\"robots\" content=\"index, follow, max-snippet:-1, max-image-preview:large, max-video-preview:-1\" \/>\n<link rel=\"canonical\" href=\"https:\/\/www.acps-automotive.com\/es\/carrera-profesional\/profesionales-con-experiencia\/\" \/>\n<meta property=\"og:locale\" content=\"es_ES\" \/>\n<meta property=\"og:type\" content=\"article\" \/>\n<meta property=\"og:title\" content=\"Puestos para profesionales con experiencia | ACPS Automotive\" \/>\n<meta property=\"og:description\" content=\"\u00bfBuscas nuevos retos? \u00a1Con el l\u00edder del mercado en dispositivos de remolque, seguro que los encuentras! \u25ba\u00a1Te estamos buscando!\" \/>\n<meta property=\"og:url\" content=\"https:\/\/www.acps-automotive.com\/es\/carrera-profesional\/profesionales-con-experiencia\/\" \/>\n<meta property=\"og:site_name\" content=\"ACPS Automotive GmbH\" \/>\n<meta property=\"article:modified_time\" content=\"2026-03-06T08:24:05+00:00\" \/>\n<meta property=\"og:image\" content=\"https:\/\/www.acps-automotive.com\/wp-content\/uploads\/_media\/_allgemein\/pfeil-text-einleitung.png\" \/>\n<meta name=\"twitter:card\" content=\"summary_large_image\" \/>\n<meta name=\"twitter:site\" content=\"@ACPS_Automotive\" \/>\n<meta name=\"twitter:label1\" content=\"Tiempo de lectura\" \/>\n\t<meta name=\"twitter:data1\" content=\"2 minutos\" \/>\n<script type=\"application\/ld+json\" class=\"yoast-schema-graph\">{\"@context\":\"https:\/\/schema.org\",\"@graph\":[{\"@type\":\"WebPage\",\"@id\":\"https:\/\/www.acps-automotive.com\/es\/carrera-profesional\/profesionales-con-experiencia\/\",\"url\":\"https:\/\/www.acps-automotive.com\/es\/carrera-profesional\/profesionales-con-experiencia\/\",\"name\":\"Puestos para profesionales con experiencia | ACPS Automotive\",\"isPartOf\":{\"@id\":\"https:\/\/www.acps-automotive.com\/es\/#website\"},\"primaryImageOfPage\":{\"@id\":\"https:\/\/www.acps-automotive.com\/es\/carrera-profesional\/profesionales-con-experiencia\/#primaryimage\"},\"image\":{\"@id\":\"https:\/\/www.acps-automotive.com\/es\/carrera-profesional\/profesionales-con-experiencia\/#primaryimage\"},\"thumbnailUrl\":\"https:\/\/www.acps-automotive.com\/wp-content\/uploads\/_media\/_allgemein\/pfeil-text-einleitung.png\",\"datePublished\":\"2025-12-15T08:01:37+00:00\",\"dateModified\":\"2026-03-06T08:24:05+00:00\",\"description\":\"\u00bfBuscas nuevos retos? \u00a1Con el l\u00edder del mercado en dispositivos de remolque, seguro que los encuentras! \u25ba\u00a1Te estamos buscando!\",\"breadcrumb\":{\"@id\":\"https:\/\/www.acps-automotive.com\/es\/carrera-profesional\/profesionales-con-experiencia\/#breadcrumb\"},\"inLanguage\":\"es\",\"potentialAction\":[{\"@type\":\"ReadAction\",\"target\":[\"https:\/\/www.acps-automotive.com\/es\/carrera-profesional\/profesionales-con-experiencia\/\"]}]},{\"@type\":\"ImageObject\",\"inLanguage\":\"es\",\"@id\":\"https:\/\/www.acps-automotive.com\/es\/carrera-profesional\/profesionales-con-experiencia\/#primaryimage\",\"url\":\"https:\/\/www.acps-automotive.com\/wp-content\/uploads\/_media\/_allgemein\/pfeil-text-einleitung.png\",\"contentUrl\":\"https:\/\/www.acps-automotive.com\/wp-content\/uploads\/_media\/_allgemein\/pfeil-text-einleitung.png\"},{\"@type\":\"BreadcrumbList\",\"@id\":\"https:\/\/www.acps-automotive.com\/es\/carrera-profesional\/profesionales-con-experiencia\/#breadcrumb\",\"itemListElement\":[{\"@type\":\"ListItem\",\"position\":1,\"name\":\"Startseite\",\"item\":\"https:\/\/www.acps-automotive.com\/es\/\"},{\"@type\":\"ListItem\",\"position\":2,\"name\":\"Carrera profesional\",\"item\":\"https:\/\/www.acps-automotive.com\/es\/carrera-profesional\/\"},{\"@type\":\"ListItem\",\"position\":3,\"name\":\"Profesionales con experiencia\"}]},{\"@type\":\"WebSite\",\"@id\":\"https:\/\/www.acps-automotive.com\/es\/#website\",\"url\":\"https:\/\/www.acps-automotive.com\/es\/\",\"name\":\"ACPS Automotive GmbH\",\"description\":\"Innovative Anh\u00e4ngekupplungen\",\"publisher\":{\"@id\":\"https:\/\/www.acps-automotive.com\/es\/#organization\"},\"potentialAction\":[{\"@type\":\"SearchAction\",\"target\":{\"@type\":\"EntryPoint\",\"urlTemplate\":\"https:\/\/www.acps-automotive.com\/es\/?s={search_term_string}\"},\"query-input\":{\"@type\":\"PropertyValueSpecification\",\"valueRequired\":true,\"valueName\":\"search_term_string\"}}],\"inLanguage\":\"es\"},{\"@type\":\"Organization\",\"@id\":\"https:\/\/www.acps-automotive.com\/es\/#organization\",\"name\":\"ACPS Automotive GmbH\",\"url\":\"https:\/\/www.acps-automotive.com\/es\/\",\"logo\":{\"@type\":\"ImageObject\",\"inLanguage\":\"es\",\"@id\":\"https:\/\/www.acps-automotive.com\/es\/#\/schema\/logo\/image\/\",\"url\":\"https:\/\/www.acps-automotive.com\/wp-content\/uploads\/_media\/_allgemein\/Logo-Footer-ACPS-Automotive.png\",\"contentUrl\":\"https:\/\/www.acps-automotive.com\/wp-content\/uploads\/_media\/_allgemein\/Logo-Footer-ACPS-Automotive.png\",\"width\":239,\"height\":32,\"caption\":\"ACPS Automotive GmbH\"},\"image\":{\"@id\":\"https:\/\/www.acps-automotive.com\/es\/#\/schema\/logo\/image\/\"},\"sameAs\":[\"https:\/\/x.com\/ACPS_Automotive\",\"https:\/\/www.linkedin.com\/company\/acps-automotive-gmbh\/\",\"https:\/\/www.instagram.com\/acps_ausbildung\/\",\"https:\/\/www.youtube.com\/channel\/UC2jxrgWwpxpkay2aHWV5SaQ\"]}]}<\/script>\n<!-- \/ Yoast SEO plugin. -->","yoast_head_json":{"title":"Puestos para profesionales con experiencia | ACPS Automotive","description":"\u00bfBuscas nuevos retos? \u00a1Con el l\u00edder del mercado en dispositivos de remolque, seguro que los encuentras! \u25ba\u00a1Te estamos buscando!","robots":{"index":"index","follow":"follow","max-snippet":"max-snippet:-1","max-image-preview":"max-image-preview:large","max-video-preview":"max-video-preview:-1"},"canonical":"https:\/\/www.acps-automotive.com\/es\/carrera-profesional\/profesionales-con-experiencia\/","og_locale":"es_ES","og_type":"article","og_title":"Puestos para profesionales con experiencia | ACPS Automotive","og_description":"\u00bfBuscas nuevos retos? \u00a1Con el l\u00edder del mercado en dispositivos de remolque, seguro que los encuentras! \u25ba\u00a1Te estamos buscando!","og_url":"https:\/\/www.acps-automotive.com\/es\/carrera-profesional\/profesionales-con-experiencia\/","og_site_name":"ACPS Automotive GmbH","article_modified_time":"2026-03-06T08:24:05+00:00","og_image":[{"url":"https:\/\/www.acps-automotive.com\/wp-content\/uploads\/_media\/_allgemein\/pfeil-text-einleitung.png","type":"","width":"","height":""}],"twitter_card":"summary_large_image","twitter_site":"@ACPS_Automotive","twitter_misc":{"Tiempo de lectura":"2 minutos"},"schema":{"@context":"https:\/\/schema.org","@graph":[{"@type":"WebPage","@id":"https:\/\/www.acps-automotive.com\/es\/carrera-profesional\/profesionales-con-experiencia\/","url":"https:\/\/www.acps-automotive.com\/es\/carrera-profesional\/profesionales-con-experiencia\/","name":"Puestos para profesionales con experiencia | ACPS Automotive","isPartOf":{"@id":"https:\/\/www.acps-automotive.com\/es\/#website"},"primaryImageOfPage":{"@id":"https:\/\/www.acps-automotive.com\/es\/carrera-profesional\/profesionales-con-experiencia\/#primaryimage"},"image":{"@id":"https:\/\/www.acps-automotive.com\/es\/carrera-profesional\/profesionales-con-experiencia\/#primaryimage"},"thumbnailUrl":"https:\/\/www.acps-automotive.com\/wp-content\/uploads\/_media\/_allgemein\/pfeil-text-einleitung.png","datePublished":"2025-12-15T08:01:37+00:00","dateModified":"2026-03-06T08:24:05+00:00","description":"\u00bfBuscas nuevos retos? \u00a1Con el l\u00edder del mercado en dispositivos de remolque, seguro que los encuentras! \u25ba\u00a1Te estamos buscando!","breadcrumb":{"@id":"https:\/\/www.acps-automotive.com\/es\/carrera-profesional\/profesionales-con-experiencia\/#breadcrumb"},"inLanguage":"es","potentialAction":[{"@type":"ReadAction","target":["https:\/\/www.acps-automotive.com\/es\/carrera-profesional\/profesionales-con-experiencia\/"]}]},{"@type":"ImageObject","inLanguage":"es","@id":"https:\/\/www.acps-automotive.com\/es\/carrera-profesional\/profesionales-con-experiencia\/#primaryimage","url":"https:\/\/www.acps-automotive.com\/wp-content\/uploads\/_media\/_allgemein\/pfeil-text-einleitung.png","contentUrl":"https:\/\/www.acps-automotive.com\/wp-content\/uploads\/_media\/_allgemein\/pfeil-text-einleitung.png"},{"@type":"BreadcrumbList","@id":"https:\/\/www.acps-automotive.com\/es\/carrera-profesional\/profesionales-con-experiencia\/#breadcrumb","itemListElement":[{"@type":"ListItem","position":1,"name":"Startseite","item":"https:\/\/www.acps-automotive.com\/es\/"},{"@type":"ListItem","position":2,"name":"Carrera profesional","item":"https:\/\/www.acps-automotive.com\/es\/carrera-profesional\/"},{"@type":"ListItem","position":3,"name":"Profesionales con experiencia"}]},{"@type":"WebSite","@id":"https:\/\/www.acps-automotive.com\/es\/#website","url":"https:\/\/www.acps-automotive.com\/es\/","name":"ACPS Automotive GmbH","description":"Innovative Anh\u00e4ngekupplungen","publisher":{"@id":"https:\/\/www.acps-automotive.com\/es\/#organization"},"potentialAction":[{"@type":"SearchAction","target":{"@type":"EntryPoint","urlTemplate":"https:\/\/www.acps-automotive.com\/es\/?s={search_term_string}"},"query-input":{"@type":"PropertyValueSpecification","valueRequired":true,"valueName":"search_term_string"}}],"inLanguage":"es"},{"@type":"Organization","@id":"https:\/\/www.acps-automotive.com\/es\/#organization","name":"ACPS Automotive GmbH","url":"https:\/\/www.acps-automotive.com\/es\/","logo":{"@type":"ImageObject","inLanguage":"es","@id":"https:\/\/www.acps-automotive.com\/es\/#\/schema\/logo\/image\/","url":"https:\/\/www.acps-automotive.com\/wp-content\/uploads\/_media\/_allgemein\/Logo-Footer-ACPS-Automotive.png","contentUrl":"https:\/\/www.acps-automotive.com\/wp-content\/uploads\/_media\/_allgemein\/Logo-Footer-ACPS-Automotive.png","width":239,"height":32,"caption":"ACPS Automotive GmbH"},"image":{"@id":"https:\/\/www.acps-automotive.com\/es\/#\/schema\/logo\/image\/"},"sameAs":["https:\/\/x.com\/ACPS_Automotive","https:\/\/www.linkedin.com\/company\/acps-automotive-gmbh\/","https:\/\/www.instagram.com\/acps_ausbildung\/","https:\/\/www.youtube.com\/channel\/UC2jxrgWwpxpkay2aHWV5SaQ"]}]}},"_links":{"self":[{"href":"https:\/\/www.acps-automotive.com\/es\/wp-json\/wp\/v2\/pages\/27130","targetHints":{"allow":["GET"]}}],"collection":[{"href":"https:\/\/www.acps-automotive.com\/es\/wp-json\/wp\/v2\/pages"}],"about":[{"href":"https:\/\/www.acps-automotive.com\/es\/wp-json\/wp\/v2\/types\/page"}],"author":[{"embeddable":true,"href":"https:\/\/www.acps-automotive.com\/es\/wp-json\/wp\/v2\/users\/8"}],"replies":[{"embeddable":true,"href":"https:\/\/www.acps-automotive.com\/es\/wp-json\/wp\/v2\/comments?post=27130"}],"version-history":[{"count":6,"href":"https:\/\/www.acps-automotive.com\/es\/wp-json\/wp\/v2\/pages\/27130\/revisions"}],"predecessor-version":[{"id":28834,"href":"https:\/\/www.acps-automotive.com\/es\/wp-json\/wp\/v2\/pages\/27130\/revisions\/28834"}],"up":[{"embeddable":true,"href":"https:\/\/www.acps-automotive.com\/es\/wp-json\/wp\/v2\/pages\/28092"}],"wp:attachment":[{"href":"https:\/\/www.acps-automotive.com\/es\/wp-json\/wp\/v2\/media?parent=27130"}],"curies":[{"name":"wp","href":"https:\/\/api.w.org\/{rel}","templated":true}]}}