{"id":27120,"date":"2025-12-10T09:45:37","date_gmt":"2025-12-10T08:45:37","guid":{"rendered":"https:\/\/www.acps-automotive.com\/?page_id=27120"},"modified":"2026-03-06T13:39:49","modified_gmt":"2026-03-06T12:39:49","slug":"estudiante-universitario","status":"publish","type":"page","link":"https:\/\/www.acps-automotive.com\/es\/carrera-profesional\/estudiante-universitario\/","title":{"rendered":"Estudiante universitario"},"content":{"rendered":"<div class=\"vgblk-rw-wrapper limit-wrapper\">\n\n\t<h1><strong>Su inicio<\/strong><\/h1>\n<h1>como estudiante<\/h1>\n\t<img loading=\"lazy\" decoding=\"async\" src=\"https:\/\/www.acps-automotive.com\/wp-content\/uploads\/_media\/_allgemein\/pfeil-text-einleitung.png\" alt=\"Pfeil Text Einleitung\" width=\"46\" height=\"69\" \/><br \/>\nAcepte nuevos retos y comience directamente con el l\u00edder europeo en dispositivos de remolque.\n\t<p><img loading=\"lazy\" decoding=\"async\" src=\"https:\/\/www.acps-automotive.com\/wp-content\/uploads\/_media\/karriere\/studenten\/studenten01.jpg\" alt=\"Studenten\" width=\"650\" height=\"400\" \/><\/p>\n\t<p><img loading=\"lazy\" decoding=\"async\" src=\"https:\/\/www.acps-automotive.com\/wp-content\/uploads\/_media\/karriere\/studenten\/martin-plocher.jpg\" alt=\"Martin Plocher\" width=\"650\" height=\"400\" \/><\/p>\n\t\u00abSiempre he querido resolver problemas t\u00e9cnicos de forma pr\u00e1ctica y eso es precisamente lo que puedo hacer en ACPS Automotive\u00bb.<br \/>\nMartin Plocher, estudiante\n\t<h4><strong>Complementar la teor\u00eda con la pr\u00e1ctica<\/strong><\/h4>\n<h4>Conocimiento y compromiso<\/h4>\n\tSi desea apoyarnos durante unas pr\u00e1cticas o escribir su tesis en ACPS Automotive, estaremos encantados de recibir su solicitud. Con nosotros, podr\u00e1 experimentar c\u00f3mo es trabajar con mucha responsabilidad propia en una empresa internacional. De este modo, podr\u00e1 poner a prueba sus habilidades en la pr\u00e1ctica y ampliar sus conocimientos.<br \/>\nPuede enviarnos su curr\u00edculum vitae espont\u00e1neo indicando el \u00e1rea de especializaci\u00f3n deseada y lo revisaremos. O bien, puede postularse para un tema espec\u00edfico.\n<p>En nuestras <a href=\"https:\/\/careers.acps-automotive.com\/?locale=es_ES\" target=\"_blank\" rel=\"noopener\">ofertas de empleo<\/a> encontrar\u00e1 los programas de estudios duales y los trabajos de fin de carrera actualmente disponibles.<\/p>\n\n<\/div><!-- .vgblk-rw-wrapper -->","protected":false},"excerpt":{"rendered":"<p>Su inicio como estudiante Acepte nuevos retos y comience directamente con el l\u00edder europeo en dispositivos de remolque. \u00abSiempre he querido resolver problemas t\u00e9cnicos de forma pr\u00e1ctica y eso es precisamente lo que puedo hacer en ACPS Automotive\u00bb. Martin Plocher, estudiante Complementar la teor\u00eda con la pr\u00e1ctica Conocimiento y compromiso Si desea apoyarnos durante unas&#8230;<\/p>\n","protected":false},"author":8,"featured_media":0,"parent":28092,"menu_order":0,"comment_status":"closed","ping_status":"closed","template":"","meta":{"inline_featured_image":false,"_price":"","_stock":"","_tribe_ticket_header":"","_tribe_default_ticket_provider":"","_tribe_ticket_capacity":"0","_ticket_start_date":"","_ticket_end_date":"","_tribe_ticket_show_description":"","_tribe_ticket_show_not_going":false,"_tribe_ticket_use_global_stock":"","_tribe_ticket_global_stock_level":"","_global_stock_mode":"","_global_stock_cap":"","_tribe_rsvp_for_event":"","_tribe_ticket_going_count":"","_tribe_ticket_not_going_count":"","_tribe_tickets_list":"[]","_tribe_ticket_has_attendee_info_fields":false,"footnotes":""},"class_list":["post-27120","page","type-page","status-publish","hentry"],"yoast_head":"<!-- This site is optimized with the Yoast SEO plugin v27.2 - https:\/\/yoast.com\/product\/yoast-seo-wordpress\/ -->\n<title>Estudiar con ACPS Automotive<\/title>\n<meta name=\"description\" content=\"Pr\u00e1cticas o tesis en la empresa l\u00edder del mercado de dispositivos de remolque. \u25ba\u00a1Aqu\u00ed est\u00e1s en el lugar adecuado!\" \/>\n<meta name=\"robots\" content=\"index, follow, max-snippet:-1, max-image-preview:large, max-video-preview:-1\" \/>\n<link rel=\"canonical\" href=\"https:\/\/www.acps-automotive.com\/es\/carrera-profesional\/estudiante-universitario\/\" \/>\n<meta property=\"og:locale\" content=\"es_ES\" \/>\n<meta property=\"og:type\" content=\"article\" \/>\n<meta property=\"og:title\" content=\"Estudiar con ACPS Automotive\" \/>\n<meta property=\"og:description\" content=\"Pr\u00e1cticas o tesis en la empresa l\u00edder del mercado de dispositivos de remolque. \u25ba\u00a1Aqu\u00ed est\u00e1s en el lugar adecuado!\" \/>\n<meta property=\"og:url\" content=\"https:\/\/www.acps-automotive.com\/es\/carrera-profesional\/estudiante-universitario\/\" \/>\n<meta property=\"og:site_name\" content=\"ACPS Automotive GmbH\" \/>\n<meta property=\"article:modified_time\" content=\"2026-03-06T12:39:49+00:00\" \/>\n<meta property=\"og:image\" content=\"https:\/\/www.acps-automotive.com\/wp-content\/uploads\/_media\/_allgemein\/pfeil-text-einleitung.png\" \/>\n<meta name=\"twitter:card\" content=\"summary_large_image\" \/>\n<meta name=\"twitter:site\" content=\"@ACPS_Automotive\" \/>\n<meta name=\"twitter:label1\" content=\"Tiempo de lectura\" \/>\n\t<meta name=\"twitter:data1\" content=\"2 minutos\" \/>\n<script type=\"application\/ld+json\" class=\"yoast-schema-graph\">{\"@context\":\"https:\/\/schema.org\",\"@graph\":[{\"@type\":\"WebPage\",\"@id\":\"https:\/\/www.acps-automotive.com\/es\/carrera-profesional\/estudiante-universitario\/\",\"url\":\"https:\/\/www.acps-automotive.com\/es\/carrera-profesional\/estudiante-universitario\/\",\"name\":\"Estudiar con ACPS Automotive\",\"isPartOf\":{\"@id\":\"https:\/\/www.acps-automotive.com\/es\/#website\"},\"primaryImageOfPage\":{\"@id\":\"https:\/\/www.acps-automotive.com\/es\/carrera-profesional\/estudiante-universitario\/#primaryimage\"},\"image\":{\"@id\":\"https:\/\/www.acps-automotive.com\/es\/carrera-profesional\/estudiante-universitario\/#primaryimage\"},\"thumbnailUrl\":\"https:\/\/www.acps-automotive.com\/wp-content\/uploads\/_media\/_allgemein\/pfeil-text-einleitung.png\",\"datePublished\":\"2025-12-10T08:45:37+00:00\",\"dateModified\":\"2026-03-06T12:39:49+00:00\",\"description\":\"Pr\u00e1cticas o tesis en la empresa l\u00edder del mercado de dispositivos de remolque. \u25ba\u00a1Aqu\u00ed est\u00e1s en el lugar adecuado!\",\"breadcrumb\":{\"@id\":\"https:\/\/www.acps-automotive.com\/es\/carrera-profesional\/estudiante-universitario\/#breadcrumb\"},\"inLanguage\":\"es\",\"potentialAction\":[{\"@type\":\"ReadAction\",\"target\":[\"https:\/\/www.acps-automotive.com\/es\/carrera-profesional\/estudiante-universitario\/\"]}]},{\"@type\":\"ImageObject\",\"inLanguage\":\"es\",\"@id\":\"https:\/\/www.acps-automotive.com\/es\/carrera-profesional\/estudiante-universitario\/#primaryimage\",\"url\":\"https:\/\/www.acps-automotive.com\/wp-content\/uploads\/_media\/_allgemein\/pfeil-text-einleitung.png\",\"contentUrl\":\"https:\/\/www.acps-automotive.com\/wp-content\/uploads\/_media\/_allgemein\/pfeil-text-einleitung.png\"},{\"@type\":\"BreadcrumbList\",\"@id\":\"https:\/\/www.acps-automotive.com\/es\/carrera-profesional\/estudiante-universitario\/#breadcrumb\",\"itemListElement\":[{\"@type\":\"ListItem\",\"position\":1,\"name\":\"Startseite\",\"item\":\"https:\/\/www.acps-automotive.com\/es\/\"},{\"@type\":\"ListItem\",\"position\":2,\"name\":\"Carrera profesional\",\"item\":\"https:\/\/www.acps-automotive.com\/es\/carrera-profesional\/\"},{\"@type\":\"ListItem\",\"position\":3,\"name\":\"Estudiante universitario\"}]},{\"@type\":\"WebSite\",\"@id\":\"https:\/\/www.acps-automotive.com\/es\/#website\",\"url\":\"https:\/\/www.acps-automotive.com\/es\/\",\"name\":\"ACPS Automotive GmbH\",\"description\":\"Innovative Anh\u00e4ngekupplungen\",\"publisher\":{\"@id\":\"https:\/\/www.acps-automotive.com\/es\/#organization\"},\"potentialAction\":[{\"@type\":\"SearchAction\",\"target\":{\"@type\":\"EntryPoint\",\"urlTemplate\":\"https:\/\/www.acps-automotive.com\/es\/?s={search_term_string}\"},\"query-input\":{\"@type\":\"PropertyValueSpecification\",\"valueRequired\":true,\"valueName\":\"search_term_string\"}}],\"inLanguage\":\"es\"},{\"@type\":\"Organization\",\"@id\":\"https:\/\/www.acps-automotive.com\/es\/#organization\",\"name\":\"ACPS Automotive GmbH\",\"url\":\"https:\/\/www.acps-automotive.com\/es\/\",\"logo\":{\"@type\":\"ImageObject\",\"inLanguage\":\"es\",\"@id\":\"https:\/\/www.acps-automotive.com\/es\/#\/schema\/logo\/image\/\",\"url\":\"https:\/\/www.acps-automotive.com\/wp-content\/uploads\/_media\/_allgemein\/Logo-Footer-ACPS-Automotive.png\",\"contentUrl\":\"https:\/\/www.acps-automotive.com\/wp-content\/uploads\/_media\/_allgemein\/Logo-Footer-ACPS-Automotive.png\",\"width\":239,\"height\":32,\"caption\":\"ACPS Automotive GmbH\"},\"image\":{\"@id\":\"https:\/\/www.acps-automotive.com\/es\/#\/schema\/logo\/image\/\"},\"sameAs\":[\"https:\/\/x.com\/ACPS_Automotive\",\"https:\/\/www.linkedin.com\/company\/acps-automotive-gmbh\/\",\"https:\/\/www.instagram.com\/acps_ausbildung\/\",\"https:\/\/www.youtube.com\/channel\/UC2jxrgWwpxpkay2aHWV5SaQ\"]}]}<\/script>\n<!-- \/ Yoast SEO plugin. -->","yoast_head_json":{"title":"Estudiar con ACPS Automotive","description":"Pr\u00e1cticas o tesis en la empresa l\u00edder del mercado de dispositivos de remolque. \u25ba\u00a1Aqu\u00ed est\u00e1s en el lugar adecuado!","robots":{"index":"index","follow":"follow","max-snippet":"max-snippet:-1","max-image-preview":"max-image-preview:large","max-video-preview":"max-video-preview:-1"},"canonical":"https:\/\/www.acps-automotive.com\/es\/carrera-profesional\/estudiante-universitario\/","og_locale":"es_ES","og_type":"article","og_title":"Estudiar con ACPS Automotive","og_description":"Pr\u00e1cticas o tesis en la empresa l\u00edder del mercado de dispositivos de remolque. \u25ba\u00a1Aqu\u00ed est\u00e1s en el lugar adecuado!","og_url":"https:\/\/www.acps-automotive.com\/es\/carrera-profesional\/estudiante-universitario\/","og_site_name":"ACPS Automotive GmbH","article_modified_time":"2026-03-06T12:39:49+00:00","og_image":[{"url":"https:\/\/www.acps-automotive.com\/wp-content\/uploads\/_media\/_allgemein\/pfeil-text-einleitung.png","type":"","width":"","height":""}],"twitter_card":"summary_large_image","twitter_site":"@ACPS_Automotive","twitter_misc":{"Tiempo de lectura":"2 minutos"},"schema":{"@context":"https:\/\/schema.org","@graph":[{"@type":"WebPage","@id":"https:\/\/www.acps-automotive.com\/es\/carrera-profesional\/estudiante-universitario\/","url":"https:\/\/www.acps-automotive.com\/es\/carrera-profesional\/estudiante-universitario\/","name":"Estudiar con ACPS Automotive","isPartOf":{"@id":"https:\/\/www.acps-automotive.com\/es\/#website"},"primaryImageOfPage":{"@id":"https:\/\/www.acps-automotive.com\/es\/carrera-profesional\/estudiante-universitario\/#primaryimage"},"image":{"@id":"https:\/\/www.acps-automotive.com\/es\/carrera-profesional\/estudiante-universitario\/#primaryimage"},"thumbnailUrl":"https:\/\/www.acps-automotive.com\/wp-content\/uploads\/_media\/_allgemein\/pfeil-text-einleitung.png","datePublished":"2025-12-10T08:45:37+00:00","dateModified":"2026-03-06T12:39:49+00:00","description":"Pr\u00e1cticas o tesis en la empresa l\u00edder del mercado de dispositivos de remolque. \u25ba\u00a1Aqu\u00ed est\u00e1s en el lugar adecuado!","breadcrumb":{"@id":"https:\/\/www.acps-automotive.com\/es\/carrera-profesional\/estudiante-universitario\/#breadcrumb"},"inLanguage":"es","potentialAction":[{"@type":"ReadAction","target":["https:\/\/www.acps-automotive.com\/es\/carrera-profesional\/estudiante-universitario\/"]}]},{"@type":"ImageObject","inLanguage":"es","@id":"https:\/\/www.acps-automotive.com\/es\/carrera-profesional\/estudiante-universitario\/#primaryimage","url":"https:\/\/www.acps-automotive.com\/wp-content\/uploads\/_media\/_allgemein\/pfeil-text-einleitung.png","contentUrl":"https:\/\/www.acps-automotive.com\/wp-content\/uploads\/_media\/_allgemein\/pfeil-text-einleitung.png"},{"@type":"BreadcrumbList","@id":"https:\/\/www.acps-automotive.com\/es\/carrera-profesional\/estudiante-universitario\/#breadcrumb","itemListElement":[{"@type":"ListItem","position":1,"name":"Startseite","item":"https:\/\/www.acps-automotive.com\/es\/"},{"@type":"ListItem","position":2,"name":"Carrera profesional","item":"https:\/\/www.acps-automotive.com\/es\/carrera-profesional\/"},{"@type":"ListItem","position":3,"name":"Estudiante universitario"}]},{"@type":"WebSite","@id":"https:\/\/www.acps-automotive.com\/es\/#website","url":"https:\/\/www.acps-automotive.com\/es\/","name":"ACPS Automotive GmbH","description":"Innovative Anh\u00e4ngekupplungen","publisher":{"@id":"https:\/\/www.acps-automotive.com\/es\/#organization"},"potentialAction":[{"@type":"SearchAction","target":{"@type":"EntryPoint","urlTemplate":"https:\/\/www.acps-automotive.com\/es\/?s={search_term_string}"},"query-input":{"@type":"PropertyValueSpecification","valueRequired":true,"valueName":"search_term_string"}}],"inLanguage":"es"},{"@type":"Organization","@id":"https:\/\/www.acps-automotive.com\/es\/#organization","name":"ACPS Automotive GmbH","url":"https:\/\/www.acps-automotive.com\/es\/","logo":{"@type":"ImageObject","inLanguage":"es","@id":"https:\/\/www.acps-automotive.com\/es\/#\/schema\/logo\/image\/","url":"https:\/\/www.acps-automotive.com\/wp-content\/uploads\/_media\/_allgemein\/Logo-Footer-ACPS-Automotive.png","contentUrl":"https:\/\/www.acps-automotive.com\/wp-content\/uploads\/_media\/_allgemein\/Logo-Footer-ACPS-Automotive.png","width":239,"height":32,"caption":"ACPS Automotive GmbH"},"image":{"@id":"https:\/\/www.acps-automotive.com\/es\/#\/schema\/logo\/image\/"},"sameAs":["https:\/\/x.com\/ACPS_Automotive","https:\/\/www.linkedin.com\/company\/acps-automotive-gmbh\/","https:\/\/www.instagram.com\/acps_ausbildung\/","https:\/\/www.youtube.com\/channel\/UC2jxrgWwpxpkay2aHWV5SaQ"]}]}},"_links":{"self":[{"href":"https:\/\/www.acps-automotive.com\/es\/wp-json\/wp\/v2\/pages\/27120","targetHints":{"allow":["GET"]}}],"collection":[{"href":"https:\/\/www.acps-automotive.com\/es\/wp-json\/wp\/v2\/pages"}],"about":[{"href":"https:\/\/www.acps-automotive.com\/es\/wp-json\/wp\/v2\/types\/page"}],"author":[{"embeddable":true,"href":"https:\/\/www.acps-automotive.com\/es\/wp-json\/wp\/v2\/users\/8"}],"replies":[{"embeddable":true,"href":"https:\/\/www.acps-automotive.com\/es\/wp-json\/wp\/v2\/comments?post=27120"}],"version-history":[{"count":5,"href":"https:\/\/www.acps-automotive.com\/es\/wp-json\/wp\/v2\/pages\/27120\/revisions"}],"predecessor-version":[{"id":28835,"href":"https:\/\/www.acps-automotive.com\/es\/wp-json\/wp\/v2\/pages\/27120\/revisions\/28835"}],"up":[{"embeddable":true,"href":"https:\/\/www.acps-automotive.com\/es\/wp-json\/wp\/v2\/pages\/28092"}],"wp:attachment":[{"href":"https:\/\/www.acps-automotive.com\/es\/wp-json\/wp\/v2\/media?parent=27120"}],"curies":[{"name":"wp","href":"https:\/\/api.w.org\/{rel}","templated":true}]}}