{"id":27116,"date":"2025-12-10T09:42:49","date_gmt":"2025-12-10T08:42:49","guid":{"rendered":"https:\/\/www.acps-automotive.com\/?page_id=27116"},"modified":"2026-03-06T13:44:38","modified_gmt":"2026-03-06T12:44:38","slug":"estudiante-de-secundaria","status":"publish","type":"page","link":"https:\/\/www.acps-automotive.com\/es\/carrera-profesional\/estudiante-de-secundaria\/","title":{"rendered":"Estudiante de secundaria"},"content":{"rendered":"<div class=\"vgblk-rw-wrapper limit-wrapper\">\n\n\t<h1><strong>Su inicio<\/strong><\/h1>\n<h1>como estudiante<\/h1>\n\t<p><img loading=\"lazy\" decoding=\"async\" src=\"https:\/\/www.acps-automotive.com\/wp-content\/uploads\/_media\/_allgemein\/pfeil-text-einleitung.png\" alt=\"Pfeil Text Einleitung\" width=\"46\" height=\"69\" \/><\/p>\n<p>\u00bfEst\u00e1s a punto de terminar tus estudios y quieres comenzar con \u00e9xito tu futuro profesional? \u00bfAdem\u00e1s, eres curioso y te gusta aprender? Entonces, en nuestra empresa encontrar\u00e1s interesantes puestos de formaci\u00f3n con perspectivas para tu inicio profesional. No solo valoramos las buenas calificaciones, sino que tambi\u00e9n la independencia, el compromiso y la capacidad de trabajar en equipo son criterios importantes. Echa un vistazo a nuestras <a href=\"https:\/\/careers.acps-automotive.com\/\">ofertas de empleo<\/a>. \u00a1Hay mucho por descubrir!<\/p>\n\t<p>\u00abLo que m\u00e1s me gusta de mi formaci\u00f3n en ACPS Automotive es que es muy variada y puedo aprender mucho. Y todo ello en mi regi\u00f3n\u00bb.<\/p>\n<p>Anica Todorovic, aprendiz de t\u00e9cnico comercial industrial<\/p>\n\t<h4><strong>Formaci\u00f3n comercial<\/strong><\/h4>\n<h4>\u00bfLe gusta organizar, tiene talento para la comunicaci\u00f3n y es capaz de trabajar en equipo?<\/h4>\n\tEntonces, aproveche la oportunidad de aportar sus fortalezas en una profesi\u00f3n comercial en ACPS Automotive. Durante su formaci\u00f3n, aprender\u00e1 todos los procesos comerciales relevantes en nuestra empresa.<br \/>\nPara que cada d\u00eda sea emocionante, lo involucraremos activamente en las actividades diarias. Podr\u00e1 demostrar su independencia y compromiso en proyectos propios. Una introducci\u00f3n a nuestro mundo de productos t\u00e9cnicos completar\u00e1 su formaci\u00f3n. Con nosotros, recibir\u00e1s apoyo en todos los aspectos. Por ejemplo, podr\u00e1s ampliar tus conocimientos de ingl\u00e9s e inform\u00e1tica participando en seminarios internos y externos o asistiendo a cursos de preparaci\u00f3n para los ex\u00e1menes intermedios y finales. \u00bfEs as\u00ed como te imaginabas tu formaci\u00f3n? Entonces, estaremos encantados de recibir tu solicitud.\n<p><a href=\"https:\/\/careers.acps-automotive.com\/?locale=es_ES\" target=\"_blank\" rel=\"noopener\">Puestos de formaci\u00f3n<\/a><\/p>\n<p>&nbsp;<\/p>\n\t<h4><strong>Formaci\u00f3n profesional<\/strong><\/h4>\n<h4>\u00bfLe interesa la tecnolog\u00eda o alg\u00fan oficio?<\/h4>\n\t<p>Entonces, en ACPS Automotive, en nuestra sede de St. Egidien, te convertir\u00e1s en especialista en tareas t\u00e9cnicas y manuales. Durante tu formaci\u00f3n, conocer\u00e1s todos los aspectos t\u00e9cnicos y productivos relevantes de nuestra empresa.<\/p>\n<p>Con tareas variadas y unas perspectivas prometedoras, construir\u00e1s tu futuro profesional con nosotros. Trabajar\u00e1s activamente en el d\u00eda a d\u00eda con tu formador, tus compa\u00f1eros y los aprendices de cursos superiores. En peque\u00f1os proyectos propios, demostrar\u00e1 su independencia, su compromiso y su entusiasmo por conocer los procesos de una empresa de fabricaci\u00f3n, integrarse en los procesos de producci\u00f3n y participar activamente. \u00bfSe identifica con esto?<\/p>\n<p><a href=\"https:\/\/careers.acps-automotive.com\/?locale=es_ES\" target=\"_blank\" rel=\"noopener\">Puestos de formaci\u00f3n<\/a><\/p>\n<p>&nbsp;<\/p>\n\t<p><img loading=\"lazy\" decoding=\"async\" src=\"https:\/\/www.acps-automotive.com\/wp-content\/uploads\/_media\/karriere\/schueler\/schueler01.jpg\" alt=\"Ihr Einstieg als Sch\u00fcler\" width=\"4134\" height=\"2544\" \/><\/p>\n\t<p><img loading=\"lazy\" decoding=\"async\" src=\"https:\/\/www.acps-automotive.com\/wp-content\/uploads\/_media\/karriere\/schueler\/maximilian-reinhard.jpg\" alt=\"Maximilian Reinhard\" width=\"2756\" height=\"1696\" \/><\/p>\n\t\u00abMis estudios consisten en un 50 % de pr\u00e1ctica y un 50 % de teor\u00eda. Durante mi parte pr\u00e1ctica en ACPS Automotive, obtengo una visi\u00f3n completa de las \u00e1reas esenciales del desarrollo de nuestros dispositivos de remolque y del sector automotriz en general\u00bb.<br \/>\nMaximilian Reinhard, estudiante\n\t<h4><strong>Estudios duales<\/strong><\/h4>\n<h4>\u00bfDesea adquirir experiencia pr\u00e1ctica adem\u00e1s de conocimientos te\u00f3ricos?<\/h4>\n\t<p>Entonces, los estudios duales le ofrecen la combinaci\u00f3n ideal entre teor\u00eda y pr\u00e1ctica: pr\u00e1cticas en la empresa combinadas con estudios de nivel universitario. Los estudios duales de tres a\u00f1os constan de seis semestres.<\/p>\n<p>Cada 12 semanas alternar\u00e1 entre las fases te\u00f3ricas en la Universidad Dual de Baden-W\u00fcrttemberg (sede de Stuttgart) o la Academia Profesional de Sajonia (sede de Glauchau) y las fases pr\u00e1cticas en su empresa de formaci\u00f3n correspondiente.<\/p>\n\t\u00bfLe interesan las tareas emocionantes en equipos interdisciplinarios?<br \/>\n<a href=\"https:\/\/careers.acps-automotive.com\/?locale=es_ES\" target=\"_blank\" rel=\"noopener\">Env\u00ede su solicitud aqu\u00ed<\/a>\n\n<\/div><!-- .vgblk-rw-wrapper -->","protected":false},"excerpt":{"rendered":"<p>Su inicio como estudiante \u00bfEst\u00e1s a punto de terminar tus estudios y quieres comenzar con \u00e9xito tu futuro profesional? \u00bfAdem\u00e1s, eres curioso y te gusta aprender? Entonces, en nuestra empresa encontrar\u00e1s interesantes puestos de formaci\u00f3n con perspectivas para tu inicio profesional. No solo valoramos las buenas calificaciones, sino que tambi\u00e9n la independencia, el compromiso y&#8230;<\/p>\n","protected":false},"author":8,"featured_media":0,"parent":28092,"menu_order":0,"comment_status":"closed","ping_status":"closed","template":"","meta":{"inline_featured_image":false,"_price":"","_stock":"","_tribe_ticket_header":"","_tribe_default_ticket_provider":"","_tribe_ticket_capacity":"0","_ticket_start_date":"","_ticket_end_date":"","_tribe_ticket_show_description":"","_tribe_ticket_show_not_going":false,"_tribe_ticket_use_global_stock":"","_tribe_ticket_global_stock_level":"","_global_stock_mode":"","_global_stock_cap":"","_tribe_rsvp_for_event":"","_tribe_ticket_going_count":"","_tribe_ticket_not_going_count":"","_tribe_tickets_list":"[]","_tribe_ticket_has_attendee_info_fields":false,"footnotes":""},"class_list":["post-27116","page","type-page","status-publish","hentry"],"yoast_head":"<!-- This site is optimized with the Yoast SEO plugin v27.2 - https:\/\/yoast.com\/product\/yoast-seo-wordpress\/ -->\n<title>Formaci\u00f3n en ACPS Automotive<\/title>\n<meta name=\"description\" content=\"Formaci\u00f3n con el l\u00edder del mercado en dispositivos de remolque. \u25ba\u00a1Esperamos recibir su solicitud!\" \/>\n<meta name=\"robots\" content=\"index, follow, max-snippet:-1, max-image-preview:large, max-video-preview:-1\" \/>\n<link rel=\"canonical\" href=\"https:\/\/www.acps-automotive.com\/es\/carrera-profesional\/estudiante-de-secundaria\/\" \/>\n<meta property=\"og:locale\" content=\"es_ES\" \/>\n<meta property=\"og:type\" content=\"article\" \/>\n<meta property=\"og:title\" content=\"Formaci\u00f3n en ACPS Automotive\" \/>\n<meta property=\"og:description\" content=\"Formaci\u00f3n con el l\u00edder del mercado en dispositivos de remolque. \u25ba\u00a1Esperamos recibir su solicitud!\" \/>\n<meta property=\"og:url\" content=\"https:\/\/www.acps-automotive.com\/es\/carrera-profesional\/estudiante-de-secundaria\/\" \/>\n<meta property=\"og:site_name\" content=\"ACPS Automotive GmbH\" \/>\n<meta property=\"article:modified_time\" content=\"2026-03-06T12:44:38+00:00\" \/>\n<meta property=\"og:image\" content=\"https:\/\/www.acps-automotive.com\/wp-content\/uploads\/_media\/_allgemein\/pfeil-text-einleitung.png\" \/>\n<meta name=\"twitter:card\" content=\"summary_large_image\" \/>\n<meta name=\"twitter:site\" content=\"@ACPS_Automotive\" \/>\n<meta name=\"twitter:label1\" content=\"Tiempo de lectura\" \/>\n\t<meta name=\"twitter:data1\" content=\"3 minutos\" \/>\n<script type=\"application\/ld+json\" class=\"yoast-schema-graph\">{\"@context\":\"https:\/\/schema.org\",\"@graph\":[{\"@type\":\"WebPage\",\"@id\":\"https:\/\/www.acps-automotive.com\/es\/carrera-profesional\/estudiante-de-secundaria\/\",\"url\":\"https:\/\/www.acps-automotive.com\/es\/carrera-profesional\/estudiante-de-secundaria\/\",\"name\":\"Formaci\u00f3n en ACPS Automotive\",\"isPartOf\":{\"@id\":\"https:\/\/www.acps-automotive.com\/es\/#website\"},\"primaryImageOfPage\":{\"@id\":\"https:\/\/www.acps-automotive.com\/es\/carrera-profesional\/estudiante-de-secundaria\/#primaryimage\"},\"image\":{\"@id\":\"https:\/\/www.acps-automotive.com\/es\/carrera-profesional\/estudiante-de-secundaria\/#primaryimage\"},\"thumbnailUrl\":\"https:\/\/www.acps-automotive.com\/wp-content\/uploads\/_media\/_allgemein\/pfeil-text-einleitung.png\",\"datePublished\":\"2025-12-10T08:42:49+00:00\",\"dateModified\":\"2026-03-06T12:44:38+00:00\",\"description\":\"Formaci\u00f3n con el l\u00edder del mercado en dispositivos de remolque. \u25ba\u00a1Esperamos recibir su solicitud!\",\"breadcrumb\":{\"@id\":\"https:\/\/www.acps-automotive.com\/es\/carrera-profesional\/estudiante-de-secundaria\/#breadcrumb\"},\"inLanguage\":\"es\",\"potentialAction\":[{\"@type\":\"ReadAction\",\"target\":[\"https:\/\/www.acps-automotive.com\/es\/carrera-profesional\/estudiante-de-secundaria\/\"]}]},{\"@type\":\"ImageObject\",\"inLanguage\":\"es\",\"@id\":\"https:\/\/www.acps-automotive.com\/es\/carrera-profesional\/estudiante-de-secundaria\/#primaryimage\",\"url\":\"https:\/\/www.acps-automotive.com\/wp-content\/uploads\/_media\/_allgemein\/pfeil-text-einleitung.png\",\"contentUrl\":\"https:\/\/www.acps-automotive.com\/wp-content\/uploads\/_media\/_allgemein\/pfeil-text-einleitung.png\"},{\"@type\":\"BreadcrumbList\",\"@id\":\"https:\/\/www.acps-automotive.com\/es\/carrera-profesional\/estudiante-de-secundaria\/#breadcrumb\",\"itemListElement\":[{\"@type\":\"ListItem\",\"position\":1,\"name\":\"Startseite\",\"item\":\"https:\/\/www.acps-automotive.com\/es\/\"},{\"@type\":\"ListItem\",\"position\":2,\"name\":\"Carrera profesional\",\"item\":\"https:\/\/www.acps-automotive.com\/es\/carrera-profesional\/\"},{\"@type\":\"ListItem\",\"position\":3,\"name\":\"Estudiante de secundaria\"}]},{\"@type\":\"WebSite\",\"@id\":\"https:\/\/www.acps-automotive.com\/es\/#website\",\"url\":\"https:\/\/www.acps-automotive.com\/es\/\",\"name\":\"ACPS Automotive GmbH\",\"description\":\"Innovative Anh\u00e4ngekupplungen\",\"publisher\":{\"@id\":\"https:\/\/www.acps-automotive.com\/es\/#organization\"},\"potentialAction\":[{\"@type\":\"SearchAction\",\"target\":{\"@type\":\"EntryPoint\",\"urlTemplate\":\"https:\/\/www.acps-automotive.com\/es\/?s={search_term_string}\"},\"query-input\":{\"@type\":\"PropertyValueSpecification\",\"valueRequired\":true,\"valueName\":\"search_term_string\"}}],\"inLanguage\":\"es\"},{\"@type\":\"Organization\",\"@id\":\"https:\/\/www.acps-automotive.com\/es\/#organization\",\"name\":\"ACPS Automotive GmbH\",\"url\":\"https:\/\/www.acps-automotive.com\/es\/\",\"logo\":{\"@type\":\"ImageObject\",\"inLanguage\":\"es\",\"@id\":\"https:\/\/www.acps-automotive.com\/es\/#\/schema\/logo\/image\/\",\"url\":\"https:\/\/www.acps-automotive.com\/wp-content\/uploads\/_media\/_allgemein\/Logo-Footer-ACPS-Automotive.png\",\"contentUrl\":\"https:\/\/www.acps-automotive.com\/wp-content\/uploads\/_media\/_allgemein\/Logo-Footer-ACPS-Automotive.png\",\"width\":239,\"height\":32,\"caption\":\"ACPS Automotive GmbH\"},\"image\":{\"@id\":\"https:\/\/www.acps-automotive.com\/es\/#\/schema\/logo\/image\/\"},\"sameAs\":[\"https:\/\/x.com\/ACPS_Automotive\",\"https:\/\/www.linkedin.com\/company\/acps-automotive-gmbh\/\",\"https:\/\/www.instagram.com\/acps_ausbildung\/\",\"https:\/\/www.youtube.com\/channel\/UC2jxrgWwpxpkay2aHWV5SaQ\"]}]}<\/script>\n<!-- \/ Yoast SEO plugin. -->","yoast_head_json":{"title":"Formaci\u00f3n en ACPS Automotive","description":"Formaci\u00f3n con el l\u00edder del mercado en dispositivos de remolque. \u25ba\u00a1Esperamos recibir su solicitud!","robots":{"index":"index","follow":"follow","max-snippet":"max-snippet:-1","max-image-preview":"max-image-preview:large","max-video-preview":"max-video-preview:-1"},"canonical":"https:\/\/www.acps-automotive.com\/es\/carrera-profesional\/estudiante-de-secundaria\/","og_locale":"es_ES","og_type":"article","og_title":"Formaci\u00f3n en ACPS Automotive","og_description":"Formaci\u00f3n con el l\u00edder del mercado en dispositivos de remolque. \u25ba\u00a1Esperamos recibir su solicitud!","og_url":"https:\/\/www.acps-automotive.com\/es\/carrera-profesional\/estudiante-de-secundaria\/","og_site_name":"ACPS Automotive GmbH","article_modified_time":"2026-03-06T12:44:38+00:00","og_image":[{"url":"https:\/\/www.acps-automotive.com\/wp-content\/uploads\/_media\/_allgemein\/pfeil-text-einleitung.png","type":"","width":"","height":""}],"twitter_card":"summary_large_image","twitter_site":"@ACPS_Automotive","twitter_misc":{"Tiempo de lectura":"3 minutos"},"schema":{"@context":"https:\/\/schema.org","@graph":[{"@type":"WebPage","@id":"https:\/\/www.acps-automotive.com\/es\/carrera-profesional\/estudiante-de-secundaria\/","url":"https:\/\/www.acps-automotive.com\/es\/carrera-profesional\/estudiante-de-secundaria\/","name":"Formaci\u00f3n en ACPS Automotive","isPartOf":{"@id":"https:\/\/www.acps-automotive.com\/es\/#website"},"primaryImageOfPage":{"@id":"https:\/\/www.acps-automotive.com\/es\/carrera-profesional\/estudiante-de-secundaria\/#primaryimage"},"image":{"@id":"https:\/\/www.acps-automotive.com\/es\/carrera-profesional\/estudiante-de-secundaria\/#primaryimage"},"thumbnailUrl":"https:\/\/www.acps-automotive.com\/wp-content\/uploads\/_media\/_allgemein\/pfeil-text-einleitung.png","datePublished":"2025-12-10T08:42:49+00:00","dateModified":"2026-03-06T12:44:38+00:00","description":"Formaci\u00f3n con el l\u00edder del mercado en dispositivos de remolque. \u25ba\u00a1Esperamos recibir su solicitud!","breadcrumb":{"@id":"https:\/\/www.acps-automotive.com\/es\/carrera-profesional\/estudiante-de-secundaria\/#breadcrumb"},"inLanguage":"es","potentialAction":[{"@type":"ReadAction","target":["https:\/\/www.acps-automotive.com\/es\/carrera-profesional\/estudiante-de-secundaria\/"]}]},{"@type":"ImageObject","inLanguage":"es","@id":"https:\/\/www.acps-automotive.com\/es\/carrera-profesional\/estudiante-de-secundaria\/#primaryimage","url":"https:\/\/www.acps-automotive.com\/wp-content\/uploads\/_media\/_allgemein\/pfeil-text-einleitung.png","contentUrl":"https:\/\/www.acps-automotive.com\/wp-content\/uploads\/_media\/_allgemein\/pfeil-text-einleitung.png"},{"@type":"BreadcrumbList","@id":"https:\/\/www.acps-automotive.com\/es\/carrera-profesional\/estudiante-de-secundaria\/#breadcrumb","itemListElement":[{"@type":"ListItem","position":1,"name":"Startseite","item":"https:\/\/www.acps-automotive.com\/es\/"},{"@type":"ListItem","position":2,"name":"Carrera profesional","item":"https:\/\/www.acps-automotive.com\/es\/carrera-profesional\/"},{"@type":"ListItem","position":3,"name":"Estudiante de secundaria"}]},{"@type":"WebSite","@id":"https:\/\/www.acps-automotive.com\/es\/#website","url":"https:\/\/www.acps-automotive.com\/es\/","name":"ACPS Automotive GmbH","description":"Innovative Anh\u00e4ngekupplungen","publisher":{"@id":"https:\/\/www.acps-automotive.com\/es\/#organization"},"potentialAction":[{"@type":"SearchAction","target":{"@type":"EntryPoint","urlTemplate":"https:\/\/www.acps-automotive.com\/es\/?s={search_term_string}"},"query-input":{"@type":"PropertyValueSpecification","valueRequired":true,"valueName":"search_term_string"}}],"inLanguage":"es"},{"@type":"Organization","@id":"https:\/\/www.acps-automotive.com\/es\/#organization","name":"ACPS Automotive GmbH","url":"https:\/\/www.acps-automotive.com\/es\/","logo":{"@type":"ImageObject","inLanguage":"es","@id":"https:\/\/www.acps-automotive.com\/es\/#\/schema\/logo\/image\/","url":"https:\/\/www.acps-automotive.com\/wp-content\/uploads\/_media\/_allgemein\/Logo-Footer-ACPS-Automotive.png","contentUrl":"https:\/\/www.acps-automotive.com\/wp-content\/uploads\/_media\/_allgemein\/Logo-Footer-ACPS-Automotive.png","width":239,"height":32,"caption":"ACPS Automotive GmbH"},"image":{"@id":"https:\/\/www.acps-automotive.com\/es\/#\/schema\/logo\/image\/"},"sameAs":["https:\/\/x.com\/ACPS_Automotive","https:\/\/www.linkedin.com\/company\/acps-automotive-gmbh\/","https:\/\/www.instagram.com\/acps_ausbildung\/","https:\/\/www.youtube.com\/channel\/UC2jxrgWwpxpkay2aHWV5SaQ"]}]}},"_links":{"self":[{"href":"https:\/\/www.acps-automotive.com\/es\/wp-json\/wp\/v2\/pages\/27116","targetHints":{"allow":["GET"]}}],"collection":[{"href":"https:\/\/www.acps-automotive.com\/es\/wp-json\/wp\/v2\/pages"}],"about":[{"href":"https:\/\/www.acps-automotive.com\/es\/wp-json\/wp\/v2\/types\/page"}],"author":[{"embeddable":true,"href":"https:\/\/www.acps-automotive.com\/es\/wp-json\/wp\/v2\/users\/8"}],"replies":[{"embeddable":true,"href":"https:\/\/www.acps-automotive.com\/es\/wp-json\/wp\/v2\/comments?post=27116"}],"version-history":[{"count":6,"href":"https:\/\/www.acps-automotive.com\/es\/wp-json\/wp\/v2\/pages\/27116\/revisions"}],"predecessor-version":[{"id":28837,"href":"https:\/\/www.acps-automotive.com\/es\/wp-json\/wp\/v2\/pages\/27116\/revisions\/28837"}],"up":[{"embeddable":true,"href":"https:\/\/www.acps-automotive.com\/es\/wp-json\/wp\/v2\/pages\/28092"}],"wp:attachment":[{"href":"https:\/\/www.acps-automotive.com\/es\/wp-json\/wp\/v2\/media?parent=27116"}],"curies":[{"name":"wp","href":"https:\/\/api.w.org\/{rel}","templated":true}]}}