{"id":27111,"date":"2025-12-19T15:54:11","date_gmt":"2025-12-19T14:54:11","guid":{"rendered":"https:\/\/www.acps-automotive.com\/?page_id=27111"},"modified":"2026-04-01T15:13:02","modified_gmt":"2026-04-01T13:13:02","slug":"persona-de-contacto","status":"publish","type":"page","link":"https:\/\/www.acps-automotive.com\/es\/carrera-profesional\/persona-de-contacto\/","title":{"rendered":"Persona de contacto"},"content":{"rendered":"<div class=\"vgblk-rw-wrapper limit-wrapper\">\n\n\t<h1><strong>Carrera profesional<\/strong><\/h1>\n<h1>Persona de contacto<\/h1>\n\t<img loading=\"lazy\" decoding=\"async\" src=\"https:\/\/www.acps-automotive.com\/wp-content\/uploads\/_media\/_allgemein\/pfeil-text-einleitung.png\" alt=\"Pfeil Text Einleitung\" width=\"46\" height=\"69\" \/><br \/>\nSi tiene alguna pregunta sobre su solicitud de empleo en ACPS Automotive o sobre un puesto de trabajo, aqu\u00ed encontrar\u00e1 a las personas de contacto. No dude en ponerse en contacto con nosotros, estaremos encantados de ayudarle.\n\t<h4><strong>Alemania<\/strong><\/h4>\n\t<h3>Ingersheim<\/h3>\n\t<h3>St. Egidien<\/h3>\n\t<p><strong><img loading=\"lazy\" decoding=\"async\" src=\"https:\/\/www.acps-automotive.com\/wp-content\/uploads\/_media\/karriere\/ansprechpartner\/Anke-Harris.jpg\" alt=\"Anke Harris\" width=\"320\" height=\"220\" \/><\/strong><\/p>\n<strong>Anke Harris<\/strong><br \/>\nHR Generalist<br \/>\nUbicaci\u00f3n Ingersheim<br \/>\nTel: +49 (0) 7142 9930 141<br \/>\n<a href=\"&#x6d;a&#x69;&#108;&#x74;&#x6f;:&#x61;&#110;&#x6b;&#x65;&#46;&#x68;&#97;&#x72;&#x72;i&#x73;&#64;&#x61;&#x63;p&#x73;&#45;&#x61;&#x75;t&#x6f;&#109;&#x6f;&#x74;i&#x76;&#101;&#x2e;&#x63;o&#x6d;\">anke&#46;&#104;&#97;&#114;&#114;&#105;&#115;&#x40;&#x61;&#x63;&#x70;&#x73;&#x2d;&#x61;&#x75;&#x74;omot&#105;&#118;&#101;&#46;&#99;&#111;&#109;<\/a>\n\t<p><img loading=\"lazy\" decoding=\"async\" src=\"https:\/\/www.acps-automotive.com\/wp-content\/uploads\/_media\/karriere\/ansprechpartner\/Carola-Schuerle-300x206.jpg\" alt=\"Carola Sch\u00fcrle\" width=\"300\" height=\"206\" \/><\/p>\n<strong>Carola Sch\u00fcrle<\/strong><br \/>\nHR Generalist<br \/>\nUbicaci\u00f3n Ingersheim<br \/>\nTel: +49 (0) 7142 9930 209<br \/>\n<a href=\"&#109;&#x61;&#x69;&#108;&#x74;&#x6f;:&#x63;&#x61;r&#111;&#x6c;a&#46;&#x73;c&#104;&#x75;e&#114;&#x6c;e&#64;&#x61;&#x63;&#112;&#x73;&#x2d;&#97;&#x75;&#x74;o&#x6d;&#x6f;t&#105;&#x76;e&#46;&#x63;o&#109;\">&#x63;&#x61;&#x72;&#x6f;&#x6c;&#x61;&#x2e;&#x73;&#99;&#104;&#117;&#101;&#114;&#108;&#101;&#64;acp&#x73;&#x2d;&#x61;&#x75;&#x74;&#x6f;&#x6d;&#x6f;&#x74;&#105;&#118;&#101;&#46;&#99;&#111;&#109;<\/a>\n\t<p><img loading=\"lazy\" decoding=\"async\" src=\"https:\/\/www.acps-automotive.com\/wp-content\/uploads\/_media\/karriere\/ansprechpartner\/Timo-Woelper.jpg\" alt=\"\" width=\"320\" height=\"220\" \/><\/p>\n<strong>Timo W\u00f6lper<br \/>\n<\/strong>Specialist Recruiting &amp; HR-Marketing<strong><br \/>\n<\/strong>Ubicaci\u00f3n Ingersheim<br \/>\nTel: +49 (0) 7142 9930 198<br \/>\n<a href=\"mailto:t&#105;&#109;&#111;&#46;&#119;&#111;&#101;&#108;&#112;&#101;&#x72;&#x40;&#x61;&#x63;&#x70;&#x73;&#x2d;&#x61;&#x75;&#x74;&#x6f;&#x6d;&#x6f;&#x74;&#x69;ve&#46;com \">&#116;&#x69;&#109;&#x6f;&#46;&#x77;o&#x65;l&#x70;e&#114;&#x40;&#97;&#x63;&#112;&#x73;&#45;&#x61;u&#x74;o&#x6d;o&#116;&#x69;&#118;&#x65;&#46;&#x63;&#111;&#x6d; <\/a>\n\t<p><img loading=\"lazy\" decoding=\"async\" src=\"https:\/\/www.acps-automotive.com\/wp-content\/uploads\/_media\/karriere\/ansprechpartner\/Tina-Leistner.jpg\" alt=\"\" width=\"320\" height=\"220\" \/><\/p>\n<strong>Tina Leistner<br \/>\n<\/strong>Human Resources Manager<strong><br \/>\n<\/strong>Ubicaci\u00f3n St. Egidien<br \/>\nTel: +49 (0) 37204 70 200<br \/>\n<a href=\"&#109;a&#x69;l&#x74;o&#x3a;t&#x69;n&#x61;&#46;&#x6c;&#101;&#x69;&#115;&#x74;&#110;&#x65;&#114;&#x40;&#97;&#x63;&#112;&#x73;&#45;a&#x75;t&#x6f;m&#x6f;t&#x69;v&#x65;&#46;&#x63;&#111;&#x6d;\">&#x74;&#105;&#110;&#x61;&#x2e;&#108;&#101;&#x69;&#x73;&#116;&#110;&#x65;&#x72;&#64;&#97;&#x63;&#x70;&#115;&#45;&#x61;&#x75;&#116;&#111;&#x6d;&#x6f;&#116;&#105;&#x76;&#x65;&#46;&#99;&#x6f;&#x6d;<\/a>\n\t<h3>M\u00f6nchengladbach<\/h3>\n\t<p><img loading=\"lazy\" decoding=\"async\" src=\"https:\/\/www.acps-automotive.com\/wp-content\/uploads\/2026\/03\/ChiaraVeccari_red.jpg\" alt=\"Chiara Veccari\" width=\"320\" height=\"220\" \/><\/p>\n<strong>Chiara Veccari<\/strong><br \/>\nHR Administrator<br \/>\nUbicaci\u00f3n M\u00f6nchengladbach<br \/>\nTel: +49 (0) 2166 943 980 201<br \/>\n<a href=\"m&#97;&#105;&#x6c;&#x74;o&#58;&#99;&#x68;&#x69;&#x61;r&#97;&#46;&#x76;&#x65;cc&#97;&#x72;&#x69;&#x40;a&#99;&#112;&#x73;&#x2d;au&#116;&#x6f;&#x6d;&#x6f;t&#105;&#118;&#x65;&#x2e;co&#109;\">&#x63;&#x68;&#105;a&#x72;&#x61;&#46;&#118;e&#x63;&#x63;&#97;&#114;i&#x40;&#x61;&#99;ps&#x2d;&#x61;&#117;t&#x6f;&#x6d;&#111;&#116;i&#x76;&#x65;&#46;&#99;o&#x6d;<\/a>\n\t<h4><strong>Hungr\u00eda<\/strong><\/h4>\n\t<h3>Kecskem\u00e9t<\/h3>\n\t<strong>HR Ungarn<\/strong><br \/>\nUbicaci\u00f3n Kecskem\u00e9t<br \/>\nTel: +36 (0) 30 913 9550<br \/>\n<a href=\"mailto:job&#46;h&#117;&#110;&#103;&#97;&#114;&#121;&#64;&#97;&#99;&#112;&#115;&#45;&#97;&#117;&#116;&#x6f;&#x6d;&#x6f;&#x74;&#x69;&#x76;&#x65;&#x2e;&#x63;&#x6f;&#x6d;\">j&#111;&#x62;&#x2e;h&#117;&#110;&#x67;&#x61;r&#121;&#64;&#x61;&#x63;p&#115;&#x2d;&#x61;&#x75;t&#111;&#x6d;&#x6f;t&#105;&#118;&#x65;&#x2e;c&#111;&#109;&#x6f;&#x6d;<\/a>\n\t<h4><strong>M\u00e9xico<\/strong><\/h4>\n\t<h3>Quer\u00e9taro<\/h3>\n\t<p><strong><img loading=\"lazy\" decoding=\"async\" src=\"https:\/\/www.acps-automotive.com\/wp-content\/uploads\/_media\/karriere\/ansprechpartner\/Esmeralda-Sepulveda.jpg\" alt=\"Esmeralda Sepulveda\" width=\"320\" height=\"220\" \/><\/strong><\/p>\n<strong>Esmeralda Sepulveda<\/strong><br \/>\nHuman Resources Manager MXQ<br \/>\nUbicaci\u00f3n Quer\u00e9taro<br \/>\nTel: +52 (0) 442 161 2358 Ext. 4016<br \/>\n<a href=\"m&#97;&#x69;&#x6c;&#x74;o&#58;&#x65;&#x73;&#x6d;e&#114;&#x61;&#x6c;&#x64;a&#46;&#x73;&#x65;&#x70;u&#108;&#x76;&#x65;&#x64;a&#64;&#x61;&#x63;&#x70;s&#45;&#x61;&#x75;&#x74;o&#109;&#x6f;&#x74;&#x69;v&#101;&#x2e;&#x63;&#x6f;m\">esmeralda&#46;se&#112;&#117;&#108;&#118;&#101;&#100;&#97;&#64;&#97;&#99;&#112;&#115;&#45;&#97;&#117;&#x74;&#x6f;&#x6d;&#x6f;&#x74;&#x69;&#x76;&#x65;&#x2e;&#x63;&#x6f;&#x6d;<\/a>\n\t<h4><strong>China<\/strong><\/h4>\n\t<h3>Kunshan<\/h3>\n\t<p><strong><img loading=\"lazy\" decoding=\"async\" src=\"https:\/\/www.acps-automotive.com\/wp-content\/uploads\/_media\/karriere\/ansprechpartner\/Anna-Pan.jpg\" alt=\"Anna Pan\" width=\"320\" height=\"220\" \/><\/strong><\/p>\n<strong>Anna Pan<\/strong><br \/>\nHR Business Partner<br \/>\nUbicaci\u00f3n Parque Industrial Alem\u00e1n, ciudad de Kunshan, provincia de Jiangsu<br \/>\nTel: +86 (0) 135 116 299 79<br \/>\n<a href=\"&#x6d;&#97;&#105;l&#x74;&#x6f;&#58;a&#x6e;&#x6e;&#97;&#46;p&#x61;&#110;&#64;a&#x63;&#x70;&#115;-&#x61;&#x75;&#116;&#111;m&#x6f;&#x74;&#105;v&#x65;&#x2e;&#99;o&#x6d;\">&#x61;&#110;&#x6e;&#x61;&#46;&#x70;&#97;n&#x40;&#97;c&#x70;&#115;&#x2d;&#x61;u&#x74;&#111;m&#x6f;&#116;i&#x76;&#101;&#x2e;&#x63;&#111;&#x6d;<\/a>\n\t<h2><strong>Ofertas de empleo<\/strong><\/h2>\n<p>Precisamente como l\u00edderes del mercado en un entorno din\u00e1mico, nuestros empleados competentes y motivados constituyen la base de nuestro \u00e9xito. Le ofrecemos retos profesionales apasionantes y las mejores condiciones para su desarrollo personal y profesional. D\u00e9 el siguiente paso en su carrera con ACPS Automotive.<\/p>\n<p><a href=\"https:\/\/careers.acps-automotive.com\/\"><img loading=\"lazy\" decoding=\"async\" src=\"https:\/\/www.acps-automotive.com\/wp-content\/uploads\/_media\/_allgemein\/pfeil-gross-hellblau.png\" alt=\"Pfeil gross hellblau\" width=\"68\" height=\"45\" \/><\/a><\/p>\n<p><a href=\"https:\/\/careers.acps-automotive.com\/?locale=es_ES\" target=\"_blank\" rel=\"noopener\">Ofertas de empleo actuales<\/a><\/p>\n<p>&nbsp;<\/p>\n\n<\/div><!-- .vgblk-rw-wrapper -->","protected":false},"excerpt":{"rendered":"<p>Carrera profesional Persona de contacto Si tiene alguna pregunta sobre su solicitud de empleo en ACPS Automotive o sobre un puesto de trabajo, aqu\u00ed encontrar\u00e1 a las personas de contacto. No dude en ponerse en contacto con nosotros, estaremos encantados de ayudarle. Alemania Ingersheim St. Egidien Anke Harris HR Generalist Ubicaci\u00f3n Ingersheim Tel: +49 (0)&#8230;<\/p>\n","protected":false},"author":8,"featured_media":0,"parent":28092,"menu_order":4,"comment_status":"closed","ping_status":"closed","template":"","meta":{"inline_featured_image":false,"_price":"","_stock":"","_tribe_ticket_header":"","_tribe_default_ticket_provider":"","_tribe_ticket_capacity":"0","_ticket_start_date":"","_ticket_end_date":"","_tribe_ticket_show_description":"","_tribe_ticket_show_not_going":false,"_tribe_ticket_use_global_stock":"","_tribe_ticket_global_stock_level":"","_global_stock_mode":"","_global_stock_cap":"","_tribe_rsvp_for_event":"","_tribe_ticket_going_count":"","_tribe_ticket_not_going_count":"","_tribe_tickets_list":"[]","_tribe_ticket_has_attendee_info_fields":false,"footnotes":""},"class_list":["post-27111","page","type-page","status-publish","hentry"],"yoast_head":"<!-- This site is optimized with the Yoast SEO plugin v27.2 - https:\/\/yoast.com\/product\/yoast-seo-wordpress\/ -->\n<title>Persona de contacto para cuestiones profesionales | ACPS Automotive<\/title>\n<meta name=\"description\" content=\"Sus personas de contacto para su carrera profesional en ACPS Automotive. \u25ba\u00bfTiene alguna pregunta? \u00a1Estaremos encantados de responderla!\" \/>\n<meta name=\"robots\" content=\"index, follow, max-snippet:-1, max-image-preview:large, max-video-preview:-1\" \/>\n<link rel=\"canonical\" href=\"https:\/\/www.acps-automotive.com\/es\/carrera-profesional\/persona-de-contacto\/\" \/>\n<meta property=\"og:locale\" content=\"es_ES\" \/>\n<meta property=\"og:type\" content=\"article\" \/>\n<meta property=\"og:title\" content=\"Persona de contacto para cuestiones profesionales | ACPS Automotive\" \/>\n<meta property=\"og:description\" content=\"Sus personas de contacto para su carrera profesional en ACPS Automotive. \u25ba\u00bfTiene alguna pregunta? \u00a1Estaremos encantados de responderla!\" \/>\n<meta property=\"og:url\" content=\"https:\/\/www.acps-automotive.com\/es\/carrera-profesional\/persona-de-contacto\/\" \/>\n<meta property=\"og:site_name\" content=\"ACPS Automotive GmbH\" \/>\n<meta property=\"article:modified_time\" content=\"2026-04-01T13:13:02+00:00\" \/>\n<meta property=\"og:image\" content=\"https:\/\/www.acps-automotive.com\/wp-content\/uploads\/_media\/_allgemein\/pfeil-text-einleitung.png\" \/>\n<meta name=\"twitter:card\" content=\"summary_large_image\" \/>\n<meta name=\"twitter:site\" content=\"@ACPS_Automotive\" \/>\n<meta name=\"twitter:label1\" content=\"Tiempo de lectura\" \/>\n\t<meta name=\"twitter:data1\" content=\"3 minutos\" \/>\n<script type=\"application\/ld+json\" class=\"yoast-schema-graph\">{\"@context\":\"https:\/\/schema.org\",\"@graph\":[{\"@type\":\"WebPage\",\"@id\":\"https:\/\/www.acps-automotive.com\/es\/carrera-profesional\/persona-de-contacto\/\",\"url\":\"https:\/\/www.acps-automotive.com\/es\/carrera-profesional\/persona-de-contacto\/\",\"name\":\"Persona de contacto para cuestiones profesionales | ACPS Automotive\",\"isPartOf\":{\"@id\":\"https:\/\/www.acps-automotive.com\/es\/#website\"},\"primaryImageOfPage\":{\"@id\":\"https:\/\/www.acps-automotive.com\/es\/carrera-profesional\/persona-de-contacto\/#primaryimage\"},\"image\":{\"@id\":\"https:\/\/www.acps-automotive.com\/es\/carrera-profesional\/persona-de-contacto\/#primaryimage\"},\"thumbnailUrl\":\"https:\/\/www.acps-automotive.com\/wp-content\/uploads\/_media\/_allgemein\/pfeil-text-einleitung.png\",\"datePublished\":\"2025-12-19T14:54:11+00:00\",\"dateModified\":\"2026-04-01T13:13:02+00:00\",\"description\":\"Sus personas de contacto para su carrera profesional en ACPS Automotive. \u25ba\u00bfTiene alguna pregunta? \u00a1Estaremos encantados de responderla!\",\"breadcrumb\":{\"@id\":\"https:\/\/www.acps-automotive.com\/es\/carrera-profesional\/persona-de-contacto\/#breadcrumb\"},\"inLanguage\":\"es\",\"potentialAction\":[{\"@type\":\"ReadAction\",\"target\":[\"https:\/\/www.acps-automotive.com\/es\/carrera-profesional\/persona-de-contacto\/\"]}]},{\"@type\":\"ImageObject\",\"inLanguage\":\"es\",\"@id\":\"https:\/\/www.acps-automotive.com\/es\/carrera-profesional\/persona-de-contacto\/#primaryimage\",\"url\":\"https:\/\/www.acps-automotive.com\/wp-content\/uploads\/_media\/_allgemein\/pfeil-text-einleitung.png\",\"contentUrl\":\"https:\/\/www.acps-automotive.com\/wp-content\/uploads\/_media\/_allgemein\/pfeil-text-einleitung.png\"},{\"@type\":\"BreadcrumbList\",\"@id\":\"https:\/\/www.acps-automotive.com\/es\/carrera-profesional\/persona-de-contacto\/#breadcrumb\",\"itemListElement\":[{\"@type\":\"ListItem\",\"position\":1,\"name\":\"Startseite\",\"item\":\"https:\/\/www.acps-automotive.com\/es\/\"},{\"@type\":\"ListItem\",\"position\":2,\"name\":\"Carrera profesional\",\"item\":\"https:\/\/www.acps-automotive.com\/es\/carrera-profesional\/\"},{\"@type\":\"ListItem\",\"position\":3,\"name\":\"Persona de contacto\"}]},{\"@type\":\"WebSite\",\"@id\":\"https:\/\/www.acps-automotive.com\/es\/#website\",\"url\":\"https:\/\/www.acps-automotive.com\/es\/\",\"name\":\"ACPS Automotive GmbH\",\"description\":\"Innovative Anh\u00e4ngekupplungen\",\"publisher\":{\"@id\":\"https:\/\/www.acps-automotive.com\/es\/#organization\"},\"potentialAction\":[{\"@type\":\"SearchAction\",\"target\":{\"@type\":\"EntryPoint\",\"urlTemplate\":\"https:\/\/www.acps-automotive.com\/es\/?s={search_term_string}\"},\"query-input\":{\"@type\":\"PropertyValueSpecification\",\"valueRequired\":true,\"valueName\":\"search_term_string\"}}],\"inLanguage\":\"es\"},{\"@type\":\"Organization\",\"@id\":\"https:\/\/www.acps-automotive.com\/es\/#organization\",\"name\":\"ACPS Automotive GmbH\",\"url\":\"https:\/\/www.acps-automotive.com\/es\/\",\"logo\":{\"@type\":\"ImageObject\",\"inLanguage\":\"es\",\"@id\":\"https:\/\/www.acps-automotive.com\/es\/#\/schema\/logo\/image\/\",\"url\":\"https:\/\/www.acps-automotive.com\/wp-content\/uploads\/_media\/_allgemein\/Logo-Footer-ACPS-Automotive.png\",\"contentUrl\":\"https:\/\/www.acps-automotive.com\/wp-content\/uploads\/_media\/_allgemein\/Logo-Footer-ACPS-Automotive.png\",\"width\":239,\"height\":32,\"caption\":\"ACPS Automotive GmbH\"},\"image\":{\"@id\":\"https:\/\/www.acps-automotive.com\/es\/#\/schema\/logo\/image\/\"},\"sameAs\":[\"https:\/\/x.com\/ACPS_Automotive\",\"https:\/\/www.linkedin.com\/company\/acps-automotive-gmbh\/\",\"https:\/\/www.instagram.com\/acps_ausbildung\/\",\"https:\/\/www.youtube.com\/channel\/UC2jxrgWwpxpkay2aHWV5SaQ\"]}]}<\/script>\n<!-- \/ Yoast SEO plugin. -->","yoast_head_json":{"title":"Persona de contacto para cuestiones profesionales | ACPS Automotive","description":"Sus personas de contacto para su carrera profesional en ACPS Automotive. \u25ba\u00bfTiene alguna pregunta? \u00a1Estaremos encantados de responderla!","robots":{"index":"index","follow":"follow","max-snippet":"max-snippet:-1","max-image-preview":"max-image-preview:large","max-video-preview":"max-video-preview:-1"},"canonical":"https:\/\/www.acps-automotive.com\/es\/carrera-profesional\/persona-de-contacto\/","og_locale":"es_ES","og_type":"article","og_title":"Persona de contacto para cuestiones profesionales | ACPS Automotive","og_description":"Sus personas de contacto para su carrera profesional en ACPS Automotive. \u25ba\u00bfTiene alguna pregunta? \u00a1Estaremos encantados de responderla!","og_url":"https:\/\/www.acps-automotive.com\/es\/carrera-profesional\/persona-de-contacto\/","og_site_name":"ACPS Automotive GmbH","article_modified_time":"2026-04-01T13:13:02+00:00","og_image":[{"url":"https:\/\/www.acps-automotive.com\/wp-content\/uploads\/_media\/_allgemein\/pfeil-text-einleitung.png","type":"","width":"","height":""}],"twitter_card":"summary_large_image","twitter_site":"@ACPS_Automotive","twitter_misc":{"Tiempo de lectura":"3 minutos"},"schema":{"@context":"https:\/\/schema.org","@graph":[{"@type":"WebPage","@id":"https:\/\/www.acps-automotive.com\/es\/carrera-profesional\/persona-de-contacto\/","url":"https:\/\/www.acps-automotive.com\/es\/carrera-profesional\/persona-de-contacto\/","name":"Persona de contacto para cuestiones profesionales | ACPS Automotive","isPartOf":{"@id":"https:\/\/www.acps-automotive.com\/es\/#website"},"primaryImageOfPage":{"@id":"https:\/\/www.acps-automotive.com\/es\/carrera-profesional\/persona-de-contacto\/#primaryimage"},"image":{"@id":"https:\/\/www.acps-automotive.com\/es\/carrera-profesional\/persona-de-contacto\/#primaryimage"},"thumbnailUrl":"https:\/\/www.acps-automotive.com\/wp-content\/uploads\/_media\/_allgemein\/pfeil-text-einleitung.png","datePublished":"2025-12-19T14:54:11+00:00","dateModified":"2026-04-01T13:13:02+00:00","description":"Sus personas de contacto para su carrera profesional en ACPS Automotive. \u25ba\u00bfTiene alguna pregunta? \u00a1Estaremos encantados de responderla!","breadcrumb":{"@id":"https:\/\/www.acps-automotive.com\/es\/carrera-profesional\/persona-de-contacto\/#breadcrumb"},"inLanguage":"es","potentialAction":[{"@type":"ReadAction","target":["https:\/\/www.acps-automotive.com\/es\/carrera-profesional\/persona-de-contacto\/"]}]},{"@type":"ImageObject","inLanguage":"es","@id":"https:\/\/www.acps-automotive.com\/es\/carrera-profesional\/persona-de-contacto\/#primaryimage","url":"https:\/\/www.acps-automotive.com\/wp-content\/uploads\/_media\/_allgemein\/pfeil-text-einleitung.png","contentUrl":"https:\/\/www.acps-automotive.com\/wp-content\/uploads\/_media\/_allgemein\/pfeil-text-einleitung.png"},{"@type":"BreadcrumbList","@id":"https:\/\/www.acps-automotive.com\/es\/carrera-profesional\/persona-de-contacto\/#breadcrumb","itemListElement":[{"@type":"ListItem","position":1,"name":"Startseite","item":"https:\/\/www.acps-automotive.com\/es\/"},{"@type":"ListItem","position":2,"name":"Carrera profesional","item":"https:\/\/www.acps-automotive.com\/es\/carrera-profesional\/"},{"@type":"ListItem","position":3,"name":"Persona de contacto"}]},{"@type":"WebSite","@id":"https:\/\/www.acps-automotive.com\/es\/#website","url":"https:\/\/www.acps-automotive.com\/es\/","name":"ACPS Automotive GmbH","description":"Innovative Anh\u00e4ngekupplungen","publisher":{"@id":"https:\/\/www.acps-automotive.com\/es\/#organization"},"potentialAction":[{"@type":"SearchAction","target":{"@type":"EntryPoint","urlTemplate":"https:\/\/www.acps-automotive.com\/es\/?s={search_term_string}"},"query-input":{"@type":"PropertyValueSpecification","valueRequired":true,"valueName":"search_term_string"}}],"inLanguage":"es"},{"@type":"Organization","@id":"https:\/\/www.acps-automotive.com\/es\/#organization","name":"ACPS Automotive GmbH","url":"https:\/\/www.acps-automotive.com\/es\/","logo":{"@type":"ImageObject","inLanguage":"es","@id":"https:\/\/www.acps-automotive.com\/es\/#\/schema\/logo\/image\/","url":"https:\/\/www.acps-automotive.com\/wp-content\/uploads\/_media\/_allgemein\/Logo-Footer-ACPS-Automotive.png","contentUrl":"https:\/\/www.acps-automotive.com\/wp-content\/uploads\/_media\/_allgemein\/Logo-Footer-ACPS-Automotive.png","width":239,"height":32,"caption":"ACPS Automotive GmbH"},"image":{"@id":"https:\/\/www.acps-automotive.com\/es\/#\/schema\/logo\/image\/"},"sameAs":["https:\/\/x.com\/ACPS_Automotive","https:\/\/www.linkedin.com\/company\/acps-automotive-gmbh\/","https:\/\/www.instagram.com\/acps_ausbildung\/","https:\/\/www.youtube.com\/channel\/UC2jxrgWwpxpkay2aHWV5SaQ"]}]}},"_links":{"self":[{"href":"https:\/\/www.acps-automotive.com\/es\/wp-json\/wp\/v2\/pages\/27111","targetHints":{"allow":["GET"]}}],"collection":[{"href":"https:\/\/www.acps-automotive.com\/es\/wp-json\/wp\/v2\/pages"}],"about":[{"href":"https:\/\/www.acps-automotive.com\/es\/wp-json\/wp\/v2\/types\/page"}],"author":[{"embeddable":true,"href":"https:\/\/www.acps-automotive.com\/es\/wp-json\/wp\/v2\/users\/8"}],"replies":[{"embeddable":true,"href":"https:\/\/www.acps-automotive.com\/es\/wp-json\/wp\/v2\/comments?post=27111"}],"version-history":[{"count":8,"href":"https:\/\/www.acps-automotive.com\/es\/wp-json\/wp\/v2\/pages\/27111\/revisions"}],"predecessor-version":[{"id":29692,"href":"https:\/\/www.acps-automotive.com\/es\/wp-json\/wp\/v2\/pages\/27111\/revisions\/29692"}],"up":[{"embeddable":true,"href":"https:\/\/www.acps-automotive.com\/es\/wp-json\/wp\/v2\/pages\/28092"}],"wp:attachment":[{"href":"https:\/\/www.acps-automotive.com\/es\/wp-json\/wp\/v2\/media?parent=27111"}],"curies":[{"name":"wp","href":"https:\/\/api.w.org\/{rel}","templated":true}]}}