{"id":25955,"date":"2024-04-15T14:21:48","date_gmt":"2024-04-15T12:21:48","guid":{"rendered":"https:\/\/www.acps-automotive.com\/?page_id=25955"},"modified":"2024-04-15T16:27:41","modified_gmt":"2024-04-15T14:27:41","slug":"kunshan-china","status":"publish","type":"page","link":"https:\/\/www.acps-automotive.com\/en\/locations\/kunshan-china\/","title":{"rendered":"Kunshan \/ China"},"content":{"rendered":"<div class=\"vgblk-rw-wrapper limit-wrapper\">\n\n\t<h1><strong>Kunshan<\/strong><br \/>\nChina<\/h1>\n\t<img loading=\"lazy\" decoding=\"async\" src=\"https:\/\/www.acps-automotive.com\/wp-content\/uploads\/_media\/_allgemein\/pfeil-text-einleitung.png\" alt=\"Pfeil Text Einleitung\" width=\"46\" height=\"69\" \/><br \/>\nOris Automotive Systems (Kunshan) Ltd.<br \/>\nManufacturing location\n\t<h4><strong>ACPS Automotive continues to grow<\/strong><br \/>\nin the most important sales market<\/h4>\n\t<p>With the foundation of Oris Automotive Systems (Kunshan) Ltd., ACPS Automotive Group has optimally positioned itself in China market. Oris Kunshan is a crucial milestone that will ensure a smooth production of towbars for cars, SUVs and vans in the second quarter of 2025.<\/p>\n\t<p><strong>The manufacturing facility is under construction<\/strong><\/p>\n<ul>\n<li>Company foundation of Oris Automotive Systems (Kunshan) Ltd. in March 2024<\/li>\n<li>5,000 m<sup>2<\/sup> plot area<\/li>\n<li>4,000 m<sup>2<\/sup> manufacturing hall<\/li>\n<\/ul>\n\t<p>With the new Oris manufacturing plant in Kunshan China, we are expanding our presence in the most important growth market in Asia., offering tailor-made solutions for Chinese and Asian customers and significantly shortening the lead time to market. <\/p>\n\t<h4><strong>The right strategy <\/strong><br \/>\nfor successful expansion<\/h4>\n<p>A strong presence in China is an important success factor for sustainable and successful expansion on the international market. The new manufacturing plant in Kunshan German Industry Park will make an essential contribution to positively influencing our global growth and sustainably expanding our technology leadership. <\/p>\n\t<h4><strong>Success through leadership<\/strong><br \/>\nGeneral Manager &#038; Operation Director Christina Yu<\/h4>\n<p>Kunshan is located in German Industrial Park, which is in China east coast dynamic economic delta zone near Shanghai, thus, help us to close to our both internal and Chinese OE customers, also enable us to provide efficient support to our customers, strengthen the collaboration with our business partner.<\/p>\n\t<p><img loading=\"lazy\" decoding=\"async\" src=\"https:\/\/www.acps-automotive.com\/wp-content\/uploads\/_media\/standorte\/kunshan\/success.jpg\" alt=\"Success through leadership\" width=\"650\" height=\"400\" \/><\/p>\n\t<p><img loading=\"lazy\" decoding=\"async\" src=\"https:\/\/www.acps-automotive.com\/wp-content\/uploads\/_media\/standorte\/kunshan\/christina-yu.jpg\" alt=\"Christina Yu\" width=\"650\" height=\"400\" \/><\/p>\n\t<p>\u201eWe have built a strong team with rich experience in automotive industry, our goal is keeping leading innovation and high quality in China towbar market in order to create added value for customers and society.&#8221;<\/p>\n<p>Christina Yu, General Manager &amp; Operation Director of Oris Automotive System (Kunshan) Ltd.<\/p>\n\n<\/div><!-- .vgblk-rw-wrapper -->","protected":false},"excerpt":{"rendered":"<p>Kunshan China Oris Automotive Systems (Kunshan) Ltd. Manufacturing location ACPS Automotive continues to grow in the most important sales market With the foundation of Oris Automotive Systems (Kunshan) Ltd., ACPS Automotive Group has optimally positioned itself in China market. Oris Kunshan is a crucial milestone that will ensure a smooth production of towbars for cars,&#8230;<\/p>\n","protected":false},"author":1,"featured_media":0,"parent":25670,"menu_order":0,"comment_status":"closed","ping_status":"closed","template":"","meta":{"inline_featured_image":false,"_price":"","_stock":"","_tribe_ticket_header":"","_tribe_default_ticket_provider":"","_tribe_ticket_capacity":"0","_ticket_start_date":"","_ticket_end_date":"","_tribe_ticket_show_description":"","_tribe_ticket_show_not_going":false,"_tribe_ticket_use_global_stock":"","_tribe_ticket_global_stock_level":"","_global_stock_mode":"","_global_stock_cap":"","_tribe_rsvp_for_event":"","_tribe_ticket_going_count":"","_tribe_ticket_not_going_count":"","_tribe_tickets_list":"[]","_tribe_ticket_has_attendee_info_fields":false,"footnotes":""},"class_list":["post-25955","page","type-page","status-publish","hentry"],"yoast_head":"<!-- This site is optimized with the Yoast SEO plugin v27.2 - https:\/\/yoast.com\/product\/yoast-seo-wordpress\/ -->\n<title>Kunshan \/ China | ACPS Automotive<\/title>\n<meta name=\"description\" content=\"ACPS Automotive ist mit der Marke \u2605ORIS\u2605 Markt- und Technologief\u00fchrer f\u00fcr Anh\u00e4ngevorrichtungen von PKWs, SUVs und Kleintransportern.\" \/>\n<meta name=\"robots\" content=\"index, follow, max-snippet:-1, max-image-preview:large, max-video-preview:-1\" \/>\n<link rel=\"canonical\" href=\"https:\/\/www.acps-automotive.com\/en\/locations\/kunshan-china\/\" \/>\n<meta property=\"og:locale\" content=\"en_US\" \/>\n<meta property=\"og:type\" content=\"article\" \/>\n<meta property=\"og:title\" content=\"Kunshan \/ China | ACPS Automotive\" \/>\n<meta property=\"og:description\" content=\"ACPS Automotive ist mit der Marke \u2605ORIS\u2605 Markt- und Technologief\u00fchrer f\u00fcr Anh\u00e4ngevorrichtungen von PKWs, SUVs und Kleintransportern.\" \/>\n<meta property=\"og:url\" content=\"https:\/\/www.acps-automotive.com\/en\/locations\/kunshan-china\/\" \/>\n<meta property=\"og:site_name\" content=\"ACPS Automotive GmbH\" \/>\n<meta property=\"article:modified_time\" content=\"2024-04-15T14:27:41+00:00\" \/>\n<meta property=\"og:image\" content=\"https:\/\/www.acps-automotive.com\/wp-content\/uploads\/_media\/_allgemein\/pfeil-text-einleitung.png\" \/>\n<meta name=\"twitter:card\" content=\"summary_large_image\" \/>\n<meta name=\"twitter:site\" content=\"@ACPS_Automotive\" \/>\n<meta name=\"twitter:label1\" content=\"Est. reading time\" \/>\n\t<meta name=\"twitter:data1\" content=\"3 minutes\" \/>\n<script type=\"application\/ld+json\" class=\"yoast-schema-graph\">{\"@context\":\"https:\/\/schema.org\",\"@graph\":[{\"@type\":\"WebPage\",\"@id\":\"https:\/\/www.acps-automotive.com\/en\/locations\/kunshan-china\/\",\"url\":\"https:\/\/www.acps-automotive.com\/en\/locations\/kunshan-china\/\",\"name\":\"Kunshan \/ China | ACPS Automotive\",\"isPartOf\":{\"@id\":\"https:\/\/www.acps-automotive.com\/en\/#website\"},\"primaryImageOfPage\":{\"@id\":\"https:\/\/www.acps-automotive.com\/en\/locations\/kunshan-china\/#primaryimage\"},\"image\":{\"@id\":\"https:\/\/www.acps-automotive.com\/en\/locations\/kunshan-china\/#primaryimage\"},\"thumbnailUrl\":\"https:\/\/www.acps-automotive.com\/wp-content\/uploads\/_media\/_allgemein\/pfeil-text-einleitung.png\",\"datePublished\":\"2024-04-15T12:21:48+00:00\",\"dateModified\":\"2024-04-15T14:27:41+00:00\",\"description\":\"ACPS Automotive ist mit der Marke \u2605ORIS\u2605 Markt- und Technologief\u00fchrer f\u00fcr Anh\u00e4ngevorrichtungen von PKWs, SUVs und Kleintransportern.\",\"breadcrumb\":{\"@id\":\"https:\/\/www.acps-automotive.com\/en\/locations\/kunshan-china\/#breadcrumb\"},\"inLanguage\":\"en-US\",\"potentialAction\":[{\"@type\":\"ReadAction\",\"target\":[\"https:\/\/www.acps-automotive.com\/en\/locations\/kunshan-china\/\"]}]},{\"@type\":\"ImageObject\",\"inLanguage\":\"en-US\",\"@id\":\"https:\/\/www.acps-automotive.com\/en\/locations\/kunshan-china\/#primaryimage\",\"url\":\"https:\/\/www.acps-automotive.com\/wp-content\/uploads\/_media\/_allgemein\/pfeil-text-einleitung.png\",\"contentUrl\":\"https:\/\/www.acps-automotive.com\/wp-content\/uploads\/_media\/_allgemein\/pfeil-text-einleitung.png\"},{\"@type\":\"BreadcrumbList\",\"@id\":\"https:\/\/www.acps-automotive.com\/en\/locations\/kunshan-china\/#breadcrumb\",\"itemListElement\":[{\"@type\":\"ListItem\",\"position\":1,\"name\":\"Startseite\",\"item\":\"https:\/\/www.acps-automotive.com\/en\/\"},{\"@type\":\"ListItem\",\"position\":2,\"name\":\"Locations\",\"item\":\"https:\/\/www.acps-automotive.com\/en\/locations\/\"},{\"@type\":\"ListItem\",\"position\":3,\"name\":\"Kunshan \/ China\"}]},{\"@type\":\"WebSite\",\"@id\":\"https:\/\/www.acps-automotive.com\/en\/#website\",\"url\":\"https:\/\/www.acps-automotive.com\/en\/\",\"name\":\"ACPS Automotive GmbH\",\"description\":\"Innovative Anh\u00e4ngekupplungen\",\"publisher\":{\"@id\":\"https:\/\/www.acps-automotive.com\/en\/#organization\"},\"potentialAction\":[{\"@type\":\"SearchAction\",\"target\":{\"@type\":\"EntryPoint\",\"urlTemplate\":\"https:\/\/www.acps-automotive.com\/en\/?s={search_term_string}\"},\"query-input\":{\"@type\":\"PropertyValueSpecification\",\"valueRequired\":true,\"valueName\":\"search_term_string\"}}],\"inLanguage\":\"en-US\"},{\"@type\":\"Organization\",\"@id\":\"https:\/\/www.acps-automotive.com\/en\/#organization\",\"name\":\"ACPS Automotive GmbH\",\"url\":\"https:\/\/www.acps-automotive.com\/en\/\",\"logo\":{\"@type\":\"ImageObject\",\"inLanguage\":\"en-US\",\"@id\":\"https:\/\/www.acps-automotive.com\/en\/#\/schema\/logo\/image\/\",\"url\":\"https:\/\/www.acps-automotive.com\/wp-content\/uploads\/_media\/_allgemein\/Logo-Footer-ACPS-Automotive.png\",\"contentUrl\":\"https:\/\/www.acps-automotive.com\/wp-content\/uploads\/_media\/_allgemein\/Logo-Footer-ACPS-Automotive.png\",\"width\":239,\"height\":32,\"caption\":\"ACPS Automotive GmbH\"},\"image\":{\"@id\":\"https:\/\/www.acps-automotive.com\/en\/#\/schema\/logo\/image\/\"},\"sameAs\":[\"https:\/\/x.com\/ACPS_Automotive\",\"https:\/\/www.linkedin.com\/company\/acps-automotive-gmbh\/\",\"https:\/\/www.instagram.com\/acps_ausbildung\/\",\"https:\/\/www.youtube.com\/channel\/UC2jxrgWwpxpkay2aHWV5SaQ\"]}]}<\/script>\n<!-- \/ Yoast SEO plugin. -->","yoast_head_json":{"title":"Kunshan \/ China | ACPS Automotive","description":"ACPS Automotive ist mit der Marke \u2605ORIS\u2605 Markt- und Technologief\u00fchrer f\u00fcr Anh\u00e4ngevorrichtungen von PKWs, SUVs und Kleintransportern.","robots":{"index":"index","follow":"follow","max-snippet":"max-snippet:-1","max-image-preview":"max-image-preview:large","max-video-preview":"max-video-preview:-1"},"canonical":"https:\/\/www.acps-automotive.com\/en\/locations\/kunshan-china\/","og_locale":"en_US","og_type":"article","og_title":"Kunshan \/ China | ACPS Automotive","og_description":"ACPS Automotive ist mit der Marke \u2605ORIS\u2605 Markt- und Technologief\u00fchrer f\u00fcr Anh\u00e4ngevorrichtungen von PKWs, SUVs und Kleintransportern.","og_url":"https:\/\/www.acps-automotive.com\/en\/locations\/kunshan-china\/","og_site_name":"ACPS Automotive GmbH","article_modified_time":"2024-04-15T14:27:41+00:00","og_image":[{"url":"https:\/\/www.acps-automotive.com\/wp-content\/uploads\/_media\/_allgemein\/pfeil-text-einleitung.png","type":"","width":"","height":""}],"twitter_card":"summary_large_image","twitter_site":"@ACPS_Automotive","twitter_misc":{"Est. reading time":"3 minutes"},"schema":{"@context":"https:\/\/schema.org","@graph":[{"@type":"WebPage","@id":"https:\/\/www.acps-automotive.com\/en\/locations\/kunshan-china\/","url":"https:\/\/www.acps-automotive.com\/en\/locations\/kunshan-china\/","name":"Kunshan \/ China | ACPS Automotive","isPartOf":{"@id":"https:\/\/www.acps-automotive.com\/en\/#website"},"primaryImageOfPage":{"@id":"https:\/\/www.acps-automotive.com\/en\/locations\/kunshan-china\/#primaryimage"},"image":{"@id":"https:\/\/www.acps-automotive.com\/en\/locations\/kunshan-china\/#primaryimage"},"thumbnailUrl":"https:\/\/www.acps-automotive.com\/wp-content\/uploads\/_media\/_allgemein\/pfeil-text-einleitung.png","datePublished":"2024-04-15T12:21:48+00:00","dateModified":"2024-04-15T14:27:41+00:00","description":"ACPS Automotive ist mit der Marke \u2605ORIS\u2605 Markt- und Technologief\u00fchrer f\u00fcr Anh\u00e4ngevorrichtungen von PKWs, SUVs und Kleintransportern.","breadcrumb":{"@id":"https:\/\/www.acps-automotive.com\/en\/locations\/kunshan-china\/#breadcrumb"},"inLanguage":"en-US","potentialAction":[{"@type":"ReadAction","target":["https:\/\/www.acps-automotive.com\/en\/locations\/kunshan-china\/"]}]},{"@type":"ImageObject","inLanguage":"en-US","@id":"https:\/\/www.acps-automotive.com\/en\/locations\/kunshan-china\/#primaryimage","url":"https:\/\/www.acps-automotive.com\/wp-content\/uploads\/_media\/_allgemein\/pfeil-text-einleitung.png","contentUrl":"https:\/\/www.acps-automotive.com\/wp-content\/uploads\/_media\/_allgemein\/pfeil-text-einleitung.png"},{"@type":"BreadcrumbList","@id":"https:\/\/www.acps-automotive.com\/en\/locations\/kunshan-china\/#breadcrumb","itemListElement":[{"@type":"ListItem","position":1,"name":"Startseite","item":"https:\/\/www.acps-automotive.com\/en\/"},{"@type":"ListItem","position":2,"name":"Locations","item":"https:\/\/www.acps-automotive.com\/en\/locations\/"},{"@type":"ListItem","position":3,"name":"Kunshan \/ China"}]},{"@type":"WebSite","@id":"https:\/\/www.acps-automotive.com\/en\/#website","url":"https:\/\/www.acps-automotive.com\/en\/","name":"ACPS Automotive GmbH","description":"Innovative Anh\u00e4ngekupplungen","publisher":{"@id":"https:\/\/www.acps-automotive.com\/en\/#organization"},"potentialAction":[{"@type":"SearchAction","target":{"@type":"EntryPoint","urlTemplate":"https:\/\/www.acps-automotive.com\/en\/?s={search_term_string}"},"query-input":{"@type":"PropertyValueSpecification","valueRequired":true,"valueName":"search_term_string"}}],"inLanguage":"en-US"},{"@type":"Organization","@id":"https:\/\/www.acps-automotive.com\/en\/#organization","name":"ACPS Automotive GmbH","url":"https:\/\/www.acps-automotive.com\/en\/","logo":{"@type":"ImageObject","inLanguage":"en-US","@id":"https:\/\/www.acps-automotive.com\/en\/#\/schema\/logo\/image\/","url":"https:\/\/www.acps-automotive.com\/wp-content\/uploads\/_media\/_allgemein\/Logo-Footer-ACPS-Automotive.png","contentUrl":"https:\/\/www.acps-automotive.com\/wp-content\/uploads\/_media\/_allgemein\/Logo-Footer-ACPS-Automotive.png","width":239,"height":32,"caption":"ACPS Automotive GmbH"},"image":{"@id":"https:\/\/www.acps-automotive.com\/en\/#\/schema\/logo\/image\/"},"sameAs":["https:\/\/x.com\/ACPS_Automotive","https:\/\/www.linkedin.com\/company\/acps-automotive-gmbh\/","https:\/\/www.instagram.com\/acps_ausbildung\/","https:\/\/www.youtube.com\/channel\/UC2jxrgWwpxpkay2aHWV5SaQ"]}]}},"_links":{"self":[{"href":"https:\/\/www.acps-automotive.com\/en\/wp-json\/wp\/v2\/pages\/25955","targetHints":{"allow":["GET"]}}],"collection":[{"href":"https:\/\/www.acps-automotive.com\/en\/wp-json\/wp\/v2\/pages"}],"about":[{"href":"https:\/\/www.acps-automotive.com\/en\/wp-json\/wp\/v2\/types\/page"}],"author":[{"embeddable":true,"href":"https:\/\/www.acps-automotive.com\/en\/wp-json\/wp\/v2\/users\/1"}],"replies":[{"embeddable":true,"href":"https:\/\/www.acps-automotive.com\/en\/wp-json\/wp\/v2\/comments?post=25955"}],"version-history":[{"count":0,"href":"https:\/\/www.acps-automotive.com\/en\/wp-json\/wp\/v2\/pages\/25955\/revisions"}],"up":[{"embeddable":true,"href":"https:\/\/www.acps-automotive.com\/en\/wp-json\/wp\/v2\/pages\/25670"}],"wp:attachment":[{"href":"https:\/\/www.acps-automotive.com\/en\/wp-json\/wp\/v2\/media?parent=25955"}],"curies":[{"name":"wp","href":"https:\/\/api.w.org\/{rel}","templated":true}]}}